{"id":8061,"date":"2023-09-12T12:30:58","date_gmt":"2023-09-12T12:30:58","guid":{"rendered":"http:\/\/3.126.27.25\/?post_type=product&#038;p=8061"},"modified":"2024-07-26T12:21:25","modified_gmt":"2024-07-26T12:21:25","slug":"vita-min-plus-for-women","status":"publish","type":"product","link":"https:\/\/alcedrix.com\/sq\/shop\/vita-min-plus-for-women\/","title":{"rendered":"Vita-min plus\u00ae For Women"},"content":{"rendered":"<p><strong>Vita-min plus\u00ae For Women<\/strong> \u00ebsht\u00eb nj\u00eb p\u00ebrb\u00ebrje inovative, gjith\u00ebp\u00ebrfshir\u00ebse e vitaminave dhe mineraleve shum\u00eb t\u00eb absorbueshme, n\u00eb form\u00eb t\u00eb aminoacideve kelat Albion \u00ae, e cila ndihmon n\u00eb plot\u00ebsimin e nevojave t\u00eb organizmit t\u00eb gruas me mikronutrient\u00eb thelb\u00ebsor\u00eb, t\u00eb pasuruar me acid hialuronik, izoflavone t\u00eb soj\u00ebs, Dong. Quai xhensen dhe ekstraktit t\u00eb bishtit t\u00eb kalit.<\/p>\n<p>Vita-min plus\u00ae For Women p\u00ebrdor minerale kelate t\u00eb prodhuara nga lideri i tregut t\u00eb l\u00ebnd\u00ebve t\u00eb para farmaceutike kompania amerikane ALBION \u00ae, t\u00eb cilat jan\u00eb plot\u00ebsisht t\u00eb sigurta n\u00eb doz\u00eb, nuk irritojn\u00eb stomakun dhe gjithashtu nuk pengojn\u00eb p\u00ebrthithjen e mineraleve t\u00eb tjera.<\/p>\n<p>Hulumtimet shkencore kan\u00eb v\u00ebrtetuar se:<\/p>\n<p>Vitaminat dhe mineralet kan\u00eb nj\u00eb efekt pozitiv n\u00eb funksionimin e duhur t\u00eb shum\u00eb proceseve q\u00eb ndodhin n\u00eb trup, p.sh. bakri dhe vitamina B1 kontribuojn\u00eb n\u00eb funksionimin e duhur t\u00eb sistemit nervor.<\/p>\n<p>Ekstrakti i xhensenit Dong Quai merr pjes\u00eb n\u00eb ruajtjen e vitalitetit t\u00eb trupit duke forcuar sistemin imunitar, duke p\u00ebrmir\u00ebsuar funksionimin e sistemit t\u00eb qarkullimit t\u00eb gjakut, duke tonifikuar trupin, duke stimuluar performanc\u00ebn mendore si dhe duke rritur p\u00ebrshtatjen e trupit n\u00eb situata ekstreme dhe stresuese.<\/p>\n<p>Ekstrakti i bishtit t\u00eb kalit ka nj\u00eb efekt pozitiv n\u00eb dukjen e thonjve, flok\u00ebve dhe l\u00ebkur\u00ebs dhe mb\u00ebshtet funksionimin e duhur t\u00eb traktit urinar.<\/p>\n<p>Acidi hialuronik, nj\u00eb komponent strukturor dhe funksional i indit lidh\u00ebs, nj\u00eb biopolimer natyral, nj\u00eb komponent thelb\u00ebsor q\u00eb nd\u00ebrton matric\u00ebn jasht\u00ebqelizore t\u00eb derm\u00ebs.<\/p>\n<p>Ekstrakti i piperit t\u00eb zi mb\u00ebshtet tretjen dhe thithjen e l\u00ebnd\u00ebve ushqyese, k\u00ebshtu q\u00eb mund t\u00eb rris\u00eb efektivitetin e p\u00ebrb\u00ebr\u00ebsve t\u00eb tjer\u00eb bimor. P\u00ebrve\u00e7 k\u00ebsaj, ka veti antioksiduese dhe mb\u00ebshtet sistemin imunitar.<\/p>\n<p>Mbani mend!<\/p>\n<p>Kur zgjidhni nj\u00eb produkt me minerale, k\u00ebrkoni logon Albion\u00ae Minerals n\u00eb paketim &#8211; kjo \u00ebsht\u00eb nj\u00eb garanci e p\u00ebrthithjes dhe disponueshm\u00ebris\u00eb m\u00eb t\u00eb lart\u00eb t\u00eb mineraleve.<\/p>\n<p><strong>M\u00ebnyra e p\u00ebrdorimit:<\/strong> 1 kapsul\u00eb n\u00eb dit\u00eb. Konsumojeni me nj\u00eb sasi t\u00eb madhe uji.<\/p>","protected":false},"excerpt":{"rendered":"<p>Kompleks i vitaminave dedikuar gjinis\u00eb femrore.<\/p>","protected":false},"featured_media":8062,"template":"","meta":[],"product_cat":[102,96,104,101],"product_tag":[],"class_list":{"0":"post-8061","1":"product","2":"type-product","3":"status-publish","4":"has-post-thumbnail","6":"product_cat-lekura-dhe-floku","7":"product_cat-olimp","8":"product_cat-shtese-ushqimore","9":"product_cat-te-rritur","11":"first","12":"instock","13":"taxable","14":"shipping-taxable","15":"purchasable","16":"product-type-simple"},"yoast_head":"<!-- This site is optimized with the Yoast SEO plugin v23.6 - https:\/\/yoast.com\/wordpress\/plugins\/seo\/ -->\n<title>Vita-min plus\u00ae For Women - Alcedrix<\/title>\n<meta name=\"robots\" content=\"index, follow, max-snippet:-1, max-image-preview:large, max-video-preview:-1\" \/>\n<link rel=\"canonical\" href=\"http:\/\/alcedrix.com\/sq\/shop\/vita-min-plus-for-women\/\" \/>\n<meta property=\"og:locale\" content=\"sq_AL\" \/>\n<meta property=\"og:type\" content=\"article\" \/>\n<meta property=\"og:title\" content=\"Vita-min plus\u00ae For Women - Alcedrix\" \/>\n<meta property=\"og:description\" content=\"Kompleks i vitaminave dedikuar gjinis\u00eb femrore.\" \/>\n<meta property=\"og:url\" content=\"http:\/\/alcedrix.com\/sq\/shop\/vita-min-plus-for-women\/\" \/>\n<meta property=\"og:site_name\" content=\"Alcedrix\" \/>\n<meta property=\"article:publisher\" content=\"https:\/\/www.facebook.com\/alcedrix\" \/>\n<meta property=\"article:modified_time\" content=\"2024-07-26T12:21:25+00:00\" \/>\n<meta property=\"og:image\" content=\"http:\/\/alcedrix.com\/wp-content\/uploads\/2023\/09\/vitamin-plus-women.png\" \/>\n\t<meta property=\"og:image:width\" content=\"600\" \/>\n\t<meta property=\"og:image:height\" content=\"600\" \/>\n\t<meta property=\"og:image:type\" content=\"image\/png\" \/>\n<meta name=\"twitter:card\" content=\"summary_large_image\" \/>\n<meta name=\"twitter:label1\" content=\"Est. reading time\" \/>\n\t<meta name=\"twitter:data1\" content=\"2 minuta\" \/>\n<script type=\"application\/ld+json\" class=\"yoast-schema-graph\">{\"@context\":\"https:\/\/schema.org\",\"@graph\":[{\"@type\":\"WebPage\",\"@id\":\"http:\/\/alcedrix.com\/shop\/vita-min-plus-for-women\/\",\"url\":\"http:\/\/alcedrix.com\/shop\/vita-min-plus-for-women\/\",\"name\":\"Vita-min plus\u00ae For Women - Alcedrix\",\"isPartOf\":{\"@id\":\"http:\/\/alcedrix.com\/#website\"},\"primaryImageOfPage\":{\"@id\":\"http:\/\/alcedrix.com\/shop\/vita-min-plus-for-women\/#primaryimage\"},\"image\":{\"@id\":\"http:\/\/alcedrix.com\/shop\/vita-min-plus-for-women\/#primaryimage\"},\"thumbnailUrl\":\"https:\/\/alcedrix.com\/wp-content\/uploads\/2023\/09\/vitamin-plus-women.png\",\"datePublished\":\"2023-09-12T12:30:58+00:00\",\"dateModified\":\"2024-07-26T12:21:25+00:00\",\"breadcrumb\":{\"@id\":\"http:\/\/alcedrix.com\/shop\/vita-min-plus-for-women\/#breadcrumb\"},\"inLanguage\":\"sq\",\"potentialAction\":[{\"@type\":\"ReadAction\",\"target\":[\"http:\/\/alcedrix.com\/shop\/vita-min-plus-for-women\/\"]}]},{\"@type\":\"ImageObject\",\"inLanguage\":\"sq\",\"@id\":\"http:\/\/alcedrix.com\/shop\/vita-min-plus-for-women\/#primaryimage\",\"url\":\"https:\/\/alcedrix.com\/wp-content\/uploads\/2023\/09\/vitamin-plus-women.png\",\"contentUrl\":\"https:\/\/alcedrix.com\/wp-content\/uploads\/2023\/09\/vitamin-plus-women.png\",\"width\":600,\"height\":600},{\"@type\":\"BreadcrumbList\",\"@id\":\"http:\/\/alcedrix.com\/shop\/vita-min-plus-for-women\/#breadcrumb\",\"itemListElement\":[{\"@type\":\"ListItem\",\"position\":1,\"name\":\"Home\",\"item\":\"http:\/\/alcedrix.com\/\"},{\"@type\":\"ListItem\",\"position\":2,\"name\":\"Shop\",\"item\":\"http:\/\/alcedrix.com\/shop\/\"},{\"@type\":\"ListItem\",\"position\":3,\"name\":\"Vita-min plus\u00ae For Women\"}]},{\"@type\":\"WebSite\",\"@id\":\"http:\/\/alcedrix.com\/#website\",\"url\":\"http:\/\/alcedrix.com\/\",\"name\":\"Alcedrix\",\"description\":\"Alcedrix\",\"publisher\":{\"@id\":\"http:\/\/alcedrix.com\/#organization\"},\"potentialAction\":[{\"@type\":\"SearchAction\",\"target\":{\"@type\":\"EntryPoint\",\"urlTemplate\":\"http:\/\/alcedrix.com\/?s={search_term_string}\"},\"query-input\":{\"@type\":\"PropertyValueSpecification\",\"valueRequired\":true,\"valueName\":\"search_term_string\"}}],\"inLanguage\":\"sq\"},{\"@type\":\"Organization\",\"@id\":\"http:\/\/alcedrix.com\/#organization\",\"name\":\"Alcedrix\",\"url\":\"http:\/\/alcedrix.com\/\",\"logo\":{\"@type\":\"ImageObject\",\"inLanguage\":\"sq\",\"@id\":\"http:\/\/alcedrix.com\/#\/schema\/logo\/image\/\",\"url\":\"http:\/\/3.126.27.25\/wp-content\/uploads\/2023\/08\/logo-web.png\",\"contentUrl\":\"http:\/\/3.126.27.25\/wp-content\/uploads\/2023\/08\/logo-web.png\",\"width\":492,\"height\":93,\"caption\":\"Alcedrix\"},\"image\":{\"@id\":\"http:\/\/alcedrix.com\/#\/schema\/logo\/image\/\"},\"sameAs\":[\"https:\/\/www.facebook.com\/alcedrix\",\"https:\/\/www.instagram.com\/alcedrix\"]}]}<\/script>\n<!-- \/ Yoast SEO plugin. -->","yoast_head_json":{"title":"Vita-min plus\u00ae For Women - Alcedrix","robots":{"index":"index","follow":"follow","max-snippet":"max-snippet:-1","max-image-preview":"max-image-preview:large","max-video-preview":"max-video-preview:-1"},"canonical":"http:\/\/alcedrix.com\/sq\/shop\/vita-min-plus-for-women\/","og_locale":"sq_AL","og_type":"article","og_title":"Vita-min plus\u00ae For Women - Alcedrix","og_description":"Kompleks i vitaminave dedikuar gjinis\u00eb femrore.","og_url":"http:\/\/alcedrix.com\/sq\/shop\/vita-min-plus-for-women\/","og_site_name":"Alcedrix","article_publisher":"https:\/\/www.facebook.com\/alcedrix","article_modified_time":"2024-07-26T12:21:25+00:00","og_image":[{"width":600,"height":600,"url":"http:\/\/alcedrix.com\/wp-content\/uploads\/2023\/09\/vitamin-plus-women.png","type":"image\/png"}],"twitter_card":"summary_large_image","twitter_misc":{"Est. reading time":"2 minuta"},"schema":{"@context":"https:\/\/schema.org","@graph":[{"@type":"WebPage","@id":"http:\/\/alcedrix.com\/shop\/vita-min-plus-for-women\/","url":"http:\/\/alcedrix.com\/shop\/vita-min-plus-for-women\/","name":"Vita-min plus\u00ae For Women - Alcedrix","isPartOf":{"@id":"http:\/\/alcedrix.com\/#website"},"primaryImageOfPage":{"@id":"http:\/\/alcedrix.com\/shop\/vita-min-plus-for-women\/#primaryimage"},"image":{"@id":"http:\/\/alcedrix.com\/shop\/vita-min-plus-for-women\/#primaryimage"},"thumbnailUrl":"https:\/\/alcedrix.com\/wp-content\/uploads\/2023\/09\/vitamin-plus-women.png","datePublished":"2023-09-12T12:30:58+00:00","dateModified":"2024-07-26T12:21:25+00:00","breadcrumb":{"@id":"http:\/\/alcedrix.com\/shop\/vita-min-plus-for-women\/#breadcrumb"},"inLanguage":"sq","potentialAction":[{"@type":"ReadAction","target":["http:\/\/alcedrix.com\/shop\/vita-min-plus-for-women\/"]}]},{"@type":"ImageObject","inLanguage":"sq","@id":"http:\/\/alcedrix.com\/shop\/vita-min-plus-for-women\/#primaryimage","url":"https:\/\/alcedrix.com\/wp-content\/uploads\/2023\/09\/vitamin-plus-women.png","contentUrl":"https:\/\/alcedrix.com\/wp-content\/uploads\/2023\/09\/vitamin-plus-women.png","width":600,"height":600},{"@type":"BreadcrumbList","@id":"http:\/\/alcedrix.com\/shop\/vita-min-plus-for-women\/#breadcrumb","itemListElement":[{"@type":"ListItem","position":1,"name":"Home","item":"http:\/\/alcedrix.com\/"},{"@type":"ListItem","position":2,"name":"Shop","item":"http:\/\/alcedrix.com\/shop\/"},{"@type":"ListItem","position":3,"name":"Vita-min plus\u00ae For Women"}]},{"@type":"WebSite","@id":"http:\/\/alcedrix.com\/#website","url":"http:\/\/alcedrix.com\/","name":"Alcedrix","description":"Alcedrix","publisher":{"@id":"http:\/\/alcedrix.com\/#organization"},"potentialAction":[{"@type":"SearchAction","target":{"@type":"EntryPoint","urlTemplate":"http:\/\/alcedrix.com\/?s={search_term_string}"},"query-input":{"@type":"PropertyValueSpecification","valueRequired":true,"valueName":"search_term_string"}}],"inLanguage":"sq"},{"@type":"Organization","@id":"http:\/\/alcedrix.com\/#organization","name":"Alcedrix","url":"http:\/\/alcedrix.com\/","logo":{"@type":"ImageObject","inLanguage":"sq","@id":"http:\/\/alcedrix.com\/#\/schema\/logo\/image\/","url":"http:\/\/3.126.27.25\/wp-content\/uploads\/2023\/08\/logo-web.png","contentUrl":"http:\/\/3.126.27.25\/wp-content\/uploads\/2023\/08\/logo-web.png","width":492,"height":93,"caption":"Alcedrix"},"image":{"@id":"http:\/\/alcedrix.com\/#\/schema\/logo\/image\/"},"sameAs":["https:\/\/www.facebook.com\/alcedrix","https:\/\/www.instagram.com\/alcedrix"]}]}},"_links":{"self":[{"href":"https:\/\/alcedrix.com\/sq\/wp-json\/wp\/v2\/product\/8061"}],"collection":[{"href":"https:\/\/alcedrix.com\/sq\/wp-json\/wp\/v2\/product"}],"about":[{"href":"https:\/\/alcedrix.com\/sq\/wp-json\/wp\/v2\/types\/product"}],"version-history":[{"count":1,"href":"https:\/\/alcedrix.com\/sq\/wp-json\/wp\/v2\/product\/8061\/revisions"}],"predecessor-version":[{"id":9376,"href":"https:\/\/alcedrix.com\/sq\/wp-json\/wp\/v2\/product\/8061\/revisions\/9376"}],"wp:featuredmedia":[{"embeddable":true,"href":"https:\/\/alcedrix.com\/sq\/wp-json\/wp\/v2\/media\/8062"}],"wp:attachment":[{"href":"https:\/\/alcedrix.com\/sq\/wp-json\/wp\/v2\/media?parent=8061"}],"wp:term":[{"taxonomy":"product_cat","embeddable":true,"href":"https:\/\/alcedrix.com\/sq\/wp-json\/wp\/v2\/product_cat?post=8061"},{"taxonomy":"product_tag","embeddable":true,"href":"https:\/\/alcedrix.com\/sq\/wp-json\/wp\/v2\/product_tag?post=8061"}],"curies":[{"name":"wp","href":"https:\/\/api.w.org\/{rel}","templated":true}]}}