{"id":8055,"date":"2023-09-12T12:12:33","date_gmt":"2023-09-12T12:12:33","guid":{"rendered":"http:\/\/3.126.27.25\/?post_type=product&#038;p=8055"},"modified":"2024-07-26T12:27:06","modified_gmt":"2024-07-26T12:27:06","slug":"testomag-ashwagandha-extract-30-tbl","status":"publish","type":"product","link":"https:\/\/alcedrix.com\/sq\/shop\/testomag-ashwagandha-extract-30-tbl\/","title":{"rendered":"Testomag\u00ae Ashwagandha Extract"},"content":{"rendered":"<p><strong>Testomag\u00ae<\/strong> \u00ebsht\u00eb produkt inovativ me magnez, i dizajnuar p\u00ebr meshkuj, i pasuruar me p\u00ebrb\u00ebr\u00ebs q\u00eb mb\u00ebshtet funksionimin e duhur t\u00eb trupit t\u00eb meshkujve, zink, selen, vitamin\u00eb B6 dhe ekstrakt Ashwagandha KSM-66.<\/p>\n<p>Magnezi ndihmon n\u00eb funksionimin e duhur t\u00eb muskujve dhe sintez\u00ebn e proteinave. Ashtu si vitamina B6 merr pjes\u00eb n\u00eb mir\u00ebmbajtjen e kockave dhe dh\u00ebmb\u00ebve t\u00eb sh\u00ebndetsh\u00ebm dhe \u00ebsht\u00eb i p\u00ebrfshir\u00eb n\u00eb ruajtjen e ekuilibrit t\u00eb elektroliteve. Zinku ndihmon n\u00eb ruajtjen e nivelit t\u00eb duhur t\u00eb testosteronit n\u00eb gjak. Seleni kontribuon n\u00eb p\u00ebrparimin e duhur t\u00eb procesit t\u00eb spermatogjenez\u00ebs. Ekstrakti Ashwagandha me cil\u00ebsi t\u00eb lart\u00eb KSM-66 mb\u00ebshtet funksionin seksual mashkullor dhe ndihmon n\u00eb ruajtjen e l\u00ebvizshm\u00ebris\u00eb s\u00eb sperm\u00ebs dhe num\u00ebrimit t\u00eb sperm\u00ebs. Ashwagandha kontribuon n\u00eb rezistenc\u00ebn e trupit ndaj stresit dhe gjithashtu ndihmon p\u00ebr t\u2019ju b\u00ebr\u00eb t\u00eb ndiheni m\u00eb energjik.<\/p>\n<p><strong>M\u00ebnyra e p\u00ebrdorimit:<\/strong> 1 tablet\u00eb n\u00eb dit\u00eb pas vaktit<\/p>","protected":false},"excerpt":{"rendered":"<p>Produkt me p\u00ebrmbatjtje t\u00eb magnezit, i dedikuar p\u00ebr meshkuj.<\/p>","protected":false},"featured_media":8056,"template":"","meta":[],"product_cat":[109,119,96,104,101],"product_tag":[],"class_list":{"0":"post-8055","1":"product","2":"type-product","3":"status-publish","4":"has-post-thumbnail","6":"product_cat-mbrojtje","7":"product_cat-muskuj","8":"product_cat-olimp","9":"product_cat-shtese-ushqimore","10":"product_cat-te-rritur","12":"first","13":"instock","14":"taxable","15":"shipping-taxable","16":"purchasable","17":"product-type-simple"},"yoast_head":"<!-- This site is optimized with the Yoast SEO plugin v23.6 - https:\/\/yoast.com\/wordpress\/plugins\/seo\/ -->\n<title>Testomag\u00ae Ashwagandha Extract - Alcedrix<\/title>\n<meta name=\"robots\" content=\"index, follow, max-snippet:-1, max-image-preview:large, max-video-preview:-1\" \/>\n<link rel=\"canonical\" href=\"http:\/\/alcedrix.com\/sq\/shop\/testomag-ashwagandha-extract-30-tbl\/\" \/>\n<meta property=\"og:locale\" content=\"sq_AL\" \/>\n<meta property=\"og:type\" content=\"article\" \/>\n<meta property=\"og:title\" content=\"Testomag\u00ae Ashwagandha Extract - Alcedrix\" \/>\n<meta property=\"og:description\" content=\"Produkt me p\u00ebrmbatjtje t\u00eb magnezit, i dedikuar p\u00ebr meshkuj.\" \/>\n<meta property=\"og:url\" content=\"http:\/\/alcedrix.com\/sq\/shop\/testomag-ashwagandha-extract-30-tbl\/\" \/>\n<meta property=\"og:site_name\" content=\"Alcedrix\" \/>\n<meta property=\"article:publisher\" content=\"https:\/\/www.facebook.com\/alcedrix\" \/>\n<meta property=\"article:modified_time\" content=\"2024-07-26T12:27:06+00:00\" \/>\n<meta property=\"og:image\" content=\"http:\/\/alcedrix.com\/wp-content\/uploads\/2023\/09\/testomag.png\" \/>\n\t<meta property=\"og:image:width\" content=\"600\" \/>\n\t<meta property=\"og:image:height\" content=\"600\" \/>\n\t<meta property=\"og:image:type\" content=\"image\/png\" \/>\n<meta name=\"twitter:card\" content=\"summary_large_image\" \/>\n<meta name=\"twitter:label1\" content=\"Est. reading time\" \/>\n\t<meta name=\"twitter:data1\" content=\"1 minut\u00eb\" \/>\n<script type=\"application\/ld+json\" class=\"yoast-schema-graph\">{\"@context\":\"https:\/\/schema.org\",\"@graph\":[{\"@type\":\"WebPage\",\"@id\":\"http:\/\/alcedrix.com\/shop\/testomag-ashwagandha-extract-30-tbl\/\",\"url\":\"http:\/\/alcedrix.com\/shop\/testomag-ashwagandha-extract-30-tbl\/\",\"name\":\"Testomag\u00ae Ashwagandha Extract - Alcedrix\",\"isPartOf\":{\"@id\":\"https:\/\/alcedrix.com\/#website\"},\"primaryImageOfPage\":{\"@id\":\"http:\/\/alcedrix.com\/shop\/testomag-ashwagandha-extract-30-tbl\/#primaryimage\"},\"image\":{\"@id\":\"http:\/\/alcedrix.com\/shop\/testomag-ashwagandha-extract-30-tbl\/#primaryimage\"},\"thumbnailUrl\":\"https:\/\/alcedrix.com\/wp-content\/uploads\/2023\/09\/testomag.png\",\"datePublished\":\"2023-09-12T12:12:33+00:00\",\"dateModified\":\"2024-07-26T12:27:06+00:00\",\"breadcrumb\":{\"@id\":\"http:\/\/alcedrix.com\/shop\/testomag-ashwagandha-extract-30-tbl\/#breadcrumb\"},\"inLanguage\":\"sq\",\"potentialAction\":[{\"@type\":\"ReadAction\",\"target\":[\"http:\/\/alcedrix.com\/shop\/testomag-ashwagandha-extract-30-tbl\/\"]}]},{\"@type\":\"ImageObject\",\"inLanguage\":\"sq\",\"@id\":\"http:\/\/alcedrix.com\/shop\/testomag-ashwagandha-extract-30-tbl\/#primaryimage\",\"url\":\"https:\/\/alcedrix.com\/wp-content\/uploads\/2023\/09\/testomag.png\",\"contentUrl\":\"https:\/\/alcedrix.com\/wp-content\/uploads\/2023\/09\/testomag.png\",\"width\":600,\"height\":600},{\"@type\":\"BreadcrumbList\",\"@id\":\"http:\/\/alcedrix.com\/shop\/testomag-ashwagandha-extract-30-tbl\/#breadcrumb\",\"itemListElement\":[{\"@type\":\"ListItem\",\"position\":1,\"name\":\"Home\",\"item\":\"https:\/\/alcedrix.com\/\"},{\"@type\":\"ListItem\",\"position\":2,\"name\":\"Shop\",\"item\":\"https:\/\/alcedrix.com\/shop\/\"},{\"@type\":\"ListItem\",\"position\":3,\"name\":\"Testomag\u00ae Ashwagandha Extract\"}]},{\"@type\":\"WebSite\",\"@id\":\"https:\/\/alcedrix.com\/#website\",\"url\":\"https:\/\/alcedrix.com\/\",\"name\":\"Alcedrix\",\"description\":\"Alcedrix\",\"publisher\":{\"@id\":\"https:\/\/alcedrix.com\/#organization\"},\"potentialAction\":[{\"@type\":\"SearchAction\",\"target\":{\"@type\":\"EntryPoint\",\"urlTemplate\":\"https:\/\/alcedrix.com\/?s={search_term_string}\"},\"query-input\":{\"@type\":\"PropertyValueSpecification\",\"valueRequired\":true,\"valueName\":\"search_term_string\"}}],\"inLanguage\":\"sq\"},{\"@type\":\"Organization\",\"@id\":\"https:\/\/alcedrix.com\/#organization\",\"name\":\"Alcedrix\",\"url\":\"https:\/\/alcedrix.com\/\",\"logo\":{\"@type\":\"ImageObject\",\"inLanguage\":\"sq\",\"@id\":\"https:\/\/alcedrix.com\/#\/schema\/logo\/image\/\",\"url\":\"http:\/\/3.126.27.25\/wp-content\/uploads\/2023\/08\/logo-web.png\",\"contentUrl\":\"http:\/\/3.126.27.25\/wp-content\/uploads\/2023\/08\/logo-web.png\",\"width\":492,\"height\":93,\"caption\":\"Alcedrix\"},\"image\":{\"@id\":\"https:\/\/alcedrix.com\/#\/schema\/logo\/image\/\"},\"sameAs\":[\"https:\/\/www.facebook.com\/alcedrix\",\"https:\/\/www.instagram.com\/alcedrix\"]}]}<\/script>\n<!-- \/ Yoast SEO plugin. -->","yoast_head_json":{"title":"Testomag\u00ae Ashwagandha Extract - Alcedrix","robots":{"index":"index","follow":"follow","max-snippet":"max-snippet:-1","max-image-preview":"max-image-preview:large","max-video-preview":"max-video-preview:-1"},"canonical":"http:\/\/alcedrix.com\/sq\/shop\/testomag-ashwagandha-extract-30-tbl\/","og_locale":"sq_AL","og_type":"article","og_title":"Testomag\u00ae Ashwagandha Extract - Alcedrix","og_description":"Produkt me p\u00ebrmbatjtje t\u00eb magnezit, i dedikuar p\u00ebr meshkuj.","og_url":"http:\/\/alcedrix.com\/sq\/shop\/testomag-ashwagandha-extract-30-tbl\/","og_site_name":"Alcedrix","article_publisher":"https:\/\/www.facebook.com\/alcedrix","article_modified_time":"2024-07-26T12:27:06+00:00","og_image":[{"width":600,"height":600,"url":"http:\/\/alcedrix.com\/wp-content\/uploads\/2023\/09\/testomag.png","type":"image\/png"}],"twitter_card":"summary_large_image","twitter_misc":{"Est. reading time":"1 minut\u00eb"},"schema":{"@context":"https:\/\/schema.org","@graph":[{"@type":"WebPage","@id":"http:\/\/alcedrix.com\/shop\/testomag-ashwagandha-extract-30-tbl\/","url":"http:\/\/alcedrix.com\/shop\/testomag-ashwagandha-extract-30-tbl\/","name":"Testomag\u00ae Ashwagandha Extract - Alcedrix","isPartOf":{"@id":"https:\/\/alcedrix.com\/#website"},"primaryImageOfPage":{"@id":"http:\/\/alcedrix.com\/shop\/testomag-ashwagandha-extract-30-tbl\/#primaryimage"},"image":{"@id":"http:\/\/alcedrix.com\/shop\/testomag-ashwagandha-extract-30-tbl\/#primaryimage"},"thumbnailUrl":"https:\/\/alcedrix.com\/wp-content\/uploads\/2023\/09\/testomag.png","datePublished":"2023-09-12T12:12:33+00:00","dateModified":"2024-07-26T12:27:06+00:00","breadcrumb":{"@id":"http:\/\/alcedrix.com\/shop\/testomag-ashwagandha-extract-30-tbl\/#breadcrumb"},"inLanguage":"sq","potentialAction":[{"@type":"ReadAction","target":["http:\/\/alcedrix.com\/shop\/testomag-ashwagandha-extract-30-tbl\/"]}]},{"@type":"ImageObject","inLanguage":"sq","@id":"http:\/\/alcedrix.com\/shop\/testomag-ashwagandha-extract-30-tbl\/#primaryimage","url":"https:\/\/alcedrix.com\/wp-content\/uploads\/2023\/09\/testomag.png","contentUrl":"https:\/\/alcedrix.com\/wp-content\/uploads\/2023\/09\/testomag.png","width":600,"height":600},{"@type":"BreadcrumbList","@id":"http:\/\/alcedrix.com\/shop\/testomag-ashwagandha-extract-30-tbl\/#breadcrumb","itemListElement":[{"@type":"ListItem","position":1,"name":"Home","item":"https:\/\/alcedrix.com\/"},{"@type":"ListItem","position":2,"name":"Shop","item":"https:\/\/alcedrix.com\/shop\/"},{"@type":"ListItem","position":3,"name":"Testomag\u00ae Ashwagandha Extract"}]},{"@type":"WebSite","@id":"https:\/\/alcedrix.com\/#website","url":"https:\/\/alcedrix.com\/","name":"Alcedrix","description":"Alcedrix","publisher":{"@id":"https:\/\/alcedrix.com\/#organization"},"potentialAction":[{"@type":"SearchAction","target":{"@type":"EntryPoint","urlTemplate":"https:\/\/alcedrix.com\/?s={search_term_string}"},"query-input":{"@type":"PropertyValueSpecification","valueRequired":true,"valueName":"search_term_string"}}],"inLanguage":"sq"},{"@type":"Organization","@id":"https:\/\/alcedrix.com\/#organization","name":"Alcedrix","url":"https:\/\/alcedrix.com\/","logo":{"@type":"ImageObject","inLanguage":"sq","@id":"https:\/\/alcedrix.com\/#\/schema\/logo\/image\/","url":"http:\/\/3.126.27.25\/wp-content\/uploads\/2023\/08\/logo-web.png","contentUrl":"http:\/\/3.126.27.25\/wp-content\/uploads\/2023\/08\/logo-web.png","width":492,"height":93,"caption":"Alcedrix"},"image":{"@id":"https:\/\/alcedrix.com\/#\/schema\/logo\/image\/"},"sameAs":["https:\/\/www.facebook.com\/alcedrix","https:\/\/www.instagram.com\/alcedrix"]}]}},"_links":{"self":[{"href":"https:\/\/alcedrix.com\/sq\/wp-json\/wp\/v2\/product\/8055"}],"collection":[{"href":"https:\/\/alcedrix.com\/sq\/wp-json\/wp\/v2\/product"}],"about":[{"href":"https:\/\/alcedrix.com\/sq\/wp-json\/wp\/v2\/types\/product"}],"version-history":[{"count":1,"href":"https:\/\/alcedrix.com\/sq\/wp-json\/wp\/v2\/product\/8055\/revisions"}],"predecessor-version":[{"id":9378,"href":"https:\/\/alcedrix.com\/sq\/wp-json\/wp\/v2\/product\/8055\/revisions\/9378"}],"wp:featuredmedia":[{"embeddable":true,"href":"https:\/\/alcedrix.com\/sq\/wp-json\/wp\/v2\/media\/8056"}],"wp:attachment":[{"href":"https:\/\/alcedrix.com\/sq\/wp-json\/wp\/v2\/media?parent=8055"}],"wp:term":[{"taxonomy":"product_cat","embeddable":true,"href":"https:\/\/alcedrix.com\/sq\/wp-json\/wp\/v2\/product_cat?post=8055"},{"taxonomy":"product_tag","embeddable":true,"href":"https:\/\/alcedrix.com\/sq\/wp-json\/wp\/v2\/product_tag?post=8055"}],"curies":[{"name":"wp","href":"https:\/\/api.w.org\/{rel}","templated":true}]}}