{"id":8053,"date":"2023-09-12T12:09:10","date_gmt":"2023-09-12T12:09:10","guid":{"rendered":"http:\/\/3.126.27.25\/?post_type=product&#038;p=8053"},"modified":"2024-07-26T12:28:29","modified_gmt":"2024-07-26T12:28:29","slug":"redukac-easy","status":"publish","type":"product","link":"https:\/\/alcedrix.com\/sq\/shop\/redukac-easy\/","title":{"rendered":"ReduKAC\u2122 Easy"},"content":{"rendered":"<p><strong>RedKAC Easy<\/strong> p\u00ebrmban nj\u00eb p\u00ebrzierje t\u00eb elektroliteve (magnez, kalium, natrium), vitamina B (tiamin\u00eb, riboflavin\u00eb, niacin\u00eb, vitamin\u00eb B6, vitamin\u00eb B12, acid pantotenik), vitamin\u00eb C, zink, glukoz\u00eb dhe fruktoz\u00eb.<br \/>\nVitaminat (vitamina C, riboflavina, vitamina B6, vitamina B12, niacina, acidi pantotenik) dhe magnezi kontribuojn\u00eb n\u00eb reduktimin e lodhjes dhe plog\u00ebshtis\u00eb.<br \/>\nNiacina, vitamina B6 dhe vitamina C ndihmojn\u00eb n\u00eb ruajtjen e funksioneve t\u00eb duhura psikologjike dhe n\u00eb funksionimin e duhur t\u00eb sistemit nervor, nd\u00ebrsa acidi pantotenik ndihmon n\u00eb ruajtjen e performanc\u00ebs mendore n\u00eb nivelin e duhur.<\/p>\n<p>P\u00ebrve\u00e7 k\u00ebsaj, vitamina C ndihmon edhe n\u00eb ruajtjen e metabolizmit t\u00eb duhur t\u00eb energjis\u00eb dhe s\u00eb bashku me zinkun, kontribuojn\u00eb n\u00eb funksionimin e duhur t\u00eb sistemit imunitar dhe mbrojtjen e qelizave nga stresi oksidativ.<\/p>\n<p>ReduKAC easy ndihmon n\u00eb plot\u00ebsimin e mineraleve (magnez, kalium, natrium, zink), vitaminave B (tiamin\u00eb, riboflavin\u00eb, niacin\u00eb, vitamin\u00eb B6, vitamin\u00eb B12, acid pantotenik) dhe vitamin\u00eb C, duke siguruar gjithashtu glukoz\u00eb dhe fruktoz\u00eb. Rekomandohet ve\u00e7an\u00ebrisht p\u00ebr personat e ekspozuar ndaj lodhjes, si dhe pas konsumimit t\u00eb alkoolit.<\/p>\n<p>K\u00ebrkimet tregojn\u00eb se konsumi i alkoolit mund t\u00eb \u00e7oj\u00eb n\u00eb nivele m\u00eb t\u00eb ul\u00ebta t\u00eb ujit, elektroliteve (ve\u00e7an\u00ebrisht magnezit dhe natriumit), glukoz\u00ebs, zinkut dhe vitaminave B n\u00eb trup (Clin Nephrol. 1998 Apr; 49(4):205-13 Diabetes Care 2001 N\u00ebntor;24(11):1888-1893, Alcohol Alert Nr. 22-1993). Nivelet e ul\u00ebta t\u00eb ujit n\u00eb trup mund t\u00eb shkaktojn\u00eb marramendje. Nivelet e ul\u00ebta t\u00eb glukoz\u00ebs mund t\u00eb shkaktojn\u00eb lodhje dhe plog\u00ebshti. K\u00ebto jan\u00eb disa nga simptomat e ndjenj\u00ebs s\u00eb keqe pas pirjes s\u00eb tep\u00ebrt t\u00eb alkoolit.<\/p>\n<p><strong>M\u00ebnyra e p\u00ebrdorimit:<\/strong> 1 qese n\u00eb dit\u00eb. P\u00ebrmbajtja e qes\u00ebs duhet t\u00eb tretet n\u00eb 400 ml uj\u00eb. P\u00ebr shkak t\u00eb p\u00ebrb\u00ebr\u00ebsve t\u00eb p\u00ebrdorur, fillimisht mund t\u00eb formohen gunga, p\u00ebrziejeni fort derisa t\u00eb treten plot\u00ebsisht. Konsumojeni menj\u00ebher\u00eb pas p\u00ebrgatitjes. Mos e tejkaloni doz\u00ebn e rekomanduar p\u00ebr konsum gjat\u00eb dit\u00ebs.<\/p>","protected":false},"excerpt":{"rendered":"<p>\u2026dhe s\u00ebrish je n\u00eb loj\u00eb.<\/p>","protected":false},"featured_media":8054,"template":"","meta":[],"product_cat":[115,117,116,106,96,104,101],"product_tag":[128],"class_list":{"0":"post-8053","1":"product","2":"type-product","3":"status-publish","4":"has-post-thumbnail","6":"product_cat-energji","7":"product_cat-hidratim","8":"product_cat-koncentrim","9":"product_cat-mireqenie-mendore-dhe-fizike","10":"product_cat-olimp","11":"product_cat-shtese-ushqimore","12":"product_cat-te-rritur","13":"product_tag-new1","15":"first","16":"instock","17":"taxable","18":"shipping-taxable","19":"purchasable","20":"product-type-simple"},"yoast_head":"<!-- This site is optimized with the Yoast SEO plugin v23.6 - https:\/\/yoast.com\/wordpress\/plugins\/seo\/ -->\n<title>ReduKAC\u2122 Easy - Alcedrix<\/title>\n<meta name=\"robots\" content=\"index, follow, max-snippet:-1, max-image-preview:large, max-video-preview:-1\" \/>\n<link rel=\"canonical\" href=\"http:\/\/alcedrix.com\/sq\/shop\/redukac-easy\/\" \/>\n<meta property=\"og:locale\" content=\"sq_AL\" \/>\n<meta property=\"og:type\" content=\"article\" \/>\n<meta property=\"og:title\" content=\"ReduKAC\u2122 Easy - Alcedrix\" \/>\n<meta property=\"og:description\" content=\"\u2026dhe s\u00ebrish je n\u00eb loj\u00eb.\" \/>\n<meta property=\"og:url\" content=\"http:\/\/alcedrix.com\/sq\/shop\/redukac-easy\/\" \/>\n<meta property=\"og:site_name\" content=\"Alcedrix\" \/>\n<meta property=\"article:publisher\" content=\"https:\/\/www.facebook.com\/alcedrix\" \/>\n<meta property=\"article:modified_time\" content=\"2024-07-26T12:28:29+00:00\" \/>\n<meta property=\"og:image\" content=\"http:\/\/alcedrix.com\/wp-content\/uploads\/2023\/09\/redukac-easy.png\" \/>\n\t<meta property=\"og:image:width\" content=\"600\" \/>\n\t<meta property=\"og:image:height\" content=\"600\" \/>\n\t<meta property=\"og:image:type\" content=\"image\/png\" \/>\n<meta name=\"twitter:card\" content=\"summary_large_image\" \/>\n<meta name=\"twitter:label1\" content=\"Est. reading time\" \/>\n\t<meta name=\"twitter:data1\" content=\"2 minuta\" \/>\n<script type=\"application\/ld+json\" class=\"yoast-schema-graph\">{\"@context\":\"https:\/\/schema.org\",\"@graph\":[{\"@type\":\"WebPage\",\"@id\":\"http:\/\/alcedrix.com\/shop\/redukac-easy\/\",\"url\":\"http:\/\/alcedrix.com\/shop\/redukac-easy\/\",\"name\":\"ReduKAC\u2122 Easy - Alcedrix\",\"isPartOf\":{\"@id\":\"https:\/\/alcedrix.com\/#website\"},\"primaryImageOfPage\":{\"@id\":\"http:\/\/alcedrix.com\/shop\/redukac-easy\/#primaryimage\"},\"image\":{\"@id\":\"http:\/\/alcedrix.com\/shop\/redukac-easy\/#primaryimage\"},\"thumbnailUrl\":\"https:\/\/alcedrix.com\/wp-content\/uploads\/2023\/09\/redukac-easy.png\",\"datePublished\":\"2023-09-12T12:09:10+00:00\",\"dateModified\":\"2024-07-26T12:28:29+00:00\",\"breadcrumb\":{\"@id\":\"http:\/\/alcedrix.com\/shop\/redukac-easy\/#breadcrumb\"},\"inLanguage\":\"sq\",\"potentialAction\":[{\"@type\":\"ReadAction\",\"target\":[\"http:\/\/alcedrix.com\/shop\/redukac-easy\/\"]}]},{\"@type\":\"ImageObject\",\"inLanguage\":\"sq\",\"@id\":\"http:\/\/alcedrix.com\/shop\/redukac-easy\/#primaryimage\",\"url\":\"https:\/\/alcedrix.com\/wp-content\/uploads\/2023\/09\/redukac-easy.png\",\"contentUrl\":\"https:\/\/alcedrix.com\/wp-content\/uploads\/2023\/09\/redukac-easy.png\",\"width\":600,\"height\":600},{\"@type\":\"BreadcrumbList\",\"@id\":\"http:\/\/alcedrix.com\/shop\/redukac-easy\/#breadcrumb\",\"itemListElement\":[{\"@type\":\"ListItem\",\"position\":1,\"name\":\"Home\",\"item\":\"https:\/\/alcedrix.com\/\"},{\"@type\":\"ListItem\",\"position\":2,\"name\":\"Shop\",\"item\":\"https:\/\/alcedrix.com\/shop\/\"},{\"@type\":\"ListItem\",\"position\":3,\"name\":\"ReduKAC\u2122 Easy\"}]},{\"@type\":\"WebSite\",\"@id\":\"https:\/\/alcedrix.com\/#website\",\"url\":\"https:\/\/alcedrix.com\/\",\"name\":\"Alcedrix\",\"description\":\"Alcedrix\",\"publisher\":{\"@id\":\"https:\/\/alcedrix.com\/#organization\"},\"potentialAction\":[{\"@type\":\"SearchAction\",\"target\":{\"@type\":\"EntryPoint\",\"urlTemplate\":\"https:\/\/alcedrix.com\/?s={search_term_string}\"},\"query-input\":{\"@type\":\"PropertyValueSpecification\",\"valueRequired\":true,\"valueName\":\"search_term_string\"}}],\"inLanguage\":\"sq\"},{\"@type\":\"Organization\",\"@id\":\"https:\/\/alcedrix.com\/#organization\",\"name\":\"Alcedrix\",\"url\":\"https:\/\/alcedrix.com\/\",\"logo\":{\"@type\":\"ImageObject\",\"inLanguage\":\"sq\",\"@id\":\"https:\/\/alcedrix.com\/#\/schema\/logo\/image\/\",\"url\":\"http:\/\/3.126.27.25\/wp-content\/uploads\/2023\/08\/logo-web.png\",\"contentUrl\":\"http:\/\/3.126.27.25\/wp-content\/uploads\/2023\/08\/logo-web.png\",\"width\":492,\"height\":93,\"caption\":\"Alcedrix\"},\"image\":{\"@id\":\"https:\/\/alcedrix.com\/#\/schema\/logo\/image\/\"},\"sameAs\":[\"https:\/\/www.facebook.com\/alcedrix\",\"https:\/\/www.instagram.com\/alcedrix\"]}]}<\/script>\n<!-- \/ Yoast SEO plugin. -->","yoast_head_json":{"title":"ReduKAC\u2122 Easy - Alcedrix","robots":{"index":"index","follow":"follow","max-snippet":"max-snippet:-1","max-image-preview":"max-image-preview:large","max-video-preview":"max-video-preview:-1"},"canonical":"http:\/\/alcedrix.com\/sq\/shop\/redukac-easy\/","og_locale":"sq_AL","og_type":"article","og_title":"ReduKAC\u2122 Easy - Alcedrix","og_description":"\u2026dhe s\u00ebrish je n\u00eb loj\u00eb.","og_url":"http:\/\/alcedrix.com\/sq\/shop\/redukac-easy\/","og_site_name":"Alcedrix","article_publisher":"https:\/\/www.facebook.com\/alcedrix","article_modified_time":"2024-07-26T12:28:29+00:00","og_image":[{"width":600,"height":600,"url":"http:\/\/alcedrix.com\/wp-content\/uploads\/2023\/09\/redukac-easy.png","type":"image\/png"}],"twitter_card":"summary_large_image","twitter_misc":{"Est. reading time":"2 minuta"},"schema":{"@context":"https:\/\/schema.org","@graph":[{"@type":"WebPage","@id":"http:\/\/alcedrix.com\/shop\/redukac-easy\/","url":"http:\/\/alcedrix.com\/shop\/redukac-easy\/","name":"ReduKAC\u2122 Easy - Alcedrix","isPartOf":{"@id":"https:\/\/alcedrix.com\/#website"},"primaryImageOfPage":{"@id":"http:\/\/alcedrix.com\/shop\/redukac-easy\/#primaryimage"},"image":{"@id":"http:\/\/alcedrix.com\/shop\/redukac-easy\/#primaryimage"},"thumbnailUrl":"https:\/\/alcedrix.com\/wp-content\/uploads\/2023\/09\/redukac-easy.png","datePublished":"2023-09-12T12:09:10+00:00","dateModified":"2024-07-26T12:28:29+00:00","breadcrumb":{"@id":"http:\/\/alcedrix.com\/shop\/redukac-easy\/#breadcrumb"},"inLanguage":"sq","potentialAction":[{"@type":"ReadAction","target":["http:\/\/alcedrix.com\/shop\/redukac-easy\/"]}]},{"@type":"ImageObject","inLanguage":"sq","@id":"http:\/\/alcedrix.com\/shop\/redukac-easy\/#primaryimage","url":"https:\/\/alcedrix.com\/wp-content\/uploads\/2023\/09\/redukac-easy.png","contentUrl":"https:\/\/alcedrix.com\/wp-content\/uploads\/2023\/09\/redukac-easy.png","width":600,"height":600},{"@type":"BreadcrumbList","@id":"http:\/\/alcedrix.com\/shop\/redukac-easy\/#breadcrumb","itemListElement":[{"@type":"ListItem","position":1,"name":"Home","item":"https:\/\/alcedrix.com\/"},{"@type":"ListItem","position":2,"name":"Shop","item":"https:\/\/alcedrix.com\/shop\/"},{"@type":"ListItem","position":3,"name":"ReduKAC\u2122 Easy"}]},{"@type":"WebSite","@id":"https:\/\/alcedrix.com\/#website","url":"https:\/\/alcedrix.com\/","name":"Alcedrix","description":"Alcedrix","publisher":{"@id":"https:\/\/alcedrix.com\/#organization"},"potentialAction":[{"@type":"SearchAction","target":{"@type":"EntryPoint","urlTemplate":"https:\/\/alcedrix.com\/?s={search_term_string}"},"query-input":{"@type":"PropertyValueSpecification","valueRequired":true,"valueName":"search_term_string"}}],"inLanguage":"sq"},{"@type":"Organization","@id":"https:\/\/alcedrix.com\/#organization","name":"Alcedrix","url":"https:\/\/alcedrix.com\/","logo":{"@type":"ImageObject","inLanguage":"sq","@id":"https:\/\/alcedrix.com\/#\/schema\/logo\/image\/","url":"http:\/\/3.126.27.25\/wp-content\/uploads\/2023\/08\/logo-web.png","contentUrl":"http:\/\/3.126.27.25\/wp-content\/uploads\/2023\/08\/logo-web.png","width":492,"height":93,"caption":"Alcedrix"},"image":{"@id":"https:\/\/alcedrix.com\/#\/schema\/logo\/image\/"},"sameAs":["https:\/\/www.facebook.com\/alcedrix","https:\/\/www.instagram.com\/alcedrix"]}]}},"_links":{"self":[{"href":"https:\/\/alcedrix.com\/sq\/wp-json\/wp\/v2\/product\/8053"}],"collection":[{"href":"https:\/\/alcedrix.com\/sq\/wp-json\/wp\/v2\/product"}],"about":[{"href":"https:\/\/alcedrix.com\/sq\/wp-json\/wp\/v2\/types\/product"}],"version-history":[{"count":1,"href":"https:\/\/alcedrix.com\/sq\/wp-json\/wp\/v2\/product\/8053\/revisions"}],"predecessor-version":[{"id":9379,"href":"https:\/\/alcedrix.com\/sq\/wp-json\/wp\/v2\/product\/8053\/revisions\/9379"}],"wp:featuredmedia":[{"embeddable":true,"href":"https:\/\/alcedrix.com\/sq\/wp-json\/wp\/v2\/media\/8054"}],"wp:attachment":[{"href":"https:\/\/alcedrix.com\/sq\/wp-json\/wp\/v2\/media?parent=8053"}],"wp:term":[{"taxonomy":"product_cat","embeddable":true,"href":"https:\/\/alcedrix.com\/sq\/wp-json\/wp\/v2\/product_cat?post=8053"},{"taxonomy":"product_tag","embeddable":true,"href":"https:\/\/alcedrix.com\/sq\/wp-json\/wp\/v2\/product_tag?post=8053"}],"curies":[{"name":"wp","href":"https:\/\/api.w.org\/{rel}","templated":true}]}}