{"id":8049,"date":"2023-09-12T12:02:20","date_gmt":"2023-09-12T12:02:20","guid":{"rendered":"http:\/\/3.126.27.25\/?post_type=product&#038;p=8049"},"modified":"2024-07-26T12:29:37","modified_gmt":"2024-07-26T12:29:37","slug":"reconnect","status":"publish","type":"product","link":"https:\/\/alcedrix.com\/sq\/shop\/reconnect\/","title":{"rendered":"ReConnect\u00ae 15 Tableta"},"content":{"rendered":"<p><strong>Reconnect\u00ae<\/strong> \u00ebsht\u00eb formul\u00eb inovative e bazuar n\u00eb NADH (Co-E1), koenzim\u00ebn Q10, serin\u00eb dhe vitamin\u00eb C, e cila fal\u00eb sinergjis\u00eb s\u00eb p\u00ebrb\u00ebr\u00ebsve t\u00eb saj, ndihmon n\u00eb p\u00ebrmir\u00ebsimin e performanc\u00ebs mendore. Fal\u00eb p\u00ebrb\u00ebrjes s\u00eb tij, ndihmon n\u00eb p\u00ebrmir\u00ebsimin e p\u00ebrqendrimit, kujtes\u00ebs dhe t\u00eb m\u00ebsuarit, si dhe kontribuon n\u00eb menaxhimin e stresit. ReConnect \u00ebsht\u00eb produkt nootropik.<\/p>\n<p>Sindroma e Lodhjes Kronike (SLK) \u00ebsht\u00eb nj\u00eb patologji komplekse pa ndonj\u00eb shkak t\u00eb njohur dhe pa trajtim universalisht efektiv. Karakterizohet nga lodhje ekstreme ose lodhje e zgjatur q\u00eb nuk p\u00ebrmir\u00ebsohet me pushim, vazhdon p\u00ebr m\u00eb shum\u00eb se gjasht\u00eb muaj dhe nuk mund t\u00eb shpjegohet me asnj\u00eb gjendje mjek\u00ebsore. Edhe pse parametra t\u00eb till\u00eb si inflamacioni, stresi oksidativ dhe mungesa e koenzim\u00ebs Q10 lidhen me k\u00ebt\u00eb sindrom\u00eb, SLK shoq\u00ebrohet edhe me simptoma t\u00eb tjera si dhimbje muskulore, mosfunksionim t\u00eb gjumit dhe probleme konjitive. Lodhja kronike mund t\u00eb p\u00ebrkeq\u00ebsohet me aktivitetin fizik dhe mendor dhe intoleranca ndaj ushtrimeve \u00ebsht\u00eb nj\u00eb ankes\u00eb e zakonshme n\u00eb shumic\u00ebn e pacient\u00ebve me SLK. Deri tani nuk \u00ebsht\u00eb zbuluar trajtimi efektiv p\u00ebr ta luftuar at\u00eb dhe opsionet e disponueshme t\u00eb trajtimit fokusohen n\u00eb leht\u00ebsimin e k\u00ebtyre simptomave. Koenzima Q10 dhe NADH jan\u00eb dy molekula antioksiduese q\u00eb jan\u00eb p\u00ebrdorur p\u00ebr shum\u00eb vite p\u00ebr ruajtjen e sh\u00ebndetit t\u00eb p\u00ebrgjithsh\u00ebm.<\/p>\n<p>Produkti nuk ka efekte mbi-stimuluese dhe nuk krijon var\u00ebsi.<\/p>\n<p><strong>M\u00ebnyra e p\u00ebrdorimit:<\/strong> 1 deri 2 tableta n\u00eb dit\u00eb. T\u00eb shoq\u00ebrohet me uj\u00eb.<\/p>","protected":false},"excerpt":{"rendered":"<p>Filloni dit\u00ebn me energji dhe vitalitet fal\u00eb NADH dhe koenzim\u00ebs Q10.<\/p>","protected":false},"featured_media":8050,"template":"","meta":[],"product_cat":[115,116,106,104,101,95],"product_tag":[],"class_list":{"0":"post-8049","1":"product","2":"type-product","3":"status-publish","4":"has-post-thumbnail","6":"product_cat-energji","7":"product_cat-koncentrim","8":"product_cat-mireqenie-mendore-dhe-fizike","9":"product_cat-shtese-ushqimore","10":"product_cat-te-rritur","11":"product_cat-vitae","13":"first","14":"instock","15":"taxable","16":"shipping-taxable","17":"purchasable","18":"product-type-simple"},"yoast_head":"<!-- This site is optimized with the Yoast SEO plugin v23.6 - https:\/\/yoast.com\/wordpress\/plugins\/seo\/ -->\n<title>ReConnect\u00ae 15 Tableta - Alcedrix<\/title>\n<meta name=\"robots\" content=\"index, follow, max-snippet:-1, max-image-preview:large, max-video-preview:-1\" \/>\n<link rel=\"canonical\" href=\"https:\/\/alcedrix.com\/sq\/shop\/reconnect\/\" \/>\n<meta property=\"og:locale\" content=\"sq_AL\" \/>\n<meta property=\"og:type\" content=\"article\" \/>\n<meta property=\"og:title\" content=\"ReConnect\u00ae 15 Tableta - Alcedrix\" \/>\n<meta property=\"og:description\" content=\"Filloni dit\u00ebn me energji dhe vitalitet fal\u00eb NADH dhe koenzim\u00ebs Q10.\" \/>\n<meta property=\"og:url\" content=\"https:\/\/alcedrix.com\/sq\/shop\/reconnect\/\" \/>\n<meta property=\"og:site_name\" content=\"Alcedrix\" \/>\n<meta property=\"article:publisher\" content=\"https:\/\/www.facebook.com\/alcedrix\" \/>\n<meta property=\"article:modified_time\" content=\"2024-07-26T12:29:37+00:00\" \/>\n<meta property=\"og:image\" content=\"https:\/\/alcedrix.com\/wp-content\/uploads\/2023\/09\/reconnect15.png\" \/>\n\t<meta property=\"og:image:width\" content=\"600\" \/>\n\t<meta property=\"og:image:height\" content=\"600\" \/>\n\t<meta property=\"og:image:type\" content=\"image\/png\" \/>\n<meta name=\"twitter:card\" content=\"summary_large_image\" \/>\n<meta name=\"twitter:label1\" content=\"Est. reading time\" \/>\n\t<meta name=\"twitter:data1\" content=\"1 minut\u00eb\" \/>\n<script type=\"application\/ld+json\" class=\"yoast-schema-graph\">{\"@context\":\"https:\/\/schema.org\",\"@graph\":[{\"@type\":\"WebPage\",\"@id\":\"https:\/\/alcedrix.com\/shop\/reconnect\/\",\"url\":\"https:\/\/alcedrix.com\/shop\/reconnect\/\",\"name\":\"ReConnect\u00ae 15 Tableta - Alcedrix\",\"isPartOf\":{\"@id\":\"https:\/\/alcedrix.com\/#website\"},\"primaryImageOfPage\":{\"@id\":\"https:\/\/alcedrix.com\/shop\/reconnect\/#primaryimage\"},\"image\":{\"@id\":\"https:\/\/alcedrix.com\/shop\/reconnect\/#primaryimage\"},\"thumbnailUrl\":\"https:\/\/alcedrix.com\/wp-content\/uploads\/2023\/09\/reconnect15.png\",\"datePublished\":\"2023-09-12T12:02:20+00:00\",\"dateModified\":\"2024-07-26T12:29:37+00:00\",\"breadcrumb\":{\"@id\":\"https:\/\/alcedrix.com\/shop\/reconnect\/#breadcrumb\"},\"inLanguage\":\"sq\",\"potentialAction\":[{\"@type\":\"ReadAction\",\"target\":[\"https:\/\/alcedrix.com\/shop\/reconnect\/\"]}]},{\"@type\":\"ImageObject\",\"inLanguage\":\"sq\",\"@id\":\"https:\/\/alcedrix.com\/shop\/reconnect\/#primaryimage\",\"url\":\"https:\/\/alcedrix.com\/wp-content\/uploads\/2023\/09\/reconnect15.png\",\"contentUrl\":\"https:\/\/alcedrix.com\/wp-content\/uploads\/2023\/09\/reconnect15.png\",\"width\":600,\"height\":600},{\"@type\":\"BreadcrumbList\",\"@id\":\"https:\/\/alcedrix.com\/shop\/reconnect\/#breadcrumb\",\"itemListElement\":[{\"@type\":\"ListItem\",\"position\":1,\"name\":\"Home\",\"item\":\"https:\/\/alcedrix.com\/\"},{\"@type\":\"ListItem\",\"position\":2,\"name\":\"Shop\",\"item\":\"https:\/\/alcedrix.com\/shop\/\"},{\"@type\":\"ListItem\",\"position\":3,\"name\":\"ReConnect\u00ae 15 Tableta\"}]},{\"@type\":\"WebSite\",\"@id\":\"https:\/\/alcedrix.com\/#website\",\"url\":\"https:\/\/alcedrix.com\/\",\"name\":\"Alcedrix\",\"description\":\"Alcedrix\",\"publisher\":{\"@id\":\"https:\/\/alcedrix.com\/#organization\"},\"potentialAction\":[{\"@type\":\"SearchAction\",\"target\":{\"@type\":\"EntryPoint\",\"urlTemplate\":\"https:\/\/alcedrix.com\/?s={search_term_string}\"},\"query-input\":{\"@type\":\"PropertyValueSpecification\",\"valueRequired\":true,\"valueName\":\"search_term_string\"}}],\"inLanguage\":\"sq\"},{\"@type\":\"Organization\",\"@id\":\"https:\/\/alcedrix.com\/#organization\",\"name\":\"Alcedrix\",\"url\":\"https:\/\/alcedrix.com\/\",\"logo\":{\"@type\":\"ImageObject\",\"inLanguage\":\"sq\",\"@id\":\"https:\/\/alcedrix.com\/#\/schema\/logo\/image\/\",\"url\":\"http:\/\/3.126.27.25\/wp-content\/uploads\/2023\/08\/logo-web.png\",\"contentUrl\":\"http:\/\/3.126.27.25\/wp-content\/uploads\/2023\/08\/logo-web.png\",\"width\":492,\"height\":93,\"caption\":\"Alcedrix\"},\"image\":{\"@id\":\"https:\/\/alcedrix.com\/#\/schema\/logo\/image\/\"},\"sameAs\":[\"https:\/\/www.facebook.com\/alcedrix\",\"https:\/\/www.instagram.com\/alcedrix\"]}]}<\/script>\n<!-- \/ Yoast SEO plugin. -->","yoast_head_json":{"title":"ReConnect\u00ae 15 Tableta - Alcedrix","robots":{"index":"index","follow":"follow","max-snippet":"max-snippet:-1","max-image-preview":"max-image-preview:large","max-video-preview":"max-video-preview:-1"},"canonical":"https:\/\/alcedrix.com\/sq\/shop\/reconnect\/","og_locale":"sq_AL","og_type":"article","og_title":"ReConnect\u00ae 15 Tableta - Alcedrix","og_description":"Filloni dit\u00ebn me energji dhe vitalitet fal\u00eb NADH dhe koenzim\u00ebs Q10.","og_url":"https:\/\/alcedrix.com\/sq\/shop\/reconnect\/","og_site_name":"Alcedrix","article_publisher":"https:\/\/www.facebook.com\/alcedrix","article_modified_time":"2024-07-26T12:29:37+00:00","og_image":[{"width":600,"height":600,"url":"https:\/\/alcedrix.com\/wp-content\/uploads\/2023\/09\/reconnect15.png","type":"image\/png"}],"twitter_card":"summary_large_image","twitter_misc":{"Est. reading time":"1 minut\u00eb"},"schema":{"@context":"https:\/\/schema.org","@graph":[{"@type":"WebPage","@id":"https:\/\/alcedrix.com\/shop\/reconnect\/","url":"https:\/\/alcedrix.com\/shop\/reconnect\/","name":"ReConnect\u00ae 15 Tableta - Alcedrix","isPartOf":{"@id":"https:\/\/alcedrix.com\/#website"},"primaryImageOfPage":{"@id":"https:\/\/alcedrix.com\/shop\/reconnect\/#primaryimage"},"image":{"@id":"https:\/\/alcedrix.com\/shop\/reconnect\/#primaryimage"},"thumbnailUrl":"https:\/\/alcedrix.com\/wp-content\/uploads\/2023\/09\/reconnect15.png","datePublished":"2023-09-12T12:02:20+00:00","dateModified":"2024-07-26T12:29:37+00:00","breadcrumb":{"@id":"https:\/\/alcedrix.com\/shop\/reconnect\/#breadcrumb"},"inLanguage":"sq","potentialAction":[{"@type":"ReadAction","target":["https:\/\/alcedrix.com\/shop\/reconnect\/"]}]},{"@type":"ImageObject","inLanguage":"sq","@id":"https:\/\/alcedrix.com\/shop\/reconnect\/#primaryimage","url":"https:\/\/alcedrix.com\/wp-content\/uploads\/2023\/09\/reconnect15.png","contentUrl":"https:\/\/alcedrix.com\/wp-content\/uploads\/2023\/09\/reconnect15.png","width":600,"height":600},{"@type":"BreadcrumbList","@id":"https:\/\/alcedrix.com\/shop\/reconnect\/#breadcrumb","itemListElement":[{"@type":"ListItem","position":1,"name":"Home","item":"https:\/\/alcedrix.com\/"},{"@type":"ListItem","position":2,"name":"Shop","item":"https:\/\/alcedrix.com\/shop\/"},{"@type":"ListItem","position":3,"name":"ReConnect\u00ae 15 Tableta"}]},{"@type":"WebSite","@id":"https:\/\/alcedrix.com\/#website","url":"https:\/\/alcedrix.com\/","name":"Alcedrix","description":"Alcedrix","publisher":{"@id":"https:\/\/alcedrix.com\/#organization"},"potentialAction":[{"@type":"SearchAction","target":{"@type":"EntryPoint","urlTemplate":"https:\/\/alcedrix.com\/?s={search_term_string}"},"query-input":{"@type":"PropertyValueSpecification","valueRequired":true,"valueName":"search_term_string"}}],"inLanguage":"sq"},{"@type":"Organization","@id":"https:\/\/alcedrix.com\/#organization","name":"Alcedrix","url":"https:\/\/alcedrix.com\/","logo":{"@type":"ImageObject","inLanguage":"sq","@id":"https:\/\/alcedrix.com\/#\/schema\/logo\/image\/","url":"http:\/\/3.126.27.25\/wp-content\/uploads\/2023\/08\/logo-web.png","contentUrl":"http:\/\/3.126.27.25\/wp-content\/uploads\/2023\/08\/logo-web.png","width":492,"height":93,"caption":"Alcedrix"},"image":{"@id":"https:\/\/alcedrix.com\/#\/schema\/logo\/image\/"},"sameAs":["https:\/\/www.facebook.com\/alcedrix","https:\/\/www.instagram.com\/alcedrix"]}]}},"_links":{"self":[{"href":"https:\/\/alcedrix.com\/sq\/wp-json\/wp\/v2\/product\/8049"}],"collection":[{"href":"https:\/\/alcedrix.com\/sq\/wp-json\/wp\/v2\/product"}],"about":[{"href":"https:\/\/alcedrix.com\/sq\/wp-json\/wp\/v2\/types\/product"}],"version-history":[{"count":0,"href":"https:\/\/alcedrix.com\/sq\/wp-json\/wp\/v2\/product\/8049\/revisions"}],"wp:featuredmedia":[{"embeddable":true,"href":"https:\/\/alcedrix.com\/sq\/wp-json\/wp\/v2\/media\/8050"}],"wp:attachment":[{"href":"https:\/\/alcedrix.com\/sq\/wp-json\/wp\/v2\/media?parent=8049"}],"wp:term":[{"taxonomy":"product_cat","embeddable":true,"href":"https:\/\/alcedrix.com\/sq\/wp-json\/wp\/v2\/product_cat?post=8049"},{"taxonomy":"product_tag","embeddable":true,"href":"https:\/\/alcedrix.com\/sq\/wp-json\/wp\/v2\/product_tag?post=8049"}],"curies":[{"name":"wp","href":"https:\/\/api.w.org\/{rel}","templated":true}]}}