{"id":8045,"date":"2023-09-12T11:50:56","date_gmt":"2023-09-12T11:50:56","guid":{"rendered":"http:\/\/3.126.27.25\/?post_type=product&#038;p=8045"},"modified":"2024-07-26T12:34:25","modified_gmt":"2024-07-26T12:34:25","slug":"perfect-skin-30-caps","status":"publish","type":"product","link":"https:\/\/alcedrix.com\/sq\/shop\/perfect-skin-30-caps\/","title":{"rendered":"Perfect Skin Hydro &#8211; Complex\u00ae"},"content":{"rendered":"<p><strong>Perfect Skin Hydro &#8211; Complex\u00ae<\/strong> \u00ebsht\u00eb p\u00ebrzierje e p\u00ebrb\u00ebr\u00ebsve aktiv\u00eb t\u00eb kombinuar n\u00eb dy formula: Hydro-fleks dhe formula Antioksiduese e l\u00ebkur\u00ebs perfekte.<\/p>\n<p>L\u00ebkura \u00ebsht\u00eb organi m\u00eb i gjer\u00eb i trupit ton\u00eb. \u00cbsht\u00eb linja jon\u00eb e par\u00eb e mbrojtjes kund\u00ebr viruseve, baktereve dhe rrezatimit t\u00eb d\u00ebmsh\u00ebm. Nuk \u00ebsht\u00eb vet\u00ebm nj\u00eb shtres\u00eb izoluese q\u00eb rregullon temperatur\u00ebn e trupit ton\u00eb, por edhe nj\u00eb organ i r\u00ebnd\u00ebsish\u00ebm shqisor dhe nj\u00eb vend ku prodhohet vitamina D. L\u00ebkura p\u00ebrb\u00ebhet nga dy shtresa baz\u00eb epiderma dhe derma.<br \/>\nFaktor\u00eb t\u00eb till\u00eb si rrezatimi ultravjollc\u00eb, ndotja e mjedisit dhe dieta e dob\u00ebt favorizojn\u00eb formimin e radikaleve t\u00eb lira n\u00eb l\u00ebkur\u00eb, t\u00eb cilat shkaktojn\u00eb ndryshime t\u00eb pafavorshme, ato shkat\u00ebrrojn\u00eb molekulat e kolagjenit, l\u00ebkura b\u00ebhet m\u00eb pak e hidratuar dhe e plog\u00ebt dhe shfaqen rrudha. Kjo \u00ebsht\u00eb arsyeja pse ushqimi yn\u00eb \u00ebsht\u00eb kaq i r\u00ebnd\u00ebsish\u00ebm, ve\u00e7an\u00ebrisht p\u00ebrb\u00ebr\u00ebsit q\u00eb p\u00ebrmban, t\u00eb cil\u00ebt n\u00eb sasi t\u00eb p\u00ebrshtatshme mb\u00ebshtesin funksionimin e duhur t\u00eb l\u00ebkur\u00ebs.<\/p>\n<p>Perfect Skin Hydro &#8211; Complex \u00ae p\u00ebrmban substanca n\u00eb dy formula t\u00eb zhvilluara shkenc\u00ebrisht:<\/p>\n<p><strong>Formula Hydro-flex:<\/strong><\/p>\n<ul>\n<li>Kolagjeni \u00ebsht\u00eb burim i peptideve, aminoacideve t\u00eb lira, t\u00eb cilat jan\u00eb p\u00ebrb\u00ebr\u00ebs themelor\u00eb t\u00eb indit lidh\u00ebs, si dhe t\u00eb l\u00ebkur\u00ebs, thonjve dhe flok\u00ebve.<\/li>\n<li>Acidi hialuronik, nj\u00eb p\u00ebrb\u00ebr\u00ebs strukturor i indit lidh\u00ebs q\u00eb nd\u00ebrton matric\u00ebn jasht\u00eb qelizore t\u00eb derm\u00ebs.<\/li>\n<li>Silica q\u00eb p\u00ebrmban produkti tretet n\u00eb matric\u00ebn jasht\u00eb qelizore t\u00eb derm\u00ebs dhe d\u00ebrgon sasi shtes\u00eb uji atje.<\/li>\n<li>Biotina ndihmon n\u00eb ruajtjen e l\u00ebkur\u00ebs s\u00eb sh\u00ebndetshme dhe merr pjes\u00eb n\u00eb ruajtjen e gjendjes s\u00eb duhur t\u00eb mukoz\u00ebs.<\/li>\n<\/ul>\n<p><strong>Formula Antioksiduese e l\u00ebkur\u00ebs perfekte:<\/strong><\/p>\n<ul>\n<li>Ekstrakti shum\u00eb i koncentruar i farave t\u00eb rrushit q\u00eb p\u00ebrmban nj\u00eb sasi t\u00eb madhe proantocianidine (OPC) dhe ekstrakti i \u00e7ajit t\u00eb gjelb\u00ebr me nj\u00eb p\u00ebrmbajtje t\u00eb lart\u00eb katekinash (EGCG), jan\u00eb antioksidant\u00eb bimor\u00eb q\u00eb neutralizojn\u00eb radikalet e lira t\u00eb krijuara n\u00eb l\u00ebkur\u00eb.<\/li>\n<li>PureWay-C \u00ae \u2013 nj\u00eb kompleks i patentuar i vitamin\u00ebs C dhe bioflavonoideve t\u00eb agrumeve. Vitamina C ndihmon n\u00eb prodhimin e duhur t\u00eb kolagjenit p\u00ebr t\u00eb siguruar funksionimin e duhur t\u00eb l\u00ebkur\u00ebs dhe ndihmon n\u00eb mbrojtjen e qelizave nga stresi oksidativ.<\/li>\n<li>Vitamina E ndihmon n\u00eb mbrojtjen e qelizave kund\u00ebr stresit oksidativ.<\/li>\n<\/ul>\n<p>Zinku, bakri dhe mangani, n\u00eb form\u00ebn e kelateve t\u00eb aminoacideve shum\u00eb t\u00eb tretshme, si dhe seleni, ndihmojn\u00eb n\u00eb mbrojtjen e qelizave nga stresi oksidativ.<\/p>\n<p>Zinku gjithashtu merr pjes\u00eb n\u00eb procesin e ndarjes s\u00eb qelizave dhe ndihmon n\u00eb ruajtjen e l\u00ebkur\u00ebs s\u00eb sh\u00ebndetshme. Mangani ndihmon n\u00eb formimin e duhur t\u00eb indeve lidh\u00ebse. Bakri ndihmon n\u00eb ruajtjen e pigmentimit t\u00eb duhur t\u00eb l\u00ebkur\u00ebs.<\/p>\n<p>Pigmentet karotenoide &#8211; beta karoteni dhe likopeni, jan\u00eb pigmente natyrale q\u00eb gjenden te bim\u00ebt dhe kafsh\u00ebt. P\u00ebrve\u00e7 k\u00ebsaj beta karoteni pas shnd\u00ebrrimit n\u00eb vitamin\u00eb A luan nj\u00eb rol t\u00eb r\u00ebnd\u00ebsish\u00ebm n\u00eb procesin e specializimit t\u00eb qelizave.<\/p>\n<p><strong>M\u00ebnyra e p\u00ebrdorimit:<\/strong> T\u00eb merret nj\u00eb kapsul\u00eb n\u00eb dit\u00eb, n\u00eb mes t\u00eb shujtave (pas m\u00ebngjesit dhe para drek\u00ebs) Mos e tejkaloni doz\u00ebn e rekomanduar ditore.<\/p>","protected":false},"excerpt":{"rendered":"<p>P\u00ebr t\u00eb gjith\u00eb q\u00eb d\u00ebshirojn\u00eb l\u00ebkur\u00eb t\u00eb sh\u00ebndetshme.<\/p>","protected":false},"featured_media":8046,"template":"","meta":[],"product_cat":[117,102,96,104,101],"product_tag":[],"class_list":{"0":"post-8045","1":"product","2":"type-product","3":"status-publish","4":"has-post-thumbnail","6":"product_cat-hidratim","7":"product_cat-lekura-dhe-floku","8":"product_cat-olimp","9":"product_cat-shtese-ushqimore","10":"product_cat-te-rritur","12":"first","13":"instock","14":"taxable","15":"shipping-taxable","16":"purchasable","17":"product-type-simple"},"yoast_head":"<!-- This site is optimized with the Yoast SEO plugin v23.6 - https:\/\/yoast.com\/wordpress\/plugins\/seo\/ -->\n<title>Perfect Skin Hydro - Complex\u00ae - Alcedrix<\/title>\n<meta name=\"robots\" content=\"index, follow, max-snippet:-1, max-image-preview:large, max-video-preview:-1\" \/>\n<link rel=\"canonical\" href=\"https:\/\/alcedrix.com\/sq\/shop\/perfect-skin-30-caps\/\" \/>\n<meta property=\"og:locale\" content=\"sq_AL\" \/>\n<meta property=\"og:type\" content=\"article\" \/>\n<meta property=\"og:title\" content=\"Perfect Skin Hydro - Complex\u00ae - Alcedrix\" \/>\n<meta property=\"og:description\" content=\"P\u00ebr t\u00eb gjith\u00eb q\u00eb d\u00ebshirojn\u00eb l\u00ebkur\u00eb t\u00eb sh\u00ebndetshme.\" \/>\n<meta property=\"og:url\" content=\"https:\/\/alcedrix.com\/sq\/shop\/perfect-skin-30-caps\/\" \/>\n<meta property=\"og:site_name\" content=\"Alcedrix\" \/>\n<meta property=\"article:publisher\" content=\"https:\/\/www.facebook.com\/alcedrix\" \/>\n<meta property=\"article:modified_time\" content=\"2024-07-26T12:34:25+00:00\" \/>\n<meta property=\"og:image\" content=\"https:\/\/alcedrix.com\/wp-content\/uploads\/2023\/09\/perfect-skin.png\" \/>\n\t<meta property=\"og:image:width\" content=\"600\" \/>\n\t<meta property=\"og:image:height\" content=\"600\" \/>\n\t<meta property=\"og:image:type\" content=\"image\/png\" \/>\n<meta name=\"twitter:card\" content=\"summary_large_image\" \/>\n<meta name=\"twitter:label1\" content=\"Est. reading time\" \/>\n\t<meta name=\"twitter:data1\" content=\"3 minuta\" \/>\n<script type=\"application\/ld+json\" class=\"yoast-schema-graph\">{\"@context\":\"https:\/\/schema.org\",\"@graph\":[{\"@type\":\"WebPage\",\"@id\":\"https:\/\/alcedrix.com\/sq\/shop\/perfect-skin-30-caps\/\",\"url\":\"https:\/\/alcedrix.com\/sq\/shop\/perfect-skin-30-caps\/\",\"name\":\"Perfect Skin Hydro - Complex\u00ae - Alcedrix\",\"isPartOf\":{\"@id\":\"https:\/\/alcedrix.com\/#website\"},\"primaryImageOfPage\":{\"@id\":\"https:\/\/alcedrix.com\/sq\/shop\/perfect-skin-30-caps\/#primaryimage\"},\"image\":{\"@id\":\"https:\/\/alcedrix.com\/sq\/shop\/perfect-skin-30-caps\/#primaryimage\"},\"thumbnailUrl\":\"https:\/\/alcedrix.com\/wp-content\/uploads\/2023\/09\/perfect-skin.png\",\"datePublished\":\"2023-09-12T11:50:56+00:00\",\"dateModified\":\"2024-07-26T12:34:25+00:00\",\"breadcrumb\":{\"@id\":\"https:\/\/alcedrix.com\/sq\/shop\/perfect-skin-30-caps\/#breadcrumb\"},\"inLanguage\":\"sq\",\"potentialAction\":[{\"@type\":\"ReadAction\",\"target\":[\"https:\/\/alcedrix.com\/sq\/shop\/perfect-skin-30-caps\/\"]}]},{\"@type\":\"ImageObject\",\"inLanguage\":\"sq\",\"@id\":\"https:\/\/alcedrix.com\/sq\/shop\/perfect-skin-30-caps\/#primaryimage\",\"url\":\"https:\/\/alcedrix.com\/wp-content\/uploads\/2023\/09\/perfect-skin.png\",\"contentUrl\":\"https:\/\/alcedrix.com\/wp-content\/uploads\/2023\/09\/perfect-skin.png\",\"width\":600,\"height\":600},{\"@type\":\"BreadcrumbList\",\"@id\":\"https:\/\/alcedrix.com\/sq\/shop\/perfect-skin-30-caps\/#breadcrumb\",\"itemListElement\":[{\"@type\":\"ListItem\",\"position\":1,\"name\":\"Home\",\"item\":\"https:\/\/alcedrix.com\/\"},{\"@type\":\"ListItem\",\"position\":2,\"name\":\"Shop\",\"item\":\"https:\/\/alcedrix.com\/shop\/\"},{\"@type\":\"ListItem\",\"position\":3,\"name\":\"Perfect Skin Hydro &#8211; Complex\u00ae\"}]},{\"@type\":\"WebSite\",\"@id\":\"https:\/\/alcedrix.com\/#website\",\"url\":\"https:\/\/alcedrix.com\/\",\"name\":\"Alcedrix\",\"description\":\"Alcedrix\",\"publisher\":{\"@id\":\"https:\/\/alcedrix.com\/#organization\"},\"potentialAction\":[{\"@type\":\"SearchAction\",\"target\":{\"@type\":\"EntryPoint\",\"urlTemplate\":\"https:\/\/alcedrix.com\/?s={search_term_string}\"},\"query-input\":{\"@type\":\"PropertyValueSpecification\",\"valueRequired\":true,\"valueName\":\"search_term_string\"}}],\"inLanguage\":\"sq\"},{\"@type\":\"Organization\",\"@id\":\"https:\/\/alcedrix.com\/#organization\",\"name\":\"Alcedrix\",\"url\":\"https:\/\/alcedrix.com\/\",\"logo\":{\"@type\":\"ImageObject\",\"inLanguage\":\"sq\",\"@id\":\"https:\/\/alcedrix.com\/#\/schema\/logo\/image\/\",\"url\":\"http:\/\/3.126.27.25\/wp-content\/uploads\/2023\/08\/logo-web.png\",\"contentUrl\":\"http:\/\/3.126.27.25\/wp-content\/uploads\/2023\/08\/logo-web.png\",\"width\":492,\"height\":93,\"caption\":\"Alcedrix\"},\"image\":{\"@id\":\"https:\/\/alcedrix.com\/#\/schema\/logo\/image\/\"},\"sameAs\":[\"https:\/\/www.facebook.com\/alcedrix\",\"https:\/\/www.instagram.com\/alcedrix\"]}]}<\/script>\n<!-- \/ Yoast SEO plugin. -->","yoast_head_json":{"title":"Perfect Skin Hydro - Complex\u00ae - Alcedrix","robots":{"index":"index","follow":"follow","max-snippet":"max-snippet:-1","max-image-preview":"max-image-preview:large","max-video-preview":"max-video-preview:-1"},"canonical":"https:\/\/alcedrix.com\/sq\/shop\/perfect-skin-30-caps\/","og_locale":"sq_AL","og_type":"article","og_title":"Perfect Skin Hydro - Complex\u00ae - Alcedrix","og_description":"P\u00ebr t\u00eb gjith\u00eb q\u00eb d\u00ebshirojn\u00eb l\u00ebkur\u00eb t\u00eb sh\u00ebndetshme.","og_url":"https:\/\/alcedrix.com\/sq\/shop\/perfect-skin-30-caps\/","og_site_name":"Alcedrix","article_publisher":"https:\/\/www.facebook.com\/alcedrix","article_modified_time":"2024-07-26T12:34:25+00:00","og_image":[{"width":600,"height":600,"url":"https:\/\/alcedrix.com\/wp-content\/uploads\/2023\/09\/perfect-skin.png","type":"image\/png"}],"twitter_card":"summary_large_image","twitter_misc":{"Est. reading time":"3 minuta"},"schema":{"@context":"https:\/\/schema.org","@graph":[{"@type":"WebPage","@id":"https:\/\/alcedrix.com\/sq\/shop\/perfect-skin-30-caps\/","url":"https:\/\/alcedrix.com\/sq\/shop\/perfect-skin-30-caps\/","name":"Perfect Skin Hydro - Complex\u00ae - Alcedrix","isPartOf":{"@id":"https:\/\/alcedrix.com\/#website"},"primaryImageOfPage":{"@id":"https:\/\/alcedrix.com\/sq\/shop\/perfect-skin-30-caps\/#primaryimage"},"image":{"@id":"https:\/\/alcedrix.com\/sq\/shop\/perfect-skin-30-caps\/#primaryimage"},"thumbnailUrl":"https:\/\/alcedrix.com\/wp-content\/uploads\/2023\/09\/perfect-skin.png","datePublished":"2023-09-12T11:50:56+00:00","dateModified":"2024-07-26T12:34:25+00:00","breadcrumb":{"@id":"https:\/\/alcedrix.com\/sq\/shop\/perfect-skin-30-caps\/#breadcrumb"},"inLanguage":"sq","potentialAction":[{"@type":"ReadAction","target":["https:\/\/alcedrix.com\/sq\/shop\/perfect-skin-30-caps\/"]}]},{"@type":"ImageObject","inLanguage":"sq","@id":"https:\/\/alcedrix.com\/sq\/shop\/perfect-skin-30-caps\/#primaryimage","url":"https:\/\/alcedrix.com\/wp-content\/uploads\/2023\/09\/perfect-skin.png","contentUrl":"https:\/\/alcedrix.com\/wp-content\/uploads\/2023\/09\/perfect-skin.png","width":600,"height":600},{"@type":"BreadcrumbList","@id":"https:\/\/alcedrix.com\/sq\/shop\/perfect-skin-30-caps\/#breadcrumb","itemListElement":[{"@type":"ListItem","position":1,"name":"Home","item":"https:\/\/alcedrix.com\/"},{"@type":"ListItem","position":2,"name":"Shop","item":"https:\/\/alcedrix.com\/shop\/"},{"@type":"ListItem","position":3,"name":"Perfect Skin Hydro &#8211; Complex\u00ae"}]},{"@type":"WebSite","@id":"https:\/\/alcedrix.com\/#website","url":"https:\/\/alcedrix.com\/","name":"Alcedrix","description":"Alcedrix","publisher":{"@id":"https:\/\/alcedrix.com\/#organization"},"potentialAction":[{"@type":"SearchAction","target":{"@type":"EntryPoint","urlTemplate":"https:\/\/alcedrix.com\/?s={search_term_string}"},"query-input":{"@type":"PropertyValueSpecification","valueRequired":true,"valueName":"search_term_string"}}],"inLanguage":"sq"},{"@type":"Organization","@id":"https:\/\/alcedrix.com\/#organization","name":"Alcedrix","url":"https:\/\/alcedrix.com\/","logo":{"@type":"ImageObject","inLanguage":"sq","@id":"https:\/\/alcedrix.com\/#\/schema\/logo\/image\/","url":"http:\/\/3.126.27.25\/wp-content\/uploads\/2023\/08\/logo-web.png","contentUrl":"http:\/\/3.126.27.25\/wp-content\/uploads\/2023\/08\/logo-web.png","width":492,"height":93,"caption":"Alcedrix"},"image":{"@id":"https:\/\/alcedrix.com\/#\/schema\/logo\/image\/"},"sameAs":["https:\/\/www.facebook.com\/alcedrix","https:\/\/www.instagram.com\/alcedrix"]}]}},"_links":{"self":[{"href":"https:\/\/alcedrix.com\/sq\/wp-json\/wp\/v2\/product\/8045"}],"collection":[{"href":"https:\/\/alcedrix.com\/sq\/wp-json\/wp\/v2\/product"}],"about":[{"href":"https:\/\/alcedrix.com\/sq\/wp-json\/wp\/v2\/types\/product"}],"version-history":[{"count":1,"href":"https:\/\/alcedrix.com\/sq\/wp-json\/wp\/v2\/product\/8045\/revisions"}],"predecessor-version":[{"id":9380,"href":"https:\/\/alcedrix.com\/sq\/wp-json\/wp\/v2\/product\/8045\/revisions\/9380"}],"wp:featuredmedia":[{"embeddable":true,"href":"https:\/\/alcedrix.com\/sq\/wp-json\/wp\/v2\/media\/8046"}],"wp:attachment":[{"href":"https:\/\/alcedrix.com\/sq\/wp-json\/wp\/v2\/media?parent=8045"}],"wp:term":[{"taxonomy":"product_cat","embeddable":true,"href":"https:\/\/alcedrix.com\/sq\/wp-json\/wp\/v2\/product_cat?post=8045"},{"taxonomy":"product_tag","embeddable":true,"href":"https:\/\/alcedrix.com\/sq\/wp-json\/wp\/v2\/product_tag?post=8045"}],"curies":[{"name":"wp","href":"https:\/\/api.w.org\/{rel}","templated":true}]}}