{"id":8043,"date":"2023-09-12T11:39:43","date_gmt":"2023-09-12T11:39:43","guid":{"rendered":"http:\/\/3.126.27.25\/?post_type=product&#038;p=8043"},"modified":"2024-07-26T12:36:35","modified_gmt":"2024-07-26T12:36:35","slug":"osteoblock-forte-60tbl","status":"publish","type":"product","link":"https:\/\/alcedrix.com\/sq\/shop\/osteoblock-forte-60tbl\/","title":{"rendered":"Osteoblock\u00ae Forte 60 tableta"},"content":{"rendered":"<p><strong>Osteoblock\u00ae Forte<\/strong> \u00ebsht\u00eb shtes\u00eb ushqimore q\u00eb p\u00ebrmban kompleks t\u00eb shumt\u00eb t\u00eb mineraleve bio n\u00eb form\u00ebn e kelateve t\u00eb aminoacideve Albion\u00ae (kalcium, zink dhe mangan), vitamin\u00eb D dhe vitamin\u00eb K, e cila gjindet n\u00eb form\u00ebn e menaquinone-7 t\u00eb p\u00ebrfituar nga fermentimi i majas\u00eb. T\u00eb gjith\u00eb k\u00ebta p\u00ebrb\u00ebr\u00ebs japin veprim sinergjik, t\u00eb nevojsh\u00ebm p\u00ebr t\u00eb pasur eshtra t\u00eb sh\u00ebndetsh\u00ebm.<\/p>\n<p>Kalciumi:<\/p>\n<ul>\n<li>\u00ebsht\u00eb nevojshme p\u00ebr mir\u00ebmbajtjen e dh\u00ebmb\u00ebve t\u00eb sh\u00ebndetsh\u00ebm<\/li>\n<li>kontribuon n\u00eb metabolizmin normal p\u00ebrmes prodhimit t\u00eb energjis\u00eb<\/li>\n<li>kontribuon n\u00eb neurotransmetimin normal<\/li>\n<li>kontribuon n\u00eb funksionimin normal t\u00eb muskujve<\/li>\n<li>kontribuon n\u00eb funksionimin normal t\u00eb enzimave tret\u00ebse<\/li>\n<li>kontribuon n\u00eb koagulimin normal t\u00eb gjakut<\/li>\n<\/ul>\n<p>Zinku dhe mangani:<\/p>\n<ul>\n<li>kontribuon n\u00eb mir\u00ebmbajtjen e eshtrave<\/li>\n<li>kontribuon n\u00eb mbrojtjen e qelizave nga stresi oksidativ<\/li>\n<\/ul>\n<p>Vitamina D:<\/p>\n<ul>\n<li>kontribuon n\u00eb thithjen\/shfryt\u00ebzimin normal t\u00eb kalciumit dhe fosforit<\/li>\n<li>kontribuon n\u00eb nivelet normale t\u00eb kalciumit n\u00eb gjak<\/li>\n<li>kontribuon n\u00eb mir\u00ebmbajtjen e eshtrave dhe dh\u00ebmb\u00ebve<\/li>\n<li>ka rol n\u00eb procesin e ndarjes s\u00eb qelizave, kontribuon n\u00eb ruajtjen e funksionit normal t\u00eb muskujve<\/li>\n<li>kontribuon n\u00eb funksionimin normal t\u00eb sistemit imunitar<\/li>\n<\/ul>\n<p>Vitamina K:<\/p>\n<ul>\n<li>kontribuon n\u00eb mir\u00ebmbajtjen e eshtrave. E r\u00ebnd\u00ebsishme t\u00eb theksohet se vitamina K \u00ebsht\u00eb e p\u00ebrfshir\u00eb n\u00eb transmetimin e kalciumit nga en\u00ebt e gjakut n\u00eb indet e eshtrave.<\/li>\n<\/ul>\n<p>&nbsp;<\/p>\n<p><strong>M\u00ebnyra e p\u00ebrdorimit:<\/strong> 1-2 tableta n\u00eb dit\u00eb, pas ushqimit ose sipas rekomandimit t\u00eb mjekut. Tableta duhet t\u00eb merret me sasi t\u00eb mjaftueshme t\u00eb ujit.<\/p>","protected":false},"excerpt":{"rendered":"<p>Osteoblock Forte \u2013 Formul\u00eb inovative dhe gjith\u00ebp\u00ebrfshir\u00ebse p\u00ebr eshtra t\u00eb sh\u00ebndetsh\u00ebm.<\/p>","protected":false},"featured_media":8044,"template":"","meta":[],"product_cat":[114,119,96,104,101],"product_tag":[],"class_list":{"0":"post-8043","1":"product","2":"type-product","3":"status-publish","4":"has-post-thumbnail","6":"product_cat-eshtra-dhe-nyje","7":"product_cat-muskuj","8":"product_cat-olimp","9":"product_cat-shtese-ushqimore","10":"product_cat-te-rritur","12":"first","13":"instock","14":"taxable","15":"shipping-taxable","16":"purchasable","17":"product-type-simple"},"yoast_head":"<!-- This site is optimized with the Yoast SEO plugin v23.6 - https:\/\/yoast.com\/wordpress\/plugins\/seo\/ -->\n<title>Osteoblock\u00ae Forte 60 tableta - Alcedrix<\/title>\n<meta name=\"robots\" content=\"index, follow, max-snippet:-1, max-image-preview:large, max-video-preview:-1\" \/>\n<link rel=\"canonical\" href=\"http:\/\/alcedrix.com\/sq\/shop\/osteoblock-forte-60tbl\/\" \/>\n<meta property=\"og:locale\" content=\"sq_AL\" \/>\n<meta property=\"og:type\" content=\"article\" \/>\n<meta property=\"og:title\" content=\"Osteoblock\u00ae Forte 60 tableta - Alcedrix\" \/>\n<meta property=\"og:description\" content=\"Osteoblock Forte \u2013 Formul\u00eb inovative dhe gjith\u00ebp\u00ebrfshir\u00ebse p\u00ebr eshtra t\u00eb sh\u00ebndetsh\u00ebm.\" \/>\n<meta property=\"og:url\" content=\"http:\/\/alcedrix.com\/sq\/shop\/osteoblock-forte-60tbl\/\" \/>\n<meta property=\"og:site_name\" content=\"Alcedrix\" \/>\n<meta property=\"article:publisher\" content=\"https:\/\/www.facebook.com\/alcedrix\" \/>\n<meta property=\"article:modified_time\" content=\"2024-07-26T12:36:35+00:00\" \/>\n<meta property=\"og:image\" content=\"http:\/\/alcedrix.com\/wp-content\/uploads\/2023\/09\/osteoblock-forte.png\" \/>\n\t<meta property=\"og:image:width\" content=\"600\" \/>\n\t<meta property=\"og:image:height\" content=\"600\" \/>\n\t<meta property=\"og:image:type\" content=\"image\/png\" \/>\n<meta name=\"twitter:card\" content=\"summary_large_image\" \/>\n<meta name=\"twitter:label1\" content=\"Est. reading time\" \/>\n\t<meta name=\"twitter:data1\" content=\"1 minut\u00eb\" \/>\n<script type=\"application\/ld+json\" class=\"yoast-schema-graph\">{\"@context\":\"https:\/\/schema.org\",\"@graph\":[{\"@type\":\"WebPage\",\"@id\":\"http:\/\/alcedrix.com\/shop\/osteoblock-forte-60tbl\/\",\"url\":\"http:\/\/alcedrix.com\/shop\/osteoblock-forte-60tbl\/\",\"name\":\"Osteoblock\u00ae Forte 60 tableta - Alcedrix\",\"isPartOf\":{\"@id\":\"https:\/\/alcedrix.com\/#website\"},\"primaryImageOfPage\":{\"@id\":\"http:\/\/alcedrix.com\/shop\/osteoblock-forte-60tbl\/#primaryimage\"},\"image\":{\"@id\":\"http:\/\/alcedrix.com\/shop\/osteoblock-forte-60tbl\/#primaryimage\"},\"thumbnailUrl\":\"https:\/\/alcedrix.com\/wp-content\/uploads\/2023\/09\/osteoblock-forte.png\",\"datePublished\":\"2023-09-12T11:39:43+00:00\",\"dateModified\":\"2024-07-26T12:36:35+00:00\",\"breadcrumb\":{\"@id\":\"http:\/\/alcedrix.com\/shop\/osteoblock-forte-60tbl\/#breadcrumb\"},\"inLanguage\":\"sq\",\"potentialAction\":[{\"@type\":\"ReadAction\",\"target\":[\"http:\/\/alcedrix.com\/shop\/osteoblock-forte-60tbl\/\"]}]},{\"@type\":\"ImageObject\",\"inLanguage\":\"sq\",\"@id\":\"http:\/\/alcedrix.com\/shop\/osteoblock-forte-60tbl\/#primaryimage\",\"url\":\"https:\/\/alcedrix.com\/wp-content\/uploads\/2023\/09\/osteoblock-forte.png\",\"contentUrl\":\"https:\/\/alcedrix.com\/wp-content\/uploads\/2023\/09\/osteoblock-forte.png\",\"width\":600,\"height\":600},{\"@type\":\"BreadcrumbList\",\"@id\":\"http:\/\/alcedrix.com\/shop\/osteoblock-forte-60tbl\/#breadcrumb\",\"itemListElement\":[{\"@type\":\"ListItem\",\"position\":1,\"name\":\"Home\",\"item\":\"https:\/\/alcedrix.com\/\"},{\"@type\":\"ListItem\",\"position\":2,\"name\":\"Shop\",\"item\":\"https:\/\/alcedrix.com\/shop\/\"},{\"@type\":\"ListItem\",\"position\":3,\"name\":\"Osteoblock\u00ae Forte 60 tableta\"}]},{\"@type\":\"WebSite\",\"@id\":\"https:\/\/alcedrix.com\/#website\",\"url\":\"https:\/\/alcedrix.com\/\",\"name\":\"Alcedrix\",\"description\":\"Alcedrix\",\"publisher\":{\"@id\":\"https:\/\/alcedrix.com\/#organization\"},\"potentialAction\":[{\"@type\":\"SearchAction\",\"target\":{\"@type\":\"EntryPoint\",\"urlTemplate\":\"https:\/\/alcedrix.com\/?s={search_term_string}\"},\"query-input\":{\"@type\":\"PropertyValueSpecification\",\"valueRequired\":true,\"valueName\":\"search_term_string\"}}],\"inLanguage\":\"sq\"},{\"@type\":\"Organization\",\"@id\":\"https:\/\/alcedrix.com\/#organization\",\"name\":\"Alcedrix\",\"url\":\"https:\/\/alcedrix.com\/\",\"logo\":{\"@type\":\"ImageObject\",\"inLanguage\":\"sq\",\"@id\":\"https:\/\/alcedrix.com\/#\/schema\/logo\/image\/\",\"url\":\"http:\/\/3.126.27.25\/wp-content\/uploads\/2023\/08\/logo-web.png\",\"contentUrl\":\"http:\/\/3.126.27.25\/wp-content\/uploads\/2023\/08\/logo-web.png\",\"width\":492,\"height\":93,\"caption\":\"Alcedrix\"},\"image\":{\"@id\":\"https:\/\/alcedrix.com\/#\/schema\/logo\/image\/\"},\"sameAs\":[\"https:\/\/www.facebook.com\/alcedrix\",\"https:\/\/www.instagram.com\/alcedrix\"]}]}<\/script>\n<!-- \/ Yoast SEO plugin. -->","yoast_head_json":{"title":"Osteoblock\u00ae Forte 60 tableta - Alcedrix","robots":{"index":"index","follow":"follow","max-snippet":"max-snippet:-1","max-image-preview":"max-image-preview:large","max-video-preview":"max-video-preview:-1"},"canonical":"http:\/\/alcedrix.com\/sq\/shop\/osteoblock-forte-60tbl\/","og_locale":"sq_AL","og_type":"article","og_title":"Osteoblock\u00ae Forte 60 tableta - Alcedrix","og_description":"Osteoblock Forte \u2013 Formul\u00eb inovative dhe gjith\u00ebp\u00ebrfshir\u00ebse p\u00ebr eshtra t\u00eb sh\u00ebndetsh\u00ebm.","og_url":"http:\/\/alcedrix.com\/sq\/shop\/osteoblock-forte-60tbl\/","og_site_name":"Alcedrix","article_publisher":"https:\/\/www.facebook.com\/alcedrix","article_modified_time":"2024-07-26T12:36:35+00:00","og_image":[{"width":600,"height":600,"url":"http:\/\/alcedrix.com\/wp-content\/uploads\/2023\/09\/osteoblock-forte.png","type":"image\/png"}],"twitter_card":"summary_large_image","twitter_misc":{"Est. reading time":"1 minut\u00eb"},"schema":{"@context":"https:\/\/schema.org","@graph":[{"@type":"WebPage","@id":"http:\/\/alcedrix.com\/shop\/osteoblock-forte-60tbl\/","url":"http:\/\/alcedrix.com\/shop\/osteoblock-forte-60tbl\/","name":"Osteoblock\u00ae Forte 60 tableta - Alcedrix","isPartOf":{"@id":"https:\/\/alcedrix.com\/#website"},"primaryImageOfPage":{"@id":"http:\/\/alcedrix.com\/shop\/osteoblock-forte-60tbl\/#primaryimage"},"image":{"@id":"http:\/\/alcedrix.com\/shop\/osteoblock-forte-60tbl\/#primaryimage"},"thumbnailUrl":"https:\/\/alcedrix.com\/wp-content\/uploads\/2023\/09\/osteoblock-forte.png","datePublished":"2023-09-12T11:39:43+00:00","dateModified":"2024-07-26T12:36:35+00:00","breadcrumb":{"@id":"http:\/\/alcedrix.com\/shop\/osteoblock-forte-60tbl\/#breadcrumb"},"inLanguage":"sq","potentialAction":[{"@type":"ReadAction","target":["http:\/\/alcedrix.com\/shop\/osteoblock-forte-60tbl\/"]}]},{"@type":"ImageObject","inLanguage":"sq","@id":"http:\/\/alcedrix.com\/shop\/osteoblock-forte-60tbl\/#primaryimage","url":"https:\/\/alcedrix.com\/wp-content\/uploads\/2023\/09\/osteoblock-forte.png","contentUrl":"https:\/\/alcedrix.com\/wp-content\/uploads\/2023\/09\/osteoblock-forte.png","width":600,"height":600},{"@type":"BreadcrumbList","@id":"http:\/\/alcedrix.com\/shop\/osteoblock-forte-60tbl\/#breadcrumb","itemListElement":[{"@type":"ListItem","position":1,"name":"Home","item":"https:\/\/alcedrix.com\/"},{"@type":"ListItem","position":2,"name":"Shop","item":"https:\/\/alcedrix.com\/shop\/"},{"@type":"ListItem","position":3,"name":"Osteoblock\u00ae Forte 60 tableta"}]},{"@type":"WebSite","@id":"https:\/\/alcedrix.com\/#website","url":"https:\/\/alcedrix.com\/","name":"Alcedrix","description":"Alcedrix","publisher":{"@id":"https:\/\/alcedrix.com\/#organization"},"potentialAction":[{"@type":"SearchAction","target":{"@type":"EntryPoint","urlTemplate":"https:\/\/alcedrix.com\/?s={search_term_string}"},"query-input":{"@type":"PropertyValueSpecification","valueRequired":true,"valueName":"search_term_string"}}],"inLanguage":"sq"},{"@type":"Organization","@id":"https:\/\/alcedrix.com\/#organization","name":"Alcedrix","url":"https:\/\/alcedrix.com\/","logo":{"@type":"ImageObject","inLanguage":"sq","@id":"https:\/\/alcedrix.com\/#\/schema\/logo\/image\/","url":"http:\/\/3.126.27.25\/wp-content\/uploads\/2023\/08\/logo-web.png","contentUrl":"http:\/\/3.126.27.25\/wp-content\/uploads\/2023\/08\/logo-web.png","width":492,"height":93,"caption":"Alcedrix"},"image":{"@id":"https:\/\/alcedrix.com\/#\/schema\/logo\/image\/"},"sameAs":["https:\/\/www.facebook.com\/alcedrix","https:\/\/www.instagram.com\/alcedrix"]}]}},"_links":{"self":[{"href":"https:\/\/alcedrix.com\/sq\/wp-json\/wp\/v2\/product\/8043"}],"collection":[{"href":"https:\/\/alcedrix.com\/sq\/wp-json\/wp\/v2\/product"}],"about":[{"href":"https:\/\/alcedrix.com\/sq\/wp-json\/wp\/v2\/types\/product"}],"version-history":[{"count":1,"href":"https:\/\/alcedrix.com\/sq\/wp-json\/wp\/v2\/product\/8043\/revisions"}],"predecessor-version":[{"id":9381,"href":"https:\/\/alcedrix.com\/sq\/wp-json\/wp\/v2\/product\/8043\/revisions\/9381"}],"wp:featuredmedia":[{"embeddable":true,"href":"https:\/\/alcedrix.com\/sq\/wp-json\/wp\/v2\/media\/8044"}],"wp:attachment":[{"href":"https:\/\/alcedrix.com\/sq\/wp-json\/wp\/v2\/media?parent=8043"}],"wp:term":[{"taxonomy":"product_cat","embeddable":true,"href":"https:\/\/alcedrix.com\/sq\/wp-json\/wp\/v2\/product_cat?post=8043"},{"taxonomy":"product_tag","embeddable":true,"href":"https:\/\/alcedrix.com\/sq\/wp-json\/wp\/v2\/product_tag?post=8043"}],"curies":[{"name":"wp","href":"https:\/\/api.w.org\/{rel}","templated":true}]}}