{"id":8035,"date":"2023-09-11T15:28:13","date_gmt":"2023-09-11T15:28:13","guid":{"rendered":"http:\/\/3.126.27.25\/?post_type=product&#038;p=8035"},"modified":"2024-07-26T12:43:28","modified_gmt":"2024-07-26T12:43:28","slug":"oliovita-balm-10ml","status":"publish","type":"product","link":"https:\/\/alcedrix.com\/sq\/shop\/oliovita-balm-10ml\/","title":{"rendered":"OlioVita Balm\u00ae 10ml"},"content":{"rendered":"<p>Balsam p\u00ebr riparim t\u00eb buz\u00ebve me ekstrakt t\u00eb Gjemba\u00e7 detit (Hippophae rhamnoides), Ekstraktit t\u00eb Centell\u00ebs Aziatike<br \/>\n(Centella Asiatica extract), Acidit Hialuronik dhe Aloe Ver\u00ebs. Ushqen, riparon dhe mbron buz\u00ebt e thara dhe t\u00eb plasaritura, si dhe hund\u00ebn e irrituar p\u00ebr shkak t\u00eb p\u00ebrb\u00ebr\u00ebsve me funksion rigjenerues n\u00eb l\u00ebkur\u00eb.<\/p>\n<p><strong>Efektet e p\u00ebrb\u00ebr\u00ebsve aktiv:<\/strong><\/p>\n<p>EKSTRAKTI I GJEMA\u00c7IT T\u00cb DETIT (Hippophae rhamnoides):<\/p>\n<ul>\n<li>Hidraton dhe promovon rigjenerimin dhe mbrojtjen e buz\u00ebve dhe t\u00eb hund\u00ebs<\/li>\n<\/ul>\n<p>EKSTRAKTI I ALOE VER\u00cbS<\/p>\n<ul>\n<li>Veti anti-inflamatore dhe antioksiduese per shkak te komponimeve fenolike,<\/li>\n<li>Veti antibakteriale dhe antifungale.<\/li>\n<\/ul>\n<p>EKSTRAKTI I CENTELL\u00cbS AZIATIKE (Centella Asiatica Extract)<\/p>\n<ul>\n<li>Veti sh\u00ebruese.<\/li>\n<li>Veti anti-inflamatore, antioksiduese dhe hidratuese.<\/li>\n<\/ul>\n<p>ACIDI HIALURONIK<\/p>\n<ul>\n<li>Kontribuon n\u00eb rigjenerimin e l\u00ebkur\u00ebs dhe ndihmon n\u00eb p\u00ebrshpejtimin e sh\u00ebrimit t\u00eb plag\u00ebve t\u00eb vogla.<\/li>\n<li>Ka veprim t\u00eb trefisht\u00eb: lubrifikon, hidraton dhe qet\u00ebson l\u00ebkur\u00ebn.<\/li>\n<\/ul>\n<p><strong>M\u00ebnyra e p\u00ebrdorimit:<\/strong> Aplikoni n\u00eb buz\u00eb dhe hund\u00eb sipas nevoj\u00ebs. Mos aplikoni mbi ulcerat, plag\u00ebt e hapura ose t\u00eb infektuara. Shmangni kontaktin me syrin.<\/p>","protected":false},"excerpt":{"rendered":"<p>Hund e qet\u00eb dhe buz\u00eb t\u00eb buta.<\/p>","protected":false},"featured_media":8036,"template":"","meta":[],"product_cat":[117,118,102,95],"product_tag":[],"class_list":{"0":"post-8035","1":"product","2":"type-product","3":"status-publish","4":"has-post-thumbnail","6":"product_cat-hidratim","7":"product_cat-kozmetike","8":"product_cat-lekura-dhe-floku","9":"product_cat-vitae","11":"first","12":"instock","13":"taxable","14":"shipping-taxable","15":"purchasable","16":"product-type-simple"},"yoast_head":"<!-- This site is optimized with the Yoast SEO plugin v23.6 - https:\/\/yoast.com\/wordpress\/plugins\/seo\/ -->\n<title>OlioVita Balm\u00ae 10ml - Alcedrix<\/title>\n<meta name=\"robots\" content=\"index, follow, max-snippet:-1, max-image-preview:large, max-video-preview:-1\" \/>\n<link rel=\"canonical\" href=\"https:\/\/alcedrix.com\/sq\/shop\/oliovita-balm-10ml\/\" \/>\n<meta property=\"og:locale\" content=\"sq_AL\" \/>\n<meta property=\"og:type\" content=\"article\" \/>\n<meta property=\"og:title\" content=\"OlioVita Balm\u00ae 10ml - Alcedrix\" \/>\n<meta property=\"og:description\" content=\"Hund e qet\u00eb dhe buz\u00eb t\u00eb buta.\" \/>\n<meta property=\"og:url\" content=\"https:\/\/alcedrix.com\/sq\/shop\/oliovita-balm-10ml\/\" \/>\n<meta property=\"og:site_name\" content=\"Alcedrix\" \/>\n<meta property=\"article:publisher\" content=\"https:\/\/www.facebook.com\/alcedrix\" \/>\n<meta property=\"article:modified_time\" content=\"2024-07-26T12:43:28+00:00\" \/>\n<meta property=\"og:image\" content=\"https:\/\/alcedrix.com\/wp-content\/uploads\/2023\/09\/oliovita-balm.png\" \/>\n\t<meta property=\"og:image:width\" content=\"600\" \/>\n\t<meta property=\"og:image:height\" content=\"600\" \/>\n\t<meta property=\"og:image:type\" content=\"image\/png\" \/>\n<meta name=\"twitter:card\" content=\"summary_large_image\" \/>\n<meta name=\"twitter:label1\" content=\"Est. reading time\" \/>\n\t<meta name=\"twitter:data1\" content=\"1 minut\u00eb\" \/>\n<script type=\"application\/ld+json\" class=\"yoast-schema-graph\">{\"@context\":\"https:\/\/schema.org\",\"@graph\":[{\"@type\":\"WebPage\",\"@id\":\"https:\/\/alcedrix.com\/sq\/shop\/oliovita-balm-10ml\/\",\"url\":\"https:\/\/alcedrix.com\/sq\/shop\/oliovita-balm-10ml\/\",\"name\":\"OlioVita Balm\u00ae 10ml - Alcedrix\",\"isPartOf\":{\"@id\":\"https:\/\/alcedrix.com\/#website\"},\"primaryImageOfPage\":{\"@id\":\"https:\/\/alcedrix.com\/sq\/shop\/oliovita-balm-10ml\/#primaryimage\"},\"image\":{\"@id\":\"https:\/\/alcedrix.com\/sq\/shop\/oliovita-balm-10ml\/#primaryimage\"},\"thumbnailUrl\":\"https:\/\/alcedrix.com\/wp-content\/uploads\/2023\/09\/oliovita-balm.png\",\"datePublished\":\"2023-09-11T15:28:13+00:00\",\"dateModified\":\"2024-07-26T12:43:28+00:00\",\"breadcrumb\":{\"@id\":\"https:\/\/alcedrix.com\/sq\/shop\/oliovita-balm-10ml\/#breadcrumb\"},\"inLanguage\":\"sq\",\"potentialAction\":[{\"@type\":\"ReadAction\",\"target\":[\"https:\/\/alcedrix.com\/sq\/shop\/oliovita-balm-10ml\/\"]}]},{\"@type\":\"ImageObject\",\"inLanguage\":\"sq\",\"@id\":\"https:\/\/alcedrix.com\/sq\/shop\/oliovita-balm-10ml\/#primaryimage\",\"url\":\"https:\/\/alcedrix.com\/wp-content\/uploads\/2023\/09\/oliovita-balm.png\",\"contentUrl\":\"https:\/\/alcedrix.com\/wp-content\/uploads\/2023\/09\/oliovita-balm.png\",\"width\":600,\"height\":600},{\"@type\":\"BreadcrumbList\",\"@id\":\"https:\/\/alcedrix.com\/sq\/shop\/oliovita-balm-10ml\/#breadcrumb\",\"itemListElement\":[{\"@type\":\"ListItem\",\"position\":1,\"name\":\"Home\",\"item\":\"https:\/\/alcedrix.com\/\"},{\"@type\":\"ListItem\",\"position\":2,\"name\":\"Shop\",\"item\":\"https:\/\/alcedrix.com\/shop\/\"},{\"@type\":\"ListItem\",\"position\":3,\"name\":\"OlioVita Balm\u00ae 10ml\"}]},{\"@type\":\"WebSite\",\"@id\":\"https:\/\/alcedrix.com\/#website\",\"url\":\"https:\/\/alcedrix.com\/\",\"name\":\"Alcedrix\",\"description\":\"Alcedrix\",\"publisher\":{\"@id\":\"https:\/\/alcedrix.com\/#organization\"},\"potentialAction\":[{\"@type\":\"SearchAction\",\"target\":{\"@type\":\"EntryPoint\",\"urlTemplate\":\"https:\/\/alcedrix.com\/?s={search_term_string}\"},\"query-input\":{\"@type\":\"PropertyValueSpecification\",\"valueRequired\":true,\"valueName\":\"search_term_string\"}}],\"inLanguage\":\"sq\"},{\"@type\":\"Organization\",\"@id\":\"https:\/\/alcedrix.com\/#organization\",\"name\":\"Alcedrix\",\"url\":\"https:\/\/alcedrix.com\/\",\"logo\":{\"@type\":\"ImageObject\",\"inLanguage\":\"sq\",\"@id\":\"https:\/\/alcedrix.com\/#\/schema\/logo\/image\/\",\"url\":\"http:\/\/3.126.27.25\/wp-content\/uploads\/2023\/08\/logo-web.png\",\"contentUrl\":\"http:\/\/3.126.27.25\/wp-content\/uploads\/2023\/08\/logo-web.png\",\"width\":492,\"height\":93,\"caption\":\"Alcedrix\"},\"image\":{\"@id\":\"https:\/\/alcedrix.com\/#\/schema\/logo\/image\/\"},\"sameAs\":[\"https:\/\/www.facebook.com\/alcedrix\",\"https:\/\/www.instagram.com\/alcedrix\"]}]}<\/script>\n<!-- \/ Yoast SEO plugin. -->","yoast_head_json":{"title":"OlioVita Balm\u00ae 10ml - Alcedrix","robots":{"index":"index","follow":"follow","max-snippet":"max-snippet:-1","max-image-preview":"max-image-preview:large","max-video-preview":"max-video-preview:-1"},"canonical":"https:\/\/alcedrix.com\/sq\/shop\/oliovita-balm-10ml\/","og_locale":"sq_AL","og_type":"article","og_title":"OlioVita Balm\u00ae 10ml - Alcedrix","og_description":"Hund e qet\u00eb dhe buz\u00eb t\u00eb buta.","og_url":"https:\/\/alcedrix.com\/sq\/shop\/oliovita-balm-10ml\/","og_site_name":"Alcedrix","article_publisher":"https:\/\/www.facebook.com\/alcedrix","article_modified_time":"2024-07-26T12:43:28+00:00","og_image":[{"width":600,"height":600,"url":"https:\/\/alcedrix.com\/wp-content\/uploads\/2023\/09\/oliovita-balm.png","type":"image\/png"}],"twitter_card":"summary_large_image","twitter_misc":{"Est. reading time":"1 minut\u00eb"},"schema":{"@context":"https:\/\/schema.org","@graph":[{"@type":"WebPage","@id":"https:\/\/alcedrix.com\/sq\/shop\/oliovita-balm-10ml\/","url":"https:\/\/alcedrix.com\/sq\/shop\/oliovita-balm-10ml\/","name":"OlioVita Balm\u00ae 10ml - Alcedrix","isPartOf":{"@id":"https:\/\/alcedrix.com\/#website"},"primaryImageOfPage":{"@id":"https:\/\/alcedrix.com\/sq\/shop\/oliovita-balm-10ml\/#primaryimage"},"image":{"@id":"https:\/\/alcedrix.com\/sq\/shop\/oliovita-balm-10ml\/#primaryimage"},"thumbnailUrl":"https:\/\/alcedrix.com\/wp-content\/uploads\/2023\/09\/oliovita-balm.png","datePublished":"2023-09-11T15:28:13+00:00","dateModified":"2024-07-26T12:43:28+00:00","breadcrumb":{"@id":"https:\/\/alcedrix.com\/sq\/shop\/oliovita-balm-10ml\/#breadcrumb"},"inLanguage":"sq","potentialAction":[{"@type":"ReadAction","target":["https:\/\/alcedrix.com\/sq\/shop\/oliovita-balm-10ml\/"]}]},{"@type":"ImageObject","inLanguage":"sq","@id":"https:\/\/alcedrix.com\/sq\/shop\/oliovita-balm-10ml\/#primaryimage","url":"https:\/\/alcedrix.com\/wp-content\/uploads\/2023\/09\/oliovita-balm.png","contentUrl":"https:\/\/alcedrix.com\/wp-content\/uploads\/2023\/09\/oliovita-balm.png","width":600,"height":600},{"@type":"BreadcrumbList","@id":"https:\/\/alcedrix.com\/sq\/shop\/oliovita-balm-10ml\/#breadcrumb","itemListElement":[{"@type":"ListItem","position":1,"name":"Home","item":"https:\/\/alcedrix.com\/"},{"@type":"ListItem","position":2,"name":"Shop","item":"https:\/\/alcedrix.com\/shop\/"},{"@type":"ListItem","position":3,"name":"OlioVita Balm\u00ae 10ml"}]},{"@type":"WebSite","@id":"https:\/\/alcedrix.com\/#website","url":"https:\/\/alcedrix.com\/","name":"Alcedrix","description":"Alcedrix","publisher":{"@id":"https:\/\/alcedrix.com\/#organization"},"potentialAction":[{"@type":"SearchAction","target":{"@type":"EntryPoint","urlTemplate":"https:\/\/alcedrix.com\/?s={search_term_string}"},"query-input":{"@type":"PropertyValueSpecification","valueRequired":true,"valueName":"search_term_string"}}],"inLanguage":"sq"},{"@type":"Organization","@id":"https:\/\/alcedrix.com\/#organization","name":"Alcedrix","url":"https:\/\/alcedrix.com\/","logo":{"@type":"ImageObject","inLanguage":"sq","@id":"https:\/\/alcedrix.com\/#\/schema\/logo\/image\/","url":"http:\/\/3.126.27.25\/wp-content\/uploads\/2023\/08\/logo-web.png","contentUrl":"http:\/\/3.126.27.25\/wp-content\/uploads\/2023\/08\/logo-web.png","width":492,"height":93,"caption":"Alcedrix"},"image":{"@id":"https:\/\/alcedrix.com\/#\/schema\/logo\/image\/"},"sameAs":["https:\/\/www.facebook.com\/alcedrix","https:\/\/www.instagram.com\/alcedrix"]}]}},"_links":{"self":[{"href":"https:\/\/alcedrix.com\/sq\/wp-json\/wp\/v2\/product\/8035"}],"collection":[{"href":"https:\/\/alcedrix.com\/sq\/wp-json\/wp\/v2\/product"}],"about":[{"href":"https:\/\/alcedrix.com\/sq\/wp-json\/wp\/v2\/types\/product"}],"version-history":[{"count":1,"href":"https:\/\/alcedrix.com\/sq\/wp-json\/wp\/v2\/product\/8035\/revisions"}],"predecessor-version":[{"id":9383,"href":"https:\/\/alcedrix.com\/sq\/wp-json\/wp\/v2\/product\/8035\/revisions\/9383"}],"wp:featuredmedia":[{"embeddable":true,"href":"https:\/\/alcedrix.com\/sq\/wp-json\/wp\/v2\/media\/8036"}],"wp:attachment":[{"href":"https:\/\/alcedrix.com\/sq\/wp-json\/wp\/v2\/media?parent=8035"}],"wp:term":[{"taxonomy":"product_cat","embeddable":true,"href":"https:\/\/alcedrix.com\/sq\/wp-json\/wp\/v2\/product_cat?post=8035"},{"taxonomy":"product_tag","embeddable":true,"href":"https:\/\/alcedrix.com\/sq\/wp-json\/wp\/v2\/product_tag?post=8035"}],"curies":[{"name":"wp","href":"https:\/\/api.w.org\/{rel}","templated":true}]}}