{"id":8033,"date":"2023-09-11T15:09:19","date_gmt":"2023-09-11T15:09:19","guid":{"rendered":"http:\/\/3.126.27.25\/?post_type=product&#038;p=8033"},"modified":"2024-07-26T13:57:10","modified_gmt":"2024-07-26T13:57:10","slug":"odpormax-60-caps","status":"publish","type":"product","link":"https:\/\/alcedrix.com\/sq\/shop\/odpormax-60-caps\/","title":{"rendered":"Maximarin\u2122 1000mg"},"content":{"rendered":"<p><strong>MAXIMARIN\u2122<\/strong> \u00ebsht\u00eb shtes\u00eb ushqimore n\u00eb form\u00ebn e kapsulave Flow Caps\u2122, q\u00eb p\u00ebrmban nj\u00eb p\u00ebrb\u00ebrje p\u00ebrb\u00ebr\u00ebsish t\u00eb p\u00ebrzgjedhur si vaj m\u00ebl\u00e7ie t\u00eb peshkaqenit me cil\u00ebsi t\u00eb lart\u00eb dhe vitamina A, E, D, si dhe n\u00eb form\u00ebn e peletave inovative, zink n\u00eb form\u00eb e kelatit t\u00eb aminoacideve shum\u00eb t\u00eb absorbueshme Albion\u00ae (bisglicinat zinku) dhe ekstrakti i hudhr\u00ebs i standardizuar n\u00eb p\u00ebrmbajtjen e alicin\u00ebs dhe allin\u00ebs.<\/p>\n<p>Vaji i m\u00ebl\u00e7is\u00eb s\u00eb peshkaqenit me cil\u00ebsi t\u00eb lart\u00eb \u00ebsht\u00eb i standardizuar n\u00eb 20% alkilglicerole dhe sukalen\u00eb, komponime q\u00eb i p\u00ebrkasin grupit t\u00eb lipideve t\u00eb pranishme natyrsh\u00ebm n\u00eb trupin e njeriut, me p\u00ebrqendrime m\u00eb t\u00eb larta n\u00eb palc\u00ebn e eshtrave dhe n\u00eb l\u00ebkur\u00eb.<\/p>\n<p>Vitaminat A dhe D t\u00eb p\u00ebrfshira n\u00eb produkt si dhe ekstrakti i zinkut dhe hudhr\u00ebs ndikojn\u00eb n\u00eb m\u00ebnyr\u00eb t\u00eb dobishme n\u00eb funksionimin e duhur t\u00eb sistemit imunitar.<\/p>\n<p>P\u00ebrve\u00e7 k\u00ebsaj, studimet mbi hudhr\u00ebn kan\u00eb treguar se ajo mund t\u00eb kontribuoj\u00eb n\u00eb ruajtjen e ekuilibrit bakterial t\u00eb traktit gastrointestinal dhe n\u00eb mbrojtjen kund\u00ebr mikroorganizmave t\u00eb d\u00ebmsh\u00ebm (bakteret, k\u00ebrpudhat) dhe gjithashtu kontribuon n\u00eb funksionimin e duhur t\u00eb zemr\u00ebs dhe sistemit t\u00eb qarkullimit t\u00eb gjakut, ndihmon n\u00eb ruajtjen e kolesterolit dhe lipideve t\u00eb duhura n\u00eb nivel n\u00eb gjak.<\/p>\n<p>Gjithashtu, vitamina D ndihmon n\u00eb ruajtjen e kockave dhe dh\u00ebmb\u00ebve t\u00eb sh\u00ebndetsh\u00ebm, kontribuon n\u00eb p\u00ebrthithjen e duhur t\u00eb kalciumit dhe fosforit dhe n\u00eb ruajtjen e nivelit t\u00eb duhur t\u00eb kalciumit n\u00eb gjak, si dhe merr pjes\u00eb n\u00eb procesin e ndarjes s\u00eb qelizave.<\/p>\n<p>Vitamina A luan nj\u00eb rol n\u00eb procesin e specializimit t\u00eb qelizave.<\/p>\n<p>Vitamina E dhe zinku ndihmojn\u00eb n\u00eb mbrojtjen e qelizave nga stresi oksidativ.<\/p>\n<p>MAXIMARIN\u2122 n\u00eb form\u00ebn e kapsulave t\u00eb l\u00ebngshme, prodhohet me p\u00ebrdorimin e teknologjis\u00eb inovative Flow Caps Liquid Technology\u00ae e cila siguron p\u00ebrthithje t\u00eb shpejt\u00eb n\u00eb trup, duke ruajtur cil\u00ebsin\u00eb e lart\u00eb t\u00eb p\u00ebrb\u00ebr\u00ebsve dhe parandalon oksidimin e substancave aktive.<\/p>\n<p><strong>M\u00ebnyra e p\u00ebrdorimit:<\/strong> 2 kapsula n\u00eb dit\u00eb. Rekomandohet t\u00eb konsumohen me sasi t\u00eb konsiderueshme t\u00eb ujit.<\/p>","protected":false},"excerpt":{"rendered":"<p>Fuqi maksimale n\u00eb mbrojtjen e organizmit. 1000mg vaj t\u00eb m\u00eblqis\u00eb s\u00eb peshkaqenit.<\/p>","protected":false},"featured_media":8034,"template":"","meta":[],"product_cat":[114,109,96,104,101],"product_tag":[],"class_list":{"0":"post-8033","1":"product","2":"type-product","3":"status-publish","4":"has-post-thumbnail","6":"product_cat-eshtra-dhe-nyje","7":"product_cat-mbrojtje","8":"product_cat-olimp","9":"product_cat-shtese-ushqimore","10":"product_cat-te-rritur","12":"first","13":"instock","14":"taxable","15":"shipping-taxable","16":"purchasable","17":"product-type-simple"},"yoast_head":"<!-- This site is optimized with the Yoast SEO plugin v23.6 - https:\/\/yoast.com\/wordpress\/plugins\/seo\/ -->\n<title>Maximarin\u2122 1000mg - Alcedrix<\/title>\n<meta name=\"robots\" content=\"index, follow, max-snippet:-1, max-image-preview:large, max-video-preview:-1\" \/>\n<link rel=\"canonical\" href=\"https:\/\/alcedrix.com\/sq\/shop\/odpormax-60-caps\/\" \/>\n<meta property=\"og:locale\" content=\"sq_AL\" \/>\n<meta property=\"og:type\" content=\"article\" \/>\n<meta property=\"og:title\" content=\"Maximarin\u2122 1000mg - Alcedrix\" \/>\n<meta property=\"og:description\" content=\"Fuqi maksimale n\u00eb mbrojtjen e organizmit. 1000mg vaj t\u00eb m\u00eblqis\u00eb s\u00eb peshkaqenit.\" \/>\n<meta property=\"og:url\" content=\"https:\/\/alcedrix.com\/sq\/shop\/odpormax-60-caps\/\" \/>\n<meta property=\"og:site_name\" content=\"Alcedrix\" \/>\n<meta property=\"article:publisher\" content=\"https:\/\/www.facebook.com\/alcedrix\" \/>\n<meta property=\"article:modified_time\" content=\"2024-07-26T13:57:10+00:00\" \/>\n<meta property=\"og:image\" content=\"https:\/\/alcedrix.com\/wp-content\/uploads\/2023\/09\/maximarin.png\" \/>\n\t<meta property=\"og:image:width\" content=\"600\" \/>\n\t<meta property=\"og:image:height\" content=\"600\" \/>\n\t<meta property=\"og:image:type\" content=\"image\/png\" \/>\n<meta name=\"twitter:card\" content=\"summary_large_image\" \/>\n<meta name=\"twitter:label1\" content=\"Est. reading time\" \/>\n\t<meta name=\"twitter:data1\" content=\"2 minuta\" \/>\n<script type=\"application\/ld+json\" class=\"yoast-schema-graph\">{\"@context\":\"https:\/\/schema.org\",\"@graph\":[{\"@type\":\"WebPage\",\"@id\":\"https:\/\/alcedrix.com\/shop\/odpormax-60-caps\/\",\"url\":\"https:\/\/alcedrix.com\/shop\/odpormax-60-caps\/\",\"name\":\"Maximarin\u2122 1000mg - Alcedrix\",\"isPartOf\":{\"@id\":\"https:\/\/alcedrix.com\/#website\"},\"primaryImageOfPage\":{\"@id\":\"https:\/\/alcedrix.com\/shop\/odpormax-60-caps\/#primaryimage\"},\"image\":{\"@id\":\"https:\/\/alcedrix.com\/shop\/odpormax-60-caps\/#primaryimage\"},\"thumbnailUrl\":\"https:\/\/alcedrix.com\/wp-content\/uploads\/2023\/09\/maximarin.png\",\"datePublished\":\"2023-09-11T15:09:19+00:00\",\"dateModified\":\"2024-07-26T13:57:10+00:00\",\"breadcrumb\":{\"@id\":\"https:\/\/alcedrix.com\/shop\/odpormax-60-caps\/#breadcrumb\"},\"inLanguage\":\"sq\",\"potentialAction\":[{\"@type\":\"ReadAction\",\"target\":[\"https:\/\/alcedrix.com\/shop\/odpormax-60-caps\/\"]}]},{\"@type\":\"ImageObject\",\"inLanguage\":\"sq\",\"@id\":\"https:\/\/alcedrix.com\/shop\/odpormax-60-caps\/#primaryimage\",\"url\":\"https:\/\/alcedrix.com\/wp-content\/uploads\/2023\/09\/maximarin.png\",\"contentUrl\":\"https:\/\/alcedrix.com\/wp-content\/uploads\/2023\/09\/maximarin.png\",\"width\":600,\"height\":600},{\"@type\":\"BreadcrumbList\",\"@id\":\"https:\/\/alcedrix.com\/shop\/odpormax-60-caps\/#breadcrumb\",\"itemListElement\":[{\"@type\":\"ListItem\",\"position\":1,\"name\":\"Home\",\"item\":\"https:\/\/alcedrix.com\/\"},{\"@type\":\"ListItem\",\"position\":2,\"name\":\"Shop\",\"item\":\"https:\/\/alcedrix.com\/shop\/\"},{\"@type\":\"ListItem\",\"position\":3,\"name\":\"Maximarin\u2122 1000mg\"}]},{\"@type\":\"WebSite\",\"@id\":\"https:\/\/alcedrix.com\/#website\",\"url\":\"https:\/\/alcedrix.com\/\",\"name\":\"Alcedrix\",\"description\":\"Alcedrix\",\"publisher\":{\"@id\":\"https:\/\/alcedrix.com\/#organization\"},\"potentialAction\":[{\"@type\":\"SearchAction\",\"target\":{\"@type\":\"EntryPoint\",\"urlTemplate\":\"https:\/\/alcedrix.com\/?s={search_term_string}\"},\"query-input\":{\"@type\":\"PropertyValueSpecification\",\"valueRequired\":true,\"valueName\":\"search_term_string\"}}],\"inLanguage\":\"sq\"},{\"@type\":\"Organization\",\"@id\":\"https:\/\/alcedrix.com\/#organization\",\"name\":\"Alcedrix\",\"url\":\"https:\/\/alcedrix.com\/\",\"logo\":{\"@type\":\"ImageObject\",\"inLanguage\":\"sq\",\"@id\":\"https:\/\/alcedrix.com\/#\/schema\/logo\/image\/\",\"url\":\"http:\/\/3.126.27.25\/wp-content\/uploads\/2023\/08\/logo-web.png\",\"contentUrl\":\"http:\/\/3.126.27.25\/wp-content\/uploads\/2023\/08\/logo-web.png\",\"width\":492,\"height\":93,\"caption\":\"Alcedrix\"},\"image\":{\"@id\":\"https:\/\/alcedrix.com\/#\/schema\/logo\/image\/\"},\"sameAs\":[\"https:\/\/www.facebook.com\/alcedrix\",\"https:\/\/www.instagram.com\/alcedrix\"]}]}<\/script>\n<!-- \/ Yoast SEO plugin. -->","yoast_head_json":{"title":"Maximarin\u2122 1000mg - Alcedrix","robots":{"index":"index","follow":"follow","max-snippet":"max-snippet:-1","max-image-preview":"max-image-preview:large","max-video-preview":"max-video-preview:-1"},"canonical":"https:\/\/alcedrix.com\/sq\/shop\/odpormax-60-caps\/","og_locale":"sq_AL","og_type":"article","og_title":"Maximarin\u2122 1000mg - Alcedrix","og_description":"Fuqi maksimale n\u00eb mbrojtjen e organizmit. 1000mg vaj t\u00eb m\u00eblqis\u00eb s\u00eb peshkaqenit.","og_url":"https:\/\/alcedrix.com\/sq\/shop\/odpormax-60-caps\/","og_site_name":"Alcedrix","article_publisher":"https:\/\/www.facebook.com\/alcedrix","article_modified_time":"2024-07-26T13:57:10+00:00","og_image":[{"width":600,"height":600,"url":"https:\/\/alcedrix.com\/wp-content\/uploads\/2023\/09\/maximarin.png","type":"image\/png"}],"twitter_card":"summary_large_image","twitter_misc":{"Est. reading time":"2 minuta"},"schema":{"@context":"https:\/\/schema.org","@graph":[{"@type":"WebPage","@id":"https:\/\/alcedrix.com\/shop\/odpormax-60-caps\/","url":"https:\/\/alcedrix.com\/shop\/odpormax-60-caps\/","name":"Maximarin\u2122 1000mg - Alcedrix","isPartOf":{"@id":"https:\/\/alcedrix.com\/#website"},"primaryImageOfPage":{"@id":"https:\/\/alcedrix.com\/shop\/odpormax-60-caps\/#primaryimage"},"image":{"@id":"https:\/\/alcedrix.com\/shop\/odpormax-60-caps\/#primaryimage"},"thumbnailUrl":"https:\/\/alcedrix.com\/wp-content\/uploads\/2023\/09\/maximarin.png","datePublished":"2023-09-11T15:09:19+00:00","dateModified":"2024-07-26T13:57:10+00:00","breadcrumb":{"@id":"https:\/\/alcedrix.com\/shop\/odpormax-60-caps\/#breadcrumb"},"inLanguage":"sq","potentialAction":[{"@type":"ReadAction","target":["https:\/\/alcedrix.com\/shop\/odpormax-60-caps\/"]}]},{"@type":"ImageObject","inLanguage":"sq","@id":"https:\/\/alcedrix.com\/shop\/odpormax-60-caps\/#primaryimage","url":"https:\/\/alcedrix.com\/wp-content\/uploads\/2023\/09\/maximarin.png","contentUrl":"https:\/\/alcedrix.com\/wp-content\/uploads\/2023\/09\/maximarin.png","width":600,"height":600},{"@type":"BreadcrumbList","@id":"https:\/\/alcedrix.com\/shop\/odpormax-60-caps\/#breadcrumb","itemListElement":[{"@type":"ListItem","position":1,"name":"Home","item":"https:\/\/alcedrix.com\/"},{"@type":"ListItem","position":2,"name":"Shop","item":"https:\/\/alcedrix.com\/shop\/"},{"@type":"ListItem","position":3,"name":"Maximarin\u2122 1000mg"}]},{"@type":"WebSite","@id":"https:\/\/alcedrix.com\/#website","url":"https:\/\/alcedrix.com\/","name":"Alcedrix","description":"Alcedrix","publisher":{"@id":"https:\/\/alcedrix.com\/#organization"},"potentialAction":[{"@type":"SearchAction","target":{"@type":"EntryPoint","urlTemplate":"https:\/\/alcedrix.com\/?s={search_term_string}"},"query-input":{"@type":"PropertyValueSpecification","valueRequired":true,"valueName":"search_term_string"}}],"inLanguage":"sq"},{"@type":"Organization","@id":"https:\/\/alcedrix.com\/#organization","name":"Alcedrix","url":"https:\/\/alcedrix.com\/","logo":{"@type":"ImageObject","inLanguage":"sq","@id":"https:\/\/alcedrix.com\/#\/schema\/logo\/image\/","url":"http:\/\/3.126.27.25\/wp-content\/uploads\/2023\/08\/logo-web.png","contentUrl":"http:\/\/3.126.27.25\/wp-content\/uploads\/2023\/08\/logo-web.png","width":492,"height":93,"caption":"Alcedrix"},"image":{"@id":"https:\/\/alcedrix.com\/#\/schema\/logo\/image\/"},"sameAs":["https:\/\/www.facebook.com\/alcedrix","https:\/\/www.instagram.com\/alcedrix"]}]}},"_links":{"self":[{"href":"https:\/\/alcedrix.com\/sq\/wp-json\/wp\/v2\/product\/8033"}],"collection":[{"href":"https:\/\/alcedrix.com\/sq\/wp-json\/wp\/v2\/product"}],"about":[{"href":"https:\/\/alcedrix.com\/sq\/wp-json\/wp\/v2\/types\/product"}],"version-history":[{"count":1,"href":"https:\/\/alcedrix.com\/sq\/wp-json\/wp\/v2\/product\/8033\/revisions"}],"predecessor-version":[{"id":9385,"href":"https:\/\/alcedrix.com\/sq\/wp-json\/wp\/v2\/product\/8033\/revisions\/9385"}],"wp:featuredmedia":[{"embeddable":true,"href":"https:\/\/alcedrix.com\/sq\/wp-json\/wp\/v2\/media\/8034"}],"wp:attachment":[{"href":"https:\/\/alcedrix.com\/sq\/wp-json\/wp\/v2\/media?parent=8033"}],"wp:term":[{"taxonomy":"product_cat","embeddable":true,"href":"https:\/\/alcedrix.com\/sq\/wp-json\/wp\/v2\/product_cat?post=8033"},{"taxonomy":"product_tag","embeddable":true,"href":"https:\/\/alcedrix.com\/sq\/wp-json\/wp\/v2\/product_tag?post=8033"}],"curies":[{"name":"wp","href":"https:\/\/api.w.org\/{rel}","templated":true}]}}