{"id":8031,"date":"2023-09-11T14:57:24","date_gmt":"2023-09-11T14:57:24","guid":{"rendered":"http:\/\/3.126.27.25\/?post_type=product&#038;p=8031"},"modified":"2024-07-26T13:58:31","modified_gmt":"2024-07-26T13:58:31","slug":"magvita-20tbl","status":"publish","type":"product","link":"https:\/\/alcedrix.com\/sq\/shop\/magvita-20tbl\/","title":{"rendered":"MagVita\u00ae 20 Tableta"},"content":{"rendered":"<p><strong>MagVita\u00ae<\/strong> \u00ebsht\u00eb shtes\u00eb ushqimore me biodisponibilitet t\u00eb lart\u00eb, me baz\u00eb t\u00eb 6 krip\u00ebrave t\u00eb magnezit t\u00eb kombinuara me vitamin\u00eb B6 dhe taurin\u00eb. Fal\u00eb p\u00ebrb\u00ebrjes s\u00eb tij, ndihmon n\u00eb ruajtjen e sh\u00ebndetit muskuloskeletor n\u00eb gjendje t\u00eb mir\u00eb.<\/p>\n<p>Tensioni muskulor ndodh kur p\u00ebr shkak t\u00eb tkurrjes s\u00eb vazhdueshme t\u00eb nj\u00eb ose m\u00eb shum\u00eb muskujve. Kur u n\u00ebnshtrohemi aktiviteteve ose situatave q\u00eb i mbingarkojn\u00eb dhe i lodhin, ato reagojn\u00eb p\u00ebr t&#8217;u mbrojtur nga p\u00ebrpjekjet dhe kontraktimet dhe mund t\u00eb themi se \u00ebsht\u00eb p\u00ebrgjigja e natyrshme e muskujve ndaj mbingarkes\u00ebs. Tensioni muskulor nuk dallon gjinin\u00eb apo mosh\u00ebn dhe mund t\u00eb prek\u00eb si f\u00ebmij\u00ebt ashtu edhe burrat dhe grat\u00eb e moshave t\u00eb ndryshme. Shfaqet kryesisht n\u00eb qaf\u00eb, qaf\u00ebn e mitr\u00ebs dhe shpin\u00eb, dhe n\u00eb \u00e7do grup muskulor q\u00eb i n\u00ebnshtrohet stresit t\u00eb tepruar.<\/p>\n<p>P\u00ebrfitimet e magnezit p\u00ebr gjendjen e mir\u00eb t\u00eb muskujve dhe kontributin n\u00eb funksionimin e duhur t\u00eb tyre jan\u00eb t\u00eb njohura prej koh\u00ebsh. N\u00eb dit\u00ebt e sotme, p\u00ebr shkak t\u00eb rritjes t\u00eb aktiviteteve sportive, mbajtja e muskujve, ky\u00e7eve, k\u00ebrcit dhe tendinave n\u00eb kushte normale \u00ebsht\u00eb shum\u00eb e r\u00ebnd\u00ebsishme. N\u00ebse e mbajm\u00eb sh\u00ebndetin ton\u00eb muskuloskeletor n\u00eb gjendje t\u00eb mir\u00eb, mund t\u00eb shmangim probleme shum\u00eb t\u00eb shpeshta si kontraktimet, mbingarkesat e tendinit (tendiniti), dhimbjet e shpin\u00ebs (dhimbjet e mesit), frakturat, ndrydhjet ose mavijosjet.<\/p>\n<p><strong>Rekomandohet p\u00ebr:<\/strong><\/p>\n<ul>\n<li>Personat q\u00eb konsumojn\u00eb ushqim me nivele t\u00eb ulta t\u00eb Magnezit,<\/li>\n<li>Personat q\u00eb kan\u00eb aktivitet t\u00eb ngjeshur ditor,<\/li>\n<li>P\u00ebrmir\u00ebsim t\u00eb sistemit neuro-muskular,<\/li>\n<li>Rregullim t\u00eb konstipacionit (kapsll\u00ebkut),<\/li>\n<li>Problemet digjestive (Redukton acidin n\u00eb stomak),<\/li>\n<li>Personat q\u00eb vuajn\u00eb nga s\u00ebmundje t\u00eb ndryshme kronike (veshka, zemra),<\/li>\n<li>Personat q\u00eb vuajn\u00eb nga aritmia,<\/li>\n<li>Personat q\u00eb vuajn\u00eb nga astma,<\/li>\n<li>Dhimbje t\u00eb shkaktuara nga d\u00ebmtimet nervore,<\/li>\n<li>Paraliza cerebrale ( Paraliza e trurit),<\/li>\n<li>Sindrom\u00ebn e lodhjes kronike,<\/li>\n<li>Dhimbjen e krah\u00ebrorit,<\/li>\n<li>Luftimin e Fibroz\u00ebs Cistike,<\/li>\n<li>Ngadal\u00ebsimin e efektit t\u00eb diabetit n\u00eb sistem nervor,<\/li>\n<li>Parandalimin e r\u00ebnies s\u00eb flokut,<\/li>\n<li>Uljen e kolesterolit,<\/li>\n<li>Dhimbjeve post kirurgjikale dhe<\/li>\n<li>Sindrom\u00ebs para-menstruale (luhatjes s\u00eb disponimit)<\/li>\n<\/ul>\n<p><strong>M\u00ebnyra e p\u00ebrdorimit:<\/strong> 2 tableta n\u00eb dit\u00eb. Rekomandohet t\u00eb konsumohen 1 n\u00eb m\u00ebngjes, 1 n\u00eb mbr\u00ebmje, para ushqimit. Konsumi t\u00eb shoq\u00ebrohet me nj\u00eb got\u00eb uj\u00eb.<\/p>","protected":false},"excerpt":{"rendered":"<p>Kontribuon n\u00eb funksionimin normal t\u00eb muskujve fal\u00eb p\u00ebrmbajtjes s\u00eb magnezit.<\/p>","protected":false},"featured_media":8032,"template":"","meta":[],"product_cat":[114,109,104,101,95],"product_tag":[],"class_list":{"0":"post-8031","1":"product","2":"type-product","3":"status-publish","4":"has-post-thumbnail","6":"product_cat-eshtra-dhe-nyje","7":"product_cat-mbrojtje","8":"product_cat-shtese-ushqimore","9":"product_cat-te-rritur","10":"product_cat-vitae","12":"first","13":"instock","14":"taxable","15":"shipping-taxable","16":"purchasable","17":"product-type-simple"},"yoast_head":"<!-- This site is optimized with the Yoast SEO plugin v23.6 - https:\/\/yoast.com\/wordpress\/plugins\/seo\/ -->\n<title>MagVita\u00ae 20 Tableta - Alcedrix<\/title>\n<meta name=\"robots\" content=\"index, follow, max-snippet:-1, max-image-preview:large, max-video-preview:-1\" \/>\n<link rel=\"canonical\" href=\"https:\/\/alcedrix.com\/sq\/shop\/magvita-20tbl\/\" \/>\n<meta property=\"og:locale\" content=\"sq_AL\" \/>\n<meta property=\"og:type\" content=\"article\" \/>\n<meta property=\"og:title\" content=\"MagVita\u00ae 20 Tableta - Alcedrix\" \/>\n<meta property=\"og:description\" content=\"Kontribuon n\u00eb funksionimin normal t\u00eb muskujve fal\u00eb p\u00ebrmbajtjes s\u00eb magnezit.\" \/>\n<meta property=\"og:url\" content=\"https:\/\/alcedrix.com\/sq\/shop\/magvita-20tbl\/\" \/>\n<meta property=\"og:site_name\" content=\"Alcedrix\" \/>\n<meta property=\"article:publisher\" content=\"https:\/\/www.facebook.com\/alcedrix\" \/>\n<meta property=\"article:modified_time\" content=\"2024-07-26T13:58:31+00:00\" \/>\n<meta property=\"og:image\" content=\"https:\/\/alcedrix.com\/wp-content\/uploads\/2023\/09\/magvita.png\" \/>\n\t<meta property=\"og:image:width\" content=\"600\" \/>\n\t<meta property=\"og:image:height\" content=\"600\" \/>\n\t<meta property=\"og:image:type\" content=\"image\/png\" \/>\n<meta name=\"twitter:card\" content=\"summary_large_image\" \/>\n<meta name=\"twitter:label1\" content=\"Est. reading time\" \/>\n\t<meta name=\"twitter:data1\" content=\"2 minuta\" \/>\n<script type=\"application\/ld+json\" class=\"yoast-schema-graph\">{\"@context\":\"https:\/\/schema.org\",\"@graph\":[{\"@type\":\"WebPage\",\"@id\":\"https:\/\/alcedrix.com\/shop\/magvita-20tbl\/\",\"url\":\"https:\/\/alcedrix.com\/shop\/magvita-20tbl\/\",\"name\":\"MagVita\u00ae 20 Tableta - Alcedrix\",\"isPartOf\":{\"@id\":\"https:\/\/alcedrix.com\/#website\"},\"primaryImageOfPage\":{\"@id\":\"https:\/\/alcedrix.com\/shop\/magvita-20tbl\/#primaryimage\"},\"image\":{\"@id\":\"https:\/\/alcedrix.com\/shop\/magvita-20tbl\/#primaryimage\"},\"thumbnailUrl\":\"https:\/\/alcedrix.com\/wp-content\/uploads\/2023\/09\/magvita.png\",\"datePublished\":\"2023-09-11T14:57:24+00:00\",\"dateModified\":\"2024-07-26T13:58:31+00:00\",\"breadcrumb\":{\"@id\":\"https:\/\/alcedrix.com\/shop\/magvita-20tbl\/#breadcrumb\"},\"inLanguage\":\"sq\",\"potentialAction\":[{\"@type\":\"ReadAction\",\"target\":[\"https:\/\/alcedrix.com\/shop\/magvita-20tbl\/\"]}]},{\"@type\":\"ImageObject\",\"inLanguage\":\"sq\",\"@id\":\"https:\/\/alcedrix.com\/shop\/magvita-20tbl\/#primaryimage\",\"url\":\"https:\/\/alcedrix.com\/wp-content\/uploads\/2023\/09\/magvita.png\",\"contentUrl\":\"https:\/\/alcedrix.com\/wp-content\/uploads\/2023\/09\/magvita.png\",\"width\":600,\"height\":600},{\"@type\":\"BreadcrumbList\",\"@id\":\"https:\/\/alcedrix.com\/shop\/magvita-20tbl\/#breadcrumb\",\"itemListElement\":[{\"@type\":\"ListItem\",\"position\":1,\"name\":\"Home\",\"item\":\"https:\/\/alcedrix.com\/\"},{\"@type\":\"ListItem\",\"position\":2,\"name\":\"Shop\",\"item\":\"https:\/\/alcedrix.com\/shop\/\"},{\"@type\":\"ListItem\",\"position\":3,\"name\":\"MagVita\u00ae 20 Tableta\"}]},{\"@type\":\"WebSite\",\"@id\":\"https:\/\/alcedrix.com\/#website\",\"url\":\"https:\/\/alcedrix.com\/\",\"name\":\"Alcedrix\",\"description\":\"Alcedrix\",\"publisher\":{\"@id\":\"https:\/\/alcedrix.com\/#organization\"},\"potentialAction\":[{\"@type\":\"SearchAction\",\"target\":{\"@type\":\"EntryPoint\",\"urlTemplate\":\"https:\/\/alcedrix.com\/?s={search_term_string}\"},\"query-input\":{\"@type\":\"PropertyValueSpecification\",\"valueRequired\":true,\"valueName\":\"search_term_string\"}}],\"inLanguage\":\"sq\"},{\"@type\":\"Organization\",\"@id\":\"https:\/\/alcedrix.com\/#organization\",\"name\":\"Alcedrix\",\"url\":\"https:\/\/alcedrix.com\/\",\"logo\":{\"@type\":\"ImageObject\",\"inLanguage\":\"sq\",\"@id\":\"https:\/\/alcedrix.com\/#\/schema\/logo\/image\/\",\"url\":\"http:\/\/3.126.27.25\/wp-content\/uploads\/2023\/08\/logo-web.png\",\"contentUrl\":\"http:\/\/3.126.27.25\/wp-content\/uploads\/2023\/08\/logo-web.png\",\"width\":492,\"height\":93,\"caption\":\"Alcedrix\"},\"image\":{\"@id\":\"https:\/\/alcedrix.com\/#\/schema\/logo\/image\/\"},\"sameAs\":[\"https:\/\/www.facebook.com\/alcedrix\",\"https:\/\/www.instagram.com\/alcedrix\"]}]}<\/script>\n<!-- \/ Yoast SEO plugin. -->","yoast_head_json":{"title":"MagVita\u00ae 20 Tableta - Alcedrix","robots":{"index":"index","follow":"follow","max-snippet":"max-snippet:-1","max-image-preview":"max-image-preview:large","max-video-preview":"max-video-preview:-1"},"canonical":"https:\/\/alcedrix.com\/sq\/shop\/magvita-20tbl\/","og_locale":"sq_AL","og_type":"article","og_title":"MagVita\u00ae 20 Tableta - Alcedrix","og_description":"Kontribuon n\u00eb funksionimin normal t\u00eb muskujve fal\u00eb p\u00ebrmbajtjes s\u00eb magnezit.","og_url":"https:\/\/alcedrix.com\/sq\/shop\/magvita-20tbl\/","og_site_name":"Alcedrix","article_publisher":"https:\/\/www.facebook.com\/alcedrix","article_modified_time":"2024-07-26T13:58:31+00:00","og_image":[{"width":600,"height":600,"url":"https:\/\/alcedrix.com\/wp-content\/uploads\/2023\/09\/magvita.png","type":"image\/png"}],"twitter_card":"summary_large_image","twitter_misc":{"Est. reading time":"2 minuta"},"schema":{"@context":"https:\/\/schema.org","@graph":[{"@type":"WebPage","@id":"https:\/\/alcedrix.com\/shop\/magvita-20tbl\/","url":"https:\/\/alcedrix.com\/shop\/magvita-20tbl\/","name":"MagVita\u00ae 20 Tableta - Alcedrix","isPartOf":{"@id":"https:\/\/alcedrix.com\/#website"},"primaryImageOfPage":{"@id":"https:\/\/alcedrix.com\/shop\/magvita-20tbl\/#primaryimage"},"image":{"@id":"https:\/\/alcedrix.com\/shop\/magvita-20tbl\/#primaryimage"},"thumbnailUrl":"https:\/\/alcedrix.com\/wp-content\/uploads\/2023\/09\/magvita.png","datePublished":"2023-09-11T14:57:24+00:00","dateModified":"2024-07-26T13:58:31+00:00","breadcrumb":{"@id":"https:\/\/alcedrix.com\/shop\/magvita-20tbl\/#breadcrumb"},"inLanguage":"sq","potentialAction":[{"@type":"ReadAction","target":["https:\/\/alcedrix.com\/shop\/magvita-20tbl\/"]}]},{"@type":"ImageObject","inLanguage":"sq","@id":"https:\/\/alcedrix.com\/shop\/magvita-20tbl\/#primaryimage","url":"https:\/\/alcedrix.com\/wp-content\/uploads\/2023\/09\/magvita.png","contentUrl":"https:\/\/alcedrix.com\/wp-content\/uploads\/2023\/09\/magvita.png","width":600,"height":600},{"@type":"BreadcrumbList","@id":"https:\/\/alcedrix.com\/shop\/magvita-20tbl\/#breadcrumb","itemListElement":[{"@type":"ListItem","position":1,"name":"Home","item":"https:\/\/alcedrix.com\/"},{"@type":"ListItem","position":2,"name":"Shop","item":"https:\/\/alcedrix.com\/shop\/"},{"@type":"ListItem","position":3,"name":"MagVita\u00ae 20 Tableta"}]},{"@type":"WebSite","@id":"https:\/\/alcedrix.com\/#website","url":"https:\/\/alcedrix.com\/","name":"Alcedrix","description":"Alcedrix","publisher":{"@id":"https:\/\/alcedrix.com\/#organization"},"potentialAction":[{"@type":"SearchAction","target":{"@type":"EntryPoint","urlTemplate":"https:\/\/alcedrix.com\/?s={search_term_string}"},"query-input":{"@type":"PropertyValueSpecification","valueRequired":true,"valueName":"search_term_string"}}],"inLanguage":"sq"},{"@type":"Organization","@id":"https:\/\/alcedrix.com\/#organization","name":"Alcedrix","url":"https:\/\/alcedrix.com\/","logo":{"@type":"ImageObject","inLanguage":"sq","@id":"https:\/\/alcedrix.com\/#\/schema\/logo\/image\/","url":"http:\/\/3.126.27.25\/wp-content\/uploads\/2023\/08\/logo-web.png","contentUrl":"http:\/\/3.126.27.25\/wp-content\/uploads\/2023\/08\/logo-web.png","width":492,"height":93,"caption":"Alcedrix"},"image":{"@id":"https:\/\/alcedrix.com\/#\/schema\/logo\/image\/"},"sameAs":["https:\/\/www.facebook.com\/alcedrix","https:\/\/www.instagram.com\/alcedrix"]}]}},"_links":{"self":[{"href":"https:\/\/alcedrix.com\/sq\/wp-json\/wp\/v2\/product\/8031"}],"collection":[{"href":"https:\/\/alcedrix.com\/sq\/wp-json\/wp\/v2\/product"}],"about":[{"href":"https:\/\/alcedrix.com\/sq\/wp-json\/wp\/v2\/types\/product"}],"version-history":[{"count":0,"href":"https:\/\/alcedrix.com\/sq\/wp-json\/wp\/v2\/product\/8031\/revisions"}],"wp:featuredmedia":[{"embeddable":true,"href":"https:\/\/alcedrix.com\/sq\/wp-json\/wp\/v2\/media\/8032"}],"wp:attachment":[{"href":"https:\/\/alcedrix.com\/sq\/wp-json\/wp\/v2\/media?parent=8031"}],"wp:term":[{"taxonomy":"product_cat","embeddable":true,"href":"https:\/\/alcedrix.com\/sq\/wp-json\/wp\/v2\/product_cat?post=8031"},{"taxonomy":"product_tag","embeddable":true,"href":"https:\/\/alcedrix.com\/sq\/wp-json\/wp\/v2\/product_tag?post=8031"}],"curies":[{"name":"wp","href":"https:\/\/api.w.org\/{rel}","templated":true}]}}