{"id":8024,"date":"2023-09-11T14:48:18","date_gmt":"2023-09-11T14:48:18","guid":{"rendered":"http:\/\/3.126.27.25\/?post_type=product&#038;p=8024"},"modified":"2024-07-26T14:13:55","modified_gmt":"2024-07-26T14:13:55","slug":"kolonbiotic-7gg-10caps","status":"publish","type":"product","link":"https:\/\/alcedrix.com\/sq\/shop\/kolonbiotic-7gg-10caps\/","title":{"rendered":"Kolonbiotic\u00ae 7GG"},"content":{"rendered":"<p><strong>KOLONBIOTIC\u00ae 7 GG<\/strong> ka p\u00ebr q\u00ebllim plot\u00ebsimin e mikroflor\u00ebs s\u00eb zorr\u00ebve, ve\u00e7an\u00ebrisht gjat\u00eb terapis\u00eb me antibiotik\u00eb dhe 2-3 jav\u00eb pas nd\u00ebrprerjes s\u00eb antibiotikut dhe gjat\u00eb udh\u00ebtimit. Mund t\u00eb p\u00ebrdoret nga f\u00ebmij\u00ebt nga mosha 3 vje\u00e7are si dhe nga t\u00eb rriturit.<\/p>\n<p>KOLONBIOTIC\u00ae 7 GG \u00ebsht\u00eb shtes\u00eb ushqimore q\u00eb p\u00ebrmban baktere t\u00eb acidit laktik t\u00eb zgjedhur posa\u00e7\u00ebrisht t\u00eb llojit Lactobacillus rhamnosus GG, n\u00eb p\u00ebrqendrime jasht\u00ebzakonisht t\u00eb larta deri n\u00eb 7 miliard (7\u00d7109 CFU *) dhe gjithashtu p\u00ebrmban frukto-oligosaccharide q\u00eb jan\u00eb burim natyror i energjis\u00eb p\u00ebr bakteret.<\/p>\n<p>Ky simbiotik modern prodhohet n\u00eb kapsula novatore me zb\u00ebrthim t\u00eb q\u00ebndruesh\u00ebm q\u00eb e b\u00ebn\u00eb t\u00eb p\u00ebrthithsh\u00ebm n\u00eb zorr\u00eb. K\u00ebto kapsula karakterizohen nga rritja e rezistenc\u00ebs ndaj PH-s\u00eb acidike t\u00eb stomakut, duke mbrojtur bakteret nga efektet e saj shkat\u00ebrruese dhe duke i lejuar ato t\u00eb arrijn\u00eb n\u00eb m\u00ebnyr\u00eb t\u00eb sigurt\u00eb n\u00eb zorr\u00eb (sistemin intestinal) duke mund\u00ebsuar kolonizimin e tyre.<\/p>\n<p><strong>Dedikohet p\u00ebr t\u00eb gjith\u00eb personat q\u00eb:<\/strong><\/p>\n<ul>\n<li>P\u00ebrdorin antibiotik\u00eb (rekomandohet t\u00eb konsumohet gjat\u00eb p\u00ebrdorimit deri 2-3 jav\u00eb pas nd\u00ebrprerjes s\u00eb antibiotik\u00ebve).<\/li>\n<li>Udh\u00ebtojn\u00eb jasht\u00eb vendit (duke e nd\u00ebrruar sistemin e ushqimit).<\/li>\n<\/ul>\n<p><strong>M\u00ebnyra e p\u00ebrdorimit:<\/strong> 1 kapsul\u00eb n\u00eb dit\u00eb me shum\u00eb uj\u00eb dhe preferohet gjat\u00eb ngr\u00ebnies. N\u00ebse keni v\u00ebshtir\u00ebsi n\u00eb g\u00eblltitje, kapsula mund t\u00eb hapet dhe p\u00ebrmbajtja mund t\u00eb shp\u00ebrndahet n\u00eb pije n\u00eb temperatur\u00ebn e dhom\u00ebs (p.sh. uj\u00eb, qum\u00ebsht, l\u00ebng i frutave).<\/p>","protected":false},"excerpt":{"rendered":"<p>Simbiotik (Probiotik dhe Prebiotik) me 7 miliard\u00eb baktere t\u00eb mira nga acidi laktik.<\/p>","protected":false},"featured_media":8025,"template":"","meta":[],"product_cat":[108,96,104,123,101,124],"product_tag":[],"class_list":{"0":"post-8024","1":"product","2":"type-product","3":"status-publish","4":"has-post-thumbnail","6":"product_cat-femije","7":"product_cat-olimp","8":"product_cat-shtese-ushqimore","9":"product_cat-stomak","10":"product_cat-te-rritur","11":"product_cat-tretje","13":"first","14":"instock","15":"taxable","16":"shipping-taxable","17":"purchasable","18":"product-type-simple"},"yoast_head":"<!-- This site is optimized with the Yoast SEO plugin v23.6 - https:\/\/yoast.com\/wordpress\/plugins\/seo\/ -->\n<title>Kolonbiotic\u00ae 7GG - Alcedrix<\/title>\n<meta name=\"robots\" content=\"index, follow, max-snippet:-1, max-image-preview:large, max-video-preview:-1\" \/>\n<link rel=\"canonical\" href=\"http:\/\/alcedrix.com\/sq\/shop\/kolonbiotic-7gg-10caps\/\" \/>\n<meta property=\"og:locale\" content=\"sq_AL\" \/>\n<meta property=\"og:type\" content=\"article\" \/>\n<meta property=\"og:title\" content=\"Kolonbiotic\u00ae 7GG - Alcedrix\" \/>\n<meta property=\"og:description\" content=\"Simbiotik (Probiotik dhe Prebiotik) me 7 miliard\u00eb baktere t\u00eb mira nga acidi laktik.\" \/>\n<meta property=\"og:url\" content=\"http:\/\/alcedrix.com\/sq\/shop\/kolonbiotic-7gg-10caps\/\" \/>\n<meta property=\"og:site_name\" content=\"Alcedrix\" \/>\n<meta property=\"article:publisher\" content=\"https:\/\/www.facebook.com\/alcedrix\" \/>\n<meta property=\"article:modified_time\" content=\"2024-07-26T14:13:55+00:00\" \/>\n<meta property=\"og:image\" content=\"http:\/\/alcedrix.com\/wp-content\/uploads\/2023\/09\/kolonbiotic.png\" \/>\n\t<meta property=\"og:image:width\" content=\"600\" \/>\n\t<meta property=\"og:image:height\" content=\"600\" \/>\n\t<meta property=\"og:image:type\" content=\"image\/png\" \/>\n<meta name=\"twitter:card\" content=\"summary_large_image\" \/>\n<meta name=\"twitter:label1\" content=\"Est. reading time\" \/>\n\t<meta name=\"twitter:data1\" content=\"1 minut\u00eb\" \/>\n<script type=\"application\/ld+json\" class=\"yoast-schema-graph\">{\"@context\":\"https:\/\/schema.org\",\"@graph\":[{\"@type\":\"WebPage\",\"@id\":\"http:\/\/alcedrix.com\/shop\/kolonbiotic-7gg-10caps\/\",\"url\":\"http:\/\/alcedrix.com\/shop\/kolonbiotic-7gg-10caps\/\",\"name\":\"Kolonbiotic\u00ae 7GG - Alcedrix\",\"isPartOf\":{\"@id\":\"https:\/\/alcedrix.com\/#website\"},\"primaryImageOfPage\":{\"@id\":\"http:\/\/alcedrix.com\/shop\/kolonbiotic-7gg-10caps\/#primaryimage\"},\"image\":{\"@id\":\"http:\/\/alcedrix.com\/shop\/kolonbiotic-7gg-10caps\/#primaryimage\"},\"thumbnailUrl\":\"https:\/\/alcedrix.com\/wp-content\/uploads\/2023\/09\/kolonbiotic.png\",\"datePublished\":\"2023-09-11T14:48:18+00:00\",\"dateModified\":\"2024-07-26T14:13:55+00:00\",\"breadcrumb\":{\"@id\":\"http:\/\/alcedrix.com\/shop\/kolonbiotic-7gg-10caps\/#breadcrumb\"},\"inLanguage\":\"sq\",\"potentialAction\":[{\"@type\":\"ReadAction\",\"target\":[\"http:\/\/alcedrix.com\/shop\/kolonbiotic-7gg-10caps\/\"]}]},{\"@type\":\"ImageObject\",\"inLanguage\":\"sq\",\"@id\":\"http:\/\/alcedrix.com\/shop\/kolonbiotic-7gg-10caps\/#primaryimage\",\"url\":\"https:\/\/alcedrix.com\/wp-content\/uploads\/2023\/09\/kolonbiotic.png\",\"contentUrl\":\"https:\/\/alcedrix.com\/wp-content\/uploads\/2023\/09\/kolonbiotic.png\",\"width\":600,\"height\":600},{\"@type\":\"BreadcrumbList\",\"@id\":\"http:\/\/alcedrix.com\/shop\/kolonbiotic-7gg-10caps\/#breadcrumb\",\"itemListElement\":[{\"@type\":\"ListItem\",\"position\":1,\"name\":\"Home\",\"item\":\"https:\/\/alcedrix.com\/\"},{\"@type\":\"ListItem\",\"position\":2,\"name\":\"Shop\",\"item\":\"https:\/\/alcedrix.com\/shop\/\"},{\"@type\":\"ListItem\",\"position\":3,\"name\":\"Kolonbiotic\u00ae 7GG\"}]},{\"@type\":\"WebSite\",\"@id\":\"https:\/\/alcedrix.com\/#website\",\"url\":\"https:\/\/alcedrix.com\/\",\"name\":\"Alcedrix\",\"description\":\"Alcedrix\",\"publisher\":{\"@id\":\"https:\/\/alcedrix.com\/#organization\"},\"potentialAction\":[{\"@type\":\"SearchAction\",\"target\":{\"@type\":\"EntryPoint\",\"urlTemplate\":\"https:\/\/alcedrix.com\/?s={search_term_string}\"},\"query-input\":{\"@type\":\"PropertyValueSpecification\",\"valueRequired\":true,\"valueName\":\"search_term_string\"}}],\"inLanguage\":\"sq\"},{\"@type\":\"Organization\",\"@id\":\"https:\/\/alcedrix.com\/#organization\",\"name\":\"Alcedrix\",\"url\":\"https:\/\/alcedrix.com\/\",\"logo\":{\"@type\":\"ImageObject\",\"inLanguage\":\"sq\",\"@id\":\"https:\/\/alcedrix.com\/#\/schema\/logo\/image\/\",\"url\":\"http:\/\/3.126.27.25\/wp-content\/uploads\/2023\/08\/logo-web.png\",\"contentUrl\":\"http:\/\/3.126.27.25\/wp-content\/uploads\/2023\/08\/logo-web.png\",\"width\":492,\"height\":93,\"caption\":\"Alcedrix\"},\"image\":{\"@id\":\"https:\/\/alcedrix.com\/#\/schema\/logo\/image\/\"},\"sameAs\":[\"https:\/\/www.facebook.com\/alcedrix\",\"https:\/\/www.instagram.com\/alcedrix\"]}]}<\/script>\n<!-- \/ Yoast SEO plugin. -->","yoast_head_json":{"title":"Kolonbiotic\u00ae 7GG - Alcedrix","robots":{"index":"index","follow":"follow","max-snippet":"max-snippet:-1","max-image-preview":"max-image-preview:large","max-video-preview":"max-video-preview:-1"},"canonical":"http:\/\/alcedrix.com\/sq\/shop\/kolonbiotic-7gg-10caps\/","og_locale":"sq_AL","og_type":"article","og_title":"Kolonbiotic\u00ae 7GG - Alcedrix","og_description":"Simbiotik (Probiotik dhe Prebiotik) me 7 miliard\u00eb baktere t\u00eb mira nga acidi laktik.","og_url":"http:\/\/alcedrix.com\/sq\/shop\/kolonbiotic-7gg-10caps\/","og_site_name":"Alcedrix","article_publisher":"https:\/\/www.facebook.com\/alcedrix","article_modified_time":"2024-07-26T14:13:55+00:00","og_image":[{"width":600,"height":600,"url":"http:\/\/alcedrix.com\/wp-content\/uploads\/2023\/09\/kolonbiotic.png","type":"image\/png"}],"twitter_card":"summary_large_image","twitter_misc":{"Est. reading time":"1 minut\u00eb"},"schema":{"@context":"https:\/\/schema.org","@graph":[{"@type":"WebPage","@id":"http:\/\/alcedrix.com\/shop\/kolonbiotic-7gg-10caps\/","url":"http:\/\/alcedrix.com\/shop\/kolonbiotic-7gg-10caps\/","name":"Kolonbiotic\u00ae 7GG - Alcedrix","isPartOf":{"@id":"https:\/\/alcedrix.com\/#website"},"primaryImageOfPage":{"@id":"http:\/\/alcedrix.com\/shop\/kolonbiotic-7gg-10caps\/#primaryimage"},"image":{"@id":"http:\/\/alcedrix.com\/shop\/kolonbiotic-7gg-10caps\/#primaryimage"},"thumbnailUrl":"https:\/\/alcedrix.com\/wp-content\/uploads\/2023\/09\/kolonbiotic.png","datePublished":"2023-09-11T14:48:18+00:00","dateModified":"2024-07-26T14:13:55+00:00","breadcrumb":{"@id":"http:\/\/alcedrix.com\/shop\/kolonbiotic-7gg-10caps\/#breadcrumb"},"inLanguage":"sq","potentialAction":[{"@type":"ReadAction","target":["http:\/\/alcedrix.com\/shop\/kolonbiotic-7gg-10caps\/"]}]},{"@type":"ImageObject","inLanguage":"sq","@id":"http:\/\/alcedrix.com\/shop\/kolonbiotic-7gg-10caps\/#primaryimage","url":"https:\/\/alcedrix.com\/wp-content\/uploads\/2023\/09\/kolonbiotic.png","contentUrl":"https:\/\/alcedrix.com\/wp-content\/uploads\/2023\/09\/kolonbiotic.png","width":600,"height":600},{"@type":"BreadcrumbList","@id":"http:\/\/alcedrix.com\/shop\/kolonbiotic-7gg-10caps\/#breadcrumb","itemListElement":[{"@type":"ListItem","position":1,"name":"Home","item":"https:\/\/alcedrix.com\/"},{"@type":"ListItem","position":2,"name":"Shop","item":"https:\/\/alcedrix.com\/shop\/"},{"@type":"ListItem","position":3,"name":"Kolonbiotic\u00ae 7GG"}]},{"@type":"WebSite","@id":"https:\/\/alcedrix.com\/#website","url":"https:\/\/alcedrix.com\/","name":"Alcedrix","description":"Alcedrix","publisher":{"@id":"https:\/\/alcedrix.com\/#organization"},"potentialAction":[{"@type":"SearchAction","target":{"@type":"EntryPoint","urlTemplate":"https:\/\/alcedrix.com\/?s={search_term_string}"},"query-input":{"@type":"PropertyValueSpecification","valueRequired":true,"valueName":"search_term_string"}}],"inLanguage":"sq"},{"@type":"Organization","@id":"https:\/\/alcedrix.com\/#organization","name":"Alcedrix","url":"https:\/\/alcedrix.com\/","logo":{"@type":"ImageObject","inLanguage":"sq","@id":"https:\/\/alcedrix.com\/#\/schema\/logo\/image\/","url":"http:\/\/3.126.27.25\/wp-content\/uploads\/2023\/08\/logo-web.png","contentUrl":"http:\/\/3.126.27.25\/wp-content\/uploads\/2023\/08\/logo-web.png","width":492,"height":93,"caption":"Alcedrix"},"image":{"@id":"https:\/\/alcedrix.com\/#\/schema\/logo\/image\/"},"sameAs":["https:\/\/www.facebook.com\/alcedrix","https:\/\/www.instagram.com\/alcedrix"]}]}},"_links":{"self":[{"href":"https:\/\/alcedrix.com\/sq\/wp-json\/wp\/v2\/product\/8024"}],"collection":[{"href":"https:\/\/alcedrix.com\/sq\/wp-json\/wp\/v2\/product"}],"about":[{"href":"https:\/\/alcedrix.com\/sq\/wp-json\/wp\/v2\/types\/product"}],"version-history":[{"count":1,"href":"https:\/\/alcedrix.com\/sq\/wp-json\/wp\/v2\/product\/8024\/revisions"}],"predecessor-version":[{"id":9388,"href":"https:\/\/alcedrix.com\/sq\/wp-json\/wp\/v2\/product\/8024\/revisions\/9388"}],"wp:featuredmedia":[{"embeddable":true,"href":"https:\/\/alcedrix.com\/sq\/wp-json\/wp\/v2\/media\/8025"}],"wp:attachment":[{"href":"https:\/\/alcedrix.com\/sq\/wp-json\/wp\/v2\/media?parent=8024"}],"wp:term":[{"taxonomy":"product_cat","embeddable":true,"href":"https:\/\/alcedrix.com\/sq\/wp-json\/wp\/v2\/product_cat?post=8024"},{"taxonomy":"product_tag","embeddable":true,"href":"https:\/\/alcedrix.com\/sq\/wp-json\/wp\/v2\/product_tag?post=8024"}],"curies":[{"name":"wp","href":"https:\/\/api.w.org\/{rel}","templated":true}]}}