{"id":8022,"date":"2023-09-11T14:38:25","date_gmt":"2023-09-11T14:38:25","guid":{"rendered":"http:\/\/3.126.27.25\/?post_type=product&#038;p=8022"},"modified":"2024-07-26T14:19:11","modified_gmt":"2024-07-26T14:19:11","slug":"immunovita-kids-30-sache","status":"publish","type":"product","link":"https:\/\/alcedrix.com\/sq\/shop\/immunovita-kids-30-sache\/","title":{"rendered":"ImmunoVita\u00ae Kids"},"content":{"rendered":"<p>Beta-glukanet e majave t\u00eb gjenerat\u00ebs s\u00eb fundit, vitamin\u00eb D3, B6 dhe zink p\u00ebr funksionimin normal t\u00eb sistemit imunitar tek f\u00ebmij\u00ebt.<\/p>\n<p>ImmunoVita Kids \u00ebsht\u00eb shtes\u00eb ushqimore e dedikuar p\u00ebr f\u00ebmij\u00eb, me baz\u00eb t\u00eb beta-glukanit, vitaminave D3, B6 dhe zinkut q\u00eb mban sistemin imunitar n\u00eb gjendje t\u00eb mir\u00eb. Fal\u00eb p\u00ebrb\u00ebrjes s\u00eb tij ndihmon n\u00eb mbrojtjen aktive t\u00eb trupit.<br \/>\nSistemi imunitar \u00ebsht\u00eb ushtria q\u00eb na mbron nga \u00e7do sulm. Por, sulmi m\u00eb i mir\u00eb \u00ebsht\u00eb mbrojtja m\u00eb e mir\u00eb, k\u00ebshtu q\u00eb sa m\u00eb shum\u00eb t\u00eb m\u00ebsojm\u00eb sistemin ton\u00eb imunitar, aq m\u00eb mir\u00eb do t\u00eb jemi t\u00eb mbrojtur.<\/p>\n<p>Sistemi imunitar zakonisht d\u00ebmtohet gjat\u00eb vjesht\u00ebs dhe dimrit pasi ndikohet nga ndryshimet klimatike si i ftohti ose era. Megjith\u00ebse ka shkaqe t\u00eb tjera q\u00eb gjithashtu priren t\u00eb ndikojn\u00eb n\u00eb sistemin ton\u00eb imunitar: Kontakti i p\u00ebrhersh\u00ebm me f\u00ebmij\u00ebt e tjer\u00eb n\u00eb shkoll\u00eb, marrja e pak\u00ebt e disa ushqimeve si perimet ose fruta. Kjo formul\u00eb \u00ebsht\u00eb specifike p\u00ebr f\u00ebmij\u00ebt nga 3 vje\u00e7 deri n\u00eb 12 vje\u00e7 dhe formati i saj n\u00eb qese ndihmon p\u00ebr ta b\u00ebr\u00eb m\u00eb t\u00eb leht\u00eb konsumimin. Produkti \u00ebsht\u00eb pa shije dhe mund t\u00eb p\u00ebrzihet me cdo lloj ushqimi ose pije, pa e bezdisur f\u00ebmij\u00ebn.<\/p>\n<p><strong>Karakteristikat e ImmunoVita Kids:<\/strong><\/p>\n<ul>\n<li>Ndihmon n\u00eb rritjen e mbrojtjes gjat\u00eb stin\u00ebs s\u00eb vjesht\u00ebs dhe dimrit.<\/li>\n<li>Kontribuon n\u00eb p\u00ebrmir\u00ebsimin e gjendjeve patologjike t\u00eb f\u00ebmij\u00ebve me probleme kronike t\u00eb frym\u00ebmarrjes.<\/li>\n<li>Ndihmon trupin t\u00eb mbrohet nga: Bakteret, viruset dhe k\u00ebrpudhat.<\/li>\n<li>Nuk ka shije, k\u00ebshtu q\u00eb \u00ebsht\u00eb m\u00eb e leht\u00eb p\u00ebr f\u00ebmij\u00ebt ta marrin at\u00eb.<\/li>\n<\/ul>\n<p>Ndihmon n\u00eb:<\/p>\n<ul>\n<li>Zbutjen e koll\u00ebs,<\/li>\n<li>Lirimin e frym\u00ebmarrjes,<\/li>\n<li>Ftohjeve,<\/li>\n<li>Zbutjen e simptomave t\u00eb alergjis\u00eb,<\/li>\n<li>Forcimin e organizmit,<\/li>\n<li>Veprim t\u00eb shpejte,<\/li>\n<li>Nga mosha 0+,<\/li>\n<li>100% Natyral.<\/li>\n<\/ul>\n<p><strong>M\u00ebnyra e p\u00ebrdorimit:<\/strong> 0-14 kg \u2013 \u00bd e qeses n\u00eb dit\u00eb; 14kg+ 1 qese n\u00eb dit\u00eb, 5 dit\u00eb. T\u00eb tretet me uj\u00eb ose t\u00eb p\u00ebrzihet me ushqim dhe t\u00eb konsumohet.<\/p>","protected":false},"excerpt":{"rendered":"<p>Veprim i shpejt\u00eb, mbrojtje efektive. Super kombinim i beta-glukanit, vitaminave D3, B6 dhe zinkut.<\/p>","protected":false},"featured_media":8023,"template":"","meta":[],"product_cat":[122,108,107,110,109,104,95],"product_tag":[],"class_list":{"0":"post-8022","1":"product","2":"type-product","3":"status-publish","4":"has-post-thumbnail","6":"product_cat-alergji","7":"product_cat-femije","8":"product_cat-foshnje","9":"product_cat-imunitet","10":"product_cat-mbrojtje","11":"product_cat-shtese-ushqimore","12":"product_cat-vitae","14":"first","15":"instock","16":"taxable","17":"shipping-taxable","18":"purchasable","19":"product-type-simple"},"yoast_head":"<!-- This site is optimized with the Yoast SEO plugin v23.6 - https:\/\/yoast.com\/wordpress\/plugins\/seo\/ -->\n<title>ImmunoVita\u00ae Kids - Alcedrix<\/title>\n<meta name=\"robots\" content=\"index, follow, max-snippet:-1, max-image-preview:large, max-video-preview:-1\" \/>\n<link rel=\"canonical\" href=\"https:\/\/alcedrix.com\/sq\/shop\/immunovita-kids-30-sache\/\" \/>\n<meta property=\"og:locale\" content=\"sq_AL\" \/>\n<meta property=\"og:type\" content=\"article\" \/>\n<meta property=\"og:title\" content=\"ImmunoVita\u00ae Kids - Alcedrix\" \/>\n<meta property=\"og:description\" content=\"Veprim i shpejt\u00eb, mbrojtje efektive. Super kombinim i beta-glukanit, vitaminave D3, B6 dhe zinkut.\" \/>\n<meta property=\"og:url\" content=\"https:\/\/alcedrix.com\/sq\/shop\/immunovita-kids-30-sache\/\" \/>\n<meta property=\"og:site_name\" content=\"Alcedrix\" \/>\n<meta property=\"article:publisher\" content=\"https:\/\/www.facebook.com\/alcedrix\" \/>\n<meta property=\"article:modified_time\" content=\"2024-07-26T14:19:11+00:00\" \/>\n<meta property=\"og:image\" content=\"https:\/\/alcedrix.com\/wp-content\/uploads\/2023\/09\/immunovita-kids.png\" \/>\n\t<meta property=\"og:image:width\" content=\"600\" \/>\n\t<meta property=\"og:image:height\" content=\"600\" \/>\n\t<meta property=\"og:image:type\" content=\"image\/png\" \/>\n<meta name=\"twitter:card\" content=\"summary_large_image\" \/>\n<meta name=\"twitter:label1\" content=\"Est. reading time\" \/>\n\t<meta name=\"twitter:data1\" content=\"2 minuta\" \/>\n<script type=\"application\/ld+json\" class=\"yoast-schema-graph\">{\"@context\":\"https:\/\/schema.org\",\"@graph\":[{\"@type\":\"WebPage\",\"@id\":\"https:\/\/alcedrix.com\/sq\/shop\/immunovita-kids-30-sache\/\",\"url\":\"https:\/\/alcedrix.com\/sq\/shop\/immunovita-kids-30-sache\/\",\"name\":\"ImmunoVita\u00ae Kids - Alcedrix\",\"isPartOf\":{\"@id\":\"https:\/\/alcedrix.com\/#website\"},\"primaryImageOfPage\":{\"@id\":\"https:\/\/alcedrix.com\/sq\/shop\/immunovita-kids-30-sache\/#primaryimage\"},\"image\":{\"@id\":\"https:\/\/alcedrix.com\/sq\/shop\/immunovita-kids-30-sache\/#primaryimage\"},\"thumbnailUrl\":\"https:\/\/alcedrix.com\/wp-content\/uploads\/2023\/09\/immunovita-kids.png\",\"datePublished\":\"2023-09-11T14:38:25+00:00\",\"dateModified\":\"2024-07-26T14:19:11+00:00\",\"breadcrumb\":{\"@id\":\"https:\/\/alcedrix.com\/sq\/shop\/immunovita-kids-30-sache\/#breadcrumb\"},\"inLanguage\":\"sq\",\"potentialAction\":[{\"@type\":\"ReadAction\",\"target\":[\"https:\/\/alcedrix.com\/sq\/shop\/immunovita-kids-30-sache\/\"]}]},{\"@type\":\"ImageObject\",\"inLanguage\":\"sq\",\"@id\":\"https:\/\/alcedrix.com\/sq\/shop\/immunovita-kids-30-sache\/#primaryimage\",\"url\":\"https:\/\/alcedrix.com\/wp-content\/uploads\/2023\/09\/immunovita-kids.png\",\"contentUrl\":\"https:\/\/alcedrix.com\/wp-content\/uploads\/2023\/09\/immunovita-kids.png\",\"width\":600,\"height\":600},{\"@type\":\"BreadcrumbList\",\"@id\":\"https:\/\/alcedrix.com\/sq\/shop\/immunovita-kids-30-sache\/#breadcrumb\",\"itemListElement\":[{\"@type\":\"ListItem\",\"position\":1,\"name\":\"Home\",\"item\":\"https:\/\/alcedrix.com\/\"},{\"@type\":\"ListItem\",\"position\":2,\"name\":\"Shop\",\"item\":\"https:\/\/alcedrix.com\/shop\/\"},{\"@type\":\"ListItem\",\"position\":3,\"name\":\"ImmunoVita\u00ae Kids\"}]},{\"@type\":\"WebSite\",\"@id\":\"https:\/\/alcedrix.com\/#website\",\"url\":\"https:\/\/alcedrix.com\/\",\"name\":\"Alcedrix\",\"description\":\"Alcedrix\",\"publisher\":{\"@id\":\"https:\/\/alcedrix.com\/#organization\"},\"potentialAction\":[{\"@type\":\"SearchAction\",\"target\":{\"@type\":\"EntryPoint\",\"urlTemplate\":\"https:\/\/alcedrix.com\/?s={search_term_string}\"},\"query-input\":{\"@type\":\"PropertyValueSpecification\",\"valueRequired\":true,\"valueName\":\"search_term_string\"}}],\"inLanguage\":\"sq\"},{\"@type\":\"Organization\",\"@id\":\"https:\/\/alcedrix.com\/#organization\",\"name\":\"Alcedrix\",\"url\":\"https:\/\/alcedrix.com\/\",\"logo\":{\"@type\":\"ImageObject\",\"inLanguage\":\"sq\",\"@id\":\"https:\/\/alcedrix.com\/#\/schema\/logo\/image\/\",\"url\":\"http:\/\/3.126.27.25\/wp-content\/uploads\/2023\/08\/logo-web.png\",\"contentUrl\":\"http:\/\/3.126.27.25\/wp-content\/uploads\/2023\/08\/logo-web.png\",\"width\":492,\"height\":93,\"caption\":\"Alcedrix\"},\"image\":{\"@id\":\"https:\/\/alcedrix.com\/#\/schema\/logo\/image\/\"},\"sameAs\":[\"https:\/\/www.facebook.com\/alcedrix\",\"https:\/\/www.instagram.com\/alcedrix\"]}]}<\/script>\n<!-- \/ Yoast SEO plugin. -->","yoast_head_json":{"title":"ImmunoVita\u00ae Kids - Alcedrix","robots":{"index":"index","follow":"follow","max-snippet":"max-snippet:-1","max-image-preview":"max-image-preview:large","max-video-preview":"max-video-preview:-1"},"canonical":"https:\/\/alcedrix.com\/sq\/shop\/immunovita-kids-30-sache\/","og_locale":"sq_AL","og_type":"article","og_title":"ImmunoVita\u00ae Kids - Alcedrix","og_description":"Veprim i shpejt\u00eb, mbrojtje efektive. Super kombinim i beta-glukanit, vitaminave D3, B6 dhe zinkut.","og_url":"https:\/\/alcedrix.com\/sq\/shop\/immunovita-kids-30-sache\/","og_site_name":"Alcedrix","article_publisher":"https:\/\/www.facebook.com\/alcedrix","article_modified_time":"2024-07-26T14:19:11+00:00","og_image":[{"width":600,"height":600,"url":"https:\/\/alcedrix.com\/wp-content\/uploads\/2023\/09\/immunovita-kids.png","type":"image\/png"}],"twitter_card":"summary_large_image","twitter_misc":{"Est. reading time":"2 minuta"},"schema":{"@context":"https:\/\/schema.org","@graph":[{"@type":"WebPage","@id":"https:\/\/alcedrix.com\/sq\/shop\/immunovita-kids-30-sache\/","url":"https:\/\/alcedrix.com\/sq\/shop\/immunovita-kids-30-sache\/","name":"ImmunoVita\u00ae Kids - Alcedrix","isPartOf":{"@id":"https:\/\/alcedrix.com\/#website"},"primaryImageOfPage":{"@id":"https:\/\/alcedrix.com\/sq\/shop\/immunovita-kids-30-sache\/#primaryimage"},"image":{"@id":"https:\/\/alcedrix.com\/sq\/shop\/immunovita-kids-30-sache\/#primaryimage"},"thumbnailUrl":"https:\/\/alcedrix.com\/wp-content\/uploads\/2023\/09\/immunovita-kids.png","datePublished":"2023-09-11T14:38:25+00:00","dateModified":"2024-07-26T14:19:11+00:00","breadcrumb":{"@id":"https:\/\/alcedrix.com\/sq\/shop\/immunovita-kids-30-sache\/#breadcrumb"},"inLanguage":"sq","potentialAction":[{"@type":"ReadAction","target":["https:\/\/alcedrix.com\/sq\/shop\/immunovita-kids-30-sache\/"]}]},{"@type":"ImageObject","inLanguage":"sq","@id":"https:\/\/alcedrix.com\/sq\/shop\/immunovita-kids-30-sache\/#primaryimage","url":"https:\/\/alcedrix.com\/wp-content\/uploads\/2023\/09\/immunovita-kids.png","contentUrl":"https:\/\/alcedrix.com\/wp-content\/uploads\/2023\/09\/immunovita-kids.png","width":600,"height":600},{"@type":"BreadcrumbList","@id":"https:\/\/alcedrix.com\/sq\/shop\/immunovita-kids-30-sache\/#breadcrumb","itemListElement":[{"@type":"ListItem","position":1,"name":"Home","item":"https:\/\/alcedrix.com\/"},{"@type":"ListItem","position":2,"name":"Shop","item":"https:\/\/alcedrix.com\/shop\/"},{"@type":"ListItem","position":3,"name":"ImmunoVita\u00ae Kids"}]},{"@type":"WebSite","@id":"https:\/\/alcedrix.com\/#website","url":"https:\/\/alcedrix.com\/","name":"Alcedrix","description":"Alcedrix","publisher":{"@id":"https:\/\/alcedrix.com\/#organization"},"potentialAction":[{"@type":"SearchAction","target":{"@type":"EntryPoint","urlTemplate":"https:\/\/alcedrix.com\/?s={search_term_string}"},"query-input":{"@type":"PropertyValueSpecification","valueRequired":true,"valueName":"search_term_string"}}],"inLanguage":"sq"},{"@type":"Organization","@id":"https:\/\/alcedrix.com\/#organization","name":"Alcedrix","url":"https:\/\/alcedrix.com\/","logo":{"@type":"ImageObject","inLanguage":"sq","@id":"https:\/\/alcedrix.com\/#\/schema\/logo\/image\/","url":"http:\/\/3.126.27.25\/wp-content\/uploads\/2023\/08\/logo-web.png","contentUrl":"http:\/\/3.126.27.25\/wp-content\/uploads\/2023\/08\/logo-web.png","width":492,"height":93,"caption":"Alcedrix"},"image":{"@id":"https:\/\/alcedrix.com\/#\/schema\/logo\/image\/"},"sameAs":["https:\/\/www.facebook.com\/alcedrix","https:\/\/www.instagram.com\/alcedrix"]}]}},"_links":{"self":[{"href":"https:\/\/alcedrix.com\/sq\/wp-json\/wp\/v2\/product\/8022"}],"collection":[{"href":"https:\/\/alcedrix.com\/sq\/wp-json\/wp\/v2\/product"}],"about":[{"href":"https:\/\/alcedrix.com\/sq\/wp-json\/wp\/v2\/types\/product"}],"version-history":[{"count":1,"href":"https:\/\/alcedrix.com\/sq\/wp-json\/wp\/v2\/product\/8022\/revisions"}],"predecessor-version":[{"id":8026,"href":"https:\/\/alcedrix.com\/sq\/wp-json\/wp\/v2\/product\/8022\/revisions\/8026"}],"wp:featuredmedia":[{"embeddable":true,"href":"https:\/\/alcedrix.com\/sq\/wp-json\/wp\/v2\/media\/8023"}],"wp:attachment":[{"href":"https:\/\/alcedrix.com\/sq\/wp-json\/wp\/v2\/media?parent=8022"}],"wp:term":[{"taxonomy":"product_cat","embeddable":true,"href":"https:\/\/alcedrix.com\/sq\/wp-json\/wp\/v2\/product_cat?post=8022"},{"taxonomy":"product_tag","embeddable":true,"href":"https:\/\/alcedrix.com\/sq\/wp-json\/wp\/v2\/product_tag?post=8022"}],"curies":[{"name":"wp","href":"https:\/\/api.w.org\/{rel}","templated":true}]}}