{"id":8020,"date":"2023-09-11T14:34:23","date_gmt":"2023-09-11T14:34:23","guid":{"rendered":"http:\/\/3.126.27.25\/?post_type=product&#038;p=8020"},"modified":"2024-07-26T14:23:13","modified_gmt":"2024-07-26T14:23:13","slug":"immunovita-30-tbl","status":"publish","type":"product","link":"https:\/\/alcedrix.com\/sq\/shop\/immunovita-30-tbl\/","title":{"rendered":"ImmunoVita\u00ae 30 Kapsula"},"content":{"rendered":"<p>Beta-glukanet e majave t\u00eb gjenerat\u00ebs s\u00eb fundit, vitamin\u00eb D3, B6 dhe zink p\u00ebr funksionimin normal t\u00eb sistemit imunitar<br \/>\nImmunoVita \u00ebsht\u00eb shtes\u00eb ushqimore me baz\u00eb t\u00eb beta-glukanit, vitamin\u00ebs D3, B6 dhe zinkut q\u00eb mban sistemin imunitar n\u00eb gjendje t\u00eb mir\u00eb. Fal\u00eb p\u00ebrb\u00ebrjes s\u00eb tij ndihmon n\u00eb mbrojtjen aktive t\u00eb trupit.<\/p>\n<p>Sistemi imunitar \u00ebsht\u00eb ushtria q\u00eb na mbron nga \u00e7do sulm. Por, sulmi m\u00eb i mir\u00eb \u00ebsht\u00eb mbrojtja m\u00eb e mir\u00eb, k\u00ebshtu q\u00eb sa m\u00eb shum\u00eb t\u00eb m\u00ebsojm\u00eb sistemin ton\u00eb imunitar, aq m\u00eb mir\u00eb do t\u00eb jemi t\u00eb mbrojtur.<br \/>\nAntitrupat jan\u00eb proteinat q\u00eb trupi yn\u00eb gjeneron p\u00ebr t\u00eb na mbrojtur dhe p\u00ebr t\u00eb mbajtur mbrojtjen ton\u00eb n\u00eb gjendje t\u00eb mir\u00eb p\u00ebr nj\u00eb periudh\u00eb kohore. Megjithat\u00eb, duhet theksuar se sistemi imunitar \u00ebsht\u00eb shum\u00eb m\u00eb tep\u00ebr se antitrupat. Ekziston nj\u00eb sistem imunitar m\u00eb primitiv, por po aq efektiv i quajtur sistemi imunitar i lindur. Ky sistem p\u00ebrb\u00ebhet nga nj\u00eb s\u00ebr\u00eb qelizash dhe indesh q\u00eb jan\u00eb pjes\u00eb e trupit ton\u00eb q\u00eb kur kemi lindur. \u00cbsht\u00eb linja e par\u00eb e mbrojtjes. Nuk mund t\u00eb harrojm\u00eb barrierat fizike t\u00eb organizmit ton\u00eb. N\u00ebse l\u00ebkura dhe mukozat tuaja jan\u00eb t\u00eb pandryshuara, ato do t\u00eb ndihmojn\u00eb sistemin ton\u00eb imunitar t\u00eb mbrohet m\u00eb mir\u00eb. Mund t\u00eb themi se jan\u00eb muret e trupit ton\u00eb dhe sa m\u00eb t\u00eb kujdessh\u00ebm t\u00eb jen\u00eb, aq m\u00eb pak pushtime do t\u00eb kemi brenda trupit ton\u00eb.<\/p>\n<p>ImmunoVita \u00ebsht\u00eb shtes\u00eb ushqimore inovative me baz\u00eb n\u00eb beta-glukanit nga majaja q\u00eb ndihmon n\u00eb mbajtjen e trupit ton\u00eb n\u00eb gjendje t\u00eb mir\u00eb. Sistemi imunitar zakonisht d\u00ebmtohet gjat\u00eb vjesht\u00ebs dhe dimrit pasi ndikohet nga ndryshimet klimatike si i ftohti ose era. Ka edhe shum\u00eb shkaqe t\u00eb tjera q\u00eb gjithashtu priren t\u00eb ndikojn\u00eb n\u00eb sistemin ton\u00eb imunitar: stili i jetes\u00ebs, dieta e varf\u00ebr, stresi, ankthi. P\u00ebrve\u00e7 k\u00ebsaj, mbajtja e sistemit imunitar n\u00eb gjendje t\u00eb mir\u00eb mund t\u00eb na ndihmoj\u00eb t\u00eb mbrohemi m\u00eb shum\u00eb nga alergjit\u00eb.<\/p>\n<p><strong>Rekomandohet p\u00ebr:<\/strong><\/p>\n<ul>\n<li>Mir\u00ebmbajtjen dhe funksionimin e sistemit imunitar.<\/li>\n<li>Luftimin e ftohjeve dhe viruseve.<\/li>\n<li>Trajtimin e infeksioneve t\u00eb p\u00ebrs\u00ebritura.<\/li>\n<li>Ngritjen e sistemit mbrojt\u00ebs n\u00eb periudha stresuese.<\/li>\n<li>Ngritjen e sistemit imunitar gjat\u00eb dhe pas trajtimit me antibiotik.<\/li>\n<li>P\u00ebrgatitjen e organizmit para sezoneve t\u00eb alergjive q\u00eb shfaqen n\u00eb pranver\u00eb.<\/li>\n<\/ul>\n<p><strong>M\u00ebnyra e p\u00ebrdorimit:<\/strong> 1 kapsul\u00eb n\u00eb dit\u00eb (mbi mosh\u00ebn 12 vje\u00e7are ose pesh\u00eb minimale prej 40 kg).<\/p>","protected":false},"excerpt":{"rendered":"<p>Veprim i shpejt\u00eb, mbrojtje efektive. Super kombinim i beta-glukanit, vitaminave D3, B6 dhe zinkut.<\/p>","protected":false},"featured_media":8021,"template":"","meta":[],"product_cat":[122,110,109,104,101,95],"product_tag":[],"class_list":{"0":"post-8020","1":"product","2":"type-product","3":"status-publish","4":"has-post-thumbnail","6":"product_cat-alergji","7":"product_cat-imunitet","8":"product_cat-mbrojtje","9":"product_cat-shtese-ushqimore","10":"product_cat-te-rritur","11":"product_cat-vitae","13":"first","14":"instock","15":"taxable","16":"shipping-taxable","17":"purchasable","18":"product-type-simple"},"yoast_head":"<!-- This site is optimized with the Yoast SEO plugin v23.6 - https:\/\/yoast.com\/wordpress\/plugins\/seo\/ -->\n<title>ImmunoVita\u00ae 30 Kapsula - Alcedrix<\/title>\n<meta name=\"robots\" content=\"index, follow, max-snippet:-1, max-image-preview:large, max-video-preview:-1\" \/>\n<link rel=\"canonical\" href=\"https:\/\/alcedrix.com\/sq\/shop\/immunovita-30-tbl\/\" \/>\n<meta property=\"og:locale\" content=\"sq_AL\" \/>\n<meta property=\"og:type\" content=\"article\" \/>\n<meta property=\"og:title\" content=\"ImmunoVita\u00ae 30 Kapsula - Alcedrix\" \/>\n<meta property=\"og:description\" content=\"Veprim i shpejt\u00eb, mbrojtje efektive. Super kombinim i beta-glukanit, vitaminave D3, B6 dhe zinkut.\" \/>\n<meta property=\"og:url\" content=\"https:\/\/alcedrix.com\/sq\/shop\/immunovita-30-tbl\/\" \/>\n<meta property=\"og:site_name\" content=\"Alcedrix\" \/>\n<meta property=\"article:publisher\" content=\"https:\/\/www.facebook.com\/alcedrix\" \/>\n<meta property=\"article:modified_time\" content=\"2024-07-26T14:23:13+00:00\" \/>\n<meta property=\"og:image\" content=\"https:\/\/alcedrix.com\/wp-content\/uploads\/2023\/09\/immunovita30.png\" \/>\n\t<meta property=\"og:image:width\" content=\"600\" \/>\n\t<meta property=\"og:image:height\" content=\"600\" \/>\n\t<meta property=\"og:image:type\" content=\"image\/png\" \/>\n<meta name=\"twitter:card\" content=\"summary_large_image\" \/>\n<meta name=\"twitter:label1\" content=\"Est. reading time\" \/>\n\t<meta name=\"twitter:data1\" content=\"2 minuta\" \/>\n<script type=\"application\/ld+json\" class=\"yoast-schema-graph\">{\"@context\":\"https:\/\/schema.org\",\"@graph\":[{\"@type\":\"WebPage\",\"@id\":\"https:\/\/alcedrix.com\/shop\/immunovita-30-tbl\/\",\"url\":\"https:\/\/alcedrix.com\/shop\/immunovita-30-tbl\/\",\"name\":\"ImmunoVita\u00ae 30 Kapsula - Alcedrix\",\"isPartOf\":{\"@id\":\"https:\/\/alcedrix.com\/#website\"},\"primaryImageOfPage\":{\"@id\":\"https:\/\/alcedrix.com\/shop\/immunovita-30-tbl\/#primaryimage\"},\"image\":{\"@id\":\"https:\/\/alcedrix.com\/shop\/immunovita-30-tbl\/#primaryimage\"},\"thumbnailUrl\":\"https:\/\/alcedrix.com\/wp-content\/uploads\/2023\/09\/immunovita30.png\",\"datePublished\":\"2023-09-11T14:34:23+00:00\",\"dateModified\":\"2024-07-26T14:23:13+00:00\",\"breadcrumb\":{\"@id\":\"https:\/\/alcedrix.com\/shop\/immunovita-30-tbl\/#breadcrumb\"},\"inLanguage\":\"sq\",\"potentialAction\":[{\"@type\":\"ReadAction\",\"target\":[\"https:\/\/alcedrix.com\/shop\/immunovita-30-tbl\/\"]}]},{\"@type\":\"ImageObject\",\"inLanguage\":\"sq\",\"@id\":\"https:\/\/alcedrix.com\/shop\/immunovita-30-tbl\/#primaryimage\",\"url\":\"https:\/\/alcedrix.com\/wp-content\/uploads\/2023\/09\/immunovita30.png\",\"contentUrl\":\"https:\/\/alcedrix.com\/wp-content\/uploads\/2023\/09\/immunovita30.png\",\"width\":600,\"height\":600},{\"@type\":\"BreadcrumbList\",\"@id\":\"https:\/\/alcedrix.com\/shop\/immunovita-30-tbl\/#breadcrumb\",\"itemListElement\":[{\"@type\":\"ListItem\",\"position\":1,\"name\":\"Home\",\"item\":\"https:\/\/alcedrix.com\/\"},{\"@type\":\"ListItem\",\"position\":2,\"name\":\"Shop\",\"item\":\"https:\/\/alcedrix.com\/shop\/\"},{\"@type\":\"ListItem\",\"position\":3,\"name\":\"ImmunoVita\u00ae 30 Kapsula\"}]},{\"@type\":\"WebSite\",\"@id\":\"https:\/\/alcedrix.com\/#website\",\"url\":\"https:\/\/alcedrix.com\/\",\"name\":\"Alcedrix\",\"description\":\"Alcedrix\",\"publisher\":{\"@id\":\"https:\/\/alcedrix.com\/#organization\"},\"potentialAction\":[{\"@type\":\"SearchAction\",\"target\":{\"@type\":\"EntryPoint\",\"urlTemplate\":\"https:\/\/alcedrix.com\/?s={search_term_string}\"},\"query-input\":{\"@type\":\"PropertyValueSpecification\",\"valueRequired\":true,\"valueName\":\"search_term_string\"}}],\"inLanguage\":\"sq\"},{\"@type\":\"Organization\",\"@id\":\"https:\/\/alcedrix.com\/#organization\",\"name\":\"Alcedrix\",\"url\":\"https:\/\/alcedrix.com\/\",\"logo\":{\"@type\":\"ImageObject\",\"inLanguage\":\"sq\",\"@id\":\"https:\/\/alcedrix.com\/#\/schema\/logo\/image\/\",\"url\":\"http:\/\/3.126.27.25\/wp-content\/uploads\/2023\/08\/logo-web.png\",\"contentUrl\":\"http:\/\/3.126.27.25\/wp-content\/uploads\/2023\/08\/logo-web.png\",\"width\":492,\"height\":93,\"caption\":\"Alcedrix\"},\"image\":{\"@id\":\"https:\/\/alcedrix.com\/#\/schema\/logo\/image\/\"},\"sameAs\":[\"https:\/\/www.facebook.com\/alcedrix\",\"https:\/\/www.instagram.com\/alcedrix\"]}]}<\/script>\n<!-- \/ Yoast SEO plugin. -->","yoast_head_json":{"title":"ImmunoVita\u00ae 30 Kapsula - Alcedrix","robots":{"index":"index","follow":"follow","max-snippet":"max-snippet:-1","max-image-preview":"max-image-preview:large","max-video-preview":"max-video-preview:-1"},"canonical":"https:\/\/alcedrix.com\/sq\/shop\/immunovita-30-tbl\/","og_locale":"sq_AL","og_type":"article","og_title":"ImmunoVita\u00ae 30 Kapsula - Alcedrix","og_description":"Veprim i shpejt\u00eb, mbrojtje efektive. Super kombinim i beta-glukanit, vitaminave D3, B6 dhe zinkut.","og_url":"https:\/\/alcedrix.com\/sq\/shop\/immunovita-30-tbl\/","og_site_name":"Alcedrix","article_publisher":"https:\/\/www.facebook.com\/alcedrix","article_modified_time":"2024-07-26T14:23:13+00:00","og_image":[{"width":600,"height":600,"url":"https:\/\/alcedrix.com\/wp-content\/uploads\/2023\/09\/immunovita30.png","type":"image\/png"}],"twitter_card":"summary_large_image","twitter_misc":{"Est. reading time":"2 minuta"},"schema":{"@context":"https:\/\/schema.org","@graph":[{"@type":"WebPage","@id":"https:\/\/alcedrix.com\/shop\/immunovita-30-tbl\/","url":"https:\/\/alcedrix.com\/shop\/immunovita-30-tbl\/","name":"ImmunoVita\u00ae 30 Kapsula - Alcedrix","isPartOf":{"@id":"https:\/\/alcedrix.com\/#website"},"primaryImageOfPage":{"@id":"https:\/\/alcedrix.com\/shop\/immunovita-30-tbl\/#primaryimage"},"image":{"@id":"https:\/\/alcedrix.com\/shop\/immunovita-30-tbl\/#primaryimage"},"thumbnailUrl":"https:\/\/alcedrix.com\/wp-content\/uploads\/2023\/09\/immunovita30.png","datePublished":"2023-09-11T14:34:23+00:00","dateModified":"2024-07-26T14:23:13+00:00","breadcrumb":{"@id":"https:\/\/alcedrix.com\/shop\/immunovita-30-tbl\/#breadcrumb"},"inLanguage":"sq","potentialAction":[{"@type":"ReadAction","target":["https:\/\/alcedrix.com\/shop\/immunovita-30-tbl\/"]}]},{"@type":"ImageObject","inLanguage":"sq","@id":"https:\/\/alcedrix.com\/shop\/immunovita-30-tbl\/#primaryimage","url":"https:\/\/alcedrix.com\/wp-content\/uploads\/2023\/09\/immunovita30.png","contentUrl":"https:\/\/alcedrix.com\/wp-content\/uploads\/2023\/09\/immunovita30.png","width":600,"height":600},{"@type":"BreadcrumbList","@id":"https:\/\/alcedrix.com\/shop\/immunovita-30-tbl\/#breadcrumb","itemListElement":[{"@type":"ListItem","position":1,"name":"Home","item":"https:\/\/alcedrix.com\/"},{"@type":"ListItem","position":2,"name":"Shop","item":"https:\/\/alcedrix.com\/shop\/"},{"@type":"ListItem","position":3,"name":"ImmunoVita\u00ae 30 Kapsula"}]},{"@type":"WebSite","@id":"https:\/\/alcedrix.com\/#website","url":"https:\/\/alcedrix.com\/","name":"Alcedrix","description":"Alcedrix","publisher":{"@id":"https:\/\/alcedrix.com\/#organization"},"potentialAction":[{"@type":"SearchAction","target":{"@type":"EntryPoint","urlTemplate":"https:\/\/alcedrix.com\/?s={search_term_string}"},"query-input":{"@type":"PropertyValueSpecification","valueRequired":true,"valueName":"search_term_string"}}],"inLanguage":"sq"},{"@type":"Organization","@id":"https:\/\/alcedrix.com\/#organization","name":"Alcedrix","url":"https:\/\/alcedrix.com\/","logo":{"@type":"ImageObject","inLanguage":"sq","@id":"https:\/\/alcedrix.com\/#\/schema\/logo\/image\/","url":"http:\/\/3.126.27.25\/wp-content\/uploads\/2023\/08\/logo-web.png","contentUrl":"http:\/\/3.126.27.25\/wp-content\/uploads\/2023\/08\/logo-web.png","width":492,"height":93,"caption":"Alcedrix"},"image":{"@id":"https:\/\/alcedrix.com\/#\/schema\/logo\/image\/"},"sameAs":["https:\/\/www.facebook.com\/alcedrix","https:\/\/www.instagram.com\/alcedrix"]}]}},"_links":{"self":[{"href":"https:\/\/alcedrix.com\/sq\/wp-json\/wp\/v2\/product\/8020"}],"collection":[{"href":"https:\/\/alcedrix.com\/sq\/wp-json\/wp\/v2\/product"}],"about":[{"href":"https:\/\/alcedrix.com\/sq\/wp-json\/wp\/v2\/types\/product"}],"version-history":[{"count":1,"href":"https:\/\/alcedrix.com\/sq\/wp-json\/wp\/v2\/product\/8020\/revisions"}],"predecessor-version":[{"id":9389,"href":"https:\/\/alcedrix.com\/sq\/wp-json\/wp\/v2\/product\/8020\/revisions\/9389"}],"wp:featuredmedia":[{"embeddable":true,"href":"https:\/\/alcedrix.com\/sq\/wp-json\/wp\/v2\/media\/8021"}],"wp:attachment":[{"href":"https:\/\/alcedrix.com\/sq\/wp-json\/wp\/v2\/media?parent=8020"}],"wp:term":[{"taxonomy":"product_cat","embeddable":true,"href":"https:\/\/alcedrix.com\/sq\/wp-json\/wp\/v2\/product_cat?post=8020"},{"taxonomy":"product_tag","embeddable":true,"href":"https:\/\/alcedrix.com\/sq\/wp-json\/wp\/v2\/product_tag?post=8020"}],"curies":[{"name":"wp","href":"https:\/\/api.w.org\/{rel}","templated":true}]}}