{"id":8012,"date":"2023-09-11T14:23:33","date_gmt":"2023-09-11T14:23:33","guid":{"rendered":"http:\/\/3.126.27.25\/?post_type=product&#038;p=8012"},"modified":"2024-07-29T14:00:15","modified_gmt":"2024-07-29T14:00:15","slug":"gold-vot-d3k2-2000iu-30-caps","status":"publish","type":"product","link":"https:\/\/alcedrix.com\/sq\/shop\/gold-vot-d3k2-2000iu-30-caps\/","title":{"rendered":"Gold Vit\u00ae D3 2000IU + K2"},"content":{"rendered":"<p><strong>Gold Vit D3+K2<\/strong> \u00ebsht\u00eb shtes\u00eb ushqimore me formulim inovativ n\u00eb form\u00ebn e kapsulave t\u00eb l\u00ebngshme Flow Caps, q\u00eb p\u00ebrmban doz\u00eb t\u00eb lart\u00eb t\u00eb vitamin\u00ebs D (D3) -2000 IU. Produkti \u00ebsht\u00eb gjithashtu i plot\u00ebsuar me vitamin\u00eb K natyrale nga natto, n\u00eb nj\u00eb form\u00eb shum\u00eb t\u00eb absorbueshme dhe aktive \u2013 menaquinone-7 (vitamin\u00eb K2).<\/p>\n<p>Vitamina D kontribuon n\u00eb funksionimin normal t\u00eb sistemit imunitar, p\u00ebrthithjen normale t\u00eb kalciumit dhe fosforit dhe ruajtjen e kockave dhe dh\u00ebmb\u00ebve normal. Vitamina K kontribuon n\u00eb koagulimin normal t\u00eb gjakut dhe n\u00eb m\u00ebnyr\u00eb t\u00eb ngjashme me vitamin\u00ebn D, ndihmon n\u00eb ruajtjen e kockave t\u00eb sh\u00ebndetshme. Produkti p\u00ebrmban vaj liri me nj\u00eb p\u00ebrmbajtje t\u00eb lart\u00eb t\u00eb acideve yndyrore omega-3, duke p\u00ebrfshir\u00eb acidin alfa-linolenik. Acidi alfa-linolenik (ALA) kontribuon n\u00eb ruajtjen e niveleve normale t\u00eb kolesterolit n\u00eb gjak.<\/p>\n<p>Ky produkt \u00ebsht\u00eb prodhuar nga p\u00ebrdorimi i teknologjis\u00eb inovative Liquid Flow Caps\u00ae e cila siguron p\u00ebrthithje t\u00eb shpejt\u00eb dhe efektive dhe lejon p\u00ebrb\u00ebr\u00ebsit t\u00eb ruajn\u00eb cil\u00ebsin\u00eb e tyre.<\/p>\n<p><strong>M\u00ebnyra e p\u00ebrdorimit:<\/strong> 1 kapsul\u00eb n\u00eb dit\u00eb pas ushqimit ose sipas rekomandimit nga mjeku. Mos i tejkaloni dozat ditore t\u00eb rekomanduara t\u00eb konsumit.<\/p>","protected":false},"excerpt":{"rendered":"<p>Vitamin\u00eb D3 e gjenerat\u00ebs s\u00eb fundit e pasuruar me vitamin\u00eb K e form\u00ebs natyrale.<\/p>","protected":false},"featured_media":8013,"template":"","meta":[],"product_cat":[114,109,96,104,101],"product_tag":[],"class_list":{"0":"post-8012","1":"product","2":"type-product","3":"status-publish","4":"has-post-thumbnail","6":"product_cat-eshtra-dhe-nyje","7":"product_cat-mbrojtje","8":"product_cat-olimp","9":"product_cat-shtese-ushqimore","10":"product_cat-te-rritur","12":"first","13":"instock","14":"taxable","15":"shipping-taxable","16":"purchasable","17":"product-type-simple"},"yoast_head":"<!-- This site is optimized with the Yoast SEO plugin v23.6 - https:\/\/yoast.com\/wordpress\/plugins\/seo\/ -->\n<title>Gold Vit\u00ae D3 2000IU + K2 - Alcedrix<\/title>\n<meta name=\"robots\" content=\"index, follow, max-snippet:-1, max-image-preview:large, max-video-preview:-1\" \/>\n<link rel=\"canonical\" href=\"https:\/\/alcedrix.com\/sq\/shop\/gold-vot-d3k2-2000iu-30-caps\/\" \/>\n<meta property=\"og:locale\" content=\"sq_AL\" \/>\n<meta property=\"og:type\" content=\"article\" \/>\n<meta property=\"og:title\" content=\"Gold Vit\u00ae D3 2000IU + K2 - Alcedrix\" \/>\n<meta property=\"og:description\" content=\"Vitamin\u00eb D3 e gjenerat\u00ebs s\u00eb fundit e pasuruar me vitamin\u00eb K e form\u00ebs natyrale.\" \/>\n<meta property=\"og:url\" content=\"https:\/\/alcedrix.com\/sq\/shop\/gold-vot-d3k2-2000iu-30-caps\/\" \/>\n<meta property=\"og:site_name\" content=\"Alcedrix\" \/>\n<meta property=\"article:publisher\" content=\"https:\/\/www.facebook.com\/alcedrix\" \/>\n<meta property=\"article:modified_time\" content=\"2024-07-29T14:00:15+00:00\" \/>\n<meta property=\"og:image\" content=\"https:\/\/alcedrix.com\/wp-content\/uploads\/2023\/09\/gold-vit-d3k2-2000.png\" \/>\n\t<meta property=\"og:image:width\" content=\"600\" \/>\n\t<meta property=\"og:image:height\" content=\"600\" \/>\n\t<meta property=\"og:image:type\" content=\"image\/png\" \/>\n<meta name=\"twitter:card\" content=\"summary_large_image\" \/>\n<meta name=\"twitter:label1\" content=\"Est. reading time\" \/>\n\t<meta name=\"twitter:data1\" content=\"1 minut\u00eb\" \/>\n<script type=\"application\/ld+json\" class=\"yoast-schema-graph\">{\"@context\":\"https:\/\/schema.org\",\"@graph\":[{\"@type\":\"WebPage\",\"@id\":\"https:\/\/alcedrix.com\/shop\/gold-vot-d3k2-2000iu-30-caps\/\",\"url\":\"https:\/\/alcedrix.com\/shop\/gold-vot-d3k2-2000iu-30-caps\/\",\"name\":\"Gold Vit\u00ae D3 2000IU + K2 - Alcedrix\",\"isPartOf\":{\"@id\":\"https:\/\/alcedrix.com\/#website\"},\"primaryImageOfPage\":{\"@id\":\"https:\/\/alcedrix.com\/shop\/gold-vot-d3k2-2000iu-30-caps\/#primaryimage\"},\"image\":{\"@id\":\"https:\/\/alcedrix.com\/shop\/gold-vot-d3k2-2000iu-30-caps\/#primaryimage\"},\"thumbnailUrl\":\"https:\/\/alcedrix.com\/wp-content\/uploads\/2023\/09\/gold-vit-d3k2-2000.png\",\"datePublished\":\"2023-09-11T14:23:33+00:00\",\"dateModified\":\"2024-07-29T14:00:15+00:00\",\"breadcrumb\":{\"@id\":\"https:\/\/alcedrix.com\/shop\/gold-vot-d3k2-2000iu-30-caps\/#breadcrumb\"},\"inLanguage\":\"sq\",\"potentialAction\":[{\"@type\":\"ReadAction\",\"target\":[\"https:\/\/alcedrix.com\/shop\/gold-vot-d3k2-2000iu-30-caps\/\"]}]},{\"@type\":\"ImageObject\",\"inLanguage\":\"sq\",\"@id\":\"https:\/\/alcedrix.com\/shop\/gold-vot-d3k2-2000iu-30-caps\/#primaryimage\",\"url\":\"https:\/\/alcedrix.com\/wp-content\/uploads\/2023\/09\/gold-vit-d3k2-2000.png\",\"contentUrl\":\"https:\/\/alcedrix.com\/wp-content\/uploads\/2023\/09\/gold-vit-d3k2-2000.png\",\"width\":600,\"height\":600},{\"@type\":\"BreadcrumbList\",\"@id\":\"https:\/\/alcedrix.com\/shop\/gold-vot-d3k2-2000iu-30-caps\/#breadcrumb\",\"itemListElement\":[{\"@type\":\"ListItem\",\"position\":1,\"name\":\"Home\",\"item\":\"https:\/\/alcedrix.com\/\"},{\"@type\":\"ListItem\",\"position\":2,\"name\":\"Shop\",\"item\":\"https:\/\/alcedrix.com\/shop\/\"},{\"@type\":\"ListItem\",\"position\":3,\"name\":\"Gold Vit\u00ae D3 2000IU + K2\"}]},{\"@type\":\"WebSite\",\"@id\":\"https:\/\/alcedrix.com\/#website\",\"url\":\"https:\/\/alcedrix.com\/\",\"name\":\"Alcedrix\",\"description\":\"Alcedrix\",\"publisher\":{\"@id\":\"https:\/\/alcedrix.com\/#organization\"},\"potentialAction\":[{\"@type\":\"SearchAction\",\"target\":{\"@type\":\"EntryPoint\",\"urlTemplate\":\"https:\/\/alcedrix.com\/?s={search_term_string}\"},\"query-input\":{\"@type\":\"PropertyValueSpecification\",\"valueRequired\":true,\"valueName\":\"search_term_string\"}}],\"inLanguage\":\"sq\"},{\"@type\":\"Organization\",\"@id\":\"https:\/\/alcedrix.com\/#organization\",\"name\":\"Alcedrix\",\"url\":\"https:\/\/alcedrix.com\/\",\"logo\":{\"@type\":\"ImageObject\",\"inLanguage\":\"sq\",\"@id\":\"https:\/\/alcedrix.com\/#\/schema\/logo\/image\/\",\"url\":\"http:\/\/3.126.27.25\/wp-content\/uploads\/2023\/08\/logo-web.png\",\"contentUrl\":\"http:\/\/3.126.27.25\/wp-content\/uploads\/2023\/08\/logo-web.png\",\"width\":492,\"height\":93,\"caption\":\"Alcedrix\"},\"image\":{\"@id\":\"https:\/\/alcedrix.com\/#\/schema\/logo\/image\/\"},\"sameAs\":[\"https:\/\/www.facebook.com\/alcedrix\",\"https:\/\/www.instagram.com\/alcedrix\"]}]}<\/script>\n<!-- \/ Yoast SEO plugin. -->","yoast_head_json":{"title":"Gold Vit\u00ae D3 2000IU + K2 - Alcedrix","robots":{"index":"index","follow":"follow","max-snippet":"max-snippet:-1","max-image-preview":"max-image-preview:large","max-video-preview":"max-video-preview:-1"},"canonical":"https:\/\/alcedrix.com\/sq\/shop\/gold-vot-d3k2-2000iu-30-caps\/","og_locale":"sq_AL","og_type":"article","og_title":"Gold Vit\u00ae D3 2000IU + K2 - Alcedrix","og_description":"Vitamin\u00eb D3 e gjenerat\u00ebs s\u00eb fundit e pasuruar me vitamin\u00eb K e form\u00ebs natyrale.","og_url":"https:\/\/alcedrix.com\/sq\/shop\/gold-vot-d3k2-2000iu-30-caps\/","og_site_name":"Alcedrix","article_publisher":"https:\/\/www.facebook.com\/alcedrix","article_modified_time":"2024-07-29T14:00:15+00:00","og_image":[{"width":600,"height":600,"url":"https:\/\/alcedrix.com\/wp-content\/uploads\/2023\/09\/gold-vit-d3k2-2000.png","type":"image\/png"}],"twitter_card":"summary_large_image","twitter_misc":{"Est. reading time":"1 minut\u00eb"},"schema":{"@context":"https:\/\/schema.org","@graph":[{"@type":"WebPage","@id":"https:\/\/alcedrix.com\/shop\/gold-vot-d3k2-2000iu-30-caps\/","url":"https:\/\/alcedrix.com\/shop\/gold-vot-d3k2-2000iu-30-caps\/","name":"Gold Vit\u00ae D3 2000IU + K2 - Alcedrix","isPartOf":{"@id":"https:\/\/alcedrix.com\/#website"},"primaryImageOfPage":{"@id":"https:\/\/alcedrix.com\/shop\/gold-vot-d3k2-2000iu-30-caps\/#primaryimage"},"image":{"@id":"https:\/\/alcedrix.com\/shop\/gold-vot-d3k2-2000iu-30-caps\/#primaryimage"},"thumbnailUrl":"https:\/\/alcedrix.com\/wp-content\/uploads\/2023\/09\/gold-vit-d3k2-2000.png","datePublished":"2023-09-11T14:23:33+00:00","dateModified":"2024-07-29T14:00:15+00:00","breadcrumb":{"@id":"https:\/\/alcedrix.com\/shop\/gold-vot-d3k2-2000iu-30-caps\/#breadcrumb"},"inLanguage":"sq","potentialAction":[{"@type":"ReadAction","target":["https:\/\/alcedrix.com\/shop\/gold-vot-d3k2-2000iu-30-caps\/"]}]},{"@type":"ImageObject","inLanguage":"sq","@id":"https:\/\/alcedrix.com\/shop\/gold-vot-d3k2-2000iu-30-caps\/#primaryimage","url":"https:\/\/alcedrix.com\/wp-content\/uploads\/2023\/09\/gold-vit-d3k2-2000.png","contentUrl":"https:\/\/alcedrix.com\/wp-content\/uploads\/2023\/09\/gold-vit-d3k2-2000.png","width":600,"height":600},{"@type":"BreadcrumbList","@id":"https:\/\/alcedrix.com\/shop\/gold-vot-d3k2-2000iu-30-caps\/#breadcrumb","itemListElement":[{"@type":"ListItem","position":1,"name":"Home","item":"https:\/\/alcedrix.com\/"},{"@type":"ListItem","position":2,"name":"Shop","item":"https:\/\/alcedrix.com\/shop\/"},{"@type":"ListItem","position":3,"name":"Gold Vit\u00ae D3 2000IU + K2"}]},{"@type":"WebSite","@id":"https:\/\/alcedrix.com\/#website","url":"https:\/\/alcedrix.com\/","name":"Alcedrix","description":"Alcedrix","publisher":{"@id":"https:\/\/alcedrix.com\/#organization"},"potentialAction":[{"@type":"SearchAction","target":{"@type":"EntryPoint","urlTemplate":"https:\/\/alcedrix.com\/?s={search_term_string}"},"query-input":{"@type":"PropertyValueSpecification","valueRequired":true,"valueName":"search_term_string"}}],"inLanguage":"sq"},{"@type":"Organization","@id":"https:\/\/alcedrix.com\/#organization","name":"Alcedrix","url":"https:\/\/alcedrix.com\/","logo":{"@type":"ImageObject","inLanguage":"sq","@id":"https:\/\/alcedrix.com\/#\/schema\/logo\/image\/","url":"http:\/\/3.126.27.25\/wp-content\/uploads\/2023\/08\/logo-web.png","contentUrl":"http:\/\/3.126.27.25\/wp-content\/uploads\/2023\/08\/logo-web.png","width":492,"height":93,"caption":"Alcedrix"},"image":{"@id":"https:\/\/alcedrix.com\/#\/schema\/logo\/image\/"},"sameAs":["https:\/\/www.facebook.com\/alcedrix","https:\/\/www.instagram.com\/alcedrix"]}]}},"_links":{"self":[{"href":"https:\/\/alcedrix.com\/sq\/wp-json\/wp\/v2\/product\/8012"}],"collection":[{"href":"https:\/\/alcedrix.com\/sq\/wp-json\/wp\/v2\/product"}],"about":[{"href":"https:\/\/alcedrix.com\/sq\/wp-json\/wp\/v2\/types\/product"}],"version-history":[{"count":1,"href":"https:\/\/alcedrix.com\/sq\/wp-json\/wp\/v2\/product\/8012\/revisions"}],"predecessor-version":[{"id":9397,"href":"https:\/\/alcedrix.com\/sq\/wp-json\/wp\/v2\/product\/8012\/revisions\/9397"}],"wp:featuredmedia":[{"embeddable":true,"href":"https:\/\/alcedrix.com\/sq\/wp-json\/wp\/v2\/media\/8013"}],"wp:attachment":[{"href":"https:\/\/alcedrix.com\/sq\/wp-json\/wp\/v2\/media?parent=8012"}],"wp:term":[{"taxonomy":"product_cat","embeddable":true,"href":"https:\/\/alcedrix.com\/sq\/wp-json\/wp\/v2\/product_cat?post=8012"},{"taxonomy":"product_tag","embeddable":true,"href":"https:\/\/alcedrix.com\/sq\/wp-json\/wp\/v2\/product_tag?post=8012"}],"curies":[{"name":"wp","href":"https:\/\/api.w.org\/{rel}","templated":true}]}}