{"id":8010,"date":"2023-09-11T14:20:57","date_gmt":"2023-09-11T14:20:57","guid":{"rendered":"http:\/\/3.126.27.25\/?post_type=product&#038;p=8010"},"modified":"2024-07-29T13:55:45","modified_gmt":"2024-07-29T13:55:45","slug":"gold-vit-d3-baby-60-caps","status":"publish","type":"product","link":"https:\/\/alcedrix.com\/sq\/shop\/gold-vit-d3-baby-60-caps\/","title":{"rendered":"Gold Vit\u00ae D3 Baby"},"content":{"rendered":"<p>Gold Vit\u00ae D3 Baby \u00ebsht\u00eb shtes\u00eb ushqimore p\u00ebr q\u00ebllime t\u00eb ve\u00e7anta mjek\u00ebsore. Produkti p\u00ebrmban vitamin\u00eb D e nevojshme p\u00ebr rritjen dhe zhvillimin e duhur t\u00eb kockave t\u00eb foshnjave dhe mineralizimin e dh\u00ebmb\u00ebve t\u00eb tyre. P\u00ebr m\u00eb tep\u00ebr, vitamina D ndihmon n\u00eb ruajtjen e nj\u00eb niveli adekuat t\u00eb kalciumit n\u00eb qarkullimin e gjakut dhe promovon p\u00ebrthithjen\/p\u00ebrdorimin e duhur t\u00eb kalciumit dhe fosforit.<\/p>\n<p>Sasit\u00eb e vitamin\u00ebs D t\u00eb prodhuara si rezultat i sintez\u00ebs endogjene i n\u00ebnshtrohen luhatjeve t\u00eb konsiderueshme n\u00eb var\u00ebsi t\u00eb ekspozimit ndaj drit\u00ebs s\u00eb diellit prandaj, p\u00ebrthithja e tij \u00ebsht\u00eb e kufizuar, ve\u00e7an\u00ebrisht n\u00eb vjesht\u00eb dhe dim\u00ebr.<\/p>\n<p>Hulumtimet epidemiologjike tregojn\u00eb se mungesa e vitamin\u00ebs D \u00ebsht\u00eb e zakonshme n\u00eb vendet e Evrop\u00ebs Qendrore. N\u00eb p\u00ebrputhje me rekomandimet e ekspert\u00ebve, vitamina D duhet t\u00eb administrohet q\u00eb n\u00eb dit\u00ebt e para t\u00eb jet\u00ebs, pavar\u00ebsisht nga regjimi i t\u00eb ushqyerit tek t\u00eb porsalindurit (qum\u00ebshti i gjirit, qum\u00ebshti i modifikuar). Produkti Gold Vit\u00ae D3 Baby siguron q\u00eb k\u00ebrkesa e f\u00ebmij\u00ebs p\u00ebr vitamin\u00eb D n\u00eb p\u00ebrputhje me k\u00ebto udh\u00ebzime t\u00eb plot\u00ebsohet t\u00ebr\u00ebsisht.<\/p>\n<p><strong>M\u00ebnyra e p\u00ebrdorimit:<\/strong> 1 kapsul\u00eb n\u00eb dit\u00eb (400 IU vitamin\u00eb D3) ose n\u00ebse \u00ebsht\u00eb rekomanduar ndryshe nga mjeku.<br \/>\nT\u00eb konsumohet gjat\u00eb ushqyerjes. Tundeni kapsul\u00ebn dhe thyejeni maj\u00ebn p\u00ebr ta hapur at\u00eb. Mund ta hapni edhe duke e prer\u00eb maj\u00ebn e kapsul\u00ebs. Shtrydheni kapsul\u00ebn direkt n\u00eb goj\u00eb t\u00eb f\u00ebmij\u00ebs, vendoseni n\u00eb lug\u00eb ose derdheni n\u00eb qum\u00ebsht (shishe \u2013 biberon). Hidheni kapsul\u00ebn n\u00eb kosh t\u00eb mbeturinave dhe sigurohuni q\u00eb mos t\u00eb ket\u00eb kontakt me f\u00ebmij\u00ebn.<\/p>","protected":false},"excerpt":{"rendered":"<p>Produkt\u00a0i dizajnuar q\u00eb t`i p\u00ebrmbush nevojat e thithjes s\u00eb\u00a0vitamin\u00ebs D q\u00eb nga dita e par\u00eb e deri n\u00eb mosh\u00ebn 12\u00a0muajsh.<\/p>","protected":false},"featured_media":8819,"template":"","meta":[],"product_cat":[114,107,109,96,104],"product_tag":[],"class_list":{"0":"post-8010","1":"product","2":"type-product","3":"status-publish","4":"has-post-thumbnail","6":"product_cat-eshtra-dhe-nyje","7":"product_cat-foshnje","8":"product_cat-mbrojtje","9":"product_cat-olimp","10":"product_cat-shtese-ushqimore","12":"first","13":"instock","14":"taxable","15":"shipping-taxable","16":"purchasable","17":"product-type-simple"},"yoast_head":"<!-- This site is optimized with the Yoast SEO plugin v23.6 - https:\/\/yoast.com\/wordpress\/plugins\/seo\/ -->\n<title>Gold Vit\u00ae D3 Baby - Alcedrix<\/title>\n<meta name=\"robots\" content=\"index, follow, max-snippet:-1, max-image-preview:large, max-video-preview:-1\" \/>\n<link rel=\"canonical\" href=\"https:\/\/alcedrix.com\/sq\/shop\/gold-vit-d3-baby-60-caps\/\" \/>\n<meta property=\"og:locale\" content=\"sq_AL\" \/>\n<meta property=\"og:type\" content=\"article\" \/>\n<meta property=\"og:title\" content=\"Gold Vit\u00ae D3 Baby - Alcedrix\" \/>\n<meta property=\"og:description\" content=\"Produkt\u00a0i dizajnuar q\u00eb t`i p\u00ebrmbush nevojat e thithjes s\u00eb\u00a0vitamin\u00ebs D q\u00eb nga dita e par\u00eb e deri n\u00eb mosh\u00ebn 12\u00a0muajsh.\" \/>\n<meta property=\"og:url\" content=\"https:\/\/alcedrix.com\/sq\/shop\/gold-vit-d3-baby-60-caps\/\" \/>\n<meta property=\"og:site_name\" content=\"Alcedrix\" \/>\n<meta property=\"article:publisher\" content=\"https:\/\/www.facebook.com\/alcedrix\" \/>\n<meta property=\"article:modified_time\" content=\"2024-07-29T13:55:45+00:00\" \/>\n<meta property=\"og:image\" content=\"https:\/\/alcedrix.com\/wp-content\/uploads\/2023\/09\/gold_vit_d3_baby_kartonik_60_kaps_0004_0001.jpg\" \/>\n\t<meta property=\"og:image:width\" content=\"2000\" \/>\n\t<meta property=\"og:image:height\" content=\"2000\" \/>\n\t<meta property=\"og:image:type\" content=\"image\/jpeg\" \/>\n<meta name=\"twitter:card\" content=\"summary_large_image\" \/>\n<meta name=\"twitter:label1\" content=\"Est. reading time\" \/>\n\t<meta name=\"twitter:data1\" content=\"1 minut\u00eb\" \/>\n<script type=\"application\/ld+json\" class=\"yoast-schema-graph\">{\"@context\":\"https:\/\/schema.org\",\"@graph\":[{\"@type\":\"WebPage\",\"@id\":\"https:\/\/alcedrix.com\/shop\/gold-vit-d3-baby-60-caps\/\",\"url\":\"https:\/\/alcedrix.com\/shop\/gold-vit-d3-baby-60-caps\/\",\"name\":\"Gold Vit\u00ae D3 Baby - Alcedrix\",\"isPartOf\":{\"@id\":\"https:\/\/alcedrix.com\/#website\"},\"primaryImageOfPage\":{\"@id\":\"https:\/\/alcedrix.com\/shop\/gold-vit-d3-baby-60-caps\/#primaryimage\"},\"image\":{\"@id\":\"https:\/\/alcedrix.com\/shop\/gold-vit-d3-baby-60-caps\/#primaryimage\"},\"thumbnailUrl\":\"https:\/\/alcedrix.com\/wp-content\/uploads\/2023\/09\/gold_vit_d3_baby_kartonik_60_kaps_0004_0001.jpg\",\"datePublished\":\"2023-09-11T14:20:57+00:00\",\"dateModified\":\"2024-07-29T13:55:45+00:00\",\"breadcrumb\":{\"@id\":\"https:\/\/alcedrix.com\/shop\/gold-vit-d3-baby-60-caps\/#breadcrumb\"},\"inLanguage\":\"sq\",\"potentialAction\":[{\"@type\":\"ReadAction\",\"target\":[\"https:\/\/alcedrix.com\/shop\/gold-vit-d3-baby-60-caps\/\"]}]},{\"@type\":\"ImageObject\",\"inLanguage\":\"sq\",\"@id\":\"https:\/\/alcedrix.com\/shop\/gold-vit-d3-baby-60-caps\/#primaryimage\",\"url\":\"https:\/\/alcedrix.com\/wp-content\/uploads\/2023\/09\/gold_vit_d3_baby_kartonik_60_kaps_0004_0001.jpg\",\"contentUrl\":\"https:\/\/alcedrix.com\/wp-content\/uploads\/2023\/09\/gold_vit_d3_baby_kartonik_60_kaps_0004_0001.jpg\",\"width\":2000,\"height\":2000},{\"@type\":\"BreadcrumbList\",\"@id\":\"https:\/\/alcedrix.com\/shop\/gold-vit-d3-baby-60-caps\/#breadcrumb\",\"itemListElement\":[{\"@type\":\"ListItem\",\"position\":1,\"name\":\"Home\",\"item\":\"https:\/\/alcedrix.com\/\"},{\"@type\":\"ListItem\",\"position\":2,\"name\":\"Shop\",\"item\":\"https:\/\/alcedrix.com\/shop\/\"},{\"@type\":\"ListItem\",\"position\":3,\"name\":\"Gold Vit\u00ae D3 Baby\"}]},{\"@type\":\"WebSite\",\"@id\":\"https:\/\/alcedrix.com\/#website\",\"url\":\"https:\/\/alcedrix.com\/\",\"name\":\"Alcedrix\",\"description\":\"Alcedrix\",\"publisher\":{\"@id\":\"https:\/\/alcedrix.com\/#organization\"},\"potentialAction\":[{\"@type\":\"SearchAction\",\"target\":{\"@type\":\"EntryPoint\",\"urlTemplate\":\"https:\/\/alcedrix.com\/?s={search_term_string}\"},\"query-input\":{\"@type\":\"PropertyValueSpecification\",\"valueRequired\":true,\"valueName\":\"search_term_string\"}}],\"inLanguage\":\"sq\"},{\"@type\":\"Organization\",\"@id\":\"https:\/\/alcedrix.com\/#organization\",\"name\":\"Alcedrix\",\"url\":\"https:\/\/alcedrix.com\/\",\"logo\":{\"@type\":\"ImageObject\",\"inLanguage\":\"sq\",\"@id\":\"https:\/\/alcedrix.com\/#\/schema\/logo\/image\/\",\"url\":\"http:\/\/3.126.27.25\/wp-content\/uploads\/2023\/08\/logo-web.png\",\"contentUrl\":\"http:\/\/3.126.27.25\/wp-content\/uploads\/2023\/08\/logo-web.png\",\"width\":492,\"height\":93,\"caption\":\"Alcedrix\"},\"image\":{\"@id\":\"https:\/\/alcedrix.com\/#\/schema\/logo\/image\/\"},\"sameAs\":[\"https:\/\/www.facebook.com\/alcedrix\",\"https:\/\/www.instagram.com\/alcedrix\"]}]}<\/script>\n<!-- \/ Yoast SEO plugin. -->","yoast_head_json":{"title":"Gold Vit\u00ae D3 Baby - Alcedrix","robots":{"index":"index","follow":"follow","max-snippet":"max-snippet:-1","max-image-preview":"max-image-preview:large","max-video-preview":"max-video-preview:-1"},"canonical":"https:\/\/alcedrix.com\/sq\/shop\/gold-vit-d3-baby-60-caps\/","og_locale":"sq_AL","og_type":"article","og_title":"Gold Vit\u00ae D3 Baby - Alcedrix","og_description":"Produkt\u00a0i dizajnuar q\u00eb t`i p\u00ebrmbush nevojat e thithjes s\u00eb\u00a0vitamin\u00ebs D q\u00eb nga dita e par\u00eb e deri n\u00eb mosh\u00ebn 12\u00a0muajsh.","og_url":"https:\/\/alcedrix.com\/sq\/shop\/gold-vit-d3-baby-60-caps\/","og_site_name":"Alcedrix","article_publisher":"https:\/\/www.facebook.com\/alcedrix","article_modified_time":"2024-07-29T13:55:45+00:00","og_image":[{"width":2000,"height":2000,"url":"https:\/\/alcedrix.com\/wp-content\/uploads\/2023\/09\/gold_vit_d3_baby_kartonik_60_kaps_0004_0001.jpg","type":"image\/jpeg"}],"twitter_card":"summary_large_image","twitter_misc":{"Est. reading time":"1 minut\u00eb"},"schema":{"@context":"https:\/\/schema.org","@graph":[{"@type":"WebPage","@id":"https:\/\/alcedrix.com\/shop\/gold-vit-d3-baby-60-caps\/","url":"https:\/\/alcedrix.com\/shop\/gold-vit-d3-baby-60-caps\/","name":"Gold Vit\u00ae D3 Baby - Alcedrix","isPartOf":{"@id":"https:\/\/alcedrix.com\/#website"},"primaryImageOfPage":{"@id":"https:\/\/alcedrix.com\/shop\/gold-vit-d3-baby-60-caps\/#primaryimage"},"image":{"@id":"https:\/\/alcedrix.com\/shop\/gold-vit-d3-baby-60-caps\/#primaryimage"},"thumbnailUrl":"https:\/\/alcedrix.com\/wp-content\/uploads\/2023\/09\/gold_vit_d3_baby_kartonik_60_kaps_0004_0001.jpg","datePublished":"2023-09-11T14:20:57+00:00","dateModified":"2024-07-29T13:55:45+00:00","breadcrumb":{"@id":"https:\/\/alcedrix.com\/shop\/gold-vit-d3-baby-60-caps\/#breadcrumb"},"inLanguage":"sq","potentialAction":[{"@type":"ReadAction","target":["https:\/\/alcedrix.com\/shop\/gold-vit-d3-baby-60-caps\/"]}]},{"@type":"ImageObject","inLanguage":"sq","@id":"https:\/\/alcedrix.com\/shop\/gold-vit-d3-baby-60-caps\/#primaryimage","url":"https:\/\/alcedrix.com\/wp-content\/uploads\/2023\/09\/gold_vit_d3_baby_kartonik_60_kaps_0004_0001.jpg","contentUrl":"https:\/\/alcedrix.com\/wp-content\/uploads\/2023\/09\/gold_vit_d3_baby_kartonik_60_kaps_0004_0001.jpg","width":2000,"height":2000},{"@type":"BreadcrumbList","@id":"https:\/\/alcedrix.com\/shop\/gold-vit-d3-baby-60-caps\/#breadcrumb","itemListElement":[{"@type":"ListItem","position":1,"name":"Home","item":"https:\/\/alcedrix.com\/"},{"@type":"ListItem","position":2,"name":"Shop","item":"https:\/\/alcedrix.com\/shop\/"},{"@type":"ListItem","position":3,"name":"Gold Vit\u00ae D3 Baby"}]},{"@type":"WebSite","@id":"https:\/\/alcedrix.com\/#website","url":"https:\/\/alcedrix.com\/","name":"Alcedrix","description":"Alcedrix","publisher":{"@id":"https:\/\/alcedrix.com\/#organization"},"potentialAction":[{"@type":"SearchAction","target":{"@type":"EntryPoint","urlTemplate":"https:\/\/alcedrix.com\/?s={search_term_string}"},"query-input":{"@type":"PropertyValueSpecification","valueRequired":true,"valueName":"search_term_string"}}],"inLanguage":"sq"},{"@type":"Organization","@id":"https:\/\/alcedrix.com\/#organization","name":"Alcedrix","url":"https:\/\/alcedrix.com\/","logo":{"@type":"ImageObject","inLanguage":"sq","@id":"https:\/\/alcedrix.com\/#\/schema\/logo\/image\/","url":"http:\/\/3.126.27.25\/wp-content\/uploads\/2023\/08\/logo-web.png","contentUrl":"http:\/\/3.126.27.25\/wp-content\/uploads\/2023\/08\/logo-web.png","width":492,"height":93,"caption":"Alcedrix"},"image":{"@id":"https:\/\/alcedrix.com\/#\/schema\/logo\/image\/"},"sameAs":["https:\/\/www.facebook.com\/alcedrix","https:\/\/www.instagram.com\/alcedrix"]}]}},"_links":{"self":[{"href":"https:\/\/alcedrix.com\/sq\/wp-json\/wp\/v2\/product\/8010"}],"collection":[{"href":"https:\/\/alcedrix.com\/sq\/wp-json\/wp\/v2\/product"}],"about":[{"href":"https:\/\/alcedrix.com\/sq\/wp-json\/wp\/v2\/types\/product"}],"version-history":[{"count":1,"href":"https:\/\/alcedrix.com\/sq\/wp-json\/wp\/v2\/product\/8010\/revisions"}],"predecessor-version":[{"id":9395,"href":"https:\/\/alcedrix.com\/sq\/wp-json\/wp\/v2\/product\/8010\/revisions\/9395"}],"wp:featuredmedia":[{"embeddable":true,"href":"https:\/\/alcedrix.com\/sq\/wp-json\/wp\/v2\/media\/8819"}],"wp:attachment":[{"href":"https:\/\/alcedrix.com\/sq\/wp-json\/wp\/v2\/media?parent=8010"}],"wp:term":[{"taxonomy":"product_cat","embeddable":true,"href":"https:\/\/alcedrix.com\/sq\/wp-json\/wp\/v2\/product_cat?post=8010"},{"taxonomy":"product_tag","embeddable":true,"href":"https:\/\/alcedrix.com\/sq\/wp-json\/wp\/v2\/product_tag?post=8010"}],"curies":[{"name":"wp","href":"https:\/\/api.w.org\/{rel}","templated":true}]}}