{"id":8009,"date":"2023-09-11T14:18:45","date_gmt":"2023-09-11T14:18:45","guid":{"rendered":"http:\/\/3.126.27.25\/?post_type=product&#038;p=8009"},"modified":"2024-07-29T13:53:56","modified_gmt":"2024-07-29T13:53:56","slug":"gold-vit-d3-junior","status":"publish","type":"product","link":"https:\/\/alcedrix.com\/sq\/shop\/gold-vit-d3-junior\/","title":{"rendered":"Gold Vit\u00ae D3 Junior"},"content":{"rendered":"<p><strong>Gold Vit\u00ae D3 Junior<\/strong> \u00ebsht\u00eb shtes\u00eb ushqimore n\u00eb form\u00eb pluhuri me arom\u00eb t\u00eb k\u00ebndshme mjedre, i destinuar p\u00ebr konsum t\u00eb drejtp\u00ebrdrejt\u00eb p\u00ebr f\u00ebmij\u00ebt mbi mosh\u00ebn 3 vje\u00e7are.<\/p>\n<p>Hulumtimet shkencore kan\u00eb v\u00ebrtetuar se vitamina D ndihmon n\u00eb ruajtjen e eshtrave dhe dh\u00ebmb\u00ebve t\u00eb sh\u00ebndetsh\u00ebm dhe funksionimin e duhur t\u00eb muskujve. P\u00ebrve\u00e7 k\u00ebsaj, vitamina D ndihmon n\u00eb p\u00ebrthithjen dhe p\u00ebrdorimin e duhur t\u00eb<br \/>\nkalciumit dhe fosforit, gj\u00eb q\u00eb \u00ebsht\u00eb ve\u00e7an\u00ebrisht e r\u00ebnd\u00ebsishme te f\u00ebmij\u00ebt n\u00eb periudh\u00ebn e rritjes s\u00eb shpejt\u00eb. Vitamina D q\u00eb p\u00ebrmban produkti ndihmon n\u00eb funksionimin e duhur t\u00eb sistemit imunitar, ndihmon n\u00eb ruajtjen e nivelit t\u00eb duhur t\u00eb kalciumit n\u00eb gjak dhe \u00ebsht\u00eb i p\u00ebrfshir\u00eb n\u00eb procesin e ndarjes s\u00eb qelizave.<\/p>\n<p>Produkti \u00ebsht\u00eb i dedikuar p\u00ebr f\u00ebmij\u00ebt e mosh\u00ebs 3 vje\u00e7 e lart, si nj\u00eb shtes\u00eb e k\u00ebrkes\u00ebs ditore p\u00ebr marrjen e vitamin\u00ebs D3, ve\u00e7an\u00ebrisht gjat\u00eb periudhave t\u00eb rritjes dhe zhvillimit intensiv dhe periudhave kur sistemi imunitar \u00ebsht\u00eb n\u00ebn presion (vjesht\u00eb dhe dim\u00ebr).<\/p>\n<p><strong>M\u00ebnyra e p\u00ebrdorimit:<\/strong> 1 qese n\u00eb dit\u00eb pas nj\u00eb vakti p\u00ebr konsum t\u00eb drejtp\u00ebrdrejt\u00eb. Mund t\u00eb konsumohet edhe duke u tretur n\u00eb nj\u00eb sasi t\u00eb vog\u00ebl uji.<\/p>","protected":false},"excerpt":{"rendered":"<p>P\u00ebrmban 800IU t\u00eb vitamin\u00ebs D3. Produkt i dedikuar p\u00ebr f\u00ebmij\u00ebt nga mosha 3 vje\u00e7are.<\/p>","protected":false},"featured_media":8008,"template":"","meta":[],"product_cat":[114,108,109,96,104],"product_tag":[],"class_list":{"0":"post-8009","1":"product","2":"type-product","3":"status-publish","4":"has-post-thumbnail","6":"product_cat-eshtra-dhe-nyje","7":"product_cat-femije","8":"product_cat-mbrojtje","9":"product_cat-olimp","10":"product_cat-shtese-ushqimore","12":"first","13":"instock","14":"taxable","15":"shipping-taxable","16":"purchasable","17":"product-type-simple"},"yoast_head":"<!-- This site is optimized with the Yoast SEO plugin v23.6 - https:\/\/yoast.com\/wordpress\/plugins\/seo\/ -->\n<title>Gold Vit\u00ae D3 Junior - Alcedrix<\/title>\n<meta name=\"robots\" content=\"index, follow, max-snippet:-1, max-image-preview:large, max-video-preview:-1\" \/>\n<link rel=\"canonical\" href=\"http:\/\/alcedrix.com\/sq\/shop\/gold-vit-d3-junior\/\" \/>\n<meta property=\"og:locale\" content=\"sq_AL\" \/>\n<meta property=\"og:type\" content=\"article\" \/>\n<meta property=\"og:title\" content=\"Gold Vit\u00ae D3 Junior - Alcedrix\" \/>\n<meta property=\"og:description\" content=\"P\u00ebrmban 800IU t\u00eb vitamin\u00ebs D3. Produkt i dedikuar p\u00ebr f\u00ebmij\u00ebt nga mosha 3 vje\u00e7are.\" \/>\n<meta property=\"og:url\" content=\"http:\/\/alcedrix.com\/sq\/shop\/gold-vit-d3-junior\/\" \/>\n<meta property=\"og:site_name\" content=\"Alcedrix\" \/>\n<meta property=\"article:publisher\" content=\"https:\/\/www.facebook.com\/alcedrix\" \/>\n<meta property=\"article:modified_time\" content=\"2024-07-29T13:53:56+00:00\" \/>\n<meta property=\"og:image\" content=\"http:\/\/alcedrix.com\/wp-content\/uploads\/2023\/09\/vitamin-c-junior-gold.png\" \/>\n\t<meta property=\"og:image:width\" content=\"600\" \/>\n\t<meta property=\"og:image:height\" content=\"600\" \/>\n\t<meta property=\"og:image:type\" content=\"image\/png\" \/>\n<meta name=\"twitter:card\" content=\"summary_large_image\" \/>\n<meta name=\"twitter:label1\" content=\"Est. reading time\" \/>\n\t<meta name=\"twitter:data1\" content=\"1 minut\u00eb\" \/>\n<script type=\"application\/ld+json\" class=\"yoast-schema-graph\">{\"@context\":\"https:\/\/schema.org\",\"@graph\":[{\"@type\":\"WebPage\",\"@id\":\"http:\/\/alcedrix.com\/shop\/gold-vit-d3-junior\/\",\"url\":\"http:\/\/alcedrix.com\/shop\/gold-vit-d3-junior\/\",\"name\":\"Gold Vit\u00ae D3 Junior - Alcedrix\",\"isPartOf\":{\"@id\":\"https:\/\/alcedrix.com\/#website\"},\"primaryImageOfPage\":{\"@id\":\"http:\/\/alcedrix.com\/shop\/gold-vit-d3-junior\/#primaryimage\"},\"image\":{\"@id\":\"http:\/\/alcedrix.com\/shop\/gold-vit-d3-junior\/#primaryimage\"},\"thumbnailUrl\":\"https:\/\/alcedrix.com\/wp-content\/uploads\/2023\/09\/vitamin-c-junior-gold.png\",\"datePublished\":\"2023-09-11T14:18:45+00:00\",\"dateModified\":\"2024-07-29T13:53:56+00:00\",\"breadcrumb\":{\"@id\":\"http:\/\/alcedrix.com\/shop\/gold-vit-d3-junior\/#breadcrumb\"},\"inLanguage\":\"sq\",\"potentialAction\":[{\"@type\":\"ReadAction\",\"target\":[\"http:\/\/alcedrix.com\/shop\/gold-vit-d3-junior\/\"]}]},{\"@type\":\"ImageObject\",\"inLanguage\":\"sq\",\"@id\":\"http:\/\/alcedrix.com\/shop\/gold-vit-d3-junior\/#primaryimage\",\"url\":\"https:\/\/alcedrix.com\/wp-content\/uploads\/2023\/09\/vitamin-c-junior-gold.png\",\"contentUrl\":\"https:\/\/alcedrix.com\/wp-content\/uploads\/2023\/09\/vitamin-c-junior-gold.png\",\"width\":600,\"height\":600},{\"@type\":\"BreadcrumbList\",\"@id\":\"http:\/\/alcedrix.com\/shop\/gold-vit-d3-junior\/#breadcrumb\",\"itemListElement\":[{\"@type\":\"ListItem\",\"position\":1,\"name\":\"Home\",\"item\":\"https:\/\/alcedrix.com\/\"},{\"@type\":\"ListItem\",\"position\":2,\"name\":\"Shop\",\"item\":\"https:\/\/alcedrix.com\/shop\/\"},{\"@type\":\"ListItem\",\"position\":3,\"name\":\"Gold Vit\u00ae D3 Junior\"}]},{\"@type\":\"WebSite\",\"@id\":\"https:\/\/alcedrix.com\/#website\",\"url\":\"https:\/\/alcedrix.com\/\",\"name\":\"Alcedrix\",\"description\":\"Alcedrix\",\"publisher\":{\"@id\":\"https:\/\/alcedrix.com\/#organization\"},\"potentialAction\":[{\"@type\":\"SearchAction\",\"target\":{\"@type\":\"EntryPoint\",\"urlTemplate\":\"https:\/\/alcedrix.com\/?s={search_term_string}\"},\"query-input\":{\"@type\":\"PropertyValueSpecification\",\"valueRequired\":true,\"valueName\":\"search_term_string\"}}],\"inLanguage\":\"sq\"},{\"@type\":\"Organization\",\"@id\":\"https:\/\/alcedrix.com\/#organization\",\"name\":\"Alcedrix\",\"url\":\"https:\/\/alcedrix.com\/\",\"logo\":{\"@type\":\"ImageObject\",\"inLanguage\":\"sq\",\"@id\":\"https:\/\/alcedrix.com\/#\/schema\/logo\/image\/\",\"url\":\"http:\/\/3.126.27.25\/wp-content\/uploads\/2023\/08\/logo-web.png\",\"contentUrl\":\"http:\/\/3.126.27.25\/wp-content\/uploads\/2023\/08\/logo-web.png\",\"width\":492,\"height\":93,\"caption\":\"Alcedrix\"},\"image\":{\"@id\":\"https:\/\/alcedrix.com\/#\/schema\/logo\/image\/\"},\"sameAs\":[\"https:\/\/www.facebook.com\/alcedrix\",\"https:\/\/www.instagram.com\/alcedrix\"]}]}<\/script>\n<!-- \/ Yoast SEO plugin. -->","yoast_head_json":{"title":"Gold Vit\u00ae D3 Junior - Alcedrix","robots":{"index":"index","follow":"follow","max-snippet":"max-snippet:-1","max-image-preview":"max-image-preview:large","max-video-preview":"max-video-preview:-1"},"canonical":"http:\/\/alcedrix.com\/sq\/shop\/gold-vit-d3-junior\/","og_locale":"sq_AL","og_type":"article","og_title":"Gold Vit\u00ae D3 Junior - Alcedrix","og_description":"P\u00ebrmban 800IU t\u00eb vitamin\u00ebs D3. Produkt i dedikuar p\u00ebr f\u00ebmij\u00ebt nga mosha 3 vje\u00e7are.","og_url":"http:\/\/alcedrix.com\/sq\/shop\/gold-vit-d3-junior\/","og_site_name":"Alcedrix","article_publisher":"https:\/\/www.facebook.com\/alcedrix","article_modified_time":"2024-07-29T13:53:56+00:00","og_image":[{"width":600,"height":600,"url":"http:\/\/alcedrix.com\/wp-content\/uploads\/2023\/09\/vitamin-c-junior-gold.png","type":"image\/png"}],"twitter_card":"summary_large_image","twitter_misc":{"Est. reading time":"1 minut\u00eb"},"schema":{"@context":"https:\/\/schema.org","@graph":[{"@type":"WebPage","@id":"http:\/\/alcedrix.com\/shop\/gold-vit-d3-junior\/","url":"http:\/\/alcedrix.com\/shop\/gold-vit-d3-junior\/","name":"Gold Vit\u00ae D3 Junior - Alcedrix","isPartOf":{"@id":"https:\/\/alcedrix.com\/#website"},"primaryImageOfPage":{"@id":"http:\/\/alcedrix.com\/shop\/gold-vit-d3-junior\/#primaryimage"},"image":{"@id":"http:\/\/alcedrix.com\/shop\/gold-vit-d3-junior\/#primaryimage"},"thumbnailUrl":"https:\/\/alcedrix.com\/wp-content\/uploads\/2023\/09\/vitamin-c-junior-gold.png","datePublished":"2023-09-11T14:18:45+00:00","dateModified":"2024-07-29T13:53:56+00:00","breadcrumb":{"@id":"http:\/\/alcedrix.com\/shop\/gold-vit-d3-junior\/#breadcrumb"},"inLanguage":"sq","potentialAction":[{"@type":"ReadAction","target":["http:\/\/alcedrix.com\/shop\/gold-vit-d3-junior\/"]}]},{"@type":"ImageObject","inLanguage":"sq","@id":"http:\/\/alcedrix.com\/shop\/gold-vit-d3-junior\/#primaryimage","url":"https:\/\/alcedrix.com\/wp-content\/uploads\/2023\/09\/vitamin-c-junior-gold.png","contentUrl":"https:\/\/alcedrix.com\/wp-content\/uploads\/2023\/09\/vitamin-c-junior-gold.png","width":600,"height":600},{"@type":"BreadcrumbList","@id":"http:\/\/alcedrix.com\/shop\/gold-vit-d3-junior\/#breadcrumb","itemListElement":[{"@type":"ListItem","position":1,"name":"Home","item":"https:\/\/alcedrix.com\/"},{"@type":"ListItem","position":2,"name":"Shop","item":"https:\/\/alcedrix.com\/shop\/"},{"@type":"ListItem","position":3,"name":"Gold Vit\u00ae D3 Junior"}]},{"@type":"WebSite","@id":"https:\/\/alcedrix.com\/#website","url":"https:\/\/alcedrix.com\/","name":"Alcedrix","description":"Alcedrix","publisher":{"@id":"https:\/\/alcedrix.com\/#organization"},"potentialAction":[{"@type":"SearchAction","target":{"@type":"EntryPoint","urlTemplate":"https:\/\/alcedrix.com\/?s={search_term_string}"},"query-input":{"@type":"PropertyValueSpecification","valueRequired":true,"valueName":"search_term_string"}}],"inLanguage":"sq"},{"@type":"Organization","@id":"https:\/\/alcedrix.com\/#organization","name":"Alcedrix","url":"https:\/\/alcedrix.com\/","logo":{"@type":"ImageObject","inLanguage":"sq","@id":"https:\/\/alcedrix.com\/#\/schema\/logo\/image\/","url":"http:\/\/3.126.27.25\/wp-content\/uploads\/2023\/08\/logo-web.png","contentUrl":"http:\/\/3.126.27.25\/wp-content\/uploads\/2023\/08\/logo-web.png","width":492,"height":93,"caption":"Alcedrix"},"image":{"@id":"https:\/\/alcedrix.com\/#\/schema\/logo\/image\/"},"sameAs":["https:\/\/www.facebook.com\/alcedrix","https:\/\/www.instagram.com\/alcedrix"]}]}},"_links":{"self":[{"href":"https:\/\/alcedrix.com\/sq\/wp-json\/wp\/v2\/product\/8009"}],"collection":[{"href":"https:\/\/alcedrix.com\/sq\/wp-json\/wp\/v2\/product"}],"about":[{"href":"https:\/\/alcedrix.com\/sq\/wp-json\/wp\/v2\/types\/product"}],"version-history":[{"count":1,"href":"https:\/\/alcedrix.com\/sq\/wp-json\/wp\/v2\/product\/8009\/revisions"}],"predecessor-version":[{"id":9394,"href":"https:\/\/alcedrix.com\/sq\/wp-json\/wp\/v2\/product\/8009\/revisions\/9394"}],"wp:featuredmedia":[{"embeddable":true,"href":"https:\/\/alcedrix.com\/sq\/wp-json\/wp\/v2\/media\/8008"}],"wp:attachment":[{"href":"https:\/\/alcedrix.com\/sq\/wp-json\/wp\/v2\/media?parent=8009"}],"wp:term":[{"taxonomy":"product_cat","embeddable":true,"href":"https:\/\/alcedrix.com\/sq\/wp-json\/wp\/v2\/product_cat?post=8009"},{"taxonomy":"product_tag","embeddable":true,"href":"https:\/\/alcedrix.com\/sq\/wp-json\/wp\/v2\/product_tag?post=8009"}],"curies":[{"name":"wp","href":"https:\/\/api.w.org\/{rel}","templated":true}]}}