{"id":8007,"date":"2023-09-11T14:15:15","date_gmt":"2023-09-11T14:15:15","guid":{"rendered":"http:\/\/3.126.27.25\/?post_type=product&#038;p=8007"},"modified":"2024-07-29T14:03:08","modified_gmt":"2024-07-29T14:03:08","slug":"gold-vit-c-110mg-junior-15-qese-maline","status":"publish","type":"product","link":"https:\/\/alcedrix.com\/sq\/shop\/gold-vit-c-110mg-junior-15-qese-maline\/","title":{"rendered":"Gold Vit\u00ae C Junior"},"content":{"rendered":"<p><strong>Gold Vit\u00ae C Junior<\/strong> \u00ebsht\u00eb shtes\u00eb ushqimore n\u00eb form\u00eb pluhuri me arom\u00eb t\u00eb shijshme mjedre, i destinuar p\u00ebr konsum t\u00eb drejtp\u00ebrdrejt\u00eb. P\u00ebrmban vitamin\u00eb C nga t\u00eb dy burimet natyrore (fruta pluhur acerola me cil\u00ebsi t\u00eb lart\u00eb) dhe kompleksin inovativ PureWay-C\u00ae.<\/p>\n<p>PureWay-C\u00ae \u00ebsht\u00eb nj\u00eb form\u00eb e patentuar e vitamin\u00ebs C q\u00eb \u00ebsht\u00eb e dobishme p\u00ebr stomakun, nj\u00eb kompleks i mikrokapsuluar i acidit L-askorbik dhe dylleve natyrore t\u00eb bim\u00ebve (metabolit\u00ebt e yndyr\u00ebs).<\/p>\n<p>Studimet kan\u00eb treguar se vitamina C kontribuon n\u00eb funksionimin e duhur t\u00eb sistemit imunitar dhe forcon natyrsh\u00ebm imunitetin e trupit. Ai gjithashtu mb\u00ebshtet prodhimin normal t\u00eb kolagjenit p\u00ebr t\u00eb siguruar funksionimin e duhur t\u00eb kockave, dh\u00ebmb\u00ebve, mishrave t\u00eb dh\u00ebmb\u00ebve, l\u00ebkur\u00ebs dhe en\u00ebve t\u00eb gjakut. Vitamina C rrit p\u00ebrthithjen e hekurit dhe gjithashtu kontribuon n\u00eb reduktimin e lodhjes dhe plog\u00ebshtis\u00eb.<\/p>\n<p>Produkti \u00ebsht\u00eb i dedikuar p\u00ebr f\u00ebmij\u00ebt e mosh\u00ebs 3 vje\u00e7 e lart si nj\u00eb shtes\u00eb e k\u00ebrkes\u00ebs ditore p\u00ebr marrjen e vitamin\u00ebs C, ve\u00e7an\u00ebrisht gjat\u00eb periudhave t\u00eb rritjes dhe zhvillimit intensiv dhe periudhave kur sistemi imunitar \u00ebsht\u00eb n\u00ebn presion (vjesht\u00eb dhe dim\u00ebr).<\/p>\n<p><strong>M\u00ebnyra e p\u00ebrdorimit:<\/strong> 1 qese n\u00eb dit\u00eb pas nj\u00eb vakti p\u00ebr konsum t\u00eb drejtp\u00ebrdrejt\u00eb. Mund t\u00eb konsumohet edhe duke u tretur n\u00eb nj\u00eb sasi t\u00eb vog\u00ebl uji.<\/p>","protected":false},"excerpt":{"rendered":"<p>P\u00ebrmban dy burime t\u00eb vitamin\u00ebs C. Produkt i dedikuar p\u00ebr f\u00ebmij\u00ebt nga mosha 3 vje\u00e7are.<\/p>","protected":false},"featured_media":8028,"template":"","meta":[],"product_cat":[108,109,96,104],"product_tag":[],"class_list":{"0":"post-8007","1":"product","2":"type-product","3":"status-publish","4":"has-post-thumbnail","6":"product_cat-femije","7":"product_cat-mbrojtje","8":"product_cat-olimp","9":"product_cat-shtese-ushqimore","11":"first","12":"instock","13":"taxable","14":"shipping-taxable","15":"purchasable","16":"product-type-simple"},"yoast_head":"<!-- This site is optimized with the Yoast SEO plugin v23.6 - https:\/\/yoast.com\/wordpress\/plugins\/seo\/ -->\n<title>Gold Vit\u00ae C Junior - Alcedrix<\/title>\n<meta name=\"robots\" content=\"index, follow, max-snippet:-1, max-image-preview:large, max-video-preview:-1\" \/>\n<link rel=\"canonical\" href=\"https:\/\/alcedrix.com\/sq\/shop\/gold-vit-c-110mg-junior-15-qese-maline\/\" \/>\n<meta property=\"og:locale\" content=\"sq_AL\" \/>\n<meta property=\"og:type\" content=\"article\" \/>\n<meta property=\"og:title\" content=\"Gold Vit\u00ae C Junior - Alcedrix\" \/>\n<meta property=\"og:description\" content=\"P\u00ebrmban dy burime t\u00eb vitamin\u00ebs C. Produkt i dedikuar p\u00ebr f\u00ebmij\u00ebt nga mosha 3 vje\u00e7are.\" \/>\n<meta property=\"og:url\" content=\"https:\/\/alcedrix.com\/sq\/shop\/gold-vit-c-110mg-junior-15-qese-maline\/\" \/>\n<meta property=\"og:site_name\" content=\"Alcedrix\" \/>\n<meta property=\"article:publisher\" content=\"https:\/\/www.facebook.com\/alcedrix\" \/>\n<meta property=\"article:modified_time\" content=\"2024-07-29T14:03:08+00:00\" \/>\n<meta property=\"og:image\" content=\"https:\/\/alcedrix.com\/wp-content\/uploads\/2023\/09\/gold-vit-c-junior.png\" \/>\n\t<meta property=\"og:image:width\" content=\"600\" \/>\n\t<meta property=\"og:image:height\" content=\"600\" \/>\n\t<meta property=\"og:image:type\" content=\"image\/png\" \/>\n<meta name=\"twitter:card\" content=\"summary_large_image\" \/>\n<meta name=\"twitter:label1\" content=\"Est. reading time\" \/>\n\t<meta name=\"twitter:data1\" content=\"1 minut\u00eb\" \/>\n<script type=\"application\/ld+json\" class=\"yoast-schema-graph\">{\"@context\":\"https:\/\/schema.org\",\"@graph\":[{\"@type\":\"WebPage\",\"@id\":\"https:\/\/alcedrix.com\/shop\/gold-vit-c-110mg-junior-15-qese-maline\/\",\"url\":\"https:\/\/alcedrix.com\/shop\/gold-vit-c-110mg-junior-15-qese-maline\/\",\"name\":\"Gold Vit\u00ae C Junior - Alcedrix\",\"isPartOf\":{\"@id\":\"https:\/\/alcedrix.com\/#website\"},\"primaryImageOfPage\":{\"@id\":\"https:\/\/alcedrix.com\/shop\/gold-vit-c-110mg-junior-15-qese-maline\/#primaryimage\"},\"image\":{\"@id\":\"https:\/\/alcedrix.com\/shop\/gold-vit-c-110mg-junior-15-qese-maline\/#primaryimage\"},\"thumbnailUrl\":\"https:\/\/alcedrix.com\/wp-content\/uploads\/2023\/09\/gold-vit-c-junior.png\",\"datePublished\":\"2023-09-11T14:15:15+00:00\",\"dateModified\":\"2024-07-29T14:03:08+00:00\",\"breadcrumb\":{\"@id\":\"https:\/\/alcedrix.com\/shop\/gold-vit-c-110mg-junior-15-qese-maline\/#breadcrumb\"},\"inLanguage\":\"sq\",\"potentialAction\":[{\"@type\":\"ReadAction\",\"target\":[\"https:\/\/alcedrix.com\/shop\/gold-vit-c-110mg-junior-15-qese-maline\/\"]}]},{\"@type\":\"ImageObject\",\"inLanguage\":\"sq\",\"@id\":\"https:\/\/alcedrix.com\/shop\/gold-vit-c-110mg-junior-15-qese-maline\/#primaryimage\",\"url\":\"https:\/\/alcedrix.com\/wp-content\/uploads\/2023\/09\/gold-vit-c-junior.png\",\"contentUrl\":\"https:\/\/alcedrix.com\/wp-content\/uploads\/2023\/09\/gold-vit-c-junior.png\",\"width\":600,\"height\":600},{\"@type\":\"BreadcrumbList\",\"@id\":\"https:\/\/alcedrix.com\/shop\/gold-vit-c-110mg-junior-15-qese-maline\/#breadcrumb\",\"itemListElement\":[{\"@type\":\"ListItem\",\"position\":1,\"name\":\"Home\",\"item\":\"https:\/\/alcedrix.com\/\"},{\"@type\":\"ListItem\",\"position\":2,\"name\":\"Shop\",\"item\":\"https:\/\/alcedrix.com\/shop\/\"},{\"@type\":\"ListItem\",\"position\":3,\"name\":\"Gold Vit\u00ae C Junior\"}]},{\"@type\":\"WebSite\",\"@id\":\"https:\/\/alcedrix.com\/#website\",\"url\":\"https:\/\/alcedrix.com\/\",\"name\":\"Alcedrix\",\"description\":\"Alcedrix\",\"publisher\":{\"@id\":\"https:\/\/alcedrix.com\/#organization\"},\"potentialAction\":[{\"@type\":\"SearchAction\",\"target\":{\"@type\":\"EntryPoint\",\"urlTemplate\":\"https:\/\/alcedrix.com\/?s={search_term_string}\"},\"query-input\":{\"@type\":\"PropertyValueSpecification\",\"valueRequired\":true,\"valueName\":\"search_term_string\"}}],\"inLanguage\":\"sq\"},{\"@type\":\"Organization\",\"@id\":\"https:\/\/alcedrix.com\/#organization\",\"name\":\"Alcedrix\",\"url\":\"https:\/\/alcedrix.com\/\",\"logo\":{\"@type\":\"ImageObject\",\"inLanguage\":\"sq\",\"@id\":\"https:\/\/alcedrix.com\/#\/schema\/logo\/image\/\",\"url\":\"http:\/\/3.126.27.25\/wp-content\/uploads\/2023\/08\/logo-web.png\",\"contentUrl\":\"http:\/\/3.126.27.25\/wp-content\/uploads\/2023\/08\/logo-web.png\",\"width\":492,\"height\":93,\"caption\":\"Alcedrix\"},\"image\":{\"@id\":\"https:\/\/alcedrix.com\/#\/schema\/logo\/image\/\"},\"sameAs\":[\"https:\/\/www.facebook.com\/alcedrix\",\"https:\/\/www.instagram.com\/alcedrix\"]}]}<\/script>\n<!-- \/ Yoast SEO plugin. -->","yoast_head_json":{"title":"Gold Vit\u00ae C Junior - Alcedrix","robots":{"index":"index","follow":"follow","max-snippet":"max-snippet:-1","max-image-preview":"max-image-preview:large","max-video-preview":"max-video-preview:-1"},"canonical":"https:\/\/alcedrix.com\/sq\/shop\/gold-vit-c-110mg-junior-15-qese-maline\/","og_locale":"sq_AL","og_type":"article","og_title":"Gold Vit\u00ae C Junior - Alcedrix","og_description":"P\u00ebrmban dy burime t\u00eb vitamin\u00ebs C. Produkt i dedikuar p\u00ebr f\u00ebmij\u00ebt nga mosha 3 vje\u00e7are.","og_url":"https:\/\/alcedrix.com\/sq\/shop\/gold-vit-c-110mg-junior-15-qese-maline\/","og_site_name":"Alcedrix","article_publisher":"https:\/\/www.facebook.com\/alcedrix","article_modified_time":"2024-07-29T14:03:08+00:00","og_image":[{"width":600,"height":600,"url":"https:\/\/alcedrix.com\/wp-content\/uploads\/2023\/09\/gold-vit-c-junior.png","type":"image\/png"}],"twitter_card":"summary_large_image","twitter_misc":{"Est. reading time":"1 minut\u00eb"},"schema":{"@context":"https:\/\/schema.org","@graph":[{"@type":"WebPage","@id":"https:\/\/alcedrix.com\/shop\/gold-vit-c-110mg-junior-15-qese-maline\/","url":"https:\/\/alcedrix.com\/shop\/gold-vit-c-110mg-junior-15-qese-maline\/","name":"Gold Vit\u00ae C Junior - Alcedrix","isPartOf":{"@id":"https:\/\/alcedrix.com\/#website"},"primaryImageOfPage":{"@id":"https:\/\/alcedrix.com\/shop\/gold-vit-c-110mg-junior-15-qese-maline\/#primaryimage"},"image":{"@id":"https:\/\/alcedrix.com\/shop\/gold-vit-c-110mg-junior-15-qese-maline\/#primaryimage"},"thumbnailUrl":"https:\/\/alcedrix.com\/wp-content\/uploads\/2023\/09\/gold-vit-c-junior.png","datePublished":"2023-09-11T14:15:15+00:00","dateModified":"2024-07-29T14:03:08+00:00","breadcrumb":{"@id":"https:\/\/alcedrix.com\/shop\/gold-vit-c-110mg-junior-15-qese-maline\/#breadcrumb"},"inLanguage":"sq","potentialAction":[{"@type":"ReadAction","target":["https:\/\/alcedrix.com\/shop\/gold-vit-c-110mg-junior-15-qese-maline\/"]}]},{"@type":"ImageObject","inLanguage":"sq","@id":"https:\/\/alcedrix.com\/shop\/gold-vit-c-110mg-junior-15-qese-maline\/#primaryimage","url":"https:\/\/alcedrix.com\/wp-content\/uploads\/2023\/09\/gold-vit-c-junior.png","contentUrl":"https:\/\/alcedrix.com\/wp-content\/uploads\/2023\/09\/gold-vit-c-junior.png","width":600,"height":600},{"@type":"BreadcrumbList","@id":"https:\/\/alcedrix.com\/shop\/gold-vit-c-110mg-junior-15-qese-maline\/#breadcrumb","itemListElement":[{"@type":"ListItem","position":1,"name":"Home","item":"https:\/\/alcedrix.com\/"},{"@type":"ListItem","position":2,"name":"Shop","item":"https:\/\/alcedrix.com\/shop\/"},{"@type":"ListItem","position":3,"name":"Gold Vit\u00ae C Junior"}]},{"@type":"WebSite","@id":"https:\/\/alcedrix.com\/#website","url":"https:\/\/alcedrix.com\/","name":"Alcedrix","description":"Alcedrix","publisher":{"@id":"https:\/\/alcedrix.com\/#organization"},"potentialAction":[{"@type":"SearchAction","target":{"@type":"EntryPoint","urlTemplate":"https:\/\/alcedrix.com\/?s={search_term_string}"},"query-input":{"@type":"PropertyValueSpecification","valueRequired":true,"valueName":"search_term_string"}}],"inLanguage":"sq"},{"@type":"Organization","@id":"https:\/\/alcedrix.com\/#organization","name":"Alcedrix","url":"https:\/\/alcedrix.com\/","logo":{"@type":"ImageObject","inLanguage":"sq","@id":"https:\/\/alcedrix.com\/#\/schema\/logo\/image\/","url":"http:\/\/3.126.27.25\/wp-content\/uploads\/2023\/08\/logo-web.png","contentUrl":"http:\/\/3.126.27.25\/wp-content\/uploads\/2023\/08\/logo-web.png","width":492,"height":93,"caption":"Alcedrix"},"image":{"@id":"https:\/\/alcedrix.com\/#\/schema\/logo\/image\/"},"sameAs":["https:\/\/www.facebook.com\/alcedrix","https:\/\/www.instagram.com\/alcedrix"]}]}},"_links":{"self":[{"href":"https:\/\/alcedrix.com\/sq\/wp-json\/wp\/v2\/product\/8007"}],"collection":[{"href":"https:\/\/alcedrix.com\/sq\/wp-json\/wp\/v2\/product"}],"about":[{"href":"https:\/\/alcedrix.com\/sq\/wp-json\/wp\/v2\/types\/product"}],"version-history":[{"count":1,"href":"https:\/\/alcedrix.com\/sq\/wp-json\/wp\/v2\/product\/8007\/revisions"}],"predecessor-version":[{"id":9398,"href":"https:\/\/alcedrix.com\/sq\/wp-json\/wp\/v2\/product\/8007\/revisions\/9398"}],"wp:featuredmedia":[{"embeddable":true,"href":"https:\/\/alcedrix.com\/sq\/wp-json\/wp\/v2\/media\/8028"}],"wp:attachment":[{"href":"https:\/\/alcedrix.com\/sq\/wp-json\/wp\/v2\/media?parent=8007"}],"wp:term":[{"taxonomy":"product_cat","embeddable":true,"href":"https:\/\/alcedrix.com\/sq\/wp-json\/wp\/v2\/product_cat?post=8007"},{"taxonomy":"product_tag","embeddable":true,"href":"https:\/\/alcedrix.com\/sq\/wp-json\/wp\/v2\/product_tag?post=8007"}],"curies":[{"name":"wp","href":"https:\/\/api.w.org\/{rel}","templated":true}]}}