{"id":7997,"date":"2023-09-11T13:59:08","date_gmt":"2023-09-11T13:59:08","guid":{"rendered":"http:\/\/3.126.27.25\/?post_type=product&#038;p=7997"},"modified":"2024-08-01T12:19:54","modified_gmt":"2024-08-01T12:19:54","slug":"gold-vit-b-forte-60-tabl","status":"publish","type":"product","link":"https:\/\/alcedrix.com\/sq\/shop\/gold-vit-b-forte-60-tabl\/","title":{"rendered":"Gold Vit\u2122 B Forte 60 tableta"},"content":{"rendered":"<p><strong>Gold Vit B \u2122 Forte<\/strong> \u2013 \u00ebsht\u00eb shtes\u00eb ushqimore n\u00eb form\u00ebn e tabletave me kompleks t\u00eb vitaminave B q\u00eb jan\u00eb t\u00eb nevojshme p\u00ebr zhvillimin e duhur t\u00eb proceseve q\u00eb ndodhin n\u00eb trup.<\/p>\n<ul>\n<li>Gold Vit\u2122 B Forte \u00ebsht\u00eb shum\u00eb e nevojshme:<\/li>\n<li>Kur trupi \u00ebsht\u00eb i dob\u00ebt.<\/li>\n<li>Gjat\u00eb rim\u00ebk\u00ebmbjes pas s\u00ebmundjeve.<\/li>\n<li>Me rritjen e nevojave fizike.<\/li>\n<\/ul>\n<p>Vitaminat B i p\u00ebrkasin grupit t\u00eb vitaminave q\u00eb shpesh n\u00ebnvler\u00ebsohet nd\u00ebrsa jan\u00eb esenciale p\u00ebr funksionimin e duhur t\u00eb trupit. Gold Vit\u2122 B Forte p\u00ebrmban p\u00ebrzierje lineare dhe t\u00eb balancuar t\u00eb vitaminave t\u00eb grupit B dhe q\u00eb ndikojn\u00eb pozitivisht n\u00eb:<\/p>\n<p>L\u00ebkur\u00eb t\u00eb sh\u00ebndetshme:<\/p>\n<ul>\n<li>Vitamina B2, niacina dhe biotina ndihmojn\u00eb n\u00eb ruajtjen e l\u00ebkur\u00ebs s\u00eb sh\u00ebndetshme.<\/li>\n<\/ul>\n<p>Sistem nervor:<\/p>\n<ul>\n<li>Vitamina B2, niacina dhe biotina kontribuojn\u00eb n\u00eb funksionimin e duhur t\u00eb sistemit nervor.<\/li>\n<\/ul>\n<p>Metaboliz\u00ebm:<\/p>\n<ul>\n<li>Biotina kontribuon n\u00eb mbajtjen e metabolizmit t\u00eb duhur t\u00eb makro-nutrient\u00ebve. Folatet ndihmojn\u00eb n\u00eb sintez\u00ebn e duhur t\u00eb aminoacideve, gj\u00eb q\u00eb \u00ebsht\u00eb me r\u00ebnd\u00ebsi t\u00eb madhe p\u00ebr st\u00ebrvitje intensive fizike.<\/li>\n<\/ul>\n<p>Gjak:<\/p>\n<ul>\n<li>Vitaminat B6 dhe B12 mb\u00ebshtesin prodhimin e duhur t\u00eb qelizave t\u00eb kuqe t\u00eb gjakut. Folatet ndihmojn\u00eb n\u00eb prodhimin e duhur t\u00eb gjakut.<\/li>\n<\/ul>\n<p><strong>Pse Gold Vit B\u2122 Forte?<\/strong><\/p>\n<ul>\n<li>P\u00ebrzierje dhe sasi t\u00eb mjaftueshme t\u00eb vitaminave p\u00ebr plot\u00ebsimin e nevojave ditore.<\/li>\n<li>Paketim ekonomik (e mjaftueshme p\u00ebr dy muaj).<\/li>\n<li>Paketim steril. Mund ta merrni me vete kudo.<\/li>\n<li>Prodhim i kualitetit t\u00eb lart\u00eb me kontrolle t\u00eb cil\u00ebsis\u00eb. Paketim i bukur dhe i sigurt.<\/li>\n<\/ul>\n<p><strong>M\u00ebnyra e p\u00ebrdorimit:<\/strong> 1 Tablet\u00eb n\u00eb dit\u00eb. T\u00eb shoq\u00ebrohet me nj\u00eb got\u00eb me uj\u00eb.<\/p>","protected":false},"excerpt":{"rendered":"<p>Shtes\u00eb ushqimore n\u00eb form\u00ebn e tabletave, me kompleks t\u00eb vitaminave B q\u00eb jan\u00eb t\u00eb nevojshme p\u00ebr zhvillimin e duhur t\u00eb proceseve q\u00eb ndodhin n\u00eb trup.<\/p>","protected":false},"featured_media":7998,"template":"","meta":[],"product_cat":[109,106,96,104,101],"product_tag":[],"class_list":{"0":"post-7997","1":"product","2":"type-product","3":"status-publish","4":"has-post-thumbnail","6":"product_cat-mbrojtje","7":"product_cat-mireqenie-mendore-dhe-fizike","8":"product_cat-olimp","9":"product_cat-shtese-ushqimore","10":"product_cat-te-rritur","12":"first","13":"instock","14":"taxable","15":"shipping-taxable","16":"purchasable","17":"product-type-simple"},"yoast_head":"<!-- This site is optimized with the Yoast SEO plugin v23.6 - https:\/\/yoast.com\/wordpress\/plugins\/seo\/ -->\n<title>Gold Vit\u2122 B Forte 60 tableta - Alcedrix<\/title>\n<meta name=\"robots\" content=\"index, follow, max-snippet:-1, max-image-preview:large, max-video-preview:-1\" \/>\n<link rel=\"canonical\" href=\"https:\/\/alcedrix.com\/sq\/shop\/gold-vit-b-forte-60-tabl\/\" \/>\n<meta property=\"og:locale\" content=\"sq_AL\" \/>\n<meta property=\"og:type\" content=\"article\" \/>\n<meta property=\"og:title\" content=\"Gold Vit\u2122 B Forte 60 tableta - Alcedrix\" \/>\n<meta property=\"og:description\" content=\"Shtes\u00eb ushqimore n\u00eb form\u00ebn e tabletave, me kompleks t\u00eb vitaminave B q\u00eb jan\u00eb t\u00eb nevojshme p\u00ebr zhvillimin e duhur t\u00eb proceseve q\u00eb ndodhin n\u00eb trup.\" \/>\n<meta property=\"og:url\" content=\"https:\/\/alcedrix.com\/sq\/shop\/gold-vit-b-forte-60-tabl\/\" \/>\n<meta property=\"og:site_name\" content=\"Alcedrix\" \/>\n<meta property=\"article:publisher\" content=\"https:\/\/www.facebook.com\/alcedrix\" \/>\n<meta property=\"article:modified_time\" content=\"2024-08-01T12:19:54+00:00\" \/>\n<meta property=\"og:image\" content=\"https:\/\/alcedrix.com\/wp-content\/uploads\/2023\/09\/goldvit-b-forte.png\" \/>\n\t<meta property=\"og:image:width\" content=\"600\" \/>\n\t<meta property=\"og:image:height\" content=\"600\" \/>\n\t<meta property=\"og:image:type\" content=\"image\/png\" \/>\n<meta name=\"twitter:card\" content=\"summary_large_image\" \/>\n<meta name=\"twitter:label1\" content=\"Est. reading time\" \/>\n\t<meta name=\"twitter:data1\" content=\"1 minut\u00eb\" \/>\n<script type=\"application\/ld+json\" class=\"yoast-schema-graph\">{\"@context\":\"https:\/\/schema.org\",\"@graph\":[{\"@type\":\"WebPage\",\"@id\":\"https:\/\/alcedrix.com\/shop\/gold-vit-b-forte-60-tabl\/\",\"url\":\"https:\/\/alcedrix.com\/shop\/gold-vit-b-forte-60-tabl\/\",\"name\":\"Gold Vit\u2122 B Forte 60 tableta - Alcedrix\",\"isPartOf\":{\"@id\":\"https:\/\/alcedrix.com\/#website\"},\"primaryImageOfPage\":{\"@id\":\"https:\/\/alcedrix.com\/shop\/gold-vit-b-forte-60-tabl\/#primaryimage\"},\"image\":{\"@id\":\"https:\/\/alcedrix.com\/shop\/gold-vit-b-forte-60-tabl\/#primaryimage\"},\"thumbnailUrl\":\"https:\/\/alcedrix.com\/wp-content\/uploads\/2023\/09\/goldvit-b-forte.png\",\"datePublished\":\"2023-09-11T13:59:08+00:00\",\"dateModified\":\"2024-08-01T12:19:54+00:00\",\"breadcrumb\":{\"@id\":\"https:\/\/alcedrix.com\/shop\/gold-vit-b-forte-60-tabl\/#breadcrumb\"},\"inLanguage\":\"sq\",\"potentialAction\":[{\"@type\":\"ReadAction\",\"target\":[\"https:\/\/alcedrix.com\/shop\/gold-vit-b-forte-60-tabl\/\"]}]},{\"@type\":\"ImageObject\",\"inLanguage\":\"sq\",\"@id\":\"https:\/\/alcedrix.com\/shop\/gold-vit-b-forte-60-tabl\/#primaryimage\",\"url\":\"https:\/\/alcedrix.com\/wp-content\/uploads\/2023\/09\/goldvit-b-forte.png\",\"contentUrl\":\"https:\/\/alcedrix.com\/wp-content\/uploads\/2023\/09\/goldvit-b-forte.png\",\"width\":600,\"height\":600},{\"@type\":\"BreadcrumbList\",\"@id\":\"https:\/\/alcedrix.com\/shop\/gold-vit-b-forte-60-tabl\/#breadcrumb\",\"itemListElement\":[{\"@type\":\"ListItem\",\"position\":1,\"name\":\"Home\",\"item\":\"https:\/\/alcedrix.com\/\"},{\"@type\":\"ListItem\",\"position\":2,\"name\":\"Shop\",\"item\":\"https:\/\/alcedrix.com\/shop\/\"},{\"@type\":\"ListItem\",\"position\":3,\"name\":\"Gold Vit\u2122 B Forte 60 tableta\"}]},{\"@type\":\"WebSite\",\"@id\":\"https:\/\/alcedrix.com\/#website\",\"url\":\"https:\/\/alcedrix.com\/\",\"name\":\"Alcedrix\",\"description\":\"Alcedrix\",\"publisher\":{\"@id\":\"https:\/\/alcedrix.com\/#organization\"},\"potentialAction\":[{\"@type\":\"SearchAction\",\"target\":{\"@type\":\"EntryPoint\",\"urlTemplate\":\"https:\/\/alcedrix.com\/?s={search_term_string}\"},\"query-input\":{\"@type\":\"PropertyValueSpecification\",\"valueRequired\":true,\"valueName\":\"search_term_string\"}}],\"inLanguage\":\"sq\"},{\"@type\":\"Organization\",\"@id\":\"https:\/\/alcedrix.com\/#organization\",\"name\":\"Alcedrix\",\"url\":\"https:\/\/alcedrix.com\/\",\"logo\":{\"@type\":\"ImageObject\",\"inLanguage\":\"sq\",\"@id\":\"https:\/\/alcedrix.com\/#\/schema\/logo\/image\/\",\"url\":\"http:\/\/3.126.27.25\/wp-content\/uploads\/2023\/08\/logo-web.png\",\"contentUrl\":\"http:\/\/3.126.27.25\/wp-content\/uploads\/2023\/08\/logo-web.png\",\"width\":492,\"height\":93,\"caption\":\"Alcedrix\"},\"image\":{\"@id\":\"https:\/\/alcedrix.com\/#\/schema\/logo\/image\/\"},\"sameAs\":[\"https:\/\/www.facebook.com\/alcedrix\",\"https:\/\/www.instagram.com\/alcedrix\"]}]}<\/script>\n<!-- \/ Yoast SEO plugin. -->","yoast_head_json":{"title":"Gold Vit\u2122 B Forte 60 tableta - Alcedrix","robots":{"index":"index","follow":"follow","max-snippet":"max-snippet:-1","max-image-preview":"max-image-preview:large","max-video-preview":"max-video-preview:-1"},"canonical":"https:\/\/alcedrix.com\/sq\/shop\/gold-vit-b-forte-60-tabl\/","og_locale":"sq_AL","og_type":"article","og_title":"Gold Vit\u2122 B Forte 60 tableta - Alcedrix","og_description":"Shtes\u00eb ushqimore n\u00eb form\u00ebn e tabletave, me kompleks t\u00eb vitaminave B q\u00eb jan\u00eb t\u00eb nevojshme p\u00ebr zhvillimin e duhur t\u00eb proceseve q\u00eb ndodhin n\u00eb trup.","og_url":"https:\/\/alcedrix.com\/sq\/shop\/gold-vit-b-forte-60-tabl\/","og_site_name":"Alcedrix","article_publisher":"https:\/\/www.facebook.com\/alcedrix","article_modified_time":"2024-08-01T12:19:54+00:00","og_image":[{"width":600,"height":600,"url":"https:\/\/alcedrix.com\/wp-content\/uploads\/2023\/09\/goldvit-b-forte.png","type":"image\/png"}],"twitter_card":"summary_large_image","twitter_misc":{"Est. reading time":"1 minut\u00eb"},"schema":{"@context":"https:\/\/schema.org","@graph":[{"@type":"WebPage","@id":"https:\/\/alcedrix.com\/shop\/gold-vit-b-forte-60-tabl\/","url":"https:\/\/alcedrix.com\/shop\/gold-vit-b-forte-60-tabl\/","name":"Gold Vit\u2122 B Forte 60 tableta - Alcedrix","isPartOf":{"@id":"https:\/\/alcedrix.com\/#website"},"primaryImageOfPage":{"@id":"https:\/\/alcedrix.com\/shop\/gold-vit-b-forte-60-tabl\/#primaryimage"},"image":{"@id":"https:\/\/alcedrix.com\/shop\/gold-vit-b-forte-60-tabl\/#primaryimage"},"thumbnailUrl":"https:\/\/alcedrix.com\/wp-content\/uploads\/2023\/09\/goldvit-b-forte.png","datePublished":"2023-09-11T13:59:08+00:00","dateModified":"2024-08-01T12:19:54+00:00","breadcrumb":{"@id":"https:\/\/alcedrix.com\/shop\/gold-vit-b-forte-60-tabl\/#breadcrumb"},"inLanguage":"sq","potentialAction":[{"@type":"ReadAction","target":["https:\/\/alcedrix.com\/shop\/gold-vit-b-forte-60-tabl\/"]}]},{"@type":"ImageObject","inLanguage":"sq","@id":"https:\/\/alcedrix.com\/shop\/gold-vit-b-forte-60-tabl\/#primaryimage","url":"https:\/\/alcedrix.com\/wp-content\/uploads\/2023\/09\/goldvit-b-forte.png","contentUrl":"https:\/\/alcedrix.com\/wp-content\/uploads\/2023\/09\/goldvit-b-forte.png","width":600,"height":600},{"@type":"BreadcrumbList","@id":"https:\/\/alcedrix.com\/shop\/gold-vit-b-forte-60-tabl\/#breadcrumb","itemListElement":[{"@type":"ListItem","position":1,"name":"Home","item":"https:\/\/alcedrix.com\/"},{"@type":"ListItem","position":2,"name":"Shop","item":"https:\/\/alcedrix.com\/shop\/"},{"@type":"ListItem","position":3,"name":"Gold Vit\u2122 B Forte 60 tableta"}]},{"@type":"WebSite","@id":"https:\/\/alcedrix.com\/#website","url":"https:\/\/alcedrix.com\/","name":"Alcedrix","description":"Alcedrix","publisher":{"@id":"https:\/\/alcedrix.com\/#organization"},"potentialAction":[{"@type":"SearchAction","target":{"@type":"EntryPoint","urlTemplate":"https:\/\/alcedrix.com\/?s={search_term_string}"},"query-input":{"@type":"PropertyValueSpecification","valueRequired":true,"valueName":"search_term_string"}}],"inLanguage":"sq"},{"@type":"Organization","@id":"https:\/\/alcedrix.com\/#organization","name":"Alcedrix","url":"https:\/\/alcedrix.com\/","logo":{"@type":"ImageObject","inLanguage":"sq","@id":"https:\/\/alcedrix.com\/#\/schema\/logo\/image\/","url":"http:\/\/3.126.27.25\/wp-content\/uploads\/2023\/08\/logo-web.png","contentUrl":"http:\/\/3.126.27.25\/wp-content\/uploads\/2023\/08\/logo-web.png","width":492,"height":93,"caption":"Alcedrix"},"image":{"@id":"https:\/\/alcedrix.com\/#\/schema\/logo\/image\/"},"sameAs":["https:\/\/www.facebook.com\/alcedrix","https:\/\/www.instagram.com\/alcedrix"]}]}},"_links":{"self":[{"href":"https:\/\/alcedrix.com\/sq\/wp-json\/wp\/v2\/product\/7997"}],"collection":[{"href":"https:\/\/alcedrix.com\/sq\/wp-json\/wp\/v2\/product"}],"about":[{"href":"https:\/\/alcedrix.com\/sq\/wp-json\/wp\/v2\/types\/product"}],"version-history":[{"count":1,"href":"https:\/\/alcedrix.com\/sq\/wp-json\/wp\/v2\/product\/7997\/revisions"}],"predecessor-version":[{"id":9393,"href":"https:\/\/alcedrix.com\/sq\/wp-json\/wp\/v2\/product\/7997\/revisions\/9393"}],"wp:featuredmedia":[{"embeddable":true,"href":"https:\/\/alcedrix.com\/sq\/wp-json\/wp\/v2\/media\/7998"}],"wp:attachment":[{"href":"https:\/\/alcedrix.com\/sq\/wp-json\/wp\/v2\/media?parent=7997"}],"wp:term":[{"taxonomy":"product_cat","embeddable":true,"href":"https:\/\/alcedrix.com\/sq\/wp-json\/wp\/v2\/product_cat?post=7997"},{"taxonomy":"product_tag","embeddable":true,"href":"https:\/\/alcedrix.com\/sq\/wp-json\/wp\/v2\/product_tag?post=7997"}],"curies":[{"name":"wp","href":"https:\/\/api.w.org\/{rel}","templated":true}]}}