{"id":7995,"date":"2023-09-11T12:41:25","date_gmt":"2023-09-11T12:41:25","guid":{"rendered":"http:\/\/3.126.27.25\/?post_type=product&#038;p=7995"},"modified":"2024-07-29T14:10:08","modified_gmt":"2024-07-29T14:10:08","slug":"gold-vit-ae-30-caps","status":"publish","type":"product","link":"https:\/\/alcedrix.com\/sq\/shop\/gold-vit-ae-30-caps\/","title":{"rendered":"Gold Vit\u00ae A+E 30 Kapsula"},"content":{"rendered":"<p><strong>Gold Vit A+ETM<\/strong> \u00ebsht\u00eb shtes\u00eb ushqimore me nj\u00eb p\u00ebrb\u00ebrje t\u00eb p\u00ebrkryer i destinuar p\u00ebr njer\u00ebzit q\u00eb kujdesen p\u00ebr l\u00ebkur\u00ebn dhe flok\u00ebt e tyre.<br \/>\nGold Vit A+ETM p\u00ebrmban vaj aguli\u00e7e dhe biotin\u00eb n\u00eb form\u00ebn e mikropeletave inovative q\u00eb garantojn\u00eb shpejt\u00ebsi t\u00eb shp\u00ebrndarjes dhe p\u00ebrthithje optimale n\u00eb trup.<\/p>\n<p>Gold Vit A+ETM:<\/p>\n<ul>\n<li>P\u00ebrmbajtje jasht\u00ebzakonisht e lart\u00eb e vajit t\u00eb aguli\u00e7es (Evening Primrose);<\/li>\n<li>Vitamina A thelb\u00ebsore n\u00eb procesin e specializimit t\u00eb qelizave duke mb\u00ebshtetur ruajtjen e l\u00ebkur\u00ebs s\u00eb sh\u00ebndetshme;<\/li>\n<li>Vitamina E duke mbrojtur qelizat kund\u00ebr stresit oksidativ dhe d\u00ebmtimit t\u00eb qelizave t\u00eb shkaktuara nga radikalet e lira;<\/li>\n<li>Biotina duke ndihmuar n\u00eb ruajtjen e flok\u00ebve t\u00eb sh\u00ebndetsh\u00ebm dhe me shk\u00eblqim;<\/li>\n<li>Kapsula t\u00eb prodhuara duke p\u00ebrdorur teknologjin\u00eb e avancuar dhe inovative Liquid Flow Technology\u00ae e cila garanton thithjen maksimale t\u00eb shpejt\u00eb dhe asimilueshm\u00ebri t\u00eb lart\u00eb t\u00eb p\u00ebrb\u00ebr\u00ebsve aktiv; Kapsul\u00eb e leht\u00eb p\u00ebr t&#8217;u g\u00eblltitur n\u00eb form\u00eb t\u00eb rrumbullak\u00ebt.<\/li>\n<\/ul>\n<p>Liquid Flow Caps Technology\u00ae:<\/p>\n<ul>\n<li>Teknologjia Liquid Flow Caps garanton p\u00ebrthithje maksimale t\u00eb shpejt\u00eb dhe asimilueshm\u00ebri t\u00eb lart\u00eb t\u00eb p\u00ebrb\u00ebr\u00ebsve aktiv\u00eb,<\/li>\n<li>Veshje e fort\u00eb xhelatine me nj\u00eb sistem mbylljeje t\u00eb patentuar q\u00eb parandalon oksidimin e substancave aktive, duke siguruar ruajtjen e cil\u00ebsis\u00eb m\u00eb t\u00eb lart\u00eb,<\/li>\n<li>Kapsulat Flow Caps jan\u00eb t\u00eb vogla, kjo i b\u00ebn ato jasht\u00ebzakonisht t\u00eb lehta p\u00ebr t&#8217;u g\u00eblltitur,<\/li>\n<li>Liquid Flow Caps Technology\u00ae konsiderohet si avancim i r\u00ebnd\u00ebsish\u00ebm n\u00eb teknologjin\u00eb e mbrojtjes s\u00eb substancave aktive q\u00eb gjinden n\u00eb kapsula.<\/li>\n<\/ul>\n<p>Produkti rekomandohet t\u00eb p\u00ebrdoret n\u00eb baza ditore si shtes\u00eb ushqimore. Dedikohet p\u00ebr t\u00eb gjith\u00eb personat q\u00eb d\u00ebshirojn\u00eb t\u00eb kujdesen p\u00ebr l\u00ebkur\u00ebn dhe flokun e tyre. Gjithashtu rekomandohet t\u00eb p\u00ebrdoret p\u00ebr vajzat\/grat\u00eb q\u00eb kan\u00eb gjakderdhje m\u00eb t\u00eb theksuar gjat\u00eb ciklit menstrual.<\/p>\n<p><strong>M\u00ebnyra e p\u00ebrdorimit:<\/strong>1 kapsul\u00eb \u00e7do dit\u00eb pas \u00e7do shujte, m\u00eb shum\u00eb uj\u00eb.<\/p>","protected":false},"excerpt":{"rendered":"<p>P\u00ebrmban aguli\u00e7e dhe biotin\u00eb, p\u00ebrb\u00ebr\u00ebsit p\u00ebr nj\u00eb l\u00ebkur\u00eb t\u00eb bukur dhe flok\u00eb t\u00eb sh\u00ebndetshme.<\/p>","protected":false},"featured_media":7996,"template":"","meta":[],"product_cat":[102,96,104,101],"product_tag":[],"class_list":{"0":"post-7995","1":"product","2":"type-product","3":"status-publish","4":"has-post-thumbnail","6":"product_cat-lekura-dhe-floku","7":"product_cat-olimp","8":"product_cat-shtese-ushqimore","9":"product_cat-te-rritur","11":"first","12":"instock","13":"taxable","14":"shipping-taxable","15":"purchasable","16":"product-type-simple"},"yoast_head":"<!-- This site is optimized with the Yoast SEO plugin v23.6 - https:\/\/yoast.com\/wordpress\/plugins\/seo\/ -->\n<title>Gold Vit\u00ae A+E 30 Kapsula - Alcedrix<\/title>\n<meta name=\"robots\" content=\"index, follow, max-snippet:-1, max-image-preview:large, max-video-preview:-1\" \/>\n<link rel=\"canonical\" href=\"https:\/\/alcedrix.com\/sq\/shop\/gold-vit-ae-30-caps\/\" \/>\n<meta property=\"og:locale\" content=\"sq_AL\" \/>\n<meta property=\"og:type\" content=\"article\" \/>\n<meta property=\"og:title\" content=\"Gold Vit\u00ae A+E 30 Kapsula - Alcedrix\" \/>\n<meta property=\"og:description\" content=\"P\u00ebrmban aguli\u00e7e dhe biotin\u00eb, p\u00ebrb\u00ebr\u00ebsit p\u00ebr nj\u00eb l\u00ebkur\u00eb t\u00eb bukur dhe flok\u00eb t\u00eb sh\u00ebndetshme.\" \/>\n<meta property=\"og:url\" content=\"https:\/\/alcedrix.com\/sq\/shop\/gold-vit-ae-30-caps\/\" \/>\n<meta property=\"og:site_name\" content=\"Alcedrix\" \/>\n<meta property=\"article:publisher\" content=\"https:\/\/www.facebook.com\/alcedrix\" \/>\n<meta property=\"article:modified_time\" content=\"2024-07-29T14:10:08+00:00\" \/>\n<meta property=\"og:image\" content=\"https:\/\/alcedrix.com\/wp-content\/uploads\/2023\/09\/goldvit-ae.png\" \/>\n\t<meta property=\"og:image:width\" content=\"600\" \/>\n\t<meta property=\"og:image:height\" content=\"600\" \/>\n\t<meta property=\"og:image:type\" content=\"image\/png\" \/>\n<meta name=\"twitter:card\" content=\"summary_large_image\" \/>\n<meta name=\"twitter:label1\" content=\"Est. reading time\" \/>\n\t<meta name=\"twitter:data1\" content=\"2 minuta\" \/>\n<script type=\"application\/ld+json\" class=\"yoast-schema-graph\">{\"@context\":\"https:\/\/schema.org\",\"@graph\":[{\"@type\":\"WebPage\",\"@id\":\"https:\/\/alcedrix.com\/shop\/gold-vit-ae-30-caps\/\",\"url\":\"https:\/\/alcedrix.com\/shop\/gold-vit-ae-30-caps\/\",\"name\":\"Gold Vit\u00ae A+E 30 Kapsula - Alcedrix\",\"isPartOf\":{\"@id\":\"https:\/\/alcedrix.com\/#website\"},\"primaryImageOfPage\":{\"@id\":\"https:\/\/alcedrix.com\/shop\/gold-vit-ae-30-caps\/#primaryimage\"},\"image\":{\"@id\":\"https:\/\/alcedrix.com\/shop\/gold-vit-ae-30-caps\/#primaryimage\"},\"thumbnailUrl\":\"https:\/\/alcedrix.com\/wp-content\/uploads\/2023\/09\/goldvit-ae.png\",\"datePublished\":\"2023-09-11T12:41:25+00:00\",\"dateModified\":\"2024-07-29T14:10:08+00:00\",\"breadcrumb\":{\"@id\":\"https:\/\/alcedrix.com\/shop\/gold-vit-ae-30-caps\/#breadcrumb\"},\"inLanguage\":\"sq\",\"potentialAction\":[{\"@type\":\"ReadAction\",\"target\":[\"https:\/\/alcedrix.com\/shop\/gold-vit-ae-30-caps\/\"]}]},{\"@type\":\"ImageObject\",\"inLanguage\":\"sq\",\"@id\":\"https:\/\/alcedrix.com\/shop\/gold-vit-ae-30-caps\/#primaryimage\",\"url\":\"https:\/\/alcedrix.com\/wp-content\/uploads\/2023\/09\/goldvit-ae.png\",\"contentUrl\":\"https:\/\/alcedrix.com\/wp-content\/uploads\/2023\/09\/goldvit-ae.png\",\"width\":600,\"height\":600},{\"@type\":\"BreadcrumbList\",\"@id\":\"https:\/\/alcedrix.com\/shop\/gold-vit-ae-30-caps\/#breadcrumb\",\"itemListElement\":[{\"@type\":\"ListItem\",\"position\":1,\"name\":\"Home\",\"item\":\"https:\/\/alcedrix.com\/\"},{\"@type\":\"ListItem\",\"position\":2,\"name\":\"Shop\",\"item\":\"https:\/\/alcedrix.com\/shop\/\"},{\"@type\":\"ListItem\",\"position\":3,\"name\":\"Gold Vit\u00ae A+E 30 Kapsula\"}]},{\"@type\":\"WebSite\",\"@id\":\"https:\/\/alcedrix.com\/#website\",\"url\":\"https:\/\/alcedrix.com\/\",\"name\":\"Alcedrix\",\"description\":\"Alcedrix\",\"publisher\":{\"@id\":\"https:\/\/alcedrix.com\/#organization\"},\"potentialAction\":[{\"@type\":\"SearchAction\",\"target\":{\"@type\":\"EntryPoint\",\"urlTemplate\":\"https:\/\/alcedrix.com\/?s={search_term_string}\"},\"query-input\":{\"@type\":\"PropertyValueSpecification\",\"valueRequired\":true,\"valueName\":\"search_term_string\"}}],\"inLanguage\":\"sq\"},{\"@type\":\"Organization\",\"@id\":\"https:\/\/alcedrix.com\/#organization\",\"name\":\"Alcedrix\",\"url\":\"https:\/\/alcedrix.com\/\",\"logo\":{\"@type\":\"ImageObject\",\"inLanguage\":\"sq\",\"@id\":\"https:\/\/alcedrix.com\/#\/schema\/logo\/image\/\",\"url\":\"http:\/\/3.126.27.25\/wp-content\/uploads\/2023\/08\/logo-web.png\",\"contentUrl\":\"http:\/\/3.126.27.25\/wp-content\/uploads\/2023\/08\/logo-web.png\",\"width\":492,\"height\":93,\"caption\":\"Alcedrix\"},\"image\":{\"@id\":\"https:\/\/alcedrix.com\/#\/schema\/logo\/image\/\"},\"sameAs\":[\"https:\/\/www.facebook.com\/alcedrix\",\"https:\/\/www.instagram.com\/alcedrix\"]}]}<\/script>\n<!-- \/ Yoast SEO plugin. -->","yoast_head_json":{"title":"Gold Vit\u00ae A+E 30 Kapsula - Alcedrix","robots":{"index":"index","follow":"follow","max-snippet":"max-snippet:-1","max-image-preview":"max-image-preview:large","max-video-preview":"max-video-preview:-1"},"canonical":"https:\/\/alcedrix.com\/sq\/shop\/gold-vit-ae-30-caps\/","og_locale":"sq_AL","og_type":"article","og_title":"Gold Vit\u00ae A+E 30 Kapsula - Alcedrix","og_description":"P\u00ebrmban aguli\u00e7e dhe biotin\u00eb, p\u00ebrb\u00ebr\u00ebsit p\u00ebr nj\u00eb l\u00ebkur\u00eb t\u00eb bukur dhe flok\u00eb t\u00eb sh\u00ebndetshme.","og_url":"https:\/\/alcedrix.com\/sq\/shop\/gold-vit-ae-30-caps\/","og_site_name":"Alcedrix","article_publisher":"https:\/\/www.facebook.com\/alcedrix","article_modified_time":"2024-07-29T14:10:08+00:00","og_image":[{"width":600,"height":600,"url":"https:\/\/alcedrix.com\/wp-content\/uploads\/2023\/09\/goldvit-ae.png","type":"image\/png"}],"twitter_card":"summary_large_image","twitter_misc":{"Est. reading time":"2 minuta"},"schema":{"@context":"https:\/\/schema.org","@graph":[{"@type":"WebPage","@id":"https:\/\/alcedrix.com\/shop\/gold-vit-ae-30-caps\/","url":"https:\/\/alcedrix.com\/shop\/gold-vit-ae-30-caps\/","name":"Gold Vit\u00ae A+E 30 Kapsula - Alcedrix","isPartOf":{"@id":"https:\/\/alcedrix.com\/#website"},"primaryImageOfPage":{"@id":"https:\/\/alcedrix.com\/shop\/gold-vit-ae-30-caps\/#primaryimage"},"image":{"@id":"https:\/\/alcedrix.com\/shop\/gold-vit-ae-30-caps\/#primaryimage"},"thumbnailUrl":"https:\/\/alcedrix.com\/wp-content\/uploads\/2023\/09\/goldvit-ae.png","datePublished":"2023-09-11T12:41:25+00:00","dateModified":"2024-07-29T14:10:08+00:00","breadcrumb":{"@id":"https:\/\/alcedrix.com\/shop\/gold-vit-ae-30-caps\/#breadcrumb"},"inLanguage":"sq","potentialAction":[{"@type":"ReadAction","target":["https:\/\/alcedrix.com\/shop\/gold-vit-ae-30-caps\/"]}]},{"@type":"ImageObject","inLanguage":"sq","@id":"https:\/\/alcedrix.com\/shop\/gold-vit-ae-30-caps\/#primaryimage","url":"https:\/\/alcedrix.com\/wp-content\/uploads\/2023\/09\/goldvit-ae.png","contentUrl":"https:\/\/alcedrix.com\/wp-content\/uploads\/2023\/09\/goldvit-ae.png","width":600,"height":600},{"@type":"BreadcrumbList","@id":"https:\/\/alcedrix.com\/shop\/gold-vit-ae-30-caps\/#breadcrumb","itemListElement":[{"@type":"ListItem","position":1,"name":"Home","item":"https:\/\/alcedrix.com\/"},{"@type":"ListItem","position":2,"name":"Shop","item":"https:\/\/alcedrix.com\/shop\/"},{"@type":"ListItem","position":3,"name":"Gold Vit\u00ae A+E 30 Kapsula"}]},{"@type":"WebSite","@id":"https:\/\/alcedrix.com\/#website","url":"https:\/\/alcedrix.com\/","name":"Alcedrix","description":"Alcedrix","publisher":{"@id":"https:\/\/alcedrix.com\/#organization"},"potentialAction":[{"@type":"SearchAction","target":{"@type":"EntryPoint","urlTemplate":"https:\/\/alcedrix.com\/?s={search_term_string}"},"query-input":{"@type":"PropertyValueSpecification","valueRequired":true,"valueName":"search_term_string"}}],"inLanguage":"sq"},{"@type":"Organization","@id":"https:\/\/alcedrix.com\/#organization","name":"Alcedrix","url":"https:\/\/alcedrix.com\/","logo":{"@type":"ImageObject","inLanguage":"sq","@id":"https:\/\/alcedrix.com\/#\/schema\/logo\/image\/","url":"http:\/\/3.126.27.25\/wp-content\/uploads\/2023\/08\/logo-web.png","contentUrl":"http:\/\/3.126.27.25\/wp-content\/uploads\/2023\/08\/logo-web.png","width":492,"height":93,"caption":"Alcedrix"},"image":{"@id":"https:\/\/alcedrix.com\/#\/schema\/logo\/image\/"},"sameAs":["https:\/\/www.facebook.com\/alcedrix","https:\/\/www.instagram.com\/alcedrix"]}]}},"_links":{"self":[{"href":"https:\/\/alcedrix.com\/sq\/wp-json\/wp\/v2\/product\/7995"}],"collection":[{"href":"https:\/\/alcedrix.com\/sq\/wp-json\/wp\/v2\/product"}],"about":[{"href":"https:\/\/alcedrix.com\/sq\/wp-json\/wp\/v2\/types\/product"}],"version-history":[{"count":1,"href":"https:\/\/alcedrix.com\/sq\/wp-json\/wp\/v2\/product\/7995\/revisions"}],"predecessor-version":[{"id":9399,"href":"https:\/\/alcedrix.com\/sq\/wp-json\/wp\/v2\/product\/7995\/revisions\/9399"}],"wp:featuredmedia":[{"embeddable":true,"href":"https:\/\/alcedrix.com\/sq\/wp-json\/wp\/v2\/media\/7996"}],"wp:attachment":[{"href":"https:\/\/alcedrix.com\/sq\/wp-json\/wp\/v2\/media?parent=7995"}],"wp:term":[{"taxonomy":"product_cat","embeddable":true,"href":"https:\/\/alcedrix.com\/sq\/wp-json\/wp\/v2\/product_cat?post=7995"},{"taxonomy":"product_tag","embeddable":true,"href":"https:\/\/alcedrix.com\/sq\/wp-json\/wp\/v2\/product_tag?post=7995"}],"curies":[{"name":"wp","href":"https:\/\/api.w.org\/{rel}","templated":true}]}}