{"id":7993,"date":"2023-09-11T12:36:10","date_gmt":"2023-09-11T12:36:10","guid":{"rendered":"http:\/\/3.126.27.25\/?post_type=product&#038;p=7993"},"modified":"2024-07-29T14:13:50","modified_gmt":"2024-07-29T14:13:50","slug":"gold-omega-3-d3k2-30-caps","status":"publish","type":"product","link":"https:\/\/alcedrix.com\/sq\/shop\/gold-omega-3-d3k2-30-caps\/","title":{"rendered":"Gold Omega 3\u00ae D3 + K2"},"content":{"rendered":"<p><strong>Gold Omega 3\u00ae D3 + K2<\/strong> \u00ebsht\u00eb shtes\u00eb ushqimore me p\u00ebrmbajtje t\u00eb lart\u00eb t\u00eb omega-3 e plot\u00ebsuar me vitamina D3 dhe K2.<\/p>\n<p>Vaji i peshkut me nj\u00eb p\u00ebrmbajtje t\u00eb standardizuar 65% t\u00eb acideve yndyrore omega-3 q\u00eb plot\u00ebsojn\u00eb diet\u00ebn me acide yndyrore thelb\u00ebsore. Gold Omega 3\u00ae D3 + K2 gjithashtu p\u00ebrmban nj\u00eb sasi t\u00eb lart\u00eb t\u00eb vitamin\u00ebs K natyrale q\u00eb paraqitet n\u00eb form\u00ebn e saj m\u00eb t\u00eb tretshme dhe aktive \u2013 menaquinone-7 (vitamina K2). Produkti \u00ebsht\u00eb plot\u00ebsuar me 2000 IU t\u00eb vitamin\u00ebs D (D3).<\/p>\n<p>Produkti rekomandohet ve\u00e7an\u00ebrisht p\u00ebr ata q\u00eb kujdesen t\u00eb mbajn\u00eb funksionimin e duhur t\u00eb zemr\u00ebs, sistemin kardiovaskular dhe t\u00eb mbajn\u00eb eshtrat e tyre t\u00eb sh\u00ebndetsh\u00ebm dhe t\u00eb fort\u00eb.<\/p>\n<p>Omega-3 EPA (acidi eikosapentaenoik) dhe DHA (acidi docosahexaenoic) kontribuojn\u00eb n\u00eb funksionimin e duhur t\u00eb zemr\u00ebs (nj\u00eb efekt i dobish\u00ebm merret kur konsumi \u00ebsht\u00eb i barabart\u00eb me 250 mg EPA dhe DHA \u00e7do dit\u00eb).<\/p>\n<p>Vitamina D dhe K ndihmojn\u00eb n\u00eb ruajtjen e funksionimit t\u00eb duhur t\u00eb sistemit kardiovaskular, vitamina K kontribuon n\u00eb koagulimin normal t\u00eb gjakut, nd\u00ebrsa vitamina D ndihmon n\u00eb ruajtjen e niveleve normale t\u00eb kalciumit n\u00eb gjak.<\/p>\n<p>Vitamina D gjithashtu luan rol n\u00eb ruajtjen e eshtrave dhe dh\u00ebmb\u00ebve t\u00eb sh\u00ebndetsh\u00ebm, kontribuon n\u00eb thithjen e duhur t\u00eb kalciumit dhe fosforit dhe siguron funksionimin e duhur t\u00eb sistemit imunitar.<\/p>\n<p><strong>M\u00ebnyra e p\u00ebrdorimit:<\/strong> Rekomandohet marrja ditore e 1 kapsule \u00e7do dit\u00eb pas \u00e7do shujte me shum\u00eb uj\u00eb.<\/p>","protected":false},"excerpt":{"rendered":"<p>Gold Omega 3\u00ae D3 + K2 \u00ebsht\u00eb i destinuar p\u00ebr t\u00eb rriturit me p\u00ebrmbajtje t\u00eb lart\u00eb t\u00eb omega-3 dhe vitaminave D dhe K. Ka p\u00ebrqendrim super t\u00eb lart\u00eb t\u00eb acideve yndyrore Omega 3 \u2013 65% n\u00eb 1000mg.<\/p>","protected":false},"featured_media":7994,"template":"","meta":[],"product_cat":[114,109,96,104,101,121],"product_tag":[],"class_list":{"0":"post-7993","1":"product","2":"type-product","3":"status-publish","4":"has-post-thumbnail","6":"product_cat-eshtra-dhe-nyje","7":"product_cat-mbrojtje","8":"product_cat-olimp","9":"product_cat-shtese-ushqimore","10":"product_cat-te-rritur","11":"product_cat-zemra","13":"first","14":"instock","15":"taxable","16":"shipping-taxable","17":"purchasable","18":"product-type-simple"},"yoast_head":"<!-- This site is optimized with the Yoast SEO plugin v23.6 - https:\/\/yoast.com\/wordpress\/plugins\/seo\/ -->\n<title>Gold Omega 3\u00ae D3 + K2 - Alcedrix<\/title>\n<meta name=\"robots\" content=\"index, follow, max-snippet:-1, max-image-preview:large, max-video-preview:-1\" \/>\n<link rel=\"canonical\" href=\"https:\/\/alcedrix.com\/sq\/shop\/gold-omega-3-d3k2-30-caps\/\" \/>\n<meta property=\"og:locale\" content=\"sq_AL\" \/>\n<meta property=\"og:type\" content=\"article\" \/>\n<meta property=\"og:title\" content=\"Gold Omega 3\u00ae D3 + K2 - Alcedrix\" \/>\n<meta property=\"og:description\" content=\"Gold Omega 3\u00ae D3 + K2 \u00ebsht\u00eb i destinuar p\u00ebr t\u00eb rriturit me p\u00ebrmbajtje t\u00eb lart\u00eb t\u00eb omega-3 dhe vitaminave D dhe K. Ka p\u00ebrqendrim super t\u00eb lart\u00eb t\u00eb acideve yndyrore Omega 3 \u2013 65% n\u00eb 1000mg.\" \/>\n<meta property=\"og:url\" content=\"https:\/\/alcedrix.com\/sq\/shop\/gold-omega-3-d3k2-30-caps\/\" \/>\n<meta property=\"og:site_name\" content=\"Alcedrix\" \/>\n<meta property=\"article:publisher\" content=\"https:\/\/www.facebook.com\/alcedrix\" \/>\n<meta property=\"article:modified_time\" content=\"2024-07-29T14:13:50+00:00\" \/>\n<meta property=\"og:image\" content=\"https:\/\/alcedrix.com\/wp-content\/uploads\/2023\/09\/gold-omega-d3k2.png\" \/>\n\t<meta property=\"og:image:width\" content=\"600\" \/>\n\t<meta property=\"og:image:height\" content=\"600\" \/>\n\t<meta property=\"og:image:type\" content=\"image\/png\" \/>\n<meta name=\"twitter:card\" content=\"summary_large_image\" \/>\n<meta name=\"twitter:label1\" content=\"Est. reading time\" \/>\n\t<meta name=\"twitter:data1\" content=\"1 minut\u00eb\" \/>\n<script type=\"application\/ld+json\" class=\"yoast-schema-graph\">{\"@context\":\"https:\/\/schema.org\",\"@graph\":[{\"@type\":\"WebPage\",\"@id\":\"https:\/\/alcedrix.com\/shop\/gold-omega-3-d3k2-30-caps\/\",\"url\":\"https:\/\/alcedrix.com\/shop\/gold-omega-3-d3k2-30-caps\/\",\"name\":\"Gold Omega 3\u00ae D3 + K2 - Alcedrix\",\"isPartOf\":{\"@id\":\"https:\/\/alcedrix.com\/#website\"},\"primaryImageOfPage\":{\"@id\":\"https:\/\/alcedrix.com\/shop\/gold-omega-3-d3k2-30-caps\/#primaryimage\"},\"image\":{\"@id\":\"https:\/\/alcedrix.com\/shop\/gold-omega-3-d3k2-30-caps\/#primaryimage\"},\"thumbnailUrl\":\"https:\/\/alcedrix.com\/wp-content\/uploads\/2023\/09\/gold-omega-d3k2.png\",\"datePublished\":\"2023-09-11T12:36:10+00:00\",\"dateModified\":\"2024-07-29T14:13:50+00:00\",\"breadcrumb\":{\"@id\":\"https:\/\/alcedrix.com\/shop\/gold-omega-3-d3k2-30-caps\/#breadcrumb\"},\"inLanguage\":\"sq\",\"potentialAction\":[{\"@type\":\"ReadAction\",\"target\":[\"https:\/\/alcedrix.com\/shop\/gold-omega-3-d3k2-30-caps\/\"]}]},{\"@type\":\"ImageObject\",\"inLanguage\":\"sq\",\"@id\":\"https:\/\/alcedrix.com\/shop\/gold-omega-3-d3k2-30-caps\/#primaryimage\",\"url\":\"https:\/\/alcedrix.com\/wp-content\/uploads\/2023\/09\/gold-omega-d3k2.png\",\"contentUrl\":\"https:\/\/alcedrix.com\/wp-content\/uploads\/2023\/09\/gold-omega-d3k2.png\",\"width\":600,\"height\":600},{\"@type\":\"BreadcrumbList\",\"@id\":\"https:\/\/alcedrix.com\/shop\/gold-omega-3-d3k2-30-caps\/#breadcrumb\",\"itemListElement\":[{\"@type\":\"ListItem\",\"position\":1,\"name\":\"Home\",\"item\":\"https:\/\/alcedrix.com\/\"},{\"@type\":\"ListItem\",\"position\":2,\"name\":\"Shop\",\"item\":\"https:\/\/alcedrix.com\/shop\/\"},{\"@type\":\"ListItem\",\"position\":3,\"name\":\"Gold Omega 3\u00ae D3 + K2\"}]},{\"@type\":\"WebSite\",\"@id\":\"https:\/\/alcedrix.com\/#website\",\"url\":\"https:\/\/alcedrix.com\/\",\"name\":\"Alcedrix\",\"description\":\"Alcedrix\",\"publisher\":{\"@id\":\"https:\/\/alcedrix.com\/#organization\"},\"potentialAction\":[{\"@type\":\"SearchAction\",\"target\":{\"@type\":\"EntryPoint\",\"urlTemplate\":\"https:\/\/alcedrix.com\/?s={search_term_string}\"},\"query-input\":{\"@type\":\"PropertyValueSpecification\",\"valueRequired\":true,\"valueName\":\"search_term_string\"}}],\"inLanguage\":\"sq\"},{\"@type\":\"Organization\",\"@id\":\"https:\/\/alcedrix.com\/#organization\",\"name\":\"Alcedrix\",\"url\":\"https:\/\/alcedrix.com\/\",\"logo\":{\"@type\":\"ImageObject\",\"inLanguage\":\"sq\",\"@id\":\"https:\/\/alcedrix.com\/#\/schema\/logo\/image\/\",\"url\":\"http:\/\/3.126.27.25\/wp-content\/uploads\/2023\/08\/logo-web.png\",\"contentUrl\":\"http:\/\/3.126.27.25\/wp-content\/uploads\/2023\/08\/logo-web.png\",\"width\":492,\"height\":93,\"caption\":\"Alcedrix\"},\"image\":{\"@id\":\"https:\/\/alcedrix.com\/#\/schema\/logo\/image\/\"},\"sameAs\":[\"https:\/\/www.facebook.com\/alcedrix\",\"https:\/\/www.instagram.com\/alcedrix\"]}]}<\/script>\n<!-- \/ Yoast SEO plugin. -->","yoast_head_json":{"title":"Gold Omega 3\u00ae D3 + K2 - Alcedrix","robots":{"index":"index","follow":"follow","max-snippet":"max-snippet:-1","max-image-preview":"max-image-preview:large","max-video-preview":"max-video-preview:-1"},"canonical":"https:\/\/alcedrix.com\/sq\/shop\/gold-omega-3-d3k2-30-caps\/","og_locale":"sq_AL","og_type":"article","og_title":"Gold Omega 3\u00ae D3 + K2 - Alcedrix","og_description":"Gold Omega 3\u00ae D3 + K2 \u00ebsht\u00eb i destinuar p\u00ebr t\u00eb rriturit me p\u00ebrmbajtje t\u00eb lart\u00eb t\u00eb omega-3 dhe vitaminave D dhe K. Ka p\u00ebrqendrim super t\u00eb lart\u00eb t\u00eb acideve yndyrore Omega 3 \u2013 65% n\u00eb 1000mg.","og_url":"https:\/\/alcedrix.com\/sq\/shop\/gold-omega-3-d3k2-30-caps\/","og_site_name":"Alcedrix","article_publisher":"https:\/\/www.facebook.com\/alcedrix","article_modified_time":"2024-07-29T14:13:50+00:00","og_image":[{"width":600,"height":600,"url":"https:\/\/alcedrix.com\/wp-content\/uploads\/2023\/09\/gold-omega-d3k2.png","type":"image\/png"}],"twitter_card":"summary_large_image","twitter_misc":{"Est. reading time":"1 minut\u00eb"},"schema":{"@context":"https:\/\/schema.org","@graph":[{"@type":"WebPage","@id":"https:\/\/alcedrix.com\/shop\/gold-omega-3-d3k2-30-caps\/","url":"https:\/\/alcedrix.com\/shop\/gold-omega-3-d3k2-30-caps\/","name":"Gold Omega 3\u00ae D3 + K2 - Alcedrix","isPartOf":{"@id":"https:\/\/alcedrix.com\/#website"},"primaryImageOfPage":{"@id":"https:\/\/alcedrix.com\/shop\/gold-omega-3-d3k2-30-caps\/#primaryimage"},"image":{"@id":"https:\/\/alcedrix.com\/shop\/gold-omega-3-d3k2-30-caps\/#primaryimage"},"thumbnailUrl":"https:\/\/alcedrix.com\/wp-content\/uploads\/2023\/09\/gold-omega-d3k2.png","datePublished":"2023-09-11T12:36:10+00:00","dateModified":"2024-07-29T14:13:50+00:00","breadcrumb":{"@id":"https:\/\/alcedrix.com\/shop\/gold-omega-3-d3k2-30-caps\/#breadcrumb"},"inLanguage":"sq","potentialAction":[{"@type":"ReadAction","target":["https:\/\/alcedrix.com\/shop\/gold-omega-3-d3k2-30-caps\/"]}]},{"@type":"ImageObject","inLanguage":"sq","@id":"https:\/\/alcedrix.com\/shop\/gold-omega-3-d3k2-30-caps\/#primaryimage","url":"https:\/\/alcedrix.com\/wp-content\/uploads\/2023\/09\/gold-omega-d3k2.png","contentUrl":"https:\/\/alcedrix.com\/wp-content\/uploads\/2023\/09\/gold-omega-d3k2.png","width":600,"height":600},{"@type":"BreadcrumbList","@id":"https:\/\/alcedrix.com\/shop\/gold-omega-3-d3k2-30-caps\/#breadcrumb","itemListElement":[{"@type":"ListItem","position":1,"name":"Home","item":"https:\/\/alcedrix.com\/"},{"@type":"ListItem","position":2,"name":"Shop","item":"https:\/\/alcedrix.com\/shop\/"},{"@type":"ListItem","position":3,"name":"Gold Omega 3\u00ae D3 + K2"}]},{"@type":"WebSite","@id":"https:\/\/alcedrix.com\/#website","url":"https:\/\/alcedrix.com\/","name":"Alcedrix","description":"Alcedrix","publisher":{"@id":"https:\/\/alcedrix.com\/#organization"},"potentialAction":[{"@type":"SearchAction","target":{"@type":"EntryPoint","urlTemplate":"https:\/\/alcedrix.com\/?s={search_term_string}"},"query-input":{"@type":"PropertyValueSpecification","valueRequired":true,"valueName":"search_term_string"}}],"inLanguage":"sq"},{"@type":"Organization","@id":"https:\/\/alcedrix.com\/#organization","name":"Alcedrix","url":"https:\/\/alcedrix.com\/","logo":{"@type":"ImageObject","inLanguage":"sq","@id":"https:\/\/alcedrix.com\/#\/schema\/logo\/image\/","url":"http:\/\/3.126.27.25\/wp-content\/uploads\/2023\/08\/logo-web.png","contentUrl":"http:\/\/3.126.27.25\/wp-content\/uploads\/2023\/08\/logo-web.png","width":492,"height":93,"caption":"Alcedrix"},"image":{"@id":"https:\/\/alcedrix.com\/#\/schema\/logo\/image\/"},"sameAs":["https:\/\/www.facebook.com\/alcedrix","https:\/\/www.instagram.com\/alcedrix"]}]}},"_links":{"self":[{"href":"https:\/\/alcedrix.com\/sq\/wp-json\/wp\/v2\/product\/7993"}],"collection":[{"href":"https:\/\/alcedrix.com\/sq\/wp-json\/wp\/v2\/product"}],"about":[{"href":"https:\/\/alcedrix.com\/sq\/wp-json\/wp\/v2\/types\/product"}],"version-history":[{"count":1,"href":"https:\/\/alcedrix.com\/sq\/wp-json\/wp\/v2\/product\/7993\/revisions"}],"predecessor-version":[{"id":9400,"href":"https:\/\/alcedrix.com\/sq\/wp-json\/wp\/v2\/product\/7993\/revisions\/9400"}],"wp:featuredmedia":[{"embeddable":true,"href":"https:\/\/alcedrix.com\/sq\/wp-json\/wp\/v2\/media\/7994"}],"wp:attachment":[{"href":"https:\/\/alcedrix.com\/sq\/wp-json\/wp\/v2\/media?parent=7993"}],"wp:term":[{"taxonomy":"product_cat","embeddable":true,"href":"https:\/\/alcedrix.com\/sq\/wp-json\/wp\/v2\/product_cat?post=7993"},{"taxonomy":"product_tag","embeddable":true,"href":"https:\/\/alcedrix.com\/sq\/wp-json\/wp\/v2\/product_tag?post=7993"}],"curies":[{"name":"wp","href":"https:\/\/api.w.org\/{rel}","templated":true}]}}