{"id":7991,"date":"2023-09-11T12:33:11","date_gmt":"2023-09-11T12:33:11","guid":{"rendered":"http:\/\/3.126.27.25\/?post_type=product&#038;p=7991"},"modified":"2024-07-19T13:06:52","modified_gmt":"2024-07-19T13:06:52","slug":"folic-acid-30-tabs","status":"publish","type":"product","link":"https:\/\/alcedrix.com\/sq\/shop\/folic-acid-30-tabs\/","title":{"rendered":"Acid Folik 400\u00b5g 30 tableta"},"content":{"rendered":"<p><strong>Acid Folik 400\u03bcg<\/strong> \u00ebsht\u00eb destinuar p\u00ebr:<\/p>\n<ul>\n<li>Plot\u00ebsimin e diet\u00ebs p\u00ebr grat\u00eb q\u00eb planifikojn\u00eb shtatz\u00ebni ose q\u00eb jan\u00eb shtatz\u00ebn\u00eb.<\/li>\n<li>Gjat\u00eb gjidh\u00ebnies ose q\u00eb p\u00ebrdorin kontraceptiv hormonal.<\/li>\n<li>Njer\u00ebzit q\u00eb kujdesen p\u00ebr funksionimin e duhur t\u00eb sistemit hematopoietik.<\/li>\n<li>Njer\u00ebzit q\u00eb p\u00ebrdorin alkool dhe plot\u00ebsojn\u00eb dietat anti-aterosklerotike.<\/li>\n<\/ul>\n<p><strong>M\u00ebnyra e p\u00ebrdorimit:<\/strong> 1 tablet\u00eb n\u00eb dit\u00eb pas ushqimit ose sipas rekomandimit t\u00eb mjekut.<\/p>","protected":false},"excerpt":{"rendered":"<p>Acid\u00a0Folik\u00a0400\u00a0\u03bcg\u00a0\u00ebsht\u00eb\u00a0shtes\u00eb\u00a0ushqimore\u00a0n\u00eb\u00a0form\u00ebn\u00a0e\u00a0tabletave\u00a0q\u00eb p\u00ebrmbajn\u00eb acid folik t\u00eb cilat kontribuojn\u00eb n\u00eb rritjen e indeve t\u00eb n\u00ebn\u00ebs\u00a0gjat\u00eb\u00a0shtatz\u00ebnis\u00eb\u00a0dhe\u00a0ka\u00a0ndikim\u00a0n\u00eb procesin\u00a0e\u00a0ndarjes\u00a0s\u00eb\u00a0qelizave.<\/p>","protected":false},"featured_media":7992,"template":"","meta":[],"product_cat":[96,120,104,101],"product_tag":[],"class_list":{"0":"post-7991","1":"product","2":"type-product","3":"status-publish","4":"has-post-thumbnail","6":"product_cat-olimp","7":"product_cat-shtatzani","8":"product_cat-shtese-ushqimore","9":"product_cat-te-rritur","11":"first","12":"instock","13":"taxable","14":"shipping-taxable","15":"purchasable","16":"product-type-simple"},"yoast_head":"<!-- This site is optimized with the Yoast SEO plugin v23.6 - https:\/\/yoast.com\/wordpress\/plugins\/seo\/ -->\n<title>Acid Folik 400\u00b5g 30 tableta - Alcedrix<\/title>\n<meta name=\"robots\" content=\"index, follow, max-snippet:-1, max-image-preview:large, max-video-preview:-1\" \/>\n<link rel=\"canonical\" href=\"http:\/\/alcedrix.com\/sq\/shop\/folic-acid-30-tabs\/\" \/>\n<meta property=\"og:locale\" content=\"sq_AL\" \/>\n<meta property=\"og:type\" content=\"article\" \/>\n<meta property=\"og:title\" content=\"Acid Folik 400\u00b5g 30 tableta - Alcedrix\" \/>\n<meta property=\"og:description\" content=\"Acid\u00a0Folik\u00a0400\u00a0\u03bcg\u00a0\u00ebsht\u00eb\u00a0shtes\u00eb\u00a0ushqimore\u00a0n\u00eb\u00a0form\u00ebn\u00a0e\u00a0tabletave\u00a0q\u00eb p\u00ebrmbajn\u00eb acid folik t\u00eb cilat kontribuojn\u00eb n\u00eb rritjen e indeve t\u00eb n\u00ebn\u00ebs\u00a0gjat\u00eb\u00a0shtatz\u00ebnis\u00eb\u00a0dhe\u00a0ka\u00a0ndikim\u00a0n\u00eb procesin\u00a0e\u00a0ndarjes\u00a0s\u00eb\u00a0qelizave.\" \/>\n<meta property=\"og:url\" content=\"http:\/\/alcedrix.com\/sq\/shop\/folic-acid-30-tabs\/\" \/>\n<meta property=\"og:site_name\" content=\"Alcedrix\" \/>\n<meta property=\"article:publisher\" content=\"https:\/\/www.facebook.com\/alcedrix\" \/>\n<meta property=\"article:modified_time\" content=\"2024-07-19T13:06:52+00:00\" \/>\n<meta property=\"og:image\" content=\"http:\/\/alcedrix.com\/wp-content\/uploads\/2023\/09\/folic-acid.png\" \/>\n\t<meta property=\"og:image:width\" content=\"600\" \/>\n\t<meta property=\"og:image:height\" content=\"600\" \/>\n\t<meta property=\"og:image:type\" content=\"image\/png\" \/>\n<meta name=\"twitter:card\" content=\"summary_large_image\" \/>\n<script type=\"application\/ld+json\" class=\"yoast-schema-graph\">{\"@context\":\"https:\/\/schema.org\",\"@graph\":[{\"@type\":\"WebPage\",\"@id\":\"http:\/\/alcedrix.com\/sq\/shop\/folic-acid-30-tabs\/\",\"url\":\"http:\/\/alcedrix.com\/sq\/shop\/folic-acid-30-tabs\/\",\"name\":\"Acid Folik 400\u00b5g 30 tableta - Alcedrix\",\"isPartOf\":{\"@id\":\"http:\/\/alcedrix.com\/#website\"},\"primaryImageOfPage\":{\"@id\":\"http:\/\/alcedrix.com\/sq\/shop\/folic-acid-30-tabs\/#primaryimage\"},\"image\":{\"@id\":\"http:\/\/alcedrix.com\/sq\/shop\/folic-acid-30-tabs\/#primaryimage\"},\"thumbnailUrl\":\"https:\/\/alcedrix.com\/wp-content\/uploads\/2023\/09\/folic-acid.png\",\"datePublished\":\"2023-09-11T12:33:11+00:00\",\"dateModified\":\"2024-07-19T13:06:52+00:00\",\"breadcrumb\":{\"@id\":\"http:\/\/alcedrix.com\/sq\/shop\/folic-acid-30-tabs\/#breadcrumb\"},\"inLanguage\":\"sq\",\"potentialAction\":[{\"@type\":\"ReadAction\",\"target\":[\"http:\/\/alcedrix.com\/sq\/shop\/folic-acid-30-tabs\/\"]}]},{\"@type\":\"ImageObject\",\"inLanguage\":\"sq\",\"@id\":\"http:\/\/alcedrix.com\/sq\/shop\/folic-acid-30-tabs\/#primaryimage\",\"url\":\"https:\/\/alcedrix.com\/wp-content\/uploads\/2023\/09\/folic-acid.png\",\"contentUrl\":\"https:\/\/alcedrix.com\/wp-content\/uploads\/2023\/09\/folic-acid.png\",\"width\":600,\"height\":600},{\"@type\":\"BreadcrumbList\",\"@id\":\"http:\/\/alcedrix.com\/sq\/shop\/folic-acid-30-tabs\/#breadcrumb\",\"itemListElement\":[{\"@type\":\"ListItem\",\"position\":1,\"name\":\"Home\",\"item\":\"http:\/\/alcedrix.com\/\"},{\"@type\":\"ListItem\",\"position\":2,\"name\":\"Shop\",\"item\":\"https:\/\/alcedrix.com\/sq\/shop\/\"},{\"@type\":\"ListItem\",\"position\":3,\"name\":\"Acid Folik 400\u00b5g 30 tableta\"}]},{\"@type\":\"WebSite\",\"@id\":\"http:\/\/alcedrix.com\/#website\",\"url\":\"http:\/\/alcedrix.com\/\",\"name\":\"Alcedrix\",\"description\":\"Alcedrix\",\"publisher\":{\"@id\":\"http:\/\/alcedrix.com\/#organization\"},\"potentialAction\":[{\"@type\":\"SearchAction\",\"target\":{\"@type\":\"EntryPoint\",\"urlTemplate\":\"http:\/\/alcedrix.com\/?s={search_term_string}\"},\"query-input\":{\"@type\":\"PropertyValueSpecification\",\"valueRequired\":true,\"valueName\":\"search_term_string\"}}],\"inLanguage\":\"sq\"},{\"@type\":\"Organization\",\"@id\":\"http:\/\/alcedrix.com\/#organization\",\"name\":\"Alcedrix\",\"url\":\"http:\/\/alcedrix.com\/\",\"logo\":{\"@type\":\"ImageObject\",\"inLanguage\":\"sq\",\"@id\":\"http:\/\/alcedrix.com\/#\/schema\/logo\/image\/\",\"url\":\"http:\/\/3.126.27.25\/wp-content\/uploads\/2023\/08\/logo-web.png\",\"contentUrl\":\"http:\/\/3.126.27.25\/wp-content\/uploads\/2023\/08\/logo-web.png\",\"width\":492,\"height\":93,\"caption\":\"Alcedrix\"},\"image\":{\"@id\":\"http:\/\/alcedrix.com\/#\/schema\/logo\/image\/\"},\"sameAs\":[\"https:\/\/www.facebook.com\/alcedrix\",\"https:\/\/www.instagram.com\/alcedrix\"]}]}<\/script>\n<!-- \/ Yoast SEO plugin. -->","yoast_head_json":{"title":"Acid Folik 400\u00b5g 30 tableta - Alcedrix","robots":{"index":"index","follow":"follow","max-snippet":"max-snippet:-1","max-image-preview":"max-image-preview:large","max-video-preview":"max-video-preview:-1"},"canonical":"http:\/\/alcedrix.com\/sq\/shop\/folic-acid-30-tabs\/","og_locale":"sq_AL","og_type":"article","og_title":"Acid Folik 400\u00b5g 30 tableta - Alcedrix","og_description":"Acid\u00a0Folik\u00a0400\u00a0\u03bcg\u00a0\u00ebsht\u00eb\u00a0shtes\u00eb\u00a0ushqimore\u00a0n\u00eb\u00a0form\u00ebn\u00a0e\u00a0tabletave\u00a0q\u00eb p\u00ebrmbajn\u00eb acid folik t\u00eb cilat kontribuojn\u00eb n\u00eb rritjen e indeve t\u00eb n\u00ebn\u00ebs\u00a0gjat\u00eb\u00a0shtatz\u00ebnis\u00eb\u00a0dhe\u00a0ka\u00a0ndikim\u00a0n\u00eb procesin\u00a0e\u00a0ndarjes\u00a0s\u00eb\u00a0qelizave.","og_url":"http:\/\/alcedrix.com\/sq\/shop\/folic-acid-30-tabs\/","og_site_name":"Alcedrix","article_publisher":"https:\/\/www.facebook.com\/alcedrix","article_modified_time":"2024-07-19T13:06:52+00:00","og_image":[{"width":600,"height":600,"url":"http:\/\/alcedrix.com\/wp-content\/uploads\/2023\/09\/folic-acid.png","type":"image\/png"}],"twitter_card":"summary_large_image","schema":{"@context":"https:\/\/schema.org","@graph":[{"@type":"WebPage","@id":"http:\/\/alcedrix.com\/sq\/shop\/folic-acid-30-tabs\/","url":"http:\/\/alcedrix.com\/sq\/shop\/folic-acid-30-tabs\/","name":"Acid Folik 400\u00b5g 30 tableta - Alcedrix","isPartOf":{"@id":"http:\/\/alcedrix.com\/#website"},"primaryImageOfPage":{"@id":"http:\/\/alcedrix.com\/sq\/shop\/folic-acid-30-tabs\/#primaryimage"},"image":{"@id":"http:\/\/alcedrix.com\/sq\/shop\/folic-acid-30-tabs\/#primaryimage"},"thumbnailUrl":"https:\/\/alcedrix.com\/wp-content\/uploads\/2023\/09\/folic-acid.png","datePublished":"2023-09-11T12:33:11+00:00","dateModified":"2024-07-19T13:06:52+00:00","breadcrumb":{"@id":"http:\/\/alcedrix.com\/sq\/shop\/folic-acid-30-tabs\/#breadcrumb"},"inLanguage":"sq","potentialAction":[{"@type":"ReadAction","target":["http:\/\/alcedrix.com\/sq\/shop\/folic-acid-30-tabs\/"]}]},{"@type":"ImageObject","inLanguage":"sq","@id":"http:\/\/alcedrix.com\/sq\/shop\/folic-acid-30-tabs\/#primaryimage","url":"https:\/\/alcedrix.com\/wp-content\/uploads\/2023\/09\/folic-acid.png","contentUrl":"https:\/\/alcedrix.com\/wp-content\/uploads\/2023\/09\/folic-acid.png","width":600,"height":600},{"@type":"BreadcrumbList","@id":"http:\/\/alcedrix.com\/sq\/shop\/folic-acid-30-tabs\/#breadcrumb","itemListElement":[{"@type":"ListItem","position":1,"name":"Home","item":"http:\/\/alcedrix.com\/"},{"@type":"ListItem","position":2,"name":"Shop","item":"https:\/\/alcedrix.com\/sq\/shop\/"},{"@type":"ListItem","position":3,"name":"Acid Folik 400\u00b5g 30 tableta"}]},{"@type":"WebSite","@id":"http:\/\/alcedrix.com\/#website","url":"http:\/\/alcedrix.com\/","name":"Alcedrix","description":"Alcedrix","publisher":{"@id":"http:\/\/alcedrix.com\/#organization"},"potentialAction":[{"@type":"SearchAction","target":{"@type":"EntryPoint","urlTemplate":"http:\/\/alcedrix.com\/?s={search_term_string}"},"query-input":{"@type":"PropertyValueSpecification","valueRequired":true,"valueName":"search_term_string"}}],"inLanguage":"sq"},{"@type":"Organization","@id":"http:\/\/alcedrix.com\/#organization","name":"Alcedrix","url":"http:\/\/alcedrix.com\/","logo":{"@type":"ImageObject","inLanguage":"sq","@id":"http:\/\/alcedrix.com\/#\/schema\/logo\/image\/","url":"http:\/\/3.126.27.25\/wp-content\/uploads\/2023\/08\/logo-web.png","contentUrl":"http:\/\/3.126.27.25\/wp-content\/uploads\/2023\/08\/logo-web.png","width":492,"height":93,"caption":"Alcedrix"},"image":{"@id":"http:\/\/alcedrix.com\/#\/schema\/logo\/image\/"},"sameAs":["https:\/\/www.facebook.com\/alcedrix","https:\/\/www.instagram.com\/alcedrix"]}]}},"_links":{"self":[{"href":"https:\/\/alcedrix.com\/sq\/wp-json\/wp\/v2\/product\/7991"}],"collection":[{"href":"https:\/\/alcedrix.com\/sq\/wp-json\/wp\/v2\/product"}],"about":[{"href":"https:\/\/alcedrix.com\/sq\/wp-json\/wp\/v2\/types\/product"}],"version-history":[{"count":1,"href":"https:\/\/alcedrix.com\/sq\/wp-json\/wp\/v2\/product\/7991\/revisions"}],"predecessor-version":[{"id":9348,"href":"https:\/\/alcedrix.com\/sq\/wp-json\/wp\/v2\/product\/7991\/revisions\/9348"}],"wp:featuredmedia":[{"embeddable":true,"href":"https:\/\/alcedrix.com\/sq\/wp-json\/wp\/v2\/media\/7992"}],"wp:attachment":[{"href":"https:\/\/alcedrix.com\/sq\/wp-json\/wp\/v2\/media?parent=7991"}],"wp:term":[{"taxonomy":"product_cat","embeddable":true,"href":"https:\/\/alcedrix.com\/sq\/wp-json\/wp\/v2\/product_cat?post=7991"},{"taxonomy":"product_tag","embeddable":true,"href":"https:\/\/alcedrix.com\/sq\/wp-json\/wp\/v2\/product_tag?post=7991"}],"curies":[{"name":"wp","href":"https:\/\/api.w.org\/{rel}","templated":true}]}}