{"id":7990,"date":"2023-09-11T12:25:25","date_gmt":"2023-09-11T12:25:25","guid":{"rendered":"http:\/\/3.126.27.25\/?post_type=product&#038;p=7990"},"modified":"2024-07-29T14:32:38","modified_gmt":"2024-07-29T14:32:38","slug":"flexivita-pro-cream-100ml","status":"publish","type":"product","link":"https:\/\/alcedrix.com\/sq\/shop\/flexivita-pro-cream-100ml\/","title":{"rendered":"FlexiVita\u00ae Cream"},"content":{"rendered":"<p>Kremi rikuperues FlexiVita \u00ebsht\u00eb nj\u00eb formul\u00eb natyrale me efekt natyral anti-inflamator me baz\u00eb t\u00eb magnezit, arnic\u00ebs, koenzim\u00ebs Q10, boswellia, q\u00eb ndihmon n\u00eb rikuperimin e muskujve dhe mbajtjen e tyre n\u00eb gjendje t\u00eb mir\u00eb kund\u00ebr dhimbjes. Vepron si analgjezik natyral duke luftuar dhimbjet e muskujve dhe ky\u00e7eve, ve\u00e7an\u00ebrisht te njer\u00ebzit q\u00eb merren me sport.<\/p>\n<p>Nd\u00ebrsa plakemi, ky\u00e7et p\u00ebsojn\u00eb konsum m\u00eb t\u00eb madh dhe \u00ebsht\u00eb shum\u00eb e zakonshme t\u00eb kemi v\u00ebshtir\u00ebsi n\u00eb k\u00ebto zona t\u00eb trupit. P\u00ebr t\u00eb shmangur k\u00ebt\u00eb, rekomandohet t\u00eb ushtroheni dhe t&#8217;i mbani ato n\u00eb gjendje t\u00eb mir\u00eb. P\u00ebrb\u00ebr\u00ebs t\u00eb till\u00eb si shafrani i Indis\u00eb, glukozamina ose kondroitina jan\u00eb treguar se ndihmojn\u00eb n\u00eb forcimin e ky\u00e7eve, tendinave dhe k\u00ebrcit dhe p\u00ebrmir\u00ebsojn\u00eb mir\u00ebqenien e p\u00ebrditshme. P\u00ebr m\u00eb tep\u00ebr, rritja e aktivitetit fizik i cili \u00ebsht\u00eb gjithnj\u00eb e m\u00eb k\u00ebrkues dhe k\u00ebrkon konsum m\u00eb t\u00eb mad, e b\u00ebn t\u00eb zakonshme t\u00eb jetoni n\u00eb munges\u00eb rehatie, dhimbje ose l\u00ebndime. Kjo \u00ebsht\u00eb arsyeja pse sportist\u00ebve u rekomandohet t\u00eb kujdesen p\u00ebr ky\u00e7et e tyre p\u00ebr t\u00eb shmangur probleme t\u00eb tilla.<\/p>\n<p>Nj\u00eb m\u00ebnyr\u00eb jetese aktive p\u00ebrve\u00e7 nj\u00eb diete t\u00eb sh\u00ebndetshme, do t\u00eb na ndihmoj\u00eb t\u00eb luftojm\u00eb \u00e7do lloj problemi t\u00eb ky\u00e7eve\/muskujve. Ka raste kur rreziku \u00ebsht\u00eb i lart\u00eb p\u00ebr t\u00eb vuajtur nga inflamacioni ose dhimbja (p\u00ebr shkak t\u00eb llojit t\u00eb pun\u00ebs, aktivitetit fizik, konsumit p\u00ebr shkak t\u00eb mosh\u00ebs, etj). N\u00eb k\u00ebto raste rekomandohet nj\u00eb diet\u00eb e pasur me ushqime anti-inflamatore, si shafrani i Indis\u00eb dhe xhenxhefili s\u00eb bashku me p\u00ebrdorimin e duhur t\u00eb shtesave ushqimore apo kremrave masazhues me p\u00ebrb\u00ebr\u00ebs natyral dhe me efekt anti-inflamator.<\/p>\n<p>Kur aplikohet p\u00ebrmes nj\u00eb masazhi muskulor efektet jan\u00eb t\u00eb dukshme q\u00eb n\u00eb aplikimin e par\u00eb, fal\u00eb funksionit t\u00eb tij hidratues, qet\u00ebsues dhe relaksues t\u00eb muskujve. Fal\u00eb p\u00ebrb\u00ebrjes s\u00eb tij ai ka nj\u00eb s\u00ebr\u00eb p\u00ebrfitimesh p\u00ebr sh\u00ebndetin e muskujve n\u00eb baza ditore:<\/p>\n<ul>\n<li>Efekt anti-inflamator dhe analgjezik n\u00eb nyje dhe muskuj.<\/li>\n<li>Promovon rikuperimin e muskujve pas st\u00ebrvitjes.<\/li>\n<li>Ato veprojn\u00eb n\u00eb m\u00ebnyr\u00eb sinergjike duke kontribuar n\u00eb sh\u00ebrimin e plag\u00ebve dhe riparimin e barrier\u00ebs epiteliale me nj\u00eb efekt anti-inflamator.<\/li>\n<li>Stimulon rigjenerimin e indeve.<\/li>\n<li>Stimulon sintez\u00ebn e kolagjenit dhe kadenc\u00ebn e tij.<\/li>\n<\/ul>\n<p><strong>M\u00ebnyra e p\u00ebrdorimit:<\/strong> Aplikoni n\u00eb l\u00ebkur\u00eb nj\u00eb masazhim t\u00eb leht\u00eb. Lani duart pas p\u00ebrdorimit.<\/p>\n<p>Mos e aplikoni produktin n\u00eb l\u00ebkurat e d\u00ebmtuara si\u00e7 jan\u00eb ul\u00e7erat, plag\u00ebt e hapura ose t\u00eb infektuara.<\/p>","protected":false},"excerpt":{"rendered":"<p>Krem rikuperimi q\u00eb leht\u00ebson dhimbjet e muskujve dhe nyjeve fal\u00eb nj\u00eb kombinimi t\u00eb p\u00ebrb\u00ebr\u00ebsve ekskluziv.<\/p>","protected":false},"featured_media":7988,"template":"","meta":[],"product_cat":[114,118,119,95],"product_tag":[],"class_list":{"0":"post-7990","1":"product","2":"type-product","3":"status-publish","4":"has-post-thumbnail","6":"product_cat-eshtra-dhe-nyje","7":"product_cat-kozmetike","8":"product_cat-muskuj","9":"product_cat-vitae","11":"first","12":"instock","13":"taxable","14":"shipping-taxable","15":"purchasable","16":"product-type-simple"},"yoast_head":"<!-- This site is optimized with the Yoast SEO plugin v23.6 - https:\/\/yoast.com\/wordpress\/plugins\/seo\/ -->\n<title>FlexiVita\u00ae Cream - Alcedrix<\/title>\n<meta name=\"robots\" content=\"index, follow, max-snippet:-1, max-image-preview:large, max-video-preview:-1\" \/>\n<link rel=\"canonical\" href=\"https:\/\/alcedrix.com\/sq\/shop\/flexivita-pro-cream-100ml\/\" \/>\n<meta property=\"og:locale\" content=\"sq_AL\" \/>\n<meta property=\"og:type\" content=\"article\" \/>\n<meta property=\"og:title\" content=\"FlexiVita\u00ae Cream - Alcedrix\" \/>\n<meta property=\"og:description\" content=\"Krem rikuperimi q\u00eb leht\u00ebson dhimbjet e muskujve dhe nyjeve fal\u00eb nj\u00eb kombinimi t\u00eb p\u00ebrb\u00ebr\u00ebsve ekskluziv.\" \/>\n<meta property=\"og:url\" content=\"https:\/\/alcedrix.com\/sq\/shop\/flexivita-pro-cream-100ml\/\" \/>\n<meta property=\"og:site_name\" content=\"Alcedrix\" \/>\n<meta property=\"article:publisher\" content=\"https:\/\/www.facebook.com\/alcedrix\" \/>\n<meta property=\"article:modified_time\" content=\"2024-07-29T14:32:38+00:00\" \/>\n<meta property=\"og:image\" content=\"https:\/\/alcedrix.com\/wp-content\/uploads\/2023\/09\/flexivita-cream.png\" \/>\n\t<meta property=\"og:image:width\" content=\"600\" \/>\n\t<meta property=\"og:image:height\" content=\"600\" \/>\n\t<meta property=\"og:image:type\" content=\"image\/png\" \/>\n<meta name=\"twitter:card\" content=\"summary_large_image\" \/>\n<meta name=\"twitter:label1\" content=\"Est. reading time\" \/>\n\t<meta name=\"twitter:data1\" content=\"2 minuta\" \/>\n<script type=\"application\/ld+json\" class=\"yoast-schema-graph\">{\"@context\":\"https:\/\/schema.org\",\"@graph\":[{\"@type\":\"WebPage\",\"@id\":\"https:\/\/alcedrix.com\/shop\/flexivita-pro-cream-100ml\/\",\"url\":\"https:\/\/alcedrix.com\/shop\/flexivita-pro-cream-100ml\/\",\"name\":\"FlexiVita\u00ae Cream - Alcedrix\",\"isPartOf\":{\"@id\":\"https:\/\/alcedrix.com\/#website\"},\"primaryImageOfPage\":{\"@id\":\"https:\/\/alcedrix.com\/shop\/flexivita-pro-cream-100ml\/#primaryimage\"},\"image\":{\"@id\":\"https:\/\/alcedrix.com\/shop\/flexivita-pro-cream-100ml\/#primaryimage\"},\"thumbnailUrl\":\"https:\/\/alcedrix.com\/wp-content\/uploads\/2023\/09\/flexivita-cream.png\",\"datePublished\":\"2023-09-11T12:25:25+00:00\",\"dateModified\":\"2024-07-29T14:32:38+00:00\",\"breadcrumb\":{\"@id\":\"https:\/\/alcedrix.com\/shop\/flexivita-pro-cream-100ml\/#breadcrumb\"},\"inLanguage\":\"sq\",\"potentialAction\":[{\"@type\":\"ReadAction\",\"target\":[\"https:\/\/alcedrix.com\/shop\/flexivita-pro-cream-100ml\/\"]}]},{\"@type\":\"ImageObject\",\"inLanguage\":\"sq\",\"@id\":\"https:\/\/alcedrix.com\/shop\/flexivita-pro-cream-100ml\/#primaryimage\",\"url\":\"https:\/\/alcedrix.com\/wp-content\/uploads\/2023\/09\/flexivita-cream.png\",\"contentUrl\":\"https:\/\/alcedrix.com\/wp-content\/uploads\/2023\/09\/flexivita-cream.png\",\"width\":600,\"height\":600},{\"@type\":\"BreadcrumbList\",\"@id\":\"https:\/\/alcedrix.com\/shop\/flexivita-pro-cream-100ml\/#breadcrumb\",\"itemListElement\":[{\"@type\":\"ListItem\",\"position\":1,\"name\":\"Home\",\"item\":\"https:\/\/alcedrix.com\/\"},{\"@type\":\"ListItem\",\"position\":2,\"name\":\"Shop\",\"item\":\"https:\/\/alcedrix.com\/shop\/\"},{\"@type\":\"ListItem\",\"position\":3,\"name\":\"FlexiVita\u00ae Cream\"}]},{\"@type\":\"WebSite\",\"@id\":\"https:\/\/alcedrix.com\/#website\",\"url\":\"https:\/\/alcedrix.com\/\",\"name\":\"Alcedrix\",\"description\":\"Alcedrix\",\"publisher\":{\"@id\":\"https:\/\/alcedrix.com\/#organization\"},\"potentialAction\":[{\"@type\":\"SearchAction\",\"target\":{\"@type\":\"EntryPoint\",\"urlTemplate\":\"https:\/\/alcedrix.com\/?s={search_term_string}\"},\"query-input\":{\"@type\":\"PropertyValueSpecification\",\"valueRequired\":true,\"valueName\":\"search_term_string\"}}],\"inLanguage\":\"sq\"},{\"@type\":\"Organization\",\"@id\":\"https:\/\/alcedrix.com\/#organization\",\"name\":\"Alcedrix\",\"url\":\"https:\/\/alcedrix.com\/\",\"logo\":{\"@type\":\"ImageObject\",\"inLanguage\":\"sq\",\"@id\":\"https:\/\/alcedrix.com\/#\/schema\/logo\/image\/\",\"url\":\"http:\/\/3.126.27.25\/wp-content\/uploads\/2023\/08\/logo-web.png\",\"contentUrl\":\"http:\/\/3.126.27.25\/wp-content\/uploads\/2023\/08\/logo-web.png\",\"width\":492,\"height\":93,\"caption\":\"Alcedrix\"},\"image\":{\"@id\":\"https:\/\/alcedrix.com\/#\/schema\/logo\/image\/\"},\"sameAs\":[\"https:\/\/www.facebook.com\/alcedrix\",\"https:\/\/www.instagram.com\/alcedrix\"]}]}<\/script>\n<!-- \/ Yoast SEO plugin. -->","yoast_head_json":{"title":"FlexiVita\u00ae Cream - Alcedrix","robots":{"index":"index","follow":"follow","max-snippet":"max-snippet:-1","max-image-preview":"max-image-preview:large","max-video-preview":"max-video-preview:-1"},"canonical":"https:\/\/alcedrix.com\/sq\/shop\/flexivita-pro-cream-100ml\/","og_locale":"sq_AL","og_type":"article","og_title":"FlexiVita\u00ae Cream - Alcedrix","og_description":"Krem rikuperimi q\u00eb leht\u00ebson dhimbjet e muskujve dhe nyjeve fal\u00eb nj\u00eb kombinimi t\u00eb p\u00ebrb\u00ebr\u00ebsve ekskluziv.","og_url":"https:\/\/alcedrix.com\/sq\/shop\/flexivita-pro-cream-100ml\/","og_site_name":"Alcedrix","article_publisher":"https:\/\/www.facebook.com\/alcedrix","article_modified_time":"2024-07-29T14:32:38+00:00","og_image":[{"width":600,"height":600,"url":"https:\/\/alcedrix.com\/wp-content\/uploads\/2023\/09\/flexivita-cream.png","type":"image\/png"}],"twitter_card":"summary_large_image","twitter_misc":{"Est. reading time":"2 minuta"},"schema":{"@context":"https:\/\/schema.org","@graph":[{"@type":"WebPage","@id":"https:\/\/alcedrix.com\/shop\/flexivita-pro-cream-100ml\/","url":"https:\/\/alcedrix.com\/shop\/flexivita-pro-cream-100ml\/","name":"FlexiVita\u00ae Cream - Alcedrix","isPartOf":{"@id":"https:\/\/alcedrix.com\/#website"},"primaryImageOfPage":{"@id":"https:\/\/alcedrix.com\/shop\/flexivita-pro-cream-100ml\/#primaryimage"},"image":{"@id":"https:\/\/alcedrix.com\/shop\/flexivita-pro-cream-100ml\/#primaryimage"},"thumbnailUrl":"https:\/\/alcedrix.com\/wp-content\/uploads\/2023\/09\/flexivita-cream.png","datePublished":"2023-09-11T12:25:25+00:00","dateModified":"2024-07-29T14:32:38+00:00","breadcrumb":{"@id":"https:\/\/alcedrix.com\/shop\/flexivita-pro-cream-100ml\/#breadcrumb"},"inLanguage":"sq","potentialAction":[{"@type":"ReadAction","target":["https:\/\/alcedrix.com\/shop\/flexivita-pro-cream-100ml\/"]}]},{"@type":"ImageObject","inLanguage":"sq","@id":"https:\/\/alcedrix.com\/shop\/flexivita-pro-cream-100ml\/#primaryimage","url":"https:\/\/alcedrix.com\/wp-content\/uploads\/2023\/09\/flexivita-cream.png","contentUrl":"https:\/\/alcedrix.com\/wp-content\/uploads\/2023\/09\/flexivita-cream.png","width":600,"height":600},{"@type":"BreadcrumbList","@id":"https:\/\/alcedrix.com\/shop\/flexivita-pro-cream-100ml\/#breadcrumb","itemListElement":[{"@type":"ListItem","position":1,"name":"Home","item":"https:\/\/alcedrix.com\/"},{"@type":"ListItem","position":2,"name":"Shop","item":"https:\/\/alcedrix.com\/shop\/"},{"@type":"ListItem","position":3,"name":"FlexiVita\u00ae Cream"}]},{"@type":"WebSite","@id":"https:\/\/alcedrix.com\/#website","url":"https:\/\/alcedrix.com\/","name":"Alcedrix","description":"Alcedrix","publisher":{"@id":"https:\/\/alcedrix.com\/#organization"},"potentialAction":[{"@type":"SearchAction","target":{"@type":"EntryPoint","urlTemplate":"https:\/\/alcedrix.com\/?s={search_term_string}"},"query-input":{"@type":"PropertyValueSpecification","valueRequired":true,"valueName":"search_term_string"}}],"inLanguage":"sq"},{"@type":"Organization","@id":"https:\/\/alcedrix.com\/#organization","name":"Alcedrix","url":"https:\/\/alcedrix.com\/","logo":{"@type":"ImageObject","inLanguage":"sq","@id":"https:\/\/alcedrix.com\/#\/schema\/logo\/image\/","url":"http:\/\/3.126.27.25\/wp-content\/uploads\/2023\/08\/logo-web.png","contentUrl":"http:\/\/3.126.27.25\/wp-content\/uploads\/2023\/08\/logo-web.png","width":492,"height":93,"caption":"Alcedrix"},"image":{"@id":"https:\/\/alcedrix.com\/#\/schema\/logo\/image\/"},"sameAs":["https:\/\/www.facebook.com\/alcedrix","https:\/\/www.instagram.com\/alcedrix"]}]}},"_links":{"self":[{"href":"https:\/\/alcedrix.com\/sq\/wp-json\/wp\/v2\/product\/7990"}],"collection":[{"href":"https:\/\/alcedrix.com\/sq\/wp-json\/wp\/v2\/product"}],"about":[{"href":"https:\/\/alcedrix.com\/sq\/wp-json\/wp\/v2\/types\/product"}],"version-history":[{"count":1,"href":"https:\/\/alcedrix.com\/sq\/wp-json\/wp\/v2\/product\/7990\/revisions"}],"predecessor-version":[{"id":9402,"href":"https:\/\/alcedrix.com\/sq\/wp-json\/wp\/v2\/product\/7990\/revisions\/9402"}],"wp:featuredmedia":[{"embeddable":true,"href":"https:\/\/alcedrix.com\/sq\/wp-json\/wp\/v2\/media\/7988"}],"wp:attachment":[{"href":"https:\/\/alcedrix.com\/sq\/wp-json\/wp\/v2\/media?parent=7990"}],"wp:term":[{"taxonomy":"product_cat","embeddable":true,"href":"https:\/\/alcedrix.com\/sq\/wp-json\/wp\/v2\/product_cat?post=7990"},{"taxonomy":"product_tag","embeddable":true,"href":"https:\/\/alcedrix.com\/sq\/wp-json\/wp\/v2\/product_tag?post=7990"}],"curies":[{"name":"wp","href":"https:\/\/api.w.org\/{rel}","templated":true}]}}