{"id":7987,"date":"2023-09-11T12:18:18","date_gmt":"2023-09-11T12:18:18","guid":{"rendered":"http:\/\/3.126.27.25\/?post_type=product&#038;p=7987"},"modified":"2024-07-18T12:11:47","modified_gmt":"2024-07-18T12:11:47","slug":"comfort-cream","status":"publish","type":"product","link":"https:\/\/alcedrix.com\/sq\/shop\/comfort-cream\/","title":{"rendered":"Comfort cream\u00ae"},"content":{"rendered":"<p><strong>Comfort cream\u00ae<\/strong> \u00ebsht\u00eb nj\u00eb formul\u00eb natyrale me baz\u00eb t\u00eb Harpagophytum, glutamin\u00ebs, vajit t\u00eb bajames dhe ullirit t\u00eb virgj\u00ebr, rozmarin\u00ebs, alantoin\u00ebs dhe bambus\u00eb. Ndihmon n\u00eb leht\u00ebsimin e dhimbjeve dhe promovimin e sh\u00ebndetit t\u00eb muskujve.<\/p>\n<p>Comfort Cream \u00ebsht\u00eb nj\u00eb krem natyral q\u00eb ndihmon n\u00eb rikthimin e sh\u00ebndetit t\u00eb mir\u00eb t\u00eb muskujve. Nj\u00eb m\u00ebnyr\u00eb jetese aktive, p\u00ebrve\u00e7 nj\u00eb diete t\u00eb sh\u00ebndetshme, do t\u00eb na ndihmoj\u00eb t\u00eb luftojm\u00eb \u00e7do lloj problemi t\u00eb ky\u00e7eve\/muskujve. Ka raste kur mund t\u00eb ket\u00eb nj\u00eb rrezik t\u00eb lart\u00eb p\u00ebr t\u00eb vuajtur inflamacion dhe\/ose dhimbje (p\u00ebr shkak t\u00eb llojit t\u00eb pun\u00ebs, aktivitetit fizik, etj.)<\/p>\n<p>Comfort cream\u00ae \u00ebsht\u00eb krem masazhi i bazuar n\u00eb nj\u00eb kombinim t\u00eb p\u00ebrb\u00ebr\u00ebsve ekskluziv\u00eb q\u00eb favorizon rehatin\u00eb e trupit, ve\u00e7an\u00ebrisht sh\u00ebndetin e muskujve. P\u00ebrve\u00e7 k\u00ebsaj, ajo p\u00ebrthithet shpejt dhe ka nj\u00eb arom\u00eb shum\u00eb t\u00eb k\u00ebndshme rozmarine. Produkti u dedikohet atyre q\u00eb duan t\u00eb forcojn\u00eb dhe ruajn\u00eb funksionimin normal t\u00eb ky\u00e7eve dhe ligamenteve. Ndihmon n\u00eb leht\u00ebsimin e tensionit dhe kontrakturave t\u00eb muskujve tek njer\u00ebzit q\u00eb kryejn\u00eb ushtrime fizike, si dhe promovon rikuperimin e muskujve.<\/p>\n<p>Kur aplikohet p\u00ebrmes nj\u00eb masazhi muskulor, efektet jan\u00eb t\u00eb dukshme q\u00eb n\u00eb aplikimin e par\u00eb, fal\u00eb funksionit t\u00eb tij hidratues, qet\u00ebsues dhe relaksues t\u00eb muskujve. Fal\u00eb p\u00ebrb\u00ebrjes s\u00eb tij, ai ka nj\u00eb s\u00ebr\u00eb p\u00ebrfitimesh p\u00ebr sh\u00ebndetin e muskujve n\u00eb baza ditore:<\/p>\n<p>Efekt anti-inflamator dhe analgjezik n\u00eb nyje dhe muskuj.<\/p>\n<ul>\n<li>Promovon rikuperimin e muskujve pas st\u00ebrvitjes.<\/li>\n<li>Ato veprojn\u00eb n\u00eb m\u00ebnyr\u00eb sinergjike duke kontribuar n\u00eb sh\u00ebrimin e plag\u00ebve dhe riparimin e barrier\u00ebs epiteliale me nj\u00eb efekt anti-inflamator.<\/li>\n<li>Stimulon rigjenerimin e indeve.<\/li>\n<li>Stimulon sintez\u00ebn e kolagjenit dhe kadenc\u00ebn e tij.<\/li>\n<\/ul>\n<p><strong>M\u00ebnyra e p\u00ebrdorimit:<\/strong> Aplikoni n\u00eb l\u00ebkur\u00eb me nj\u00eb masazh t\u00eb leht\u00eb 2 ose m\u00eb shum\u00eb her\u00eb n\u00eb dit\u00eb.<\/p>","protected":false},"excerpt":{"rendered":"<p>Krem masazhi q\u00eb redukton inflamacionin dhe p\u00ebrmir\u00ebson rikuperimin e muskujve.<\/p>","protected":false},"featured_media":7989,"template":"","meta":[],"product_cat":[114,118,119,95],"product_tag":[],"class_list":{"0":"post-7987","1":"product","2":"type-product","3":"status-publish","4":"has-post-thumbnail","6":"product_cat-eshtra-dhe-nyje","7":"product_cat-kozmetike","8":"product_cat-muskuj","9":"product_cat-vitae","11":"first","12":"instock","13":"taxable","14":"shipping-taxable","15":"purchasable","16":"product-type-simple"},"yoast_head":"<!-- This site is optimized with the Yoast SEO plugin v23.6 - https:\/\/yoast.com\/wordpress\/plugins\/seo\/ -->\n<title>Comfort cream\u00ae - Alcedrix<\/title>\n<meta name=\"robots\" content=\"index, follow, max-snippet:-1, max-image-preview:large, max-video-preview:-1\" \/>\n<link rel=\"canonical\" href=\"https:\/\/alcedrix.com\/sq\/shop\/comfort-cream\/\" \/>\n<meta property=\"og:locale\" content=\"sq_AL\" \/>\n<meta property=\"og:type\" content=\"article\" \/>\n<meta property=\"og:title\" content=\"Comfort cream\u00ae - Alcedrix\" \/>\n<meta property=\"og:description\" content=\"Krem masazhi q\u00eb redukton inflamacionin dhe p\u00ebrmir\u00ebson rikuperimin e muskujve.\" \/>\n<meta property=\"og:url\" content=\"https:\/\/alcedrix.com\/sq\/shop\/comfort-cream\/\" \/>\n<meta property=\"og:site_name\" content=\"Alcedrix\" \/>\n<meta property=\"article:publisher\" content=\"https:\/\/www.facebook.com\/alcedrix\" \/>\n<meta property=\"article:modified_time\" content=\"2024-07-18T12:11:47+00:00\" \/>\n<meta property=\"og:image\" content=\"https:\/\/alcedrix.com\/wp-content\/uploads\/2023\/09\/comfort-cream.png\" \/>\n\t<meta property=\"og:image:width\" content=\"600\" \/>\n\t<meta property=\"og:image:height\" content=\"600\" \/>\n\t<meta property=\"og:image:type\" content=\"image\/png\" \/>\n<meta name=\"twitter:card\" content=\"summary_large_image\" \/>\n<meta name=\"twitter:label1\" content=\"Est. reading time\" \/>\n\t<meta name=\"twitter:data1\" content=\"2 minuta\" \/>\n<script type=\"application\/ld+json\" class=\"yoast-schema-graph\">{\"@context\":\"https:\/\/schema.org\",\"@graph\":[{\"@type\":\"WebPage\",\"@id\":\"https:\/\/alcedrix.com\/shop\/comfort-cream\/\",\"url\":\"https:\/\/alcedrix.com\/shop\/comfort-cream\/\",\"name\":\"Comfort cream\u00ae - Alcedrix\",\"isPartOf\":{\"@id\":\"https:\/\/alcedrix.com\/#website\"},\"primaryImageOfPage\":{\"@id\":\"https:\/\/alcedrix.com\/shop\/comfort-cream\/#primaryimage\"},\"image\":{\"@id\":\"https:\/\/alcedrix.com\/shop\/comfort-cream\/#primaryimage\"},\"thumbnailUrl\":\"https:\/\/alcedrix.com\/wp-content\/uploads\/2023\/09\/comfort-cream.png\",\"datePublished\":\"2023-09-11T12:18:18+00:00\",\"dateModified\":\"2024-07-18T12:11:47+00:00\",\"breadcrumb\":{\"@id\":\"https:\/\/alcedrix.com\/shop\/comfort-cream\/#breadcrumb\"},\"inLanguage\":\"sq\",\"potentialAction\":[{\"@type\":\"ReadAction\",\"target\":[\"https:\/\/alcedrix.com\/shop\/comfort-cream\/\"]}]},{\"@type\":\"ImageObject\",\"inLanguage\":\"sq\",\"@id\":\"https:\/\/alcedrix.com\/shop\/comfort-cream\/#primaryimage\",\"url\":\"https:\/\/alcedrix.com\/wp-content\/uploads\/2023\/09\/comfort-cream.png\",\"contentUrl\":\"https:\/\/alcedrix.com\/wp-content\/uploads\/2023\/09\/comfort-cream.png\",\"width\":600,\"height\":600},{\"@type\":\"BreadcrumbList\",\"@id\":\"https:\/\/alcedrix.com\/shop\/comfort-cream\/#breadcrumb\",\"itemListElement\":[{\"@type\":\"ListItem\",\"position\":1,\"name\":\"Home\",\"item\":\"https:\/\/alcedrix.com\/\"},{\"@type\":\"ListItem\",\"position\":2,\"name\":\"Shop\",\"item\":\"https:\/\/alcedrix.com\/shop\/\"},{\"@type\":\"ListItem\",\"position\":3,\"name\":\"Comfort cream\u00ae\"}]},{\"@type\":\"WebSite\",\"@id\":\"https:\/\/alcedrix.com\/#website\",\"url\":\"https:\/\/alcedrix.com\/\",\"name\":\"Alcedrix\",\"description\":\"Alcedrix\",\"publisher\":{\"@id\":\"https:\/\/alcedrix.com\/#organization\"},\"potentialAction\":[{\"@type\":\"SearchAction\",\"target\":{\"@type\":\"EntryPoint\",\"urlTemplate\":\"https:\/\/alcedrix.com\/?s={search_term_string}\"},\"query-input\":{\"@type\":\"PropertyValueSpecification\",\"valueRequired\":true,\"valueName\":\"search_term_string\"}}],\"inLanguage\":\"sq\"},{\"@type\":\"Organization\",\"@id\":\"https:\/\/alcedrix.com\/#organization\",\"name\":\"Alcedrix\",\"url\":\"https:\/\/alcedrix.com\/\",\"logo\":{\"@type\":\"ImageObject\",\"inLanguage\":\"sq\",\"@id\":\"https:\/\/alcedrix.com\/#\/schema\/logo\/image\/\",\"url\":\"http:\/\/3.126.27.25\/wp-content\/uploads\/2023\/08\/logo-web.png\",\"contentUrl\":\"http:\/\/3.126.27.25\/wp-content\/uploads\/2023\/08\/logo-web.png\",\"width\":492,\"height\":93,\"caption\":\"Alcedrix\"},\"image\":{\"@id\":\"https:\/\/alcedrix.com\/#\/schema\/logo\/image\/\"},\"sameAs\":[\"https:\/\/www.facebook.com\/alcedrix\",\"https:\/\/www.instagram.com\/alcedrix\"]}]}<\/script>\n<!-- \/ Yoast SEO plugin. -->","yoast_head_json":{"title":"Comfort cream\u00ae - Alcedrix","robots":{"index":"index","follow":"follow","max-snippet":"max-snippet:-1","max-image-preview":"max-image-preview:large","max-video-preview":"max-video-preview:-1"},"canonical":"https:\/\/alcedrix.com\/sq\/shop\/comfort-cream\/","og_locale":"sq_AL","og_type":"article","og_title":"Comfort cream\u00ae - Alcedrix","og_description":"Krem masazhi q\u00eb redukton inflamacionin dhe p\u00ebrmir\u00ebson rikuperimin e muskujve.","og_url":"https:\/\/alcedrix.com\/sq\/shop\/comfort-cream\/","og_site_name":"Alcedrix","article_publisher":"https:\/\/www.facebook.com\/alcedrix","article_modified_time":"2024-07-18T12:11:47+00:00","og_image":[{"width":600,"height":600,"url":"https:\/\/alcedrix.com\/wp-content\/uploads\/2023\/09\/comfort-cream.png","type":"image\/png"}],"twitter_card":"summary_large_image","twitter_misc":{"Est. reading time":"2 minuta"},"schema":{"@context":"https:\/\/schema.org","@graph":[{"@type":"WebPage","@id":"https:\/\/alcedrix.com\/shop\/comfort-cream\/","url":"https:\/\/alcedrix.com\/shop\/comfort-cream\/","name":"Comfort cream\u00ae - Alcedrix","isPartOf":{"@id":"https:\/\/alcedrix.com\/#website"},"primaryImageOfPage":{"@id":"https:\/\/alcedrix.com\/shop\/comfort-cream\/#primaryimage"},"image":{"@id":"https:\/\/alcedrix.com\/shop\/comfort-cream\/#primaryimage"},"thumbnailUrl":"https:\/\/alcedrix.com\/wp-content\/uploads\/2023\/09\/comfort-cream.png","datePublished":"2023-09-11T12:18:18+00:00","dateModified":"2024-07-18T12:11:47+00:00","breadcrumb":{"@id":"https:\/\/alcedrix.com\/shop\/comfort-cream\/#breadcrumb"},"inLanguage":"sq","potentialAction":[{"@type":"ReadAction","target":["https:\/\/alcedrix.com\/shop\/comfort-cream\/"]}]},{"@type":"ImageObject","inLanguage":"sq","@id":"https:\/\/alcedrix.com\/shop\/comfort-cream\/#primaryimage","url":"https:\/\/alcedrix.com\/wp-content\/uploads\/2023\/09\/comfort-cream.png","contentUrl":"https:\/\/alcedrix.com\/wp-content\/uploads\/2023\/09\/comfort-cream.png","width":600,"height":600},{"@type":"BreadcrumbList","@id":"https:\/\/alcedrix.com\/shop\/comfort-cream\/#breadcrumb","itemListElement":[{"@type":"ListItem","position":1,"name":"Home","item":"https:\/\/alcedrix.com\/"},{"@type":"ListItem","position":2,"name":"Shop","item":"https:\/\/alcedrix.com\/shop\/"},{"@type":"ListItem","position":3,"name":"Comfort cream\u00ae"}]},{"@type":"WebSite","@id":"https:\/\/alcedrix.com\/#website","url":"https:\/\/alcedrix.com\/","name":"Alcedrix","description":"Alcedrix","publisher":{"@id":"https:\/\/alcedrix.com\/#organization"},"potentialAction":[{"@type":"SearchAction","target":{"@type":"EntryPoint","urlTemplate":"https:\/\/alcedrix.com\/?s={search_term_string}"},"query-input":{"@type":"PropertyValueSpecification","valueRequired":true,"valueName":"search_term_string"}}],"inLanguage":"sq"},{"@type":"Organization","@id":"https:\/\/alcedrix.com\/#organization","name":"Alcedrix","url":"https:\/\/alcedrix.com\/","logo":{"@type":"ImageObject","inLanguage":"sq","@id":"https:\/\/alcedrix.com\/#\/schema\/logo\/image\/","url":"http:\/\/3.126.27.25\/wp-content\/uploads\/2023\/08\/logo-web.png","contentUrl":"http:\/\/3.126.27.25\/wp-content\/uploads\/2023\/08\/logo-web.png","width":492,"height":93,"caption":"Alcedrix"},"image":{"@id":"https:\/\/alcedrix.com\/#\/schema\/logo\/image\/"},"sameAs":["https:\/\/www.facebook.com\/alcedrix","https:\/\/www.instagram.com\/alcedrix"]}]}},"_links":{"self":[{"href":"https:\/\/alcedrix.com\/sq\/wp-json\/wp\/v2\/product\/7987"}],"collection":[{"href":"https:\/\/alcedrix.com\/sq\/wp-json\/wp\/v2\/product"}],"about":[{"href":"https:\/\/alcedrix.com\/sq\/wp-json\/wp\/v2\/types\/product"}],"version-history":[{"count":1,"href":"https:\/\/alcedrix.com\/sq\/wp-json\/wp\/v2\/product\/7987\/revisions"}],"predecessor-version":[{"id":9361,"href":"https:\/\/alcedrix.com\/sq\/wp-json\/wp\/v2\/product\/7987\/revisions\/9361"}],"wp:featuredmedia":[{"embeddable":true,"href":"https:\/\/alcedrix.com\/sq\/wp-json\/wp\/v2\/media\/7989"}],"wp:attachment":[{"href":"https:\/\/alcedrix.com\/sq\/wp-json\/wp\/v2\/media?parent=7987"}],"wp:term":[{"taxonomy":"product_cat","embeddable":true,"href":"https:\/\/alcedrix.com\/sq\/wp-json\/wp\/v2\/product_cat?post=7987"},{"taxonomy":"product_tag","embeddable":true,"href":"https:\/\/alcedrix.com\/sq\/wp-json\/wp\/v2\/product_tag?post=7987"}],"curies":[{"name":"wp","href":"https:\/\/api.w.org\/{rel}","templated":true}]}}