{"id":7985,"date":"2023-09-11T12:14:44","date_gmt":"2023-09-11T12:14:44","guid":{"rendered":"http:\/\/3.126.27.25\/?post_type=product&#038;p=7985"},"modified":"2024-07-29T14:25:23","modified_gmt":"2024-07-29T14:25:23","slug":"flexivita-pro-30-cps","status":"publish","type":"product","link":"https:\/\/alcedrix.com\/sq\/shop\/flexivita-pro-30-cps\/","title":{"rendered":"FlexiVita\u00ae Pro 30 Kapsula"},"content":{"rendered":"<p><strong>FlexiVita Pro<\/strong> \u00ebsht\u00eb shtes\u00eb ushqimore me baz\u00eb t\u00eb sulfatit t\u00eb glukozamin\u00ebs dhe kondroitinit, MSM, bambus\u00eb, shafranit t\u00eb Indis\u00eb, ekstraktit t\u00eb biberit t\u00eb zi, manganit dhe zinkut. Fal\u00eb p\u00ebrb\u00ebrjes s\u00eb tij, ndihmon n\u00eb ruajtjen e gjendjes normale t\u00eb muskujve, tendinave dhe ky\u00e7eve.<\/p>\n<p>Nd\u00ebrsa plakemi ky\u00e7et p\u00ebsojn\u00eb konsum m\u00eb t\u00eb madh dhe \u00ebsht\u00eb shum\u00eb e zakonshme t\u00eb kemi v\u00ebshtir\u00ebsi n\u00eb k\u00ebto zona t\u00eb trupit. P\u00ebr t\u00eb shmangur k\u00ebt\u00eb, rekomandohet t\u00eb ushtroheni dhe t&#8217;i mbani ato n\u00eb gjendje t\u00eb mir\u00eb. P\u00ebrb\u00ebr\u00ebs t\u00eb till\u00eb si shafrani i Indis\u00eb, glukozamina ose kondroitina jan\u00eb treguar se ndihmojn\u00eb n\u00eb forcimin e ky\u00e7eve, tendinave dhe k\u00ebrcit dhe p\u00ebrmir\u00ebsojn\u00eb mir\u00ebqenien e p\u00ebrditshme. P\u00ebr m\u00eb tep\u00ebr, rritja e aktivitetit fizik, i cili \u00ebsht\u00eb gjithnj\u00eb e m\u00eb k\u00ebrkues dhe k\u00ebrkon konsum m\u00eb t\u00eb madh, e b\u00ebn t\u00eb zakonshme t\u00eb jetoni n\u00eb munges\u00eb rehatie, dhimbje ose l\u00ebndime. Kjo \u00ebsht\u00eb arsyeja pse sportist\u00ebve u rekomandohet t\u00eb kujdesen p\u00ebr ky\u00e7et e tyre p\u00ebr t\u00eb shmangur probleme t\u00eb tilla.<\/p>\n<p>Nj\u00eb m\u00ebnyr\u00eb jetese aktive, p\u00ebrve\u00e7 nj\u00eb diete t\u00eb sh\u00ebndetshme, do t\u00eb na ndihmoj\u00eb t\u00eb luftojm\u00eb \u00e7do lloj problemi t\u00eb ky\u00e7eve\/muskujve. Ka raste kur rreziku \u00ebsht\u00eb i lart\u00eb p\u00ebr t\u00eb vuajtur nga inflamacioni ose dhimbja (p\u00ebr shkak t\u00eb llojit t\u00eb pun\u00ebs, aktivitetit fizik, konsumit p\u00ebr shkak t\u00eb mosh\u00ebs, etj). N\u00eb k\u00ebto raste rekomandohet nj\u00eb diet\u00eb e pasur me ushqime anti-inflamatore, si shafrani i Indis\u00eb dhe xhenxhefili s\u00eb bashku me p\u00ebrdorimin e duhur t\u00eb shtesave ushqimore apo kremrave masazhues me p\u00ebrb\u00ebr\u00ebs natyral\u00eb dhe me efekt anti-inflamator.<\/p>\n<p><strong>FlexiVita\u00ae Pro ndihmon n\u00eb:<\/strong><\/p>\n<ul>\n<li>Parandalimin e s\u00ebmundjeve t\u00eb nyjeve dhe eshtrave.<\/li>\n<li>Rikuperimin e mas\u00ebs s\u00eb eshtrave dhe k\u00ebrcit.<\/li>\n<li>Leht\u00ebsimin e dhimbjeve dhe ndezjeve.<\/li>\n<li>Mir\u00ebmbajtjen e sh\u00ebndetit t\u00eb nyjeve tek sportist\u00ebt.<\/li>\n<\/ul>\n<p><strong>M\u00ebnyra e p\u00ebrdorimit:<\/strong> 1 deri 2 kapsula n\u00eb dit\u00eb. Rekomandohet t\u00eb p\u00ebrdoret p\u00ebr dy muaj rresht.<\/p>","protected":false},"excerpt":{"rendered":"<p>P\u00ebr gjendje t\u00eb shk\u00eblqyer t\u00eb eshtrave, nyjeve, dhe muskujve.<\/p>","protected":false},"featured_media":7986,"template":"","meta":[],"product_cat":[114,119,104,101,95],"product_tag":[],"class_list":{"0":"post-7985","1":"product","2":"type-product","3":"status-publish","4":"has-post-thumbnail","6":"product_cat-eshtra-dhe-nyje","7":"product_cat-muskuj","8":"product_cat-shtese-ushqimore","9":"product_cat-te-rritur","10":"product_cat-vitae","12":"first","13":"instock","14":"taxable","15":"shipping-taxable","16":"purchasable","17":"product-type-simple"},"yoast_head":"<!-- This site is optimized with the Yoast SEO plugin v23.6 - https:\/\/yoast.com\/wordpress\/plugins\/seo\/ -->\n<title>FlexiVita\u00ae Pro 30 Kapsula - Alcedrix<\/title>\n<meta name=\"robots\" content=\"index, follow, max-snippet:-1, max-image-preview:large, max-video-preview:-1\" \/>\n<link rel=\"canonical\" href=\"https:\/\/alcedrix.com\/sq\/shop\/flexivita-pro-30-cps\/\" \/>\n<meta property=\"og:locale\" content=\"sq_AL\" \/>\n<meta property=\"og:type\" content=\"article\" \/>\n<meta property=\"og:title\" content=\"FlexiVita\u00ae Pro 30 Kapsula - Alcedrix\" \/>\n<meta property=\"og:description\" content=\"P\u00ebr gjendje t\u00eb shk\u00eblqyer t\u00eb eshtrave, nyjeve, dhe muskujve.\" \/>\n<meta property=\"og:url\" content=\"https:\/\/alcedrix.com\/sq\/shop\/flexivita-pro-30-cps\/\" \/>\n<meta property=\"og:site_name\" content=\"Alcedrix\" \/>\n<meta property=\"article:publisher\" content=\"https:\/\/www.facebook.com\/alcedrix\" \/>\n<meta property=\"article:modified_time\" content=\"2024-07-29T14:25:23+00:00\" \/>\n<meta property=\"og:image\" content=\"https:\/\/alcedrix.com\/wp-content\/uploads\/2023\/09\/flexivita-pro-30.png\" \/>\n\t<meta property=\"og:image:width\" content=\"600\" \/>\n\t<meta property=\"og:image:height\" content=\"600\" \/>\n\t<meta property=\"og:image:type\" content=\"image\/png\" \/>\n<meta name=\"twitter:card\" content=\"summary_large_image\" \/>\n<meta name=\"twitter:label1\" content=\"Est. reading time\" \/>\n\t<meta name=\"twitter:data1\" content=\"2 minuta\" \/>\n<script type=\"application\/ld+json\" class=\"yoast-schema-graph\">{\"@context\":\"https:\/\/schema.org\",\"@graph\":[{\"@type\":\"WebPage\",\"@id\":\"https:\/\/alcedrix.com\/shop\/flexivita-pro-30-cps\/\",\"url\":\"https:\/\/alcedrix.com\/shop\/flexivita-pro-30-cps\/\",\"name\":\"FlexiVita\u00ae Pro 30 Kapsula - Alcedrix\",\"isPartOf\":{\"@id\":\"https:\/\/alcedrix.com\/#website\"},\"primaryImageOfPage\":{\"@id\":\"https:\/\/alcedrix.com\/shop\/flexivita-pro-30-cps\/#primaryimage\"},\"image\":{\"@id\":\"https:\/\/alcedrix.com\/shop\/flexivita-pro-30-cps\/#primaryimage\"},\"thumbnailUrl\":\"https:\/\/alcedrix.com\/wp-content\/uploads\/2023\/09\/flexivita-pro-30.png\",\"datePublished\":\"2023-09-11T12:14:44+00:00\",\"dateModified\":\"2024-07-29T14:25:23+00:00\",\"breadcrumb\":{\"@id\":\"https:\/\/alcedrix.com\/shop\/flexivita-pro-30-cps\/#breadcrumb\"},\"inLanguage\":\"sq\",\"potentialAction\":[{\"@type\":\"ReadAction\",\"target\":[\"https:\/\/alcedrix.com\/shop\/flexivita-pro-30-cps\/\"]}]},{\"@type\":\"ImageObject\",\"inLanguage\":\"sq\",\"@id\":\"https:\/\/alcedrix.com\/shop\/flexivita-pro-30-cps\/#primaryimage\",\"url\":\"https:\/\/alcedrix.com\/wp-content\/uploads\/2023\/09\/flexivita-pro-30.png\",\"contentUrl\":\"https:\/\/alcedrix.com\/wp-content\/uploads\/2023\/09\/flexivita-pro-30.png\",\"width\":600,\"height\":600},{\"@type\":\"BreadcrumbList\",\"@id\":\"https:\/\/alcedrix.com\/shop\/flexivita-pro-30-cps\/#breadcrumb\",\"itemListElement\":[{\"@type\":\"ListItem\",\"position\":1,\"name\":\"Home\",\"item\":\"https:\/\/alcedrix.com\/\"},{\"@type\":\"ListItem\",\"position\":2,\"name\":\"Shop\",\"item\":\"https:\/\/alcedrix.com\/shop\/\"},{\"@type\":\"ListItem\",\"position\":3,\"name\":\"FlexiVita\u00ae Pro 30 Kapsula\"}]},{\"@type\":\"WebSite\",\"@id\":\"https:\/\/alcedrix.com\/#website\",\"url\":\"https:\/\/alcedrix.com\/\",\"name\":\"Alcedrix\",\"description\":\"Alcedrix\",\"publisher\":{\"@id\":\"https:\/\/alcedrix.com\/#organization\"},\"potentialAction\":[{\"@type\":\"SearchAction\",\"target\":{\"@type\":\"EntryPoint\",\"urlTemplate\":\"https:\/\/alcedrix.com\/?s={search_term_string}\"},\"query-input\":{\"@type\":\"PropertyValueSpecification\",\"valueRequired\":true,\"valueName\":\"search_term_string\"}}],\"inLanguage\":\"sq\"},{\"@type\":\"Organization\",\"@id\":\"https:\/\/alcedrix.com\/#organization\",\"name\":\"Alcedrix\",\"url\":\"https:\/\/alcedrix.com\/\",\"logo\":{\"@type\":\"ImageObject\",\"inLanguage\":\"sq\",\"@id\":\"https:\/\/alcedrix.com\/#\/schema\/logo\/image\/\",\"url\":\"http:\/\/3.126.27.25\/wp-content\/uploads\/2023\/08\/logo-web.png\",\"contentUrl\":\"http:\/\/3.126.27.25\/wp-content\/uploads\/2023\/08\/logo-web.png\",\"width\":492,\"height\":93,\"caption\":\"Alcedrix\"},\"image\":{\"@id\":\"https:\/\/alcedrix.com\/#\/schema\/logo\/image\/\"},\"sameAs\":[\"https:\/\/www.facebook.com\/alcedrix\",\"https:\/\/www.instagram.com\/alcedrix\"]}]}<\/script>\n<!-- \/ Yoast SEO plugin. -->","yoast_head_json":{"title":"FlexiVita\u00ae Pro 30 Kapsula - Alcedrix","robots":{"index":"index","follow":"follow","max-snippet":"max-snippet:-1","max-image-preview":"max-image-preview:large","max-video-preview":"max-video-preview:-1"},"canonical":"https:\/\/alcedrix.com\/sq\/shop\/flexivita-pro-30-cps\/","og_locale":"sq_AL","og_type":"article","og_title":"FlexiVita\u00ae Pro 30 Kapsula - Alcedrix","og_description":"P\u00ebr gjendje t\u00eb shk\u00eblqyer t\u00eb eshtrave, nyjeve, dhe muskujve.","og_url":"https:\/\/alcedrix.com\/sq\/shop\/flexivita-pro-30-cps\/","og_site_name":"Alcedrix","article_publisher":"https:\/\/www.facebook.com\/alcedrix","article_modified_time":"2024-07-29T14:25:23+00:00","og_image":[{"width":600,"height":600,"url":"https:\/\/alcedrix.com\/wp-content\/uploads\/2023\/09\/flexivita-pro-30.png","type":"image\/png"}],"twitter_card":"summary_large_image","twitter_misc":{"Est. reading time":"2 minuta"},"schema":{"@context":"https:\/\/schema.org","@graph":[{"@type":"WebPage","@id":"https:\/\/alcedrix.com\/shop\/flexivita-pro-30-cps\/","url":"https:\/\/alcedrix.com\/shop\/flexivita-pro-30-cps\/","name":"FlexiVita\u00ae Pro 30 Kapsula - Alcedrix","isPartOf":{"@id":"https:\/\/alcedrix.com\/#website"},"primaryImageOfPage":{"@id":"https:\/\/alcedrix.com\/shop\/flexivita-pro-30-cps\/#primaryimage"},"image":{"@id":"https:\/\/alcedrix.com\/shop\/flexivita-pro-30-cps\/#primaryimage"},"thumbnailUrl":"https:\/\/alcedrix.com\/wp-content\/uploads\/2023\/09\/flexivita-pro-30.png","datePublished":"2023-09-11T12:14:44+00:00","dateModified":"2024-07-29T14:25:23+00:00","breadcrumb":{"@id":"https:\/\/alcedrix.com\/shop\/flexivita-pro-30-cps\/#breadcrumb"},"inLanguage":"sq","potentialAction":[{"@type":"ReadAction","target":["https:\/\/alcedrix.com\/shop\/flexivita-pro-30-cps\/"]}]},{"@type":"ImageObject","inLanguage":"sq","@id":"https:\/\/alcedrix.com\/shop\/flexivita-pro-30-cps\/#primaryimage","url":"https:\/\/alcedrix.com\/wp-content\/uploads\/2023\/09\/flexivita-pro-30.png","contentUrl":"https:\/\/alcedrix.com\/wp-content\/uploads\/2023\/09\/flexivita-pro-30.png","width":600,"height":600},{"@type":"BreadcrumbList","@id":"https:\/\/alcedrix.com\/shop\/flexivita-pro-30-cps\/#breadcrumb","itemListElement":[{"@type":"ListItem","position":1,"name":"Home","item":"https:\/\/alcedrix.com\/"},{"@type":"ListItem","position":2,"name":"Shop","item":"https:\/\/alcedrix.com\/shop\/"},{"@type":"ListItem","position":3,"name":"FlexiVita\u00ae Pro 30 Kapsula"}]},{"@type":"WebSite","@id":"https:\/\/alcedrix.com\/#website","url":"https:\/\/alcedrix.com\/","name":"Alcedrix","description":"Alcedrix","publisher":{"@id":"https:\/\/alcedrix.com\/#organization"},"potentialAction":[{"@type":"SearchAction","target":{"@type":"EntryPoint","urlTemplate":"https:\/\/alcedrix.com\/?s={search_term_string}"},"query-input":{"@type":"PropertyValueSpecification","valueRequired":true,"valueName":"search_term_string"}}],"inLanguage":"sq"},{"@type":"Organization","@id":"https:\/\/alcedrix.com\/#organization","name":"Alcedrix","url":"https:\/\/alcedrix.com\/","logo":{"@type":"ImageObject","inLanguage":"sq","@id":"https:\/\/alcedrix.com\/#\/schema\/logo\/image\/","url":"http:\/\/3.126.27.25\/wp-content\/uploads\/2023\/08\/logo-web.png","contentUrl":"http:\/\/3.126.27.25\/wp-content\/uploads\/2023\/08\/logo-web.png","width":492,"height":93,"caption":"Alcedrix"},"image":{"@id":"https:\/\/alcedrix.com\/#\/schema\/logo\/image\/"},"sameAs":["https:\/\/www.facebook.com\/alcedrix","https:\/\/www.instagram.com\/alcedrix"]}]}},"_links":{"self":[{"href":"https:\/\/alcedrix.com\/sq\/wp-json\/wp\/v2\/product\/7985"}],"collection":[{"href":"https:\/\/alcedrix.com\/sq\/wp-json\/wp\/v2\/product"}],"about":[{"href":"https:\/\/alcedrix.com\/sq\/wp-json\/wp\/v2\/types\/product"}],"version-history":[{"count":1,"href":"https:\/\/alcedrix.com\/sq\/wp-json\/wp\/v2\/product\/7985\/revisions"}],"predecessor-version":[{"id":9401,"href":"https:\/\/alcedrix.com\/sq\/wp-json\/wp\/v2\/product\/7985\/revisions\/9401"}],"wp:featuredmedia":[{"embeddable":true,"href":"https:\/\/alcedrix.com\/sq\/wp-json\/wp\/v2\/media\/7986"}],"wp:attachment":[{"href":"https:\/\/alcedrix.com\/sq\/wp-json\/wp\/v2\/media?parent=7985"}],"wp:term":[{"taxonomy":"product_cat","embeddable":true,"href":"https:\/\/alcedrix.com\/sq\/wp-json\/wp\/v2\/product_cat?post=7985"},{"taxonomy":"product_tag","embeddable":true,"href":"https:\/\/alcedrix.com\/sq\/wp-json\/wp\/v2\/product_tag?post=7985"}],"curies":[{"name":"wp","href":"https:\/\/api.w.org\/{rel}","templated":true}]}}