{"id":7983,"date":"2023-09-11T12:11:03","date_gmt":"2023-09-11T12:11:03","guid":{"rendered":"http:\/\/3.126.27.25\/?post_type=product&#038;p=7983"},"modified":"2024-07-29T14:37:11","modified_gmt":"2024-07-29T14:37:11","slug":"essentix","status":"publish","type":"product","link":"https:\/\/alcedrix.com\/sq\/shop\/essentix\/","title":{"rendered":"Essentix\u2122 30 Kapsula"},"content":{"rendered":"<p><strong>Essentix\u2122<\/strong> \u00ebsht\u00eb shtes\u00eb ushqimore shum\u00eb efikase p\u00ebr t\u00eb rriturit q\u00eb duan t\u00eb ruajn\u00eb m\u00ebl\u00e7in\u00eb n\u00eb gjendje t\u00eb mir\u00eb dhe t\u00eb sh\u00ebndetshme edhe n\u00ebse organi \u00ebsht\u00eb n\u00ebn ngarkes\u00eb t\u00eb rritur t\u00eb pun\u00ebs si dhe p\u00ebr t\u00eb rriturit q\u00eb duan t\u00eb plot\u00ebsojn\u00eb diet\u00ebn e tyre t\u00eb p\u00ebrditshme me fosfolipide. Ky produkt rekomandohet ve\u00e7an\u00ebrisht p\u00ebr personat m\u00ebl\u00e7ia e t\u00eb cil\u00ebve \u00ebsht\u00eb e ekspozuar ndaj faktor\u00ebve t\u00eb till\u00eb si dieta ushqimore t\u00eb r\u00ebnda, alkoolit ose medikamenteve.<\/p>\n<p>Essentix\u2122 p\u00ebrkrah funksionimin normal t\u00eb trupit. Kolina si pjes\u00eb esenciale e funksionimit normal t\u00eb shum\u00eb proceseve n\u00eb organiz\u00ebm, nd\u00ebr t\u00eb tjera ndihmon n\u00eb:<\/p>\n<ul>\n<li>Uljen e rrezikut t\u00eb d\u00ebmtimit t\u00eb m\u00ebl\u00e7is\u00eb si pasoj\u00eb e p\u00ebrdorimit t\u00eb medikamenteve.<\/li>\n<li>Relaksimin e m\u00ebl\u00e7is\u00eb nga mbi ngarkesa me ushqime t\u00eb r\u00ebnda.<\/li>\n<li>Mbrojtjen e m\u00ebl\u00e7is\u00eb nga d\u00ebmtimi nga konsumi i alkoolit.<\/li>\n<li>Zvog\u00eblimin e mund\u00ebsis\u00eb p\u00ebr prekje nga s\u00ebmundjet e zemr\u00ebs.<\/li>\n<li>Mir\u00ebfunksionimin e trurit dhe sistemit nervor.<\/li>\n<\/ul>\n<p><strong>M\u00ebnyra e p\u00ebrdorimit:<\/strong> 2 kapsula gjat\u00eb ngr\u00ebnies. T\u00eb merret me sasi t\u00eb konsiderueshme t\u00eb ujit. Mos e tejkaloni doz\u00ebn e rekomanduar ditore. Mbajeni larg f\u00ebmij\u00ebve.<\/p>","protected":false},"excerpt":{"rendered":"<p>M\u00eblqi e sh\u00ebndetshme. 600mg fosfolipide p\u00ebr doz\u00eb ditore.<\/p>","protected":false},"featured_media":7984,"template":"","meta":[],"product_cat":[96,104,101],"product_tag":[],"class_list":{"0":"post-7983","1":"product","2":"type-product","3":"status-publish","4":"has-post-thumbnail","6":"product_cat-olimp","7":"product_cat-shtese-ushqimore","8":"product_cat-te-rritur","10":"first","11":"instock","12":"taxable","13":"shipping-taxable","14":"purchasable","15":"product-type-simple"},"yoast_head":"<!-- This site is optimized with the Yoast SEO plugin v23.6 - https:\/\/yoast.com\/wordpress\/plugins\/seo\/ -->\n<title>Essentix\u2122 30 Kapsula - Alcedrix<\/title>\n<meta name=\"robots\" content=\"index, follow, max-snippet:-1, max-image-preview:large, max-video-preview:-1\" \/>\n<link rel=\"canonical\" href=\"https:\/\/alcedrix.com\/sq\/shop\/essentix\/\" \/>\n<meta property=\"og:locale\" content=\"sq_AL\" \/>\n<meta property=\"og:type\" content=\"article\" \/>\n<meta property=\"og:title\" content=\"Essentix\u2122 30 Kapsula - Alcedrix\" \/>\n<meta property=\"og:description\" content=\"M\u00eblqi e sh\u00ebndetshme. 600mg fosfolipide p\u00ebr doz\u00eb ditore.\" \/>\n<meta property=\"og:url\" content=\"https:\/\/alcedrix.com\/sq\/shop\/essentix\/\" \/>\n<meta property=\"og:site_name\" content=\"Alcedrix\" \/>\n<meta property=\"article:publisher\" content=\"https:\/\/www.facebook.com\/alcedrix\" \/>\n<meta property=\"article:modified_time\" content=\"2024-07-29T14:37:11+00:00\" \/>\n<meta property=\"og:image\" content=\"https:\/\/alcedrix.com\/wp-content\/uploads\/2023\/09\/essentix.png\" \/>\n\t<meta property=\"og:image:width\" content=\"600\" \/>\n\t<meta property=\"og:image:height\" content=\"600\" \/>\n\t<meta property=\"og:image:type\" content=\"image\/png\" \/>\n<meta name=\"twitter:card\" content=\"summary_large_image\" \/>\n<meta name=\"twitter:label1\" content=\"Est. reading time\" \/>\n\t<meta name=\"twitter:data1\" content=\"1 minut\u00eb\" \/>\n<script type=\"application\/ld+json\" class=\"yoast-schema-graph\">{\"@context\":\"https:\/\/schema.org\",\"@graph\":[{\"@type\":\"WebPage\",\"@id\":\"https:\/\/alcedrix.com\/shop\/essentix\/\",\"url\":\"https:\/\/alcedrix.com\/shop\/essentix\/\",\"name\":\"Essentix\u2122 30 Kapsula - Alcedrix\",\"isPartOf\":{\"@id\":\"https:\/\/alcedrix.com\/#website\"},\"primaryImageOfPage\":{\"@id\":\"https:\/\/alcedrix.com\/shop\/essentix\/#primaryimage\"},\"image\":{\"@id\":\"https:\/\/alcedrix.com\/shop\/essentix\/#primaryimage\"},\"thumbnailUrl\":\"https:\/\/alcedrix.com\/wp-content\/uploads\/2023\/09\/essentix.png\",\"datePublished\":\"2023-09-11T12:11:03+00:00\",\"dateModified\":\"2024-07-29T14:37:11+00:00\",\"breadcrumb\":{\"@id\":\"https:\/\/alcedrix.com\/shop\/essentix\/#breadcrumb\"},\"inLanguage\":\"sq\",\"potentialAction\":[{\"@type\":\"ReadAction\",\"target\":[\"https:\/\/alcedrix.com\/shop\/essentix\/\"]}]},{\"@type\":\"ImageObject\",\"inLanguage\":\"sq\",\"@id\":\"https:\/\/alcedrix.com\/shop\/essentix\/#primaryimage\",\"url\":\"https:\/\/alcedrix.com\/wp-content\/uploads\/2023\/09\/essentix.png\",\"contentUrl\":\"https:\/\/alcedrix.com\/wp-content\/uploads\/2023\/09\/essentix.png\",\"width\":600,\"height\":600},{\"@type\":\"BreadcrumbList\",\"@id\":\"https:\/\/alcedrix.com\/shop\/essentix\/#breadcrumb\",\"itemListElement\":[{\"@type\":\"ListItem\",\"position\":1,\"name\":\"Home\",\"item\":\"https:\/\/alcedrix.com\/\"},{\"@type\":\"ListItem\",\"position\":2,\"name\":\"Shop\",\"item\":\"https:\/\/alcedrix.com\/shop\/\"},{\"@type\":\"ListItem\",\"position\":3,\"name\":\"Essentix\u2122 30 Kapsula\"}]},{\"@type\":\"WebSite\",\"@id\":\"https:\/\/alcedrix.com\/#website\",\"url\":\"https:\/\/alcedrix.com\/\",\"name\":\"Alcedrix\",\"description\":\"Alcedrix\",\"publisher\":{\"@id\":\"https:\/\/alcedrix.com\/#organization\"},\"potentialAction\":[{\"@type\":\"SearchAction\",\"target\":{\"@type\":\"EntryPoint\",\"urlTemplate\":\"https:\/\/alcedrix.com\/?s={search_term_string}\"},\"query-input\":{\"@type\":\"PropertyValueSpecification\",\"valueRequired\":true,\"valueName\":\"search_term_string\"}}],\"inLanguage\":\"sq\"},{\"@type\":\"Organization\",\"@id\":\"https:\/\/alcedrix.com\/#organization\",\"name\":\"Alcedrix\",\"url\":\"https:\/\/alcedrix.com\/\",\"logo\":{\"@type\":\"ImageObject\",\"inLanguage\":\"sq\",\"@id\":\"https:\/\/alcedrix.com\/#\/schema\/logo\/image\/\",\"url\":\"http:\/\/3.126.27.25\/wp-content\/uploads\/2023\/08\/logo-web.png\",\"contentUrl\":\"http:\/\/3.126.27.25\/wp-content\/uploads\/2023\/08\/logo-web.png\",\"width\":492,\"height\":93,\"caption\":\"Alcedrix\"},\"image\":{\"@id\":\"https:\/\/alcedrix.com\/#\/schema\/logo\/image\/\"},\"sameAs\":[\"https:\/\/www.facebook.com\/alcedrix\",\"https:\/\/www.instagram.com\/alcedrix\"]}]}<\/script>\n<!-- \/ Yoast SEO plugin. -->","yoast_head_json":{"title":"Essentix\u2122 30 Kapsula - Alcedrix","robots":{"index":"index","follow":"follow","max-snippet":"max-snippet:-1","max-image-preview":"max-image-preview:large","max-video-preview":"max-video-preview:-1"},"canonical":"https:\/\/alcedrix.com\/sq\/shop\/essentix\/","og_locale":"sq_AL","og_type":"article","og_title":"Essentix\u2122 30 Kapsula - Alcedrix","og_description":"M\u00eblqi e sh\u00ebndetshme. 600mg fosfolipide p\u00ebr doz\u00eb ditore.","og_url":"https:\/\/alcedrix.com\/sq\/shop\/essentix\/","og_site_name":"Alcedrix","article_publisher":"https:\/\/www.facebook.com\/alcedrix","article_modified_time":"2024-07-29T14:37:11+00:00","og_image":[{"width":600,"height":600,"url":"https:\/\/alcedrix.com\/wp-content\/uploads\/2023\/09\/essentix.png","type":"image\/png"}],"twitter_card":"summary_large_image","twitter_misc":{"Est. reading time":"1 minut\u00eb"},"schema":{"@context":"https:\/\/schema.org","@graph":[{"@type":"WebPage","@id":"https:\/\/alcedrix.com\/shop\/essentix\/","url":"https:\/\/alcedrix.com\/shop\/essentix\/","name":"Essentix\u2122 30 Kapsula - Alcedrix","isPartOf":{"@id":"https:\/\/alcedrix.com\/#website"},"primaryImageOfPage":{"@id":"https:\/\/alcedrix.com\/shop\/essentix\/#primaryimage"},"image":{"@id":"https:\/\/alcedrix.com\/shop\/essentix\/#primaryimage"},"thumbnailUrl":"https:\/\/alcedrix.com\/wp-content\/uploads\/2023\/09\/essentix.png","datePublished":"2023-09-11T12:11:03+00:00","dateModified":"2024-07-29T14:37:11+00:00","breadcrumb":{"@id":"https:\/\/alcedrix.com\/shop\/essentix\/#breadcrumb"},"inLanguage":"sq","potentialAction":[{"@type":"ReadAction","target":["https:\/\/alcedrix.com\/shop\/essentix\/"]}]},{"@type":"ImageObject","inLanguage":"sq","@id":"https:\/\/alcedrix.com\/shop\/essentix\/#primaryimage","url":"https:\/\/alcedrix.com\/wp-content\/uploads\/2023\/09\/essentix.png","contentUrl":"https:\/\/alcedrix.com\/wp-content\/uploads\/2023\/09\/essentix.png","width":600,"height":600},{"@type":"BreadcrumbList","@id":"https:\/\/alcedrix.com\/shop\/essentix\/#breadcrumb","itemListElement":[{"@type":"ListItem","position":1,"name":"Home","item":"https:\/\/alcedrix.com\/"},{"@type":"ListItem","position":2,"name":"Shop","item":"https:\/\/alcedrix.com\/shop\/"},{"@type":"ListItem","position":3,"name":"Essentix\u2122 30 Kapsula"}]},{"@type":"WebSite","@id":"https:\/\/alcedrix.com\/#website","url":"https:\/\/alcedrix.com\/","name":"Alcedrix","description":"Alcedrix","publisher":{"@id":"https:\/\/alcedrix.com\/#organization"},"potentialAction":[{"@type":"SearchAction","target":{"@type":"EntryPoint","urlTemplate":"https:\/\/alcedrix.com\/?s={search_term_string}"},"query-input":{"@type":"PropertyValueSpecification","valueRequired":true,"valueName":"search_term_string"}}],"inLanguage":"sq"},{"@type":"Organization","@id":"https:\/\/alcedrix.com\/#organization","name":"Alcedrix","url":"https:\/\/alcedrix.com\/","logo":{"@type":"ImageObject","inLanguage":"sq","@id":"https:\/\/alcedrix.com\/#\/schema\/logo\/image\/","url":"http:\/\/3.126.27.25\/wp-content\/uploads\/2023\/08\/logo-web.png","contentUrl":"http:\/\/3.126.27.25\/wp-content\/uploads\/2023\/08\/logo-web.png","width":492,"height":93,"caption":"Alcedrix"},"image":{"@id":"https:\/\/alcedrix.com\/#\/schema\/logo\/image\/"},"sameAs":["https:\/\/www.facebook.com\/alcedrix","https:\/\/www.instagram.com\/alcedrix"]}]}},"_links":{"self":[{"href":"https:\/\/alcedrix.com\/sq\/wp-json\/wp\/v2\/product\/7983"}],"collection":[{"href":"https:\/\/alcedrix.com\/sq\/wp-json\/wp\/v2\/product"}],"about":[{"href":"https:\/\/alcedrix.com\/sq\/wp-json\/wp\/v2\/types\/product"}],"version-history":[{"count":1,"href":"https:\/\/alcedrix.com\/sq\/wp-json\/wp\/v2\/product\/7983\/revisions"}],"predecessor-version":[{"id":9403,"href":"https:\/\/alcedrix.com\/sq\/wp-json\/wp\/v2\/product\/7983\/revisions\/9403"}],"wp:featuredmedia":[{"embeddable":true,"href":"https:\/\/alcedrix.com\/sq\/wp-json\/wp\/v2\/media\/7984"}],"wp:attachment":[{"href":"https:\/\/alcedrix.com\/sq\/wp-json\/wp\/v2\/media?parent=7983"}],"wp:term":[{"taxonomy":"product_cat","embeddable":true,"href":"https:\/\/alcedrix.com\/sq\/wp-json\/wp\/v2\/product_cat?post=7983"},{"taxonomy":"product_tag","embeddable":true,"href":"https:\/\/alcedrix.com\/sq\/wp-json\/wp\/v2\/product_tag?post=7983"}],"curies":[{"name":"wp","href":"https:\/\/api.w.org\/{rel}","templated":true}]}}