{"id":7981,"date":"2023-09-11T12:05:43","date_gmt":"2023-09-11T12:05:43","guid":{"rendered":"http:\/\/3.126.27.25\/?post_type=product&#038;p=7981"},"modified":"2024-07-29T14:41:02","modified_gmt":"2024-07-29T14:41:02","slug":"drinks-for-life-immuno","status":"publish","type":"product","link":"https:\/\/alcedrix.com\/sq\/shop\/drinks-for-life-immuno\/","title":{"rendered":"Drinks for life\u00ae Immuno"},"content":{"rendered":"<p><strong>Drinks for life\u00ae IMMUNO<\/strong> p\u00ebrmban vitamin\u00eb C, vitamin\u00eb D, zink, rutin, koncentrat t\u00eb l\u00ebngut t\u00eb rrushit t\u00eb zi, koncentrat t\u00eb l\u00ebngut t\u00eb frutave t\u00eb manaferr\u00ebs, pluhur frutash t\u00eb mjedr\u00ebs dhe frukto-oligosakaride. Vitamina C, vitamina D dhe zinku kontribuojn\u00eb n\u00eb funksionimin normal t\u00eb sistemit imunitar.<\/p>\n<p>Produkti \u00ebsht\u00eb i destinuar p\u00ebr t\u00eb rriturit. P\u00ebrb\u00ebr\u00ebsit e tij ndikojn\u00eb pozitivisht n\u00eb sistemin imunitar natyral. Rekomandohet ve\u00e7an\u00ebrisht gjat\u00eb stin\u00ebs s\u00eb vjesht\u00ebs, dimrit dhe pranver\u00ebs si dhe p\u00ebr njer\u00ebzit q\u00eb udh\u00ebtojn\u00eb.<\/p>\n<p><strong>M\u00ebnyra e p\u00ebrdorimit:<\/strong> 1 qese n\u00eb dit\u00eb. P\u00ebrmbajtja e qeses shp\u00ebrndahet n\u00eb 500ml uj\u00eb. Konsumojeni menj\u00ebher\u00eb pas p\u00ebrgatitjes. P\u00ebr shkak t\u00eb p\u00ebrb\u00ebr\u00ebsve t\u00eb p\u00ebrdorur, fillimisht \u00ebsht\u00eb i mundur formimi i gungave. Tundeni shishen derisa pluhuri t\u00eb tretet plot\u00ebsisht.<\/p>","protected":false},"excerpt":{"rendered":"<p>Drinks for life\u00ae IMMUNO \u00ebsht\u00eb shtes\u00eb ushqimore n\u00eb form\u00eb pluhuri. P\u00ebrmban \u00ebmb\u00eblsues dhe ka shije mjedre. Produkti \u00ebsht\u00eb i dedikuar p\u00ebr t\u00eb gjith\u00eb personat q\u00eb kan\u00eb nevoj\u00eb ta rrisin imunitetin.<\/p>","protected":false},"featured_media":7982,"template":"","meta":[],"product_cat":[109,96,104,101],"product_tag":[128],"class_list":{"0":"post-7981","1":"product","2":"type-product","3":"status-publish","4":"has-post-thumbnail","6":"product_cat-mbrojtje","7":"product_cat-olimp","8":"product_cat-shtese-ushqimore","9":"product_cat-te-rritur","10":"product_tag-new1","12":"first","13":"instock","14":"taxable","15":"shipping-taxable","16":"purchasable","17":"product-type-simple"},"yoast_head":"<!-- This site is optimized with the Yoast SEO plugin v23.6 - https:\/\/yoast.com\/wordpress\/plugins\/seo\/ -->\n<title>Drinks for life\u00ae Immuno - Alcedrix<\/title>\n<meta name=\"robots\" content=\"index, follow, max-snippet:-1, max-image-preview:large, max-video-preview:-1\" \/>\n<link rel=\"canonical\" href=\"https:\/\/alcedrix.com\/sq\/shop\/drinks-for-life-immuno\/\" \/>\n<meta property=\"og:locale\" content=\"sq_AL\" \/>\n<meta property=\"og:type\" content=\"article\" \/>\n<meta property=\"og:title\" content=\"Drinks for life\u00ae Immuno - Alcedrix\" \/>\n<meta property=\"og:description\" content=\"Drinks for life\u00ae IMMUNO \u00ebsht\u00eb shtes\u00eb ushqimore n\u00eb form\u00eb pluhuri. P\u00ebrmban \u00ebmb\u00eblsues dhe ka shije mjedre. Produkti \u00ebsht\u00eb i dedikuar p\u00ebr t\u00eb gjith\u00eb personat q\u00eb kan\u00eb nevoj\u00eb ta rrisin imunitetin.\" \/>\n<meta property=\"og:url\" content=\"https:\/\/alcedrix.com\/sq\/shop\/drinks-for-life-immuno\/\" \/>\n<meta property=\"og:site_name\" content=\"Alcedrix\" \/>\n<meta property=\"article:publisher\" content=\"https:\/\/www.facebook.com\/alcedrix\" \/>\n<meta property=\"article:modified_time\" content=\"2024-07-29T14:41:02+00:00\" \/>\n<meta property=\"og:image\" content=\"https:\/\/alcedrix.com\/wp-content\/uploads\/2023\/09\/drinks-for-life-immuno.png\" \/>\n\t<meta property=\"og:image:width\" content=\"600\" \/>\n\t<meta property=\"og:image:height\" content=\"600\" \/>\n\t<meta property=\"og:image:type\" content=\"image\/png\" \/>\n<meta name=\"twitter:card\" content=\"summary_large_image\" \/>\n<meta name=\"twitter:label1\" content=\"Est. reading time\" \/>\n\t<meta name=\"twitter:data1\" content=\"1 minut\u00eb\" \/>\n<script type=\"application\/ld+json\" class=\"yoast-schema-graph\">{\"@context\":\"https:\/\/schema.org\",\"@graph\":[{\"@type\":\"WebPage\",\"@id\":\"https:\/\/alcedrix.com\/shop\/drinks-for-life-immuno\/\",\"url\":\"https:\/\/alcedrix.com\/shop\/drinks-for-life-immuno\/\",\"name\":\"Drinks for life\u00ae Immuno - Alcedrix\",\"isPartOf\":{\"@id\":\"https:\/\/alcedrix.com\/#website\"},\"primaryImageOfPage\":{\"@id\":\"https:\/\/alcedrix.com\/shop\/drinks-for-life-immuno\/#primaryimage\"},\"image\":{\"@id\":\"https:\/\/alcedrix.com\/shop\/drinks-for-life-immuno\/#primaryimage\"},\"thumbnailUrl\":\"https:\/\/alcedrix.com\/wp-content\/uploads\/2023\/09\/drinks-for-life-immuno.png\",\"datePublished\":\"2023-09-11T12:05:43+00:00\",\"dateModified\":\"2024-07-29T14:41:02+00:00\",\"breadcrumb\":{\"@id\":\"https:\/\/alcedrix.com\/shop\/drinks-for-life-immuno\/#breadcrumb\"},\"inLanguage\":\"sq\",\"potentialAction\":[{\"@type\":\"ReadAction\",\"target\":[\"https:\/\/alcedrix.com\/shop\/drinks-for-life-immuno\/\"]}]},{\"@type\":\"ImageObject\",\"inLanguage\":\"sq\",\"@id\":\"https:\/\/alcedrix.com\/shop\/drinks-for-life-immuno\/#primaryimage\",\"url\":\"https:\/\/alcedrix.com\/wp-content\/uploads\/2023\/09\/drinks-for-life-immuno.png\",\"contentUrl\":\"https:\/\/alcedrix.com\/wp-content\/uploads\/2023\/09\/drinks-for-life-immuno.png\",\"width\":600,\"height\":600},{\"@type\":\"BreadcrumbList\",\"@id\":\"https:\/\/alcedrix.com\/shop\/drinks-for-life-immuno\/#breadcrumb\",\"itemListElement\":[{\"@type\":\"ListItem\",\"position\":1,\"name\":\"Home\",\"item\":\"https:\/\/alcedrix.com\/\"},{\"@type\":\"ListItem\",\"position\":2,\"name\":\"Shop\",\"item\":\"https:\/\/alcedrix.com\/shop\/\"},{\"@type\":\"ListItem\",\"position\":3,\"name\":\"Drinks for life\u00ae Immuno\"}]},{\"@type\":\"WebSite\",\"@id\":\"https:\/\/alcedrix.com\/#website\",\"url\":\"https:\/\/alcedrix.com\/\",\"name\":\"Alcedrix\",\"description\":\"Alcedrix\",\"publisher\":{\"@id\":\"https:\/\/alcedrix.com\/#organization\"},\"potentialAction\":[{\"@type\":\"SearchAction\",\"target\":{\"@type\":\"EntryPoint\",\"urlTemplate\":\"https:\/\/alcedrix.com\/?s={search_term_string}\"},\"query-input\":{\"@type\":\"PropertyValueSpecification\",\"valueRequired\":true,\"valueName\":\"search_term_string\"}}],\"inLanguage\":\"sq\"},{\"@type\":\"Organization\",\"@id\":\"https:\/\/alcedrix.com\/#organization\",\"name\":\"Alcedrix\",\"url\":\"https:\/\/alcedrix.com\/\",\"logo\":{\"@type\":\"ImageObject\",\"inLanguage\":\"sq\",\"@id\":\"https:\/\/alcedrix.com\/#\/schema\/logo\/image\/\",\"url\":\"http:\/\/3.126.27.25\/wp-content\/uploads\/2023\/08\/logo-web.png\",\"contentUrl\":\"http:\/\/3.126.27.25\/wp-content\/uploads\/2023\/08\/logo-web.png\",\"width\":492,\"height\":93,\"caption\":\"Alcedrix\"},\"image\":{\"@id\":\"https:\/\/alcedrix.com\/#\/schema\/logo\/image\/\"},\"sameAs\":[\"https:\/\/www.facebook.com\/alcedrix\",\"https:\/\/www.instagram.com\/alcedrix\"]}]}<\/script>\n<!-- \/ Yoast SEO plugin. -->","yoast_head_json":{"title":"Drinks for life\u00ae Immuno - Alcedrix","robots":{"index":"index","follow":"follow","max-snippet":"max-snippet:-1","max-image-preview":"max-image-preview:large","max-video-preview":"max-video-preview:-1"},"canonical":"https:\/\/alcedrix.com\/sq\/shop\/drinks-for-life-immuno\/","og_locale":"sq_AL","og_type":"article","og_title":"Drinks for life\u00ae Immuno - Alcedrix","og_description":"Drinks for life\u00ae IMMUNO \u00ebsht\u00eb shtes\u00eb ushqimore n\u00eb form\u00eb pluhuri. P\u00ebrmban \u00ebmb\u00eblsues dhe ka shije mjedre. Produkti \u00ebsht\u00eb i dedikuar p\u00ebr t\u00eb gjith\u00eb personat q\u00eb kan\u00eb nevoj\u00eb ta rrisin imunitetin.","og_url":"https:\/\/alcedrix.com\/sq\/shop\/drinks-for-life-immuno\/","og_site_name":"Alcedrix","article_publisher":"https:\/\/www.facebook.com\/alcedrix","article_modified_time":"2024-07-29T14:41:02+00:00","og_image":[{"width":600,"height":600,"url":"https:\/\/alcedrix.com\/wp-content\/uploads\/2023\/09\/drinks-for-life-immuno.png","type":"image\/png"}],"twitter_card":"summary_large_image","twitter_misc":{"Est. reading time":"1 minut\u00eb"},"schema":{"@context":"https:\/\/schema.org","@graph":[{"@type":"WebPage","@id":"https:\/\/alcedrix.com\/shop\/drinks-for-life-immuno\/","url":"https:\/\/alcedrix.com\/shop\/drinks-for-life-immuno\/","name":"Drinks for life\u00ae Immuno - Alcedrix","isPartOf":{"@id":"https:\/\/alcedrix.com\/#website"},"primaryImageOfPage":{"@id":"https:\/\/alcedrix.com\/shop\/drinks-for-life-immuno\/#primaryimage"},"image":{"@id":"https:\/\/alcedrix.com\/shop\/drinks-for-life-immuno\/#primaryimage"},"thumbnailUrl":"https:\/\/alcedrix.com\/wp-content\/uploads\/2023\/09\/drinks-for-life-immuno.png","datePublished":"2023-09-11T12:05:43+00:00","dateModified":"2024-07-29T14:41:02+00:00","breadcrumb":{"@id":"https:\/\/alcedrix.com\/shop\/drinks-for-life-immuno\/#breadcrumb"},"inLanguage":"sq","potentialAction":[{"@type":"ReadAction","target":["https:\/\/alcedrix.com\/shop\/drinks-for-life-immuno\/"]}]},{"@type":"ImageObject","inLanguage":"sq","@id":"https:\/\/alcedrix.com\/shop\/drinks-for-life-immuno\/#primaryimage","url":"https:\/\/alcedrix.com\/wp-content\/uploads\/2023\/09\/drinks-for-life-immuno.png","contentUrl":"https:\/\/alcedrix.com\/wp-content\/uploads\/2023\/09\/drinks-for-life-immuno.png","width":600,"height":600},{"@type":"BreadcrumbList","@id":"https:\/\/alcedrix.com\/shop\/drinks-for-life-immuno\/#breadcrumb","itemListElement":[{"@type":"ListItem","position":1,"name":"Home","item":"https:\/\/alcedrix.com\/"},{"@type":"ListItem","position":2,"name":"Shop","item":"https:\/\/alcedrix.com\/shop\/"},{"@type":"ListItem","position":3,"name":"Drinks for life\u00ae Immuno"}]},{"@type":"WebSite","@id":"https:\/\/alcedrix.com\/#website","url":"https:\/\/alcedrix.com\/","name":"Alcedrix","description":"Alcedrix","publisher":{"@id":"https:\/\/alcedrix.com\/#organization"},"potentialAction":[{"@type":"SearchAction","target":{"@type":"EntryPoint","urlTemplate":"https:\/\/alcedrix.com\/?s={search_term_string}"},"query-input":{"@type":"PropertyValueSpecification","valueRequired":true,"valueName":"search_term_string"}}],"inLanguage":"sq"},{"@type":"Organization","@id":"https:\/\/alcedrix.com\/#organization","name":"Alcedrix","url":"https:\/\/alcedrix.com\/","logo":{"@type":"ImageObject","inLanguage":"sq","@id":"https:\/\/alcedrix.com\/#\/schema\/logo\/image\/","url":"http:\/\/3.126.27.25\/wp-content\/uploads\/2023\/08\/logo-web.png","contentUrl":"http:\/\/3.126.27.25\/wp-content\/uploads\/2023\/08\/logo-web.png","width":492,"height":93,"caption":"Alcedrix"},"image":{"@id":"https:\/\/alcedrix.com\/#\/schema\/logo\/image\/"},"sameAs":["https:\/\/www.facebook.com\/alcedrix","https:\/\/www.instagram.com\/alcedrix"]}]}},"_links":{"self":[{"href":"https:\/\/alcedrix.com\/sq\/wp-json\/wp\/v2\/product\/7981"}],"collection":[{"href":"https:\/\/alcedrix.com\/sq\/wp-json\/wp\/v2\/product"}],"about":[{"href":"https:\/\/alcedrix.com\/sq\/wp-json\/wp\/v2\/types\/product"}],"version-history":[{"count":1,"href":"https:\/\/alcedrix.com\/sq\/wp-json\/wp\/v2\/product\/7981\/revisions"}],"predecessor-version":[{"id":9404,"href":"https:\/\/alcedrix.com\/sq\/wp-json\/wp\/v2\/product\/7981\/revisions\/9404"}],"wp:featuredmedia":[{"embeddable":true,"href":"https:\/\/alcedrix.com\/sq\/wp-json\/wp\/v2\/media\/7982"}],"wp:attachment":[{"href":"https:\/\/alcedrix.com\/sq\/wp-json\/wp\/v2\/media?parent=7981"}],"wp:term":[{"taxonomy":"product_cat","embeddable":true,"href":"https:\/\/alcedrix.com\/sq\/wp-json\/wp\/v2\/product_cat?post=7981"},{"taxonomy":"product_tag","embeddable":true,"href":"https:\/\/alcedrix.com\/sq\/wp-json\/wp\/v2\/product_tag?post=7981"}],"curies":[{"name":"wp","href":"https:\/\/api.w.org\/{rel}","templated":true}]}}