{"id":7979,"date":"2023-09-11T12:00:22","date_gmt":"2023-09-11T12:00:22","guid":{"rendered":"http:\/\/3.126.27.25\/?post_type=product&#038;p=7979"},"modified":"2024-07-30T13:08:27","modified_gmt":"2024-07-30T13:08:27","slug":"drinks-for-life-hydro","status":"publish","type":"product","link":"https:\/\/alcedrix.com\/sq\/shop\/drinks-for-life-hydro\/","title":{"rendered":"Drinks for life\u00ae Hydro"},"content":{"rendered":"<p><strong>Drinks for life\u00ae HYDRO<\/strong> \u00ebsht\u00eb shtes\u00eb ushqimore n\u00eb form\u00eb pluhuri i cili i tretur n\u00eb uj\u00eb kthehet n\u00eb nj\u00eb pije t\u00eb shijshme q\u00eb shuan etjen n\u00eb \u00e7do situat\u00eb. P\u00ebrmban sheqer dhe \u00ebmb\u00eblsues me shije limoni.<\/p>\n<p>Produkti p\u00ebrmban p\u00ebrzierje t\u00eb elektroliteve (magnez, kalium, natrium), glukoz\u00eb, vitamina A, C, D dhe E si dhe vitamina B (tiamin\u00eb, riboflavin\u00eb, niacin\u00eb, vitamin\u00eb B6, vitamin\u00eb B12, acid pantotenik, acid folik, biotin\u00eb).<\/p>\n<p>Vitaminat q\u00eb p\u00ebrmban produkti (vitamina C, riboflavina, vitamina B6, vitamina B12, niacina, acidi pantotenik, acidi folik) dhe magnezi kontribuojn\u00eb n\u00eb reduktimin e lodhjes dhe plog\u00ebshtis\u00eb.<\/p>\n<p>Niacina, vitaminat B6 dhe C ndihmojn\u00eb n\u00eb ruajtjen e funksioneve t\u00eb duhura psikologjike dhe funksionimin e duhur t\u00eb sistemit nervor, nd\u00ebrsa acidi pantotenik ndihmon n\u00eb ruajtjen e performanc\u00ebs mendore n\u00eb nivelin e duhur.<\/p>\n<p>P\u00ebrve\u00e7 k\u00ebsaj, vitamina C ndihmon n\u00eb funksionimin e duhur t\u00eb sistemit imunitar dhe s\u00eb bashku me vitamin\u00ebn E mbron qelizat kund\u00ebr stresit oksidativ.<\/p>\n<p>Gjithashtu ndihmon n\u00eb ruajtjen e metabolizmit t\u00eb duhur t\u00eb energjis\u00eb.<\/p>\n<p>Produkti ndihmon n\u00eb plot\u00ebsimin e mineraleve (magnez, kalium, natrium), vitamina B (tiamin\u00eb, riboflavin\u00eb, niacin\u00eb, vitamin\u00eb B6, vitamin\u00eb B12, acid pantotenik, biotin\u00eb, acid folik) dhe vitamina A, C, D, E, si dhe glukoz\u00ebs. Produkti rekomandohet ve\u00e7an\u00ebrisht p\u00ebr personat e ekspozuar ndaj lodhjes si dhe pas pirjes s\u00eb alkoolit. Hulumtimet shkencore tregojn\u00eb se konsumimi i alkoolit mund t\u00eb \u00e7oj\u00eb n\u00eb nj\u00eb reduktim t\u00eb elektroliteve, glukoz\u00ebs dhe vitaminave B n\u00eb trup (Clin Nephrol. 1998 Apr; 49 (4): 205-13, Diabetes Care 2001 Nov; 24 (11): 1888- 1893, Alkooli Alert Nr. 22-1993).<\/p>\n<p><strong>M\u00ebnyra e p\u00ebrdorimit:<\/strong> 1 qese n\u00eb dit\u00eb. P\u00ebrmbajtja e qes\u00ebs duhet t\u00eb tretet n\u00eb 500 ml uj\u00eb. Konsumojeni menj\u00ebher\u00eb pas p\u00ebrgatitjes.<\/p>","protected":false},"excerpt":{"rendered":"<p>Drinks for life \u00ae HYDRO \u00ebsht\u00eb shtes\u00eb ushqimore n\u00eb form\u00eb pluhuri, i cili tretet n\u00eb uj\u00eb duke u b\u00ebr\u00eb nj\u00eb pije e shijshme q\u00eb shuan etjen n\u00eb \u00e7do situat\u00eb. P\u00ebrmban sheqer dhe \u00ebmb\u00eblsues. Shije limoni.<\/p>","protected":false},"featured_media":7980,"template":"","meta":[],"product_cat":[117,109,96,104,101],"product_tag":[128],"class_list":{"0":"post-7979","1":"product","2":"type-product","3":"status-publish","4":"has-post-thumbnail","6":"product_cat-hidratim","7":"product_cat-mbrojtje","8":"product_cat-olimp","9":"product_cat-shtese-ushqimore","10":"product_cat-te-rritur","11":"product_tag-new1","13":"first","14":"instock","15":"taxable","16":"shipping-taxable","17":"purchasable","18":"product-type-simple"},"yoast_head":"<!-- This site is optimized with the Yoast SEO plugin v23.6 - https:\/\/yoast.com\/wordpress\/plugins\/seo\/ -->\n<title>Drinks for life\u00ae Hydro - Alcedrix<\/title>\n<meta name=\"robots\" content=\"index, follow, max-snippet:-1, max-image-preview:large, max-video-preview:-1\" \/>\n<link rel=\"canonical\" href=\"http:\/\/alcedrix.com\/sq\/shop\/drinks-for-life-hydro\/\" \/>\n<meta property=\"og:locale\" content=\"sq_AL\" \/>\n<meta property=\"og:type\" content=\"article\" \/>\n<meta property=\"og:title\" content=\"Drinks for life\u00ae Hydro - Alcedrix\" \/>\n<meta property=\"og:description\" content=\"Drinks for life \u00ae HYDRO \u00ebsht\u00eb shtes\u00eb ushqimore n\u00eb form\u00eb pluhuri, i cili tretet n\u00eb uj\u00eb duke u b\u00ebr\u00eb nj\u00eb pije e shijshme q\u00eb shuan etjen n\u00eb \u00e7do situat\u00eb. P\u00ebrmban sheqer dhe \u00ebmb\u00eblsues. Shije limoni.\" \/>\n<meta property=\"og:url\" content=\"http:\/\/alcedrix.com\/sq\/shop\/drinks-for-life-hydro\/\" \/>\n<meta property=\"og:site_name\" content=\"Alcedrix\" \/>\n<meta property=\"article:publisher\" content=\"https:\/\/www.facebook.com\/alcedrix\" \/>\n<meta property=\"article:modified_time\" content=\"2024-07-30T13:08:27+00:00\" \/>\n<meta property=\"og:image\" content=\"http:\/\/alcedrix.com\/wp-content\/uploads\/2023\/09\/drinks-for-life-hydro.png\" \/>\n\t<meta property=\"og:image:width\" content=\"600\" \/>\n\t<meta property=\"og:image:height\" content=\"600\" \/>\n\t<meta property=\"og:image:type\" content=\"image\/png\" \/>\n<meta name=\"twitter:card\" content=\"summary_large_image\" \/>\n<meta name=\"twitter:label1\" content=\"Est. reading time\" \/>\n\t<meta name=\"twitter:data1\" content=\"1 minut\u00eb\" \/>\n<script type=\"application\/ld+json\" class=\"yoast-schema-graph\">{\"@context\":\"https:\/\/schema.org\",\"@graph\":[{\"@type\":\"WebPage\",\"@id\":\"http:\/\/alcedrix.com\/shop\/drinks-for-life-hydro\/\",\"url\":\"http:\/\/alcedrix.com\/shop\/drinks-for-life-hydro\/\",\"name\":\"Drinks for life\u00ae Hydro - Alcedrix\",\"isPartOf\":{\"@id\":\"https:\/\/alcedrix.com\/#website\"},\"primaryImageOfPage\":{\"@id\":\"http:\/\/alcedrix.com\/shop\/drinks-for-life-hydro\/#primaryimage\"},\"image\":{\"@id\":\"http:\/\/alcedrix.com\/shop\/drinks-for-life-hydro\/#primaryimage\"},\"thumbnailUrl\":\"https:\/\/alcedrix.com\/wp-content\/uploads\/2023\/09\/drinks-for-life-hydro.png\",\"datePublished\":\"2023-09-11T12:00:22+00:00\",\"dateModified\":\"2024-07-30T13:08:27+00:00\",\"breadcrumb\":{\"@id\":\"http:\/\/alcedrix.com\/shop\/drinks-for-life-hydro\/#breadcrumb\"},\"inLanguage\":\"sq\",\"potentialAction\":[{\"@type\":\"ReadAction\",\"target\":[\"http:\/\/alcedrix.com\/shop\/drinks-for-life-hydro\/\"]}]},{\"@type\":\"ImageObject\",\"inLanguage\":\"sq\",\"@id\":\"http:\/\/alcedrix.com\/shop\/drinks-for-life-hydro\/#primaryimage\",\"url\":\"https:\/\/alcedrix.com\/wp-content\/uploads\/2023\/09\/drinks-for-life-hydro.png\",\"contentUrl\":\"https:\/\/alcedrix.com\/wp-content\/uploads\/2023\/09\/drinks-for-life-hydro.png\",\"width\":600,\"height\":600},{\"@type\":\"BreadcrumbList\",\"@id\":\"http:\/\/alcedrix.com\/shop\/drinks-for-life-hydro\/#breadcrumb\",\"itemListElement\":[{\"@type\":\"ListItem\",\"position\":1,\"name\":\"Home\",\"item\":\"https:\/\/alcedrix.com\/\"},{\"@type\":\"ListItem\",\"position\":2,\"name\":\"Shop\",\"item\":\"https:\/\/alcedrix.com\/shop\/\"},{\"@type\":\"ListItem\",\"position\":3,\"name\":\"Drinks for life\u00ae Hydro\"}]},{\"@type\":\"WebSite\",\"@id\":\"https:\/\/alcedrix.com\/#website\",\"url\":\"https:\/\/alcedrix.com\/\",\"name\":\"Alcedrix\",\"description\":\"Alcedrix\",\"publisher\":{\"@id\":\"https:\/\/alcedrix.com\/#organization\"},\"potentialAction\":[{\"@type\":\"SearchAction\",\"target\":{\"@type\":\"EntryPoint\",\"urlTemplate\":\"https:\/\/alcedrix.com\/?s={search_term_string}\"},\"query-input\":{\"@type\":\"PropertyValueSpecification\",\"valueRequired\":true,\"valueName\":\"search_term_string\"}}],\"inLanguage\":\"sq\"},{\"@type\":\"Organization\",\"@id\":\"https:\/\/alcedrix.com\/#organization\",\"name\":\"Alcedrix\",\"url\":\"https:\/\/alcedrix.com\/\",\"logo\":{\"@type\":\"ImageObject\",\"inLanguage\":\"sq\",\"@id\":\"https:\/\/alcedrix.com\/#\/schema\/logo\/image\/\",\"url\":\"http:\/\/3.126.27.25\/wp-content\/uploads\/2023\/08\/logo-web.png\",\"contentUrl\":\"http:\/\/3.126.27.25\/wp-content\/uploads\/2023\/08\/logo-web.png\",\"width\":492,\"height\":93,\"caption\":\"Alcedrix\"},\"image\":{\"@id\":\"https:\/\/alcedrix.com\/#\/schema\/logo\/image\/\"},\"sameAs\":[\"https:\/\/www.facebook.com\/alcedrix\",\"https:\/\/www.instagram.com\/alcedrix\"]}]}<\/script>\n<!-- \/ Yoast SEO plugin. -->","yoast_head_json":{"title":"Drinks for life\u00ae Hydro - Alcedrix","robots":{"index":"index","follow":"follow","max-snippet":"max-snippet:-1","max-image-preview":"max-image-preview:large","max-video-preview":"max-video-preview:-1"},"canonical":"http:\/\/alcedrix.com\/sq\/shop\/drinks-for-life-hydro\/","og_locale":"sq_AL","og_type":"article","og_title":"Drinks for life\u00ae Hydro - Alcedrix","og_description":"Drinks for life \u00ae HYDRO \u00ebsht\u00eb shtes\u00eb ushqimore n\u00eb form\u00eb pluhuri, i cili tretet n\u00eb uj\u00eb duke u b\u00ebr\u00eb nj\u00eb pije e shijshme q\u00eb shuan etjen n\u00eb \u00e7do situat\u00eb. P\u00ebrmban sheqer dhe \u00ebmb\u00eblsues. Shije limoni.","og_url":"http:\/\/alcedrix.com\/sq\/shop\/drinks-for-life-hydro\/","og_site_name":"Alcedrix","article_publisher":"https:\/\/www.facebook.com\/alcedrix","article_modified_time":"2024-07-30T13:08:27+00:00","og_image":[{"width":600,"height":600,"url":"http:\/\/alcedrix.com\/wp-content\/uploads\/2023\/09\/drinks-for-life-hydro.png","type":"image\/png"}],"twitter_card":"summary_large_image","twitter_misc":{"Est. reading time":"1 minut\u00eb"},"schema":{"@context":"https:\/\/schema.org","@graph":[{"@type":"WebPage","@id":"http:\/\/alcedrix.com\/shop\/drinks-for-life-hydro\/","url":"http:\/\/alcedrix.com\/shop\/drinks-for-life-hydro\/","name":"Drinks for life\u00ae Hydro - Alcedrix","isPartOf":{"@id":"https:\/\/alcedrix.com\/#website"},"primaryImageOfPage":{"@id":"http:\/\/alcedrix.com\/shop\/drinks-for-life-hydro\/#primaryimage"},"image":{"@id":"http:\/\/alcedrix.com\/shop\/drinks-for-life-hydro\/#primaryimage"},"thumbnailUrl":"https:\/\/alcedrix.com\/wp-content\/uploads\/2023\/09\/drinks-for-life-hydro.png","datePublished":"2023-09-11T12:00:22+00:00","dateModified":"2024-07-30T13:08:27+00:00","breadcrumb":{"@id":"http:\/\/alcedrix.com\/shop\/drinks-for-life-hydro\/#breadcrumb"},"inLanguage":"sq","potentialAction":[{"@type":"ReadAction","target":["http:\/\/alcedrix.com\/shop\/drinks-for-life-hydro\/"]}]},{"@type":"ImageObject","inLanguage":"sq","@id":"http:\/\/alcedrix.com\/shop\/drinks-for-life-hydro\/#primaryimage","url":"https:\/\/alcedrix.com\/wp-content\/uploads\/2023\/09\/drinks-for-life-hydro.png","contentUrl":"https:\/\/alcedrix.com\/wp-content\/uploads\/2023\/09\/drinks-for-life-hydro.png","width":600,"height":600},{"@type":"BreadcrumbList","@id":"http:\/\/alcedrix.com\/shop\/drinks-for-life-hydro\/#breadcrumb","itemListElement":[{"@type":"ListItem","position":1,"name":"Home","item":"https:\/\/alcedrix.com\/"},{"@type":"ListItem","position":2,"name":"Shop","item":"https:\/\/alcedrix.com\/shop\/"},{"@type":"ListItem","position":3,"name":"Drinks for life\u00ae Hydro"}]},{"@type":"WebSite","@id":"https:\/\/alcedrix.com\/#website","url":"https:\/\/alcedrix.com\/","name":"Alcedrix","description":"Alcedrix","publisher":{"@id":"https:\/\/alcedrix.com\/#organization"},"potentialAction":[{"@type":"SearchAction","target":{"@type":"EntryPoint","urlTemplate":"https:\/\/alcedrix.com\/?s={search_term_string}"},"query-input":{"@type":"PropertyValueSpecification","valueRequired":true,"valueName":"search_term_string"}}],"inLanguage":"sq"},{"@type":"Organization","@id":"https:\/\/alcedrix.com\/#organization","name":"Alcedrix","url":"https:\/\/alcedrix.com\/","logo":{"@type":"ImageObject","inLanguage":"sq","@id":"https:\/\/alcedrix.com\/#\/schema\/logo\/image\/","url":"http:\/\/3.126.27.25\/wp-content\/uploads\/2023\/08\/logo-web.png","contentUrl":"http:\/\/3.126.27.25\/wp-content\/uploads\/2023\/08\/logo-web.png","width":492,"height":93,"caption":"Alcedrix"},"image":{"@id":"https:\/\/alcedrix.com\/#\/schema\/logo\/image\/"},"sameAs":["https:\/\/www.facebook.com\/alcedrix","https:\/\/www.instagram.com\/alcedrix"]}]}},"_links":{"self":[{"href":"https:\/\/alcedrix.com\/sq\/wp-json\/wp\/v2\/product\/7979"}],"collection":[{"href":"https:\/\/alcedrix.com\/sq\/wp-json\/wp\/v2\/product"}],"about":[{"href":"https:\/\/alcedrix.com\/sq\/wp-json\/wp\/v2\/types\/product"}],"version-history":[{"count":1,"href":"https:\/\/alcedrix.com\/sq\/wp-json\/wp\/v2\/product\/7979\/revisions"}],"predecessor-version":[{"id":9405,"href":"https:\/\/alcedrix.com\/sq\/wp-json\/wp\/v2\/product\/7979\/revisions\/9405"}],"wp:featuredmedia":[{"embeddable":true,"href":"https:\/\/alcedrix.com\/sq\/wp-json\/wp\/v2\/media\/7980"}],"wp:attachment":[{"href":"https:\/\/alcedrix.com\/sq\/wp-json\/wp\/v2\/media?parent=7979"}],"wp:term":[{"taxonomy":"product_cat","embeddable":true,"href":"https:\/\/alcedrix.com\/sq\/wp-json\/wp\/v2\/product_cat?post=7979"},{"taxonomy":"product_tag","embeddable":true,"href":"https:\/\/alcedrix.com\/sq\/wp-json\/wp\/v2\/product_tag?post=7979"}],"curies":[{"name":"wp","href":"https:\/\/api.w.org\/{rel}","templated":true}]}}