{"id":7977,"date":"2023-09-11T11:52:01","date_gmt":"2023-09-11T11:52:01","guid":{"rendered":"http:\/\/3.126.27.25\/?post_type=product&#038;p=7977"},"modified":"2024-07-30T13:10:47","modified_gmt":"2024-07-30T13:10:47","slug":"drinks-for-life-energy","status":"publish","type":"product","link":"https:\/\/alcedrix.com\/sq\/shop\/drinks-for-life-energy\/","title":{"rendered":"Drinks for life\u00ae Energy"},"content":{"rendered":"<p><strong>Drinks for life\u00ae ENERGY<\/strong> \u00ebsht\u00eb produkt i destinuar p\u00ebr t\u00eb rriturit q\u00eb p\u00ebrpiqen t\u00eb ruajn\u00eb performanc\u00ebn e duhur mendore, t\u00eb zvog\u00eblojn\u00eb ndjenj\u00ebn e lodhjes dhe plog\u00ebshtis\u00eb si dhe t\u00eb ruajn\u00eb metabolizmin e duhur t\u00eb energjis\u00eb.<\/p>\n<p>Produkti p\u00ebrmban sasi t\u00eb lart\u00eb t\u00eb kafein\u00ebs (150 mg \/ 1 qese), ekstrakte t\u00eb standardizuara t\u00eb dy llojeve t\u00eb xhensenit: siberian dhe korean, magnez dhe vitamina B (acid pantotenik, vitamin\u00eb B6, tiamin\u00eb, vitamin\u00eb B12).<\/p>\n<p>Kafeina mb\u00ebshtet performanc\u00ebn mendore, ndihmon n\u00eb rritjen e vigjilenc\u00ebs dhe p\u00ebrmir\u00ebson p\u00ebrqendrimin.<br \/>\nXhenseni siberian forcon trupin, kontribuon n\u00eb qarkullimin e duhur t\u00eb gjakut, i cili ndikon n\u00eb funksionimin e duhur t\u00eb trurit, si dhe mb\u00ebshtet aktivitetin mendor dhe kognitiv.<\/p>\n<p>Xhenseni korean sh\u00ebrben n\u00eb ruajtjen e vitalitetit dhe kontribuon n\u00eb p\u00ebrmir\u00ebsimin e p\u00ebrqendrimit, koordinimit dhe vigjilenc\u00ebs s\u00eb trupit.<\/p>\n<p>Magnezi, acidi pantotenik, vitamina B6 dhe vitamina B12 kontribuojn\u00eb n\u00eb ruajtjen e metabolizmit normal t\u00eb energjis\u00eb dhe n\u00eb reduktimin e ndjenj\u00ebs s\u00eb lodhjes dhe plog\u00ebshtis\u00eb.<\/p>\n<p>Acidi pantotenik gjithashtu ndihmon n\u00eb ruajtjen e performanc\u00ebs mendore n\u00eb nivelin e duhur. Tiamina, vitamina B6 dhe vitamina B12 ndihmojn\u00eb n\u00eb funksionimin normal t\u00eb sistemit nervor dhe ruajn\u00eb funksionet e duhura psikologjike.<\/p>\n<p><strong>M\u00ebnyra e p\u00ebrdorimit:<\/strong> 1 qese n\u00eb dit\u00eb. P\u00ebrmbajtja e qes\u00ebs duhet t\u00eb tretet n\u00eb 500 ml uj\u00eb. Konsumojeni menj\u00ebher\u00eb pas p\u00ebrgatitjes.<\/p>","protected":false},"excerpt":{"rendered":"<p>Shtes\u00eb ushqimore i dizajnuar p\u00ebr shtim t\u00eb energjis\u00eb dhe p\u00ebrmir\u00ebsim t\u00eb performanc\u00ebs mendore. Produkti vjen n\u00eb form\u00eb t\u00eb pluhurit t\u00eb paketuar n\u00eb qese.<\/p>","protected":false},"featured_media":7978,"template":"","meta":[],"product_cat":[115,116,106,96,104,101],"product_tag":[128],"class_list":{"0":"post-7977","1":"product","2":"type-product","3":"status-publish","4":"has-post-thumbnail","6":"product_cat-energji","7":"product_cat-koncentrim","8":"product_cat-mireqenie-mendore-dhe-fizike","9":"product_cat-olimp","10":"product_cat-shtese-ushqimore","11":"product_cat-te-rritur","12":"product_tag-new1","14":"first","15":"instock","16":"taxable","17":"shipping-taxable","18":"purchasable","19":"product-type-simple"},"yoast_head":"<!-- This site is optimized with the Yoast SEO plugin v23.6 - https:\/\/yoast.com\/wordpress\/plugins\/seo\/ -->\n<title>Drinks for life\u00ae Energy - Alcedrix<\/title>\n<meta name=\"robots\" content=\"index, follow, max-snippet:-1, max-image-preview:large, max-video-preview:-1\" \/>\n<link rel=\"canonical\" href=\"https:\/\/alcedrix.com\/sq\/shop\/drinks-for-life-energy\/\" \/>\n<meta property=\"og:locale\" content=\"sq_AL\" \/>\n<meta property=\"og:type\" content=\"article\" \/>\n<meta property=\"og:title\" content=\"Drinks for life\u00ae Energy - Alcedrix\" \/>\n<meta property=\"og:description\" content=\"Shtes\u00eb ushqimore i dizajnuar p\u00ebr shtim t\u00eb energjis\u00eb dhe p\u00ebrmir\u00ebsim t\u00eb performanc\u00ebs mendore. Produkti vjen n\u00eb form\u00eb t\u00eb pluhurit t\u00eb paketuar n\u00eb qese.\" \/>\n<meta property=\"og:url\" content=\"https:\/\/alcedrix.com\/sq\/shop\/drinks-for-life-energy\/\" \/>\n<meta property=\"og:site_name\" content=\"Alcedrix\" \/>\n<meta property=\"article:publisher\" content=\"https:\/\/www.facebook.com\/alcedrix\" \/>\n<meta property=\"article:modified_time\" content=\"2024-07-30T13:10:47+00:00\" \/>\n<meta property=\"og:image\" content=\"https:\/\/alcedrix.com\/wp-content\/uploads\/2023\/09\/drinks-for-life-energy.png\" \/>\n\t<meta property=\"og:image:width\" content=\"600\" \/>\n\t<meta property=\"og:image:height\" content=\"600\" \/>\n\t<meta property=\"og:image:type\" content=\"image\/png\" \/>\n<meta name=\"twitter:card\" content=\"summary_large_image\" \/>\n<meta name=\"twitter:label1\" content=\"Est. reading time\" \/>\n\t<meta name=\"twitter:data1\" content=\"1 minut\u00eb\" \/>\n<script type=\"application\/ld+json\" class=\"yoast-schema-graph\">{\"@context\":\"https:\/\/schema.org\",\"@graph\":[{\"@type\":\"WebPage\",\"@id\":\"https:\/\/alcedrix.com\/shop\/drinks-for-life-energy\/\",\"url\":\"https:\/\/alcedrix.com\/shop\/drinks-for-life-energy\/\",\"name\":\"Drinks for life\u00ae Energy - Alcedrix\",\"isPartOf\":{\"@id\":\"https:\/\/alcedrix.com\/#website\"},\"primaryImageOfPage\":{\"@id\":\"https:\/\/alcedrix.com\/shop\/drinks-for-life-energy\/#primaryimage\"},\"image\":{\"@id\":\"https:\/\/alcedrix.com\/shop\/drinks-for-life-energy\/#primaryimage\"},\"thumbnailUrl\":\"https:\/\/alcedrix.com\/wp-content\/uploads\/2023\/09\/drinks-for-life-energy.png\",\"datePublished\":\"2023-09-11T11:52:01+00:00\",\"dateModified\":\"2024-07-30T13:10:47+00:00\",\"breadcrumb\":{\"@id\":\"https:\/\/alcedrix.com\/shop\/drinks-for-life-energy\/#breadcrumb\"},\"inLanguage\":\"sq\",\"potentialAction\":[{\"@type\":\"ReadAction\",\"target\":[\"https:\/\/alcedrix.com\/shop\/drinks-for-life-energy\/\"]}]},{\"@type\":\"ImageObject\",\"inLanguage\":\"sq\",\"@id\":\"https:\/\/alcedrix.com\/shop\/drinks-for-life-energy\/#primaryimage\",\"url\":\"https:\/\/alcedrix.com\/wp-content\/uploads\/2023\/09\/drinks-for-life-energy.png\",\"contentUrl\":\"https:\/\/alcedrix.com\/wp-content\/uploads\/2023\/09\/drinks-for-life-energy.png\",\"width\":600,\"height\":600},{\"@type\":\"BreadcrumbList\",\"@id\":\"https:\/\/alcedrix.com\/shop\/drinks-for-life-energy\/#breadcrumb\",\"itemListElement\":[{\"@type\":\"ListItem\",\"position\":1,\"name\":\"Home\",\"item\":\"https:\/\/alcedrix.com\/\"},{\"@type\":\"ListItem\",\"position\":2,\"name\":\"Shop\",\"item\":\"https:\/\/alcedrix.com\/shop\/\"},{\"@type\":\"ListItem\",\"position\":3,\"name\":\"Drinks for life\u00ae Energy\"}]},{\"@type\":\"WebSite\",\"@id\":\"https:\/\/alcedrix.com\/#website\",\"url\":\"https:\/\/alcedrix.com\/\",\"name\":\"Alcedrix\",\"description\":\"Alcedrix\",\"publisher\":{\"@id\":\"https:\/\/alcedrix.com\/#organization\"},\"potentialAction\":[{\"@type\":\"SearchAction\",\"target\":{\"@type\":\"EntryPoint\",\"urlTemplate\":\"https:\/\/alcedrix.com\/?s={search_term_string}\"},\"query-input\":{\"@type\":\"PropertyValueSpecification\",\"valueRequired\":true,\"valueName\":\"search_term_string\"}}],\"inLanguage\":\"sq\"},{\"@type\":\"Organization\",\"@id\":\"https:\/\/alcedrix.com\/#organization\",\"name\":\"Alcedrix\",\"url\":\"https:\/\/alcedrix.com\/\",\"logo\":{\"@type\":\"ImageObject\",\"inLanguage\":\"sq\",\"@id\":\"https:\/\/alcedrix.com\/#\/schema\/logo\/image\/\",\"url\":\"http:\/\/3.126.27.25\/wp-content\/uploads\/2023\/08\/logo-web.png\",\"contentUrl\":\"http:\/\/3.126.27.25\/wp-content\/uploads\/2023\/08\/logo-web.png\",\"width\":492,\"height\":93,\"caption\":\"Alcedrix\"},\"image\":{\"@id\":\"https:\/\/alcedrix.com\/#\/schema\/logo\/image\/\"},\"sameAs\":[\"https:\/\/www.facebook.com\/alcedrix\",\"https:\/\/www.instagram.com\/alcedrix\"]}]}<\/script>\n<!-- \/ Yoast SEO plugin. -->","yoast_head_json":{"title":"Drinks for life\u00ae Energy - Alcedrix","robots":{"index":"index","follow":"follow","max-snippet":"max-snippet:-1","max-image-preview":"max-image-preview:large","max-video-preview":"max-video-preview:-1"},"canonical":"https:\/\/alcedrix.com\/sq\/shop\/drinks-for-life-energy\/","og_locale":"sq_AL","og_type":"article","og_title":"Drinks for life\u00ae Energy - Alcedrix","og_description":"Shtes\u00eb ushqimore i dizajnuar p\u00ebr shtim t\u00eb energjis\u00eb dhe p\u00ebrmir\u00ebsim t\u00eb performanc\u00ebs mendore. Produkti vjen n\u00eb form\u00eb t\u00eb pluhurit t\u00eb paketuar n\u00eb qese.","og_url":"https:\/\/alcedrix.com\/sq\/shop\/drinks-for-life-energy\/","og_site_name":"Alcedrix","article_publisher":"https:\/\/www.facebook.com\/alcedrix","article_modified_time":"2024-07-30T13:10:47+00:00","og_image":[{"width":600,"height":600,"url":"https:\/\/alcedrix.com\/wp-content\/uploads\/2023\/09\/drinks-for-life-energy.png","type":"image\/png"}],"twitter_card":"summary_large_image","twitter_misc":{"Est. reading time":"1 minut\u00eb"},"schema":{"@context":"https:\/\/schema.org","@graph":[{"@type":"WebPage","@id":"https:\/\/alcedrix.com\/shop\/drinks-for-life-energy\/","url":"https:\/\/alcedrix.com\/shop\/drinks-for-life-energy\/","name":"Drinks for life\u00ae Energy - Alcedrix","isPartOf":{"@id":"https:\/\/alcedrix.com\/#website"},"primaryImageOfPage":{"@id":"https:\/\/alcedrix.com\/shop\/drinks-for-life-energy\/#primaryimage"},"image":{"@id":"https:\/\/alcedrix.com\/shop\/drinks-for-life-energy\/#primaryimage"},"thumbnailUrl":"https:\/\/alcedrix.com\/wp-content\/uploads\/2023\/09\/drinks-for-life-energy.png","datePublished":"2023-09-11T11:52:01+00:00","dateModified":"2024-07-30T13:10:47+00:00","breadcrumb":{"@id":"https:\/\/alcedrix.com\/shop\/drinks-for-life-energy\/#breadcrumb"},"inLanguage":"sq","potentialAction":[{"@type":"ReadAction","target":["https:\/\/alcedrix.com\/shop\/drinks-for-life-energy\/"]}]},{"@type":"ImageObject","inLanguage":"sq","@id":"https:\/\/alcedrix.com\/shop\/drinks-for-life-energy\/#primaryimage","url":"https:\/\/alcedrix.com\/wp-content\/uploads\/2023\/09\/drinks-for-life-energy.png","contentUrl":"https:\/\/alcedrix.com\/wp-content\/uploads\/2023\/09\/drinks-for-life-energy.png","width":600,"height":600},{"@type":"BreadcrumbList","@id":"https:\/\/alcedrix.com\/shop\/drinks-for-life-energy\/#breadcrumb","itemListElement":[{"@type":"ListItem","position":1,"name":"Home","item":"https:\/\/alcedrix.com\/"},{"@type":"ListItem","position":2,"name":"Shop","item":"https:\/\/alcedrix.com\/shop\/"},{"@type":"ListItem","position":3,"name":"Drinks for life\u00ae Energy"}]},{"@type":"WebSite","@id":"https:\/\/alcedrix.com\/#website","url":"https:\/\/alcedrix.com\/","name":"Alcedrix","description":"Alcedrix","publisher":{"@id":"https:\/\/alcedrix.com\/#organization"},"potentialAction":[{"@type":"SearchAction","target":{"@type":"EntryPoint","urlTemplate":"https:\/\/alcedrix.com\/?s={search_term_string}"},"query-input":{"@type":"PropertyValueSpecification","valueRequired":true,"valueName":"search_term_string"}}],"inLanguage":"sq"},{"@type":"Organization","@id":"https:\/\/alcedrix.com\/#organization","name":"Alcedrix","url":"https:\/\/alcedrix.com\/","logo":{"@type":"ImageObject","inLanguage":"sq","@id":"https:\/\/alcedrix.com\/#\/schema\/logo\/image\/","url":"http:\/\/3.126.27.25\/wp-content\/uploads\/2023\/08\/logo-web.png","contentUrl":"http:\/\/3.126.27.25\/wp-content\/uploads\/2023\/08\/logo-web.png","width":492,"height":93,"caption":"Alcedrix"},"image":{"@id":"https:\/\/alcedrix.com\/#\/schema\/logo\/image\/"},"sameAs":["https:\/\/www.facebook.com\/alcedrix","https:\/\/www.instagram.com\/alcedrix"]}]}},"_links":{"self":[{"href":"https:\/\/alcedrix.com\/sq\/wp-json\/wp\/v2\/product\/7977"}],"collection":[{"href":"https:\/\/alcedrix.com\/sq\/wp-json\/wp\/v2\/product"}],"about":[{"href":"https:\/\/alcedrix.com\/sq\/wp-json\/wp\/v2\/types\/product"}],"version-history":[{"count":1,"href":"https:\/\/alcedrix.com\/sq\/wp-json\/wp\/v2\/product\/7977\/revisions"}],"predecessor-version":[{"id":9406,"href":"https:\/\/alcedrix.com\/sq\/wp-json\/wp\/v2\/product\/7977\/revisions\/9406"}],"wp:featuredmedia":[{"embeddable":true,"href":"https:\/\/alcedrix.com\/sq\/wp-json\/wp\/v2\/media\/7978"}],"wp:attachment":[{"href":"https:\/\/alcedrix.com\/sq\/wp-json\/wp\/v2\/media?parent=7977"}],"wp:term":[{"taxonomy":"product_cat","embeddable":true,"href":"https:\/\/alcedrix.com\/sq\/wp-json\/wp\/v2\/product_cat?post=7977"},{"taxonomy":"product_tag","embeddable":true,"href":"https:\/\/alcedrix.com\/sq\/wp-json\/wp\/v2\/product_tag?post=7977"}],"curies":[{"name":"wp","href":"https:\/\/api.w.org\/{rel}","templated":true}]}}