{"id":7973,"date":"2023-09-11T11:40:23","date_gmt":"2023-09-11T11:40:23","guid":{"rendered":"http:\/\/3.126.27.25\/?post_type=product&#038;p=7973"},"modified":"2024-07-18T12:10:00","modified_gmt":"2024-07-18T12:10:00","slug":"chela-mag-150mg-b6-1mg-junior-15-qese-kopje","status":"publish","type":"product","link":"https:\/\/alcedrix.com\/sq\/shop\/chela-mag-150mg-b6-1mg-junior-15-qese-kopje\/","title":{"rendered":"Chela Mag B6\u00ae Junior 15 qese"},"content":{"rendered":"<p><strong>Chela Mag B6\u00ae<\/strong> Junior \u00ebsht\u00eb i vetmi produkt me magnez p\u00ebr f\u00ebmij\u00eb, q\u00eb p\u00ebrmban form\u00eb shum\u00eb t\u00eb p\u00ebrthithshme dhe hipoalergjike t\u00eb magnezit n\u00eb form\u00ebn e kelatit aminoacid Albion\u00ae (Magnez bisglicinat), i pasuruar me vitamin\u00eb B6, e cila kombinohet me magnezin n\u00eb proceset metabolike.<\/p>\n<p>K\u00ebrkimet shkencore kan\u00eb v\u00ebrtetuar se magnezi, s\u00eb bashku me vitamin\u00ebn B6, \u00ebsht\u00eb p\u00ebrgjegj\u00ebs p\u00ebr funksionimin e duhur t\u00eb sistemit nervor dhe ruajtjen e funksioneve t\u00eb duhura psikologjike, gj\u00eb q\u00eb \u00ebsht\u00eb jasht\u00ebzakonisht e r\u00ebnd\u00ebsishme n\u00eb rritjen e f\u00ebmij\u00ebve. Ndihmon n\u00eb uljen e ndjenj\u00ebs s\u00eb lodhjes dhe rraskapitjes, ndihmon n\u00eb ruajtjen e kockave dhe dh\u00ebmb\u00ebve t\u00eb sh\u00ebndetsh\u00ebm dhe ndihmon n\u00eb ruajtjen e ekuilibrit t\u00eb elektroliteve. Magnezi \u00ebsht\u00eb gjithashtu i p\u00ebrfshir\u00eb n\u00eb metabolizmin e duhur t\u00eb energjis\u00eb dhe ndihmon n\u00eb sintez\u00ebn e proteinave.<\/p>\n<p><strong>P\u00ebrpar\u00ebsit\u00eb kryesore t\u00eb Chela Mag B6\u00ae Junior jan\u00eb:<\/strong><\/p>\n<ul>\n<li>Form\u00eb shum\u00eb e p\u00ebrthithshme dhe hipoalergjike e magnezit, e pasuruar me vitamin\u00eb B6.<\/li>\n<li>Deri n\u00eb 150mg jone t\u00eb magnezit n\u00eb form\u00ebn e kelatit aminoacid Albion\u00ae n\u00eb nj\u00eb qese.<\/li>\n<li>Arom\u00eb e shijshme portokalli.<\/li>\n<li>Tretshm\u00ebri e p\u00ebrsosur.<\/li>\n<li>Pa konservues<\/li>\n<li>Vet\u00ebm nj\u00eb qese n\u00eb dit\u00eb<\/li>\n<\/ul>\n<p>Thithja e duhur e magnezit nga trakti gastrointestinal dhe shp\u00ebrndarja e tij brenda trupit sigurohet nga fakti se ai \u00ebsht\u00eb n\u00eb form\u00ebn e kelatit aminoacid me cil\u00ebsi t\u00eb lart\u00eb, i karakterizuar nga biodisponueshm\u00ebri jasht\u00ebzakonisht t\u00eb lart\u00eb.<\/p>\n<p>Kelati i aminoacideve t\u00eb magnezit Albion\u00ae \u00ebsht\u00eb plot\u00ebsisht hipoalergjik (patenta amerikane nr. 7,838,042), e cila \u00ebsht\u00eb jasht\u00ebzakonisht e r\u00ebnd\u00ebsishme nga pik\u00ebpamja e siguris\u00eb s\u00eb marrjes s\u00eb produktit.<\/p>\n<p><strong>M\u00ebnyra e p\u00ebrdorimit:<\/strong> 1 qese n\u00eb dit\u00eb mund\u00ebsisht pas m\u00ebngjesit ose vaktit kryesor.<br \/>\nP\u00ebrmbajtja e qes\u00ebs shp\u00ebrndahet n\u00eb 100-120ml uj\u00eb n\u00eb temperatur\u00ebn e dhom\u00ebs, p\u00ebrzihet q\u00eb pluhuri t\u00eb tretet plot\u00ebsisht. Konsumojeni menj\u00ebher\u00eb pas p\u00ebrgatitjes. Mos e tejkaloni doz\u00ebn e rekomanduar ditore p\u00ebr konsum gjat\u00eb dit\u00ebs.<\/p>","protected":false},"excerpt":{"rendered":"<p><strong>Chela Mag B6\u00ae<\/strong> <strong>Junior <\/strong>\u00ebsht\u00eb shtes\u00eb ushqimore n\u00eb form\u00eb t\u00eb pluhurit, i destinuar p\u00ebr f\u00ebmij\u00ebt mbi mosh\u00ebn 3 vje\u00e7are, p\u00ebr t\u00eb ndihmuar n\u00eb plot\u00ebsimin e nevojave t\u00eb trupit p\u00ebr magnez dhe vitamin\u00eb B6. Ka arom\u00eb t\u00eb shijshme portokalli.<\/p>","protected":false},"featured_media":7974,"template":"","meta":[],"product_cat":[114,108,106,96,104],"product_tag":[],"class_list":{"0":"post-7973","1":"product","2":"type-product","3":"status-publish","4":"has-post-thumbnail","6":"product_cat-eshtra-dhe-nyje","7":"product_cat-femije","8":"product_cat-mireqenie-mendore-dhe-fizike","9":"product_cat-olimp","10":"product_cat-shtese-ushqimore","12":"first","13":"instock","14":"taxable","15":"shipping-taxable","16":"purchasable","17":"product-type-simple"},"yoast_head":"<!-- This site is optimized with the Yoast SEO plugin v23.6 - https:\/\/yoast.com\/wordpress\/plugins\/seo\/ -->\n<title>Chela Mag B6\u00ae Junior 15 qese - Alcedrix<\/title>\n<meta name=\"robots\" content=\"index, follow, max-snippet:-1, max-image-preview:large, max-video-preview:-1\" \/>\n<link rel=\"canonical\" href=\"http:\/\/alcedrix.com\/sq\/shop\/chela-mag-150mg-b6-1mg-junior-15-qese-kopje\/\" \/>\n<meta property=\"og:locale\" content=\"sq_AL\" \/>\n<meta property=\"og:type\" content=\"article\" \/>\n<meta property=\"og:title\" content=\"Chela Mag B6\u00ae Junior 15 qese - Alcedrix\" \/>\n<meta property=\"og:description\" content=\"Chela Mag B6\u00ae Junior \u00ebsht\u00eb shtes\u00eb ushqimore n\u00eb form\u00eb t\u00eb pluhurit, i destinuar p\u00ebr f\u00ebmij\u00ebt mbi mosh\u00ebn 3 vje\u00e7are, p\u00ebr t\u00eb ndihmuar n\u00eb plot\u00ebsimin e nevojave t\u00eb trupit p\u00ebr magnez dhe vitamin\u00eb B6. Ka arom\u00eb t\u00eb shijshme portokalli.\" \/>\n<meta property=\"og:url\" content=\"http:\/\/alcedrix.com\/sq\/shop\/chela-mag-150mg-b6-1mg-junior-15-qese-kopje\/\" \/>\n<meta property=\"og:site_name\" content=\"Alcedrix\" \/>\n<meta property=\"article:publisher\" content=\"https:\/\/www.facebook.com\/alcedrix\" \/>\n<meta property=\"article:modified_time\" content=\"2024-07-18T12:10:00+00:00\" \/>\n<meta property=\"og:image\" content=\"http:\/\/alcedrix.com\/wp-content\/uploads\/2023\/09\/chellamag-b6-junior.png\" \/>\n\t<meta property=\"og:image:width\" content=\"600\" \/>\n\t<meta property=\"og:image:height\" content=\"600\" \/>\n\t<meta property=\"og:image:type\" content=\"image\/png\" \/>\n<meta name=\"twitter:card\" content=\"summary_large_image\" \/>\n<meta name=\"twitter:label1\" content=\"Est. reading time\" \/>\n\t<meta name=\"twitter:data1\" content=\"2 minuta\" \/>\n<script type=\"application\/ld+json\" class=\"yoast-schema-graph\">{\"@context\":\"https:\/\/schema.org\",\"@graph\":[{\"@type\":\"WebPage\",\"@id\":\"http:\/\/alcedrix.com\/shop\/chela-mag-150mg-b6-1mg-junior-15-qese-kopje\/\",\"url\":\"http:\/\/alcedrix.com\/shop\/chela-mag-150mg-b6-1mg-junior-15-qese-kopje\/\",\"name\":\"Chela Mag B6\u00ae Junior 15 qese - Alcedrix\",\"isPartOf\":{\"@id\":\"https:\/\/alcedrix.com\/#website\"},\"primaryImageOfPage\":{\"@id\":\"http:\/\/alcedrix.com\/shop\/chela-mag-150mg-b6-1mg-junior-15-qese-kopje\/#primaryimage\"},\"image\":{\"@id\":\"http:\/\/alcedrix.com\/shop\/chela-mag-150mg-b6-1mg-junior-15-qese-kopje\/#primaryimage\"},\"thumbnailUrl\":\"https:\/\/alcedrix.com\/wp-content\/uploads\/2023\/09\/chellamag-b6-junior.png\",\"datePublished\":\"2023-09-11T11:40:23+00:00\",\"dateModified\":\"2024-07-18T12:10:00+00:00\",\"breadcrumb\":{\"@id\":\"http:\/\/alcedrix.com\/shop\/chela-mag-150mg-b6-1mg-junior-15-qese-kopje\/#breadcrumb\"},\"inLanguage\":\"sq\",\"potentialAction\":[{\"@type\":\"ReadAction\",\"target\":[\"http:\/\/alcedrix.com\/shop\/chela-mag-150mg-b6-1mg-junior-15-qese-kopje\/\"]}]},{\"@type\":\"ImageObject\",\"inLanguage\":\"sq\",\"@id\":\"http:\/\/alcedrix.com\/shop\/chela-mag-150mg-b6-1mg-junior-15-qese-kopje\/#primaryimage\",\"url\":\"https:\/\/alcedrix.com\/wp-content\/uploads\/2023\/09\/chellamag-b6-junior.png\",\"contentUrl\":\"https:\/\/alcedrix.com\/wp-content\/uploads\/2023\/09\/chellamag-b6-junior.png\",\"width\":600,\"height\":600},{\"@type\":\"BreadcrumbList\",\"@id\":\"http:\/\/alcedrix.com\/shop\/chela-mag-150mg-b6-1mg-junior-15-qese-kopje\/#breadcrumb\",\"itemListElement\":[{\"@type\":\"ListItem\",\"position\":1,\"name\":\"Home\",\"item\":\"https:\/\/alcedrix.com\/\"},{\"@type\":\"ListItem\",\"position\":2,\"name\":\"Shop\",\"item\":\"https:\/\/alcedrix.com\/shop\/\"},{\"@type\":\"ListItem\",\"position\":3,\"name\":\"Chela Mag B6\u00ae Junior 15 qese\"}]},{\"@type\":\"WebSite\",\"@id\":\"https:\/\/alcedrix.com\/#website\",\"url\":\"https:\/\/alcedrix.com\/\",\"name\":\"Alcedrix\",\"description\":\"Alcedrix\",\"publisher\":{\"@id\":\"https:\/\/alcedrix.com\/#organization\"},\"potentialAction\":[{\"@type\":\"SearchAction\",\"target\":{\"@type\":\"EntryPoint\",\"urlTemplate\":\"https:\/\/alcedrix.com\/?s={search_term_string}\"},\"query-input\":{\"@type\":\"PropertyValueSpecification\",\"valueRequired\":true,\"valueName\":\"search_term_string\"}}],\"inLanguage\":\"sq\"},{\"@type\":\"Organization\",\"@id\":\"https:\/\/alcedrix.com\/#organization\",\"name\":\"Alcedrix\",\"url\":\"https:\/\/alcedrix.com\/\",\"logo\":{\"@type\":\"ImageObject\",\"inLanguage\":\"sq\",\"@id\":\"https:\/\/alcedrix.com\/#\/schema\/logo\/image\/\",\"url\":\"http:\/\/3.126.27.25\/wp-content\/uploads\/2023\/08\/logo-web.png\",\"contentUrl\":\"http:\/\/3.126.27.25\/wp-content\/uploads\/2023\/08\/logo-web.png\",\"width\":492,\"height\":93,\"caption\":\"Alcedrix\"},\"image\":{\"@id\":\"https:\/\/alcedrix.com\/#\/schema\/logo\/image\/\"},\"sameAs\":[\"https:\/\/www.facebook.com\/alcedrix\",\"https:\/\/www.instagram.com\/alcedrix\"]}]}<\/script>\n<!-- \/ Yoast SEO plugin. -->","yoast_head_json":{"title":"Chela Mag B6\u00ae Junior 15 qese - Alcedrix","robots":{"index":"index","follow":"follow","max-snippet":"max-snippet:-1","max-image-preview":"max-image-preview:large","max-video-preview":"max-video-preview:-1"},"canonical":"http:\/\/alcedrix.com\/sq\/shop\/chela-mag-150mg-b6-1mg-junior-15-qese-kopje\/","og_locale":"sq_AL","og_type":"article","og_title":"Chela Mag B6\u00ae Junior 15 qese - Alcedrix","og_description":"Chela Mag B6\u00ae Junior \u00ebsht\u00eb shtes\u00eb ushqimore n\u00eb form\u00eb t\u00eb pluhurit, i destinuar p\u00ebr f\u00ebmij\u00ebt mbi mosh\u00ebn 3 vje\u00e7are, p\u00ebr t\u00eb ndihmuar n\u00eb plot\u00ebsimin e nevojave t\u00eb trupit p\u00ebr magnez dhe vitamin\u00eb B6. Ka arom\u00eb t\u00eb shijshme portokalli.","og_url":"http:\/\/alcedrix.com\/sq\/shop\/chela-mag-150mg-b6-1mg-junior-15-qese-kopje\/","og_site_name":"Alcedrix","article_publisher":"https:\/\/www.facebook.com\/alcedrix","article_modified_time":"2024-07-18T12:10:00+00:00","og_image":[{"width":600,"height":600,"url":"http:\/\/alcedrix.com\/wp-content\/uploads\/2023\/09\/chellamag-b6-junior.png","type":"image\/png"}],"twitter_card":"summary_large_image","twitter_misc":{"Est. reading time":"2 minuta"},"schema":{"@context":"https:\/\/schema.org","@graph":[{"@type":"WebPage","@id":"http:\/\/alcedrix.com\/shop\/chela-mag-150mg-b6-1mg-junior-15-qese-kopje\/","url":"http:\/\/alcedrix.com\/shop\/chela-mag-150mg-b6-1mg-junior-15-qese-kopje\/","name":"Chela Mag B6\u00ae Junior 15 qese - Alcedrix","isPartOf":{"@id":"https:\/\/alcedrix.com\/#website"},"primaryImageOfPage":{"@id":"http:\/\/alcedrix.com\/shop\/chela-mag-150mg-b6-1mg-junior-15-qese-kopje\/#primaryimage"},"image":{"@id":"http:\/\/alcedrix.com\/shop\/chela-mag-150mg-b6-1mg-junior-15-qese-kopje\/#primaryimage"},"thumbnailUrl":"https:\/\/alcedrix.com\/wp-content\/uploads\/2023\/09\/chellamag-b6-junior.png","datePublished":"2023-09-11T11:40:23+00:00","dateModified":"2024-07-18T12:10:00+00:00","breadcrumb":{"@id":"http:\/\/alcedrix.com\/shop\/chela-mag-150mg-b6-1mg-junior-15-qese-kopje\/#breadcrumb"},"inLanguage":"sq","potentialAction":[{"@type":"ReadAction","target":["http:\/\/alcedrix.com\/shop\/chela-mag-150mg-b6-1mg-junior-15-qese-kopje\/"]}]},{"@type":"ImageObject","inLanguage":"sq","@id":"http:\/\/alcedrix.com\/shop\/chela-mag-150mg-b6-1mg-junior-15-qese-kopje\/#primaryimage","url":"https:\/\/alcedrix.com\/wp-content\/uploads\/2023\/09\/chellamag-b6-junior.png","contentUrl":"https:\/\/alcedrix.com\/wp-content\/uploads\/2023\/09\/chellamag-b6-junior.png","width":600,"height":600},{"@type":"BreadcrumbList","@id":"http:\/\/alcedrix.com\/shop\/chela-mag-150mg-b6-1mg-junior-15-qese-kopje\/#breadcrumb","itemListElement":[{"@type":"ListItem","position":1,"name":"Home","item":"https:\/\/alcedrix.com\/"},{"@type":"ListItem","position":2,"name":"Shop","item":"https:\/\/alcedrix.com\/shop\/"},{"@type":"ListItem","position":3,"name":"Chela Mag B6\u00ae Junior 15 qese"}]},{"@type":"WebSite","@id":"https:\/\/alcedrix.com\/#website","url":"https:\/\/alcedrix.com\/","name":"Alcedrix","description":"Alcedrix","publisher":{"@id":"https:\/\/alcedrix.com\/#organization"},"potentialAction":[{"@type":"SearchAction","target":{"@type":"EntryPoint","urlTemplate":"https:\/\/alcedrix.com\/?s={search_term_string}"},"query-input":{"@type":"PropertyValueSpecification","valueRequired":true,"valueName":"search_term_string"}}],"inLanguage":"sq"},{"@type":"Organization","@id":"https:\/\/alcedrix.com\/#organization","name":"Alcedrix","url":"https:\/\/alcedrix.com\/","logo":{"@type":"ImageObject","inLanguage":"sq","@id":"https:\/\/alcedrix.com\/#\/schema\/logo\/image\/","url":"http:\/\/3.126.27.25\/wp-content\/uploads\/2023\/08\/logo-web.png","contentUrl":"http:\/\/3.126.27.25\/wp-content\/uploads\/2023\/08\/logo-web.png","width":492,"height":93,"caption":"Alcedrix"},"image":{"@id":"https:\/\/alcedrix.com\/#\/schema\/logo\/image\/"},"sameAs":["https:\/\/www.facebook.com\/alcedrix","https:\/\/www.instagram.com\/alcedrix"]}]}},"_links":{"self":[{"href":"https:\/\/alcedrix.com\/sq\/wp-json\/wp\/v2\/product\/7973"}],"collection":[{"href":"https:\/\/alcedrix.com\/sq\/wp-json\/wp\/v2\/product"}],"about":[{"href":"https:\/\/alcedrix.com\/sq\/wp-json\/wp\/v2\/types\/product"}],"version-history":[{"count":1,"href":"https:\/\/alcedrix.com\/sq\/wp-json\/wp\/v2\/product\/7973\/revisions"}],"predecessor-version":[{"id":9360,"href":"https:\/\/alcedrix.com\/sq\/wp-json\/wp\/v2\/product\/7973\/revisions\/9360"}],"wp:featuredmedia":[{"embeddable":true,"href":"https:\/\/alcedrix.com\/sq\/wp-json\/wp\/v2\/media\/7974"}],"wp:attachment":[{"href":"https:\/\/alcedrix.com\/sq\/wp-json\/wp\/v2\/media?parent=7973"}],"wp:term":[{"taxonomy":"product_cat","embeddable":true,"href":"https:\/\/alcedrix.com\/sq\/wp-json\/wp\/v2\/product_cat?post=7973"},{"taxonomy":"product_tag","embeddable":true,"href":"https:\/\/alcedrix.com\/sq\/wp-json\/wp\/v2\/product_tag?post=7973"}],"curies":[{"name":"wp","href":"https:\/\/api.w.org\/{rel}","templated":true}]}}