{"id":7971,"date":"2023-09-11T11:35:19","date_gmt":"2023-09-11T11:35:19","guid":{"rendered":"http:\/\/3.126.27.25\/?post_type=product&#038;p=7971"},"modified":"2024-07-18T11:56:00","modified_gmt":"2024-07-18T11:56:00","slug":"calvita-20tbl","status":"publish","type":"product","link":"https:\/\/alcedrix.com\/sq\/shop\/calvita-20tbl\/","title":{"rendered":"CalVita\u00ae 20 Tableta"},"content":{"rendered":"<p>CalVita\u00ae \u00ebsht\u00eb shtes\u00eb ushqimore me baz\u00eb t\u00eb 6 krip\u00ebrave t\u00eb kalciumit me p\u00ebrthithje t\u00eb lart\u00eb, q\u00eb fal\u00eb kombinimit t\u00eb tij me fosfor, vitamin\u00ebs D3 dhe ekstraktit t\u00eb that\u00eb t\u00eb bambus\u00eb, ndihmon n\u00eb ruajtjen e sh\u00ebndetit t\u00eb kockave n\u00eb gjendje t\u00eb mir\u00eb.<\/p>\n<p>Nj\u00eb m\u00ebnyr\u00eb jetese aktive, p\u00ebrve\u00e7 nj\u00eb diete t\u00eb sh\u00ebndetshme, do t\u00eb na ndihmoj\u00eb t\u00eb luftojm\u00eb \u00e7do lloj problemi kockor. P\u00ebrve\u00e7 k\u00ebsaj, CalVita, fal\u00eb p\u00ebrb\u00ebr\u00ebsve, ka rol ky\u00e7 biologjik n\u00eb parandalimin e ng\u00ebrr\u00e7eve t\u00eb muskujve, n\u00eb neuro-transmision, n\u00eb proceset e koagulimit dhe si p\u00ebr\u00e7ues enzimatik\u00eb. Nga ana tjet\u00ebr, vitamina D ndihmon n\u00eb p\u00ebrthithjen e kalciumit t\u00eb siguruar nga krip\u00ebrat e tjera. N\u00eb munges\u00eb t\u00eb saj, mund t\u00eb shfaqen s\u00ebmundje si osteoporoza ose rakitisi. Kjo vitamin\u00eb \u00ebsht\u00eb gjithashtu e p\u00ebrfshir\u00eb n\u00eb mir\u00ebqenien e sistemit nervor, muskulor dhe imunitar.<\/p>\n<p><strong>Rekomandohet p\u00ebr:<\/strong><\/p>\n<ul>\n<li>Thithjen e kalciumit para shtatz\u00ebnis\u00eb, pas gjidh\u00ebnies dhe gjat\u00eb menopauz\u00ebs.<\/li>\n<li>Personat q\u00eb vuajn\u00eb nga \u00e7rregullimet e eshtrave dhe nyjave (artrozat, osteoporozat, etj.).<\/li>\n<li>Forcimin e dh\u00ebmb\u00ebve pas lindjes.<\/li>\n<li>Rritjen e kalciumit n\u00eb gjak (hypocalcemia).<\/li>\n<li>Forcimin e eshtrave n\u00eb fetus.<\/li>\n<li>Osteoporoz\u00ebs t\u00eb shkaktuar nga mosha dhe p\u00ebrdorimi i bar\u00ebrave kortikosteroide.<\/li>\n<li>Reduktimin e simptomave t\u00eb PGD \u2013 Parathyroid Gland Disorder (hiperparatiroidizmi) duke ulur nivelin e hormoneve para tiroide.<\/li>\n<li>Reduktimin e simptomave t\u00eb Sindrom\u00ebs Para menstruale.<\/li>\n<\/ul>\n<p><strong>M\u00ebnyra e p\u00ebrdorimit:<\/strong> 1-2 tableta n\u00eb dit\u00eb. Rekomandohet t\u00eb konsumohet me ushqim duke e shoq\u00ebruar me nj\u00eb got\u00eb uj\u00eb.<\/p>","protected":false},"excerpt":{"rendered":"<p>Kocka t\u00eb forta fal\u00eb 6 krip\u00ebrave t\u00eb kalciumit me p\u00ebrthithje t\u00eb lart\u00eb.<\/p>","protected":false},"featured_media":7972,"template":"","meta":[],"product_cat":[114,104,101,95],"product_tag":[],"class_list":{"0":"post-7971","1":"product","2":"type-product","3":"status-publish","4":"has-post-thumbnail","6":"product_cat-eshtra-dhe-nyje","7":"product_cat-shtese-ushqimore","8":"product_cat-te-rritur","9":"product_cat-vitae","11":"first","12":"instock","13":"taxable","14":"shipping-taxable","15":"purchasable","16":"product-type-simple"},"yoast_head":"<!-- This site is optimized with the Yoast SEO plugin v23.6 - https:\/\/yoast.com\/wordpress\/plugins\/seo\/ -->\n<title>CalVita\u00ae 20 Tableta - Alcedrix<\/title>\n<meta name=\"robots\" content=\"index, follow, max-snippet:-1, max-image-preview:large, max-video-preview:-1\" \/>\n<link rel=\"canonical\" href=\"https:\/\/alcedrix.com\/sq\/shop\/calvita-20tbl\/\" \/>\n<meta property=\"og:locale\" content=\"sq_AL\" \/>\n<meta property=\"og:type\" content=\"article\" \/>\n<meta property=\"og:title\" content=\"CalVita\u00ae 20 Tableta - Alcedrix\" \/>\n<meta property=\"og:description\" content=\"Kocka t\u00eb forta fal\u00eb 6 krip\u00ebrave t\u00eb kalciumit me p\u00ebrthithje t\u00eb lart\u00eb.\" \/>\n<meta property=\"og:url\" content=\"https:\/\/alcedrix.com\/sq\/shop\/calvita-20tbl\/\" \/>\n<meta property=\"og:site_name\" content=\"Alcedrix\" \/>\n<meta property=\"article:publisher\" content=\"https:\/\/www.facebook.com\/alcedrix\" \/>\n<meta property=\"article:modified_time\" content=\"2024-07-18T11:56:00+00:00\" \/>\n<meta property=\"og:image\" content=\"https:\/\/alcedrix.com\/wp-content\/uploads\/2023\/09\/calvita20.png\" \/>\n\t<meta property=\"og:image:width\" content=\"600\" \/>\n\t<meta property=\"og:image:height\" content=\"600\" \/>\n\t<meta property=\"og:image:type\" content=\"image\/png\" \/>\n<meta name=\"twitter:card\" content=\"summary_large_image\" \/>\n<meta name=\"twitter:label1\" content=\"Est. reading time\" \/>\n\t<meta name=\"twitter:data1\" content=\"1 minut\u00eb\" \/>\n<script type=\"application\/ld+json\" class=\"yoast-schema-graph\">{\"@context\":\"https:\/\/schema.org\",\"@graph\":[{\"@type\":\"WebPage\",\"@id\":\"https:\/\/alcedrix.com\/shop\/calvita-20tbl\/\",\"url\":\"https:\/\/alcedrix.com\/shop\/calvita-20tbl\/\",\"name\":\"CalVita\u00ae 20 Tableta - Alcedrix\",\"isPartOf\":{\"@id\":\"https:\/\/alcedrix.com\/#website\"},\"primaryImageOfPage\":{\"@id\":\"https:\/\/alcedrix.com\/shop\/calvita-20tbl\/#primaryimage\"},\"image\":{\"@id\":\"https:\/\/alcedrix.com\/shop\/calvita-20tbl\/#primaryimage\"},\"thumbnailUrl\":\"https:\/\/alcedrix.com\/wp-content\/uploads\/2023\/09\/calvita20.png\",\"datePublished\":\"2023-09-11T11:35:19+00:00\",\"dateModified\":\"2024-07-18T11:56:00+00:00\",\"breadcrumb\":{\"@id\":\"https:\/\/alcedrix.com\/shop\/calvita-20tbl\/#breadcrumb\"},\"inLanguage\":\"sq\",\"potentialAction\":[{\"@type\":\"ReadAction\",\"target\":[\"https:\/\/alcedrix.com\/shop\/calvita-20tbl\/\"]}]},{\"@type\":\"ImageObject\",\"inLanguage\":\"sq\",\"@id\":\"https:\/\/alcedrix.com\/shop\/calvita-20tbl\/#primaryimage\",\"url\":\"https:\/\/alcedrix.com\/wp-content\/uploads\/2023\/09\/calvita20.png\",\"contentUrl\":\"https:\/\/alcedrix.com\/wp-content\/uploads\/2023\/09\/calvita20.png\",\"width\":600,\"height\":600},{\"@type\":\"BreadcrumbList\",\"@id\":\"https:\/\/alcedrix.com\/shop\/calvita-20tbl\/#breadcrumb\",\"itemListElement\":[{\"@type\":\"ListItem\",\"position\":1,\"name\":\"Home\",\"item\":\"https:\/\/alcedrix.com\/\"},{\"@type\":\"ListItem\",\"position\":2,\"name\":\"Shop\",\"item\":\"https:\/\/alcedrix.com\/shop\/\"},{\"@type\":\"ListItem\",\"position\":3,\"name\":\"CalVita\u00ae 20 Tableta\"}]},{\"@type\":\"WebSite\",\"@id\":\"https:\/\/alcedrix.com\/#website\",\"url\":\"https:\/\/alcedrix.com\/\",\"name\":\"Alcedrix\",\"description\":\"Alcedrix\",\"publisher\":{\"@id\":\"https:\/\/alcedrix.com\/#organization\"},\"potentialAction\":[{\"@type\":\"SearchAction\",\"target\":{\"@type\":\"EntryPoint\",\"urlTemplate\":\"https:\/\/alcedrix.com\/?s={search_term_string}\"},\"query-input\":{\"@type\":\"PropertyValueSpecification\",\"valueRequired\":true,\"valueName\":\"search_term_string\"}}],\"inLanguage\":\"sq\"},{\"@type\":\"Organization\",\"@id\":\"https:\/\/alcedrix.com\/#organization\",\"name\":\"Alcedrix\",\"url\":\"https:\/\/alcedrix.com\/\",\"logo\":{\"@type\":\"ImageObject\",\"inLanguage\":\"sq\",\"@id\":\"https:\/\/alcedrix.com\/#\/schema\/logo\/image\/\",\"url\":\"http:\/\/3.126.27.25\/wp-content\/uploads\/2023\/08\/logo-web.png\",\"contentUrl\":\"http:\/\/3.126.27.25\/wp-content\/uploads\/2023\/08\/logo-web.png\",\"width\":492,\"height\":93,\"caption\":\"Alcedrix\"},\"image\":{\"@id\":\"https:\/\/alcedrix.com\/#\/schema\/logo\/image\/\"},\"sameAs\":[\"https:\/\/www.facebook.com\/alcedrix\",\"https:\/\/www.instagram.com\/alcedrix\"]}]}<\/script>\n<!-- \/ Yoast SEO plugin. -->","yoast_head_json":{"title":"CalVita\u00ae 20 Tableta - Alcedrix","robots":{"index":"index","follow":"follow","max-snippet":"max-snippet:-1","max-image-preview":"max-image-preview:large","max-video-preview":"max-video-preview:-1"},"canonical":"https:\/\/alcedrix.com\/sq\/shop\/calvita-20tbl\/","og_locale":"sq_AL","og_type":"article","og_title":"CalVita\u00ae 20 Tableta - Alcedrix","og_description":"Kocka t\u00eb forta fal\u00eb 6 krip\u00ebrave t\u00eb kalciumit me p\u00ebrthithje t\u00eb lart\u00eb.","og_url":"https:\/\/alcedrix.com\/sq\/shop\/calvita-20tbl\/","og_site_name":"Alcedrix","article_publisher":"https:\/\/www.facebook.com\/alcedrix","article_modified_time":"2024-07-18T11:56:00+00:00","og_image":[{"width":600,"height":600,"url":"https:\/\/alcedrix.com\/wp-content\/uploads\/2023\/09\/calvita20.png","type":"image\/png"}],"twitter_card":"summary_large_image","twitter_misc":{"Est. reading time":"1 minut\u00eb"},"schema":{"@context":"https:\/\/schema.org","@graph":[{"@type":"WebPage","@id":"https:\/\/alcedrix.com\/shop\/calvita-20tbl\/","url":"https:\/\/alcedrix.com\/shop\/calvita-20tbl\/","name":"CalVita\u00ae 20 Tableta - Alcedrix","isPartOf":{"@id":"https:\/\/alcedrix.com\/#website"},"primaryImageOfPage":{"@id":"https:\/\/alcedrix.com\/shop\/calvita-20tbl\/#primaryimage"},"image":{"@id":"https:\/\/alcedrix.com\/shop\/calvita-20tbl\/#primaryimage"},"thumbnailUrl":"https:\/\/alcedrix.com\/wp-content\/uploads\/2023\/09\/calvita20.png","datePublished":"2023-09-11T11:35:19+00:00","dateModified":"2024-07-18T11:56:00+00:00","breadcrumb":{"@id":"https:\/\/alcedrix.com\/shop\/calvita-20tbl\/#breadcrumb"},"inLanguage":"sq","potentialAction":[{"@type":"ReadAction","target":["https:\/\/alcedrix.com\/shop\/calvita-20tbl\/"]}]},{"@type":"ImageObject","inLanguage":"sq","@id":"https:\/\/alcedrix.com\/shop\/calvita-20tbl\/#primaryimage","url":"https:\/\/alcedrix.com\/wp-content\/uploads\/2023\/09\/calvita20.png","contentUrl":"https:\/\/alcedrix.com\/wp-content\/uploads\/2023\/09\/calvita20.png","width":600,"height":600},{"@type":"BreadcrumbList","@id":"https:\/\/alcedrix.com\/shop\/calvita-20tbl\/#breadcrumb","itemListElement":[{"@type":"ListItem","position":1,"name":"Home","item":"https:\/\/alcedrix.com\/"},{"@type":"ListItem","position":2,"name":"Shop","item":"https:\/\/alcedrix.com\/shop\/"},{"@type":"ListItem","position":3,"name":"CalVita\u00ae 20 Tableta"}]},{"@type":"WebSite","@id":"https:\/\/alcedrix.com\/#website","url":"https:\/\/alcedrix.com\/","name":"Alcedrix","description":"Alcedrix","publisher":{"@id":"https:\/\/alcedrix.com\/#organization"},"potentialAction":[{"@type":"SearchAction","target":{"@type":"EntryPoint","urlTemplate":"https:\/\/alcedrix.com\/?s={search_term_string}"},"query-input":{"@type":"PropertyValueSpecification","valueRequired":true,"valueName":"search_term_string"}}],"inLanguage":"sq"},{"@type":"Organization","@id":"https:\/\/alcedrix.com\/#organization","name":"Alcedrix","url":"https:\/\/alcedrix.com\/","logo":{"@type":"ImageObject","inLanguage":"sq","@id":"https:\/\/alcedrix.com\/#\/schema\/logo\/image\/","url":"http:\/\/3.126.27.25\/wp-content\/uploads\/2023\/08\/logo-web.png","contentUrl":"http:\/\/3.126.27.25\/wp-content\/uploads\/2023\/08\/logo-web.png","width":492,"height":93,"caption":"Alcedrix"},"image":{"@id":"https:\/\/alcedrix.com\/#\/schema\/logo\/image\/"},"sameAs":["https:\/\/www.facebook.com\/alcedrix","https:\/\/www.instagram.com\/alcedrix"]}]}},"_links":{"self":[{"href":"https:\/\/alcedrix.com\/sq\/wp-json\/wp\/v2\/product\/7971"}],"collection":[{"href":"https:\/\/alcedrix.com\/sq\/wp-json\/wp\/v2\/product"}],"about":[{"href":"https:\/\/alcedrix.com\/sq\/wp-json\/wp\/v2\/types\/product"}],"version-history":[{"count":1,"href":"https:\/\/alcedrix.com\/sq\/wp-json\/wp\/v2\/product\/7971\/revisions"}],"predecessor-version":[{"id":9358,"href":"https:\/\/alcedrix.com\/sq\/wp-json\/wp\/v2\/product\/7971\/revisions\/9358"}],"wp:featuredmedia":[{"embeddable":true,"href":"https:\/\/alcedrix.com\/sq\/wp-json\/wp\/v2\/media\/7972"}],"wp:attachment":[{"href":"https:\/\/alcedrix.com\/sq\/wp-json\/wp\/v2\/media?parent=7971"}],"wp:term":[{"taxonomy":"product_cat","embeddable":true,"href":"https:\/\/alcedrix.com\/sq\/wp-json\/wp\/v2\/product_cat?post=7971"},{"taxonomy":"product_tag","embeddable":true,"href":"https:\/\/alcedrix.com\/sq\/wp-json\/wp\/v2\/product_tag?post=7971"}],"curies":[{"name":"wp","href":"https:\/\/api.w.org\/{rel}","templated":true}]}}