{"id":7910,"date":"2023-09-07T12:45:26","date_gmt":"2023-09-07T12:45:26","guid":{"rendered":"http:\/\/3.126.27.25\/?post_type=product&#038;p=7910"},"modified":"2024-07-16T14:41:43","modified_gmt":"2024-07-16T14:41:43","slug":"calmiderm","status":"publish","type":"product","link":"https:\/\/alcedrix.com\/sq\/shop\/calmiderm\/","title":{"rendered":"Calmiderm\u00ae Cream 40g"},"content":{"rendered":"<p><strong>Calmiderm Cream 40g<\/strong> ndihmon n\u00eb rregullimin e ekuilibrit t\u00eb l\u00ebkur\u00ebs, qet\u00ebson kruarjen dhe leht\u00ebson irritimet si: skuqjet e l\u00ebkur\u00ebs, g\u00ebrvishtjet, kruarjet, pickimet e insekteve dhe bim\u00ebve, acarimet e t\u00eb ftohtit dhe diellit, l\u00ebkurat e thata, duart e plasaritura, k\u00ebmb\u00ebt e lodhura.<\/p>\n<p>&nbsp;<\/p>\n<p>Calmiderm p\u00ebrmban Kamomila (Matricaria chamomilla tinctura), Kalendula (Calendula officinalis tinctura) Livanda (Lavandula angustifolia).<\/p>\n<p>&nbsp;<\/p>\n<p>Kamomila qet\u00ebson dhe leht\u00ebson skuqjen dhe \u00ebnjtjen e l\u00ebkur\u00ebs. N\u00eb rast acarimesh dhe pickimi nga insektet ose bim\u00ebt, kalendula ka nj\u00eb efekt mbrojt\u00ebs dhe qet\u00ebsues n\u00eb epiderm\u00eb. Livanda qet\u00ebson dhe ndihmon n\u00eb rigjenerimin e l\u00ebkur\u00ebs.<\/p>\n<p>&nbsp;<\/p>\n<p>\u00cbsht\u00eb i p\u00ebrshtatsh\u00ebm p\u00ebr foshnja, f\u00ebmij\u00eb, gra shtat\u00ebz\u00ebna dhe gji-dh\u00ebn\u00ebse.<\/p>\n<p>&nbsp;<\/p>\n<p><strong>M\u00ebnyra e p\u00ebrdorimit:<\/strong> T\u00eb rriturit dhe f\u00ebmij\u00ebt\u00a0\u2013 Aplikoni nj\u00eb shtres\u00eb t\u00eb holl\u00eb Calmiderm dhe f\u00ebrkojeni n\u00eb l\u00ebkur\u00eb.<\/p>\n<p>P\u00ebr rezultate m\u00eb t\u00eb mira, p\u00ebrs\u00ebriteni disa her\u00eb n\u00eb dit\u00eb. Calmiderm dep\u00ebrton me shpejt\u00ebsi n\u00eb l\u00ebkur\u00eb dhe nuk l\u00eb asnj\u00eb gjurm\u00eb. Mentoli jep nj\u00eb ndjenj\u00eb t\u00eb k\u00ebndshme freskie.<\/p>\n<p>Baza e Calmiderm \u00ebsht\u00eb nj\u00eb krem\u00eb q\u00eb hidraton epiderm\u00ebn. Prandaj \u00ebsht\u00eb i p\u00ebrshtatsh\u00ebm edhe p\u00ebr l\u00ebkur\u00eb t\u00eb that\u00eb dhe t\u00eb irrituar.<\/p>","protected":false},"excerpt":{"rendered":"<p>CALENDULA CHAMOMILE LAVANDER. Krem\u00eb p\u00ebr t\u00eb gjitha irritimet e l\u00ebkur\u00ebs!<\/p>\n<p>3 n\u00eb 1: Qet\u00ebson, hidraton dhe riparon l\u00ebkur\u00ebn.<\/p>","protected":false},"featured_media":7911,"template":"","meta":[],"product_cat":[108,107,118,102,101,99],"product_tag":[128],"class_list":{"0":"post-7910","1":"product","2":"type-product","3":"status-publish","4":"has-post-thumbnail","6":"product_cat-femije","7":"product_cat-foshnje","8":"product_cat-kozmetike","9":"product_cat-lekura-dhe-floku","10":"product_cat-te-rritur","11":"product_cat-tilman","12":"product_tag-new1","14":"first","15":"instock","16":"taxable","17":"shipping-taxable","18":"purchasable","19":"product-type-simple"},"yoast_head":"<!-- This site is optimized with the Yoast SEO plugin v23.6 - https:\/\/yoast.com\/wordpress\/plugins\/seo\/ -->\n<title>Calmiderm\u00ae Cream 40g - Alcedrix<\/title>\n<meta name=\"robots\" content=\"index, follow, max-snippet:-1, max-image-preview:large, max-video-preview:-1\" \/>\n<link rel=\"canonical\" href=\"https:\/\/alcedrix.com\/sq\/shop\/calmiderm\/\" \/>\n<meta property=\"og:locale\" content=\"sq_AL\" \/>\n<meta property=\"og:type\" content=\"article\" \/>\n<meta property=\"og:title\" content=\"Calmiderm\u00ae Cream 40g - Alcedrix\" \/>\n<meta property=\"og:description\" content=\"CALENDULA CHAMOMILE LAVANDER. Krem\u00eb p\u00ebr t\u00eb gjitha irritimet e l\u00ebkur\u00ebs!  3 n\u00eb 1: Qet\u00ebson, hidraton dhe riparon l\u00ebkur\u00ebn.\" \/>\n<meta property=\"og:url\" content=\"https:\/\/alcedrix.com\/sq\/shop\/calmiderm\/\" \/>\n<meta property=\"og:site_name\" content=\"Alcedrix\" \/>\n<meta property=\"article:publisher\" content=\"https:\/\/www.facebook.com\/alcedrix\" \/>\n<meta property=\"article:modified_time\" content=\"2024-07-16T14:41:43+00:00\" \/>\n<meta property=\"og:image\" content=\"https:\/\/alcedrix.com\/wp-content\/uploads\/2023\/09\/calmiderm.png\" \/>\n\t<meta property=\"og:image:width\" content=\"600\" \/>\n\t<meta property=\"og:image:height\" content=\"600\" \/>\n\t<meta property=\"og:image:type\" content=\"image\/png\" \/>\n<meta name=\"twitter:card\" content=\"summary_large_image\" \/>\n<meta name=\"twitter:label1\" content=\"Est. reading time\" \/>\n\t<meta name=\"twitter:data1\" content=\"1 minut\u00eb\" \/>\n<script type=\"application\/ld+json\" class=\"yoast-schema-graph\">{\"@context\":\"https:\/\/schema.org\",\"@graph\":[{\"@type\":\"WebPage\",\"@id\":\"https:\/\/alcedrix.com\/shop\/calmiderm\/\",\"url\":\"https:\/\/alcedrix.com\/shop\/calmiderm\/\",\"name\":\"Calmiderm\u00ae Cream 40g - Alcedrix\",\"isPartOf\":{\"@id\":\"https:\/\/alcedrix.com\/#website\"},\"primaryImageOfPage\":{\"@id\":\"https:\/\/alcedrix.com\/shop\/calmiderm\/#primaryimage\"},\"image\":{\"@id\":\"https:\/\/alcedrix.com\/shop\/calmiderm\/#primaryimage\"},\"thumbnailUrl\":\"https:\/\/alcedrix.com\/wp-content\/uploads\/2023\/09\/calmiderm.png\",\"datePublished\":\"2023-09-07T12:45:26+00:00\",\"dateModified\":\"2024-07-16T14:41:43+00:00\",\"breadcrumb\":{\"@id\":\"https:\/\/alcedrix.com\/shop\/calmiderm\/#breadcrumb\"},\"inLanguage\":\"sq\",\"potentialAction\":[{\"@type\":\"ReadAction\",\"target\":[\"https:\/\/alcedrix.com\/shop\/calmiderm\/\"]}]},{\"@type\":\"ImageObject\",\"inLanguage\":\"sq\",\"@id\":\"https:\/\/alcedrix.com\/shop\/calmiderm\/#primaryimage\",\"url\":\"https:\/\/alcedrix.com\/wp-content\/uploads\/2023\/09\/calmiderm.png\",\"contentUrl\":\"https:\/\/alcedrix.com\/wp-content\/uploads\/2023\/09\/calmiderm.png\",\"width\":600,\"height\":600},{\"@type\":\"BreadcrumbList\",\"@id\":\"https:\/\/alcedrix.com\/shop\/calmiderm\/#breadcrumb\",\"itemListElement\":[{\"@type\":\"ListItem\",\"position\":1,\"name\":\"Home\",\"item\":\"https:\/\/alcedrix.com\/\"},{\"@type\":\"ListItem\",\"position\":2,\"name\":\"Shop\",\"item\":\"https:\/\/alcedrix.com\/shop\/\"},{\"@type\":\"ListItem\",\"position\":3,\"name\":\"Calmiderm\u00ae Cream 40g\"}]},{\"@type\":\"WebSite\",\"@id\":\"https:\/\/alcedrix.com\/#website\",\"url\":\"https:\/\/alcedrix.com\/\",\"name\":\"Alcedrix\",\"description\":\"Alcedrix\",\"publisher\":{\"@id\":\"https:\/\/alcedrix.com\/#organization\"},\"potentialAction\":[{\"@type\":\"SearchAction\",\"target\":{\"@type\":\"EntryPoint\",\"urlTemplate\":\"https:\/\/alcedrix.com\/?s={search_term_string}\"},\"query-input\":{\"@type\":\"PropertyValueSpecification\",\"valueRequired\":true,\"valueName\":\"search_term_string\"}}],\"inLanguage\":\"sq\"},{\"@type\":\"Organization\",\"@id\":\"https:\/\/alcedrix.com\/#organization\",\"name\":\"Alcedrix\",\"url\":\"https:\/\/alcedrix.com\/\",\"logo\":{\"@type\":\"ImageObject\",\"inLanguage\":\"sq\",\"@id\":\"https:\/\/alcedrix.com\/#\/schema\/logo\/image\/\",\"url\":\"http:\/\/3.126.27.25\/wp-content\/uploads\/2023\/08\/logo-web.png\",\"contentUrl\":\"http:\/\/3.126.27.25\/wp-content\/uploads\/2023\/08\/logo-web.png\",\"width\":492,\"height\":93,\"caption\":\"Alcedrix\"},\"image\":{\"@id\":\"https:\/\/alcedrix.com\/#\/schema\/logo\/image\/\"},\"sameAs\":[\"https:\/\/www.facebook.com\/alcedrix\",\"https:\/\/www.instagram.com\/alcedrix\"]}]}<\/script>\n<!-- \/ Yoast SEO plugin. -->","yoast_head_json":{"title":"Calmiderm\u00ae Cream 40g - Alcedrix","robots":{"index":"index","follow":"follow","max-snippet":"max-snippet:-1","max-image-preview":"max-image-preview:large","max-video-preview":"max-video-preview:-1"},"canonical":"https:\/\/alcedrix.com\/sq\/shop\/calmiderm\/","og_locale":"sq_AL","og_type":"article","og_title":"Calmiderm\u00ae Cream 40g - Alcedrix","og_description":"CALENDULA CHAMOMILE LAVANDER. Krem\u00eb p\u00ebr t\u00eb gjitha irritimet e l\u00ebkur\u00ebs!  3 n\u00eb 1: Qet\u00ebson, hidraton dhe riparon l\u00ebkur\u00ebn.","og_url":"https:\/\/alcedrix.com\/sq\/shop\/calmiderm\/","og_site_name":"Alcedrix","article_publisher":"https:\/\/www.facebook.com\/alcedrix","article_modified_time":"2024-07-16T14:41:43+00:00","og_image":[{"width":600,"height":600,"url":"https:\/\/alcedrix.com\/wp-content\/uploads\/2023\/09\/calmiderm.png","type":"image\/png"}],"twitter_card":"summary_large_image","twitter_misc":{"Est. reading time":"1 minut\u00eb"},"schema":{"@context":"https:\/\/schema.org","@graph":[{"@type":"WebPage","@id":"https:\/\/alcedrix.com\/shop\/calmiderm\/","url":"https:\/\/alcedrix.com\/shop\/calmiderm\/","name":"Calmiderm\u00ae Cream 40g - Alcedrix","isPartOf":{"@id":"https:\/\/alcedrix.com\/#website"},"primaryImageOfPage":{"@id":"https:\/\/alcedrix.com\/shop\/calmiderm\/#primaryimage"},"image":{"@id":"https:\/\/alcedrix.com\/shop\/calmiderm\/#primaryimage"},"thumbnailUrl":"https:\/\/alcedrix.com\/wp-content\/uploads\/2023\/09\/calmiderm.png","datePublished":"2023-09-07T12:45:26+00:00","dateModified":"2024-07-16T14:41:43+00:00","breadcrumb":{"@id":"https:\/\/alcedrix.com\/shop\/calmiderm\/#breadcrumb"},"inLanguage":"sq","potentialAction":[{"@type":"ReadAction","target":["https:\/\/alcedrix.com\/shop\/calmiderm\/"]}]},{"@type":"ImageObject","inLanguage":"sq","@id":"https:\/\/alcedrix.com\/shop\/calmiderm\/#primaryimage","url":"https:\/\/alcedrix.com\/wp-content\/uploads\/2023\/09\/calmiderm.png","contentUrl":"https:\/\/alcedrix.com\/wp-content\/uploads\/2023\/09\/calmiderm.png","width":600,"height":600},{"@type":"BreadcrumbList","@id":"https:\/\/alcedrix.com\/shop\/calmiderm\/#breadcrumb","itemListElement":[{"@type":"ListItem","position":1,"name":"Home","item":"https:\/\/alcedrix.com\/"},{"@type":"ListItem","position":2,"name":"Shop","item":"https:\/\/alcedrix.com\/shop\/"},{"@type":"ListItem","position":3,"name":"Calmiderm\u00ae Cream 40g"}]},{"@type":"WebSite","@id":"https:\/\/alcedrix.com\/#website","url":"https:\/\/alcedrix.com\/","name":"Alcedrix","description":"Alcedrix","publisher":{"@id":"https:\/\/alcedrix.com\/#organization"},"potentialAction":[{"@type":"SearchAction","target":{"@type":"EntryPoint","urlTemplate":"https:\/\/alcedrix.com\/?s={search_term_string}"},"query-input":{"@type":"PropertyValueSpecification","valueRequired":true,"valueName":"search_term_string"}}],"inLanguage":"sq"},{"@type":"Organization","@id":"https:\/\/alcedrix.com\/#organization","name":"Alcedrix","url":"https:\/\/alcedrix.com\/","logo":{"@type":"ImageObject","inLanguage":"sq","@id":"https:\/\/alcedrix.com\/#\/schema\/logo\/image\/","url":"http:\/\/3.126.27.25\/wp-content\/uploads\/2023\/08\/logo-web.png","contentUrl":"http:\/\/3.126.27.25\/wp-content\/uploads\/2023\/08\/logo-web.png","width":492,"height":93,"caption":"Alcedrix"},"image":{"@id":"https:\/\/alcedrix.com\/#\/schema\/logo\/image\/"},"sameAs":["https:\/\/www.facebook.com\/alcedrix","https:\/\/www.instagram.com\/alcedrix"]}]}},"_links":{"self":[{"href":"https:\/\/alcedrix.com\/sq\/wp-json\/wp\/v2\/product\/7910"}],"collection":[{"href":"https:\/\/alcedrix.com\/sq\/wp-json\/wp\/v2\/product"}],"about":[{"href":"https:\/\/alcedrix.com\/sq\/wp-json\/wp\/v2\/types\/product"}],"version-history":[{"count":1,"href":"https:\/\/alcedrix.com\/sq\/wp-json\/wp\/v2\/product\/7910\/revisions"}],"predecessor-version":[{"id":9351,"href":"https:\/\/alcedrix.com\/sq\/wp-json\/wp\/v2\/product\/7910\/revisions\/9351"}],"wp:featuredmedia":[{"embeddable":true,"href":"https:\/\/alcedrix.com\/sq\/wp-json\/wp\/v2\/media\/7911"}],"wp:attachment":[{"href":"https:\/\/alcedrix.com\/sq\/wp-json\/wp\/v2\/media?parent=7910"}],"wp:term":[{"taxonomy":"product_cat","embeddable":true,"href":"https:\/\/alcedrix.com\/sq\/wp-json\/wp\/v2\/product_cat?post=7910"},{"taxonomy":"product_tag","embeddable":true,"href":"https:\/\/alcedrix.com\/sq\/wp-json\/wp\/v2\/product_tag?post=7910"}],"curies":[{"name":"wp","href":"https:\/\/api.w.org\/{rel}","templated":true}]}}