{"id":7908,"date":"2023-09-07T12:36:08","date_gmt":"2023-09-07T12:36:08","guid":{"rendered":"http:\/\/3.126.27.25\/?post_type=product&#038;p=7908"},"modified":"2024-07-16T14:39:16","modified_gmt":"2024-07-16T14:39:16","slug":"calcium-625mg-d3-400iu-forte-60-tbl","status":"publish","type":"product","link":"https:\/\/alcedrix.com\/sq\/shop\/calcium-625mg-d3-400iu-forte-60-tbl\/","title":{"rendered":"Calcium D3 Forte 60 Tableta"},"content":{"rendered":"<p>Kalcium D3 Forte \u00ebsht\u00eb shtes\u00eb ushqimore n\u00eb form\u00ebn e tabletave t\u00eb mb\u00ebshtjellura, q\u00eb p\u00ebrmban\u00eb doz\u00eb t\u00eb lart\u00eb kalciumi dhe vitamin\u00eb D \u2013 p\u00ebrb\u00ebr\u00ebs q\u00eb kan\u00eb veprim sinergjik t\u00eb r\u00ebnd\u00ebsish\u00ebm n\u00eb shum\u00eb procese n\u00eb organiz\u00ebm.<\/p>\n<p>Studimet\u00a0shkencore\u00a0kan\u00eb\u00a0v\u00ebrtetuar\u00a0se:<\/p>\n<p><strong>Kalciumi:\u00a0<\/strong><\/p>\n<ul>\n<li>\u00cbsht\u00eb\u00a0 i nevojsh\u00ebm p\u00ebr ruajtjen e dh\u00ebmb\u00ebve normal.<\/li>\n<li>Kontribuon n\u00eb metabolizmin normal t\u00eb prodhimit t\u00eb energjis\u00eb.<\/li>\n<li>Kontribuon n\u00eb neurotransmetimin normal.<\/li>\n<li>Kontribuon n\u00eb funksionimin normal t\u00eb muskujve.<\/li>\n<li>Kontribuon n\u00eb funksionimin normal t\u00eb enzimeve t\u00eb tretjes.<\/li>\n<li>Kontribuon n\u00eb koagulimin normal t\u00eb gjakut.<\/li>\n<\/ul>\n<p><strong>Vitamina\u00a0D:\u00a0<\/strong><\/p>\n<ul>\n<li>Kontribuon n\u00eb p\u00ebrthithjen\/shfryt\u00ebzimin normal t\u00eb kalciumit dhe fosforit.<\/li>\n<li>Kontribuon n\u00eb nivelet normale t\u00eb kalciumit n\u00eb gjak.<\/li>\n<li>Kontribuon n\u00eb ruajtjen e eshtrave dhe dh\u00ebmb\u00ebve.<\/li>\n<li>Ka rol n\u00eb procesin e ndarjes s\u00eb qelizave.<\/li>\n<li>Kontribuon n\u00eb ruajtjen e funksionit normal t\u00eb muskujve.<\/li>\n<li>Kontribuon n\u00eb funksionimin normal t\u00eb sistemit imunitar.<\/li>\n<\/ul>\n<p>Dieta me p\u00ebrmbajtje adekuate t\u00eb kalciumit dhe vitamin\u00ebs D, \u00ebsht\u00eb ve\u00e7an\u00ebrisht e r\u00ebnd\u00ebsishme gjat\u00eb periudh\u00ebs s\u00eb rritjes s\u00eb shpejt\u00eb dhe arritjes s\u00eb mas\u00ebs kockore maksimale, gjat\u00eb shtatz\u00ebnis\u00eb dhe laktacionit, pas frakturave dhe l\u00ebndimeve, si dhe p\u00ebr grat\u00eb gjat\u00eb menopauz\u00ebs dhe p\u00ebr t\u00eb moshuarit, n\u00eb t\u00eb cil\u00ebt proceset e resorbimit kockor mbizot\u00ebrojn\u00eb proceset e formimit t\u00eb kockave. Vlen t\u00eb p\u00ebrmendet se sasia e vitamin\u00ebs D e marr\u00eb nga sinteza brenda trupit p\u00ebson luhatje t\u00eb konsiderueshme n\u00eb var\u00ebsi t\u00eb ekspozimit ndaj drit\u00ebs s\u00eb diellit, gj\u00eb q\u00eb mund t\u00eb rezultoj\u00eb n\u00eb furnizim t\u00eb kufizuar p\u00ebr shkak t\u00eb ekspozimit t\u00eb ul\u00ebt n\u00eb diell.<\/p>\n<p>&nbsp;<\/p>\n<p><strong>M\u00ebnyra e p\u00ebrdorimit:<\/strong> 1-2 tableta n\u00eb dit\u00eb, pas ushqimit ose sipas rekomandimit t\u00eb mjekut. Tabletat duhet t\u00eb merren me sasi t\u00eb mjaftueshme uji.<strong>\u00a0 <\/strong><\/p>","protected":false},"excerpt":{"rendered":"<p>Formul\u00eb\u00a0e\u00a0dyfisht\u00eb\u00a0p\u00ebr\u00a0eshtra\u00a0t\u00eb\u00a0forte!\u00a0P\u00ebrmban\u00a01250mg\u00a0kalcium\u00a0p\u00ebr\u00a0doz\u00eb\u00a0ditore.<\/p>","protected":false},"featured_media":7909,"template":"","meta":[],"product_cat":[96,104,112,101],"product_tag":[],"class_list":{"0":"post-7908","1":"product","2":"type-product","3":"status-publish","4":"has-post-thumbnail","6":"product_cat-olimp","7":"product_cat-shtese-ushqimore","8":"product_cat-sistemi-muskulor-skeletor","9":"product_cat-te-rritur","11":"first","12":"instock","13":"taxable","14":"shipping-taxable","15":"purchasable","16":"product-type-simple"},"yoast_head":"<!-- This site is optimized with the Yoast SEO plugin v23.6 - https:\/\/yoast.com\/wordpress\/plugins\/seo\/ -->\n<title>Calcium D3 Forte 60 Tableta - Alcedrix<\/title>\n<meta name=\"robots\" content=\"index, follow, max-snippet:-1, max-image-preview:large, max-video-preview:-1\" \/>\n<link rel=\"canonical\" href=\"https:\/\/alcedrix.com\/sq\/shop\/calcium-625mg-d3-400iu-forte-60-tbl\/\" \/>\n<meta property=\"og:locale\" content=\"sq_AL\" \/>\n<meta property=\"og:type\" content=\"article\" \/>\n<meta property=\"og:title\" content=\"Calcium D3 Forte 60 Tableta - Alcedrix\" \/>\n<meta property=\"og:description\" content=\"Formul\u00eb\u00a0e\u00a0dyfisht\u00eb\u00a0p\u00ebr\u00a0eshtra\u00a0t\u00eb\u00a0forte!\u00a0P\u00ebrmban\u00a01250mg\u00a0kalcium\u00a0p\u00ebr\u00a0doz\u00eb\u00a0ditore.\" \/>\n<meta property=\"og:url\" content=\"https:\/\/alcedrix.com\/sq\/shop\/calcium-625mg-d3-400iu-forte-60-tbl\/\" \/>\n<meta property=\"og:site_name\" content=\"Alcedrix\" \/>\n<meta property=\"article:publisher\" content=\"https:\/\/www.facebook.com\/alcedrix\" \/>\n<meta property=\"article:modified_time\" content=\"2024-07-16T14:39:16+00:00\" \/>\n<meta property=\"og:image\" content=\"https:\/\/alcedrix.com\/wp-content\/uploads\/2023\/09\/calcium-d3.png\" \/>\n\t<meta property=\"og:image:width\" content=\"600\" \/>\n\t<meta property=\"og:image:height\" content=\"600\" \/>\n\t<meta property=\"og:image:type\" content=\"image\/png\" \/>\n<meta name=\"twitter:card\" content=\"summary_large_image\" \/>\n<meta name=\"twitter:label1\" content=\"Est. reading time\" \/>\n\t<meta name=\"twitter:data1\" content=\"1 minut\u00eb\" \/>\n<script type=\"application\/ld+json\" class=\"yoast-schema-graph\">{\"@context\":\"https:\/\/schema.org\",\"@graph\":[{\"@type\":\"WebPage\",\"@id\":\"https:\/\/alcedrix.com\/shop\/calcium-625mg-d3-400iu-forte-60-tbl\/\",\"url\":\"https:\/\/alcedrix.com\/shop\/calcium-625mg-d3-400iu-forte-60-tbl\/\",\"name\":\"Calcium D3 Forte 60 Tableta - Alcedrix\",\"isPartOf\":{\"@id\":\"https:\/\/alcedrix.com\/#website\"},\"primaryImageOfPage\":{\"@id\":\"https:\/\/alcedrix.com\/shop\/calcium-625mg-d3-400iu-forte-60-tbl\/#primaryimage\"},\"image\":{\"@id\":\"https:\/\/alcedrix.com\/shop\/calcium-625mg-d3-400iu-forte-60-tbl\/#primaryimage\"},\"thumbnailUrl\":\"https:\/\/alcedrix.com\/wp-content\/uploads\/2023\/09\/calcium-d3.png\",\"datePublished\":\"2023-09-07T12:36:08+00:00\",\"dateModified\":\"2024-07-16T14:39:16+00:00\",\"breadcrumb\":{\"@id\":\"https:\/\/alcedrix.com\/shop\/calcium-625mg-d3-400iu-forte-60-tbl\/#breadcrumb\"},\"inLanguage\":\"sq\",\"potentialAction\":[{\"@type\":\"ReadAction\",\"target\":[\"https:\/\/alcedrix.com\/shop\/calcium-625mg-d3-400iu-forte-60-tbl\/\"]}]},{\"@type\":\"ImageObject\",\"inLanguage\":\"sq\",\"@id\":\"https:\/\/alcedrix.com\/shop\/calcium-625mg-d3-400iu-forte-60-tbl\/#primaryimage\",\"url\":\"https:\/\/alcedrix.com\/wp-content\/uploads\/2023\/09\/calcium-d3.png\",\"contentUrl\":\"https:\/\/alcedrix.com\/wp-content\/uploads\/2023\/09\/calcium-d3.png\",\"width\":600,\"height\":600},{\"@type\":\"BreadcrumbList\",\"@id\":\"https:\/\/alcedrix.com\/shop\/calcium-625mg-d3-400iu-forte-60-tbl\/#breadcrumb\",\"itemListElement\":[{\"@type\":\"ListItem\",\"position\":1,\"name\":\"Home\",\"item\":\"https:\/\/alcedrix.com\/\"},{\"@type\":\"ListItem\",\"position\":2,\"name\":\"Shop\",\"item\":\"https:\/\/alcedrix.com\/shop\/\"},{\"@type\":\"ListItem\",\"position\":3,\"name\":\"Calcium D3 Forte 60 Tableta\"}]},{\"@type\":\"WebSite\",\"@id\":\"https:\/\/alcedrix.com\/#website\",\"url\":\"https:\/\/alcedrix.com\/\",\"name\":\"Alcedrix\",\"description\":\"Alcedrix\",\"publisher\":{\"@id\":\"https:\/\/alcedrix.com\/#organization\"},\"potentialAction\":[{\"@type\":\"SearchAction\",\"target\":{\"@type\":\"EntryPoint\",\"urlTemplate\":\"https:\/\/alcedrix.com\/?s={search_term_string}\"},\"query-input\":{\"@type\":\"PropertyValueSpecification\",\"valueRequired\":true,\"valueName\":\"search_term_string\"}}],\"inLanguage\":\"sq\"},{\"@type\":\"Organization\",\"@id\":\"https:\/\/alcedrix.com\/#organization\",\"name\":\"Alcedrix\",\"url\":\"https:\/\/alcedrix.com\/\",\"logo\":{\"@type\":\"ImageObject\",\"inLanguage\":\"sq\",\"@id\":\"https:\/\/alcedrix.com\/#\/schema\/logo\/image\/\",\"url\":\"http:\/\/3.126.27.25\/wp-content\/uploads\/2023\/08\/logo-web.png\",\"contentUrl\":\"http:\/\/3.126.27.25\/wp-content\/uploads\/2023\/08\/logo-web.png\",\"width\":492,\"height\":93,\"caption\":\"Alcedrix\"},\"image\":{\"@id\":\"https:\/\/alcedrix.com\/#\/schema\/logo\/image\/\"},\"sameAs\":[\"https:\/\/www.facebook.com\/alcedrix\",\"https:\/\/www.instagram.com\/alcedrix\"]}]}<\/script>\n<!-- \/ Yoast SEO plugin. -->","yoast_head_json":{"title":"Calcium D3 Forte 60 Tableta - Alcedrix","robots":{"index":"index","follow":"follow","max-snippet":"max-snippet:-1","max-image-preview":"max-image-preview:large","max-video-preview":"max-video-preview:-1"},"canonical":"https:\/\/alcedrix.com\/sq\/shop\/calcium-625mg-d3-400iu-forte-60-tbl\/","og_locale":"sq_AL","og_type":"article","og_title":"Calcium D3 Forte 60 Tableta - Alcedrix","og_description":"Formul\u00eb\u00a0e\u00a0dyfisht\u00eb\u00a0p\u00ebr\u00a0eshtra\u00a0t\u00eb\u00a0forte!\u00a0P\u00ebrmban\u00a01250mg\u00a0kalcium\u00a0p\u00ebr\u00a0doz\u00eb\u00a0ditore.","og_url":"https:\/\/alcedrix.com\/sq\/shop\/calcium-625mg-d3-400iu-forte-60-tbl\/","og_site_name":"Alcedrix","article_publisher":"https:\/\/www.facebook.com\/alcedrix","article_modified_time":"2024-07-16T14:39:16+00:00","og_image":[{"width":600,"height":600,"url":"https:\/\/alcedrix.com\/wp-content\/uploads\/2023\/09\/calcium-d3.png","type":"image\/png"}],"twitter_card":"summary_large_image","twitter_misc":{"Est. reading time":"1 minut\u00eb"},"schema":{"@context":"https:\/\/schema.org","@graph":[{"@type":"WebPage","@id":"https:\/\/alcedrix.com\/shop\/calcium-625mg-d3-400iu-forte-60-tbl\/","url":"https:\/\/alcedrix.com\/shop\/calcium-625mg-d3-400iu-forte-60-tbl\/","name":"Calcium D3 Forte 60 Tableta - Alcedrix","isPartOf":{"@id":"https:\/\/alcedrix.com\/#website"},"primaryImageOfPage":{"@id":"https:\/\/alcedrix.com\/shop\/calcium-625mg-d3-400iu-forte-60-tbl\/#primaryimage"},"image":{"@id":"https:\/\/alcedrix.com\/shop\/calcium-625mg-d3-400iu-forte-60-tbl\/#primaryimage"},"thumbnailUrl":"https:\/\/alcedrix.com\/wp-content\/uploads\/2023\/09\/calcium-d3.png","datePublished":"2023-09-07T12:36:08+00:00","dateModified":"2024-07-16T14:39:16+00:00","breadcrumb":{"@id":"https:\/\/alcedrix.com\/shop\/calcium-625mg-d3-400iu-forte-60-tbl\/#breadcrumb"},"inLanguage":"sq","potentialAction":[{"@type":"ReadAction","target":["https:\/\/alcedrix.com\/shop\/calcium-625mg-d3-400iu-forte-60-tbl\/"]}]},{"@type":"ImageObject","inLanguage":"sq","@id":"https:\/\/alcedrix.com\/shop\/calcium-625mg-d3-400iu-forte-60-tbl\/#primaryimage","url":"https:\/\/alcedrix.com\/wp-content\/uploads\/2023\/09\/calcium-d3.png","contentUrl":"https:\/\/alcedrix.com\/wp-content\/uploads\/2023\/09\/calcium-d3.png","width":600,"height":600},{"@type":"BreadcrumbList","@id":"https:\/\/alcedrix.com\/shop\/calcium-625mg-d3-400iu-forte-60-tbl\/#breadcrumb","itemListElement":[{"@type":"ListItem","position":1,"name":"Home","item":"https:\/\/alcedrix.com\/"},{"@type":"ListItem","position":2,"name":"Shop","item":"https:\/\/alcedrix.com\/shop\/"},{"@type":"ListItem","position":3,"name":"Calcium D3 Forte 60 Tableta"}]},{"@type":"WebSite","@id":"https:\/\/alcedrix.com\/#website","url":"https:\/\/alcedrix.com\/","name":"Alcedrix","description":"Alcedrix","publisher":{"@id":"https:\/\/alcedrix.com\/#organization"},"potentialAction":[{"@type":"SearchAction","target":{"@type":"EntryPoint","urlTemplate":"https:\/\/alcedrix.com\/?s={search_term_string}"},"query-input":{"@type":"PropertyValueSpecification","valueRequired":true,"valueName":"search_term_string"}}],"inLanguage":"sq"},{"@type":"Organization","@id":"https:\/\/alcedrix.com\/#organization","name":"Alcedrix","url":"https:\/\/alcedrix.com\/","logo":{"@type":"ImageObject","inLanguage":"sq","@id":"https:\/\/alcedrix.com\/#\/schema\/logo\/image\/","url":"http:\/\/3.126.27.25\/wp-content\/uploads\/2023\/08\/logo-web.png","contentUrl":"http:\/\/3.126.27.25\/wp-content\/uploads\/2023\/08\/logo-web.png","width":492,"height":93,"caption":"Alcedrix"},"image":{"@id":"https:\/\/alcedrix.com\/#\/schema\/logo\/image\/"},"sameAs":["https:\/\/www.facebook.com\/alcedrix","https:\/\/www.instagram.com\/alcedrix"]}]}},"_links":{"self":[{"href":"https:\/\/alcedrix.com\/sq\/wp-json\/wp\/v2\/product\/7908"}],"collection":[{"href":"https:\/\/alcedrix.com\/sq\/wp-json\/wp\/v2\/product"}],"about":[{"href":"https:\/\/alcedrix.com\/sq\/wp-json\/wp\/v2\/types\/product"}],"version-history":[{"count":1,"href":"https:\/\/alcedrix.com\/sq\/wp-json\/wp\/v2\/product\/7908\/revisions"}],"predecessor-version":[{"id":9350,"href":"https:\/\/alcedrix.com\/sq\/wp-json\/wp\/v2\/product\/7908\/revisions\/9350"}],"wp:featuredmedia":[{"embeddable":true,"href":"https:\/\/alcedrix.com\/sq\/wp-json\/wp\/v2\/media\/7909"}],"wp:attachment":[{"href":"https:\/\/alcedrix.com\/sq\/wp-json\/wp\/v2\/media?parent=7908"}],"wp:term":[{"taxonomy":"product_cat","embeddable":true,"href":"https:\/\/alcedrix.com\/sq\/wp-json\/wp\/v2\/product_cat?post=7908"},{"taxonomy":"product_tag","embeddable":true,"href":"https:\/\/alcedrix.com\/sq\/wp-json\/wp\/v2\/product_tag?post=7908"}],"curies":[{"name":"wp","href":"https:\/\/api.w.org\/{rel}","templated":true}]}}