{"id":7907,"date":"2023-09-07T12:30:10","date_gmt":"2023-09-07T12:30:10","guid":{"rendered":"http:\/\/3.126.27.25\/?post_type=product&#038;p=7907"},"modified":"2024-07-18T11:53:28","modified_gmt":"2024-07-18T11:53:28","slug":"calmtu-night-plus-30-tableta","status":"publish","type":"product","link":"https:\/\/alcedrix.com\/sq\/shop\/calmtu-night-plus-30-tableta\/","title":{"rendered":"CalmTu\u00ae Night PLUS 30 Tableta"},"content":{"rendered":"<p>CalmTu Night PLUS \u00ebsht\u00eb formul\u00eb natyrale me baz\u00eb t\u00eb melatonin\u00ebs (1 mg), valereiana, lule pasioni, lulekuqe Kaliforniane, magnez dhe balsam limoni. Ndihmon n\u00eb p\u00ebrmir\u00ebsim t\u00eb cil\u00ebsis\u00eb s\u00eb gjumit gjat\u00eb nat\u00ebs. Nuk ka efekte an\u00ebsore n\u00eb organiz\u00ebm ose krijon var\u00ebsi fal\u00eb p\u00ebrb\u00ebrjes s\u00eb tij t\u00eb bazuar n\u00eb bim\u00eb natyrale.<\/p>\n<p>Valeriana, lule pasioni, lul\u00ebkuqja e Kalifornis\u00eb dhe balsami i limonit jan\u00eb bim\u00eb natyrale q\u00eb kan\u00eb veti relaksuese dhe ndihmojn\u00eb p\u00ebr t\u00eb r\u00ebn\u00eb n\u00eb gjum\u00eb dhe p\u00ebr t\u00eb p\u00ebrmir\u00ebsuar cil\u00ebsin\u00eb e gjumit. P\u00ebrve\u00e7 k\u00ebsaj, k\u00ebta p\u00ebrb\u00ebr\u00ebs natyral\u00eb nuk kan\u00eb efekte an\u00ebsore ose nuk krijojn\u00eb var\u00ebsi. Melatonina \u00ebsht\u00eb nj\u00eb hormon natyral n\u00eb trup, q\u00eb ndihmon n\u00eb rregullimin e cikleve gjum\u00eb-zgjim. Ky hormon, i quajtur edhe &#8220;hormoni i gjumit&#8221; ndihmon p\u00ebr t\u00eb arritur pushim dhe rikuperim t\u00eb plot\u00eb.<\/p>\n<p>Lodhja dhe rraskapitja, mungesa e energjis\u00eb apo pagjum\u00ebsia jan\u00eb situata shum\u00eb t\u00eb zakonshme p\u00ebr shkak t\u00eb stilit t\u00eb jetes\u00ebs q\u00eb ne b\u00ebjm\u00eb. P\u00ebrb\u00ebr\u00ebsit natyral\u00eb t\u00eb till\u00eb si valeriana, lule pasioni, lulekuqe Kaliforniane, balsami i limonit mund t&#8217;ju ndihmojn\u00eb t\u00eb relaksoheni para gjumit, t\u00eb bini n\u00eb gjum\u00eb n\u00eb m\u00ebnyr\u00eb natyrale dhe t\u00eb p\u00ebrmir\u00ebsoni cil\u00ebsin\u00eb e gjumit n\u00eb periudha ankthi, stresi ose ngarkese t\u00eb lart\u00eb pune. N\u00ebse arrijm\u00eb t\u00eb p\u00ebrmir\u00ebsojm\u00eb pushimin dhe relaksimin, do ta kemi m\u00eb t\u00eb leht\u00eb ti p\u00ebrballojm\u00eb sfidat e p\u00ebrditshme me m\u00eb shum\u00eb energji dhe vitalitet. P\u00ebr k\u00ebt\u00eb arsye, \u00ebsht\u00eb thelb\u00ebsore p\u00ebr trupin dhe mir\u00ebqenien ton\u00eb t\u00eb p\u00ebrditshme t\u00eb pushojm\u00eb dhe t\u00eb flem\u00eb mir\u00eb gjat\u00eb nat\u00ebs, pasi sot jemi m\u00ebsuar t\u00eb jetojm\u00eb me stres dhe kjo mund t\u00eb \u00e7oj\u00eb n\u00eb nj\u00eb deficit n\u00eb sh\u00ebndetin mendor dhe fizik. Gjithashtu, n\u00ebse nuk flem\u00eb nat\u00ebn dhe pushojm\u00eb mir\u00eb, kjo mund t\u00eb \u00e7oj\u00eb n\u00eb probleme m\u00eb serioze sh\u00ebndet\u00ebsore.<\/p>\n<p><strong>CalmTu Night PLUS<\/strong> me formul\u00eb t\u00eb avancuar dhe me tablet\u00eb novatore \u2013 <em>Slow Release Technology<\/em>, mund\u00ebson lirimin e p\u00ebrb\u00ebr\u00ebsve gjat\u00eb gjith\u00eb nat\u00ebs. Melatonina, e cila gjendet n\u00eb shtres\u00ebn e par\u00eb t\u00eb veshjes dhe q\u00eb \u00e7lirohet me shpejt\u00ebsi, \u00ebsht\u00eb nj\u00eb hormon i prodhuar natyrsh\u00ebm nga trupi yn\u00eb dhe luan nj\u00eb rol shum\u00eb t\u00eb r\u00ebnd\u00ebsish\u00ebm n\u00eb nxitjen e gjumit. Nga ana tjet\u00ebr, ekstraktet natyrale t\u00eb valerian\u00ebs, lules s\u00eb pasionit, lulekuqes s\u00eb Kalifornis\u00eb dhe balsamit t\u00eb limonit, q\u00eb gjenden n\u00eb shtres\u00ebn e brendshme t\u00eb tablet\u00ebs, l\u00ebshohen m\u00eb pas dhe gradualisht, duke kontribuar n\u00eb cil\u00ebsin\u00eb e gjumit. Kjo teknologji e tablet\u00ebs me l\u00ebshim t\u00eb ngadalt\u00eb, ofron nj\u00eb zgjidhje novatore dhe efektive.<\/p>\n<p>&nbsp;<\/p>\n<p><strong>Fal\u00eb p\u00ebrb\u00ebrjes novatore t\u00eb k\u00ebsaj formule, CalmTu\u00ae\u00a0Night\u00a0PLUS:\u00a0<\/strong><\/p>\n<ul>\n<li>Leht\u00ebson relaksimin<\/li>\n<li>Promovon gjum\u00eb t\u00eb qet\u00eb<\/li>\n<li>Redukton zgjimet gjat\u00eb nat\u00ebs<\/li>\n<li>Favorizon nxitjen e gjumit dhe zvog\u00eblon koh\u00ebn p\u00ebr t\u00eb fjetur<\/li>\n<li>Formul\u00eb inovative<\/li>\n<\/ul>\n<p>&nbsp;<\/p>\n<p><strong>M\u00ebnyra e p\u00ebrdorimit: <\/strong>Merrni 1 tablet\u00eb, 30 minuta para se t\u00eb shtriheni p\u00ebr t\u00eb fjetur.<\/p>","protected":false},"excerpt":{"rendered":"<p>Gjum\u00eb i qet\u00eb fal\u00eb melatonin\u00ebs dhe p\u00ebrb\u00ebr\u00ebsve natyral.<\/p>","protected":false},"featured_media":7912,"template":"","meta":[],"product_cat":[106,104,101,95],"product_tag":[],"class_list":{"0":"post-7907","1":"product","2":"type-product","3":"status-publish","4":"has-post-thumbnail","6":"product_cat-mireqenie-mendore-dhe-fizike","7":"product_cat-shtese-ushqimore","8":"product_cat-te-rritur","9":"product_cat-vitae","11":"first","12":"instock","13":"taxable","14":"shipping-taxable","15":"purchasable","16":"product-type-simple"},"yoast_head":"<!-- This site is optimized with the Yoast SEO plugin v23.6 - https:\/\/yoast.com\/wordpress\/plugins\/seo\/ -->\n<title>CalmTu\u00ae Night PLUS 30 Tableta - Alcedrix<\/title>\n<meta name=\"robots\" content=\"index, follow, max-snippet:-1, max-image-preview:large, max-video-preview:-1\" \/>\n<link rel=\"canonical\" href=\"https:\/\/alcedrix.com\/sq\/shop\/calmtu-night-plus-30-tableta\/\" \/>\n<meta property=\"og:locale\" content=\"sq_AL\" \/>\n<meta property=\"og:type\" content=\"article\" \/>\n<meta property=\"og:title\" content=\"CalmTu\u00ae Night PLUS 30 Tableta - Alcedrix\" \/>\n<meta property=\"og:description\" content=\"Gjum\u00eb i qet\u00eb fal\u00eb melatonin\u00ebs dhe p\u00ebrb\u00ebr\u00ebsve natyral.\" \/>\n<meta property=\"og:url\" content=\"https:\/\/alcedrix.com\/sq\/shop\/calmtu-night-plus-30-tableta\/\" \/>\n<meta property=\"og:site_name\" content=\"Alcedrix\" \/>\n<meta property=\"article:publisher\" content=\"https:\/\/www.facebook.com\/alcedrix\" \/>\n<meta property=\"article:modified_time\" content=\"2024-07-18T11:53:28+00:00\" \/>\n<meta property=\"og:image\" content=\"https:\/\/alcedrix.com\/wp-content\/uploads\/2023\/09\/ctn-plus-30.png\" \/>\n\t<meta property=\"og:image:width\" content=\"600\" \/>\n\t<meta property=\"og:image:height\" content=\"600\" \/>\n\t<meta property=\"og:image:type\" content=\"image\/png\" \/>\n<meta name=\"twitter:card\" content=\"summary_large_image\" \/>\n<meta name=\"twitter:label1\" content=\"Est. reading time\" \/>\n\t<meta name=\"twitter:data1\" content=\"3 minuta\" \/>\n<script type=\"application\/ld+json\" class=\"yoast-schema-graph\">{\"@context\":\"https:\/\/schema.org\",\"@graph\":[{\"@type\":\"WebPage\",\"@id\":\"https:\/\/alcedrix.com\/shop\/calmtu-night-plus-30-tableta\/\",\"url\":\"https:\/\/alcedrix.com\/shop\/calmtu-night-plus-30-tableta\/\",\"name\":\"CalmTu\u00ae Night PLUS 30 Tableta - Alcedrix\",\"isPartOf\":{\"@id\":\"https:\/\/alcedrix.com\/#website\"},\"primaryImageOfPage\":{\"@id\":\"https:\/\/alcedrix.com\/shop\/calmtu-night-plus-30-tableta\/#primaryimage\"},\"image\":{\"@id\":\"https:\/\/alcedrix.com\/shop\/calmtu-night-plus-30-tableta\/#primaryimage\"},\"thumbnailUrl\":\"https:\/\/alcedrix.com\/wp-content\/uploads\/2023\/09\/ctn-plus-30.png\",\"datePublished\":\"2023-09-07T12:30:10+00:00\",\"dateModified\":\"2024-07-18T11:53:28+00:00\",\"breadcrumb\":{\"@id\":\"https:\/\/alcedrix.com\/shop\/calmtu-night-plus-30-tableta\/#breadcrumb\"},\"inLanguage\":\"sq\",\"potentialAction\":[{\"@type\":\"ReadAction\",\"target\":[\"https:\/\/alcedrix.com\/shop\/calmtu-night-plus-30-tableta\/\"]}]},{\"@type\":\"ImageObject\",\"inLanguage\":\"sq\",\"@id\":\"https:\/\/alcedrix.com\/shop\/calmtu-night-plus-30-tableta\/#primaryimage\",\"url\":\"https:\/\/alcedrix.com\/wp-content\/uploads\/2023\/09\/ctn-plus-30.png\",\"contentUrl\":\"https:\/\/alcedrix.com\/wp-content\/uploads\/2023\/09\/ctn-plus-30.png\",\"width\":600,\"height\":600},{\"@type\":\"BreadcrumbList\",\"@id\":\"https:\/\/alcedrix.com\/shop\/calmtu-night-plus-30-tableta\/#breadcrumb\",\"itemListElement\":[{\"@type\":\"ListItem\",\"position\":1,\"name\":\"Home\",\"item\":\"https:\/\/alcedrix.com\/\"},{\"@type\":\"ListItem\",\"position\":2,\"name\":\"Shop\",\"item\":\"https:\/\/alcedrix.com\/shop\/\"},{\"@type\":\"ListItem\",\"position\":3,\"name\":\"CalmTu\u00ae Night PLUS 30 Tableta\"}]},{\"@type\":\"WebSite\",\"@id\":\"https:\/\/alcedrix.com\/#website\",\"url\":\"https:\/\/alcedrix.com\/\",\"name\":\"Alcedrix\",\"description\":\"Alcedrix\",\"publisher\":{\"@id\":\"https:\/\/alcedrix.com\/#organization\"},\"potentialAction\":[{\"@type\":\"SearchAction\",\"target\":{\"@type\":\"EntryPoint\",\"urlTemplate\":\"https:\/\/alcedrix.com\/?s={search_term_string}\"},\"query-input\":{\"@type\":\"PropertyValueSpecification\",\"valueRequired\":true,\"valueName\":\"search_term_string\"}}],\"inLanguage\":\"sq\"},{\"@type\":\"Organization\",\"@id\":\"https:\/\/alcedrix.com\/#organization\",\"name\":\"Alcedrix\",\"url\":\"https:\/\/alcedrix.com\/\",\"logo\":{\"@type\":\"ImageObject\",\"inLanguage\":\"sq\",\"@id\":\"https:\/\/alcedrix.com\/#\/schema\/logo\/image\/\",\"url\":\"http:\/\/3.126.27.25\/wp-content\/uploads\/2023\/08\/logo-web.png\",\"contentUrl\":\"http:\/\/3.126.27.25\/wp-content\/uploads\/2023\/08\/logo-web.png\",\"width\":492,\"height\":93,\"caption\":\"Alcedrix\"},\"image\":{\"@id\":\"https:\/\/alcedrix.com\/#\/schema\/logo\/image\/\"},\"sameAs\":[\"https:\/\/www.facebook.com\/alcedrix\",\"https:\/\/www.instagram.com\/alcedrix\"]}]}<\/script>\n<!-- \/ Yoast SEO plugin. -->","yoast_head_json":{"title":"CalmTu\u00ae Night PLUS 30 Tableta - Alcedrix","robots":{"index":"index","follow":"follow","max-snippet":"max-snippet:-1","max-image-preview":"max-image-preview:large","max-video-preview":"max-video-preview:-1"},"canonical":"https:\/\/alcedrix.com\/sq\/shop\/calmtu-night-plus-30-tableta\/","og_locale":"sq_AL","og_type":"article","og_title":"CalmTu\u00ae Night PLUS 30 Tableta - Alcedrix","og_description":"Gjum\u00eb i qet\u00eb fal\u00eb melatonin\u00ebs dhe p\u00ebrb\u00ebr\u00ebsve natyral.","og_url":"https:\/\/alcedrix.com\/sq\/shop\/calmtu-night-plus-30-tableta\/","og_site_name":"Alcedrix","article_publisher":"https:\/\/www.facebook.com\/alcedrix","article_modified_time":"2024-07-18T11:53:28+00:00","og_image":[{"width":600,"height":600,"url":"https:\/\/alcedrix.com\/wp-content\/uploads\/2023\/09\/ctn-plus-30.png","type":"image\/png"}],"twitter_card":"summary_large_image","twitter_misc":{"Est. reading time":"3 minuta"},"schema":{"@context":"https:\/\/schema.org","@graph":[{"@type":"WebPage","@id":"https:\/\/alcedrix.com\/shop\/calmtu-night-plus-30-tableta\/","url":"https:\/\/alcedrix.com\/shop\/calmtu-night-plus-30-tableta\/","name":"CalmTu\u00ae Night PLUS 30 Tableta - Alcedrix","isPartOf":{"@id":"https:\/\/alcedrix.com\/#website"},"primaryImageOfPage":{"@id":"https:\/\/alcedrix.com\/shop\/calmtu-night-plus-30-tableta\/#primaryimage"},"image":{"@id":"https:\/\/alcedrix.com\/shop\/calmtu-night-plus-30-tableta\/#primaryimage"},"thumbnailUrl":"https:\/\/alcedrix.com\/wp-content\/uploads\/2023\/09\/ctn-plus-30.png","datePublished":"2023-09-07T12:30:10+00:00","dateModified":"2024-07-18T11:53:28+00:00","breadcrumb":{"@id":"https:\/\/alcedrix.com\/shop\/calmtu-night-plus-30-tableta\/#breadcrumb"},"inLanguage":"sq","potentialAction":[{"@type":"ReadAction","target":["https:\/\/alcedrix.com\/shop\/calmtu-night-plus-30-tableta\/"]}]},{"@type":"ImageObject","inLanguage":"sq","@id":"https:\/\/alcedrix.com\/shop\/calmtu-night-plus-30-tableta\/#primaryimage","url":"https:\/\/alcedrix.com\/wp-content\/uploads\/2023\/09\/ctn-plus-30.png","contentUrl":"https:\/\/alcedrix.com\/wp-content\/uploads\/2023\/09\/ctn-plus-30.png","width":600,"height":600},{"@type":"BreadcrumbList","@id":"https:\/\/alcedrix.com\/shop\/calmtu-night-plus-30-tableta\/#breadcrumb","itemListElement":[{"@type":"ListItem","position":1,"name":"Home","item":"https:\/\/alcedrix.com\/"},{"@type":"ListItem","position":2,"name":"Shop","item":"https:\/\/alcedrix.com\/shop\/"},{"@type":"ListItem","position":3,"name":"CalmTu\u00ae Night PLUS 30 Tableta"}]},{"@type":"WebSite","@id":"https:\/\/alcedrix.com\/#website","url":"https:\/\/alcedrix.com\/","name":"Alcedrix","description":"Alcedrix","publisher":{"@id":"https:\/\/alcedrix.com\/#organization"},"potentialAction":[{"@type":"SearchAction","target":{"@type":"EntryPoint","urlTemplate":"https:\/\/alcedrix.com\/?s={search_term_string}"},"query-input":{"@type":"PropertyValueSpecification","valueRequired":true,"valueName":"search_term_string"}}],"inLanguage":"sq"},{"@type":"Organization","@id":"https:\/\/alcedrix.com\/#organization","name":"Alcedrix","url":"https:\/\/alcedrix.com\/","logo":{"@type":"ImageObject","inLanguage":"sq","@id":"https:\/\/alcedrix.com\/#\/schema\/logo\/image\/","url":"http:\/\/3.126.27.25\/wp-content\/uploads\/2023\/08\/logo-web.png","contentUrl":"http:\/\/3.126.27.25\/wp-content\/uploads\/2023\/08\/logo-web.png","width":492,"height":93,"caption":"Alcedrix"},"image":{"@id":"https:\/\/alcedrix.com\/#\/schema\/logo\/image\/"},"sameAs":["https:\/\/www.facebook.com\/alcedrix","https:\/\/www.instagram.com\/alcedrix"]}]}},"_links":{"self":[{"href":"https:\/\/alcedrix.com\/sq\/wp-json\/wp\/v2\/product\/7907"}],"collection":[{"href":"https:\/\/alcedrix.com\/sq\/wp-json\/wp\/v2\/product"}],"about":[{"href":"https:\/\/alcedrix.com\/sq\/wp-json\/wp\/v2\/types\/product"}],"version-history":[{"count":1,"href":"https:\/\/alcedrix.com\/sq\/wp-json\/wp\/v2\/product\/7907\/revisions"}],"predecessor-version":[{"id":9357,"href":"https:\/\/alcedrix.com\/sq\/wp-json\/wp\/v2\/product\/7907\/revisions\/9357"}],"wp:featuredmedia":[{"embeddable":true,"href":"https:\/\/alcedrix.com\/sq\/wp-json\/wp\/v2\/media\/7912"}],"wp:attachment":[{"href":"https:\/\/alcedrix.com\/sq\/wp-json\/wp\/v2\/media?parent=7907"}],"wp:term":[{"taxonomy":"product_cat","embeddable":true,"href":"https:\/\/alcedrix.com\/sq\/wp-json\/wp\/v2\/product_cat?post=7907"},{"taxonomy":"product_tag","embeddable":true,"href":"https:\/\/alcedrix.com\/sq\/wp-json\/wp\/v2\/product_tag?post=7907"}],"curies":[{"name":"wp","href":"https:\/\/api.w.org\/{rel}","templated":true}]}}