{"id":7901,"date":"2023-09-07T12:08:38","date_gmt":"2023-09-07T12:08:38","guid":{"rendered":"http:\/\/3.126.27.25\/?post_type=product&#038;p=7901"},"modified":"2024-07-29T13:49:27","modified_gmt":"2024-07-29T13:49:27","slug":"calmtu-30cps","status":"publish","type":"product","link":"https:\/\/alcedrix.com\/sq\/shop\/calmtu-30cps\/","title":{"rendered":"CalmTu\u00ae 30 Kapsula"},"content":{"rendered":"<p>CalmTu \u00ebsht\u00eb produkt me formul\u00eb t\u00eb bazuar n\u00eb p\u00ebrb\u00ebr\u00ebs natyral si valeriana, lule pasioni dhe lul\u00ebkuqja e Kalifornis\u00eb. Ndihmon n\u00eb menaxhimin e stresit dhe kontribuon n\u00eb relaksimin n\u00eb momente t\u00eb v\u00ebshtira. Fal\u00eb p\u00ebrb\u00ebrjes s\u00eb tij, ka efekte qet\u00ebsuese dhe nuk ka efekte an\u00ebsore p\u00ebr organizmin.<\/p>\n<p>Stresi dhe ankthi mund t\u00eb manifestohen p\u00ebrmes nj\u00eb pafund\u00ebsie simptomash. N\u00eb p\u00ebrgjith\u00ebsi, simptomat mund t&#8217;i dallojm\u00eb n\u00eb dy grupe kryesore, ato fizike (marramendje dhe djersitje, tension muskulor, palpitacione dhe tahikardi, nauze dhe t\u00eb vjella, ndjenj\u00eb mbytjeje, etj) dhe ato psikologjike t\u00eb sjellj\u00ebs (shqet\u00ebsimi, frika nga humbja e kontrollit, tejmbushja, bllokimi, ndjenja e humbjes, rraskapitja mendore, ndjenja e t\u00eb ecurit shpejt, pagjum\u00ebsia, etj).<\/p>\n<p>Edhe pse stresi dhe ankthi nuk jan\u00eb e nj\u00ebjta gj\u00eb, ato jan\u00eb t\u00eb lidhura ngusht\u00eb. N\u00eb p\u00ebrgjith\u00ebsi, mund t\u00eb themi se stresi ka t\u00eb b\u00ebj\u00eb me nj\u00eb ngarkes\u00eb t\u00eb tep\u00ebrt t\u00eb pun\u00ebs. Duke qen\u00eb se \u00e7do person \u00ebsht\u00eb i ndrysh\u00ebm, ajo q\u00eb p\u00ebr nj\u00eb \u00ebsht\u00eb nj\u00eb ngarkes\u00eb normale e pun\u00ebs, p\u00ebr nj\u00eb tjet\u00ebr p\u00ebrfaq\u00ebson nj\u00eb situat\u00eb stresuese. E gjitha varet nga ve\u00e7orit\u00eb q\u00eb ka \u00e7do person. Nga ana tjet\u00ebr, ankthi ka t\u00eb b\u00ebj\u00eb me pritjen e nj\u00eb gj\u00ebje q\u00eb personi e percepton si negative, por q\u00eb nuk ka ndodhur ende dhe me siguri nuk do t\u00eb ndodh\u00eb kurr\u00eb. N\u00eb shum\u00eb raste, ankthi gjenerohet nga stresi i vazhduesh\u00ebm dhe q\u00eb me kalimin e koh\u00ebs fillon t\u00eb gjeneroj\u00eb mendime negative ose shqet\u00ebsime p\u00ebr nj\u00eb tem\u00eb specifike.<\/p>\n<p>&nbsp;<\/p>\n<p><strong>CalmTu nd\u00ebr t\u00eb tjera \u00ebsht\u00eb efikas n\u00eb:<\/strong><\/p>\n<ul>\n<li>Episoda t\u00eb ankthit<\/li>\n<li>Episoda t\u00eb stresit<\/li>\n<li>Tahikardi<\/li>\n<li>Reduktim t\u00eb nervoz\u00ebs<\/li>\n<li>Episoda t\u00eb acarimeve<\/li>\n<li>Neuralgjia<\/li>\n<li>Insomni (Pagjum\u00ebsi)<\/li>\n<\/ul>\n<p><strong>M\u00ebnyra e p\u00ebrdorimit: <\/strong>2 deri 3 kapsula n\u00eb dit\u00eb, 30 minuta para ushqimit.<\/p>","protected":false},"excerpt":{"rendered":"<p>Ndihmon n\u00eb administrimin e ankthit n\u00eb m\u00ebnyr\u00eb natyrale, pa efekte an\u00ebsore.<\/p>","protected":false},"featured_media":7902,"template":"","meta":[],"product_cat":[106,104,101,95],"product_tag":[],"class_list":{"0":"post-7901","1":"product","2":"type-product","3":"status-publish","4":"has-post-thumbnail","6":"product_cat-mireqenie-mendore-dhe-fizike","7":"product_cat-shtese-ushqimore","8":"product_cat-te-rritur","9":"product_cat-vitae","11":"first","12":"instock","13":"taxable","14":"shipping-taxable","15":"purchasable","16":"product-type-simple"},"yoast_head":"<!-- This site is optimized with the Yoast SEO plugin v23.6 - https:\/\/yoast.com\/wordpress\/plugins\/seo\/ -->\n<title>CalmTu\u00ae 30 Kapsula - Alcedrix<\/title>\n<meta name=\"robots\" content=\"index, follow, max-snippet:-1, max-image-preview:large, max-video-preview:-1\" \/>\n<link rel=\"canonical\" href=\"https:\/\/alcedrix.com\/sq\/shop\/calmtu-30cps\/\" \/>\n<meta property=\"og:locale\" content=\"sq_AL\" \/>\n<meta property=\"og:type\" content=\"article\" \/>\n<meta property=\"og:title\" content=\"CalmTu\u00ae 30 Kapsula - Alcedrix\" \/>\n<meta property=\"og:description\" content=\"Ndihmon n\u00eb administrimin e ankthit n\u00eb m\u00ebnyr\u00eb natyrale, pa efekte an\u00ebsore.\" \/>\n<meta property=\"og:url\" content=\"https:\/\/alcedrix.com\/sq\/shop\/calmtu-30cps\/\" \/>\n<meta property=\"og:site_name\" content=\"Alcedrix\" \/>\n<meta property=\"article:publisher\" content=\"https:\/\/www.facebook.com\/alcedrix\" \/>\n<meta property=\"article:modified_time\" content=\"2024-07-29T13:49:27+00:00\" \/>\n<meta property=\"og:image\" content=\"https:\/\/alcedrix.com\/wp-content\/uploads\/2023\/09\/calmtu30.png\" \/>\n\t<meta property=\"og:image:width\" content=\"600\" \/>\n\t<meta property=\"og:image:height\" content=\"600\" \/>\n\t<meta property=\"og:image:type\" content=\"image\/png\" \/>\n<meta name=\"twitter:card\" content=\"summary_large_image\" \/>\n<meta name=\"twitter:label1\" content=\"Est. reading time\" \/>\n\t<meta name=\"twitter:data1\" content=\"2 minuta\" \/>\n<script type=\"application\/ld+json\" class=\"yoast-schema-graph\">{\"@context\":\"https:\/\/schema.org\",\"@graph\":[{\"@type\":\"WebPage\",\"@id\":\"https:\/\/alcedrix.com\/shop\/calmtu-30cps\/\",\"url\":\"https:\/\/alcedrix.com\/shop\/calmtu-30cps\/\",\"name\":\"CalmTu\u00ae 30 Kapsula - Alcedrix\",\"isPartOf\":{\"@id\":\"http:\/\/alcedrix.com\/#website\"},\"primaryImageOfPage\":{\"@id\":\"https:\/\/alcedrix.com\/shop\/calmtu-30cps\/#primaryimage\"},\"image\":{\"@id\":\"https:\/\/alcedrix.com\/shop\/calmtu-30cps\/#primaryimage\"},\"thumbnailUrl\":\"https:\/\/alcedrix.com\/wp-content\/uploads\/2023\/09\/calmtu30.png\",\"datePublished\":\"2023-09-07T12:08:38+00:00\",\"dateModified\":\"2024-07-29T13:49:27+00:00\",\"breadcrumb\":{\"@id\":\"https:\/\/alcedrix.com\/shop\/calmtu-30cps\/#breadcrumb\"},\"inLanguage\":\"sq\",\"potentialAction\":[{\"@type\":\"ReadAction\",\"target\":[\"https:\/\/alcedrix.com\/shop\/calmtu-30cps\/\"]}]},{\"@type\":\"ImageObject\",\"inLanguage\":\"sq\",\"@id\":\"https:\/\/alcedrix.com\/shop\/calmtu-30cps\/#primaryimage\",\"url\":\"https:\/\/alcedrix.com\/wp-content\/uploads\/2023\/09\/calmtu30.png\",\"contentUrl\":\"https:\/\/alcedrix.com\/wp-content\/uploads\/2023\/09\/calmtu30.png\",\"width\":600,\"height\":600},{\"@type\":\"BreadcrumbList\",\"@id\":\"https:\/\/alcedrix.com\/shop\/calmtu-30cps\/#breadcrumb\",\"itemListElement\":[{\"@type\":\"ListItem\",\"position\":1,\"name\":\"Home\",\"item\":\"http:\/\/alcedrix.com\/\"},{\"@type\":\"ListItem\",\"position\":2,\"name\":\"Shop\",\"item\":\"http:\/\/alcedrix.com\/shop\/\"},{\"@type\":\"ListItem\",\"position\":3,\"name\":\"CalmTu\u00ae 30 Kapsula\"}]},{\"@type\":\"WebSite\",\"@id\":\"http:\/\/alcedrix.com\/#website\",\"url\":\"http:\/\/alcedrix.com\/\",\"name\":\"Alcedrix\",\"description\":\"Alcedrix\",\"publisher\":{\"@id\":\"http:\/\/alcedrix.com\/#organization\"},\"potentialAction\":[{\"@type\":\"SearchAction\",\"target\":{\"@type\":\"EntryPoint\",\"urlTemplate\":\"http:\/\/alcedrix.com\/?s={search_term_string}\"},\"query-input\":{\"@type\":\"PropertyValueSpecification\",\"valueRequired\":true,\"valueName\":\"search_term_string\"}}],\"inLanguage\":\"sq\"},{\"@type\":\"Organization\",\"@id\":\"http:\/\/alcedrix.com\/#organization\",\"name\":\"Alcedrix\",\"url\":\"http:\/\/alcedrix.com\/\",\"logo\":{\"@type\":\"ImageObject\",\"inLanguage\":\"sq\",\"@id\":\"http:\/\/alcedrix.com\/#\/schema\/logo\/image\/\",\"url\":\"http:\/\/3.126.27.25\/wp-content\/uploads\/2023\/08\/logo-web.png\",\"contentUrl\":\"http:\/\/3.126.27.25\/wp-content\/uploads\/2023\/08\/logo-web.png\",\"width\":492,\"height\":93,\"caption\":\"Alcedrix\"},\"image\":{\"@id\":\"http:\/\/alcedrix.com\/#\/schema\/logo\/image\/\"},\"sameAs\":[\"https:\/\/www.facebook.com\/alcedrix\",\"https:\/\/www.instagram.com\/alcedrix\"]}]}<\/script>\n<!-- \/ Yoast SEO plugin. -->","yoast_head_json":{"title":"CalmTu\u00ae 30 Kapsula - Alcedrix","robots":{"index":"index","follow":"follow","max-snippet":"max-snippet:-1","max-image-preview":"max-image-preview:large","max-video-preview":"max-video-preview:-1"},"canonical":"https:\/\/alcedrix.com\/sq\/shop\/calmtu-30cps\/","og_locale":"sq_AL","og_type":"article","og_title":"CalmTu\u00ae 30 Kapsula - Alcedrix","og_description":"Ndihmon n\u00eb administrimin e ankthit n\u00eb m\u00ebnyr\u00eb natyrale, pa efekte an\u00ebsore.","og_url":"https:\/\/alcedrix.com\/sq\/shop\/calmtu-30cps\/","og_site_name":"Alcedrix","article_publisher":"https:\/\/www.facebook.com\/alcedrix","article_modified_time":"2024-07-29T13:49:27+00:00","og_image":[{"width":600,"height":600,"url":"https:\/\/alcedrix.com\/wp-content\/uploads\/2023\/09\/calmtu30.png","type":"image\/png"}],"twitter_card":"summary_large_image","twitter_misc":{"Est. reading time":"2 minuta"},"schema":{"@context":"https:\/\/schema.org","@graph":[{"@type":"WebPage","@id":"https:\/\/alcedrix.com\/shop\/calmtu-30cps\/","url":"https:\/\/alcedrix.com\/shop\/calmtu-30cps\/","name":"CalmTu\u00ae 30 Kapsula - Alcedrix","isPartOf":{"@id":"http:\/\/alcedrix.com\/#website"},"primaryImageOfPage":{"@id":"https:\/\/alcedrix.com\/shop\/calmtu-30cps\/#primaryimage"},"image":{"@id":"https:\/\/alcedrix.com\/shop\/calmtu-30cps\/#primaryimage"},"thumbnailUrl":"https:\/\/alcedrix.com\/wp-content\/uploads\/2023\/09\/calmtu30.png","datePublished":"2023-09-07T12:08:38+00:00","dateModified":"2024-07-29T13:49:27+00:00","breadcrumb":{"@id":"https:\/\/alcedrix.com\/shop\/calmtu-30cps\/#breadcrumb"},"inLanguage":"sq","potentialAction":[{"@type":"ReadAction","target":["https:\/\/alcedrix.com\/shop\/calmtu-30cps\/"]}]},{"@type":"ImageObject","inLanguage":"sq","@id":"https:\/\/alcedrix.com\/shop\/calmtu-30cps\/#primaryimage","url":"https:\/\/alcedrix.com\/wp-content\/uploads\/2023\/09\/calmtu30.png","contentUrl":"https:\/\/alcedrix.com\/wp-content\/uploads\/2023\/09\/calmtu30.png","width":600,"height":600},{"@type":"BreadcrumbList","@id":"https:\/\/alcedrix.com\/shop\/calmtu-30cps\/#breadcrumb","itemListElement":[{"@type":"ListItem","position":1,"name":"Home","item":"http:\/\/alcedrix.com\/"},{"@type":"ListItem","position":2,"name":"Shop","item":"http:\/\/alcedrix.com\/shop\/"},{"@type":"ListItem","position":3,"name":"CalmTu\u00ae 30 Kapsula"}]},{"@type":"WebSite","@id":"http:\/\/alcedrix.com\/#website","url":"http:\/\/alcedrix.com\/","name":"Alcedrix","description":"Alcedrix","publisher":{"@id":"http:\/\/alcedrix.com\/#organization"},"potentialAction":[{"@type":"SearchAction","target":{"@type":"EntryPoint","urlTemplate":"http:\/\/alcedrix.com\/?s={search_term_string}"},"query-input":{"@type":"PropertyValueSpecification","valueRequired":true,"valueName":"search_term_string"}}],"inLanguage":"sq"},{"@type":"Organization","@id":"http:\/\/alcedrix.com\/#organization","name":"Alcedrix","url":"http:\/\/alcedrix.com\/","logo":{"@type":"ImageObject","inLanguage":"sq","@id":"http:\/\/alcedrix.com\/#\/schema\/logo\/image\/","url":"http:\/\/3.126.27.25\/wp-content\/uploads\/2023\/08\/logo-web.png","contentUrl":"http:\/\/3.126.27.25\/wp-content\/uploads\/2023\/08\/logo-web.png","width":492,"height":93,"caption":"Alcedrix"},"image":{"@id":"http:\/\/alcedrix.com\/#\/schema\/logo\/image\/"},"sameAs":["https:\/\/www.facebook.com\/alcedrix","https:\/\/www.instagram.com\/alcedrix"]}]}},"_links":{"self":[{"href":"https:\/\/alcedrix.com\/sq\/wp-json\/wp\/v2\/product\/7901"}],"collection":[{"href":"https:\/\/alcedrix.com\/sq\/wp-json\/wp\/v2\/product"}],"about":[{"href":"https:\/\/alcedrix.com\/sq\/wp-json\/wp\/v2\/types\/product"}],"version-history":[{"count":1,"href":"https:\/\/alcedrix.com\/sq\/wp-json\/wp\/v2\/product\/7901\/revisions"}],"predecessor-version":[{"id":9352,"href":"https:\/\/alcedrix.com\/sq\/wp-json\/wp\/v2\/product\/7901\/revisions\/9352"}],"wp:featuredmedia":[{"embeddable":true,"href":"https:\/\/alcedrix.com\/sq\/wp-json\/wp\/v2\/media\/7902"}],"wp:attachment":[{"href":"https:\/\/alcedrix.com\/sq\/wp-json\/wp\/v2\/media?parent=7901"}],"wp:term":[{"taxonomy":"product_cat","embeddable":true,"href":"https:\/\/alcedrix.com\/sq\/wp-json\/wp\/v2\/product_cat?post=7901"},{"taxonomy":"product_tag","embeddable":true,"href":"https:\/\/alcedrix.com\/sq\/wp-json\/wp\/v2\/product_tag?post=7901"}],"curies":[{"name":"wp","href":"https:\/\/api.w.org\/{rel}","templated":true}]}}