{"id":7897,"date":"2023-09-07T11:57:47","date_gmt":"2023-09-07T11:57:47","guid":{"rendered":"http:\/\/3.126.27.25\/?post_type=product&#038;p=7897"},"modified":"2024-07-16T14:34:57","modified_gmt":"2024-07-16T14:34:57","slug":"bucovitae-spray","status":"publish","type":"product","link":"https:\/\/alcedrix.com\/sq\/shop\/bucovitae-spray\/","title":{"rendered":"BucoVitae\u00ae Sprej 15ml"},"content":{"rendered":"<p>BucoVitae\u00ae \u00ebsht\u00eb shtes\u00eb ushqimore n\u00eb form\u00eb t\u00eb l\u00ebngshme, me baz\u00eb t\u00eb vajit t\u00eb gjemba\u00e7it t\u00eb detit (Hippophae rhamnoides) dhe acidit hialuronik. Vepron duke formuar shtresa mbrojt\u00ebse dhe ndihmon n\u00eb sh\u00ebrimin e ul\u00e7erave t\u00eb goj\u00ebs, zbutjen e skuqjeve t\u00eb pjes\u00ebs s\u00eb brendshme t\u00eb goj\u00ebs dhe fytit.<\/p>\n<p><strong>Rekomandohet t\u00eb p\u00ebrdoret p\u00ebr menaxhimin e:\u00a0<\/strong><\/p>\n<ul>\n<li>Skuqjeve t\u00eb fytit.<\/li>\n<li>Afteve dhe ul\u00e7erave.<\/li>\n<li>Pezmatimeve gjat\u00eb situatave t\u00eb ftohjes.<\/li>\n<li>Plag\u00ebve n\u00eb goj\u00eb si pasoj\u00eb e trajtimeve me medikamente t\u00eb forta.<\/li>\n<li>Irritimeve t\u00eb mishrave gjat\u00eb daljes s\u00eb par\u00eb t\u00eb dh\u00ebmb\u00ebve.<\/li>\n<li>Stomatitit ul\u00e7eroz.<\/li>\n<li>Abrazionit nga protezat e dh\u00ebmb\u00ebve.<\/li>\n<\/ul>\n<p><strong>P\u00ebrparsit\u00eb:\u00a0<\/strong><\/p>\n<ul>\n<li>Dep\u00ebrton thell\u00eb n\u00eb fyt.<\/li>\n<li>Rezultate t\u00eb mira qysh nga dita e par\u00eb e p\u00ebrdorimit.<\/li>\n<li>Shije e k\u00ebndshme.<\/li>\n<li>Aplikim i leht\u00eb.<\/li>\n<li>P\u00ebrdoret nga e gjith\u00eb familja.<\/li>\n<li>I p\u00ebrshtatsh\u00ebm p\u00ebr foshnja (0+).<\/li>\n<\/ul>\n<p>Pa gluten, pa laktoz\u00eb, pa sheqer. P\u00ebrmban \u00ebmb\u00eblsues.<\/p>\n<p><strong>M\u00ebnyra e p\u00ebrdorimit: <\/strong>Sp\u00ebrkatni dy her\u00eb pjes\u00ebn e synuar. Mund t\u00eb p\u00ebrdoret 3-4 her\u00eb n\u00eb dit\u00eb. Drejtojeni tubin horizontalisht dhe vendoseni pran\u00eb pjes\u00ebs q\u00eb duhet sp\u00ebrkatur.<\/p>","protected":false},"excerpt":{"rendered":"<p>Produkt novator\u00eb p\u00ebr menaxhimin e irritimeve t\u00eb goj\u00ebs dhe fytit. P\u00ebrdoret nga mosha 0.<\/p>","protected":false},"featured_media":7898,"template":"","meta":[],"product_cat":[108,107,111,110,109,104,101,95],"product_tag":[],"class_list":{"0":"post-7897","1":"product","2":"type-product","3":"status-publish","4":"has-post-thumbnail","6":"product_cat-femije","7":"product_cat-foshnje","8":"product_cat-ftohje","9":"product_cat-imunitet","10":"product_cat-mbrojtje","11":"product_cat-shtese-ushqimore","12":"product_cat-te-rritur","13":"product_cat-vitae","15":"first","16":"instock","17":"taxable","18":"shipping-taxable","19":"purchasable","20":"product-type-simple"},"yoast_head":"<!-- This site is optimized with the Yoast SEO plugin v23.6 - https:\/\/yoast.com\/wordpress\/plugins\/seo\/ -->\n<title>BucoVitae\u00ae Sprej 15ml - Alcedrix<\/title>\n<meta name=\"robots\" content=\"index, follow, max-snippet:-1, max-image-preview:large, max-video-preview:-1\" \/>\n<link rel=\"canonical\" href=\"https:\/\/alcedrix.com\/sq\/shop\/bucovitae-spray\/\" \/>\n<meta property=\"og:locale\" content=\"sq_AL\" \/>\n<meta property=\"og:type\" content=\"article\" \/>\n<meta property=\"og:title\" content=\"BucoVitae\u00ae Sprej 15ml - Alcedrix\" \/>\n<meta property=\"og:description\" content=\"Produkt novator\u00eb p\u00ebr menaxhimin e irritimeve t\u00eb goj\u00ebs dhe fytit. P\u00ebrdoret nga mosha 0.\" \/>\n<meta property=\"og:url\" content=\"https:\/\/alcedrix.com\/sq\/shop\/bucovitae-spray\/\" \/>\n<meta property=\"og:site_name\" content=\"Alcedrix\" \/>\n<meta property=\"article:publisher\" content=\"https:\/\/www.facebook.com\/alcedrix\" \/>\n<meta property=\"article:modified_time\" content=\"2024-07-16T14:34:57+00:00\" \/>\n<meta property=\"og:image\" content=\"https:\/\/alcedrix.com\/wp-content\/uploads\/2023\/09\/buco.png\" \/>\n\t<meta property=\"og:image:width\" content=\"600\" \/>\n\t<meta property=\"og:image:height\" content=\"600\" \/>\n\t<meta property=\"og:image:type\" content=\"image\/png\" \/>\n<meta name=\"twitter:card\" content=\"summary_large_image\" \/>\n<meta name=\"twitter:label1\" content=\"Est. reading time\" \/>\n\t<meta name=\"twitter:data1\" content=\"1 minut\u00eb\" \/>\n<script type=\"application\/ld+json\" class=\"yoast-schema-graph\">{\"@context\":\"https:\/\/schema.org\",\"@graph\":[{\"@type\":\"WebPage\",\"@id\":\"https:\/\/alcedrix.com\/shop\/bucovitae-spray\/\",\"url\":\"https:\/\/alcedrix.com\/shop\/bucovitae-spray\/\",\"name\":\"BucoVitae\u00ae Sprej 15ml - Alcedrix\",\"isPartOf\":{\"@id\":\"https:\/\/alcedrix.com\/#website\"},\"primaryImageOfPage\":{\"@id\":\"https:\/\/alcedrix.com\/shop\/bucovitae-spray\/#primaryimage\"},\"image\":{\"@id\":\"https:\/\/alcedrix.com\/shop\/bucovitae-spray\/#primaryimage\"},\"thumbnailUrl\":\"https:\/\/alcedrix.com\/wp-content\/uploads\/2023\/09\/buco.png\",\"datePublished\":\"2023-09-07T11:57:47+00:00\",\"dateModified\":\"2024-07-16T14:34:57+00:00\",\"breadcrumb\":{\"@id\":\"https:\/\/alcedrix.com\/shop\/bucovitae-spray\/#breadcrumb\"},\"inLanguage\":\"sq\",\"potentialAction\":[{\"@type\":\"ReadAction\",\"target\":[\"https:\/\/alcedrix.com\/shop\/bucovitae-spray\/\"]}]},{\"@type\":\"ImageObject\",\"inLanguage\":\"sq\",\"@id\":\"https:\/\/alcedrix.com\/shop\/bucovitae-spray\/#primaryimage\",\"url\":\"https:\/\/alcedrix.com\/wp-content\/uploads\/2023\/09\/buco.png\",\"contentUrl\":\"https:\/\/alcedrix.com\/wp-content\/uploads\/2023\/09\/buco.png\",\"width\":600,\"height\":600},{\"@type\":\"BreadcrumbList\",\"@id\":\"https:\/\/alcedrix.com\/shop\/bucovitae-spray\/#breadcrumb\",\"itemListElement\":[{\"@type\":\"ListItem\",\"position\":1,\"name\":\"Home\",\"item\":\"https:\/\/alcedrix.com\/\"},{\"@type\":\"ListItem\",\"position\":2,\"name\":\"Shop\",\"item\":\"https:\/\/alcedrix.com\/shop\/\"},{\"@type\":\"ListItem\",\"position\":3,\"name\":\"BucoVitae\u00ae Sprej 15ml\"}]},{\"@type\":\"WebSite\",\"@id\":\"https:\/\/alcedrix.com\/#website\",\"url\":\"https:\/\/alcedrix.com\/\",\"name\":\"Alcedrix\",\"description\":\"Alcedrix\",\"publisher\":{\"@id\":\"https:\/\/alcedrix.com\/#organization\"},\"potentialAction\":[{\"@type\":\"SearchAction\",\"target\":{\"@type\":\"EntryPoint\",\"urlTemplate\":\"https:\/\/alcedrix.com\/?s={search_term_string}\"},\"query-input\":{\"@type\":\"PropertyValueSpecification\",\"valueRequired\":true,\"valueName\":\"search_term_string\"}}],\"inLanguage\":\"sq\"},{\"@type\":\"Organization\",\"@id\":\"https:\/\/alcedrix.com\/#organization\",\"name\":\"Alcedrix\",\"url\":\"https:\/\/alcedrix.com\/\",\"logo\":{\"@type\":\"ImageObject\",\"inLanguage\":\"sq\",\"@id\":\"https:\/\/alcedrix.com\/#\/schema\/logo\/image\/\",\"url\":\"http:\/\/3.126.27.25\/wp-content\/uploads\/2023\/08\/logo-web.png\",\"contentUrl\":\"http:\/\/3.126.27.25\/wp-content\/uploads\/2023\/08\/logo-web.png\",\"width\":492,\"height\":93,\"caption\":\"Alcedrix\"},\"image\":{\"@id\":\"https:\/\/alcedrix.com\/#\/schema\/logo\/image\/\"},\"sameAs\":[\"https:\/\/www.facebook.com\/alcedrix\",\"https:\/\/www.instagram.com\/alcedrix\"]}]}<\/script>\n<!-- \/ Yoast SEO plugin. -->","yoast_head_json":{"title":"BucoVitae\u00ae Sprej 15ml - Alcedrix","robots":{"index":"index","follow":"follow","max-snippet":"max-snippet:-1","max-image-preview":"max-image-preview:large","max-video-preview":"max-video-preview:-1"},"canonical":"https:\/\/alcedrix.com\/sq\/shop\/bucovitae-spray\/","og_locale":"sq_AL","og_type":"article","og_title":"BucoVitae\u00ae Sprej 15ml - Alcedrix","og_description":"Produkt novator\u00eb p\u00ebr menaxhimin e irritimeve t\u00eb goj\u00ebs dhe fytit. P\u00ebrdoret nga mosha 0.","og_url":"https:\/\/alcedrix.com\/sq\/shop\/bucovitae-spray\/","og_site_name":"Alcedrix","article_publisher":"https:\/\/www.facebook.com\/alcedrix","article_modified_time":"2024-07-16T14:34:57+00:00","og_image":[{"width":600,"height":600,"url":"https:\/\/alcedrix.com\/wp-content\/uploads\/2023\/09\/buco.png","type":"image\/png"}],"twitter_card":"summary_large_image","twitter_misc":{"Est. reading time":"1 minut\u00eb"},"schema":{"@context":"https:\/\/schema.org","@graph":[{"@type":"WebPage","@id":"https:\/\/alcedrix.com\/shop\/bucovitae-spray\/","url":"https:\/\/alcedrix.com\/shop\/bucovitae-spray\/","name":"BucoVitae\u00ae Sprej 15ml - Alcedrix","isPartOf":{"@id":"https:\/\/alcedrix.com\/#website"},"primaryImageOfPage":{"@id":"https:\/\/alcedrix.com\/shop\/bucovitae-spray\/#primaryimage"},"image":{"@id":"https:\/\/alcedrix.com\/shop\/bucovitae-spray\/#primaryimage"},"thumbnailUrl":"https:\/\/alcedrix.com\/wp-content\/uploads\/2023\/09\/buco.png","datePublished":"2023-09-07T11:57:47+00:00","dateModified":"2024-07-16T14:34:57+00:00","breadcrumb":{"@id":"https:\/\/alcedrix.com\/shop\/bucovitae-spray\/#breadcrumb"},"inLanguage":"sq","potentialAction":[{"@type":"ReadAction","target":["https:\/\/alcedrix.com\/shop\/bucovitae-spray\/"]}]},{"@type":"ImageObject","inLanguage":"sq","@id":"https:\/\/alcedrix.com\/shop\/bucovitae-spray\/#primaryimage","url":"https:\/\/alcedrix.com\/wp-content\/uploads\/2023\/09\/buco.png","contentUrl":"https:\/\/alcedrix.com\/wp-content\/uploads\/2023\/09\/buco.png","width":600,"height":600},{"@type":"BreadcrumbList","@id":"https:\/\/alcedrix.com\/shop\/bucovitae-spray\/#breadcrumb","itemListElement":[{"@type":"ListItem","position":1,"name":"Home","item":"https:\/\/alcedrix.com\/"},{"@type":"ListItem","position":2,"name":"Shop","item":"https:\/\/alcedrix.com\/shop\/"},{"@type":"ListItem","position":3,"name":"BucoVitae\u00ae Sprej 15ml"}]},{"@type":"WebSite","@id":"https:\/\/alcedrix.com\/#website","url":"https:\/\/alcedrix.com\/","name":"Alcedrix","description":"Alcedrix","publisher":{"@id":"https:\/\/alcedrix.com\/#organization"},"potentialAction":[{"@type":"SearchAction","target":{"@type":"EntryPoint","urlTemplate":"https:\/\/alcedrix.com\/?s={search_term_string}"},"query-input":{"@type":"PropertyValueSpecification","valueRequired":true,"valueName":"search_term_string"}}],"inLanguage":"sq"},{"@type":"Organization","@id":"https:\/\/alcedrix.com\/#organization","name":"Alcedrix","url":"https:\/\/alcedrix.com\/","logo":{"@type":"ImageObject","inLanguage":"sq","@id":"https:\/\/alcedrix.com\/#\/schema\/logo\/image\/","url":"http:\/\/3.126.27.25\/wp-content\/uploads\/2023\/08\/logo-web.png","contentUrl":"http:\/\/3.126.27.25\/wp-content\/uploads\/2023\/08\/logo-web.png","width":492,"height":93,"caption":"Alcedrix"},"image":{"@id":"https:\/\/alcedrix.com\/#\/schema\/logo\/image\/"},"sameAs":["https:\/\/www.facebook.com\/alcedrix","https:\/\/www.instagram.com\/alcedrix"]}]}},"_links":{"self":[{"href":"https:\/\/alcedrix.com\/sq\/wp-json\/wp\/v2\/product\/7897"}],"collection":[{"href":"https:\/\/alcedrix.com\/sq\/wp-json\/wp\/v2\/product"}],"about":[{"href":"https:\/\/alcedrix.com\/sq\/wp-json\/wp\/v2\/types\/product"}],"version-history":[{"count":0,"href":"https:\/\/alcedrix.com\/sq\/wp-json\/wp\/v2\/product\/7897\/revisions"}],"wp:featuredmedia":[{"embeddable":true,"href":"https:\/\/alcedrix.com\/sq\/wp-json\/wp\/v2\/media\/7898"}],"wp:attachment":[{"href":"https:\/\/alcedrix.com\/sq\/wp-json\/wp\/v2\/media?parent=7897"}],"wp:term":[{"taxonomy":"product_cat","embeddable":true,"href":"https:\/\/alcedrix.com\/sq\/wp-json\/wp\/v2\/product_cat?post=7897"},{"taxonomy":"product_tag","embeddable":true,"href":"https:\/\/alcedrix.com\/sq\/wp-json\/wp\/v2\/product_tag?post=7897"}],"curies":[{"name":"wp","href":"https:\/\/api.w.org\/{rel}","templated":true}]}}