{"id":7883,"date":"2023-09-04T12:07:38","date_gmt":"2023-09-04T12:07:38","guid":{"rendered":"http:\/\/3.126.27.25\/?post_type=product&#038;p=7883"},"modified":"2024-07-19T13:00:24","modified_gmt":"2024-07-19T13:00:24","slug":"absolute-dry-torr-25ml-roll-on","status":"publish","type":"product","link":"https:\/\/alcedrix.com\/sq\/shop\/absolute-dry-torr-25ml-roll-on\/","title":{"rendered":"Absolute Dry Roll-on 25ml"},"content":{"rendered":"<p>Absolute Dry 25mL ROLL-ON \u00ebsht\u00eb antiperspirant i fuqish\u00ebm q\u00eb parandalon n\u00eb m\u00ebnyr\u00eb efektive djersitjen e sqetullave, k\u00ebmb\u00ebve, duarve, etj. Me efekt deri n\u00eb 7 dit\u00eb.<\/p>\n<p>Absolute Dry p\u00ebrmban klorur alumini n\u00eb baz\u00eb alkooli dhe parandalon djersitjen n\u00eb vendin e aplikimit.<\/p>\n<p>Kloruri i aluminit formon nj\u00eb penges\u00eb n\u00eb pjes\u00ebn e jashtme t\u00eb gj\u00ebndr\u00ebs s\u00eb djers\u00ebs e cila parandalon q\u00eb djersitja t\u00eb dal\u00eb jasht\u00eb n\u00eb l\u00ebkur\u00ebs.<\/p>\n<p>Kloruri i aluminit gjithashtu ka efekt frenues ndaj baktereve duke parandaluar er\u00ebn e keqe.<\/p>\n<p>Absolute Dry rekomandohet p\u00ebr k\u00ebdo q\u00eb d\u00ebshiron antiperspirant me efekt unik t\u00eb q\u00ebndruesh\u00ebm.<\/p>\n<p>Absolute Dry u rekomandohet edhe personave q\u00eb vuajn\u00eb nga djersitja e tep\u00ebrt, e ashtuquajtura hyperhidrosis.<\/p>\n<p>Absolute Dry \u00ebsht\u00eb pa paraben, pa parfume dhe pa er\u00eb.<\/p>\n<p><strong>M\u00ebnyra e p\u00ebrdorimit:<\/strong><\/p>\n<p>Pastroni l\u00ebkur\u00ebn n\u00eb vendin ku do t\u2019a aplikoni dhe thajeni me peshqir. L\u00ebreni l\u00ebkur\u00ebn t\u00eb thahet p\u00ebr nj\u00eb koh\u00eb nga ajri.<\/p>\n<p>L\u00ebkura e sapo rruar leht\u00ebsisht irritohet. Ju nuk duhet t\u00eb rruani n\u00ebn sqetullat p\u00ebr 24 or\u00eb para se t\u00eb p\u00ebrdorni Absolute Dry. Aplikoni Absolute Dry n\u00eb l\u00ebkur\u00eb nj\u00eb or\u00eb para se t\u00eb shkoni n\u00eb shtrat nat\u00ebn dhe l\u00ebreni t\u00eb thahet p\u00ebr rreth 2 minuta.<\/p>\n<p>Pastroni l\u00ebkur\u00ebn n\u00eb m\u00ebngjes. N\u00ebse d\u00ebshironi, ju mund t\u00eb p\u00ebrdorni nj\u00eb deodorant t\u00eb rregullt aromatik, por kjo nuk \u00ebsht\u00eb e nevojshme.<\/p>\n<p>Absolute Dry do t\u00eb mbaj\u00eb l\u00ebkur\u00ebn tuaj t\u00eb that\u00eb dhe t\u00eb fresk\u00ebt deri n\u00eb 7 dit\u00eb. Mjafton ta p\u00ebrdorni vet\u00ebm nj\u00eb her\u00eb n\u00eb jav\u00eb. N\u00ebse vuani nga djersitja e tepruar (hyperhidrosis), \u00ebsht\u00eb e rekomanduar q\u00eb ju fillimisht t\u00eb p\u00ebrdorni Absolute Dry m\u00eb shpesh. Pas k\u00ebsaj periudhe fillestare arrihet nj\u00eb efekt m\u00eb i q\u00ebndruesh\u00ebm dhe mjafton ta p\u00ebrdorni vet\u00ebm nj\u00eb her\u00eb n\u00eb jav\u00eb.<\/p>\n<p>L\u00ebkura n\u00eb duar dhe k\u00ebmb\u00eb \u00ebsht\u00eb m\u00eb e trash\u00eb se sa n\u00ebn sqetullat. Prandaj, duhet t\u00eb p\u00ebrdorni m\u00eb shpesh n\u00eb k\u00ebto pjes\u00eb. P\u00ebrdoreni Absolute dry disa mbr\u00ebmje rresht gjat\u00eb periudh\u00ebs fillestare t\u00eb p\u00ebrdorimit p\u00ebr t\u00eb arritur efektin e plot\u00eb.<\/p>","protected":false},"excerpt":{"rendered":"<p>Absolute Dry 25mL ROLL-ON \u00ebsht\u00eb antiperspirant i fuqish\u00ebm q\u00eb parandalon n\u00eb m\u00ebnyr\u00eb efektive djersitjen e sqetullave, k\u00ebmb\u00ebve, duarve, etj. Me efekt deri n\u00eb 7 dit\u00eb.<\/p>\n<p>Ka paketim t\u00eb p\u00ebrshtatsh\u00ebm p\u00ebr udh\u00ebtim.<\/p>","protected":false},"featured_media":8883,"template":"","meta":[],"product_cat":[103,118,102,101],"product_tag":[],"class_list":{"0":"post-7883","1":"product","2":"type-product","3":"status-publish","4":"has-post-thumbnail","6":"product_cat-impolin-ab","7":"product_cat-kozmetike","8":"product_cat-lekura-dhe-floku","9":"product_cat-te-rritur","11":"first","12":"instock","13":"taxable","14":"shipping-taxable","15":"purchasable","16":"product-type-simple"},"yoast_head":"<!-- This site is optimized with the Yoast SEO plugin v23.6 - https:\/\/yoast.com\/wordpress\/plugins\/seo\/ -->\n<title>Absolute Dry Roll-on 25ml - Alcedrix<\/title>\n<meta name=\"robots\" content=\"index, follow, max-snippet:-1, max-image-preview:large, max-video-preview:-1\" \/>\n<link rel=\"canonical\" href=\"https:\/\/alcedrix.com\/sq\/shop\/absolute-dry-torr-25ml-roll-on\/\" \/>\n<meta property=\"og:locale\" content=\"sq_AL\" \/>\n<meta property=\"og:type\" content=\"article\" \/>\n<meta property=\"og:title\" content=\"Absolute Dry Roll-on 25ml - Alcedrix\" \/>\n<meta property=\"og:description\" content=\"Absolute Dry 25mL ROLL-ON \u00ebsht\u00eb antiperspirant i fuqish\u00ebm q\u00eb parandalon n\u00eb m\u00ebnyr\u00eb efektive djersitjen e sqetullave, k\u00ebmb\u00ebve, duarve, etj. Me efekt deri n\u00eb 7 dit\u00eb.  Ka paketim t\u00eb p\u00ebrshtatsh\u00ebm p\u00ebr udh\u00ebtim.\" \/>\n<meta property=\"og:url\" content=\"https:\/\/alcedrix.com\/sq\/shop\/absolute-dry-torr-25ml-roll-on\/\" \/>\n<meta property=\"og:site_name\" content=\"Alcedrix\" \/>\n<meta property=\"article:publisher\" content=\"https:\/\/www.facebook.com\/alcedrix\" \/>\n<meta property=\"article:modified_time\" content=\"2024-07-19T13:00:24+00:00\" \/>\n<meta property=\"og:image\" content=\"https:\/\/alcedrix.com\/wp-content\/uploads\/2023\/09\/absolute-dry-produkti-post.png\" \/>\n\t<meta property=\"og:image:width\" content=\"600\" \/>\n\t<meta property=\"og:image:height\" content=\"600\" \/>\n\t<meta property=\"og:image:type\" content=\"image\/png\" \/>\n<meta name=\"twitter:card\" content=\"summary_large_image\" \/>\n<meta name=\"twitter:label1\" content=\"Est. reading time\" \/>\n\t<meta name=\"twitter:data1\" content=\"2 minuta\" \/>\n<script type=\"application\/ld+json\" class=\"yoast-schema-graph\">{\"@context\":\"https:\/\/schema.org\",\"@graph\":[{\"@type\":\"WebPage\",\"@id\":\"https:\/\/alcedrix.com\/shop\/absolute-dry-torr-25ml-roll-on\/\",\"url\":\"https:\/\/alcedrix.com\/shop\/absolute-dry-torr-25ml-roll-on\/\",\"name\":\"Absolute Dry Roll-on 25ml - Alcedrix\",\"isPartOf\":{\"@id\":\"https:\/\/alcedrix.com\/#website\"},\"primaryImageOfPage\":{\"@id\":\"https:\/\/alcedrix.com\/shop\/absolute-dry-torr-25ml-roll-on\/#primaryimage\"},\"image\":{\"@id\":\"https:\/\/alcedrix.com\/shop\/absolute-dry-torr-25ml-roll-on\/#primaryimage\"},\"thumbnailUrl\":\"https:\/\/alcedrix.com\/wp-content\/uploads\/2023\/09\/absolute-dry-produkti-post.png\",\"datePublished\":\"2023-09-04T12:07:38+00:00\",\"dateModified\":\"2024-07-19T13:00:24+00:00\",\"breadcrumb\":{\"@id\":\"https:\/\/alcedrix.com\/shop\/absolute-dry-torr-25ml-roll-on\/#breadcrumb\"},\"inLanguage\":\"sq\",\"potentialAction\":[{\"@type\":\"ReadAction\",\"target\":[\"https:\/\/alcedrix.com\/shop\/absolute-dry-torr-25ml-roll-on\/\"]}]},{\"@type\":\"ImageObject\",\"inLanguage\":\"sq\",\"@id\":\"https:\/\/alcedrix.com\/shop\/absolute-dry-torr-25ml-roll-on\/#primaryimage\",\"url\":\"https:\/\/alcedrix.com\/wp-content\/uploads\/2023\/09\/absolute-dry-produkti-post.png\",\"contentUrl\":\"https:\/\/alcedrix.com\/wp-content\/uploads\/2023\/09\/absolute-dry-produkti-post.png\",\"width\":600,\"height\":600},{\"@type\":\"BreadcrumbList\",\"@id\":\"https:\/\/alcedrix.com\/shop\/absolute-dry-torr-25ml-roll-on\/#breadcrumb\",\"itemListElement\":[{\"@type\":\"ListItem\",\"position\":1,\"name\":\"Home\",\"item\":\"https:\/\/alcedrix.com\/\"},{\"@type\":\"ListItem\",\"position\":2,\"name\":\"Shop\",\"item\":\"https:\/\/alcedrix.com\/shop\/\"},{\"@type\":\"ListItem\",\"position\":3,\"name\":\"Absolute Dry Roll-on 25ml\"}]},{\"@type\":\"WebSite\",\"@id\":\"https:\/\/alcedrix.com\/#website\",\"url\":\"https:\/\/alcedrix.com\/\",\"name\":\"Alcedrix\",\"description\":\"Alcedrix\",\"publisher\":{\"@id\":\"https:\/\/alcedrix.com\/#organization\"},\"potentialAction\":[{\"@type\":\"SearchAction\",\"target\":{\"@type\":\"EntryPoint\",\"urlTemplate\":\"https:\/\/alcedrix.com\/?s={search_term_string}\"},\"query-input\":{\"@type\":\"PropertyValueSpecification\",\"valueRequired\":true,\"valueName\":\"search_term_string\"}}],\"inLanguage\":\"sq\"},{\"@type\":\"Organization\",\"@id\":\"https:\/\/alcedrix.com\/#organization\",\"name\":\"Alcedrix\",\"url\":\"https:\/\/alcedrix.com\/\",\"logo\":{\"@type\":\"ImageObject\",\"inLanguage\":\"sq\",\"@id\":\"https:\/\/alcedrix.com\/#\/schema\/logo\/image\/\",\"url\":\"http:\/\/3.126.27.25\/wp-content\/uploads\/2023\/08\/logo-web.png\",\"contentUrl\":\"http:\/\/3.126.27.25\/wp-content\/uploads\/2023\/08\/logo-web.png\",\"width\":492,\"height\":93,\"caption\":\"Alcedrix\"},\"image\":{\"@id\":\"https:\/\/alcedrix.com\/#\/schema\/logo\/image\/\"},\"sameAs\":[\"https:\/\/www.facebook.com\/alcedrix\",\"https:\/\/www.instagram.com\/alcedrix\"]}]}<\/script>\n<!-- \/ Yoast SEO plugin. -->","yoast_head_json":{"title":"Absolute Dry Roll-on 25ml - Alcedrix","robots":{"index":"index","follow":"follow","max-snippet":"max-snippet:-1","max-image-preview":"max-image-preview:large","max-video-preview":"max-video-preview:-1"},"canonical":"https:\/\/alcedrix.com\/sq\/shop\/absolute-dry-torr-25ml-roll-on\/","og_locale":"sq_AL","og_type":"article","og_title":"Absolute Dry Roll-on 25ml - Alcedrix","og_description":"Absolute Dry 25mL ROLL-ON \u00ebsht\u00eb antiperspirant i fuqish\u00ebm q\u00eb parandalon n\u00eb m\u00ebnyr\u00eb efektive djersitjen e sqetullave, k\u00ebmb\u00ebve, duarve, etj. Me efekt deri n\u00eb 7 dit\u00eb.  Ka paketim t\u00eb p\u00ebrshtatsh\u00ebm p\u00ebr udh\u00ebtim.","og_url":"https:\/\/alcedrix.com\/sq\/shop\/absolute-dry-torr-25ml-roll-on\/","og_site_name":"Alcedrix","article_publisher":"https:\/\/www.facebook.com\/alcedrix","article_modified_time":"2024-07-19T13:00:24+00:00","og_image":[{"width":600,"height":600,"url":"https:\/\/alcedrix.com\/wp-content\/uploads\/2023\/09\/absolute-dry-produkti-post.png","type":"image\/png"}],"twitter_card":"summary_large_image","twitter_misc":{"Est. reading time":"2 minuta"},"schema":{"@context":"https:\/\/schema.org","@graph":[{"@type":"WebPage","@id":"https:\/\/alcedrix.com\/shop\/absolute-dry-torr-25ml-roll-on\/","url":"https:\/\/alcedrix.com\/shop\/absolute-dry-torr-25ml-roll-on\/","name":"Absolute Dry Roll-on 25ml - Alcedrix","isPartOf":{"@id":"https:\/\/alcedrix.com\/#website"},"primaryImageOfPage":{"@id":"https:\/\/alcedrix.com\/shop\/absolute-dry-torr-25ml-roll-on\/#primaryimage"},"image":{"@id":"https:\/\/alcedrix.com\/shop\/absolute-dry-torr-25ml-roll-on\/#primaryimage"},"thumbnailUrl":"https:\/\/alcedrix.com\/wp-content\/uploads\/2023\/09\/absolute-dry-produkti-post.png","datePublished":"2023-09-04T12:07:38+00:00","dateModified":"2024-07-19T13:00:24+00:00","breadcrumb":{"@id":"https:\/\/alcedrix.com\/shop\/absolute-dry-torr-25ml-roll-on\/#breadcrumb"},"inLanguage":"sq","potentialAction":[{"@type":"ReadAction","target":["https:\/\/alcedrix.com\/shop\/absolute-dry-torr-25ml-roll-on\/"]}]},{"@type":"ImageObject","inLanguage":"sq","@id":"https:\/\/alcedrix.com\/shop\/absolute-dry-torr-25ml-roll-on\/#primaryimage","url":"https:\/\/alcedrix.com\/wp-content\/uploads\/2023\/09\/absolute-dry-produkti-post.png","contentUrl":"https:\/\/alcedrix.com\/wp-content\/uploads\/2023\/09\/absolute-dry-produkti-post.png","width":600,"height":600},{"@type":"BreadcrumbList","@id":"https:\/\/alcedrix.com\/shop\/absolute-dry-torr-25ml-roll-on\/#breadcrumb","itemListElement":[{"@type":"ListItem","position":1,"name":"Home","item":"https:\/\/alcedrix.com\/"},{"@type":"ListItem","position":2,"name":"Shop","item":"https:\/\/alcedrix.com\/shop\/"},{"@type":"ListItem","position":3,"name":"Absolute Dry Roll-on 25ml"}]},{"@type":"WebSite","@id":"https:\/\/alcedrix.com\/#website","url":"https:\/\/alcedrix.com\/","name":"Alcedrix","description":"Alcedrix","publisher":{"@id":"https:\/\/alcedrix.com\/#organization"},"potentialAction":[{"@type":"SearchAction","target":{"@type":"EntryPoint","urlTemplate":"https:\/\/alcedrix.com\/?s={search_term_string}"},"query-input":{"@type":"PropertyValueSpecification","valueRequired":true,"valueName":"search_term_string"}}],"inLanguage":"sq"},{"@type":"Organization","@id":"https:\/\/alcedrix.com\/#organization","name":"Alcedrix","url":"https:\/\/alcedrix.com\/","logo":{"@type":"ImageObject","inLanguage":"sq","@id":"https:\/\/alcedrix.com\/#\/schema\/logo\/image\/","url":"http:\/\/3.126.27.25\/wp-content\/uploads\/2023\/08\/logo-web.png","contentUrl":"http:\/\/3.126.27.25\/wp-content\/uploads\/2023\/08\/logo-web.png","width":492,"height":93,"caption":"Alcedrix"},"image":{"@id":"https:\/\/alcedrix.com\/#\/schema\/logo\/image\/"},"sameAs":["https:\/\/www.facebook.com\/alcedrix","https:\/\/www.instagram.com\/alcedrix"]}]}},"_links":{"self":[{"href":"https:\/\/alcedrix.com\/sq\/wp-json\/wp\/v2\/product\/7883"}],"collection":[{"href":"https:\/\/alcedrix.com\/sq\/wp-json\/wp\/v2\/product"}],"about":[{"href":"https:\/\/alcedrix.com\/sq\/wp-json\/wp\/v2\/types\/product"}],"version-history":[{"count":1,"href":"https:\/\/alcedrix.com\/sq\/wp-json\/wp\/v2\/product\/7883\/revisions"}],"predecessor-version":[{"id":7891,"href":"https:\/\/alcedrix.com\/sq\/wp-json\/wp\/v2\/product\/7883\/revisions\/7891"}],"wp:featuredmedia":[{"embeddable":true,"href":"https:\/\/alcedrix.com\/sq\/wp-json\/wp\/v2\/media\/8883"}],"wp:attachment":[{"href":"https:\/\/alcedrix.com\/sq\/wp-json\/wp\/v2\/media?parent=7883"}],"wp:term":[{"taxonomy":"product_cat","embeddable":true,"href":"https:\/\/alcedrix.com\/sq\/wp-json\/wp\/v2\/product_cat?post=7883"},{"taxonomy":"product_tag","embeddable":true,"href":"https:\/\/alcedrix.com\/sq\/wp-json\/wp\/v2\/product_tag?post=7883"}],"curies":[{"name":"wp","href":"https:\/\/api.w.org\/{rel}","templated":true}]}}