{"id":9476,"date":"2024-10-17T07:42:22","date_gmt":"2024-10-17T07:42:22","guid":{"rendered":"http:\/\/3.126.27.25\/?page_id=9476"},"modified":"2025-04-30T12:18:35","modified_gmt":"2025-04-30T12:18:35","slug":"brand-manager-shqiperi","status":"publish","type":"page","link":"https:\/\/alcedrix.com\/sq\/brand-manager-shqiperi\/","title":{"rendered":"Brand Manager &#8211; Shqip\u00ebri"},"content":{"rendered":"<div data-elementor-type=\"wp-page\" data-elementor-id=\"9476\" class=\"elementor elementor-9476\" data-elementor-post-type=\"page\">\n\t\t\t\t\t\t<section class=\"elementor-section elementor-top-section elementor-element elementor-element-b18dcab elementor-section-full_width elementor-section-height-default elementor-section-height-default qodef-elementor-content-no\" data-id=\"b18dcab\" data-element_type=\"section\">\n\t\t\t\t\t\t<div class=\"elementor-container elementor-column-gap-default\">\n\t\t\t\t\t<div class=\"elementor-column elementor-col-100 elementor-top-column elementor-element elementor-element-6068994\" data-id=\"6068994\" data-element_type=\"column\">\n\t\t\t<div class=\"elementor-widget-wrap elementor-element-populated\">\n\t\t\t\t\t\t<div class=\"elementor-element elementor-element-d4b8d00 elementor-widget elementor-widget-image\" data-id=\"d4b8d00\" data-element_type=\"widget\" data-widget_type=\"image.default\">\n\t\t\t\t<div class=\"elementor-widget-container\">\n\t\t\t<style>\/*! elementor - v3.23.0 - 05-08-2024 *\/\n.elementor-widget-image{text-align:center}.elementor-widget-image a{display:inline-block}.elementor-widget-image a img[src$=\".svg\"]{width:48px}.elementor-widget-image img{vertical-align:middle;display:inline-block}<\/style>\t\t\t\t\t\t\t\t\t\t<img decoding=\"async\" src=\"http:\/\/3.126.27.25\/wp-content\/uploads\/2024\/10\/Banner_Konkursi.jpg\" title=\"\" alt=\"\" loading=\"lazy\" \/>\t\t\t\t\t\t\t\t\t\t\t\t\t<\/div>\n\t\t\t\t<\/div>\n\t\t\t\t\t<\/div>\n\t\t<\/div>\n\t\t\t\t\t<\/div>\n\t\t<\/section>\n\t\t\t\t<section class=\"elementor-section elementor-top-section elementor-element elementor-element-93cba03 elementor-section-full_width elementor-section-height-default elementor-section-height-default qodef-elementor-content-no\" data-id=\"93cba03\" data-element_type=\"section\">\n\t\t\t\t\t\t<div class=\"elementor-container elementor-column-gap-default\">\n\t\t\t\t\t<div class=\"elementor-column elementor-col-50 elementor-top-column elementor-element elementor-element-6118455\" data-id=\"6118455\" data-element_type=\"column\">\n\t\t\t<div class=\"elementor-widget-wrap elementor-element-populated\">\n\t\t\t\t\t\t<div class=\"elementor-element elementor-element-9cdce4d elementor-widget elementor-widget-pharmacare_core_section_title\" data-id=\"9cdce4d\" data-element_type=\"widget\" data-widget_type=\"pharmacare_core_section_title.default\">\n\t\t\t\t<div class=\"elementor-widget-container\">\n\t\t\t<div class=\"qodef-shortcode qodef-m  qodef-section-title  qodef-alignment--left  qodef-appear-animation--enabled\">\n\t\t<h3 class=\"qodef-m-title\" >\n\t\t\t\t\tBrand Manager - Shqip\u00ebri\t\t\t<\/h3>\n\t<\/div>\t\t<\/div>\n\t\t\t\t<\/div>\n\t\t\t\t<div class=\"elementor-element elementor-element-50cb975 elementor-widget elementor-widget-text-editor\" data-id=\"50cb975\" data-element_type=\"widget\" data-widget_type=\"text-editor.default\">\n\t\t\t\t<div class=\"elementor-widget-container\">\n\t\t\t<style>\/*! elementor - v3.23.0 - 05-08-2024 *\/\n.elementor-widget-text-editor.elementor-drop-cap-view-stacked .elementor-drop-cap{background-color:#69727d;color:#fff}.elementor-widget-text-editor.elementor-drop-cap-view-framed .elementor-drop-cap{color:#69727d;border:3px solid;background-color:transparent}.elementor-widget-text-editor:not(.elementor-drop-cap-view-default) .elementor-drop-cap{margin-top:8px}.elementor-widget-text-editor:not(.elementor-drop-cap-view-default) .elementor-drop-cap-letter{width:1em;height:1em}.elementor-widget-text-editor .elementor-drop-cap{float:left;text-align:center;line-height:1;font-size:50px}.elementor-widget-text-editor .elementor-drop-cap-letter{display:inline-block}<\/style>\t\t\t\t<p>Alcedrix \u00ebsht\u00eb kompani e specializuar n\u00eb zhvillim dhe shp\u00ebrndarje t\u00eb produkteve t\u00eb konsumit t\u00eb gjer\u00eb, me fokus n\u00eb Produkte Farmaceutike, Shtesa Ushqimore, OTC dhe Produkte Kozmetike.<\/p><p>Alcedrix operon n\u00eb Kosov\u00eb si nj\u00ebri nga lider\u00ebt e industries q\u00eb nga viti 2016. Alcedrix ka hap edhe deg\u00ebn e saj n\u00eb Shqip\u00ebri n\u00eb vitin 2022, duke e nis nj\u00eb rrug\u00ebtim akoma m\u00eb interesant p\u00ebr kompanin\u00eb. Objektivi yn\u00eb \u00ebsht\u00eb q\u00eb bashk\u00eb me partner\u00ebt dhe bashk\u00ebpun\u00ebtoret tan\u00eb, ta shtrijm\u00eb prezenc\u00ebn n\u00eb t\u00eb gjith\u00eb rajonin gjithmon\u00eb duke sjell\u00eb n\u00eb treg vet\u00ebm produkte cil\u00ebsore, me kontrolle dhe standarde super t\u00eb larta t\u00eb prodhimit.<\/p><p>S\u00eb fundmi, Alcedrix ka lidh marr\u00ebveshje ekskluzive me kompanin\u00eb angleze Brand Architekts me brendet e saj: The Solution, Super Facialist, Skinny Tan, etj (<a href=\"http:\/\/www.brandarchitektsplc.com\">www.brandarchitektsplc.com<\/a>). Brand Architekts eshte kompani novatore, me fokus n\u00eb\u00a0 zhvillimin e produkteve t\u00eb kujdesit personal. Si rezultat i nevoj\u00ebs p\u00ebr zhvillim t\u00eb k\u00ebtij brendi, ne kemi k\u00ebnaq\u00ebsin\u00eb q\u00eb t\u00eb shpallim t\u00eb hapur konkursin p\u00ebr pozit\u00ebn:<\/p><p>BRAND MANAGER \u2013 SHQIP\u00cbRI<\/p><p><strong>Detyrat dhe P\u00ebrgjegj\u00ebsit\u00eb:<\/strong><\/p><ul><li>Nd\u00ebrtimi, zhvillimi dhe monitorimi i planit zhvillimor t\u00eb brendeve n\u00eb vendin p\u00ebrkat\u00ebs<\/li><li>Nd\u00ebrtimi i ekipit t\u00eb shitjes dhe marketingut<\/li><li>Implementimin e planit t\u00eb shitjes dhe Marketingut<\/li><li>Nd\u00ebrtimi i relacioneve me klient\u00ebt dhe lidhja e marr\u00ebveshjeve t\u00eb shitjes.<\/li><li>Nd\u00ebrtimi, Zhvillimi dhe Menaxhimi i promocioneve sipas planit strategjik<\/li><li>Organizimi dhe menaxhimi i eventeve profesionale.<\/li><\/ul><p><strong>\u00c7ka k\u00ebrkohet?<\/strong><\/p><ul><li>T\u00eb jeni banor\/e i\/e Shqip\u00ebris\u00eb<\/li><li>T\u00eb keni p\u00ebrvoj\u00eb pune n\u00eb pozita t\u00eb ngjashme n\u00eb industrin\u00eb farmaceutike \/ kozmetike<\/li><li>T\u00eb jeni t\u00eb diplomuar ose n\u00eb vitin e fundit t\u00eb studimeve (preferohet t\u00eb keni prapavij\u00eb ne industrin\u00eb farmaceutike)<\/li><li>T\u00eb jeni i\/e aft\u00eb t\u00eb punoni me orientim n\u00eb arritjen e planeve t\u00eb shitjes dhe marktingut<\/li><li>T\u00eb jeni i\/e aft\u00eb t\u00eb punoni si ekip dhe n\u00ebn presion t\u00eb pun\u00ebs.<\/li><li>T\u00eb keni patent\u00eb shoferi t\u00eb kategoris\u00eb \u201cB\u201d<\/li><li>T\u00eb jeni t\u00eb gatsh\u00ebm t\u00eb udh\u00ebtoni jasht\u00eb vendit p\u00ebr trajnime<\/li><li>T\u00eb mos jeni t\u00eb p\u00ebrndjekur penalisht<\/li><\/ul><p><strong>\u00c7ka ofrohet?<\/strong><\/p><ul><li>Paket\u00eb atraktive e benfiteve (Pag\u00eb + Bonus).<\/li><li>Kontrat\u00eb pune sipas ligjeve n\u00eb fuqi n\u00eb Shqip\u00ebri.<\/li><li>Sigurim Sh\u00ebndet\u00ebsor.<\/li><li>Orar pune: 08:00 \u2013 16:00.<\/li><li>Dit\u00ebt e pun\u00ebs: e H\u00ebn\u00eb \u2013 e Premt\u00eb (vikendet jan\u00eb pushim).<\/li><li>Automjet t\u00eb kompanis\u00eb 24h.<\/li><li>Smart Phone + pako e komunikimit.<\/li><\/ul><p>T\u00eb gjith\u00eb ju q\u00eb jeni t\u00eb gatsh\u00ebm t`i bashkangjiteni k\u00ebtij ekipi, jeni t\u00eb mir\u00ebseardhur q\u00eb t\u00eb aplikoni duke plot\u00ebsuar form\u00ebn e aplikimit n\u00eb <a href=\"https:\/\/alcedrix.com\/sq\/karriera\/\">https:\/\/alcedrix.com\/karriera<\/a>\u00a0dhe duke bashkangjitur CV-n\u00eb.<\/p><p>**Vetem kandidat\u00ebt e kualifikuar do t\u00eb kontaktohen dhe t\u00eb ftohen p\u00ebr intervist\u00eb!**<\/p>\t\t\t\t\t\t<\/div>\n\t\t\t\t<\/div>\n\t\t\t\t\t<\/div>\n\t\t<\/div>\n\t\t\t\t<div class=\"elementor-column elementor-col-50 elementor-top-column elementor-element elementor-element-2f4bb1c\" data-id=\"2f4bb1c\" data-element_type=\"column\">\n\t\t\t<div class=\"elementor-widget-wrap elementor-element-populated\">\n\t\t\t\t\t\t<div class=\"elementor-element elementor-element-06a796f elementor-widget elementor-widget-pharmacare_core_section_title\" data-id=\"06a796f\" data-element_type=\"widget\" data-widget_type=\"pharmacare_core_section_title.default\">\n\t\t\t\t<div class=\"elementor-widget-container\">\n\t\t\t<div class=\"qodef-shortcode qodef-m  qodef-section-title  qodef-alignment--left  qodef-appear-animation--enabled\">\n\t\t<h3 class=\"qodef-m-title\" >\n\t\t\t\t\tForma e Aplikimit\t\t\t<\/h3>\n\t<\/div>\t\t<\/div>\n\t\t\t\t<\/div>\n\t\t\t\t<div class=\"elementor-element elementor-element-32ba5a3 elementor-widget elementor-widget-wp-widget-pharmacare_core_contact_form_7\" data-id=\"32ba5a3\" data-element_type=\"widget\" data-widget_type=\"wp-widget-pharmacare_core_contact_form_7.default\">\n\t\t\t\t<div class=\"elementor-widget-container\">\n\t\t\t\t\t\t<div class=\"qodef-contact-form-7\">\n\t\t\t\t\n<div class=\"wpcf7 no-js\" id=\"wpcf7-f7171-o1\" lang=\"en-US\" dir=\"ltr\">\n<div class=\"screen-reader-response\"><p role=\"status\" aria-live=\"polite\" aria-atomic=\"true\"><\/p> <ul><\/ul><\/div>\n<form action=\"\/wp-json\/wp\/v2\/pages\/9476\" method=\"post\" class=\"wpcf7-form init\" aria-label=\"Contact form\" enctype=\"multipart\/form-data\" novalidate=\"novalidate\" data-status=\"init\" data-trp-original-action=\"\/sq\/wp-json\/wp\/v2\/pages\/9476#wpcf7-f7171-o1\">\n<div style=\"display: none;\">\n<input type=\"hidden\" name=\"_wpcf7\" value=\"7171\" \/>\n<input type=\"hidden\" name=\"_wpcf7_version\" value=\"5.9.8\" \/>\n<input type=\"hidden\" name=\"_wpcf7_locale\" value=\"en_US\" \/>\n<input type=\"hidden\" name=\"_wpcf7_unit_tag\" value=\"wpcf7-f7171-o1\" \/>\n<input type=\"hidden\" name=\"_wpcf7_container_post\" value=\"0\" \/>\n<input type=\"hidden\" name=\"_wpcf7_posted_data_hash\" value=\"\" \/>\n<input type=\"hidden\" name=\"_wpcf7_recaptcha_response\" value=\"\" \/>\n<\/div>\n<p><label> <b>Emri dhe Mbiemri<\/b> (obligative)<br \/>\n<span class=\"wpcf7-form-control-wrap\" data-name=\"your-name\"><input size=\"40\" maxlength=\"400\" class=\"wpcf7-form-control wpcf7-text wpcf7-validates-as-required\" aria-required=\"true\" aria-invalid=\"false\" value=\"\" type=\"text\" name=\"your-name\" \/><\/span> <\/label><br \/>\n<label> <b>E-mail<\/b> (obligative)<br \/>\n<span class=\"wpcf7-form-control-wrap\" data-name=\"your-email\"><input size=\"40\" maxlength=\"400\" class=\"wpcf7-form-control wpcf7-email wpcf7-validates-as-required wpcf7-text wpcf7-validates-as-email\" aria-required=\"true\" aria-invalid=\"false\" value=\"\" type=\"email\" name=\"your-email\" \/><\/span> <\/label><br \/>\n<label> <b>Numri i Telefonit<\/b> (obligative)<br \/>\n<span class=\"wpcf7-form-control-wrap\" data-name=\"your-phone\"><input size=\"40\" maxlength=\"400\" class=\"wpcf7-form-control wpcf7-text wpcf7-validates-as-required\" aria-required=\"true\" aria-invalid=\"false\" value=\"\" type=\"text\" name=\"your-phone\" \/><\/span> <\/label><br \/>\n<label> <b>Adresa<\/b> (obligative)<br \/>\n<span class=\"wpcf7-form-control-wrap\" data-name=\"your-address\"><input size=\"40\" maxlength=\"400\" class=\"wpcf7-form-control wpcf7-text wpcf7-validates-as-required\" aria-required=\"true\" aria-invalid=\"false\" value=\"\" type=\"text\" name=\"your-address\" \/><\/span> <\/label><br \/>\n<label> <b>Qyteti<\/b> (obligative)<br \/>\n<span class=\"wpcf7-form-control-wrap\" data-name=\"your-city\"><input size=\"40\" maxlength=\"400\" class=\"wpcf7-form-control wpcf7-text wpcf7-validates-as-required\" aria-required=\"true\" aria-invalid=\"false\" value=\"\" type=\"text\" name=\"your-city\" \/><\/span> <\/label><br \/>\n<label> <b>Shteti<\/b> (obligative)<br \/>\n<span class=\"wpcf7-form-control-wrap\" data-name=\"your-state\"><input size=\"40\" maxlength=\"400\" class=\"wpcf7-form-control wpcf7-text wpcf7-validates-as-required\" aria-required=\"true\" aria-invalid=\"false\" value=\"\" type=\"text\" name=\"your-state\" \/><\/span> <\/label><br \/>\n<label> <b>Zgjedh Pozit\u00ebn<\/b> (obligative)<span class=\"wpcf7-form-control-wrap\" data-name=\"menu-896\"><select class=\"wpcf7-form-control wpcf7-select wpcf7-validates-as-required\" aria-required=\"true\" aria-invalid=\"false\" name=\"menu-896\"><option value=\"P\u00ebrfaq\u00ebsues\/e Mjek\u00ebsor\">P\u00ebrfaq\u00ebsues\/e Mjek\u00ebsor<\/option><option value=\"Agjent\/e i\/e Shitjes\">Agjent\/e i\/e Shitjes<\/option><option value=\"Agjent\/e Shitjes permes Telefonit\">Agjent\/e Shitjes permes Telefonit<\/option><\/select><\/span><\/label><br \/>\n<label> <b>Bashkangjit CV-n\u00eb<\/b> (obligative)<br \/>\n<span class=\"wpcf7-form-control-wrap\" data-name=\"your-resume\"><input size=\"40\" class=\"wpcf7-form-control wpcf7-file wpcf7-validates-as-required\" accept=\".pdf,.doc,.docx\" aria-required=\"true\" aria-invalid=\"false\" type=\"file\" name=\"your-resume\" \/><\/span> <\/label><br \/>\n<button class=\"wpcf7-form-control wpcf7-submit qodef-button qodef-size--normal qodef-type--filled qodef-m\" type=\"submit\"><span class=\"qodef-m-text\">D\u00ebrgo Aplikacionin<\/span><\/button>\n<\/p><div class=\"wpcf7-response-output\" aria-hidden=\"true\"><\/div>\n<input type=\"hidden\" name=\"trp-form-language\" value=\"sq\"\/><\/form>\n<\/div>\n\t\t\t<\/div>\n\t\t\t\t\t<\/div>\n\t\t\t\t<\/div>\n\t\t\t\t\t<\/div>\n\t\t<\/div>\n\t\t\t\t\t<\/div>\n\t\t<\/section>\n\t\t\t\t<\/div>","protected":false},"excerpt":{"rendered":"<p>Brand Manager &#8211; Shqip\u00ebri Alcedrix \u00ebsht\u00eb kompani e specializuar n\u00eb zhvillim dhe shp\u00ebrndarje t\u00eb produkteve t\u00eb konsumit t\u00eb gjer\u00eb, me fokus n\u00eb Produkte Farmaceutike, Shtesa Ushqimore, OTC dhe Produkte Kozmetike. Alcedrix operon n\u00eb Kosov\u00eb si nj\u00ebri nga lider\u00ebt e industries q\u00eb nga viti 2016. Alcedrix ka hap edhe deg\u00ebn e saj n\u00eb Shqip\u00ebri n\u00eb vitin [&hellip;]<\/p>","protected":false},"author":1,"featured_media":0,"parent":0,"menu_order":0,"comment_status":"closed","ping_status":"closed","template":"","meta":{"footnotes":""},"class_list":["post-9476","page","type-page","status-publish","hentry"],"yoast_head":"<!-- This site is optimized with the Yoast SEO plugin v23.6 - https:\/\/yoast.com\/wordpress\/plugins\/seo\/ -->\n<title>Brand Manager - Shqip\u00ebri - Alcedrix<\/title>\n<meta name=\"robots\" content=\"index, follow, max-snippet:-1, max-image-preview:large, max-video-preview:-1\" \/>\n<link rel=\"canonical\" href=\"https:\/\/alcedrix.com\/sq\/brand-manager-shqiperi\/\" \/>\n<meta property=\"og:locale\" content=\"sq_AL\" \/>\n<meta property=\"og:type\" content=\"article\" \/>\n<meta property=\"og:title\" content=\"Brand Manager - Shqip\u00ebri - Alcedrix\" \/>\n<meta property=\"og:description\" content=\"Brand Manager &#8211; Shqip\u00ebri Alcedrix \u00ebsht\u00eb kompani e specializuar n\u00eb zhvillim dhe shp\u00ebrndarje t\u00eb produkteve t\u00eb konsumit t\u00eb gjer\u00eb, me fokus n\u00eb Produkte Farmaceutike, Shtesa Ushqimore, OTC dhe Produkte Kozmetike. Alcedrix operon n\u00eb Kosov\u00eb si nj\u00ebri nga lider\u00ebt e industries q\u00eb nga viti 2016. Alcedrix ka hap edhe deg\u00ebn e saj n\u00eb Shqip\u00ebri n\u00eb vitin [&hellip;]\" \/>\n<meta property=\"og:url\" content=\"https:\/\/alcedrix.com\/sq\/brand-manager-shqiperi\/\" \/>\n<meta property=\"og:site_name\" content=\"Alcedrix\" \/>\n<meta property=\"article:publisher\" content=\"https:\/\/www.facebook.com\/alcedrix\" \/>\n<meta property=\"article:modified_time\" content=\"2025-04-30T12:18:35+00:00\" \/>\n<meta property=\"og:image\" content=\"http:\/\/3.126.27.25\/wp-content\/uploads\/2024\/10\/Banner_Konkursi.jpg\" \/>\n<meta name=\"twitter:card\" content=\"summary_large_image\" \/>\n<meta name=\"twitter:label1\" content=\"Est. reading time\" \/>\n\t<meta name=\"twitter:data1\" content=\"3 minuta\" \/>\n<script type=\"application\/ld+json\" class=\"yoast-schema-graph\">{\"@context\":\"https:\/\/schema.org\",\"@graph\":[{\"@type\":\"WebPage\",\"@id\":\"https:\/\/alcedrix.com\/brand-manager-shqiperi\/\",\"url\":\"https:\/\/alcedrix.com\/brand-manager-shqiperi\/\",\"name\":\"Brand Manager - Shqip\u00ebri - Alcedrix\",\"isPartOf\":{\"@id\":\"http:\/\/alcedrix.com\/#website\"},\"primaryImageOfPage\":{\"@id\":\"https:\/\/alcedrix.com\/brand-manager-shqiperi\/#primaryimage\"},\"image\":{\"@id\":\"https:\/\/alcedrix.com\/brand-manager-shqiperi\/#primaryimage\"},\"thumbnailUrl\":\"http:\/\/3.126.27.25\/wp-content\/uploads\/2024\/10\/Banner_Konkursi.jpg\",\"datePublished\":\"2024-10-17T07:42:22+00:00\",\"dateModified\":\"2025-04-30T12:18:35+00:00\",\"breadcrumb\":{\"@id\":\"https:\/\/alcedrix.com\/brand-manager-shqiperi\/#breadcrumb\"},\"inLanguage\":\"sq\",\"potentialAction\":[{\"@type\":\"ReadAction\",\"target\":[\"https:\/\/alcedrix.com\/brand-manager-shqiperi\/\"]}]},{\"@type\":\"ImageObject\",\"inLanguage\":\"sq\",\"@id\":\"https:\/\/alcedrix.com\/brand-manager-shqiperi\/#primaryimage\",\"url\":\"http:\/\/3.126.27.25\/wp-content\/uploads\/2024\/10\/Banner_Konkursi.jpg\",\"contentUrl\":\"http:\/\/3.126.27.25\/wp-content\/uploads\/2024\/10\/Banner_Konkursi.jpg\"},{\"@type\":\"BreadcrumbList\",\"@id\":\"https:\/\/alcedrix.com\/brand-manager-shqiperi\/#breadcrumb\",\"itemListElement\":[{\"@type\":\"ListItem\",\"position\":1,\"name\":\"Home\",\"item\":\"http:\/\/alcedrix.com\/\"},{\"@type\":\"ListItem\",\"position\":2,\"name\":\"Brand Manager &#8211; Shqip\u00ebri\"}]},{\"@type\":\"WebSite\",\"@id\":\"http:\/\/alcedrix.com\/#website\",\"url\":\"http:\/\/alcedrix.com\/\",\"name\":\"Alcedrix\",\"description\":\"Alcedrix\",\"publisher\":{\"@id\":\"http:\/\/alcedrix.com\/#organization\"},\"potentialAction\":[{\"@type\":\"SearchAction\",\"target\":{\"@type\":\"EntryPoint\",\"urlTemplate\":\"http:\/\/alcedrix.com\/?s={search_term_string}\"},\"query-input\":{\"@type\":\"PropertyValueSpecification\",\"valueRequired\":true,\"valueName\":\"search_term_string\"}}],\"inLanguage\":\"sq\"},{\"@type\":\"Organization\",\"@id\":\"http:\/\/alcedrix.com\/#organization\",\"name\":\"Alcedrix\",\"url\":\"http:\/\/alcedrix.com\/\",\"logo\":{\"@type\":\"ImageObject\",\"inLanguage\":\"sq\",\"@id\":\"http:\/\/alcedrix.com\/#\/schema\/logo\/image\/\",\"url\":\"http:\/\/3.126.27.25\/wp-content\/uploads\/2023\/08\/logo-web.png\",\"contentUrl\":\"http:\/\/3.126.27.25\/wp-content\/uploads\/2023\/08\/logo-web.png\",\"width\":492,\"height\":93,\"caption\":\"Alcedrix\"},\"image\":{\"@id\":\"http:\/\/alcedrix.com\/#\/schema\/logo\/image\/\"},\"sameAs\":[\"https:\/\/www.facebook.com\/alcedrix\",\"https:\/\/www.instagram.com\/alcedrix\"]}]}<\/script>\n<!-- \/ Yoast SEO plugin. -->","yoast_head_json":{"title":"Brand Manager - Shqip\u00ebri - Alcedrix","robots":{"index":"index","follow":"follow","max-snippet":"max-snippet:-1","max-image-preview":"max-image-preview:large","max-video-preview":"max-video-preview:-1"},"canonical":"https:\/\/alcedrix.com\/sq\/brand-manager-shqiperi\/","og_locale":"sq_AL","og_type":"article","og_title":"Brand Manager - Shqip\u00ebri - Alcedrix","og_description":"Brand Manager &#8211; Shqip\u00ebri Alcedrix \u00ebsht\u00eb kompani e specializuar n\u00eb zhvillim dhe shp\u00ebrndarje t\u00eb produkteve t\u00eb konsumit t\u00eb gjer\u00eb, me fokus n\u00eb Produkte Farmaceutike, Shtesa Ushqimore, OTC dhe Produkte Kozmetike. Alcedrix operon n\u00eb Kosov\u00eb si nj\u00ebri nga lider\u00ebt e industries q\u00eb nga viti 2016. Alcedrix ka hap edhe deg\u00ebn e saj n\u00eb Shqip\u00ebri n\u00eb vitin [&hellip;]","og_url":"https:\/\/alcedrix.com\/sq\/brand-manager-shqiperi\/","og_site_name":"Alcedrix","article_publisher":"https:\/\/www.facebook.com\/alcedrix","article_modified_time":"2025-04-30T12:18:35+00:00","og_image":[{"url":"http:\/\/3.126.27.25\/wp-content\/uploads\/2024\/10\/Banner_Konkursi.jpg"}],"twitter_card":"summary_large_image","twitter_misc":{"Est. reading time":"3 minuta"},"schema":{"@context":"https:\/\/schema.org","@graph":[{"@type":"WebPage","@id":"https:\/\/alcedrix.com\/brand-manager-shqiperi\/","url":"https:\/\/alcedrix.com\/brand-manager-shqiperi\/","name":"Brand Manager - Shqip\u00ebri - Alcedrix","isPartOf":{"@id":"http:\/\/alcedrix.com\/#website"},"primaryImageOfPage":{"@id":"https:\/\/alcedrix.com\/brand-manager-shqiperi\/#primaryimage"},"image":{"@id":"https:\/\/alcedrix.com\/brand-manager-shqiperi\/#primaryimage"},"thumbnailUrl":"http:\/\/3.126.27.25\/wp-content\/uploads\/2024\/10\/Banner_Konkursi.jpg","datePublished":"2024-10-17T07:42:22+00:00","dateModified":"2025-04-30T12:18:35+00:00","breadcrumb":{"@id":"https:\/\/alcedrix.com\/brand-manager-shqiperi\/#breadcrumb"},"inLanguage":"sq","potentialAction":[{"@type":"ReadAction","target":["https:\/\/alcedrix.com\/brand-manager-shqiperi\/"]}]},{"@type":"ImageObject","inLanguage":"sq","@id":"https:\/\/alcedrix.com\/brand-manager-shqiperi\/#primaryimage","url":"http:\/\/3.126.27.25\/wp-content\/uploads\/2024\/10\/Banner_Konkursi.jpg","contentUrl":"http:\/\/3.126.27.25\/wp-content\/uploads\/2024\/10\/Banner_Konkursi.jpg"},{"@type":"BreadcrumbList","@id":"https:\/\/alcedrix.com\/brand-manager-shqiperi\/#breadcrumb","itemListElement":[{"@type":"ListItem","position":1,"name":"Home","item":"http:\/\/alcedrix.com\/"},{"@type":"ListItem","position":2,"name":"Brand Manager &#8211; Shqip\u00ebri"}]},{"@type":"WebSite","@id":"http:\/\/alcedrix.com\/#website","url":"http:\/\/alcedrix.com\/","name":"Alcedrix","description":"Alcedrix","publisher":{"@id":"http:\/\/alcedrix.com\/#organization"},"potentialAction":[{"@type":"SearchAction","target":{"@type":"EntryPoint","urlTemplate":"http:\/\/alcedrix.com\/?s={search_term_string}"},"query-input":{"@type":"PropertyValueSpecification","valueRequired":true,"valueName":"search_term_string"}}],"inLanguage":"sq"},{"@type":"Organization","@id":"http:\/\/alcedrix.com\/#organization","name":"Alcedrix","url":"http:\/\/alcedrix.com\/","logo":{"@type":"ImageObject","inLanguage":"sq","@id":"http:\/\/alcedrix.com\/#\/schema\/logo\/image\/","url":"http:\/\/3.126.27.25\/wp-content\/uploads\/2023\/08\/logo-web.png","contentUrl":"http:\/\/3.126.27.25\/wp-content\/uploads\/2023\/08\/logo-web.png","width":492,"height":93,"caption":"Alcedrix"},"image":{"@id":"http:\/\/alcedrix.com\/#\/schema\/logo\/image\/"},"sameAs":["https:\/\/www.facebook.com\/alcedrix","https:\/\/www.instagram.com\/alcedrix"]}]}},"_links":{"self":[{"href":"https:\/\/alcedrix.com\/sq\/wp-json\/wp\/v2\/pages\/9476"}],"collection":[{"href":"https:\/\/alcedrix.com\/sq\/wp-json\/wp\/v2\/pages"}],"about":[{"href":"https:\/\/alcedrix.com\/sq\/wp-json\/wp\/v2\/types\/page"}],"author":[{"embeddable":true,"href":"https:\/\/alcedrix.com\/sq\/wp-json\/wp\/v2\/users\/1"}],"replies":[{"embeddable":true,"href":"https:\/\/alcedrix.com\/sq\/wp-json\/wp\/v2\/comments?post=9476"}],"version-history":[{"count":13,"href":"https:\/\/alcedrix.com\/sq\/wp-json\/wp\/v2\/pages\/9476\/revisions"}],"predecessor-version":[{"id":10147,"href":"https:\/\/alcedrix.com\/sq\/wp-json\/wp\/v2\/pages\/9476\/revisions\/10147"}],"wp:attachment":[{"href":"https:\/\/alcedrix.com\/sq\/wp-json\/wp\/v2\/media?parent=9476"}],"curies":[{"name":"wp","href":"https:\/\/api.w.org\/{rel}","templated":true}]}}