{"id":8858,"date":"2024-03-26T15:16:17","date_gmt":"2024-03-26T15:16:17","guid":{"rendered":"http:\/\/3.126.27.25\/?page_id=8858"},"modified":"2025-05-13T13:00:45","modified_gmt":"2025-05-13T13:00:45","slug":"agjent-i-shitjes-permes-telefonit","status":"publish","type":"page","link":"https:\/\/alcedrix.com\/sq\/agjent-i-shitjes-permes-telefonit\/","title":{"rendered":"Agjent\/e i Shitjes p\u00ebrmes Telefonit"},"content":{"rendered":"<div data-elementor-type=\"wp-page\" data-elementor-id=\"8858\" class=\"elementor elementor-8858\" data-elementor-post-type=\"page\">\n\t\t\t\t\t\t<section class=\"elementor-section elementor-top-section elementor-element elementor-element-140e4f5 elementor-section-full_width elementor-section-height-default elementor-section-height-default qodef-elementor-content-no\" data-id=\"140e4f5\" data-element_type=\"section\">\n\t\t\t\t\t\t<div class=\"elementor-container elementor-column-gap-default\">\n\t\t\t\t\t<div class=\"elementor-column elementor-col-50 elementor-top-column elementor-element elementor-element-78fb25e\" data-id=\"78fb25e\" data-element_type=\"column\">\n\t\t\t<div class=\"elementor-widget-wrap elementor-element-populated\">\n\t\t\t\t\t\t<div class=\"elementor-element elementor-element-85fc7fd elementor-widget elementor-widget-pharmacare_core_section_title\" data-id=\"85fc7fd\" data-element_type=\"widget\" data-widget_type=\"pharmacare_core_section_title.default\">\n\t\t\t\t<div class=\"elementor-widget-container\">\n\t\t\t<div class=\"qodef-shortcode qodef-m  qodef-section-title  qodef-alignment--left  qodef-appear-animation--enabled\">\n\t\t<h3 class=\"qodef-m-title\" >\n\t\t\t\t\tAgjent\/e Shitjes p\u00ebrmes Telefonit (2 Pozita) - Prishtin\u00eb\t\t\t<\/h3>\n\t<\/div>\t\t<\/div>\n\t\t\t\t<\/div>\n\t\t\t\t<div class=\"elementor-element elementor-element-ef8fc02 elementor-widget elementor-widget-text-editor\" data-id=\"ef8fc02\" data-element_type=\"widget\" data-widget_type=\"text-editor.default\">\n\t\t\t\t<div class=\"elementor-widget-container\">\n\t\t\t<style>\/*! elementor - v3.23.0 - 05-08-2024 *\/\n.elementor-widget-text-editor.elementor-drop-cap-view-stacked .elementor-drop-cap{background-color:#69727d;color:#fff}.elementor-widget-text-editor.elementor-drop-cap-view-framed .elementor-drop-cap{color:#69727d;border:3px solid;background-color:transparent}.elementor-widget-text-editor:not(.elementor-drop-cap-view-default) .elementor-drop-cap{margin-top:8px}.elementor-widget-text-editor:not(.elementor-drop-cap-view-default) .elementor-drop-cap-letter{width:1em;height:1em}.elementor-widget-text-editor .elementor-drop-cap{float:left;text-align:center;line-height:1;font-size:50px}.elementor-widget-text-editor .elementor-drop-cap-letter{display:inline-block}<\/style>\t\t\t\t<p>Alcedrix \u00ebsht\u00eb kompani me seli n\u00eb Prishtin\u00eb q\u00eb merret me shp\u00ebrndarje dhe marketing t\u00eb produkteve parafarmaceutike si suplemente ushqimore dhe produkte kozmetike. Si pjes\u00eb e planeve tona zhvillimore, jemi n\u00eb k\u00ebrkim t\u00eb dy <strong>Agjent\u00ebve t\u00eb Shitjes<\/strong> q\u00eb do t\u00eb kontribuojn\u00eb n\u00eb zgjerimin e prezenc\u00ebs s\u00eb produkteve tona n\u00eb tregun vendor.<\/p>\n<p><strong><img decoding=\"async\" draggable=\"false\" role=\"img\" class=\"emoji\" alt=\"\u2705\" src=\"https:\/\/s.w.org\/images\/core\/emoji\/15.0.3\/svg\/2705.svg\"> P\u00ebrgjegj\u00ebsit\u00eb Kryesore:<\/strong><\/p>\n<ul>\n<li>Kontaktimi i klient\u00ebve potencial dhe ekzistues p\u00ebr t\u2019i informuar p\u00ebr ofertat tona.<\/li>\n<li>Trajtimi i pyetjeve rreth produkteve dhe kompanis\u00eb.<\/li>\n<li>Kuptimi i k\u00ebrkesave t\u00eb klient\u00ebve p\u00ebr t\u00eb finalizuar shitjet.<\/li>\n<li>Bashk\u00ebpunim me ekipin e shitjes n\u00eb terren, kur \u00ebsht\u00eb e nevojshme.<\/li>\n<li>Regjistrimi dhe p\u00ebrdit\u00ebsimi i t\u00eb dh\u00ebnave t\u00eb klient\u00ebve n\u00eb sistem.<\/li>\n<li>Marrja dhe p\u00ebrpunimi i porosive n\u00eb m\u00ebnyr\u00eb t\u00eb sakt\u00eb.<\/li>\n<li>Trajtimi i ankesave p\u00ebr t\u00eb ruajtur imazhin dhe reputacionin e kompanis\u00eb.<\/li>\n<li>Mbajtja e evidenc\u00ebs s\u00eb thirrjeve dhe shitjeve, si dhe ndarja e informacionit t\u00eb vlefsh\u00ebm.<\/li>\n<li>P\u00ebrfaq\u00ebsimi profesional i kompanis\u00eb n\u00eb \u00e7do kontakt me klientin.<\/li>\n<\/ul>\n<p><strong><img decoding=\"async\" draggable=\"false\" role=\"img\" class=\"emoji\" alt=\"\ud83e\uddfe\" src=\"https:\/\/s.w.org\/images\/core\/emoji\/15.0.3\/svg\/1f9fe.svg\"> K\u00ebrkesat:<\/strong><\/p>\n<ul>\n<li>T\u00eb jeni banor\/e i\/e Kosov\u00ebs.<\/li>\n<li>T\u00eb keni p\u00ebrvoj\u00eb pune n\u00eb shitje p\u00ebrmes telefonit (preferohet n\u00eb industrin\u00eb farmaceutike).<\/li>\n<li>Diplom\u00eb universitare ose n\u00eb vitin e fundit t\u00eb studimeve.<\/li>\n<li>Aft\u00ebsi t\u00eb mira komunikuese dhe orientim n\u00eb arritjen e objektivave.<\/li>\n<li>Aft\u00ebsi p\u00ebr t\u00eb punuar n\u00eb ekip dhe n\u00ebn presion.<\/li>\n<li>Patent\u00eb shoferi \u2013 Kategoria \u201cB\u201d (e preferueshme).<\/li>\n<li>Gatishm\u00ebri p\u00ebr t\u00eb udh\u00ebtuar jasht\u00eb vendit p\u00ebr trajnime.<\/li>\n<\/ul>\n<p><strong><img decoding=\"async\" draggable=\"false\" role=\"img\" class=\"emoji\" alt=\"\ud83d\udcbc\" src=\"https:\/\/s.w.org\/images\/core\/emoji\/15.0.3\/svg\/1f4bc.svg\"> \u00c7far\u00eb ofrojm\u00eb?<\/strong><\/p>\n<ul>\n<li>Paket\u00eb atraktive p\u00ebrfshir\u00eb pag\u00eb fikse dhe bonus bazuar n\u00eb performanc\u00eb.<\/li>\n<li>Kontrat\u00eb pune n\u00eb p\u00ebrputhje me ligjet n\u00eb fuqi n\u00eb Kosov\u00eb.<\/li>\n<li>Sigurim sh\u00ebndet\u00ebsor.<\/li>\n<li>Orar pune: 08:00 \u2013 16:00 | Dit\u00ebt e pun\u00ebs: E H\u00ebn\u00eb \u2013 E Premte.<\/li>\n<li>Smartphone dhe pako komunikimi t\u00eb p\u00ebrfshira.<\/li>\n<\/ul>\n<p><strong><img decoding=\"async\" draggable=\"false\" role=\"img\" class=\"emoji\" alt=\"\ud83d\udce9\" src=\"https:\/\/s.w.org\/images\/core\/emoji\/15.0.3\/svg\/1f4e9.svg\"><\/strong><strong> Aplikimi:<\/strong><\/p>\n<p>T\u00eb gjith\u00eb t\u00eb interesuarit ftohen t\u00eb aplikojn\u00eb p\u00ebrmes formularit n\u00eb:<br><img decoding=\"async\" draggable=\"false\" role=\"img\" class=\"emoji\" alt=\"\ud83d\udc49\" src=\"https:\/\/s.w.org\/images\/core\/emoji\/15.0.3\/svg\/1f449.svg\"> http:\/\/alcedrix.com\/karriera\/<br>Ju lutemi bashk\u00ebngjitni edhe CV-n\u00eb tuaj gjat\u00eb aplikimit.<\/p>\n<p><strong><img decoding=\"async\" draggable=\"false\" role=\"img\" class=\"emoji\" alt=\"\ud83d\uddd3\ufe0f\" src=\"https:\/\/s.w.org\/images\/core\/emoji\/15.0.3\/svg\/1f5d3.svg\"> Afati i fundit p\u00ebr aplikim:<\/strong> <em>25.05.2025<\/em><\/p>\n<p>**Vetem kandidat\u00ebt e kualifikuar do t\u00eb kontaktohen dhe t\u00eb ftohen p\u00ebr intervist\u00eb!**<\/p>\t\t\t\t\t\t<\/div>\n\t\t\t\t<\/div>\n\t\t\t\t\t<\/div>\n\t\t<\/div>\n\t\t\t\t<div class=\"elementor-column elementor-col-50 elementor-top-column elementor-element elementor-element-6fb3080\" data-id=\"6fb3080\" data-element_type=\"column\">\n\t\t\t<div class=\"elementor-widget-wrap elementor-element-populated\">\n\t\t\t\t\t\t<div class=\"elementor-element elementor-element-520f85a elementor-widget elementor-widget-pharmacare_core_section_title\" data-id=\"520f85a\" data-element_type=\"widget\" data-widget_type=\"pharmacare_core_section_title.default\">\n\t\t\t\t<div class=\"elementor-widget-container\">\n\t\t\t<div class=\"qodef-shortcode qodef-m  qodef-section-title  qodef-alignment--left  qodef-appear-animation--enabled\">\n\t\t<h3 class=\"qodef-m-title\" >\n\t\t\t\t\tForma e Aplikimit\t\t\t<\/h3>\n\t<\/div>\t\t<\/div>\n\t\t\t\t<\/div>\n\t\t\t\t<div class=\"elementor-element elementor-element-c838f5e elementor-widget elementor-widget-wp-widget-pharmacare_core_contact_form_7\" data-id=\"c838f5e\" data-element_type=\"widget\" data-widget_type=\"wp-widget-pharmacare_core_contact_form_7.default\">\n\t\t\t\t<div class=\"elementor-widget-container\">\n\t\t\t\t\t\t<div class=\"qodef-contact-form-7\">\n\t\t\t\t\n<div class=\"wpcf7 no-js\" id=\"wpcf7-f7171-o1\" lang=\"en-US\" dir=\"ltr\">\n<div class=\"screen-reader-response\"><p role=\"status\" aria-live=\"polite\" aria-atomic=\"true\"><\/p> <ul><\/ul><\/div>\n<form action=\"\/wp-json\/wp\/v2\/pages\/8858\" method=\"post\" class=\"wpcf7-form init\" aria-label=\"Contact form\" enctype=\"multipart\/form-data\" novalidate=\"novalidate\" data-status=\"init\" data-trp-original-action=\"\/sq\/wp-json\/wp\/v2\/pages\/8858#wpcf7-f7171-o1\">\n<div style=\"display: none;\">\n<input type=\"hidden\" name=\"_wpcf7\" value=\"7171\" \/>\n<input type=\"hidden\" name=\"_wpcf7_version\" value=\"5.9.8\" \/>\n<input type=\"hidden\" name=\"_wpcf7_locale\" value=\"en_US\" \/>\n<input type=\"hidden\" name=\"_wpcf7_unit_tag\" value=\"wpcf7-f7171-o1\" \/>\n<input type=\"hidden\" name=\"_wpcf7_container_post\" value=\"0\" \/>\n<input type=\"hidden\" name=\"_wpcf7_posted_data_hash\" value=\"\" \/>\n<input type=\"hidden\" name=\"_wpcf7_recaptcha_response\" value=\"\" \/>\n<\/div>\n<p><label> <b>Emri dhe Mbiemri<\/b> (obligative)<br \/>\n<span class=\"wpcf7-form-control-wrap\" data-name=\"your-name\"><input size=\"40\" maxlength=\"400\" class=\"wpcf7-form-control wpcf7-text wpcf7-validates-as-required\" aria-required=\"true\" aria-invalid=\"false\" value=\"\" type=\"text\" name=\"your-name\" \/><\/span> <\/label><br \/>\n<label> <b>E-mail<\/b> (obligative)<br \/>\n<span class=\"wpcf7-form-control-wrap\" data-name=\"your-email\"><input size=\"40\" maxlength=\"400\" class=\"wpcf7-form-control wpcf7-email wpcf7-validates-as-required wpcf7-text wpcf7-validates-as-email\" aria-required=\"true\" aria-invalid=\"false\" value=\"\" type=\"email\" name=\"your-email\" \/><\/span> <\/label><br \/>\n<label> <b>Numri i Telefonit<\/b> (obligative)<br \/>\n<span class=\"wpcf7-form-control-wrap\" data-name=\"your-phone\"><input size=\"40\" maxlength=\"400\" class=\"wpcf7-form-control wpcf7-text wpcf7-validates-as-required\" aria-required=\"true\" aria-invalid=\"false\" value=\"\" type=\"text\" name=\"your-phone\" \/><\/span> <\/label><br \/>\n<label> <b>Adresa<\/b> (obligative)<br \/>\n<span class=\"wpcf7-form-control-wrap\" data-name=\"your-address\"><input size=\"40\" maxlength=\"400\" class=\"wpcf7-form-control wpcf7-text wpcf7-validates-as-required\" aria-required=\"true\" aria-invalid=\"false\" value=\"\" type=\"text\" name=\"your-address\" \/><\/span> <\/label><br \/>\n<label> <b>Qyteti<\/b> (obligative)<br \/>\n<span class=\"wpcf7-form-control-wrap\" data-name=\"your-city\"><input size=\"40\" maxlength=\"400\" class=\"wpcf7-form-control wpcf7-text wpcf7-validates-as-required\" aria-required=\"true\" aria-invalid=\"false\" value=\"\" type=\"text\" name=\"your-city\" \/><\/span> <\/label><br \/>\n<label> <b>Shteti<\/b> (obligative)<br \/>\n<span class=\"wpcf7-form-control-wrap\" data-name=\"your-state\"><input size=\"40\" maxlength=\"400\" class=\"wpcf7-form-control wpcf7-text wpcf7-validates-as-required\" aria-required=\"true\" aria-invalid=\"false\" value=\"\" type=\"text\" name=\"your-state\" \/><\/span> <\/label><br \/>\n<label> <b>Zgjedh Pozit\u00ebn<\/b> (obligative)<span class=\"wpcf7-form-control-wrap\" data-name=\"menu-896\"><select class=\"wpcf7-form-control wpcf7-select wpcf7-validates-as-required\" aria-required=\"true\" aria-invalid=\"false\" name=\"menu-896\"><option value=\"P\u00ebrfaq\u00ebsues\/e Mjek\u00ebsor\">P\u00ebrfaq\u00ebsues\/e Mjek\u00ebsor<\/option><option value=\"Agjent\/e i\/e Shitjes\">Agjent\/e i\/e Shitjes<\/option><option value=\"Agjent\/e Shitjes permes Telefonit\">Agjent\/e Shitjes permes Telefonit<\/option><\/select><\/span><\/label><br \/>\n<label> <b>Bashkangjit CV-n\u00eb<\/b> (obligative)<br \/>\n<span class=\"wpcf7-form-control-wrap\" data-name=\"your-resume\"><input size=\"40\" class=\"wpcf7-form-control wpcf7-file wpcf7-validates-as-required\" accept=\".pdf,.doc,.docx\" aria-required=\"true\" aria-invalid=\"false\" type=\"file\" name=\"your-resume\" \/><\/span> <\/label><br \/>\n<button class=\"wpcf7-form-control wpcf7-submit qodef-button qodef-size--normal qodef-type--filled qodef-m\" type=\"submit\"><span class=\"qodef-m-text\">D\u00ebrgo Aplikacionin<\/span><\/button>\n<\/p><div class=\"wpcf7-response-output\" aria-hidden=\"true\"><\/div>\n<input type=\"hidden\" name=\"trp-form-language\" value=\"sq\"\/><\/form>\n<\/div>\n\t\t\t<\/div>\n\t\t\t\t\t<\/div>\n\t\t\t\t<\/div>\n\t\t\t\t\t<\/div>\n\t\t<\/div>\n\t\t\t\t\t<\/div>\n\t\t<\/section>\n\t\t\t\t<\/div>","protected":false},"excerpt":{"rendered":"<p>Agjent\/e Shitjes p\u00ebrmes Telefonit (2 Pozita) &#8211; Prishtin\u00eb Alcedrix \u00ebsht\u00eb kompani me seli n\u00eb Prishtin\u00eb q\u00eb merret me shp\u00ebrndarje dhe marketing t\u00eb produkteve parafarmaceutike si suplemente ushqimore dhe produkte kozmetike. Si pjes\u00eb e planeve tona zhvillimore, jemi n\u00eb k\u00ebrkim t\u00eb dy Agjent\u00ebve t\u00eb Shitjes q\u00eb do t\u00eb kontribuojn\u00eb n\u00eb zgjerimin e prezenc\u00ebs s\u00eb produkteve tona [&hellip;]<\/p>","protected":false},"author":1,"featured_media":0,"parent":0,"menu_order":0,"comment_status":"closed","ping_status":"closed","template":"","meta":{"footnotes":""},"class_list":["post-8858","page","type-page","status-publish","hentry"],"yoast_head":"<!-- This site is optimized with the Yoast SEO plugin v23.6 - https:\/\/yoast.com\/wordpress\/plugins\/seo\/ -->\n<title>Agjent\/e i Shitjes p\u00ebrmes Telefonit - Alcedrix<\/title>\n<meta name=\"robots\" content=\"index, follow, max-snippet:-1, max-image-preview:large, max-video-preview:-1\" \/>\n<link rel=\"canonical\" href=\"https:\/\/alcedrix.com\/sq\/agjent-i-shitjes-permes-telefonit\/\" \/>\n<meta property=\"og:locale\" content=\"sq_AL\" \/>\n<meta property=\"og:type\" content=\"article\" \/>\n<meta property=\"og:title\" content=\"Agjent\/e i Shitjes p\u00ebrmes Telefonit - Alcedrix\" \/>\n<meta property=\"og:description\" content=\"Agjent\/e Shitjes p\u00ebrmes Telefonit (2 Pozita) &#8211; Prishtin\u00eb Alcedrix \u00ebsht\u00eb kompani me seli n\u00eb Prishtin\u00eb q\u00eb merret me shp\u00ebrndarje dhe marketing t\u00eb produkteve parafarmaceutike si suplemente ushqimore dhe produkte kozmetike. Si pjes\u00eb e planeve tona zhvillimore, jemi n\u00eb k\u00ebrkim t\u00eb dy Agjent\u00ebve t\u00eb Shitjes q\u00eb do t\u00eb kontribuojn\u00eb n\u00eb zgjerimin e prezenc\u00ebs s\u00eb produkteve tona [&hellip;]\" \/>\n<meta property=\"og:url\" content=\"https:\/\/alcedrix.com\/sq\/agjent-i-shitjes-permes-telefonit\/\" \/>\n<meta property=\"og:site_name\" content=\"Alcedrix\" \/>\n<meta property=\"article:publisher\" content=\"https:\/\/www.facebook.com\/alcedrix\" \/>\n<meta property=\"article:modified_time\" content=\"2025-05-13T13:00:45+00:00\" \/>\n<meta property=\"og:image\" content=\"https:\/\/s.w.org\/images\/core\/emoji\/15.0.3\/svg\/2705.svg\" \/>\n<meta name=\"twitter:card\" content=\"summary_large_image\" \/>\n<meta name=\"twitter:label1\" content=\"Est. reading time\" \/>\n\t<meta name=\"twitter:data1\" content=\"3 minuta\" \/>\n<script type=\"application\/ld+json\" class=\"yoast-schema-graph\">{\"@context\":\"https:\/\/schema.org\",\"@graph\":[{\"@type\":\"WebPage\",\"@id\":\"https:\/\/alcedrix.com\/sq\/agjent-i-shitjes-permes-telefonit\/\",\"url\":\"https:\/\/alcedrix.com\/sq\/agjent-i-shitjes-permes-telefonit\/\",\"name\":\"Agjent\/e i Shitjes p\u00ebrmes Telefonit - Alcedrix\",\"isPartOf\":{\"@id\":\"http:\/\/alcedrix.com\/#website\"},\"primaryImageOfPage\":{\"@id\":\"https:\/\/alcedrix.com\/sq\/agjent-i-shitjes-permes-telefonit\/#primaryimage\"},\"image\":{\"@id\":\"https:\/\/alcedrix.com\/sq\/agjent-i-shitjes-permes-telefonit\/#primaryimage\"},\"thumbnailUrl\":\"https:\/\/s.w.org\/images\/core\/emoji\/15.0.3\/svg\/2705.svg\",\"datePublished\":\"2024-03-26T15:16:17+00:00\",\"dateModified\":\"2025-05-13T13:00:45+00:00\",\"breadcrumb\":{\"@id\":\"https:\/\/alcedrix.com\/sq\/agjent-i-shitjes-permes-telefonit\/#breadcrumb\"},\"inLanguage\":\"sq\",\"potentialAction\":[{\"@type\":\"ReadAction\",\"target\":[\"https:\/\/alcedrix.com\/sq\/agjent-i-shitjes-permes-telefonit\/\"]}]},{\"@type\":\"ImageObject\",\"inLanguage\":\"sq\",\"@id\":\"https:\/\/alcedrix.com\/sq\/agjent-i-shitjes-permes-telefonit\/#primaryimage\",\"url\":\"https:\/\/s.w.org\/images\/core\/emoji\/15.0.3\/svg\/2705.svg\",\"contentUrl\":\"https:\/\/s.w.org\/images\/core\/emoji\/15.0.3\/svg\/2705.svg\"},{\"@type\":\"BreadcrumbList\",\"@id\":\"https:\/\/alcedrix.com\/sq\/agjent-i-shitjes-permes-telefonit\/#breadcrumb\",\"itemListElement\":[{\"@type\":\"ListItem\",\"position\":1,\"name\":\"Home\",\"item\":\"https:\/\/alcedrix.com\/\"},{\"@type\":\"ListItem\",\"position\":2,\"name\":\"Agjent\/e i Shitjes p\u00ebrmes Telefonit\"}]},{\"@type\":\"WebSite\",\"@id\":\"http:\/\/alcedrix.com\/#website\",\"url\":\"http:\/\/alcedrix.com\/\",\"name\":\"Alcedrix\",\"description\":\"Alcedrix\",\"publisher\":{\"@id\":\"http:\/\/alcedrix.com\/#organization\"},\"potentialAction\":[{\"@type\":\"SearchAction\",\"target\":{\"@type\":\"EntryPoint\",\"urlTemplate\":\"http:\/\/alcedrix.com\/?s={search_term_string}\"},\"query-input\":{\"@type\":\"PropertyValueSpecification\",\"valueRequired\":true,\"valueName\":\"search_term_string\"}}],\"inLanguage\":\"sq\"},{\"@type\":\"Organization\",\"@id\":\"http:\/\/alcedrix.com\/#organization\",\"name\":\"Alcedrix\",\"url\":\"http:\/\/alcedrix.com\/\",\"logo\":{\"@type\":\"ImageObject\",\"inLanguage\":\"sq\",\"@id\":\"http:\/\/alcedrix.com\/#\/schema\/logo\/image\/\",\"url\":\"http:\/\/3.126.27.25\/wp-content\/uploads\/2023\/08\/logo-web.png\",\"contentUrl\":\"http:\/\/3.126.27.25\/wp-content\/uploads\/2023\/08\/logo-web.png\",\"width\":492,\"height\":93,\"caption\":\"Alcedrix\"},\"image\":{\"@id\":\"http:\/\/alcedrix.com\/#\/schema\/logo\/image\/\"},\"sameAs\":[\"https:\/\/www.facebook.com\/alcedrix\",\"https:\/\/www.instagram.com\/alcedrix\"]}]}<\/script>\n<!-- \/ Yoast SEO plugin. -->","yoast_head_json":{"title":"Agjent\/e i Shitjes p\u00ebrmes Telefonit - Alcedrix","robots":{"index":"index","follow":"follow","max-snippet":"max-snippet:-1","max-image-preview":"max-image-preview:large","max-video-preview":"max-video-preview:-1"},"canonical":"https:\/\/alcedrix.com\/sq\/agjent-i-shitjes-permes-telefonit\/","og_locale":"sq_AL","og_type":"article","og_title":"Agjent\/e i Shitjes p\u00ebrmes Telefonit - Alcedrix","og_description":"Agjent\/e Shitjes p\u00ebrmes Telefonit (2 Pozita) &#8211; Prishtin\u00eb Alcedrix \u00ebsht\u00eb kompani me seli n\u00eb Prishtin\u00eb q\u00eb merret me shp\u00ebrndarje dhe marketing t\u00eb produkteve parafarmaceutike si suplemente ushqimore dhe produkte kozmetike. Si pjes\u00eb e planeve tona zhvillimore, jemi n\u00eb k\u00ebrkim t\u00eb dy Agjent\u00ebve t\u00eb Shitjes q\u00eb do t\u00eb kontribuojn\u00eb n\u00eb zgjerimin e prezenc\u00ebs s\u00eb produkteve tona [&hellip;]","og_url":"https:\/\/alcedrix.com\/sq\/agjent-i-shitjes-permes-telefonit\/","og_site_name":"Alcedrix","article_publisher":"https:\/\/www.facebook.com\/alcedrix","article_modified_time":"2025-05-13T13:00:45+00:00","og_image":[{"url":"https:\/\/s.w.org\/images\/core\/emoji\/15.0.3\/svg\/2705.svg"}],"twitter_card":"summary_large_image","twitter_misc":{"Est. reading time":"3 minuta"},"schema":{"@context":"https:\/\/schema.org","@graph":[{"@type":"WebPage","@id":"https:\/\/alcedrix.com\/sq\/agjent-i-shitjes-permes-telefonit\/","url":"https:\/\/alcedrix.com\/sq\/agjent-i-shitjes-permes-telefonit\/","name":"Agjent\/e i Shitjes p\u00ebrmes Telefonit - Alcedrix","isPartOf":{"@id":"http:\/\/alcedrix.com\/#website"},"primaryImageOfPage":{"@id":"https:\/\/alcedrix.com\/sq\/agjent-i-shitjes-permes-telefonit\/#primaryimage"},"image":{"@id":"https:\/\/alcedrix.com\/sq\/agjent-i-shitjes-permes-telefonit\/#primaryimage"},"thumbnailUrl":"https:\/\/s.w.org\/images\/core\/emoji\/15.0.3\/svg\/2705.svg","datePublished":"2024-03-26T15:16:17+00:00","dateModified":"2025-05-13T13:00:45+00:00","breadcrumb":{"@id":"https:\/\/alcedrix.com\/sq\/agjent-i-shitjes-permes-telefonit\/#breadcrumb"},"inLanguage":"sq","potentialAction":[{"@type":"ReadAction","target":["https:\/\/alcedrix.com\/sq\/agjent-i-shitjes-permes-telefonit\/"]}]},{"@type":"ImageObject","inLanguage":"sq","@id":"https:\/\/alcedrix.com\/sq\/agjent-i-shitjes-permes-telefonit\/#primaryimage","url":"https:\/\/s.w.org\/images\/core\/emoji\/15.0.3\/svg\/2705.svg","contentUrl":"https:\/\/s.w.org\/images\/core\/emoji\/15.0.3\/svg\/2705.svg"},{"@type":"BreadcrumbList","@id":"https:\/\/alcedrix.com\/sq\/agjent-i-shitjes-permes-telefonit\/#breadcrumb","itemListElement":[{"@type":"ListItem","position":1,"name":"Home","item":"https:\/\/alcedrix.com\/"},{"@type":"ListItem","position":2,"name":"Agjent\/e i Shitjes p\u00ebrmes Telefonit"}]},{"@type":"WebSite","@id":"http:\/\/alcedrix.com\/#website","url":"http:\/\/alcedrix.com\/","name":"Alcedrix","description":"Alcedrix","publisher":{"@id":"http:\/\/alcedrix.com\/#organization"},"potentialAction":[{"@type":"SearchAction","target":{"@type":"EntryPoint","urlTemplate":"http:\/\/alcedrix.com\/?s={search_term_string}"},"query-input":{"@type":"PropertyValueSpecification","valueRequired":true,"valueName":"search_term_string"}}],"inLanguage":"sq"},{"@type":"Organization","@id":"http:\/\/alcedrix.com\/#organization","name":"Alcedrix","url":"http:\/\/alcedrix.com\/","logo":{"@type":"ImageObject","inLanguage":"sq","@id":"http:\/\/alcedrix.com\/#\/schema\/logo\/image\/","url":"http:\/\/3.126.27.25\/wp-content\/uploads\/2023\/08\/logo-web.png","contentUrl":"http:\/\/3.126.27.25\/wp-content\/uploads\/2023\/08\/logo-web.png","width":492,"height":93,"caption":"Alcedrix"},"image":{"@id":"http:\/\/alcedrix.com\/#\/schema\/logo\/image\/"},"sameAs":["https:\/\/www.facebook.com\/alcedrix","https:\/\/www.instagram.com\/alcedrix"]}]}},"_links":{"self":[{"href":"https:\/\/alcedrix.com\/sq\/wp-json\/wp\/v2\/pages\/8858"}],"collection":[{"href":"https:\/\/alcedrix.com\/sq\/wp-json\/wp\/v2\/pages"}],"about":[{"href":"https:\/\/alcedrix.com\/sq\/wp-json\/wp\/v2\/types\/page"}],"author":[{"embeddable":true,"href":"https:\/\/alcedrix.com\/sq\/wp-json\/wp\/v2\/users\/1"}],"replies":[{"embeddable":true,"href":"https:\/\/alcedrix.com\/sq\/wp-json\/wp\/v2\/comments?post=8858"}],"version-history":[{"count":23,"href":"https:\/\/alcedrix.com\/sq\/wp-json\/wp\/v2\/pages\/8858\/revisions"}],"predecessor-version":[{"id":10221,"href":"https:\/\/alcedrix.com\/sq\/wp-json\/wp\/v2\/pages\/8858\/revisions\/10221"}],"wp:attachment":[{"href":"https:\/\/alcedrix.com\/sq\/wp-json\/wp\/v2\/media?parent=8858"}],"curies":[{"name":"wp","href":"https:\/\/api.w.org\/{rel}","templated":true}]}}