{"id":8599,"date":"2023-09-17T12:55:18","date_gmt":"2023-09-17T12:55:18","guid":{"rendered":"http:\/\/3.126.27.25\/?page_id=8599"},"modified":"2026-02-04T08:39:48","modified_gmt":"2026-02-04T08:39:48","slug":"agjent-i-shitjes-kosove","status":"publish","type":"page","link":"https:\/\/alcedrix.com\/sq\/agjent-i-shitjes-kosove\/","title":{"rendered":"Agjent\/e i\/e Shitjes &#8211; Kosov\u00eb"},"content":{"rendered":"<div data-elementor-type=\"wp-page\" data-elementor-id=\"8599\" class=\"elementor elementor-8599\" data-elementor-post-type=\"page\">\n\t\t\t\t\t\t<section class=\"elementor-section elementor-top-section elementor-element elementor-element-5caaede elementor-section-full_width elementor-section-height-default elementor-section-height-default qodef-elementor-content-no\" data-id=\"5caaede\" data-element_type=\"section\">\n\t\t\t\t\t\t<div class=\"elementor-container elementor-column-gap-default\">\n\t\t\t\t\t<div class=\"elementor-column elementor-col-50 elementor-top-column elementor-element elementor-element-4b57787\" data-id=\"4b57787\" data-element_type=\"column\">\n\t\t\t<div class=\"elementor-widget-wrap elementor-element-populated\">\n\t\t\t\t\t\t<div class=\"elementor-element elementor-element-469893e elementor-widget elementor-widget-pharmacare_core_section_title\" data-id=\"469893e\" data-element_type=\"widget\" data-widget_type=\"pharmacare_core_section_title.default\">\n\t\t\t\t<div class=\"elementor-widget-container\">\n\t\t\t<div class=\"qodef-shortcode qodef-m  qodef-section-title  qodef-alignment--left  qodef-appear-animation--enabled\">\n\t\t<h3 class=\"qodef-m-title\" >\n\t\t\t\t\tAgjent\/e i\/e Shitjes - Kosov\u00eb\t\t\t<\/h3>\n\t<\/div>\t\t<\/div>\n\t\t\t\t<\/div>\n\t\t\t\t<div class=\"elementor-element elementor-element-2554934 elementor-widget elementor-widget-text-editor\" data-id=\"2554934\" data-element_type=\"widget\" data-widget_type=\"text-editor.default\">\n\t\t\t\t<div class=\"elementor-widget-container\">\n\t\t\t<style>\/*! elementor - v3.23.0 - 05-08-2024 *\/\n.elementor-widget-text-editor.elementor-drop-cap-view-stacked .elementor-drop-cap{background-color:#69727d;color:#fff}.elementor-widget-text-editor.elementor-drop-cap-view-framed .elementor-drop-cap{color:#69727d;border:3px solid;background-color:transparent}.elementor-widget-text-editor:not(.elementor-drop-cap-view-default) .elementor-drop-cap{margin-top:8px}.elementor-widget-text-editor:not(.elementor-drop-cap-view-default) .elementor-drop-cap-letter{width:1em;height:1em}.elementor-widget-text-editor .elementor-drop-cap{float:left;text-align:center;line-height:1;font-size:50px}.elementor-widget-text-editor .elementor-drop-cap-letter{display:inline-block}<\/style>\t\t\t\t<p>Alcedrix\u00a0\u00ebshte kompani q\u00eb mirret me shpr\u00ebndarje dhe marketing t\u00eb produkteve parafarmaceutike (food supplements, kozmetik\u00eb), me seli n\u00eb Prishtin\u00eb. Si pjes\u00eb e planeve zhvillimore, kompania \u00ebsht\u00eb n\u00eb k\u00ebrkim t\u00eb personave q\u00eb do t\u00eb jen\u00eb pjes\u00eb e ekipit n\u00eb departamentin e shitjes dhe promovimit.<\/p><p><strong>Titulli:<\/strong> Agjent\/e i\/e shitjes<\/p><p><strong>Rajoni<\/strong>: N\u00eb t\u00eb gjith territorin e Republik\u00ebs s\u00eb Kosov\u00ebs<\/p><p data-pm-slice=\"1 1 []\">\u2705 <strong>Detyrat dhe p\u00ebrgjegj\u00ebsit\u00eb:<\/strong><\/p><ul><li>Zhvillimi i planeve t\u00eb kompanis\u00eb n\u00eb Shtije dhe Marketing<\/li><li>Menaxhimi i rrjetit t\u00eb promovimit<\/li><li>Nd\u00ebrtimi i relacioneve me Key Account (klient\u00ebt kryesor) &#8211; Barnatore<\/li><li>Organizimi i eventeve promovuese<\/li><li>Menaxhimi i aksioneve t\u00eb shitjes<\/li><li>Lan\u00e7imi i produkteve t\u00eb reja n\u00eb treg.<\/li><li>Nd\u00ebrtimi i imazhit profesional t\u00eb kompanis\u00eb<\/li><\/ul><p data-pm-slice=\"1 1 []\">\ud83e\uddfe <strong>\u00c7ka k\u00ebrkohet?<\/strong><\/p><ul><li>T\u00eb jeni banor\/e i\/e Kosov\u00ebs<\/li><li>T\u00eb keni p\u00ebrvoj\u00eb pune n\u00eb shitje (preferohet industrin\u00eb farmaceutike)<\/li><li>T\u00eb jeni t\u00eb diplomuar ose n\u00eb vitin e fundit t\u00eb studimeve<\/li><li>T\u00eb jeni i\/e aft\u00eb t\u00eb punoni me orientim n\u00eb arritjen e planeve t\u00eb shitjes dhe marktingut<\/li><li>T\u00eb jeni i\/e aft\u00eb t\u00eb punoni si ekip dhe n\u00ebn presion t\u00eb pun\u00ebs.<\/li><li>T\u00eb keni patent\u00eb shoferi t\u00eb kategoris\u00eb \u201cB\u201d<\/li><li>T\u00eb jeni t\u00eb gatsh\u00ebm t\u00eb udh\u00ebtoni jasht\u00eb vendit p\u00ebr trajnime<\/li><li>T\u00eb mos jeni t\u00eb p\u00ebrndjekur penalisht<\/li><\/ul><p data-pm-slice=\"1 1 []\">\ud83d\udcbc\u00a0<strong>\u00c7ka ofrohet?<\/strong><\/p><ul><li>Paket\u00eb atraktive e benfiteve (Pag\u00eb + Bonus).<\/li><li>Kontrat\u00eb pune sipas ligjeve n\u00eb fuqi n\u00eb Kosov\u00eb.<\/li><li>Sigurim Sh\u00ebndet\u00ebsor.<\/li><li>Orar pune: 08:00 \u2013 16:00.<\/li><li>Dit\u00ebt e pun\u00ebs: e H\u00ebn\u00eb \u2013 e Premt\u00eb (vikendet jan\u00eb pushim).<\/li><li>Automjet t\u00eb kompanis\u00eb 24h.<\/li><li>Smart Phone + pako e komunikimit.<\/li><\/ul><p data-pm-slice=\"1 1 []\">\ud83d\udce9 <strong>Aplikimi:<\/strong><\/p><p>T\u00eb gjith\u00eb t\u00eb interesuarit ftohen t\u00eb aplikojn\u00eb p\u00ebrmes formularit n\u00eb:<\/p><p>\ud83d\udc49 http:\/\/alcedrix.com\/karriera\/<\/p><p>Ju lutemi bashk\u00ebngjitni edhe CV-n\u00eb tuaj gjat\u00eb aplikimit.<\/p><p>\ud83d\uddd3\ufe0f Afati i fundit p\u00ebr aplikim: 20.02.2026<\/p><p>**Vetem kandidat\u00ebt e kualifikuar do t\u00eb kontaktohen dhe t\u00eb ftohen p\u00ebr intervist\u00eb!**<\/p>\t\t\t\t\t\t<\/div>\n\t\t\t\t<\/div>\n\t\t\t\t\t<\/div>\n\t\t<\/div>\n\t\t\t\t<div class=\"elementor-column elementor-col-50 elementor-top-column elementor-element elementor-element-5e0147e\" data-id=\"5e0147e\" data-element_type=\"column\">\n\t\t\t<div class=\"elementor-widget-wrap elementor-element-populated\">\n\t\t\t\t\t\t<div class=\"elementor-element elementor-element-dc230cd elementor-widget elementor-widget-pharmacare_core_section_title\" data-id=\"dc230cd\" data-element_type=\"widget\" data-widget_type=\"pharmacare_core_section_title.default\">\n\t\t\t\t<div class=\"elementor-widget-container\">\n\t\t\t<div class=\"qodef-shortcode qodef-m  qodef-section-title  qodef-alignment--left  qodef-appear-animation--enabled\">\n\t\t<h3 class=\"qodef-m-title\" >\n\t\t\t\t\tForma e Aplikimit\t\t\t<\/h3>\n\t<\/div>\t\t<\/div>\n\t\t\t\t<\/div>\n\t\t\t\t<div class=\"elementor-element elementor-element-80593c0 elementor-widget elementor-widget-wp-widget-pharmacare_core_contact_form_7\" data-id=\"80593c0\" data-element_type=\"widget\" data-widget_type=\"wp-widget-pharmacare_core_contact_form_7.default\">\n\t\t\t\t<div class=\"elementor-widget-container\">\n\t\t\t\t\t\t<div class=\"qodef-contact-form-7\">\n\t\t\t\t\n<div class=\"wpcf7 no-js\" id=\"wpcf7-f7171-o1\" lang=\"en-US\" dir=\"ltr\">\n<div class=\"screen-reader-response\"><p role=\"status\" aria-live=\"polite\" aria-atomic=\"true\"><\/p> <ul><\/ul><\/div>\n<form action=\"\/wp-json\/wp\/v2\/pages\/8599\" method=\"post\" class=\"wpcf7-form init\" aria-label=\"Contact form\" enctype=\"multipart\/form-data\" novalidate=\"novalidate\" data-status=\"init\" data-trp-original-action=\"\/sq\/wp-json\/wp\/v2\/pages\/8599#wpcf7-f7171-o1\">\n<div style=\"display: none;\">\n<input type=\"hidden\" name=\"_wpcf7\" value=\"7171\" \/>\n<input type=\"hidden\" name=\"_wpcf7_version\" value=\"5.9.8\" \/>\n<input type=\"hidden\" name=\"_wpcf7_locale\" value=\"en_US\" \/>\n<input type=\"hidden\" name=\"_wpcf7_unit_tag\" value=\"wpcf7-f7171-o1\" \/>\n<input type=\"hidden\" name=\"_wpcf7_container_post\" value=\"0\" \/>\n<input type=\"hidden\" name=\"_wpcf7_posted_data_hash\" value=\"\" \/>\n<input type=\"hidden\" name=\"_wpcf7_recaptcha_response\" value=\"\" \/>\n<\/div>\n<p><label> <b>Emri dhe Mbiemri<\/b> (obligative)<br \/>\n<span class=\"wpcf7-form-control-wrap\" data-name=\"your-name\"><input size=\"40\" maxlength=\"400\" class=\"wpcf7-form-control wpcf7-text wpcf7-validates-as-required\" aria-required=\"true\" aria-invalid=\"false\" value=\"\" type=\"text\" name=\"your-name\" \/><\/span> <\/label><br \/>\n<label> <b>E-mail<\/b> (obligative)<br \/>\n<span class=\"wpcf7-form-control-wrap\" data-name=\"your-email\"><input size=\"40\" maxlength=\"400\" class=\"wpcf7-form-control wpcf7-email wpcf7-validates-as-required wpcf7-text wpcf7-validates-as-email\" aria-required=\"true\" aria-invalid=\"false\" value=\"\" type=\"email\" name=\"your-email\" \/><\/span> <\/label><br \/>\n<label> <b>Numri i Telefonit<\/b> (obligative)<br \/>\n<span class=\"wpcf7-form-control-wrap\" data-name=\"your-phone\"><input size=\"40\" maxlength=\"400\" class=\"wpcf7-form-control wpcf7-text wpcf7-validates-as-required\" aria-required=\"true\" aria-invalid=\"false\" value=\"\" type=\"text\" name=\"your-phone\" \/><\/span> <\/label><br \/>\n<label> <b>Adresa<\/b> (obligative)<br \/>\n<span class=\"wpcf7-form-control-wrap\" data-name=\"your-address\"><input size=\"40\" maxlength=\"400\" class=\"wpcf7-form-control wpcf7-text wpcf7-validates-as-required\" aria-required=\"true\" aria-invalid=\"false\" value=\"\" type=\"text\" name=\"your-address\" \/><\/span> <\/label><br \/>\n<label> <b>Qyteti<\/b> (obligative)<br \/>\n<span class=\"wpcf7-form-control-wrap\" data-name=\"your-city\"><input size=\"40\" maxlength=\"400\" class=\"wpcf7-form-control wpcf7-text wpcf7-validates-as-required\" aria-required=\"true\" aria-invalid=\"false\" value=\"\" type=\"text\" name=\"your-city\" \/><\/span> <\/label><br \/>\n<label> <b>Shteti<\/b> (obligative)<br \/>\n<span class=\"wpcf7-form-control-wrap\" data-name=\"your-state\"><input size=\"40\" maxlength=\"400\" class=\"wpcf7-form-control wpcf7-text wpcf7-validates-as-required\" aria-required=\"true\" aria-invalid=\"false\" value=\"\" type=\"text\" name=\"your-state\" \/><\/span> <\/label><br \/>\n<label> <b>Zgjedh Pozit\u00ebn<\/b> (obligative)<span class=\"wpcf7-form-control-wrap\" data-name=\"menu-896\"><select class=\"wpcf7-form-control wpcf7-select wpcf7-validates-as-required\" aria-required=\"true\" aria-invalid=\"false\" name=\"menu-896\"><option value=\"P\u00ebrfaq\u00ebsues\/e Mjek\u00ebsor\">P\u00ebrfaq\u00ebsues\/e Mjek\u00ebsor<\/option><option value=\"Agjent\/e i\/e Shitjes\">Agjent\/e i\/e Shitjes<\/option><option value=\"Agjent\/e Shitjes permes Telefonit\">Agjent\/e Shitjes permes Telefonit<\/option><\/select><\/span><\/label><br \/>\n<label> <b>Bashkangjit CV-n\u00eb<\/b> (obligative)<br \/>\n<span class=\"wpcf7-form-control-wrap\" data-name=\"your-resume\"><input size=\"40\" class=\"wpcf7-form-control wpcf7-file wpcf7-validates-as-required\" accept=\".pdf,.doc,.docx\" aria-required=\"true\" aria-invalid=\"false\" type=\"file\" name=\"your-resume\" \/><\/span> <\/label><br \/>\n<button class=\"wpcf7-form-control wpcf7-submit qodef-button qodef-size--normal qodef-type--filled qodef-m\" type=\"submit\"><span class=\"qodef-m-text\">D\u00ebrgo Aplikacionin<\/span><\/button>\n<\/p><div class=\"wpcf7-response-output\" aria-hidden=\"true\"><\/div>\n<input type=\"hidden\" name=\"trp-form-language\" value=\"sq\"\/><\/form>\n<\/div>\n\t\t\t<\/div>\n\t\t\t\t\t<\/div>\n\t\t\t\t<\/div>\n\t\t\t\t\t<\/div>\n\t\t<\/div>\n\t\t\t\t\t<\/div>\n\t\t<\/section>\n\t\t\t\t<\/div>","protected":false},"excerpt":{"rendered":"<p>Agjent\/e i\/e Shitjes &#8211; Kosov\u00eb Alcedrix\u00a0\u00ebshte kompani q\u00eb mirret me shpr\u00ebndarje dhe marketing t\u00eb produkteve parafarmaceutike (food supplements, kozmetik\u00eb), me seli n\u00eb Prishtin\u00eb. Si pjes\u00eb e planeve zhvillimore, kompania \u00ebsht\u00eb n\u00eb k\u00ebrkim t\u00eb personave q\u00eb do t\u00eb jen\u00eb pjes\u00eb e ekipit n\u00eb departamentin e shitjes dhe promovimit. Titulli: Agjent\/e i\/e shitjes Rajoni: N\u00eb t\u00eb gjith [&hellip;]<\/p>","protected":false},"author":1,"featured_media":0,"parent":0,"menu_order":0,"comment_status":"closed","ping_status":"closed","template":"","meta":{"footnotes":""},"class_list":["post-8599","page","type-page","status-publish","hentry"],"yoast_head":"<!-- This site is optimized with the Yoast SEO plugin v23.6 - https:\/\/yoast.com\/wordpress\/plugins\/seo\/ -->\n<title>Agjent\/e i\/e Shitjes - Kosov\u00eb - Alcedrix<\/title>\n<meta name=\"robots\" content=\"index, follow, max-snippet:-1, max-image-preview:large, max-video-preview:-1\" \/>\n<link rel=\"canonical\" href=\"https:\/\/alcedrix.com\/sq\/agjent-i-shitjes-kosove\/\" \/>\n<meta property=\"og:locale\" content=\"sq_AL\" \/>\n<meta property=\"og:type\" content=\"article\" \/>\n<meta property=\"og:title\" content=\"Agjent\/e i\/e Shitjes - Kosov\u00eb - Alcedrix\" \/>\n<meta property=\"og:description\" content=\"Agjent\/e i\/e Shitjes &#8211; Kosov\u00eb Alcedrix\u00a0\u00ebshte kompani q\u00eb mirret me shpr\u00ebndarje dhe marketing t\u00eb produkteve parafarmaceutike (food supplements, kozmetik\u00eb), me seli n\u00eb Prishtin\u00eb. Si pjes\u00eb e planeve zhvillimore, kompania \u00ebsht\u00eb n\u00eb k\u00ebrkim t\u00eb personave q\u00eb do t\u00eb jen\u00eb pjes\u00eb e ekipit n\u00eb departamentin e shitjes dhe promovimit. Titulli: Agjent\/e i\/e shitjes Rajoni: N\u00eb t\u00eb gjith [&hellip;]\" \/>\n<meta property=\"og:url\" content=\"https:\/\/alcedrix.com\/sq\/agjent-i-shitjes-kosove\/\" \/>\n<meta property=\"og:site_name\" content=\"Alcedrix\" \/>\n<meta property=\"article:publisher\" content=\"https:\/\/www.facebook.com\/alcedrix\" \/>\n<meta property=\"article:modified_time\" content=\"2026-02-04T08:39:48+00:00\" \/>\n<meta name=\"twitter:card\" content=\"summary_large_image\" \/>\n<meta name=\"twitter:label1\" content=\"Est. reading time\" \/>\n\t<meta name=\"twitter:data1\" content=\"2 minuta\" \/>\n<script type=\"application\/ld+json\" class=\"yoast-schema-graph\">{\"@context\":\"https:\/\/schema.org\",\"@graph\":[{\"@type\":\"WebPage\",\"@id\":\"https:\/\/alcedrix.com\/sq\/agjent-i-shitjes-kosove\/\",\"url\":\"https:\/\/alcedrix.com\/sq\/agjent-i-shitjes-kosove\/\",\"name\":\"Agjent\/e i\/e Shitjes - Kosov\u00eb - Alcedrix\",\"isPartOf\":{\"@id\":\"http:\/\/alcedrix.com\/#website\"},\"datePublished\":\"2023-09-17T12:55:18+00:00\",\"dateModified\":\"2026-02-04T08:39:48+00:00\",\"breadcrumb\":{\"@id\":\"https:\/\/alcedrix.com\/sq\/agjent-i-shitjes-kosove\/#breadcrumb\"},\"inLanguage\":\"sq\",\"potentialAction\":[{\"@type\":\"ReadAction\",\"target\":[\"https:\/\/alcedrix.com\/sq\/agjent-i-shitjes-kosove\/\"]}]},{\"@type\":\"BreadcrumbList\",\"@id\":\"https:\/\/alcedrix.com\/sq\/agjent-i-shitjes-kosove\/#breadcrumb\",\"itemListElement\":[{\"@type\":\"ListItem\",\"position\":1,\"name\":\"Home\",\"item\":\"https:\/\/alcedrix.com\/\"},{\"@type\":\"ListItem\",\"position\":2,\"name\":\"Agjent\/e i\/e Shitjes &#8211; Kosov\u00eb\"}]},{\"@type\":\"WebSite\",\"@id\":\"http:\/\/alcedrix.com\/#website\",\"url\":\"http:\/\/alcedrix.com\/\",\"name\":\"Alcedrix\",\"description\":\"Alcedrix\",\"publisher\":{\"@id\":\"http:\/\/alcedrix.com\/#organization\"},\"potentialAction\":[{\"@type\":\"SearchAction\",\"target\":{\"@type\":\"EntryPoint\",\"urlTemplate\":\"http:\/\/alcedrix.com\/?s={search_term_string}\"},\"query-input\":{\"@type\":\"PropertyValueSpecification\",\"valueRequired\":true,\"valueName\":\"search_term_string\"}}],\"inLanguage\":\"sq\"},{\"@type\":\"Organization\",\"@id\":\"http:\/\/alcedrix.com\/#organization\",\"name\":\"Alcedrix\",\"url\":\"http:\/\/alcedrix.com\/\",\"logo\":{\"@type\":\"ImageObject\",\"inLanguage\":\"sq\",\"@id\":\"http:\/\/alcedrix.com\/#\/schema\/logo\/image\/\",\"url\":\"http:\/\/3.126.27.25\/wp-content\/uploads\/2023\/08\/logo-web.png\",\"contentUrl\":\"http:\/\/3.126.27.25\/wp-content\/uploads\/2023\/08\/logo-web.png\",\"width\":492,\"height\":93,\"caption\":\"Alcedrix\"},\"image\":{\"@id\":\"http:\/\/alcedrix.com\/#\/schema\/logo\/image\/\"},\"sameAs\":[\"https:\/\/www.facebook.com\/alcedrix\",\"https:\/\/www.instagram.com\/alcedrix\"]}]}<\/script>\n<!-- \/ Yoast SEO plugin. -->","yoast_head_json":{"title":"Agjent\/e i\/e Shitjes - Kosov\u00eb - Alcedrix","robots":{"index":"index","follow":"follow","max-snippet":"max-snippet:-1","max-image-preview":"max-image-preview:large","max-video-preview":"max-video-preview:-1"},"canonical":"https:\/\/alcedrix.com\/sq\/agjent-i-shitjes-kosove\/","og_locale":"sq_AL","og_type":"article","og_title":"Agjent\/e i\/e Shitjes - Kosov\u00eb - Alcedrix","og_description":"Agjent\/e i\/e Shitjes &#8211; Kosov\u00eb Alcedrix\u00a0\u00ebshte kompani q\u00eb mirret me shpr\u00ebndarje dhe marketing t\u00eb produkteve parafarmaceutike (food supplements, kozmetik\u00eb), me seli n\u00eb Prishtin\u00eb. Si pjes\u00eb e planeve zhvillimore, kompania \u00ebsht\u00eb n\u00eb k\u00ebrkim t\u00eb personave q\u00eb do t\u00eb jen\u00eb pjes\u00eb e ekipit n\u00eb departamentin e shitjes dhe promovimit. Titulli: Agjent\/e i\/e shitjes Rajoni: N\u00eb t\u00eb gjith [&hellip;]","og_url":"https:\/\/alcedrix.com\/sq\/agjent-i-shitjes-kosove\/","og_site_name":"Alcedrix","article_publisher":"https:\/\/www.facebook.com\/alcedrix","article_modified_time":"2026-02-04T08:39:48+00:00","twitter_card":"summary_large_image","twitter_misc":{"Est. reading time":"2 minuta"},"schema":{"@context":"https:\/\/schema.org","@graph":[{"@type":"WebPage","@id":"https:\/\/alcedrix.com\/sq\/agjent-i-shitjes-kosove\/","url":"https:\/\/alcedrix.com\/sq\/agjent-i-shitjes-kosove\/","name":"Agjent\/e i\/e Shitjes - Kosov\u00eb - Alcedrix","isPartOf":{"@id":"http:\/\/alcedrix.com\/#website"},"datePublished":"2023-09-17T12:55:18+00:00","dateModified":"2026-02-04T08:39:48+00:00","breadcrumb":{"@id":"https:\/\/alcedrix.com\/sq\/agjent-i-shitjes-kosove\/#breadcrumb"},"inLanguage":"sq","potentialAction":[{"@type":"ReadAction","target":["https:\/\/alcedrix.com\/sq\/agjent-i-shitjes-kosove\/"]}]},{"@type":"BreadcrumbList","@id":"https:\/\/alcedrix.com\/sq\/agjent-i-shitjes-kosove\/#breadcrumb","itemListElement":[{"@type":"ListItem","position":1,"name":"Home","item":"https:\/\/alcedrix.com\/"},{"@type":"ListItem","position":2,"name":"Agjent\/e i\/e Shitjes &#8211; Kosov\u00eb"}]},{"@type":"WebSite","@id":"http:\/\/alcedrix.com\/#website","url":"http:\/\/alcedrix.com\/","name":"Alcedrix","description":"Alcedrix","publisher":{"@id":"http:\/\/alcedrix.com\/#organization"},"potentialAction":[{"@type":"SearchAction","target":{"@type":"EntryPoint","urlTemplate":"http:\/\/alcedrix.com\/?s={search_term_string}"},"query-input":{"@type":"PropertyValueSpecification","valueRequired":true,"valueName":"search_term_string"}}],"inLanguage":"sq"},{"@type":"Organization","@id":"http:\/\/alcedrix.com\/#organization","name":"Alcedrix","url":"http:\/\/alcedrix.com\/","logo":{"@type":"ImageObject","inLanguage":"sq","@id":"http:\/\/alcedrix.com\/#\/schema\/logo\/image\/","url":"http:\/\/3.126.27.25\/wp-content\/uploads\/2023\/08\/logo-web.png","contentUrl":"http:\/\/3.126.27.25\/wp-content\/uploads\/2023\/08\/logo-web.png","width":492,"height":93,"caption":"Alcedrix"},"image":{"@id":"http:\/\/alcedrix.com\/#\/schema\/logo\/image\/"},"sameAs":["https:\/\/www.facebook.com\/alcedrix","https:\/\/www.instagram.com\/alcedrix"]}]}},"_links":{"self":[{"href":"https:\/\/alcedrix.com\/sq\/wp-json\/wp\/v2\/pages\/8599"}],"collection":[{"href":"https:\/\/alcedrix.com\/sq\/wp-json\/wp\/v2\/pages"}],"about":[{"href":"https:\/\/alcedrix.com\/sq\/wp-json\/wp\/v2\/types\/page"}],"author":[{"embeddable":true,"href":"https:\/\/alcedrix.com\/sq\/wp-json\/wp\/v2\/users\/1"}],"replies":[{"embeddable":true,"href":"https:\/\/alcedrix.com\/sq\/wp-json\/wp\/v2\/comments?post=8599"}],"version-history":[{"count":44,"href":"https:\/\/alcedrix.com\/sq\/wp-json\/wp\/v2\/pages\/8599\/revisions"}],"predecessor-version":[{"id":10317,"href":"https:\/\/alcedrix.com\/sq\/wp-json\/wp\/v2\/pages\/8599\/revisions\/10317"}],"wp:attachment":[{"href":"https:\/\/alcedrix.com\/sq\/wp-json\/wp\/v2\/media?parent=8599"}],"curies":[{"name":"wp","href":"https:\/\/api.w.org\/{rel}","templated":true}]}}