{"id":8327,"date":"2023-09-15T13:00:14","date_gmt":"2023-09-15T13:00:14","guid":{"rendered":"http:\/\/3.126.27.25\/?page_id=8327"},"modified":"2026-02-04T08:32:10","modified_gmt":"2026-02-04T08:32:10","slug":"karriera","status":"publish","type":"page","link":"https:\/\/alcedrix.com\/sq\/karriera\/","title":{"rendered":"Karriera"},"content":{"rendered":"<div data-elementor-type=\"wp-page\" data-elementor-id=\"8327\" class=\"elementor elementor-8327\" data-elementor-post-type=\"page\">\n\t\t\t\t\t\t<section class=\"elementor-section elementor-top-section elementor-element elementor-element-e6a2168 elementor-section-full_width qodef-elementor-content-grid elementor-section-height-default elementor-section-height-default\" data-id=\"e6a2168\" data-element_type=\"section\">\n\t\t\t\t\t\t<div class=\"elementor-container elementor-column-gap-default\">\n\t\t\t\t\t<div class=\"elementor-column elementor-col-100 elementor-top-column elementor-element elementor-element-9e80260\" data-id=\"9e80260\" data-element_type=\"column\">\n\t\t\t<div class=\"elementor-widget-wrap elementor-element-populated\">\n\t\t\t\t\t\t<div class=\"elementor-element elementor-element-663fd80 elementor-widget elementor-widget-heading\" data-id=\"663fd80\" data-element_type=\"widget\" data-widget_type=\"heading.default\">\n\t\t\t\t<div class=\"elementor-widget-container\">\n\t\t\t<style>\/*! elementor - v3.23.0 - 05-08-2024 *\/\n.elementor-heading-title{padding:0;margin:0;line-height:1}.elementor-widget-heading .elementor-heading-title[class*=elementor-size-]>a{color:inherit;font-size:inherit;line-height:inherit}.elementor-widget-heading .elementor-heading-title.elementor-size-small{font-size:15px}.elementor-widget-heading .elementor-heading-title.elementor-size-medium{font-size:19px}.elementor-widget-heading .elementor-heading-title.elementor-size-large{font-size:29px}.elementor-widget-heading .elementor-heading-title.elementor-size-xl{font-size:39px}.elementor-widget-heading .elementor-heading-title.elementor-size-xxl{font-size:59px}<\/style><h2 class=\"elementor-heading-title elementor-size-default\">Karriera<\/h2>\t\t<\/div>\n\t\t\t\t<\/div>\n\t\t\t\t\t<\/div>\n\t\t<\/div>\n\t\t\t\t\t<\/div>\n\t\t<\/section>\n\t\t\t\t<section class=\"elementor-section elementor-top-section elementor-element elementor-element-a8514a9 elementor-section-full_width qodef-elementor-content-grid elementor-section-height-default elementor-section-height-default\" data-id=\"a8514a9\" data-element_type=\"section\">\n\t\t\t\t\t\t<div class=\"elementor-container elementor-column-gap-default\">\n\t\t\t\t\t<div class=\"elementor-column elementor-col-100 elementor-top-column elementor-element elementor-element-86a34d2\" data-id=\"86a34d2\" data-element_type=\"column\">\n\t\t\t<div class=\"elementor-widget-wrap elementor-element-populated\">\n\t\t\t\t\t\t<div class=\"elementor-element elementor-element-7e7aea0 elementor-widget elementor-widget-pharmacare_core_section_title\" data-id=\"7e7aea0\" data-element_type=\"widget\" data-widget_type=\"pharmacare_core_section_title.default\">\n\t\t\t\t<div class=\"elementor-widget-container\">\n\t\t\t<div class=\"qodef-shortcode qodef-m  qodef-section-title  qodef-alignment--left  qodef-appear-animation--enabled\">\n\t\t<h3 class=\"qodef-m-title\" >\n\t\t\t\t\tP\u00ebrfaq\u00ebsues\/e Mjek\u00ebsor - Kosov\u00eb\t\t\t<\/h3>\n\t\t<p class=\"qodef-m-text\" style=\"margin-top: 25px\">Alcedrix \u00ebshte kompani q\u00eb mirret me shpr\u00ebndarje dhe marketing t\u00eb produkteve parafarmaceutike (food supplements, kozmetik\u00eb), me seli n\u00eb Prishtin\u00eb. Si pjes\u00eb e planeve zhvillimore, kompania \u00ebsht\u00eb n\u00eb k\u00ebrkim t\u00eb personave q\u00eb do t\u00eb jen\u00eb pjes\u00eb e ekipit n\u00eb departamentin e shitjes dhe promovimit.<\/p>\n<\/div>\t\t<\/div>\n\t\t\t\t<\/div>\n\t\t\t\t<div class=\"elementor-element elementor-element-0d16f60 elementor-widget elementor-widget-pharmacare_core_button\" data-id=\"0d16f60\" data-element_type=\"widget\" data-widget_type=\"pharmacare_core_button.default\">\n\t\t\t\t<div class=\"elementor-widget-container\">\n\t\t\t<a class=\"qodef-shortcode qodef-m  qodef-button qodef-layout--filled  qodef-html--link\" href=\"https:\/\/alcedrix.com\/sq\/perfaqesues-mjekesor\/\" target=\"_self\"  >\n\t<span class=\"qodef-m-text\">Apliko<\/span>\n<\/a>\n\t\t<\/div>\n\t\t\t\t<\/div>\n\t\t\t\t\t<\/div>\n\t\t<\/div>\n\t\t\t\t\t<\/div>\n\t\t<\/section>\n\t\t\t\t<section class=\"elementor-section elementor-top-section elementor-element elementor-element-18d01ad elementor-section-full_width qodef-elementor-content-grid elementor-section-height-default elementor-section-height-default\" data-id=\"18d01ad\" data-element_type=\"section\">\n\t\t\t\t\t\t<div class=\"elementor-container elementor-column-gap-default\">\n\t\t\t\t\t<div class=\"elementor-column elementor-col-100 elementor-top-column elementor-element elementor-element-e615a40\" data-id=\"e615a40\" data-element_type=\"column\">\n\t\t\t<div class=\"elementor-widget-wrap elementor-element-populated\">\n\t\t\t\t\t\t<div class=\"elementor-element elementor-element-87a3a2f elementor-widget elementor-widget-pharmacare_core_section_title\" data-id=\"87a3a2f\" data-element_type=\"widget\" data-widget_type=\"pharmacare_core_section_title.default\">\n\t\t\t\t<div class=\"elementor-widget-container\">\n\t\t\t<div class=\"qodef-shortcode qodef-m  qodef-section-title  qodef-alignment--left  qodef-appear-animation--enabled\">\n\t\t<h3 class=\"qodef-m-title\" >\n\t\t\t\t\tAgjent\/e i\/e Shitjes - Kosov\u00eb\t\t\t<\/h3>\n\t\t<p class=\"qodef-m-text\" style=\"margin-top: 25px\">Alcedrix \u00ebsht\u00eb kompani me seli n\u00eb Prishtin\u00eb q\u00eb merret me shp\u00ebrndarje dhe marketing t\u00eb produkteve parafarmaceutike si suplemente ushqimore dhe produkte kozmetike. Si pjes\u00eb e planeve tona zhvillimore, jemi n\u00eb k\u00ebrkim t\u00eb nj\u00eb Agjentit t\u00eb Shitjes q\u00eb do t\u00eb kontribuojn\u00eb n\u00eb zgjerimin e prezenc\u00ebs s\u00eb produkteve tona n\u00eb tregun vendor.<\/p>\n<\/div>\t\t<\/div>\n\t\t\t\t<\/div>\n\t\t\t\t<div class=\"elementor-element elementor-element-5ab3227 elementor-widget elementor-widget-pharmacare_core_button\" data-id=\"5ab3227\" data-element_type=\"widget\" data-widget_type=\"pharmacare_core_button.default\">\n\t\t\t\t<div class=\"elementor-widget-container\">\n\t\t\t<a class=\"qodef-shortcode qodef-m  qodef-button qodef-layout--filled  qodef-html--link\" href=\"https:\/\/alcedrix.com\/sq\/agjent-i-shitjes-kosove\/\" target=\"_self\"  >\n\t<span class=\"qodef-m-text\">Apliko<\/span>\n<\/a>\n\t\t<\/div>\n\t\t\t\t<\/div>\n\t\t\t\t\t<\/div>\n\t\t<\/div>\n\t\t\t\t\t<\/div>\n\t\t<\/section>\n\t\t\t\t<section class=\"elementor-section elementor-top-section elementor-element elementor-element-2824486 elementor-section-full_width qodef-elementor-content-grid elementor-section-height-default elementor-section-height-default\" data-id=\"2824486\" data-element_type=\"section\">\n\t\t\t\t\t\t<div class=\"elementor-container elementor-column-gap-default\">\n\t\t\t\t\t<div class=\"elementor-column elementor-col-100 elementor-top-column elementor-element elementor-element-07e37fd\" data-id=\"07e37fd\" data-element_type=\"column\">\n\t\t\t<div class=\"elementor-widget-wrap elementor-element-populated\">\n\t\t\t\t\t\t<div class=\"elementor-element elementor-element-7c68da6 elementor-widget elementor-widget-pharmacare_core_section_title\" data-id=\"7c68da6\" data-element_type=\"widget\" data-widget_type=\"pharmacare_core_section_title.default\">\n\t\t\t\t<div class=\"elementor-widget-container\">\n\t\t\t<div class=\"qodef-shortcode qodef-m  qodef-section-title  qodef-alignment--left  qodef-appear-animation--enabled\">\n\t\t<h3 class=\"qodef-m-title\" >\n\t\t\t\t\tAgjent\/e Shitjes p\u00ebrmes Telefonit - Prishtin\u00eb\t\t\t<\/h3>\n\t\t<p class=\"qodef-m-text\" style=\"margin-top: 25px\">Alcedrix \u00ebsht\u00eb kompani me seli n\u00eb Prishtin\u00eb q\u00eb merret me shp\u00ebrndarje dhe marketing t\u00eb produkteve parafarmaceutike si suplemente ushqimore dhe produkte kozmetike. Si pjes\u00eb e planeve tona zhvillimore, jemi n\u00eb k\u00ebrkim t\u00eb nj\u00eb Agjentit t\u00eb Shitjes p\u00ebrmes telefonit q\u00eb do t\u00eb kontribuojn\u00eb n\u00eb zgjerimin e prezenc\u00ebs s\u00eb produkteve tona n\u00eb tregun vendor.<\/p>\n<\/div>\t\t<\/div>\n\t\t\t\t<\/div>\n\t\t\t\t<div class=\"elementor-element elementor-element-76a2790 elementor-widget elementor-widget-pharmacare_core_button\" data-id=\"76a2790\" data-element_type=\"widget\" data-widget_type=\"pharmacare_core_button.default\">\n\t\t\t\t<div class=\"elementor-widget-container\">\n\t\t\t<a class=\"qodef-shortcode qodef-m  qodef-button qodef-layout--filled  qodef-html--link\" href=\"https:\/\/alcedrix.com\/sq\/agjent-i-shitjes-permes-telefonit\/\" target=\"_self\"  >\n\t<span class=\"qodef-m-text\">Apliko<\/span>\n<\/a>\n\t\t<\/div>\n\t\t\t\t<\/div>\n\t\t\t\t\t<\/div>\n\t\t<\/div>\n\t\t\t\t\t<\/div>\n\t\t<\/section>\n\t\t\t\t<\/div>","protected":false},"excerpt":{"rendered":"<p>Karriera P\u00ebrfaq\u00ebsues\/e Mjek\u00ebsor &#8211; Kosov\u00eb Alcedrix \u00ebshte kompani q\u00eb mirret me shpr\u00ebndarje dhe marketing t\u00eb produkteve parafarmaceutike (food supplements, kozmetik\u00eb), me seli n\u00eb Prishtin\u00eb. Si pjes\u00eb e planeve zhvillimore, kompania \u00ebsht\u00eb n\u00eb k\u00ebrkim t\u00eb personave q\u00eb do t\u00eb jen\u00eb pjes\u00eb e ekipit n\u00eb departamentin e shitjes dhe promovimit. Apliko Agjent\/e i\/e Shitjes &#8211; Kosov\u00eb Alcedrix [&hellip;]<\/p>","protected":false},"author":1,"featured_media":0,"parent":0,"menu_order":0,"comment_status":"closed","ping_status":"closed","template":"","meta":{"footnotes":""},"class_list":["post-8327","page","type-page","status-publish","hentry"],"yoast_head":"<!-- This site is optimized with the Yoast SEO plugin v23.6 - https:\/\/yoast.com\/wordpress\/plugins\/seo\/ -->\n<title>Karriera - Alcedrix<\/title>\n<meta name=\"robots\" content=\"index, follow, max-snippet:-1, max-image-preview:large, max-video-preview:-1\" \/>\n<link rel=\"canonical\" href=\"https:\/\/alcedrix.com\/sq\/karriera\/\" \/>\n<meta property=\"og:locale\" content=\"sq_AL\" \/>\n<meta property=\"og:type\" content=\"article\" \/>\n<meta property=\"og:title\" content=\"Karriera - Alcedrix\" \/>\n<meta property=\"og:description\" content=\"Karriera P\u00ebrfaq\u00ebsues\/e Mjek\u00ebsor &#8211; Kosov\u00eb Alcedrix \u00ebshte kompani q\u00eb mirret me shpr\u00ebndarje dhe marketing t\u00eb produkteve parafarmaceutike (food supplements, kozmetik\u00eb), me seli n\u00eb Prishtin\u00eb. Si pjes\u00eb e planeve zhvillimore, kompania \u00ebsht\u00eb n\u00eb k\u00ebrkim t\u00eb personave q\u00eb do t\u00eb jen\u00eb pjes\u00eb e ekipit n\u00eb departamentin e shitjes dhe promovimit. Apliko Agjent\/e i\/e Shitjes &#8211; Kosov\u00eb Alcedrix [&hellip;]\" \/>\n<meta property=\"og:url\" content=\"https:\/\/alcedrix.com\/sq\/karriera\/\" \/>\n<meta property=\"og:site_name\" content=\"Alcedrix\" \/>\n<meta property=\"article:publisher\" content=\"https:\/\/www.facebook.com\/alcedrix\" \/>\n<meta property=\"article:modified_time\" content=\"2026-02-04T08:32:10+00:00\" \/>\n<meta name=\"twitter:card\" content=\"summary_large_image\" \/>\n<meta name=\"twitter:label1\" content=\"Est. reading time\" \/>\n\t<meta name=\"twitter:data1\" content=\"1 minut\u00eb\" \/>\n<script type=\"application\/ld+json\" class=\"yoast-schema-graph\">{\"@context\":\"https:\/\/schema.org\",\"@graph\":[{\"@type\":\"WebPage\",\"@id\":\"https:\/\/alcedrix.com\/sq\/karriera\/\",\"url\":\"https:\/\/alcedrix.com\/sq\/karriera\/\",\"name\":\"Karriera - Alcedrix\",\"isPartOf\":{\"@id\":\"http:\/\/alcedrix.com\/#website\"},\"datePublished\":\"2023-09-15T13:00:14+00:00\",\"dateModified\":\"2026-02-04T08:32:10+00:00\",\"breadcrumb\":{\"@id\":\"https:\/\/alcedrix.com\/sq\/karriera\/#breadcrumb\"},\"inLanguage\":\"sq\",\"potentialAction\":[{\"@type\":\"ReadAction\",\"target\":[\"https:\/\/alcedrix.com\/sq\/karriera\/\"]}]},{\"@type\":\"BreadcrumbList\",\"@id\":\"https:\/\/alcedrix.com\/sq\/karriera\/#breadcrumb\",\"itemListElement\":[{\"@type\":\"ListItem\",\"position\":1,\"name\":\"Home\",\"item\":\"https:\/\/alcedrix.com\/\"},{\"@type\":\"ListItem\",\"position\":2,\"name\":\"Karriera\"}]},{\"@type\":\"WebSite\",\"@id\":\"http:\/\/alcedrix.com\/#website\",\"url\":\"http:\/\/alcedrix.com\/\",\"name\":\"Alcedrix\",\"description\":\"Alcedrix\",\"publisher\":{\"@id\":\"http:\/\/alcedrix.com\/#organization\"},\"potentialAction\":[{\"@type\":\"SearchAction\",\"target\":{\"@type\":\"EntryPoint\",\"urlTemplate\":\"http:\/\/alcedrix.com\/?s={search_term_string}\"},\"query-input\":{\"@type\":\"PropertyValueSpecification\",\"valueRequired\":true,\"valueName\":\"search_term_string\"}}],\"inLanguage\":\"sq\"},{\"@type\":\"Organization\",\"@id\":\"http:\/\/alcedrix.com\/#organization\",\"name\":\"Alcedrix\",\"url\":\"http:\/\/alcedrix.com\/\",\"logo\":{\"@type\":\"ImageObject\",\"inLanguage\":\"sq\",\"@id\":\"http:\/\/alcedrix.com\/#\/schema\/logo\/image\/\",\"url\":\"http:\/\/3.126.27.25\/wp-content\/uploads\/2023\/08\/logo-web.png\",\"contentUrl\":\"http:\/\/3.126.27.25\/wp-content\/uploads\/2023\/08\/logo-web.png\",\"width\":492,\"height\":93,\"caption\":\"Alcedrix\"},\"image\":{\"@id\":\"http:\/\/alcedrix.com\/#\/schema\/logo\/image\/\"},\"sameAs\":[\"https:\/\/www.facebook.com\/alcedrix\",\"https:\/\/www.instagram.com\/alcedrix\"]}]}<\/script>\n<!-- \/ Yoast SEO plugin. -->","yoast_head_json":{"title":"Karriera - Alcedrix","robots":{"index":"index","follow":"follow","max-snippet":"max-snippet:-1","max-image-preview":"max-image-preview:large","max-video-preview":"max-video-preview:-1"},"canonical":"https:\/\/alcedrix.com\/sq\/karriera\/","og_locale":"sq_AL","og_type":"article","og_title":"Karriera - Alcedrix","og_description":"Karriera P\u00ebrfaq\u00ebsues\/e Mjek\u00ebsor &#8211; Kosov\u00eb Alcedrix \u00ebshte kompani q\u00eb mirret me shpr\u00ebndarje dhe marketing t\u00eb produkteve parafarmaceutike (food supplements, kozmetik\u00eb), me seli n\u00eb Prishtin\u00eb. Si pjes\u00eb e planeve zhvillimore, kompania \u00ebsht\u00eb n\u00eb k\u00ebrkim t\u00eb personave q\u00eb do t\u00eb jen\u00eb pjes\u00eb e ekipit n\u00eb departamentin e shitjes dhe promovimit. Apliko Agjent\/e i\/e Shitjes &#8211; Kosov\u00eb Alcedrix [&hellip;]","og_url":"https:\/\/alcedrix.com\/sq\/karriera\/","og_site_name":"Alcedrix","article_publisher":"https:\/\/www.facebook.com\/alcedrix","article_modified_time":"2026-02-04T08:32:10+00:00","twitter_card":"summary_large_image","twitter_misc":{"Est. reading time":"1 minut\u00eb"},"schema":{"@context":"https:\/\/schema.org","@graph":[{"@type":"WebPage","@id":"https:\/\/alcedrix.com\/sq\/karriera\/","url":"https:\/\/alcedrix.com\/sq\/karriera\/","name":"Karriera - Alcedrix","isPartOf":{"@id":"http:\/\/alcedrix.com\/#website"},"datePublished":"2023-09-15T13:00:14+00:00","dateModified":"2026-02-04T08:32:10+00:00","breadcrumb":{"@id":"https:\/\/alcedrix.com\/sq\/karriera\/#breadcrumb"},"inLanguage":"sq","potentialAction":[{"@type":"ReadAction","target":["https:\/\/alcedrix.com\/sq\/karriera\/"]}]},{"@type":"BreadcrumbList","@id":"https:\/\/alcedrix.com\/sq\/karriera\/#breadcrumb","itemListElement":[{"@type":"ListItem","position":1,"name":"Home","item":"https:\/\/alcedrix.com\/"},{"@type":"ListItem","position":2,"name":"Karriera"}]},{"@type":"WebSite","@id":"http:\/\/alcedrix.com\/#website","url":"http:\/\/alcedrix.com\/","name":"Alcedrix","description":"Alcedrix","publisher":{"@id":"http:\/\/alcedrix.com\/#organization"},"potentialAction":[{"@type":"SearchAction","target":{"@type":"EntryPoint","urlTemplate":"http:\/\/alcedrix.com\/?s={search_term_string}"},"query-input":{"@type":"PropertyValueSpecification","valueRequired":true,"valueName":"search_term_string"}}],"inLanguage":"sq"},{"@type":"Organization","@id":"http:\/\/alcedrix.com\/#organization","name":"Alcedrix","url":"http:\/\/alcedrix.com\/","logo":{"@type":"ImageObject","inLanguage":"sq","@id":"http:\/\/alcedrix.com\/#\/schema\/logo\/image\/","url":"http:\/\/3.126.27.25\/wp-content\/uploads\/2023\/08\/logo-web.png","contentUrl":"http:\/\/3.126.27.25\/wp-content\/uploads\/2023\/08\/logo-web.png","width":492,"height":93,"caption":"Alcedrix"},"image":{"@id":"http:\/\/alcedrix.com\/#\/schema\/logo\/image\/"},"sameAs":["https:\/\/www.facebook.com\/alcedrix","https:\/\/www.instagram.com\/alcedrix"]}]}},"_links":{"self":[{"href":"https:\/\/alcedrix.com\/sq\/wp-json\/wp\/v2\/pages\/8327"}],"collection":[{"href":"https:\/\/alcedrix.com\/sq\/wp-json\/wp\/v2\/pages"}],"about":[{"href":"https:\/\/alcedrix.com\/sq\/wp-json\/wp\/v2\/types\/page"}],"author":[{"embeddable":true,"href":"https:\/\/alcedrix.com\/sq\/wp-json\/wp\/v2\/users\/1"}],"replies":[{"embeddable":true,"href":"https:\/\/alcedrix.com\/sq\/wp-json\/wp\/v2\/comments?post=8327"}],"version-history":[{"count":133,"href":"https:\/\/alcedrix.com\/sq\/wp-json\/wp\/v2\/pages\/8327\/revisions"}],"predecessor-version":[{"id":10311,"href":"https:\/\/alcedrix.com\/sq\/wp-json\/wp\/v2\/pages\/8327\/revisions\/10311"}],"wp:attachment":[{"href":"https:\/\/alcedrix.com\/sq\/wp-json\/wp\/v2\/media?parent=8327"}],"curies":[{"name":"wp","href":"https:\/\/api.w.org\/{rel}","templated":true}]}}