{"id":2689,"date":"2021-03-09T15:30:27","date_gmt":"2021-03-09T15:30:27","guid":{"rendered":"https:\/\/pharmacare.qodeinteractive.com\/?page_id=2689"},"modified":"2023-09-15T16:46:19","modified_gmt":"2023-09-15T16:46:19","slug":"kontakti","status":"publish","type":"page","link":"https:\/\/alcedrix.com\/sq\/kontakti\/","title":{"rendered":"Kontakti"},"content":{"rendered":"<div data-elementor-type=\"wp-page\" data-elementor-id=\"2689\" class=\"elementor elementor-2689\" data-elementor-post-type=\"page\">\n\t\t\t\t\t\t<section class=\"elementor-section elementor-top-section elementor-element elementor-element-7803a59 elementor-section-full_width qodef-elementor-content-grid elementor-section-height-default elementor-section-height-default\" data-id=\"7803a59\" data-element_type=\"section\">\n\t\t\t\t\t\t<div class=\"elementor-container elementor-column-gap-default\">\n\t\t\t\t\t<div class=\"elementor-column elementor-col-100 elementor-top-column elementor-element elementor-element-899abbd\" data-id=\"899abbd\" data-element_type=\"column\">\n\t\t\t<div class=\"elementor-widget-wrap elementor-element-populated\">\n\t\t\t\t\t\t<div class=\"elementor-element elementor-element-ffc2041 elementor-widget elementor-widget-pharmacare_core_google_map\" data-id=\"ffc2041\" data-element_type=\"widget\" data-widget_type=\"pharmacare_core_google_map.default\">\n\t\t\t\t<div class=\"elementor-widget-container\">\n\t\t\t<div class=\"qodef-shortcode qodef-m  qodef-google-map\">\n\t<div class=\"qodef-m-map\" id=\"qodef-map-id--615\" data-addresses='[\"Friedrichstra\u00dfe 43-45, 10117 Berlin, Germany\"]' data-pin=\"https:\/\/alcedrix.com\/wp-content\/plugins\/pharmacare-core\/inc\/maps\/assets\/img\/pin.png\" data-unique-id=\"615\" data-height=\"490\"><\/div>\n<\/div>\n\t\t<\/div>\n\t\t\t\t<\/div>\n\t\t\t\t\t<\/div>\n\t\t<\/div>\n\t\t\t\t\t<\/div>\n\t\t<\/section>\n\t\t\t\t<section class=\"elementor-section elementor-top-section elementor-element elementor-element-6e9d86b elementor-section-full_width qodef-elementor-content-grid elementor-section-height-default elementor-section-height-default\" data-id=\"6e9d86b\" data-element_type=\"section\">\n\t\t\t\t\t\t<div class=\"elementor-container elementor-column-gap-default\">\n\t\t\t\t\t<div class=\"elementor-column elementor-col-50 elementor-top-column elementor-element elementor-element-02ed46f\" data-id=\"02ed46f\" data-element_type=\"column\">\n\t\t\t<div class=\"elementor-widget-wrap elementor-element-populated\">\n\t\t\t\t\t\t<div class=\"elementor-element elementor-element-d819459 elementor-widget elementor-widget-pharmacare_core_section_title\" data-id=\"d819459\" data-element_type=\"widget\" data-widget_type=\"pharmacare_core_section_title.default\">\n\t\t\t\t<div class=\"elementor-widget-container\">\n\t\t\t<div class=\"qodef-shortcode qodef-m  qodef-section-title  qodef-alignment--left  qodef-appear-animation--enabled\">\n\t\t<h4 class=\"qodef-m-title\" >\n\t\t\t\t\tNa Kontaktoni\t\t\t<\/h4>\n\t\t<p class=\"qodef-m-text\" >Na shkruani p\u00ebr \u00e7ka do q\u00eb mendoni se mund t\u00eb ju ndihmojm\u00eb dhe do t\u00eb p\u00ebrpiqemi q\u00eb n\u00eb koh\u00eb sa m\u00eb t\u00eb shpejt\u00eb t\u00eb ju p\u00ebrgjigjemi.<\/p>\n<\/div>\t\t<\/div>\n\t\t\t\t<\/div>\n\t\t\t\t<div class=\"elementor-element elementor-element-0af12a6 elementor-widget elementor-widget-wp-widget-pharmacare_core_contact_form_7\" data-id=\"0af12a6\" data-element_type=\"widget\" data-widget_type=\"wp-widget-pharmacare_core_contact_form_7.default\">\n\t\t\t\t<div class=\"elementor-widget-container\">\n\t\t\t\t\t\t<div class=\"qodef-contact-form-7\">\n\t\t\t\t\n<div class=\"wpcf7 no-js\" id=\"wpcf7-f2665-o1\" lang=\"en-US\" dir=\"ltr\">\n<div class=\"screen-reader-response\"><p role=\"status\" aria-live=\"polite\" aria-atomic=\"true\"><\/p> <ul><\/ul><\/div>\n<form action=\"\/wp-json\/wp\/v2\/pages\/2689\" method=\"post\" class=\"wpcf7-form init\" aria-label=\"Contact form\" novalidate=\"novalidate\" data-status=\"init\" data-trp-original-action=\"\/sq\/wp-json\/wp\/v2\/pages\/2689#wpcf7-f2665-o1\">\n<div style=\"display: none;\">\n<input type=\"hidden\" name=\"_wpcf7\" value=\"2665\" \/>\n<input type=\"hidden\" name=\"_wpcf7_version\" value=\"5.9.8\" \/>\n<input type=\"hidden\" name=\"_wpcf7_locale\" value=\"en_US\" \/>\n<input type=\"hidden\" name=\"_wpcf7_unit_tag\" value=\"wpcf7-f2665-o1\" \/>\n<input type=\"hidden\" name=\"_wpcf7_container_post\" value=\"0\" \/>\n<input type=\"hidden\" name=\"_wpcf7_posted_data_hash\" value=\"\" \/>\n<input type=\"hidden\" name=\"_wpcf7_recaptcha_response\" value=\"\" \/>\n<\/div>\n<div class=\"custom-contact\">\n\t<div class=\"one_columns_100\">\n\t\t<p><label>Emri dhe Mbiemri <span class=\"qodef-green\">*<\/span> <span class=\"wpcf7-form-control-wrap\" data-name=\"your-name\"><input size=\"40\" maxlength=\"400\" class=\"wpcf7-form-control wpcf7-text wpcf7-validates-as-required\" aria-required=\"true\" aria-invalid=\"false\" value=\"\" type=\"text\" name=\"your-name\" \/><\/span><\/label><label>Numri Telefonit <span class=\"qodef-green\">*<\/span> <span class=\"wpcf7-form-control-wrap\" data-name=\"tel-840\"><input size=\"40\" maxlength=\"400\" class=\"wpcf7-form-control wpcf7-tel wpcf7-text wpcf7-validates-as-tel\" aria-invalid=\"false\" value=\"\" type=\"tel\" name=\"tel-840\" \/><\/span><\/label><label>E-Mail <span class=\"qodef-green\">*<\/span> <span class=\"wpcf7-form-control-wrap\" data-name=\"your-email\"><input size=\"40\" maxlength=\"400\" class=\"wpcf7-form-control wpcf7-email wpcf7-validates-as-required wpcf7-text wpcf7-validates-as-email\" aria-required=\"true\" aria-invalid=\"false\" value=\"\" type=\"email\" name=\"your-email\" \/><\/span><\/label>\n\t\t<\/p>\n\t<\/div>\n\t<div class=\"qodef-question\">\n\t\t<p><label> Mesazhi<span class=\"qodef-green\">*<\/span> <span class=\"wpcf7-form-control-wrap\" data-name=\"your-message\"><textarea cols=\"40\" rows=\"5\" maxlength=\"2000\" class=\"wpcf7-form-control wpcf7-textarea\" aria-invalid=\"false\" name=\"your-message\"><\/textarea><\/span> <\/label><button class=\"wpcf7-form-control wpcf7-submit qodef-button qodef-size--normal qodef-type--filled qodef-m\" type=\"submit\"><span class=\"qodef-m-text\">D\u00ebrgo Mesazh<\/span><\/button>\n\t\t<\/p>\n\t<\/div>\n<\/div><div class=\"wpcf7-response-output\" aria-hidden=\"true\"><\/div>\n<input type=\"hidden\" name=\"trp-form-language\" value=\"sq\"\/><\/form>\n<\/div>\n\t\t\t<\/div>\n\t\t\t\t\t<\/div>\n\t\t\t\t<\/div>\n\t\t\t\t\t<\/div>\n\t\t<\/div>\n\t\t\t\t<div class=\"elementor-column elementor-col-50 elementor-top-column elementor-element elementor-element-3dbda8a\" data-id=\"3dbda8a\" data-element_type=\"column\">\n\t\t\t<div class=\"elementor-widget-wrap elementor-element-populated\">\n\t\t\t\t\t\t<section class=\"elementor-section elementor-inner-section elementor-element elementor-element-b5a4f47 qodef-border-bottom elementor-section-boxed elementor-section-height-default elementor-section-height-default qodef-elementor-content-no\" data-id=\"b5a4f47\" data-element_type=\"section\">\n\t\t\t\t\t\t<div class=\"elementor-container elementor-column-gap-default\">\n\t\t\t\t\t<div class=\"elementor-column elementor-col-50 elementor-inner-column elementor-element elementor-element-e5d0433 qodef-border-right\" data-id=\"e5d0433\" data-element_type=\"column\">\n\t\t\t<div class=\"elementor-widget-wrap elementor-element-populated\">\n\t\t\t\t\t\t<div class=\"elementor-element elementor-element-e1df46d elementor-widget elementor-widget-pharmacare_core_working_hours_list\" data-id=\"e1df46d\" data-element_type=\"widget\" data-widget_type=\"pharmacare_core_working_hours_list.default\">\n\t\t\t\t<div class=\"elementor-widget-container\">\n\t\t\t<div class=\"qodef-shortcode qodef-m  qodef-working-hours-list qodef-layout--simple\">\n\t<div class=\"qodef-working-hours-list-inner\">\n\t\t<div class=\"qodef-e-item-location\">\n\t\t\t<h5 class=\"qodef-e-location\">Alcedrix Kosova <\/h5>\n\t\t<\/div>\n\t\t<div class=\"qodef-e-working-hours\">\n\t\t\t\t\t\t\t<div class=\"qodef-hours-item\">\n\t\t\t\t\t\t\t\t\t\t\t\t\t<p class=\"qodef-days\">E H\u00ebne \u2013 E Premte<\/p>\n\t\t\t\t\t\t\t\t\t\t\t\t\t\t\t\t\t\t\t<p class=\"qodef-hours\">8:30 \u2013 16:30<\/p>\n\t\t\t\t\t\t\t\t\t\t<\/div>\n\t\t\t\t\t<\/div>\n\t\t<div class=\"qodef-e-item-address\">\n\t\t\t<a class=\"qodef-address-holder\" itemprop=\"url\" href=\"https:\/\/goo.gl\/maps\/SRNK2CNGNDYtyzns7\" target=\"_blank\"><p class=\"qodef-e-address1\">Rruga Afrim Zhitia, Nr. 43, Prishtin\u00eb, 10000, Republika e Kosov\u00ebs <\/p><\/a>\n\t\t\t<a class=\"qodef-address-holder\" itemprop=\"url\" href=\"\" target=\"_blank\"><p class=\"qodef-e-address2\"> <\/p><\/a>\n\t\t<\/div>\n\t<\/div>\n<\/div>\t\t<\/div>\n\t\t\t\t<\/div>\n\t\t\t\t\t<\/div>\n\t\t<\/div>\n\t\t\t\t<div class=\"elementor-column elementor-col-50 elementor-inner-column elementor-element elementor-element-cf96033\" data-id=\"cf96033\" data-element_type=\"column\">\n\t\t\t<div class=\"elementor-widget-wrap elementor-element-populated\">\n\t\t\t\t\t\t<div class=\"elementor-element elementor-element-9f78497 elementor-widget elementor-widget-pharmacare_core_working_hours_list\" data-id=\"9f78497\" data-element_type=\"widget\" data-widget_type=\"pharmacare_core_working_hours_list.default\">\n\t\t\t\t<div class=\"elementor-widget-container\">\n\t\t\t<div class=\"qodef-shortcode qodef-m  qodef-working-hours-list qodef-layout--simple\">\n\t<div class=\"qodef-working-hours-list-inner\">\n\t\t<div class=\"qodef-e-item-location\">\n\t\t\t<h5 class=\"qodef-e-location\">Alcedrix Albania <\/h5>\n\t\t<\/div>\n\t\t<div class=\"qodef-e-working-hours\">\n\t\t\t\t\t\t\t<div class=\"qodef-hours-item\">\n\t\t\t\t\t\t\t\t\t\t\t\t\t<p class=\"qodef-days\">H\u00ebne \u2013 Premte<\/p>\n\t\t\t\t\t\t\t\t\t\t\t\t\t\t\t\t\t\t\t<p class=\"qodef-hours\">9:00 - 17:00<\/p>\n\t\t\t\t\t\t\t\t\t\t<\/div>\n\t\t\t\t\t<\/div>\n\t\t<div class=\"qodef-e-item-address\">\n\t\t\t<a class=\"qodef-address-holder\" itemprop=\"url\" href=\"https:\/\/goo.gl\/maps\/6VeURggsrSHfzDwS7\" target=\"_blank\"><p class=\"qodef-e-address1\">Rruga Peti nr. 1, Tiran\u00eb, 1000, Republika e Shqip\u00ebris\u00eb <\/p><\/a>\n\t\t\t<a class=\"qodef-address-holder\" itemprop=\"url\" href=\"\" target=\"_blank\"><p class=\"qodef-e-address2\"> <\/p><\/a>\n\t\t<\/div>\n\t<\/div>\n<\/div>\t\t<\/div>\n\t\t\t\t<\/div>\n\t\t\t\t\t<\/div>\n\t\t<\/div>\n\t\t\t\t\t<\/div>\n\t\t<\/section>\n\t\t\t\t\t<\/div>\n\t\t<\/div>\n\t\t\t\t\t<\/div>\n\t\t<\/section>\n\t\t\t\t<\/div>","protected":false},"excerpt":{"rendered":"<p>Na Kontaktoni Na shkruani p\u00ebr \u00e7ka do q\u00eb mendoni se mund t\u00eb ju ndihmojm\u00eb dhe do t\u00eb p\u00ebrpiqemi q\u00eb n\u00eb koh\u00eb sa m\u00eb t\u00eb shpejt\u00eb t\u00eb ju p\u00ebrgjigjemi. Alcedrix Kosova E H\u00ebne \u2013 E Premte 8:30 \u2013 16:30 Rruga Afrim Zhitia, Nr. 43, Prishtin\u00eb, 10000, Republika e Kosov\u00ebs Alcedrix Albania H\u00ebne \u2013 Premte 9:00 &#8211; [&hellip;]<\/p>","protected":false},"author":1,"featured_media":0,"parent":0,"menu_order":0,"comment_status":"closed","ping_status":"closed","template":"page-full-width.php","meta":{"footnotes":""},"class_list":["post-2689","page","type-page","status-publish","hentry"],"yoast_head":"<!-- This site is optimized with the Yoast SEO plugin v23.6 - https:\/\/yoast.com\/wordpress\/plugins\/seo\/ -->\n<title>Kontakti - Alcedrix<\/title>\n<meta name=\"robots\" content=\"index, follow, max-snippet:-1, max-image-preview:large, max-video-preview:-1\" \/>\n<link rel=\"canonical\" href=\"https:\/\/alcedrix.com\/sq\/kontakti\/\" \/>\n<meta property=\"og:locale\" content=\"sq_AL\" \/>\n<meta property=\"og:type\" content=\"article\" \/>\n<meta property=\"og:title\" content=\"Kontakti - Alcedrix\" \/>\n<meta property=\"og:description\" content=\"Na Kontaktoni Na shkruani p\u00ebr \u00e7ka do q\u00eb mendoni se mund t\u00eb ju ndihmojm\u00eb dhe do t\u00eb p\u00ebrpiqemi q\u00eb n\u00eb koh\u00eb sa m\u00eb t\u00eb shpejt\u00eb t\u00eb ju p\u00ebrgjigjemi. Alcedrix Kosova E H\u00ebne \u2013 E Premte 8:30 \u2013 16:30 Rruga Afrim Zhitia, Nr. 43, Prishtin\u00eb, 10000, Republika e Kosov\u00ebs Alcedrix Albania H\u00ebne \u2013 Premte 9:00 &#8211; [&hellip;]\" \/>\n<meta property=\"og:url\" content=\"https:\/\/alcedrix.com\/sq\/kontakti\/\" \/>\n<meta property=\"og:site_name\" content=\"Alcedrix\" \/>\n<meta property=\"article:publisher\" content=\"https:\/\/www.facebook.com\/alcedrix\" \/>\n<meta property=\"article:modified_time\" content=\"2023-09-15T16:46:19+00:00\" \/>\n<meta name=\"twitter:card\" content=\"summary_large_image\" \/>\n<script type=\"application\/ld+json\" class=\"yoast-schema-graph\">{\"@context\":\"https:\/\/schema.org\",\"@graph\":[{\"@type\":\"WebPage\",\"@id\":\"https:\/\/alcedrix.com\/kontakti\/\",\"url\":\"https:\/\/alcedrix.com\/kontakti\/\",\"name\":\"Kontakti - Alcedrix\",\"isPartOf\":{\"@id\":\"https:\/\/alcedrix.com\/#website\"},\"datePublished\":\"2021-03-09T15:30:27+00:00\",\"dateModified\":\"2023-09-15T16:46:19+00:00\",\"breadcrumb\":{\"@id\":\"https:\/\/alcedrix.com\/kontakti\/#breadcrumb\"},\"inLanguage\":\"sq\",\"potentialAction\":[{\"@type\":\"ReadAction\",\"target\":[\"https:\/\/alcedrix.com\/kontakti\/\"]}]},{\"@type\":\"BreadcrumbList\",\"@id\":\"https:\/\/alcedrix.com\/kontakti\/#breadcrumb\",\"itemListElement\":[{\"@type\":\"ListItem\",\"position\":1,\"name\":\"Home\",\"item\":\"https:\/\/alcedrix.com\/\"},{\"@type\":\"ListItem\",\"position\":2,\"name\":\"Kontakti\"}]},{\"@type\":\"WebSite\",\"@id\":\"https:\/\/alcedrix.com\/#website\",\"url\":\"https:\/\/alcedrix.com\/\",\"name\":\"Alcedrix\",\"description\":\"Alcedrix\",\"publisher\":{\"@id\":\"https:\/\/alcedrix.com\/#organization\"},\"potentialAction\":[{\"@type\":\"SearchAction\",\"target\":{\"@type\":\"EntryPoint\",\"urlTemplate\":\"https:\/\/alcedrix.com\/?s={search_term_string}\"},\"query-input\":{\"@type\":\"PropertyValueSpecification\",\"valueRequired\":true,\"valueName\":\"search_term_string\"}}],\"inLanguage\":\"sq\"},{\"@type\":\"Organization\",\"@id\":\"https:\/\/alcedrix.com\/#organization\",\"name\":\"Alcedrix\",\"url\":\"https:\/\/alcedrix.com\/\",\"logo\":{\"@type\":\"ImageObject\",\"inLanguage\":\"sq\",\"@id\":\"https:\/\/alcedrix.com\/#\/schema\/logo\/image\/\",\"url\":\"http:\/\/3.126.27.25\/wp-content\/uploads\/2023\/08\/logo-web.png\",\"contentUrl\":\"http:\/\/3.126.27.25\/wp-content\/uploads\/2023\/08\/logo-web.png\",\"width\":492,\"height\":93,\"caption\":\"Alcedrix\"},\"image\":{\"@id\":\"https:\/\/alcedrix.com\/#\/schema\/logo\/image\/\"},\"sameAs\":[\"https:\/\/www.facebook.com\/alcedrix\",\"https:\/\/www.instagram.com\/alcedrix\"]}]}<\/script>\n<!-- \/ Yoast SEO plugin. -->","yoast_head_json":{"title":"Kontakti - Alcedrix","robots":{"index":"index","follow":"follow","max-snippet":"max-snippet:-1","max-image-preview":"max-image-preview:large","max-video-preview":"max-video-preview:-1"},"canonical":"https:\/\/alcedrix.com\/sq\/kontakti\/","og_locale":"sq_AL","og_type":"article","og_title":"Kontakti - Alcedrix","og_description":"Na Kontaktoni Na shkruani p\u00ebr \u00e7ka do q\u00eb mendoni se mund t\u00eb ju ndihmojm\u00eb dhe do t\u00eb p\u00ebrpiqemi q\u00eb n\u00eb koh\u00eb sa m\u00eb t\u00eb shpejt\u00eb t\u00eb ju p\u00ebrgjigjemi. Alcedrix Kosova E H\u00ebne \u2013 E Premte 8:30 \u2013 16:30 Rruga Afrim Zhitia, Nr. 43, Prishtin\u00eb, 10000, Republika e Kosov\u00ebs Alcedrix Albania H\u00ebne \u2013 Premte 9:00 &#8211; [&hellip;]","og_url":"https:\/\/alcedrix.com\/sq\/kontakti\/","og_site_name":"Alcedrix","article_publisher":"https:\/\/www.facebook.com\/alcedrix","article_modified_time":"2023-09-15T16:46:19+00:00","twitter_card":"summary_large_image","schema":{"@context":"https:\/\/schema.org","@graph":[{"@type":"WebPage","@id":"https:\/\/alcedrix.com\/kontakti\/","url":"https:\/\/alcedrix.com\/kontakti\/","name":"Kontakti - Alcedrix","isPartOf":{"@id":"https:\/\/alcedrix.com\/#website"},"datePublished":"2021-03-09T15:30:27+00:00","dateModified":"2023-09-15T16:46:19+00:00","breadcrumb":{"@id":"https:\/\/alcedrix.com\/kontakti\/#breadcrumb"},"inLanguage":"sq","potentialAction":[{"@type":"ReadAction","target":["https:\/\/alcedrix.com\/kontakti\/"]}]},{"@type":"BreadcrumbList","@id":"https:\/\/alcedrix.com\/kontakti\/#breadcrumb","itemListElement":[{"@type":"ListItem","position":1,"name":"Home","item":"https:\/\/alcedrix.com\/"},{"@type":"ListItem","position":2,"name":"Kontakti"}]},{"@type":"WebSite","@id":"https:\/\/alcedrix.com\/#website","url":"https:\/\/alcedrix.com\/","name":"Alcedrix","description":"Alcedrix","publisher":{"@id":"https:\/\/alcedrix.com\/#organization"},"potentialAction":[{"@type":"SearchAction","target":{"@type":"EntryPoint","urlTemplate":"https:\/\/alcedrix.com\/?s={search_term_string}"},"query-input":{"@type":"PropertyValueSpecification","valueRequired":true,"valueName":"search_term_string"}}],"inLanguage":"sq"},{"@type":"Organization","@id":"https:\/\/alcedrix.com\/#organization","name":"Alcedrix","url":"https:\/\/alcedrix.com\/","logo":{"@type":"ImageObject","inLanguage":"sq","@id":"https:\/\/alcedrix.com\/#\/schema\/logo\/image\/","url":"http:\/\/3.126.27.25\/wp-content\/uploads\/2023\/08\/logo-web.png","contentUrl":"http:\/\/3.126.27.25\/wp-content\/uploads\/2023\/08\/logo-web.png","width":492,"height":93,"caption":"Alcedrix"},"image":{"@id":"https:\/\/alcedrix.com\/#\/schema\/logo\/image\/"},"sameAs":["https:\/\/www.facebook.com\/alcedrix","https:\/\/www.instagram.com\/alcedrix"]}]}},"_links":{"self":[{"href":"https:\/\/alcedrix.com\/sq\/wp-json\/wp\/v2\/pages\/2689"}],"collection":[{"href":"https:\/\/alcedrix.com\/sq\/wp-json\/wp\/v2\/pages"}],"about":[{"href":"https:\/\/alcedrix.com\/sq\/wp-json\/wp\/v2\/types\/page"}],"author":[{"embeddable":true,"href":"https:\/\/alcedrix.com\/sq\/wp-json\/wp\/v2\/users\/1"}],"replies":[{"embeddable":true,"href":"https:\/\/alcedrix.com\/sq\/wp-json\/wp\/v2\/comments?post=2689"}],"version-history":[{"count":28,"href":"https:\/\/alcedrix.com\/sq\/wp-json\/wp\/v2\/pages\/2689\/revisions"}],"predecessor-version":[{"id":8546,"href":"https:\/\/alcedrix.com\/sq\/wp-json\/wp\/v2\/pages\/2689\/revisions\/8546"}],"wp:attachment":[{"href":"https:\/\/alcedrix.com\/sq\/wp-json\/wp\/v2\/media?parent=2689"}],"curies":[{"name":"wp","href":"https:\/\/api.w.org\/{rel}","templated":true}]}}