{"id":2442,"date":"2021-03-09T10:12:44","date_gmt":"2021-03-09T10:12:44","guid":{"rendered":"https:\/\/pharmacare.qodeinteractive.com\/?page_id=2442"},"modified":"2023-09-17T11:52:13","modified_gmt":"2023-09-17T11:52:13","slug":"per-ne","status":"publish","type":"page","link":"https:\/\/alcedrix.com\/sq\/per-ne\/","title":{"rendered":"P\u00ebr Ne"},"content":{"rendered":"<div data-elementor-type=\"wp-page\" data-elementor-id=\"2442\" class=\"elementor elementor-2442\" data-elementor-post-type=\"page\">\n\t\t\t\t\t\t<section class=\"elementor-section elementor-top-section elementor-element elementor-element-5c38c1d elementor-section-full_width qodef-elementor-content-grid elementor-section-height-default elementor-section-height-default\" data-id=\"5c38c1d\" data-element_type=\"section\">\n\t\t\t\t\t\t<div class=\"elementor-container elementor-column-gap-default\">\n\t\t\t\t\t<div class=\"elementor-column elementor-col-100 elementor-top-column elementor-element elementor-element-4075876\" data-id=\"4075876\" data-element_type=\"column\">\n\t\t\t<div class=\"elementor-widget-wrap elementor-element-populated\">\n\t\t\t\t\t\t<div class=\"elementor-element elementor-element-d10a439 elementor-widget elementor-widget-image\" data-id=\"d10a439\" data-element_type=\"widget\" data-widget_type=\"image.default\">\n\t\t\t\t<div class=\"elementor-widget-container\">\n\t\t\t<style>\/*! elementor - v3.23.0 - 05-08-2024 *\/\n.elementor-widget-image{text-align:center}.elementor-widget-image a{display:inline-block}.elementor-widget-image a img[src$=\".svg\"]{width:48px}.elementor-widget-image img{vertical-align:middle;display:inline-block}<\/style>\t\t\t\t\t\t\t\t\t\t<img fetchpriority=\"high\" decoding=\"async\" width=\"1300\" height=\"490\" src=\"https:\/\/alcedrix.com\/wp-content\/uploads\/2021\/03\/About-img-1-1.jpg\" class=\"attachment-full size-full wp-image-2444\" alt=\"a\" srcset=\"https:\/\/alcedrix.com\/wp-content\/uploads\/2021\/03\/About-img-1-1.jpg 1300w, https:\/\/alcedrix.com\/wp-content\/uploads\/2021\/03\/About-img-1-1-600x226.jpg 600w, https:\/\/alcedrix.com\/wp-content\/uploads\/2021\/03\/About-img-1-1-300x113.jpg 300w, https:\/\/alcedrix.com\/wp-content\/uploads\/2021\/03\/About-img-1-1-1024x386.jpg 1024w, https:\/\/alcedrix.com\/wp-content\/uploads\/2021\/03\/About-img-1-1-768x289.jpg 768w\" sizes=\"(max-width: 1300px) 100vw, 1300px\" \/>\t\t\t\t\t\t\t\t\t\t\t\t\t<\/div>\n\t\t\t\t<\/div>\n\t\t\t\t\t<\/div>\n\t\t<\/div>\n\t\t\t\t\t<\/div>\n\t\t<\/section>\n\t\t\t\t<section class=\"elementor-section elementor-top-section elementor-element elementor-element-8382974 elementor-section-full_width qodef-elementor-content-grid elementor-section-height-default elementor-section-height-default\" data-id=\"8382974\" data-element_type=\"section\">\n\t\t\t\t\t\t<div class=\"elementor-container elementor-column-gap-default\">\n\t\t\t\t\t<div class=\"elementor-column elementor-col-100 elementor-top-column elementor-element elementor-element-234dd2f\" data-id=\"234dd2f\" data-element_type=\"column\">\n\t\t\t<div class=\"elementor-widget-wrap elementor-element-populated\">\n\t\t\t\t\t\t<div class=\"elementor-element elementor-element-3e324c6 elementor-widget__width-inherit elementor-widget elementor-widget-pharmacare_core_section_title\" data-id=\"3e324c6\" data-element_type=\"widget\" data-widget_type=\"pharmacare_core_section_title.default\">\n\t\t\t\t<div class=\"elementor-widget-container\">\n\t\t\t<div class=\"qodef-shortcode qodef-m  qodef-section-title  qodef-alignment--left  qodef-appear-animation--enabled\">\n\t\t\t<p class=\"qodef-m-text\" >Alcedrix \u00ebsht\u00eb kompani e specializuar n\u00eb zhvillim dhe shp\u00ebrndarje t\u00eb produkteve t\u00eb konsumit t\u00eb gjer\u00eb, me fokus n\u00eb Produkte Farmaceutike, Shtesa Ushqimore, OTC dhe Produkte Kozmetike. <\/p>\n<\/div>\t\t<\/div>\n\t\t\t\t<\/div>\n\t\t\t\t<div class=\"elementor-element elementor-element-240744c elementor-widget__width-initial elementor-widget elementor-widget-pharmacare_core_section_title\" data-id=\"240744c\" data-element_type=\"widget\" data-widget_type=\"pharmacare_core_section_title.default\">\n\t\t\t\t<div class=\"elementor-widget-container\">\n\t\t\t<div class=\"qodef-shortcode qodef-m  qodef-section-title  qodef-alignment--left  qodef-appear-animation--enabled\">\n\t\t<h3 class=\"qodef-m-title\" >\n\t\t\t\t\tSi filloi gjith\u00e7ka?\t\t\t<\/h3>\n\t\t<p class=\"qodef-m-text\" style=\"margin-top: 19px\">N\u00eb vitin 2016, t\u00eb nxitur nga pasioni dhe d\u00ebshira p\u00ebr t\u00eb kontribuar n\u00eb ngritjen e cil\u00ebsis\u00eb s\u00eb jet\u00ebs p\u00ebr bashk\u00ebkomb\u00ebsit tan\u00eb, si t\u00eb ri dhe me ekspertiz\u00eb n\u00eb fusha t\u00eb ndryshme, vendos\u00ebm q\u00eb ta fillojm\u00eb k\u00ebt\u00eb rrug\u00ebtim t\u00eb bukur.\nFillimisht aktivitetin e nis\u00ebm me lancimin e produkteve super kualitative nga nj\u00eb prej prodhuesve m\u00eb t\u00eb mir\u00eb t\u00eb shtesave ushqimore, Vitae Health Innovation, nj\u00ebra nga kompanit\u00eb m\u00eb prestigjioze evropiane n\u00eb zhvillimin dhe prodhimin e shtesave ushqimore me baz\u00eb n\u00eb k\u00ebrkime shkencore. \nRritjen ton\u00eb, e vazhduam duke lidh\u00eb bashk\u00ebpunim me prodhues tjer\u00eb nga Evropa si: Dermix \u2013 Impolin nga Suedia, Olimp Laboratories nga Polonia, DietMed dhe Vitaceutics nga Portugalia dhe s\u00eb fundmi me prodhuesin prestigjioz t\u00eb produkteve kozmetike dhe shtesave ushqimore nga Belgjika, Tilman.\n<\/p>\n<\/div>\t\t<\/div>\n\t\t\t\t<\/div>\n\t\t\t\t<div class=\"elementor-element elementor-element-c862c8f elementor-widget__width-initial elementor-widget elementor-widget-pharmacare_core_section_title\" data-id=\"c862c8f\" data-element_type=\"widget\" data-widget_type=\"pharmacare_core_section_title.default\">\n\t\t\t\t<div class=\"elementor-widget-container\">\n\t\t\t<div class=\"qodef-shortcode qodef-m  qodef-section-title  qodef-alignment--left  qodef-appear-animation--enabled\">\n\t\t<h3 class=\"qodef-m-title\" >\n\t\t\t\t\tFilozofia e Alcedrix\t\t\t<\/h3>\n\t\t<p class=\"qodef-m-text\" >Alcedrix \u00ebsht\u00eb sht\u00ebpia e t\u00eb gjith\u00eb bashk\u00ebpun\u00ebtoreve, klient\u00ebve, furnitor\u00ebve q\u00eb n\u00eb fokus kryesor e kan\u00eb cil\u00ebsin\u00eb, \u00e7asjen \u201cFitim p\u00ebr t\u00eb gjith\u00eb\u201d dhe trajtimin m\u00eb t\u00eb mir\u00eb t\u00eb mundsh\u00ebm njer\u00ebzor p\u00ebr t\u00eb gjith\u00eb. \n<\/p>\n<\/div>\t\t<\/div>\n\t\t\t\t<\/div>\n\t\t\t\t<section class=\"elementor-section elementor-inner-section elementor-element elementor-element-3eeb700 elementor-section-boxed elementor-section-height-default elementor-section-height-default qodef-elementor-content-no\" data-id=\"3eeb700\" data-element_type=\"section\">\n\t\t\t\t\t\t<div class=\"elementor-container elementor-column-gap-default\">\n\t\t\t\t\t<div class=\"elementor-column elementor-col-50 elementor-inner-column elementor-element elementor-element-6cd3f8f\" data-id=\"6cd3f8f\" data-element_type=\"column\">\n\t\t\t<div class=\"elementor-widget-wrap elementor-element-populated\">\n\t\t\t\t\t\t<div class=\"elementor-element elementor-element-4ed8c01 elementor-widget elementor-widget-image\" data-id=\"4ed8c01\" data-element_type=\"widget\" data-widget_type=\"image.default\">\n\t\t\t\t<div class=\"elementor-widget-container\">\n\t\t\t\t\t\t\t\t\t\t\t\t\t<img decoding=\"async\" width=\"904\" height=\"584\" src=\"https:\/\/alcedrix.com\/wp-content\/uploads\/2021\/03\/About-img-2-1.jpg\" class=\"attachment-full size-full wp-image-2476\" alt=\"a\" srcset=\"https:\/\/alcedrix.com\/wp-content\/uploads\/2021\/03\/About-img-2-1.jpg 904w, https:\/\/alcedrix.com\/wp-content\/uploads\/2021\/03\/About-img-2-1-600x388.jpg 600w, https:\/\/alcedrix.com\/wp-content\/uploads\/2021\/03\/About-img-2-1-300x194.jpg 300w, https:\/\/alcedrix.com\/wp-content\/uploads\/2021\/03\/About-img-2-1-768x496.jpg 768w\" sizes=\"(max-width: 904px) 100vw, 904px\" \/>\t\t\t\t\t\t\t\t\t\t\t\t\t<\/div>\n\t\t\t\t<\/div>\n\t\t\t\t\t<\/div>\n\t\t<\/div>\n\t\t\t\t<div class=\"elementor-column elementor-col-50 elementor-inner-column elementor-element elementor-element-892015b\" data-id=\"892015b\" data-element_type=\"column\">\n\t\t\t<div class=\"elementor-widget-wrap elementor-element-populated\">\n\t\t\t\t\t\t<div class=\"elementor-element elementor-element-8dc6ffb elementor-widget elementor-widget-image\" data-id=\"8dc6ffb\" data-element_type=\"widget\" data-widget_type=\"image.default\">\n\t\t\t\t<div class=\"elementor-widget-container\">\n\t\t\t\t\t\t\t\t\t\t\t\t\t<img decoding=\"async\" width=\"904\" height=\"584\" src=\"https:\/\/alcedrix.com\/wp-content\/uploads\/2021\/03\/About-img-3-1.jpg\" class=\"attachment-full size-full wp-image-2477\" alt=\"a\" srcset=\"https:\/\/alcedrix.com\/wp-content\/uploads\/2021\/03\/About-img-3-1.jpg 904w, https:\/\/alcedrix.com\/wp-content\/uploads\/2021\/03\/About-img-3-1-600x388.jpg 600w, https:\/\/alcedrix.com\/wp-content\/uploads\/2021\/03\/About-img-3-1-300x194.jpg 300w, https:\/\/alcedrix.com\/wp-content\/uploads\/2021\/03\/About-img-3-1-768x496.jpg 768w\" sizes=\"(max-width: 904px) 100vw, 904px\" \/>\t\t\t\t\t\t\t\t\t\t\t\t\t<\/div>\n\t\t\t\t<\/div>\n\t\t\t\t\t<\/div>\n\t\t<\/div>\n\t\t\t\t\t<\/div>\n\t\t<\/section>\n\t\t\t\t<div class=\"elementor-element elementor-element-ce11e3e elementor-widget elementor-widget-pharmacare_core_section_title\" data-id=\"ce11e3e\" data-element_type=\"widget\" data-widget_type=\"pharmacare_core_section_title.default\">\n\t\t\t\t<div class=\"elementor-widget-container\">\n\t\t\t<div class=\"qodef-shortcode qodef-m  qodef-section-title  qodef-alignment--left  qodef-appear-animation--enabled\">\n\t\t<h3 class=\"qodef-m-title\" >\n\t\t\t\t\tKu operojm\u00eb?\t\t\t<\/h3>\n\t\t<p class=\"qodef-m-text\" >Alcedrix, operon n\u00eb shtetet e rajonit si: Kosova, Shqip\u00ebria, Maqedonia Veriore dhe Mali i zi.\nN\u00eb vitin 2022, Alcedrix ka hap edhe deg\u00ebn e saj n\u00eb Shqip\u00ebri duke e nis nj\u00eb rrug\u00ebtim akoma m\u00eb interesant p\u00ebr kompanin\u00eb.\nObjektivi yn\u00eb \u00ebsht\u00eb q\u00eb bashk\u00eb me partner\u00ebt dhe bashk\u00ebpun\u00ebtoret tan\u00eb, ta shtrijm\u00eb prezenc\u00ebn n\u00eb t\u00eb gjith\u00eb rajonin.<\/p>\n<\/div>\t\t<\/div>\n\t\t\t\t<\/div>\n\t\t\t\t<div class=\"elementor-element elementor-element-e74d356 elementor-widget elementor-widget-pharmacare_core_section_title\" data-id=\"e74d356\" data-element_type=\"widget\" data-widget_type=\"pharmacare_core_section_title.default\">\n\t\t\t\t<div class=\"elementor-widget-container\">\n\t\t\t<div class=\"qodef-shortcode qodef-m  qodef-section-title  qodef-alignment--left  qodef-appear-animation--enabled\">\n\t\t<h3 class=\"qodef-m-title\" >\n\t\t\t\t\tSi Operojm\u00eb?\t\t\t<\/h3>\n\t\t<p class=\"qodef-m-text\" >N\u00eb kompanin\u00eb Alcedrix, ka t\u00eb pun\u00ebsuar njer\u00ebz fantastik t\u00eb cil\u00ebt me dedikim dhe p\u00ebrkushtim operojn\u00eb n\u00eb fusha t\u00eb ndryshme si: Shitje, Marketing, Operacione, Shp\u00ebrndarje, Rregullator\u00eb, Financa, IT dhe Legal.\nP\u00ebr fund, t\u00eb gjith\u00eb ne n\u00eb Alcedrix, besojm\u00eb dhe jemi t\u00eb p\u00ebrkushtuar q\u00eb me pasion dhe dedikim, t\u00eb vazhdojm\u00eb t\u00eb japim kontributin ton\u00eb n\u00eb p\u00ebrmir\u00ebsimin e cil\u00ebsis\u00eb s\u00eb jet\u00ebs p\u00ebr t\u00eb gjith\u00eb. Mos harroni, Alcedrix gjithmon\u00eb do t\u00eb sjell\u00eb n\u00eb treg vet\u00ebm produkte cil\u00ebsore, me kontrolle dhe standarde super t\u00eb larta t\u00eb prodhimit.<\/p>\n<\/div>\t\t<\/div>\n\t\t\t\t<\/div>\n\t\t\t\t\t<\/div>\n\t\t<\/div>\n\t\t\t\t\t<\/div>\n\t\t<\/section>\n\t\t\t\t<section class=\"elementor-section elementor-top-section elementor-element elementor-element-d1a942f elementor-section-full_width qodef-elementor-content-grid elementor-section-height-default elementor-section-height-default\" data-id=\"d1a942f\" data-element_type=\"section\">\n\t\t\t\t\t\t<div class=\"elementor-container elementor-column-gap-default\">\n\t\t\t\t\t<div class=\"elementor-column elementor-col-100 elementor-top-column elementor-element elementor-element-a62fe78\" data-id=\"a62fe78\" data-element_type=\"column\">\n\t\t\t<div class=\"elementor-widget-wrap elementor-element-populated\">\n\t\t\t\t\t\t<div class=\"elementor-element elementor-element-debc885 elementor-widget elementor-widget-heading\" data-id=\"debc885\" data-element_type=\"widget\" data-widget_type=\"heading.default\">\n\t\t\t\t<div class=\"elementor-widget-container\">\n\t\t\t<style>\/*! elementor - v3.23.0 - 05-08-2024 *\/\n.elementor-heading-title{padding:0;margin:0;line-height:1}.elementor-widget-heading .elementor-heading-title[class*=elementor-size-]>a{color:inherit;font-size:inherit;line-height:inherit}.elementor-widget-heading .elementor-heading-title.elementor-size-small{font-size:15px}.elementor-widget-heading .elementor-heading-title.elementor-size-medium{font-size:19px}.elementor-widget-heading .elementor-heading-title.elementor-size-large{font-size:29px}.elementor-widget-heading .elementor-heading-title.elementor-size-xl{font-size:39px}.elementor-widget-heading .elementor-heading-title.elementor-size-xxl{font-size:59px}<\/style><h3 class=\"elementor-heading-title elementor-size-default\">Partner\u00ebt Tan\u00eb<\/h3>\t\t<\/div>\n\t\t\t\t<\/div>\n\t\t\t\t<div class=\"elementor-element elementor-element-e3d3df0 elementor-arrows-position-outside elementor-widget elementor-widget-image-carousel\" data-id=\"e3d3df0\" data-element_type=\"widget\" data-settings=\"{&quot;navigation&quot;:&quot;arrows&quot;,&quot;autoplay&quot;:&quot;yes&quot;,&quot;pause_on_hover&quot;:&quot;yes&quot;,&quot;pause_on_interaction&quot;:&quot;yes&quot;,&quot;autoplay_speed&quot;:5000,&quot;infinite&quot;:&quot;yes&quot;,&quot;speed&quot;:500}\" data-widget_type=\"image-carousel.default\">\n\t\t\t\t<div class=\"elementor-widget-container\">\n\t\t\t<style>\/*! elementor - v3.23.0 - 05-08-2024 *\/\n.elementor-widget-image-carousel .swiper,.elementor-widget-image-carousel .swiper-container{position:static}.elementor-widget-image-carousel .swiper-container .swiper-slide figure,.elementor-widget-image-carousel .swiper .swiper-slide figure{line-height:inherit}.elementor-widget-image-carousel .swiper-slide{text-align:center}.elementor-image-carousel-wrapper:not(.swiper-container-initialized):not(.swiper-initialized) .swiper-slide{max-width:calc(100% \/ var(--e-image-carousel-slides-to-show, 3))}<\/style>\t\t<div class=\"elementor-image-carousel-wrapper swiper\" dir=\"ltr\">\n\t\t\t<div class=\"elementor-image-carousel swiper-wrapper swiper-image-stretch\" aria-live=\"off\">\n\t\t\t\t\t\t\t\t<div class=\"swiper-slide\" role=\"group\" aria-roledescription=\"slide\" aria-label=\"1 of 5\"><figure class=\"swiper-slide-inner\"><img decoding=\"async\" class=\"swiper-slide-image\" src=\"https:\/\/alcedrix.com\/wp-content\/uploads\/2023\/09\/Vitae1.png\" alt=\"Vitae1\" \/><\/figure><\/div><div class=\"swiper-slide\" role=\"group\" aria-roledescription=\"slide\" aria-label=\"2 of 5\"><figure class=\"swiper-slide-inner\"><img decoding=\"async\" class=\"swiper-slide-image\" src=\"https:\/\/alcedrix.com\/wp-content\/uploads\/2023\/09\/Olimp1.png\" alt=\"Olimp1\" \/><\/figure><\/div><div class=\"swiper-slide\" role=\"group\" aria-roledescription=\"slide\" aria-label=\"3 of 5\"><figure class=\"swiper-slide-inner\"><img decoding=\"async\" class=\"swiper-slide-image\" src=\"https:\/\/alcedrix.com\/wp-content\/uploads\/2023\/09\/dermix-1.png\" alt=\"dermix 1\" \/><\/figure><\/div><div class=\"swiper-slide\" role=\"group\" aria-roledescription=\"slide\" aria-label=\"4 of 5\"><figure class=\"swiper-slide-inner\"><img decoding=\"async\" class=\"swiper-slide-image\" src=\"https:\/\/alcedrix.com\/wp-content\/uploads\/2023\/09\/tilman-1.png\" alt=\"tilman 1\" \/><\/figure><\/div><div class=\"swiper-slide\" role=\"group\" aria-roledescription=\"slide\" aria-label=\"5 of 5\"><figure class=\"swiper-slide-inner\"><img decoding=\"async\" class=\"swiper-slide-image\" src=\"https:\/\/alcedrix.com\/wp-content\/uploads\/2023\/09\/Vitaceutics-1.png\" alt=\"Vitaceutics 1\" \/><\/figure><\/div>\t\t\t<\/div>\n\t\t\t\t\t\t\t\t\t\t\t\t<div class=\"elementor-swiper-button elementor-swiper-button-prev\" role=\"button\" tabindex=\"0\">\n\t\t\t\t\t\t<i aria-hidden=\"true\" class=\"eicon-chevron-left\"><\/i>\t\t\t\t\t<\/div>\n\t\t\t\t\t<div class=\"elementor-swiper-button elementor-swiper-button-next\" role=\"button\" tabindex=\"0\">\n\t\t\t\t\t\t<i aria-hidden=\"true\" class=\"eicon-chevron-right\"><\/i>\t\t\t\t\t<\/div>\n\t\t\t\t\n\t\t\t\t\t\t\t\t\t<\/div>\n\t\t\t\t<\/div>\n\t\t\t\t<\/div>\n\t\t\t\t\t<\/div>\n\t\t<\/div>\n\t\t\t\t\t<\/div>\n\t\t<\/section>\n\t\t\t\t<\/div>","protected":false},"excerpt":{"rendered":"<p>Alcedrix \u00ebsht\u00eb kompani e specializuar n\u00eb zhvillim dhe shp\u00ebrndarje t\u00eb produkteve t\u00eb konsumit t\u00eb gjer\u00eb, me fokus n\u00eb Produkte Farmaceutike, Shtesa Ushqimore, OTC dhe Produkte Kozmetike. Si filloi gjith\u00e7ka? N\u00eb vitin 2016, t\u00eb nxitur nga pasioni dhe d\u00ebshira p\u00ebr t\u00eb kontribuar n\u00eb ngritjen e cil\u00ebsis\u00eb s\u00eb jet\u00ebs p\u00ebr bashk\u00ebkomb\u00ebsit tan\u00eb, si t\u00eb ri dhe me [&hellip;]<\/p>","protected":false},"author":1,"featured_media":0,"parent":0,"menu_order":0,"comment_status":"closed","ping_status":"closed","template":"page-full-width.php","meta":{"footnotes":""},"class_list":["post-2442","page","type-page","status-publish","hentry"],"yoast_head":"<!-- This site is optimized with the Yoast SEO plugin v23.6 - https:\/\/yoast.com\/wordpress\/plugins\/seo\/ -->\n<title>P\u00ebr Ne - Alcedrix<\/title>\n<meta name=\"robots\" content=\"index, follow, max-snippet:-1, max-image-preview:large, max-video-preview:-1\" \/>\n<link rel=\"canonical\" href=\"https:\/\/alcedrix.com\/sq\/per-ne\/\" \/>\n<meta property=\"og:locale\" content=\"sq_AL\" \/>\n<meta property=\"og:type\" content=\"article\" \/>\n<meta property=\"og:title\" content=\"P\u00ebr Ne - Alcedrix\" \/>\n<meta property=\"og:description\" content=\"Alcedrix \u00ebsht\u00eb kompani e specializuar n\u00eb zhvillim dhe shp\u00ebrndarje t\u00eb produkteve t\u00eb konsumit t\u00eb gjer\u00eb, me fokus n\u00eb Produkte Farmaceutike, Shtesa Ushqimore, OTC dhe Produkte Kozmetike. Si filloi gjith\u00e7ka? N\u00eb vitin 2016, t\u00eb nxitur nga pasioni dhe d\u00ebshira p\u00ebr t\u00eb kontribuar n\u00eb ngritjen e cil\u00ebsis\u00eb s\u00eb jet\u00ebs p\u00ebr bashk\u00ebkomb\u00ebsit tan\u00eb, si t\u00eb ri dhe me [&hellip;]\" \/>\n<meta property=\"og:url\" content=\"https:\/\/alcedrix.com\/sq\/per-ne\/\" \/>\n<meta property=\"og:site_name\" content=\"Alcedrix\" \/>\n<meta property=\"article:publisher\" content=\"https:\/\/www.facebook.com\/alcedrix\" \/>\n<meta property=\"article:modified_time\" content=\"2023-09-17T11:52:13+00:00\" \/>\n<meta property=\"og:image\" content=\"http:\/\/3.126.27.25\/wp-content\/uploads\/2021\/03\/About-img-1-1.jpg\" \/>\n<meta name=\"twitter:card\" content=\"summary_large_image\" \/>\n<meta name=\"twitter:label1\" content=\"Est. reading time\" \/>\n\t<meta name=\"twitter:data1\" content=\"2 minuta\" \/>\n<script type=\"application\/ld+json\" class=\"yoast-schema-graph\">{\"@context\":\"https:\/\/schema.org\",\"@graph\":[{\"@type\":\"WebPage\",\"@id\":\"https:\/\/alcedrix.com\/per-ne\/\",\"url\":\"https:\/\/alcedrix.com\/per-ne\/\",\"name\":\"P\u00ebr Ne - Alcedrix\",\"isPartOf\":{\"@id\":\"https:\/\/alcedrix.com\/#website\"},\"primaryImageOfPage\":{\"@id\":\"https:\/\/alcedrix.com\/per-ne\/#primaryimage\"},\"image\":{\"@id\":\"https:\/\/alcedrix.com\/per-ne\/#primaryimage\"},\"thumbnailUrl\":\"http:\/\/3.126.27.25\/wp-content\/uploads\/2021\/03\/About-img-1-1.jpg\",\"datePublished\":\"2021-03-09T10:12:44+00:00\",\"dateModified\":\"2023-09-17T11:52:13+00:00\",\"breadcrumb\":{\"@id\":\"https:\/\/alcedrix.com\/per-ne\/#breadcrumb\"},\"inLanguage\":\"sq\",\"potentialAction\":[{\"@type\":\"ReadAction\",\"target\":[\"https:\/\/alcedrix.com\/per-ne\/\"]}]},{\"@type\":\"ImageObject\",\"inLanguage\":\"sq\",\"@id\":\"https:\/\/alcedrix.com\/per-ne\/#primaryimage\",\"url\":\"http:\/\/3.126.27.25\/wp-content\/uploads\/2021\/03\/About-img-1-1.jpg\",\"contentUrl\":\"http:\/\/3.126.27.25\/wp-content\/uploads\/2021\/03\/About-img-1-1.jpg\"},{\"@type\":\"BreadcrumbList\",\"@id\":\"https:\/\/alcedrix.com\/per-ne\/#breadcrumb\",\"itemListElement\":[{\"@type\":\"ListItem\",\"position\":1,\"name\":\"Home\",\"item\":\"https:\/\/alcedrix.com\/\"},{\"@type\":\"ListItem\",\"position\":2,\"name\":\"P\u00ebr Ne\"}]},{\"@type\":\"WebSite\",\"@id\":\"https:\/\/alcedrix.com\/#website\",\"url\":\"https:\/\/alcedrix.com\/\",\"name\":\"Alcedrix\",\"description\":\"Alcedrix\",\"publisher\":{\"@id\":\"https:\/\/alcedrix.com\/#organization\"},\"potentialAction\":[{\"@type\":\"SearchAction\",\"target\":{\"@type\":\"EntryPoint\",\"urlTemplate\":\"https:\/\/alcedrix.com\/?s={search_term_string}\"},\"query-input\":{\"@type\":\"PropertyValueSpecification\",\"valueRequired\":true,\"valueName\":\"search_term_string\"}}],\"inLanguage\":\"sq\"},{\"@type\":\"Organization\",\"@id\":\"https:\/\/alcedrix.com\/#organization\",\"name\":\"Alcedrix\",\"url\":\"https:\/\/alcedrix.com\/\",\"logo\":{\"@type\":\"ImageObject\",\"inLanguage\":\"sq\",\"@id\":\"https:\/\/alcedrix.com\/#\/schema\/logo\/image\/\",\"url\":\"http:\/\/3.126.27.25\/wp-content\/uploads\/2023\/08\/logo-web.png\",\"contentUrl\":\"http:\/\/3.126.27.25\/wp-content\/uploads\/2023\/08\/logo-web.png\",\"width\":492,\"height\":93,\"caption\":\"Alcedrix\"},\"image\":{\"@id\":\"https:\/\/alcedrix.com\/#\/schema\/logo\/image\/\"},\"sameAs\":[\"https:\/\/www.facebook.com\/alcedrix\",\"https:\/\/www.instagram.com\/alcedrix\"]}]}<\/script>\n<!-- \/ Yoast SEO plugin. -->","yoast_head_json":{"title":"P\u00ebr Ne - Alcedrix","robots":{"index":"index","follow":"follow","max-snippet":"max-snippet:-1","max-image-preview":"max-image-preview:large","max-video-preview":"max-video-preview:-1"},"canonical":"https:\/\/alcedrix.com\/sq\/per-ne\/","og_locale":"sq_AL","og_type":"article","og_title":"P\u00ebr Ne - Alcedrix","og_description":"Alcedrix \u00ebsht\u00eb kompani e specializuar n\u00eb zhvillim dhe shp\u00ebrndarje t\u00eb produkteve t\u00eb konsumit t\u00eb gjer\u00eb, me fokus n\u00eb Produkte Farmaceutike, Shtesa Ushqimore, OTC dhe Produkte Kozmetike. Si filloi gjith\u00e7ka? N\u00eb vitin 2016, t\u00eb nxitur nga pasioni dhe d\u00ebshira p\u00ebr t\u00eb kontribuar n\u00eb ngritjen e cil\u00ebsis\u00eb s\u00eb jet\u00ebs p\u00ebr bashk\u00ebkomb\u00ebsit tan\u00eb, si t\u00eb ri dhe me [&hellip;]","og_url":"https:\/\/alcedrix.com\/sq\/per-ne\/","og_site_name":"Alcedrix","article_publisher":"https:\/\/www.facebook.com\/alcedrix","article_modified_time":"2023-09-17T11:52:13+00:00","og_image":[{"url":"http:\/\/3.126.27.25\/wp-content\/uploads\/2021\/03\/About-img-1-1.jpg"}],"twitter_card":"summary_large_image","twitter_misc":{"Est. reading time":"2 minuta"},"schema":{"@context":"https:\/\/schema.org","@graph":[{"@type":"WebPage","@id":"https:\/\/alcedrix.com\/per-ne\/","url":"https:\/\/alcedrix.com\/per-ne\/","name":"P\u00ebr Ne - Alcedrix","isPartOf":{"@id":"https:\/\/alcedrix.com\/#website"},"primaryImageOfPage":{"@id":"https:\/\/alcedrix.com\/per-ne\/#primaryimage"},"image":{"@id":"https:\/\/alcedrix.com\/per-ne\/#primaryimage"},"thumbnailUrl":"http:\/\/3.126.27.25\/wp-content\/uploads\/2021\/03\/About-img-1-1.jpg","datePublished":"2021-03-09T10:12:44+00:00","dateModified":"2023-09-17T11:52:13+00:00","breadcrumb":{"@id":"https:\/\/alcedrix.com\/per-ne\/#breadcrumb"},"inLanguage":"sq","potentialAction":[{"@type":"ReadAction","target":["https:\/\/alcedrix.com\/per-ne\/"]}]},{"@type":"ImageObject","inLanguage":"sq","@id":"https:\/\/alcedrix.com\/per-ne\/#primaryimage","url":"http:\/\/3.126.27.25\/wp-content\/uploads\/2021\/03\/About-img-1-1.jpg","contentUrl":"http:\/\/3.126.27.25\/wp-content\/uploads\/2021\/03\/About-img-1-1.jpg"},{"@type":"BreadcrumbList","@id":"https:\/\/alcedrix.com\/per-ne\/#breadcrumb","itemListElement":[{"@type":"ListItem","position":1,"name":"Home","item":"https:\/\/alcedrix.com\/"},{"@type":"ListItem","position":2,"name":"P\u00ebr Ne"}]},{"@type":"WebSite","@id":"https:\/\/alcedrix.com\/#website","url":"https:\/\/alcedrix.com\/","name":"Alcedrix","description":"Alcedrix","publisher":{"@id":"https:\/\/alcedrix.com\/#organization"},"potentialAction":[{"@type":"SearchAction","target":{"@type":"EntryPoint","urlTemplate":"https:\/\/alcedrix.com\/?s={search_term_string}"},"query-input":{"@type":"PropertyValueSpecification","valueRequired":true,"valueName":"search_term_string"}}],"inLanguage":"sq"},{"@type":"Organization","@id":"https:\/\/alcedrix.com\/#organization","name":"Alcedrix","url":"https:\/\/alcedrix.com\/","logo":{"@type":"ImageObject","inLanguage":"sq","@id":"https:\/\/alcedrix.com\/#\/schema\/logo\/image\/","url":"http:\/\/3.126.27.25\/wp-content\/uploads\/2023\/08\/logo-web.png","contentUrl":"http:\/\/3.126.27.25\/wp-content\/uploads\/2023\/08\/logo-web.png","width":492,"height":93,"caption":"Alcedrix"},"image":{"@id":"https:\/\/alcedrix.com\/#\/schema\/logo\/image\/"},"sameAs":["https:\/\/www.facebook.com\/alcedrix","https:\/\/www.instagram.com\/alcedrix"]}]}},"_links":{"self":[{"href":"https:\/\/alcedrix.com\/sq\/wp-json\/wp\/v2\/pages\/2442"}],"collection":[{"href":"https:\/\/alcedrix.com\/sq\/wp-json\/wp\/v2\/pages"}],"about":[{"href":"https:\/\/alcedrix.com\/sq\/wp-json\/wp\/v2\/types\/page"}],"author":[{"embeddable":true,"href":"https:\/\/alcedrix.com\/sq\/wp-json\/wp\/v2\/users\/1"}],"replies":[{"embeddable":true,"href":"https:\/\/alcedrix.com\/sq\/wp-json\/wp\/v2\/comments?post=2442"}],"version-history":[{"count":145,"href":"https:\/\/alcedrix.com\/sq\/wp-json\/wp\/v2\/pages\/2442\/revisions"}],"predecessor-version":[{"id":8552,"href":"https:\/\/alcedrix.com\/sq\/wp-json\/wp\/v2\/pages\/2442\/revisions\/8552"}],"wp:attachment":[{"href":"https:\/\/alcedrix.com\/sq\/wp-json\/wp\/v2\/media?parent=2442"}],"curies":[{"name":"wp","href":"https:\/\/api.w.org\/{rel}","templated":true}]}}