{"id":8863,"date":"2024-03-26T15:20:02","date_gmt":"2024-03-26T15:20:02","guid":{"rendered":"http:\/\/3.126.27.25\/?page_id=8863"},"modified":"2025-04-30T12:19:55","modified_gmt":"2025-04-30T12:19:55","slug":"social-media-manager-kosove","status":"publish","type":"page","link":"http:\/\/alcedrix.com\/sq\/social-media-manager-kosove\/","title":{"rendered":"Social Media Manager &#8211; Kosov\u00eb"},"content":{"rendered":"<div data-elementor-type=\"wp-page\" data-elementor-id=\"8863\" class=\"elementor elementor-8863\" data-elementor-post-type=\"page\">\n\t\t\t\t\t\t<section class=\"elementor-section elementor-top-section elementor-element elementor-element-6a16770 elementor-section-full_width elementor-section-height-default elementor-section-height-default qodef-elementor-content-no\" data-id=\"6a16770\" data-element_type=\"section\">\n\t\t\t\t\t\t<div class=\"elementor-container elementor-column-gap-default\">\n\t\t\t\t\t<div class=\"elementor-column elementor-col-50 elementor-top-column elementor-element elementor-element-6521223\" data-id=\"6521223\" data-element_type=\"column\">\n\t\t\t<div class=\"elementor-widget-wrap elementor-element-populated\">\n\t\t\t\t\t\t<div class=\"elementor-element elementor-element-c54a539 elementor-widget elementor-widget-pharmacare_core_section_title\" data-id=\"c54a539\" data-element_type=\"widget\" data-widget_type=\"pharmacare_core_section_title.default\">\n\t\t\t\t<div class=\"elementor-widget-container\">\n\t\t\t<div class=\"qodef-shortcode qodef-m  qodef-section-title  qodef-alignment--left  qodef-appear-animation--enabled\">\n\t\t<h3 class=\"qodef-m-title\" >\n\t\t\t\t\tSocial Media Manager \u2013 Kosov\u00eb\t\t\t<\/h3>\n\t<\/div>\t\t<\/div>\n\t\t\t\t<\/div>\n\t\t\t\t<div class=\"elementor-element elementor-element-8ddc3e5 elementor-widget elementor-widget-text-editor\" data-id=\"8ddc3e5\" data-element_type=\"widget\" data-widget_type=\"text-editor.default\">\n\t\t\t\t<div class=\"elementor-widget-container\">\n\t\t\t<style>\/*! elementor - v3.23.0 - 05-08-2024 *\/\n.elementor-widget-text-editor.elementor-drop-cap-view-stacked .elementor-drop-cap{background-color:#69727d;color:#fff}.elementor-widget-text-editor.elementor-drop-cap-view-framed .elementor-drop-cap{color:#69727d;border:3px solid;background-color:transparent}.elementor-widget-text-editor:not(.elementor-drop-cap-view-default) .elementor-drop-cap{margin-top:8px}.elementor-widget-text-editor:not(.elementor-drop-cap-view-default) .elementor-drop-cap-letter{width:1em;height:1em}.elementor-widget-text-editor .elementor-drop-cap{float:left;text-align:center;line-height:1;font-size:50px}.elementor-widget-text-editor .elementor-drop-cap-letter{display:inline-block}<\/style>\t\t\t\t<p>Alcedrix\u00a0\u00ebshte kompani q\u00eb mirret me shpr\u00ebndarje dhe marketing t\u00eb produkteve parafarmaceutike (food supplements, kozmetik\u00eb), me seli n\u00eb Prishtin\u00eb. Si pjes\u00eb e planeve zhvillimore, kompania \u00ebsht\u00eb n\u00eb k\u00ebrkim t\u00eb personave q\u00eb do t\u00eb jen\u00eb pjes\u00eb e ekipit n\u00eb departamentin e shitjes dhe promovimit.<\/p><p><strong>Titulli:<\/strong> Agjent i shitjes (2 pozita).<\/p><p><strong>Rajoni<\/strong>: N\u00eb t\u00eb gjith territorin e Republik\u00ebs s\u00eb Kosov\u00ebs<\/p><p><strong>Detyrat dhe p\u00ebrgjegj\u00ebsit\u00eb:<\/strong><\/p><ul><li>Hartimi i strategjise kreative p\u00ebr rrjetet sociale t\u00eb kompanis\u00eb<\/li><li>Krijimi i p\u00ebrmbatjes (content) vizuale dhe me shkrim p\u00ebr nevoja t\u00eb kompanis\u00eb sipas strategjis\u00eb<\/li><li>Menaxhimi i p\u00ebrditsh\u00ebm i t\u00eb gjitha kanaleve t\u00eb mediave sociale si Facebook, Instagram, LinkedIn, dhe \u00a0TikTok, duke p\u00ebrshtatur p\u00ebrmbajtjen p\u00ebr sipas kanaleve dhe audiencave t\u00eb ndryshme<\/li><li>Mbik\u00ebqyrja, planifikimi dhe shp\u00ebrndarja e p\u00ebrmbajtjeve n\u00ebp\u00ebr platforma t\u00eb ndryshme<\/li><li>Menaxhimi i kampanjave promovuese n\u00ebp\u00ebr rrjetet e ndryshme sociale<\/li><li>Formimi i marr\u00ebdh\u00ebnie ky\u00e7e me influencer\u00ebt n\u00ebp\u00ebr platformat e rrjeteve sociale<\/li><li>Menaxhimi i komuniteteve n\u00eb rrjete sociale duke iu p\u00ebrgjigjur postimeve t\u00eb mediave sociale dhe duke zhvilluar diskutime<\/li><li>Monitorimi, gjurmimi, analizimi dhe raportimi mbi performanc\u00ebn n\u00eb platformat e rrjeteve sociale p\u00ebrmes Google Analytics dhe Facebook Insights<\/li><li>Identifikimi i tendencave t\u00eb konsumator\u00ebve p\u00ebr t\u00eb ndihmuar n\u00eb planifikimin e fushatave dhe reklamave<\/li><li>Menaxhimi i buxheteve p\u00ebr aktivitetet n\u00eb rrjetet sociale<\/li><li>Inkurajimin e bashk\u00ebpunimit nd\u00ebrmjet ekipeve t\u00eb kompanis\u00eb<\/li><\/ul><p><strong>\u00c7ka k\u00ebrkohet?<\/strong><\/p><ul><li>T\u00eb jeni banor\/e i\/e Kosov\u00ebs<\/li><li>T\u00eb keni p\u00ebrvoj\u00eb pune n\u00eb dizajn dhe menaxhim t\u00eb rrjeteve sociale<\/li><li>T\u00eb keni njohuri mesatare n\u00eb p\u00ebrdorimin e programeve te dizajnit dhe editimit t\u00eb videove<\/li><li>T\u00eb jeni t\u00eb diplomuar ose n\u00eb vitin e fundit t\u00eb studimeve<\/li><li>T\u00eb jeni i\/e aft\u00eb t\u00eb punoni me orientim n\u00eb arritjen e planeve t\u00eb marktingut<\/li><li>T\u00eb jeni i\/e aft\u00eb t\u00eb punoni si ekip dhe n\u00ebn presion t\u00eb pun\u00ebs.<\/li><li>T\u00eb keni patent\u00eb shoferi t\u00eb kategoris\u00eb \u201cB\u201d (preferohet)<\/li><li>T\u00eb jeni t\u00eb gatsh\u00ebm t\u00eb udh\u00ebtoni jasht\u00eb vendit p\u00ebr trajnime<\/li><li>T\u00eb mos jeni t\u00eb p\u00ebrndjekur penalisht<\/li><\/ul><p><strong>\u00c7ka ofrohet?<\/strong><\/p><ul><li>Paket\u00eb atraktive e benfiteve (Pag\u00eb + Bonus).<\/li><li>Kontrat\u00eb pune sipas ligjeve n\u00eb fuqi n\u00eb Kosov\u00eb.<\/li><li>Sigurim Sh\u00ebndet\u00ebsor.<\/li><li>Orar pune: 08:00 \u2013 16:00.<\/li><li>Dit\u00ebt e pun\u00ebs: e H\u00ebn\u00eb \u2013 e Premt\u00eb (vikendet jan\u00eb pushim).<\/li><li>Smart Phone + pako e komunikimit.<\/li><\/ul><p>T\u00eb gjith\u00eb ju q\u00eb jeni t\u00eb gatsh\u00ebm t`i bashkangjiteni k\u00ebtij ekipi, jeni t\u00eb mir\u00ebseardhur q\u00eb t\u00eb aplikoni duke plot\u00ebsuar form\u00ebn e aplikimit n\u00eb <a href=\"https:\/\/alcedrix.com\/sq\/karriera\/\">https:\/\/alcedrix.com\/karriera<\/a>\u00a0dhe duke bashkangjitur CV-n\u00eb.<\/p><p>**Vetem kandidat\u00ebt e kualifikuar do t\u00eb kontaktohen dhe t\u00eb ftohen p\u00ebr intervist\u00eb!**<\/p>\t\t\t\t\t\t<\/div>\n\t\t\t\t<\/div>\n\t\t\t\t\t<\/div>\n\t\t<\/div>\n\t\t\t\t<div class=\"elementor-column elementor-col-50 elementor-top-column elementor-element elementor-element-eb10b94\" data-id=\"eb10b94\" data-element_type=\"column\">\n\t\t\t<div class=\"elementor-widget-wrap elementor-element-populated\">\n\t\t\t\t\t\t<div class=\"elementor-element elementor-element-451c1c4 elementor-widget elementor-widget-pharmacare_core_section_title\" data-id=\"451c1c4\" data-element_type=\"widget\" data-widget_type=\"pharmacare_core_section_title.default\">\n\t\t\t\t<div class=\"elementor-widget-container\">\n\t\t\t<div class=\"qodef-shortcode qodef-m  qodef-section-title  qodef-alignment--left  qodef-appear-animation--enabled\">\n\t\t<h3 class=\"qodef-m-title\" >\n\t\t\t\t\tForma e Aplikimit\t\t\t<\/h3>\n\t<\/div>\t\t<\/div>\n\t\t\t\t<\/div>\n\t\t\t\t<div class=\"elementor-element elementor-element-e0236c9 elementor-widget elementor-widget-wp-widget-pharmacare_core_contact_form_7\" data-id=\"e0236c9\" data-element_type=\"widget\" data-widget_type=\"wp-widget-pharmacare_core_contact_form_7.default\">\n\t\t\t\t<div class=\"elementor-widget-container\">\n\t\t\t\t\t\t<div class=\"qodef-contact-form-7\">\n\t\t\t\t\n<div class=\"wpcf7 no-js\" id=\"wpcf7-f7171-o1\" lang=\"en-US\" dir=\"ltr\">\n<div class=\"screen-reader-response\"><p role=\"status\" aria-live=\"polite\" aria-atomic=\"true\"><\/p> <ul><\/ul><\/div>\n<form action=\"\/wp-json\/wp\/v2\/pages\/8863\" method=\"post\" class=\"wpcf7-form init\" aria-label=\"Contact form\" enctype=\"multipart\/form-data\" novalidate=\"novalidate\" data-status=\"init\" data-trp-original-action=\"\/sq\/wp-json\/wp\/v2\/pages\/8863#wpcf7-f7171-o1\">\n<div style=\"display: none;\">\n<input type=\"hidden\" name=\"_wpcf7\" value=\"7171\" \/>\n<input type=\"hidden\" name=\"_wpcf7_version\" value=\"5.9.8\" \/>\n<input type=\"hidden\" name=\"_wpcf7_locale\" value=\"en_US\" \/>\n<input type=\"hidden\" name=\"_wpcf7_unit_tag\" value=\"wpcf7-f7171-o1\" \/>\n<input type=\"hidden\" name=\"_wpcf7_container_post\" value=\"0\" \/>\n<input type=\"hidden\" name=\"_wpcf7_posted_data_hash\" value=\"\" \/>\n<input type=\"hidden\" name=\"_wpcf7_recaptcha_response\" value=\"\" \/>\n<\/div>\n<p><label> <b>Emri dhe Mbiemri<\/b> (obligative)<br \/>\n<span class=\"wpcf7-form-control-wrap\" data-name=\"your-name\"><input size=\"40\" maxlength=\"400\" class=\"wpcf7-form-control wpcf7-text wpcf7-validates-as-required\" aria-required=\"true\" aria-invalid=\"false\" value=\"\" type=\"text\" name=\"your-name\" \/><\/span> <\/label><br \/>\n<label> <b>E-mail<\/b> (obligative)<br \/>\n<span class=\"wpcf7-form-control-wrap\" data-name=\"your-email\"><input size=\"40\" maxlength=\"400\" class=\"wpcf7-form-control wpcf7-email wpcf7-validates-as-required wpcf7-text wpcf7-validates-as-email\" aria-required=\"true\" aria-invalid=\"false\" value=\"\" type=\"email\" name=\"your-email\" \/><\/span> <\/label><br \/>\n<label> <b>Numri i Telefonit<\/b> (obligative)<br \/>\n<span class=\"wpcf7-form-control-wrap\" data-name=\"your-phone\"><input size=\"40\" maxlength=\"400\" class=\"wpcf7-form-control wpcf7-text wpcf7-validates-as-required\" aria-required=\"true\" aria-invalid=\"false\" value=\"\" type=\"text\" name=\"your-phone\" \/><\/span> <\/label><br \/>\n<label> <b>Adresa<\/b> (obligative)<br \/>\n<span class=\"wpcf7-form-control-wrap\" data-name=\"your-address\"><input size=\"40\" maxlength=\"400\" class=\"wpcf7-form-control wpcf7-text wpcf7-validates-as-required\" aria-required=\"true\" aria-invalid=\"false\" value=\"\" type=\"text\" name=\"your-address\" \/><\/span> <\/label><br \/>\n<label> <b>Qyteti<\/b> (obligative)<br \/>\n<span class=\"wpcf7-form-control-wrap\" data-name=\"your-city\"><input size=\"40\" maxlength=\"400\" class=\"wpcf7-form-control wpcf7-text wpcf7-validates-as-required\" aria-required=\"true\" aria-invalid=\"false\" value=\"\" type=\"text\" name=\"your-city\" \/><\/span> <\/label><br \/>\n<label> <b>Shteti<\/b> (obligative)<br \/>\n<span class=\"wpcf7-form-control-wrap\" data-name=\"your-state\"><input size=\"40\" maxlength=\"400\" class=\"wpcf7-form-control wpcf7-text wpcf7-validates-as-required\" aria-required=\"true\" aria-invalid=\"false\" value=\"\" type=\"text\" name=\"your-state\" \/><\/span> <\/label><br \/>\n<label> <b>Zgjedh Pozit\u00ebn<\/b> (obligative)<span class=\"wpcf7-form-control-wrap\" data-name=\"menu-896\"><select class=\"wpcf7-form-control wpcf7-select wpcf7-validates-as-required\" aria-required=\"true\" aria-invalid=\"false\" name=\"menu-896\"><option value=\"P\u00ebrfaq\u00ebsues\/e Mjek\u00ebsor\">P\u00ebrfaq\u00ebsues\/e Mjek\u00ebsor<\/option><option value=\"Agjent\/e i\/e Shitjes\">Agjent\/e i\/e Shitjes<\/option><option value=\"Agjent\/e Shitjes permes Telefonit\">Agjent\/e Shitjes permes Telefonit<\/option><\/select><\/span><\/label><br \/>\n<label> <b>Bashkangjit CV-n\u00eb<\/b> (obligative)<br \/>\n<span class=\"wpcf7-form-control-wrap\" data-name=\"your-resume\"><input size=\"40\" class=\"wpcf7-form-control wpcf7-file wpcf7-validates-as-required\" accept=\".pdf,.doc,.docx\" aria-required=\"true\" aria-invalid=\"false\" type=\"file\" name=\"your-resume\" \/><\/span> <\/label><br \/>\n<button class=\"wpcf7-form-control wpcf7-submit qodef-button qodef-size--normal qodef-type--filled qodef-m\" type=\"submit\"><span class=\"qodef-m-text\">D\u00ebrgo Aplikacionin<\/span><\/button>\n<\/p><div class=\"wpcf7-response-output\" aria-hidden=\"true\"><\/div>\n<input type=\"hidden\" name=\"trp-form-language\" value=\"sq\"\/><\/form>\n<\/div>\n\t\t\t<\/div>\n\t\t\t\t\t<\/div>\n\t\t\t\t<\/div>\n\t\t\t\t\t<\/div>\n\t\t<\/div>\n\t\t\t\t\t<\/div>\n\t\t<\/section>\n\t\t\t\t<\/div>","protected":false},"excerpt":{"rendered":"<p>Social Media Manager \u2013 Kosov\u00eb Alcedrix\u00a0\u00ebshte kompani q\u00eb mirret me shpr\u00ebndarje dhe marketing t\u00eb produkteve parafarmaceutike (food supplements, kozmetik\u00eb), me seli n\u00eb Prishtin\u00eb. Si pjes\u00eb e planeve zhvillimore, kompania \u00ebsht\u00eb n\u00eb k\u00ebrkim t\u00eb personave q\u00eb do t\u00eb jen\u00eb pjes\u00eb e ekipit n\u00eb departamentin e shitjes dhe promovimit. Titulli: Agjent i shitjes (2 pozita). Rajoni: N\u00eb [&hellip;]<\/p>","protected":false},"author":1,"featured_media":0,"parent":0,"menu_order":0,"comment_status":"closed","ping_status":"closed","template":"","meta":{"footnotes":""},"class_list":["post-8863","page","type-page","status-publish","hentry"],"yoast_head":"<!-- This site is optimized with the Yoast SEO plugin v23.6 - https:\/\/yoast.com\/wordpress\/plugins\/seo\/ -->\n<title>Social Media Manager - Kosov\u00eb - Alcedrix<\/title>\n<meta name=\"robots\" content=\"index, follow, max-snippet:-1, max-image-preview:large, max-video-preview:-1\" \/>\n<link rel=\"canonical\" href=\"http:\/\/alcedrix.com\/sq\/social-media-manager-kosove\/\" \/>\n<meta property=\"og:locale\" content=\"sq_AL\" \/>\n<meta property=\"og:type\" content=\"article\" \/>\n<meta property=\"og:title\" content=\"Social Media Manager - Kosov\u00eb - Alcedrix\" \/>\n<meta property=\"og:description\" content=\"Social Media Manager \u2013 Kosov\u00eb Alcedrix\u00a0\u00ebshte kompani q\u00eb mirret me shpr\u00ebndarje dhe marketing t\u00eb produkteve parafarmaceutike (food supplements, kozmetik\u00eb), me seli n\u00eb Prishtin\u00eb. Si pjes\u00eb e planeve zhvillimore, kompania \u00ebsht\u00eb n\u00eb k\u00ebrkim t\u00eb personave q\u00eb do t\u00eb jen\u00eb pjes\u00eb e ekipit n\u00eb departamentin e shitjes dhe promovimit. Titulli: Agjent i shitjes (2 pozita). Rajoni: N\u00eb [&hellip;]\" \/>\n<meta property=\"og:url\" content=\"http:\/\/alcedrix.com\/sq\/social-media-manager-kosove\/\" \/>\n<meta property=\"og:site_name\" content=\"Alcedrix\" \/>\n<meta property=\"article:publisher\" content=\"https:\/\/www.facebook.com\/alcedrix\" \/>\n<meta property=\"article:modified_time\" content=\"2025-04-30T12:19:55+00:00\" \/>\n<meta name=\"twitter:card\" content=\"summary_large_image\" \/>\n<meta name=\"twitter:label1\" content=\"Est. reading time\" \/>\n\t<meta name=\"twitter:data1\" content=\"2 minuta\" \/>\n<script type=\"application\/ld+json\" class=\"yoast-schema-graph\">{\"@context\":\"https:\/\/schema.org\",\"@graph\":[{\"@type\":\"WebPage\",\"@id\":\"http:\/\/alcedrix.com\/social-media-manager-kosove\/\",\"url\":\"http:\/\/alcedrix.com\/social-media-manager-kosove\/\",\"name\":\"Social Media Manager - Kosov\u00eb - Alcedrix\",\"isPartOf\":{\"@id\":\"https:\/\/alcedrix.com\/#website\"},\"datePublished\":\"2024-03-26T15:20:02+00:00\",\"dateModified\":\"2025-04-30T12:19:55+00:00\",\"breadcrumb\":{\"@id\":\"http:\/\/alcedrix.com\/social-media-manager-kosove\/#breadcrumb\"},\"inLanguage\":\"sq\",\"potentialAction\":[{\"@type\":\"ReadAction\",\"target\":[\"http:\/\/alcedrix.com\/social-media-manager-kosove\/\"]}]},{\"@type\":\"BreadcrumbList\",\"@id\":\"http:\/\/alcedrix.com\/social-media-manager-kosove\/#breadcrumb\",\"itemListElement\":[{\"@type\":\"ListItem\",\"position\":1,\"name\":\"Home\",\"item\":\"https:\/\/alcedrix.com\/\"},{\"@type\":\"ListItem\",\"position\":2,\"name\":\"Social Media Manager &#8211; Kosov\u00eb\"}]},{\"@type\":\"WebSite\",\"@id\":\"https:\/\/alcedrix.com\/#website\",\"url\":\"https:\/\/alcedrix.com\/\",\"name\":\"Alcedrix\",\"description\":\"Alcedrix\",\"publisher\":{\"@id\":\"https:\/\/alcedrix.com\/#organization\"},\"potentialAction\":[{\"@type\":\"SearchAction\",\"target\":{\"@type\":\"EntryPoint\",\"urlTemplate\":\"https:\/\/alcedrix.com\/?s={search_term_string}\"},\"query-input\":{\"@type\":\"PropertyValueSpecification\",\"valueRequired\":true,\"valueName\":\"search_term_string\"}}],\"inLanguage\":\"sq\"},{\"@type\":\"Organization\",\"@id\":\"https:\/\/alcedrix.com\/#organization\",\"name\":\"Alcedrix\",\"url\":\"https:\/\/alcedrix.com\/\",\"logo\":{\"@type\":\"ImageObject\",\"inLanguage\":\"sq\",\"@id\":\"https:\/\/alcedrix.com\/#\/schema\/logo\/image\/\",\"url\":\"http:\/\/3.126.27.25\/wp-content\/uploads\/2023\/08\/logo-web.png\",\"contentUrl\":\"http:\/\/3.126.27.25\/wp-content\/uploads\/2023\/08\/logo-web.png\",\"width\":492,\"height\":93,\"caption\":\"Alcedrix\"},\"image\":{\"@id\":\"https:\/\/alcedrix.com\/#\/schema\/logo\/image\/\"},\"sameAs\":[\"https:\/\/www.facebook.com\/alcedrix\",\"https:\/\/www.instagram.com\/alcedrix\"]}]}<\/script>\n<!-- \/ Yoast SEO plugin. -->","yoast_head_json":{"title":"Social Media Manager - Kosov\u00eb - Alcedrix","robots":{"index":"index","follow":"follow","max-snippet":"max-snippet:-1","max-image-preview":"max-image-preview:large","max-video-preview":"max-video-preview:-1"},"canonical":"http:\/\/alcedrix.com\/sq\/social-media-manager-kosove\/","og_locale":"sq_AL","og_type":"article","og_title":"Social Media Manager - Kosov\u00eb - Alcedrix","og_description":"Social Media Manager \u2013 Kosov\u00eb Alcedrix\u00a0\u00ebshte kompani q\u00eb mirret me shpr\u00ebndarje dhe marketing t\u00eb produkteve parafarmaceutike (food supplements, kozmetik\u00eb), me seli n\u00eb Prishtin\u00eb. Si pjes\u00eb e planeve zhvillimore, kompania \u00ebsht\u00eb n\u00eb k\u00ebrkim t\u00eb personave q\u00eb do t\u00eb jen\u00eb pjes\u00eb e ekipit n\u00eb departamentin e shitjes dhe promovimit. Titulli: Agjent i shitjes (2 pozita). Rajoni: N\u00eb [&hellip;]","og_url":"http:\/\/alcedrix.com\/sq\/social-media-manager-kosove\/","og_site_name":"Alcedrix","article_publisher":"https:\/\/www.facebook.com\/alcedrix","article_modified_time":"2025-04-30T12:19:55+00:00","twitter_card":"summary_large_image","twitter_misc":{"Est. reading time":"2 minuta"},"schema":{"@context":"https:\/\/schema.org","@graph":[{"@type":"WebPage","@id":"http:\/\/alcedrix.com\/social-media-manager-kosove\/","url":"http:\/\/alcedrix.com\/social-media-manager-kosove\/","name":"Social Media Manager - Kosov\u00eb - Alcedrix","isPartOf":{"@id":"https:\/\/alcedrix.com\/#website"},"datePublished":"2024-03-26T15:20:02+00:00","dateModified":"2025-04-30T12:19:55+00:00","breadcrumb":{"@id":"http:\/\/alcedrix.com\/social-media-manager-kosove\/#breadcrumb"},"inLanguage":"sq","potentialAction":[{"@type":"ReadAction","target":["http:\/\/alcedrix.com\/social-media-manager-kosove\/"]}]},{"@type":"BreadcrumbList","@id":"http:\/\/alcedrix.com\/social-media-manager-kosove\/#breadcrumb","itemListElement":[{"@type":"ListItem","position":1,"name":"Home","item":"https:\/\/alcedrix.com\/"},{"@type":"ListItem","position":2,"name":"Social Media Manager &#8211; Kosov\u00eb"}]},{"@type":"WebSite","@id":"https:\/\/alcedrix.com\/#website","url":"https:\/\/alcedrix.com\/","name":"Alcedrix","description":"Alcedrix","publisher":{"@id":"https:\/\/alcedrix.com\/#organization"},"potentialAction":[{"@type":"SearchAction","target":{"@type":"EntryPoint","urlTemplate":"https:\/\/alcedrix.com\/?s={search_term_string}"},"query-input":{"@type":"PropertyValueSpecification","valueRequired":true,"valueName":"search_term_string"}}],"inLanguage":"sq"},{"@type":"Organization","@id":"https:\/\/alcedrix.com\/#organization","name":"Alcedrix","url":"https:\/\/alcedrix.com\/","logo":{"@type":"ImageObject","inLanguage":"sq","@id":"https:\/\/alcedrix.com\/#\/schema\/logo\/image\/","url":"http:\/\/3.126.27.25\/wp-content\/uploads\/2023\/08\/logo-web.png","contentUrl":"http:\/\/3.126.27.25\/wp-content\/uploads\/2023\/08\/logo-web.png","width":492,"height":93,"caption":"Alcedrix"},"image":{"@id":"https:\/\/alcedrix.com\/#\/schema\/logo\/image\/"},"sameAs":["https:\/\/www.facebook.com\/alcedrix","https:\/\/www.instagram.com\/alcedrix"]}]}},"_links":{"self":[{"href":"http:\/\/alcedrix.com\/sq\/wp-json\/wp\/v2\/pages\/8863"}],"collection":[{"href":"http:\/\/alcedrix.com\/sq\/wp-json\/wp\/v2\/pages"}],"about":[{"href":"http:\/\/alcedrix.com\/sq\/wp-json\/wp\/v2\/types\/page"}],"author":[{"embeddable":true,"href":"http:\/\/alcedrix.com\/sq\/wp-json\/wp\/v2\/users\/1"}],"replies":[{"embeddable":true,"href":"http:\/\/alcedrix.com\/sq\/wp-json\/wp\/v2\/comments?post=8863"}],"version-history":[{"count":7,"href":"http:\/\/alcedrix.com\/sq\/wp-json\/wp\/v2\/pages\/8863\/revisions"}],"predecessor-version":[{"id":10153,"href":"http:\/\/alcedrix.com\/sq\/wp-json\/wp\/v2\/pages\/8863\/revisions\/10153"}],"wp:attachment":[{"href":"http:\/\/alcedrix.com\/sq\/wp-json\/wp\/v2\/media?parent=8863"}],"curies":[{"name":"wp","href":"https:\/\/api.w.org\/{rel}","templated":true}]}}