{"id":10166,"date":"2025-05-12T08:55:08","date_gmt":"2025-05-12T08:55:08","guid":{"rendered":"https:\/\/alcedrix.com\/?page_id=10166"},"modified":"2025-05-13T13:01:19","modified_gmt":"2025-05-13T13:01:19","slug":"zyrtar-financiar-dhe-administrativ","status":"publish","type":"page","link":"http:\/\/alcedrix.com\/sq\/zyrtar-financiar-dhe-administrativ\/","title":{"rendered":"Zyrtar Financiar dhe Administrativ (1 pozit\u00eb)"},"content":{"rendered":"<div data-elementor-type=\"wp-page\" data-elementor-id=\"10166\" class=\"elementor elementor-10166\" data-elementor-post-type=\"page\">\n\t\t\t\t\t\t<section class=\"elementor-section elementor-top-section elementor-element elementor-element-a434192 elementor-section-full_width elementor-section-height-default elementor-section-height-default qodef-elementor-content-no\" data-id=\"a434192\" data-element_type=\"section\">\n\t\t\t\t\t\t<div class=\"elementor-container elementor-column-gap-default\">\n\t\t\t\t\t<div class=\"elementor-column elementor-col-50 elementor-top-column elementor-element elementor-element-480f2c0\" data-id=\"480f2c0\" data-element_type=\"column\">\n\t\t\t<div class=\"elementor-widget-wrap elementor-element-populated\">\n\t\t\t\t\t\t<div class=\"elementor-element elementor-element-966438f elementor-widget elementor-widget-pharmacare_core_section_title\" data-id=\"966438f\" data-element_type=\"widget\" data-widget_type=\"pharmacare_core_section_title.default\">\n\t\t\t\t<div class=\"elementor-widget-container\">\n\t\t\t<div class=\"qodef-shortcode qodef-m  qodef-section-title  qodef-alignment--left  qodef-appear-animation--enabled\">\n\t\t<h3 class=\"qodef-m-title\" >\n\t\t\t\t\tZyrtar\/e Financiar dhe Administrativ (1 pozit\u00eb) - Prishtin\u00eb\t\t\t<\/h3>\n\t<\/div>\t\t<\/div>\n\t\t\t\t<\/div>\n\t\t\t\t<div class=\"elementor-element elementor-element-ecf3186 elementor-widget elementor-widget-text-editor\" data-id=\"ecf3186\" data-element_type=\"widget\" data-widget_type=\"text-editor.default\">\n\t\t\t\t<div class=\"elementor-widget-container\">\n\t\t\t<style>\/*! elementor - v3.23.0 - 05-08-2024 *\/\n.elementor-widget-text-editor.elementor-drop-cap-view-stacked .elementor-drop-cap{background-color:#69727d;color:#fff}.elementor-widget-text-editor.elementor-drop-cap-view-framed .elementor-drop-cap{color:#69727d;border:3px solid;background-color:transparent}.elementor-widget-text-editor:not(.elementor-drop-cap-view-default) .elementor-drop-cap{margin-top:8px}.elementor-widget-text-editor:not(.elementor-drop-cap-view-default) .elementor-drop-cap-letter{width:1em;height:1em}.elementor-widget-text-editor .elementor-drop-cap{float:left;text-align:center;line-height:1;font-size:50px}.elementor-widget-text-editor .elementor-drop-cap-letter{display:inline-block}<\/style>\t\t\t\t<p>Alcedrix \u00ebsht\u00eb kompani me seli n\u00eb Prishtin\u00eb q\u00eb merret me shp\u00ebrndarje dhe marketing t\u00eb produkteve parafarmaceutike si suplemente ushqimore dhe produkte kozmetike. Si pjes\u00eb e planeve tona zhvillimore, jemi n\u00eb k\u00ebrkim t\u00eb nj\u00eb <strong>Zyrtari p\u00ebr Financa dhe Administrat\u00eb<\/strong>.<\/p>\n<p><strong>P\u00ebrshkrimi i pun\u00ebs:<\/strong><br>Zyrtari Financiar dhe Administrativ do t\u00eb ket\u00eb rol ky\u00e7 n\u00eb menaxhimin e financave t\u00eb p\u00ebrditshme t\u00eb kompanis\u00eb dhe funksioneve t\u00eb p\u00ebrgjithshme administrative.<\/p>\n<p><strong><img decoding=\"async\" draggable=\"false\" role=\"img\" class=\"emoji\" alt=\"\u2705\" src=\"https:\/\/s.w.org\/images\/core\/emoji\/15.0.3\/svg\/2705.svg\"> P\u00ebrgjegj\u00ebsit\u00eb Kryesore:<\/strong><\/p>\n<ul>\n<li>Regjistrimi i shpenzimeve dhe t\u00eb ardhurave n\u00eb sistem<\/li>\n<li>P\u00ebrgatitja e raporteve mujore financiare<\/li>\n<li>Mb\u00ebshtetje n\u00eb p\u00ebrgatitjen e dokumenteve p\u00ebr tatime dhe kontabilitet<\/li>\n<li>Menaxhimi i faturave, arkivave dhe dokumentacionit zyrtar<\/li>\n<\/ul>\n<p><strong><img decoding=\"async\" draggable=\"false\" role=\"img\" class=\"emoji\" alt=\"\ud83e\uddfe\" src=\"https:\/\/s.w.org\/images\/core\/emoji\/15.0.3\/svg\/1f9fe.svg\"> Kualifikimet:<\/strong><\/p>\n<ul>\n<li>Diplom\u00eb universitare n\u00eb Financ\u00eb, Kontabilitet apo fush\u00eb t\u00eb ngjashme<\/li>\n<li>Minimum 2 vite p\u00ebrvoj\u00eb pune n\u00eb role t\u00eb ngjashme<\/li>\n<li>Njohuri t\u00eb mira n\u00eb p\u00ebrdorimin e programeve financiare (p.sh. Excel, software kontab\u00ebl)<\/li>\n<\/ul>\n<p><strong><img decoding=\"async\" draggable=\"false\" role=\"img\" class=\"emoji\" alt=\"\ud83d\udcbc\" src=\"https:\/\/s.w.org\/images\/core\/emoji\/15.0.3\/svg\/1f4bc.svg\"> \u00c7far\u00eb ofrojm\u00eb?<\/strong><\/p>\n<ul>\n<li>Pag\u00eb atraktive n\u00eb baz\u00eb t\u00eb nivelit t\u00eb pun\u00ebs.<\/li>\n<li>Kontrat\u00eb pune n\u00eb p\u00ebrputhje me ligjet n\u00eb fuqi n\u00eb Kosov\u00eb.<\/li>\n<li>Sigurim sh\u00ebndet\u00ebsor.<\/li>\n<li>Orar pune: 08:00 \u2013 16:00 | Dit\u00ebt e pun\u00ebs: E H\u00ebn\u00eb \u2013 E Premte.<\/li>\n<\/ul>\n<p><strong><img decoding=\"async\" draggable=\"false\" role=\"img\" class=\"emoji\" alt=\"\ud83d\udce9\" src=\"https:\/\/s.w.org\/images\/core\/emoji\/15.0.3\/svg\/1f4e9.svg\"><\/strong><strong> Aplikimi:<\/strong><\/p>\n<p>T\u00eb gjith\u00eb t\u00eb interesuarit ftohen t\u00eb aplikojn\u00eb p\u00ebrmes formularit n\u00eb:<br><img decoding=\"async\" draggable=\"false\" role=\"img\" class=\"emoji\" alt=\"\ud83d\udc49\" src=\"https:\/\/s.w.org\/images\/core\/emoji\/15.0.3\/svg\/1f449.svg\"> http:\/\/alcedrix.com\/karriera\/<br>Ju lutemi bashk\u00ebngjitni edhe CV-n\u00eb tuaj gjat\u00eb aplikimit.<\/p>\n<p><strong><img decoding=\"async\" draggable=\"false\" role=\"img\" class=\"emoji\" alt=\"\ud83d\uddd3\ufe0f\" src=\"https:\/\/s.w.org\/images\/core\/emoji\/15.0.3\/svg\/1f5d3.svg\"> Afati i fundit p\u00ebr aplikim:<\/strong> <em>25.05.2025<\/em><\/p>\n<p>**Vetem kandidat\u00ebt e kualifikuar do t\u00eb kontaktohen dhe t\u00eb ftohen p\u00ebr intervist\u00eb!**<\/p>\t\t\t\t\t\t<\/div>\n\t\t\t\t<\/div>\n\t\t\t\t\t<\/div>\n\t\t<\/div>\n\t\t\t\t<div class=\"elementor-column elementor-col-50 elementor-top-column elementor-element elementor-element-03305ef\" data-id=\"03305ef\" data-element_type=\"column\">\n\t\t\t<div class=\"elementor-widget-wrap elementor-element-populated\">\n\t\t\t\t\t\t<div class=\"elementor-element elementor-element-145f47f elementor-widget elementor-widget-pharmacare_core_section_title\" data-id=\"145f47f\" data-element_type=\"widget\" data-widget_type=\"pharmacare_core_section_title.default\">\n\t\t\t\t<div class=\"elementor-widget-container\">\n\t\t\t<div class=\"qodef-shortcode qodef-m  qodef-section-title  qodef-alignment--left  qodef-appear-animation--enabled\">\n\t\t<h3 class=\"qodef-m-title\" >\n\t\t\t\t\tForma e Aplikimit\t\t\t<\/h3>\n\t<\/div>\t\t<\/div>\n\t\t\t\t<\/div>\n\t\t\t\t<div class=\"elementor-element elementor-element-2744a26 elementor-widget elementor-widget-wp-widget-pharmacare_core_contact_form_7\" data-id=\"2744a26\" data-element_type=\"widget\" data-widget_type=\"wp-widget-pharmacare_core_contact_form_7.default\">\n\t\t\t\t<div class=\"elementor-widget-container\">\n\t\t\t\t\t\t<div class=\"qodef-contact-form-7\">\n\t\t\t\t\n<div class=\"wpcf7 no-js\" id=\"wpcf7-f7171-o1\" lang=\"en-US\" dir=\"ltr\">\n<div class=\"screen-reader-response\"><p role=\"status\" aria-live=\"polite\" aria-atomic=\"true\"><\/p> <ul><\/ul><\/div>\n<form action=\"\/wp-json\/wp\/v2\/pages\/10166\" method=\"post\" class=\"wpcf7-form init\" aria-label=\"Contact form\" enctype=\"multipart\/form-data\" novalidate=\"novalidate\" data-status=\"init\" data-trp-original-action=\"\/sq\/wp-json\/wp\/v2\/pages\/10166#wpcf7-f7171-o1\">\n<div style=\"display: none;\">\n<input type=\"hidden\" name=\"_wpcf7\" value=\"7171\" \/>\n<input type=\"hidden\" name=\"_wpcf7_version\" value=\"5.9.8\" \/>\n<input type=\"hidden\" name=\"_wpcf7_locale\" value=\"en_US\" \/>\n<input type=\"hidden\" name=\"_wpcf7_unit_tag\" value=\"wpcf7-f7171-o1\" \/>\n<input type=\"hidden\" name=\"_wpcf7_container_post\" value=\"0\" \/>\n<input type=\"hidden\" name=\"_wpcf7_posted_data_hash\" value=\"\" \/>\n<input type=\"hidden\" name=\"_wpcf7_recaptcha_response\" value=\"\" \/>\n<\/div>\n<p><label> <b>Emri dhe Mbiemri<\/b> (obligative)<br \/>\n<span class=\"wpcf7-form-control-wrap\" data-name=\"your-name\"><input size=\"40\" maxlength=\"400\" class=\"wpcf7-form-control wpcf7-text wpcf7-validates-as-required\" aria-required=\"true\" aria-invalid=\"false\" value=\"\" type=\"text\" name=\"your-name\" \/><\/span> <\/label><br \/>\n<label> <b>E-mail<\/b> (obligative)<br \/>\n<span class=\"wpcf7-form-control-wrap\" data-name=\"your-email\"><input size=\"40\" maxlength=\"400\" class=\"wpcf7-form-control wpcf7-email wpcf7-validates-as-required wpcf7-text wpcf7-validates-as-email\" aria-required=\"true\" aria-invalid=\"false\" value=\"\" type=\"email\" name=\"your-email\" \/><\/span> <\/label><br \/>\n<label> <b>Numri i Telefonit<\/b> (obligative)<br \/>\n<span class=\"wpcf7-form-control-wrap\" data-name=\"your-phone\"><input size=\"40\" maxlength=\"400\" class=\"wpcf7-form-control wpcf7-text wpcf7-validates-as-required\" aria-required=\"true\" aria-invalid=\"false\" value=\"\" type=\"text\" name=\"your-phone\" \/><\/span> <\/label><br \/>\n<label> <b>Adresa<\/b> (obligative)<br \/>\n<span class=\"wpcf7-form-control-wrap\" data-name=\"your-address\"><input size=\"40\" maxlength=\"400\" class=\"wpcf7-form-control wpcf7-text wpcf7-validates-as-required\" aria-required=\"true\" aria-invalid=\"false\" value=\"\" type=\"text\" name=\"your-address\" \/><\/span> <\/label><br \/>\n<label> <b>Qyteti<\/b> (obligative)<br \/>\n<span class=\"wpcf7-form-control-wrap\" data-name=\"your-city\"><input size=\"40\" maxlength=\"400\" class=\"wpcf7-form-control wpcf7-text wpcf7-validates-as-required\" aria-required=\"true\" aria-invalid=\"false\" value=\"\" type=\"text\" name=\"your-city\" \/><\/span> <\/label><br \/>\n<label> <b>Shteti<\/b> (obligative)<br \/>\n<span class=\"wpcf7-form-control-wrap\" data-name=\"your-state\"><input size=\"40\" maxlength=\"400\" class=\"wpcf7-form-control wpcf7-text wpcf7-validates-as-required\" aria-required=\"true\" aria-invalid=\"false\" value=\"\" type=\"text\" name=\"your-state\" \/><\/span> <\/label><br \/>\n<label> <b>Zgjedh Pozit\u00ebn<\/b> (obligative)<span class=\"wpcf7-form-control-wrap\" data-name=\"menu-896\"><select class=\"wpcf7-form-control wpcf7-select wpcf7-validates-as-required\" aria-required=\"true\" aria-invalid=\"false\" name=\"menu-896\"><option value=\"P\u00ebrfaq\u00ebsues\/e Mjek\u00ebsor\">P\u00ebrfaq\u00ebsues\/e Mjek\u00ebsor<\/option><option value=\"Agjent\/e i\/e Shitjes\">Agjent\/e i\/e Shitjes<\/option><option value=\"Agjent\/e Shitjes permes Telefonit\">Agjent\/e Shitjes permes Telefonit<\/option><\/select><\/span><\/label><br \/>\n<label> <b>Bashkangjit CV-n\u00eb<\/b> (obligative)<br \/>\n<span class=\"wpcf7-form-control-wrap\" data-name=\"your-resume\"><input size=\"40\" class=\"wpcf7-form-control wpcf7-file wpcf7-validates-as-required\" accept=\".pdf,.doc,.docx\" aria-required=\"true\" aria-invalid=\"false\" type=\"file\" name=\"your-resume\" \/><\/span> <\/label><br \/>\n<button class=\"wpcf7-form-control wpcf7-submit qodef-button qodef-size--normal qodef-type--filled qodef-m\" type=\"submit\"><span class=\"qodef-m-text\">D\u00ebrgo Aplikacionin<\/span><\/button>\n<\/p><div class=\"wpcf7-response-output\" aria-hidden=\"true\"><\/div>\n<input type=\"hidden\" name=\"trp-form-language\" value=\"sq\"\/><\/form>\n<\/div>\n\t\t\t<\/div>\n\t\t\t\t\t<\/div>\n\t\t\t\t<\/div>\n\t\t\t\t\t<\/div>\n\t\t<\/div>\n\t\t\t\t\t<\/div>\n\t\t<\/section>\n\t\t\t\t<\/div>","protected":false},"excerpt":{"rendered":"<p>Zyrtar\/e Financiar dhe Administrativ (1 pozit\u00eb) &#8211; Prishtin\u00eb Alcedrix \u00ebsht\u00eb kompani me seli n\u00eb Prishtin\u00eb q\u00eb merret me shp\u00ebrndarje dhe marketing t\u00eb produkteve parafarmaceutike si suplemente ushqimore dhe produkte kozmetike. Si pjes\u00eb e planeve tona zhvillimore, jemi n\u00eb k\u00ebrkim t\u00eb nj\u00eb Zyrtari p\u00ebr Financa dhe Administrat\u00eb. P\u00ebrshkrimi i pun\u00ebs:Zyrtari Financiar dhe Administrativ do t\u00eb ket\u00eb [&hellip;]<\/p>","protected":false},"author":1,"featured_media":0,"parent":0,"menu_order":0,"comment_status":"closed","ping_status":"closed","template":"","meta":{"footnotes":""},"class_list":["post-10166","page","type-page","status-publish","hentry"],"yoast_head":"<!-- This site is optimized with the Yoast SEO plugin v23.6 - https:\/\/yoast.com\/wordpress\/plugins\/seo\/ -->\n<title>Zyrtar Financiar dhe Administrativ (1 pozit\u00eb) - Alcedrix<\/title>\n<meta name=\"robots\" content=\"index, follow, max-snippet:-1, max-image-preview:large, max-video-preview:-1\" \/>\n<link rel=\"canonical\" href=\"http:\/\/alcedrix.com\/sq\/zyrtar-financiar-dhe-administrativ\/\" \/>\n<meta property=\"og:locale\" content=\"sq_AL\" \/>\n<meta property=\"og:type\" content=\"article\" \/>\n<meta property=\"og:title\" content=\"Zyrtar Financiar dhe Administrativ (1 pozit\u00eb) - Alcedrix\" \/>\n<meta property=\"og:description\" content=\"Zyrtar\/e Financiar dhe Administrativ (1 pozit\u00eb) &#8211; Prishtin\u00eb Alcedrix \u00ebsht\u00eb kompani me seli n\u00eb Prishtin\u00eb q\u00eb merret me shp\u00ebrndarje dhe marketing t\u00eb produkteve parafarmaceutike si suplemente ushqimore dhe produkte kozmetike. Si pjes\u00eb e planeve tona zhvillimore, jemi n\u00eb k\u00ebrkim t\u00eb nj\u00eb Zyrtari p\u00ebr Financa dhe Administrat\u00eb. P\u00ebrshkrimi i pun\u00ebs:Zyrtari Financiar dhe Administrativ do t\u00eb ket\u00eb [&hellip;]\" \/>\n<meta property=\"og:url\" content=\"http:\/\/alcedrix.com\/sq\/zyrtar-financiar-dhe-administrativ\/\" \/>\n<meta property=\"og:site_name\" content=\"Alcedrix\" \/>\n<meta property=\"article:publisher\" content=\"https:\/\/www.facebook.com\/alcedrix\" \/>\n<meta property=\"article:modified_time\" content=\"2025-05-13T13:01:19+00:00\" \/>\n<meta property=\"og:image\" content=\"https:\/\/s.w.org\/images\/core\/emoji\/15.0.3\/svg\/2705.svg\" \/>\n<meta name=\"twitter:card\" content=\"summary_large_image\" \/>\n<meta name=\"twitter:label1\" content=\"Est. reading time\" \/>\n\t<meta name=\"twitter:data1\" content=\"3 minuta\" \/>\n<script type=\"application\/ld+json\" class=\"yoast-schema-graph\">{\"@context\":\"https:\/\/schema.org\",\"@graph\":[{\"@type\":\"WebPage\",\"@id\":\"http:\/\/alcedrix.com\/sq\/zyrtar-financiar-dhe-administrativ\/\",\"url\":\"http:\/\/alcedrix.com\/sq\/zyrtar-financiar-dhe-administrativ\/\",\"name\":\"Zyrtar Financiar dhe Administrativ (1 pozit\u00eb) - Alcedrix\",\"isPartOf\":{\"@id\":\"https:\/\/alcedrix.com\/#website\"},\"primaryImageOfPage\":{\"@id\":\"http:\/\/alcedrix.com\/sq\/zyrtar-financiar-dhe-administrativ\/#primaryimage\"},\"image\":{\"@id\":\"http:\/\/alcedrix.com\/sq\/zyrtar-financiar-dhe-administrativ\/#primaryimage\"},\"thumbnailUrl\":\"https:\/\/s.w.org\/images\/core\/emoji\/15.0.3\/svg\/2705.svg\",\"datePublished\":\"2025-05-12T08:55:08+00:00\",\"dateModified\":\"2025-05-13T13:01:19+00:00\",\"breadcrumb\":{\"@id\":\"http:\/\/alcedrix.com\/sq\/zyrtar-financiar-dhe-administrativ\/#breadcrumb\"},\"inLanguage\":\"sq\",\"potentialAction\":[{\"@type\":\"ReadAction\",\"target\":[\"http:\/\/alcedrix.com\/sq\/zyrtar-financiar-dhe-administrativ\/\"]}]},{\"@type\":\"ImageObject\",\"inLanguage\":\"sq\",\"@id\":\"http:\/\/alcedrix.com\/sq\/zyrtar-financiar-dhe-administrativ\/#primaryimage\",\"url\":\"https:\/\/s.w.org\/images\/core\/emoji\/15.0.3\/svg\/2705.svg\",\"contentUrl\":\"https:\/\/s.w.org\/images\/core\/emoji\/15.0.3\/svg\/2705.svg\"},{\"@type\":\"BreadcrumbList\",\"@id\":\"http:\/\/alcedrix.com\/sq\/zyrtar-financiar-dhe-administrativ\/#breadcrumb\",\"itemListElement\":[{\"@type\":\"ListItem\",\"position\":1,\"name\":\"Home\",\"item\":\"https:\/\/alcedrix.com\/\"},{\"@type\":\"ListItem\",\"position\":2,\"name\":\"Zyrtar Financiar dhe Administrativ (1 pozit\u00eb)\"}]},{\"@type\":\"WebSite\",\"@id\":\"https:\/\/alcedrix.com\/#website\",\"url\":\"https:\/\/alcedrix.com\/\",\"name\":\"Alcedrix\",\"description\":\"Alcedrix\",\"publisher\":{\"@id\":\"https:\/\/alcedrix.com\/#organization\"},\"potentialAction\":[{\"@type\":\"SearchAction\",\"target\":{\"@type\":\"EntryPoint\",\"urlTemplate\":\"https:\/\/alcedrix.com\/?s={search_term_string}\"},\"query-input\":{\"@type\":\"PropertyValueSpecification\",\"valueRequired\":true,\"valueName\":\"search_term_string\"}}],\"inLanguage\":\"sq\"},{\"@type\":\"Organization\",\"@id\":\"https:\/\/alcedrix.com\/#organization\",\"name\":\"Alcedrix\",\"url\":\"https:\/\/alcedrix.com\/\",\"logo\":{\"@type\":\"ImageObject\",\"inLanguage\":\"sq\",\"@id\":\"https:\/\/alcedrix.com\/#\/schema\/logo\/image\/\",\"url\":\"http:\/\/3.126.27.25\/wp-content\/uploads\/2023\/08\/logo-web.png\",\"contentUrl\":\"http:\/\/3.126.27.25\/wp-content\/uploads\/2023\/08\/logo-web.png\",\"width\":492,\"height\":93,\"caption\":\"Alcedrix\"},\"image\":{\"@id\":\"https:\/\/alcedrix.com\/#\/schema\/logo\/image\/\"},\"sameAs\":[\"https:\/\/www.facebook.com\/alcedrix\",\"https:\/\/www.instagram.com\/alcedrix\"]}]}<\/script>\n<!-- \/ Yoast SEO plugin. -->","yoast_head_json":{"title":"Zyrtar Financiar dhe Administrativ (1 pozit\u00eb) - Alcedrix","robots":{"index":"index","follow":"follow","max-snippet":"max-snippet:-1","max-image-preview":"max-image-preview:large","max-video-preview":"max-video-preview:-1"},"canonical":"http:\/\/alcedrix.com\/sq\/zyrtar-financiar-dhe-administrativ\/","og_locale":"sq_AL","og_type":"article","og_title":"Zyrtar Financiar dhe Administrativ (1 pozit\u00eb) - Alcedrix","og_description":"Zyrtar\/e Financiar dhe Administrativ (1 pozit\u00eb) &#8211; Prishtin\u00eb Alcedrix \u00ebsht\u00eb kompani me seli n\u00eb Prishtin\u00eb q\u00eb merret me shp\u00ebrndarje dhe marketing t\u00eb produkteve parafarmaceutike si suplemente ushqimore dhe produkte kozmetike. Si pjes\u00eb e planeve tona zhvillimore, jemi n\u00eb k\u00ebrkim t\u00eb nj\u00eb Zyrtari p\u00ebr Financa dhe Administrat\u00eb. P\u00ebrshkrimi i pun\u00ebs:Zyrtari Financiar dhe Administrativ do t\u00eb ket\u00eb [&hellip;]","og_url":"http:\/\/alcedrix.com\/sq\/zyrtar-financiar-dhe-administrativ\/","og_site_name":"Alcedrix","article_publisher":"https:\/\/www.facebook.com\/alcedrix","article_modified_time":"2025-05-13T13:01:19+00:00","og_image":[{"url":"https:\/\/s.w.org\/images\/core\/emoji\/15.0.3\/svg\/2705.svg"}],"twitter_card":"summary_large_image","twitter_misc":{"Est. reading time":"3 minuta"},"schema":{"@context":"https:\/\/schema.org","@graph":[{"@type":"WebPage","@id":"http:\/\/alcedrix.com\/sq\/zyrtar-financiar-dhe-administrativ\/","url":"http:\/\/alcedrix.com\/sq\/zyrtar-financiar-dhe-administrativ\/","name":"Zyrtar Financiar dhe Administrativ (1 pozit\u00eb) - Alcedrix","isPartOf":{"@id":"https:\/\/alcedrix.com\/#website"},"primaryImageOfPage":{"@id":"http:\/\/alcedrix.com\/sq\/zyrtar-financiar-dhe-administrativ\/#primaryimage"},"image":{"@id":"http:\/\/alcedrix.com\/sq\/zyrtar-financiar-dhe-administrativ\/#primaryimage"},"thumbnailUrl":"https:\/\/s.w.org\/images\/core\/emoji\/15.0.3\/svg\/2705.svg","datePublished":"2025-05-12T08:55:08+00:00","dateModified":"2025-05-13T13:01:19+00:00","breadcrumb":{"@id":"http:\/\/alcedrix.com\/sq\/zyrtar-financiar-dhe-administrativ\/#breadcrumb"},"inLanguage":"sq","potentialAction":[{"@type":"ReadAction","target":["http:\/\/alcedrix.com\/sq\/zyrtar-financiar-dhe-administrativ\/"]}]},{"@type":"ImageObject","inLanguage":"sq","@id":"http:\/\/alcedrix.com\/sq\/zyrtar-financiar-dhe-administrativ\/#primaryimage","url":"https:\/\/s.w.org\/images\/core\/emoji\/15.0.3\/svg\/2705.svg","contentUrl":"https:\/\/s.w.org\/images\/core\/emoji\/15.0.3\/svg\/2705.svg"},{"@type":"BreadcrumbList","@id":"http:\/\/alcedrix.com\/sq\/zyrtar-financiar-dhe-administrativ\/#breadcrumb","itemListElement":[{"@type":"ListItem","position":1,"name":"Home","item":"https:\/\/alcedrix.com\/"},{"@type":"ListItem","position":2,"name":"Zyrtar Financiar dhe Administrativ (1 pozit\u00eb)"}]},{"@type":"WebSite","@id":"https:\/\/alcedrix.com\/#website","url":"https:\/\/alcedrix.com\/","name":"Alcedrix","description":"Alcedrix","publisher":{"@id":"https:\/\/alcedrix.com\/#organization"},"potentialAction":[{"@type":"SearchAction","target":{"@type":"EntryPoint","urlTemplate":"https:\/\/alcedrix.com\/?s={search_term_string}"},"query-input":{"@type":"PropertyValueSpecification","valueRequired":true,"valueName":"search_term_string"}}],"inLanguage":"sq"},{"@type":"Organization","@id":"https:\/\/alcedrix.com\/#organization","name":"Alcedrix","url":"https:\/\/alcedrix.com\/","logo":{"@type":"ImageObject","inLanguage":"sq","@id":"https:\/\/alcedrix.com\/#\/schema\/logo\/image\/","url":"http:\/\/3.126.27.25\/wp-content\/uploads\/2023\/08\/logo-web.png","contentUrl":"http:\/\/3.126.27.25\/wp-content\/uploads\/2023\/08\/logo-web.png","width":492,"height":93,"caption":"Alcedrix"},"image":{"@id":"https:\/\/alcedrix.com\/#\/schema\/logo\/image\/"},"sameAs":["https:\/\/www.facebook.com\/alcedrix","https:\/\/www.instagram.com\/alcedrix"]}]}},"_links":{"self":[{"href":"http:\/\/alcedrix.com\/sq\/wp-json\/wp\/v2\/pages\/10166"}],"collection":[{"href":"http:\/\/alcedrix.com\/sq\/wp-json\/wp\/v2\/pages"}],"about":[{"href":"http:\/\/alcedrix.com\/sq\/wp-json\/wp\/v2\/types\/page"}],"author":[{"embeddable":true,"href":"http:\/\/alcedrix.com\/sq\/wp-json\/wp\/v2\/users\/1"}],"replies":[{"embeddable":true,"href":"http:\/\/alcedrix.com\/sq\/wp-json\/wp\/v2\/comments?post=10166"}],"version-history":[{"count":14,"href":"http:\/\/alcedrix.com\/sq\/wp-json\/wp\/v2\/pages\/10166\/revisions"}],"predecessor-version":[{"id":10224,"href":"http:\/\/alcedrix.com\/sq\/wp-json\/wp\/v2\/pages\/10166\/revisions\/10224"}],"wp:attachment":[{"href":"http:\/\/alcedrix.com\/sq\/wp-json\/wp\/v2\/media?parent=10166"}],"curies":[{"name":"wp","href":"https:\/\/api.w.org\/{rel}","templated":true}]}}